{"id":23473,"date":"2025-05-26T10:24:18","date_gmt":"2025-05-26T08:24:18","guid":{"rendered":"https:\/\/www.ferberpainting.com\/products\/fryer-cleaner\/"},"modified":"2026-02-15T16:47:13","modified_gmt":"2026-02-15T15:47:13","slug":"fryer-cleaner","status":"publish","type":"product","link":"https:\/\/www.ferberpainting.com\/cz\/products\/fryer-cleaner\/","title":{"rendered":"\u010cisti\u010d frit\u00e9zy"},"content":{"rendered":"<p><strong><img decoding=\"async\" style=\"margin-right: 12px;\" src=\"https:\/\/www.ferberpainting.com\/wp-content\/uploads\/2026\/02\/Check.svg\" alt=\"\" width=\"18\" height=\"15\" \/>Hloubkov\u011b vy\u010dist\u011bte frit\u00e9zu a obnovte jej\u00ed optim\u00e1ln\u00ed v\u00fdkon jedn\u00edm kompletn\u00edm o\u0161et\u0159en\u00edm.<\/strong> N\u00e1\u0161 \u010distic\u00ed prost\u0159edek na frit\u00e9zy je speci\u00e1ln\u011b vyvinut\u00fd k odstran\u011bn\u00ed odoln\u00e9ho tuku, zuhelnat\u011bl\u00fdch zbytk\u016f oleje a p\u0159ip\u00e1len\u00fdch usazenin z komer\u010dn\u00edch i dom\u00e1c\u00edch frit\u00e9z. S pouh\u00fdmi 250 ml m\u016f\u017eete d\u016fkladn\u011b vy\u010distit jednu celou frit\u00e9zu, obnovit \u010distotu, zlep\u0161it hygienu a pomoci udr\u017eet efektivn\u00ed v\u00fdkon oh\u0159evu. Je navr\u017een tak, aby rychle a \u00fa\u010dinn\u011b rozkl\u00e1dal siln\u00e9 n\u00e1nosy tuku, tak\u017ee \u00fadr\u017eba frit\u00e9zy je jednoduch\u00e1 a spolehliv\u00e1.<\/p>\n<p><strong><img decoding=\"async\" style=\"margin-right: 12px;\" src=\"https:\/\/www.ferberpainting.com\/wp-content\/uploads\/2026\/02\/Check.svg\" alt=\"\" width=\"18\" height=\"15\" \/>Nej\u00fa\u010dinn\u011bj\u0161\u00ed \u0159e\u0161en\u00ed pro \u010di\u0161t\u011bn\u00ed frit\u00e9z na trhu.<\/strong> Tento \u010distic\u00ed prost\u0159edek, jeho\u017e sou\u010d\u00e1st\u00ed jsou siln\u00e9 odma\u0161\u0165ovac\u00ed l\u00e1tky, pronik\u00e1 do siln\u00fdch p\u0159ipe\u010den\u00fdch zbytk\u016f, kter\u00e9 se hromad\u00ed b\u011bhem opakovan\u00fdch fritovac\u00edch cykl\u016f. Rozpou\u0161t\u00ed ztvrdl\u00e9 olejov\u00e9 vrstvy a karbonov\u00e9 usazeniny mnohem \u00fa\u010dinn\u011bji ne\u017e b\u011b\u017en\u00e9 \u010distic\u00ed prost\u0159edky nebo univerz\u00e1ln\u00ed kuchy\u0148sk\u00e9 \u010disti\u010de. V\u00fdsledkem je viditeln\u011b \u010dist\u0161\u00ed frit\u00e9za s men\u0161\u00ed n\u00e1mahou p\u0159i drhnut\u00ed a v\u00fdsledky na profesion\u00e1ln\u00ed \u00farovni.<\/p>\n<p><strong><img decoding=\"async\" style=\"margin-right: 12px;\" src=\"https:\/\/www.ferberpainting.com\/wp-content\/uploads\/2026\/02\/Check.svg\" alt=\"\" width=\"18\" height=\"15\" \/>Z\u00e1ruka vr\u00e1cen\u00ed pen\u011bz pro naprost\u00fd klid.<\/strong> Jsme si pln\u011b jisti v\u00fdkonem a pevnost\u00ed na\u0161eho \u010disti\u010de frit\u00e9z. Pokud nebudete s v\u00fdsledky \u010di\u0161t\u011bn\u00ed zcela spokojeni, vr\u00e1t\u00edme v\u00e1m pen\u00edze za n\u00e1kup. Na\u0161e z\u00e1ruka vr\u00e1cen\u00ed pen\u011bz zaji\u0161\u0165uje, \u017ee va\u0161e investice je zcela bez rizika, a odr\u00e1\u017e\u00ed n\u00e1\u0161 z\u00e1vazek poskytovat spolehliv\u00fd a profesion\u00e1ln\u00ed \u010distic\u00ed v\u00fdkon.<\/p>\n<p><strong><img decoding=\"async\" style=\"margin-right: 12px;\" src=\"https:\/\/www.ferberpainting.com\/wp-content\/uploads\/2026\/02\/Check.svg\" alt=\"\" width=\"18\" height=\"15\" \/>Nejlevn\u011bj\u0161\u00ed vysoce v\u00fdkonn\u00fd \u010disti\u010d frit\u00e9z.<\/strong> Profesion\u00e1ln\u00ed \u00fadr\u017eba kuchyn\u011b nemus\u00ed zahrnovat drah\u00e9 \u00faklidov\u00e9 slu\u017eby nebo p\u0159edra\u017een\u00e9 speci\u00e1ln\u00ed produkty. N\u00e1\u0161 \u010disti\u010d frit\u00e9z nab\u00edz\u00ed prvot\u0159\u00eddn\u00ed odma\u0161\u0165ovac\u00ed v\u00fdkon za nejkonkurenceschopn\u011bj\u0161\u00ed cenu na trhu. S objemem 250 ml, kter\u00fd je schopen vy\u010distit jednu kompletn\u00ed frit\u00e9zu, poskytuje vynikaj\u00edc\u00ed hospod\u00e1rnost a vynikaj\u00edc\u00ed hodnotu.<\/p>\n<p><strong><img decoding=\"async\" style=\"margin-right: 12px;\" src=\"https:\/\/www.ferberpainting.com\/wp-content\/uploads\/2026\/02\/Check.svg\" alt=\"\" width=\"18\" height=\"15\" \/>Rychl\u00e1 dod\u00e1vka 24 hodin denn\u011b pro nep\u0159etr\u017eit\u00fd provoz kuchyn\u011b.<\/strong> V komer\u010dn\u00edch kuchyn\u00edch jsou prostoje n\u00e1kladn\u00e9. Proto poskytujeme spolehliv\u00e9 dod\u00e1vky 24 hodin denn\u011b a zaji\u0161\u0165ujeme, \u017ee v\u00e1\u0161 \u010disti\u010d frit\u00e9z doraz\u00ed rychle, abyste mohli dodr\u017eovat hygienick\u00e9 standardy bez naru\u0161en\u00ed provozu. Stejn\u011b v\u00fdhodn\u00e9 je to i pro dom\u00e1c\u00ed u\u017eivatele, kte\u0159\u00ed pot\u0159ebuj\u00ed okam\u017eit\u00e9 \u0159e\u0161en\u00ed \u010di\u0161t\u011bn\u00ed.<\/p>\n<p><strong><img decoding=\"async\" style=\"margin-right: 12px;\" src=\"https:\/\/www.ferberpainting.com\/wp-content\/uploads\/2026\/02\/Check.svg\" alt=\"\" width=\"18\" height=\"15\" \/>250 ml s p\u0159esn\u00fdm slo\u017een\u00edm pro \u010di\u0161t\u011bn\u00ed jedn\u00e9 pln\u00e9 frit\u00e9zy.<\/strong> Ka\u017ed\u00e1 250ml d\u00e1vka je navr\u017eena tak, aby poskytovala optim\u00e1ln\u00ed d\u00e1vku pro \u010di\u0161t\u011bn\u00ed jedn\u00e9 frit\u00e9zy. Toto p\u0159esn\u00e9 slo\u017een\u00ed odstra\u0148uje dohady a zaji\u0161\u0165uje, \u017ee je pou\u017eito spr\u00e1vn\u00e9 mno\u017estv\u00ed \u010distic\u00ed s\u00edly pro maxim\u00e1ln\u00ed \u00fa\u010dinnost a d\u016fkladn\u00e9 odstran\u011bn\u00ed zbytk\u016f.<\/p>\n<p><strong><img decoding=\"async\" style=\"margin-right: 12px;\" src=\"https:\/\/www.ferberpainting.com\/wp-content\/uploads\/2026\/02\/Check.svg\" alt=\"\" width=\"18\" height=\"15\" \/>Odstra\u0148uje silnou mastnotu, karbonov\u00e9 usazeniny a n\u00e1nosy oleje.<\/strong> Frit\u00e9zy jsou vystaveny extr\u00e9mn\u00edm teplot\u00e1m a opakovan\u00e9mu pou\u017e\u00edv\u00e1n\u00ed oleje, co\u017e vede k \u00faporn\u00e9mu hromad\u011bn\u00ed sp\u00e1len\u00fdch zbytk\u016f. Tento \u010distic\u00ed prost\u0159edek rozpou\u0161t\u00ed siln\u00e9 vrstvy mastnoty, zm\u011bk\u010duje zuhelnat\u011bl\u00e9 usazeniny a pom\u00e1h\u00e1 obnovit kovov\u00e9 povrchy do \u010dist\u00e9ho a hygienick\u00e9ho stavu.<\/p>\n<p><strong><img decoding=\"async\" style=\"margin-right: 12px;\" src=\"https:\/\/www.ferberpainting.com\/wp-content\/uploads\/2026\/02\/Check.svg\" alt=\"\" width=\"18\" height=\"15\" \/>Zlep\u0161uje \u00fa\u010dinnost frit\u00e9zy a kvalitu oleje.<\/strong> Pravideln\u00e9 \u010di\u0161t\u011bn\u00ed t\u00edmto p\u0159\u00edpravkem pom\u00e1h\u00e1 p\u0159edch\u00e1zet usazov\u00e1n\u00ed zbytk\u016f, kter\u00e9 mohou ovlivnit \u00fa\u010dinnost vyt\u00e1p\u011bn\u00ed a v\u00fdkon oleje. Udr\u017eov\u00e1n\u00edm \u010dist\u00e9ho vnit\u0159n\u00edho povrchu se frit\u00e9za oh\u0159\u00edv\u00e1 rovnom\u011brn\u011bji a sni\u017euje se zne\u010di\u0161t\u011bn\u00ed \u010derstv\u00e9ho oleje, co\u017e p\u0159isp\u00edv\u00e1 k lep\u0161\u00ed kvalit\u011b potravin a del\u0161\u00ed \u017eivotnosti oleje.<\/p>\n<p><strong><img decoding=\"async\" style=\"margin-right: 12px;\" src=\"https:\/\/www.ferberpainting.com\/wp-content\/uploads\/2026\/02\/Check.svg\" alt=\"\" width=\"18\" height=\"15\" \/>Vhodn\u00e9 pro komer\u010dn\u00ed i dom\u00e1c\u00ed frit\u00e9zy.<\/strong> Tento \u010disti\u010d frit\u00e9z je ide\u00e1ln\u00ed pro restaurace, rychl\u00e9 ob\u010derstven\u00ed, cateringov\u00e9 slu\u017eby, kamiony s j\u00eddlem a dom\u00e1c\u00ed kuchyn\u011b. \u00da\u010dinn\u011b p\u016fsob\u00ed na nerezov\u00e9 fritovac\u00ed ko\u0161e, topn\u00e1 t\u011blesa, vnit\u0159n\u00ed st\u011bny a n\u00e1doby na olej.<\/p>\n<p><strong><img decoding=\"async\" style=\"margin-right: 12px;\" src=\"https:\/\/www.ferberpainting.com\/wp-content\/uploads\/2026\/02\/Check.svg\" alt=\"\" width=\"18\" height=\"15\" \/>Sni\u017euje n\u00e1mahu p\u0159i drhnut\u00ed a dobu \u010di\u0161t\u011bn\u00ed.<\/strong> Pokro\u010dil\u00e9 slo\u017een\u00ed je navr\u017eeno tak, aby chemicky rozkl\u00e1dalo mastnotu a minimalizovalo pot\u0159ebu agresivn\u00edho mechanick\u00e9ho drhnut\u00ed. T\u00edm se sni\u017euje \u010das \u010di\u0161t\u011bn\u00ed, pracovn\u00ed \u00fasil\u00ed a potenci\u00e1ln\u00ed po\u0161kozen\u00ed povrchu, tak\u017ee \u00fadr\u017eba je bezpe\u010dn\u011bj\u0161\u00ed a efektivn\u011bj\u0161\u00ed.<\/p>\n<h2><strong>Pokyny<\/strong><\/h2>\n<ul>\n<li>P\u0159ed zah\u00e1jen\u00edm \u010di\u0161t\u011bn\u00ed se ujist\u011bte, \u017ee je frit\u00e9za vypnut\u00e1, odpojen\u00e1 od s\u00edt\u011b a zcela vychladl\u00e1.<\/li>\n<li>Vypus\u0165te z frit\u00e9zy ve\u0161ker\u00fd olej a pou\u017eit\u00fd olej zlikvidujte v souladu s m\u00edstn\u00edmi p\u0159edpisy.<\/li>\n<li>Odstra\u0148te odn\u00edmateln\u00e9 \u010d\u00e1sti, jako jsou ko\u0161e a z\u00e1sobn\u00edky.<\/li>\n<li>Odm\u011b\u0159te 250 ml \u010disti\u010de frit\u00e9zy na jednu kompletn\u00ed fritovac\u00ed jednotku. Ne\u0159e\u010fte, pokud to nen\u00ed stanoveno provozn\u00edmi preferencemi.<\/li>\n<li>Rovnom\u011brn\u011b naneste \u010distic\u00ed prost\u0159edek na vnit\u0159n\u00ed povrchy frit\u00e9zy a zam\u011b\u0159te se na m\u00edsta se siln\u00fdm n\u00e1nosem tuku.<\/li>\n<li>Na odn\u00edmateln\u00e9 sou\u010d\u00e1sti, jako jsou ko\u0161e, aplikujte \u010distic\u00ed prost\u0159edek p\u0159\u00edmo a zajist\u011bte jeho pln\u00e9 pokryt\u00ed.<\/li>\n<li>Nechte p\u0159\u00edpravek p\u016fsobit po doporu\u010denou dobu kontaktu, aby se rozpustily usazeniny mastnoty a karbonu.<\/li>\n<li>Po dostate\u010dn\u00e9 dob\u011b p\u016fsoben\u00ed povrch jemn\u011b vydrhn\u011bte neabrazivn\u00edm kart\u00e1\u010dem nebo houbou, abyste pomohli odstranit uvoln\u011bn\u00e9 zbytky.<\/li>\n<li>D\u016fkladn\u011b opl\u00e1chn\u011bte \u010distou vodou, abyste odstranili ve\u0161ker\u00fd \u010distic\u00ed roztok a rozpu\u0161t\u011bnou mastnotu. P\u0159ed dopln\u011bn\u00edm oleje se ujist\u011bte, \u017ee nez\u016fstaly \u017e\u00e1dn\u00e9 zbytky.<\/li>\n<li>P\u0159ed op\u011btovnou mont\u00e1\u017e\u00ed a dopln\u011bn\u00edm \u010derstv\u00e9ho oleje frit\u00e9zu zcela vysu\u0161te.<\/li>\n<li>U siln\u011b karbonizovan\u00fdch povrch\u016f m\u016f\u017ee b\u00fdt nutn\u00e1 druh\u00e1 aplikace.<\/li>\n<li>Po pou\u017eit\u00ed d\u016fkladn\u011b o\u010dist\u011bte aplika\u010dn\u00ed n\u00e1\u0159ad\u00ed a p\u0159\u00edpravek skladujte na chladn\u00e9m a such\u00e9m m\u00edst\u011b s t\u011bsn\u011b uzav\u0159en\u00fdm obalem.<\/li>\n<li>P\u0159i \u010di\u0161t\u011bn\u00ed zajist\u011bte \u0159\u00e1dn\u00e9 v\u011btr\u00e1n\u00ed a zabra\u0148te kontaktu s poko\u017ekou a o\u010dima. P\u0159i aplikaci pou\u017e\u00edvejte vhodn\u00e9 ochrann\u00e9 rukavice.<\/li>\n<\/ul>","protected":false},"excerpt":{"rendered":"<p>Deep clean your fryer and restore optimal performance with one complete treatment. Our fryer cleaner is specially formulated to remove stubborn grease, carbonized oil residues, and burnt food deposits from commercial and domestic fryers. With just 250 ml, you can thoroughly clean one full fryer unit, restoring cleanliness, improving hygiene, and helping maintain efficient heating [&hellip;]<\/p>\n","protected":false},"featured_media":25999,"comment_status":"open","ping_status":"closed","template":"","meta":{"_uag_custom_page_level_css":"","site-sidebar-layout":"default","site-content-layout":"","ast-site-content-layout":"default","site-content-style":"default","site-sidebar-style":"default","ast-global-header-display":"","ast-banner-title-visibility":"","ast-main-header-display":"","ast-hfb-above-header-display":"","ast-hfb-below-header-display":"","ast-hfb-mobile-header-display":"","site-post-title":"","ast-breadcrumbs-content":"","ast-featured-img":"","footer-sml-layout":"","ast-disable-related-posts":"","theme-transparent-header-meta":"default","adv-header-id-meta":"","stick-header-meta":"","header-above-stick-meta":"","header-main-stick-meta":"","header-below-stick-meta":"","astra-migrate-meta-layouts":"set","ast-page-background-enabled":"default","ast-page-background-meta":{"desktop":{"background-color":"var(--ast-global-color-4)","background-image":"","background-repeat":"repeat","background-position":"center center","background-size":"auto","background-attachment":"scroll","background-type":"","background-media":"","overlay-type":"","overlay-color":"","overlay-opacity":"","overlay-gradient":""},"tablet":{"background-color":"","background-image":"","background-repeat":"repeat","background-position":"center center","background-size":"auto","background-attachment":"scroll","background-type":"","background-media":"","overlay-type":"","overlay-color":"","overlay-opacity":"","overlay-gradient":""},"mobile":{"background-color":"","background-image":"","background-repeat":"repeat","background-position":"center center","background-size":"auto","background-attachment":"scroll","background-type":"","background-media":"","overlay-type":"","overlay-color":"","overlay-opacity":"","overlay-gradient":""}},"ast-content-background-meta":{"desktop":{"background-color":"var(--ast-global-color-5)","background-image":"","background-repeat":"repeat","background-position":"center center","background-size":"auto","background-attachment":"scroll","background-type":"","background-media":"","overlay-type":"","overlay-color":"","overlay-opacity":"","overlay-gradient":""},"tablet":{"background-color":"var(--ast-global-color-5)","background-image":"","background-repeat":"repeat","background-position":"center center","background-size":"auto","background-attachment":"scroll","background-type":"","background-media":"","overlay-type":"","overlay-color":"","overlay-opacity":"","overlay-gradient":""},"mobile":{"background-color":"var(--ast-global-color-5)","background-image":"","background-repeat":"repeat","background-position":"center center","background-size":"auto","background-attachment":"scroll","background-type":"","background-media":"","overlay-type":"","overlay-color":"","overlay-opacity":"","overlay-gradient":""}}},"product_brand":[],"product_cat":[175],"product_tag":[],"class_list":{"0":"post-23473","1":"product","2":"type-product","3":"status-publish","4":"has-post-thumbnail","6":"product_cat-cleaning-products","7":"desktop-align-left","8":"tablet-align-left","9":"mobile-align-left","11":"first","12":"instock","13":"sale","14":"taxable","15":"shipping-taxable","16":"purchasable","17":"product-type-variable","18":"has-default-attributes"},"spectra_custom_meta":{"_visibility":["visible"],"_shopify_product_id":["8051369771253"],"_s2w_shopify_domain":["ferberpainting.myshopify.com"],"_shopify_variant_id":["43849081094389"],"_sku":[""],"_manage_stock":["no"],"total_sales":["28"],"_tax_status":["taxable"],"_tax_class":[""],"_backorders":["no"],"_sold_individually":["no"],"_virtual":["no"],"_downloadable":["no"],"_download_limit":["-1"],"_download_expiry":["-1"],"_stock":[null],"_stock_status":["instock"],"_wc_average_rating":["5.00"],"_wc_review_count":["72"],"_product_attributes":["a:1:{s:6:\"volume\";a:6:{s:4:\"name\";s:6:\"Volume\";s:5:\"value\";s:20:\"5 liters | 25 liters\";s:8:\"position\";i:1;s:10:\"is_visible\";i:0;s:12:\"is_variation\";i:1;s:11:\"is_taxonomy\";i:0;}}"],"_product_version":["10.5.1"],"_thumbnail_id":["25999"],"_price":["29.90","129.90"],"_product_image_gallery":["26000"],"merchant-center-availability":["yes"],"merchant-center-category":["4978"],"merchant-center-id":["NF5L"],"wpse_downloadable_file_names":[""],"wpse_downloadable_file_urls":[""],"_edit_last":["1"],"_default_attributes":["a:1:{s:6:\"volume\";s:8:\"5 liters\";}"],"_wc_rating_count":["a:1:{i:5;i:72;}"],"_edit_lock":["1771170293:1"],"_wp_page_template":["default"],"site-sidebar-layout":["default"],"ast-site-content-layout":["default"],"site-content-style":["default"],"site-sidebar-style":["default"],"theme-transparent-header-meta":["default"],"astra-migrate-meta-layouts":["set"],"_uag_css_file_name":["uag-css-23473.css"],"_elementor_page_assets":["a:0:{}"],"_uag_page_assets":["a:9:{s:3:\"css\";s:7133:\".uag-blocks-common-selector{z-index:var(--z-index-desktop) !important}@media(max-width: 976px){.uag-blocks-common-selector{z-index:var(--z-index-tablet) !important}}@media(max-width: 767px){.uag-blocks-common-selector{z-index:var(--z-index-mobile) !important}}.wp-block-uagb-image{display:flex}.wp-block-uagb-image__figure{position:relative;display:flex;flex-direction:column;max-width:100%;height:auto;margin:0}.wp-block-uagb-image__figure img{height:auto;display:flex;max-width:100%;transition:box-shadow .2s ease}.wp-block-uagb-image__figure>a{display:inline-block}.wp-block-uagb-image__figure figcaption{text-align:center;margin-top:.5em;margin-bottom:1em}.wp-block-uagb-image .components-placeholder.block-editor-media-placeholder .components-placeholder__instructions{align-self:center}.wp-block-uagb-image--align-left{text-align:left}.wp-block-uagb-image--align-right{text-align:right}.wp-block-uagb-image--align-center{text-align:center}.wp-block-uagb-image--align-full .wp-block-uagb-image__figure{margin-left:calc(50% - 50vw);margin-right:calc(50% - 50vw);max-width:100vw;width:100vw;height:auto}.wp-block-uagb-image--align-full .wp-block-uagb-image__figure img{height:auto;width:100% !important}.wp-block-uagb-image--align-wide .wp-block-uagb-image__figure img{height:auto;width:100%}.wp-block-uagb-image--layout-overlay__color-wrapper{position:absolute;left:0;top:0;right:0;bottom:0;opacity:.2;background:rgba(0,0,0,.5);transition:opacity .35s ease-in-out}.wp-block-uagb-image--layout-overlay-link{position:absolute;left:0;right:0;bottom:0;top:0}.wp-block-uagb-image--layout-overlay .wp-block-uagb-image__figure:hover .wp-block-uagb-image--layout-overlay__color-wrapper{opacity:1}.wp-block-uagb-image--layout-overlay__inner{position:absolute;left:15px;right:15px;bottom:15px;top:15px;display:flex;align-items:center;justify-content:center;flex-direction:column;border-color:#fff;transition:.35s ease-in-out}.wp-block-uagb-image--layout-overlay__inner.top-left,.wp-block-uagb-image--layout-overlay__inner.top-center,.wp-block-uagb-image--layout-overlay__inner.top-right{justify-content:flex-start}.wp-block-uagb-image--layout-overlay__inner.bottom-left,.wp-block-uagb-image--layout-overlay__inner.bottom-center,.wp-block-uagb-image--layout-overlay__inner.bottom-right{justify-content:flex-end}.wp-block-uagb-image--layout-overlay__inner.top-left,.wp-block-uagb-image--layout-overlay__inner.center-left,.wp-block-uagb-image--layout-overlay__inner.bottom-left{align-items:flex-start}.wp-block-uagb-image--layout-overlay__inner.top-right,.wp-block-uagb-image--layout-overlay__inner.center-right,.wp-block-uagb-image--layout-overlay__inner.bottom-right{align-items:flex-end}.wp-block-uagb-image--layout-overlay__inner .uagb-image-heading{color:#fff;transition:transform .35s,opacity .35s ease-in-out;transform:translate3d(0, 24px, 0);margin:0;line-height:1em}.wp-block-uagb-image--layout-overlay__inner .uagb-image-separator{width:30%;border-top-width:2px;border-top-color:#fff;border-top-style:solid;margin-bottom:10px;opacity:0;transition:transform .4s,opacity .4s ease-in-out;transform:translate3d(0, 30px, 0)}.wp-block-uagb-image--layout-overlay__inner .uagb-image-caption{opacity:0;overflow:visible;color:#fff;transition:transform .45s,opacity .45s ease-in-out;transform:translate3d(0, 35px, 0)}.wp-block-uagb-image--layout-overlay__inner:hover .uagb-image-heading,.wp-block-uagb-image--layout-overlay__inner:hover .uagb-image-separator,.wp-block-uagb-image--layout-overlay__inner:hover .uagb-image-caption{opacity:1;transform:translate3d(0, 0, 0)}.wp-block-uagb-image--effect-zoomin .wp-block-uagb-image__figure img,.wp-block-uagb-image--effect-zoomin .wp-block-uagb-image__figure .wp-block-uagb-image--layout-overlay__color-wrapper{transform:scale(1);transition:transform .35s ease-in-out}.wp-block-uagb-image--effect-zoomin .wp-block-uagb-image__figure:hover img,.wp-block-uagb-image--effect-zoomin .wp-block-uagb-image__figure:hover .wp-block-uagb-image--layout-overlay__color-wrapper{transform:scale(1.05)}.wp-block-uagb-image--effect-slide .wp-block-uagb-image__figure img,.wp-block-uagb-image--effect-slide .wp-block-uagb-image__figure .wp-block-uagb-image--layout-overlay__color-wrapper{width:calc(100% + 40px) !important;max-width:none !important;transform:translate3d(-40px, 0, 0);transition:transform .35s ease-in-out}.wp-block-uagb-image--effect-slide .wp-block-uagb-image__figure:hover img,.wp-block-uagb-image--effect-slide .wp-block-uagb-image__figure:hover .wp-block-uagb-image--layout-overlay__color-wrapper{transform:translate3d(0, 0, 0)}.wp-block-uagb-image--effect-grayscale img{filter:grayscale(0%);transition:.35s ease-in-out}.wp-block-uagb-image--effect-grayscale:hover img{filter:grayscale(100%)}.wp-block-uagb-image--effect-blur img{filter:blur(0);transition:.35s ease-in-out}.wp-block-uagb-image--effect-blur:hover img{filter:blur(3px)}.uagb-block-e6f939b3.wp-block-uagb-image--layout-default figure img{box-shadow: 0px 0px 0 #00000070;}.uagb-block-e6f939b3.wp-block-uagb-image .wp-block-uagb-image__figure figcaption{font-style: normal;align-self: center;}.uagb-block-e6f939b3.wp-block-uagb-image--layout-overlay figure img{box-shadow: 0px 0px 0 #00000070;}.uagb-block-e6f939b3.wp-block-uagb-image--layout-overlay .wp-block-uagb-image--layout-overlay__color-wrapper{opacity: 0.2;}.uagb-block-e6f939b3.wp-block-uagb-image--layout-overlay .wp-block-uagb-image--layout-overlay__inner{left: 15px;right: 15px;top: 15px;bottom: 15px;}.uagb-block-e6f939b3.wp-block-uagb-image--layout-overlay .wp-block-uagb-image--layout-overlay__inner .uagb-image-heading{font-style: normal;color: #fff;opacity: 1;}.uagb-block-e6f939b3.wp-block-uagb-image--layout-overlay .wp-block-uagb-image--layout-overlay__inner .uagb-image-heading a{color: #fff;}.uagb-block-e6f939b3.wp-block-uagb-image--layout-overlay .wp-block-uagb-image--layout-overlay__inner .uagb-image-caption{opacity: 0;}.uagb-block-e6f939b3.wp-block-uagb-image--layout-overlay .wp-block-uagb-image__figure:hover .wp-block-uagb-image--layout-overlay__color-wrapper{opacity: 1;}.uagb-block-e6f939b3.wp-block-uagb-image .wp-block-uagb-image--layout-overlay__inner .uagb-image-separator{width: 30%;border-top-width: 2px;border-top-color: #fff;opacity: 0;}.uagb-block-e6f939b3.wp-block-uagb-image .wp-block-uagb-image__figure img{width: px;height: auto;}.uagb-block-e6f939b3.wp-block-uagb-image .wp-block-uagb-image__figure:hover .wp-block-uagb-image--layout-overlay__inner .uagb-image-caption{opacity: 1;}.uagb-block-e6f939b3.wp-block-uagb-image .wp-block-uagb-image__figure:hover .wp-block-uagb-image--layout-overlay__inner .uagb-image-separator{opacity: 1;}.uagb-block-e6f939b3.wp-block-uagb-image--layout-default figure:hover img{box-shadow: 0px 0px 0 #00000070;}.uagb-block-e6f939b3.wp-block-uagb-image--layout-overlay figure:hover img{box-shadow: 0px 0px 0 #00000070;}@media only screen and (max-width: 976px) {.uagb-block-e6f939b3.wp-block-uagb-image .wp-block-uagb-image__figure img{width: px;height: auto;}}@media only screen and (max-width: 767px) {.uagb-block-e6f939b3.wp-block-uagb-image .wp-block-uagb-image__figure img{width: px;height: auto;}}\";s:2:\"js\";s:0:\"\";s:18:\"current_block_list\";a:13:{i:0;s:11:\"core\/search\";i:1;s:10:\"core\/group\";i:2;s:12:\"core\/heading\";i:3;s:17:\"core\/latest-posts\";i:4;s:20:\"core\/latest-comments\";i:5;s:13:\"core\/archives\";i:6;s:15:\"core\/categories\";i:7;s:14:\"core\/paragraph\";i:8;s:10:\"uagb\/image\";i:9;s:11:\"core\/spacer\";i:10;s:30:\"woocommerce\/product-categories\";i:11;s:10:\"core\/image\";i:12;s:14:\"core\/shortcode\";}s:8:\"uag_flag\";b:1;s:11:\"uag_version\";s:10:\"1777234710\";s:6:\"gfonts\";a:0:{}s:10:\"gfonts_url\";s:0:\"\";s:12:\"gfonts_files\";a:0:{}s:14:\"uag_faq_layout\";b:0;}"]},"uagb_featured_image_src":{"full":["https:\/\/www.ferberpainting.com\/wp-content\/uploads\/2025\/05\/FryerCleaner5L.jpg",2560,2560,false],"thumbnail":["https:\/\/www.ferberpainting.com\/wp-content\/uploads\/2025\/05\/FryerCleaner5L-150x150.jpg",150,150,true],"medium":["https:\/\/www.ferberpainting.com\/wp-content\/uploads\/2025\/05\/FryerCleaner5L-300x300.jpg",300,300,true],"medium_large":["https:\/\/www.ferberpainting.com\/wp-content\/uploads\/2025\/05\/FryerCleaner5L-768x768.jpg",768,768,true],"large":["https:\/\/www.ferberpainting.com\/wp-content\/uploads\/2025\/05\/FryerCleaner5L-1024x1024.jpg",1024,1024,true],"1536x1536":["https:\/\/www.ferberpainting.com\/wp-content\/uploads\/2025\/05\/FryerCleaner5L-1536x1536.jpg",1536,1536,true],"2048x2048":["https:\/\/www.ferberpainting.com\/wp-content\/uploads\/2025\/05\/FryerCleaner5L-2048x2048.jpg",2048,2048,true],"trp-custom-language-flag":["https:\/\/www.ferberpainting.com\/wp-content\/uploads\/2025\/05\/FryerCleaner5L-12x12.jpg",12,12,true],"woocommerce_thumbnail":["https:\/\/www.ferberpainting.com\/wp-content\/uploads\/2025\/05\/FryerCleaner5L-300x300.jpg",300,300,true],"woocommerce_single":["https:\/\/www.ferberpainting.com\/wp-content\/uploads\/2025\/05\/FryerCleaner5L-600x600.jpg",600,600,true],"woocommerce_gallery_thumbnail":["https:\/\/www.ferberpainting.com\/wp-content\/uploads\/2025\/05\/FryerCleaner5L-100x100.jpg",100,100,true]},"uagb_author_info":{"display_name":"admin","author_link":"https:\/\/www.ferberpainting.com\/cz\/author\/"},"uagb_comment_info":72,"uagb_excerpt":"Deep clean your fryer and restore optimal performance with one complete treatment. Our fryer cleaner is specially formulated to remove stubborn grease, carbonized oil residues, and burnt food deposits from commercial and domestic fryers. With just 250 ml, you can thoroughly clean one full fryer unit, restoring cleanliness, improving hygiene, and helping maintain efficient heating&hellip;","_links":{"self":[{"href":"https:\/\/www.ferberpainting.com\/cz\/wp-json\/wp\/v2\/product\/23473","targetHints":{"allow":["GET"]}}],"collection":[{"href":"https:\/\/www.ferberpainting.com\/cz\/wp-json\/wp\/v2\/product"}],"about":[{"href":"https:\/\/www.ferberpainting.com\/cz\/wp-json\/wp\/v2\/types\/product"}],"replies":[{"embeddable":true,"href":"https:\/\/www.ferberpainting.com\/cz\/wp-json\/wp\/v2\/comments?post=23473"}],"version-history":[{"count":4,"href":"https:\/\/www.ferberpainting.com\/cz\/wp-json\/wp\/v2\/product\/23473\/revisions"}],"predecessor-version":[{"id":166284,"href":"https:\/\/www.ferberpainting.com\/cz\/wp-json\/wp\/v2\/product\/23473\/revisions\/166284"}],"wp:featuredmedia":[{"embeddable":true,"href":"https:\/\/www.ferberpainting.com\/cz\/wp-json\/wp\/v2\/media\/25999"}],"wp:attachment":[{"href":"https:\/\/www.ferberpainting.com\/cz\/wp-json\/wp\/v2\/media?parent=23473"}],"wp:term":[{"taxonomy":"product_brand","embeddable":true,"href":"https:\/\/www.ferberpainting.com\/cz\/wp-json\/wp\/v2\/product_brand?post=23473"},{"taxonomy":"product_cat","embeddable":true,"href":"https:\/\/www.ferberpainting.com\/cz\/wp-json\/wp\/v2\/product_cat?post=23473"},{"taxonomy":"product_tag","embeddable":true,"href":"https:\/\/www.ferberpainting.com\/cz\/wp-json\/wp\/v2\/product_tag?post=23473"}],"curies":[{"name":"wp","href":"https:\/\/api.w.org\/{rel}","templated":true}]}}