{"id":23465,"date":"2025-05-26T10:24:15","date_gmt":"2025-05-26T08:24:15","guid":{"rendered":"https:\/\/www.ferberpainting.com\/products\/flowering-plant-fertilizer\/"},"modified":"2026-02-15T14:13:46","modified_gmt":"2026-02-15T13:13:46","slug":"flowering-plant-fertilizer","status":"publish","type":"product","link":"https:\/\/www.ferberpainting.com\/cz\/products\/flowering-plant-fertilizer\/","title":{"rendered":"Hnojivo na kvetouc\u00ed rostliny"},"content":{"rendered":"<p><img decoding=\"async\" style=\"margin-right: 12px;\" src=\"https:\/\/www.ferberpainting.com\/wp-content\/uploads\/2026\/02\/Check.svg\" alt=\"\" width=\"18\" height=\"15\" \/><strong>Speci\u00e1ln\u011b navr\u017een\u00e9 hnojivo na podporu kveten\u00ed.<\/strong>\u00a0Na\u0161e kvetouc\u00ed rostliny pot\u0159ebuj\u00ed vyv\u00e1\u017een\u00fd p\u0159\u00edsun z\u00e1kladn\u00edch \u017eivin, aby kvetly bohat\u011b, \u017eiv\u011b a dlouho. Toto hnojivo NPK 15-15-15 je navr\u017eeno tak, aby stimulovalo r\u016fst stonk\u016f, list\u016f a ko\u0159en\u016f a z\u00e1rove\u0148 podporovalo tvorbu a dlouhov\u011bkost kv\u011bt\u016f. Je vhodn\u00e9 pro v\u0161echny druhy kvetouc\u00edch rostlin, a\u0165 u\u017e jsou pokojov\u00e9, venkovn\u00ed, v kv\u011btin\u00e1\u010d\u00edch nebo zasazen\u00e9 v zemi.<\/p>\n<p><img decoding=\"async\" style=\"margin-right: 12px;\" src=\"https:\/\/www.ferberpainting.com\/wp-content\/uploads\/2026\/02\/Check.svg\" alt=\"\" width=\"18\" height=\"15\" \/><strong>Z\u00e1ruka vr\u00e1cen\u00ed pen\u011bz.<\/strong>\u00a0Toto hnojivo jsme vyvinuli, abychom zajistili viditeln\u00e9 v\u00fdsledky. Pokud i p\u0159es spr\u00e1vnou aplikaci nedojde u va\u0161\u00ed rostliny ke zlep\u0161en\u00ed, slibujeme, \u017ee v\u00e1m vr\u00e1t\u00edme pen\u00edze v pln\u00e9 v\u00fd\u0161i.<\/p>\n<p><img decoding=\"async\" style=\"margin-right: 12px;\" src=\"https:\/\/www.ferberpainting.com\/wp-content\/uploads\/2026\/02\/Check.svg\" alt=\"\" width=\"18\" height=\"15\" \/><strong>Vhodn\u00e9 pro v\u0161echny kvetouc\u00ed rostliny.<\/strong>\u00a0Toto univerz\u00e1ln\u00ed hnojivo je vhodn\u00e9 pro \u0161irokou \u0161k\u00e1lu kvetouc\u00edch rostlin, jako jsou mu\u0161k\u00e1ty, pet\u00fanie, r\u016f\u017ee, hortenzie, levandule, begonie, lilie, ji\u0159iny a mnoho dal\u0161\u00edch. Je tak\u00e9 ide\u00e1ln\u00ed pro zahradn\u00ed kv\u011btiny a rostliny na balkonech a teras\u00e1ch.<\/p>\n<p><img decoding=\"async\" style=\"margin-right: 12px;\" src=\"https:\/\/www.ferberpainting.com\/wp-content\/uploads\/2026\/02\/Check.svg\" alt=\"\" width=\"18\" height=\"15\" \/><strong>Vynikaj\u00edc\u00ed ekonomick\u00e9 v\u00fdsledky.<\/strong>\u00a0D\u00edky vysok\u00e9 koncentraci nab\u00edz\u00ed toto kapaln\u00e9 hnojivo optim\u00e1ln\u00ed \u00fa\u010dinnost. Z\u0159ed\u011bn\u00edm 5 ml na litr vody lze p\u0159ipravit a\u017e 1000 litr\u016f \u017eivn\u00e9ho roztoku, co\u017e zaji\u0161\u0165uje dlouhodob\u00e9 pou\u017e\u00edv\u00e1n\u00ed a ni\u017e\u0161\u00ed n\u00e1klady na \u00fadr\u017ebu.<\/p>\n<p><img decoding=\"async\" style=\"margin-right: 12px;\" src=\"https:\/\/www.ferberpainting.com\/wp-content\/uploads\/2026\/02\/Check.svg\" alt=\"\" width=\"18\" height=\"15\" \/><strong>Bezpe\u010dn\u00e9 pro rostliny a \u017eivotn\u00ed prost\u0159ed\u00ed.<\/strong>\u00a0Na rozd\u00edl od agresivn\u00edch chemick\u00fdch hnojiv na\u0161e slo\u017een\u00ed respektuje p\u016fdu a ko\u0159eny. Jeho vyv\u00e1\u017een\u00e9 slo\u017een\u00ed zaji\u0161\u0165uje postupnou asimilaci \u017eivin, \u010d\u00edm\u017e p\u0159edch\u00e1z\u00ed riziku sp\u00e1len\u00ed ko\u0159en\u016f.<\/p>\n<p><img decoding=\"async\" style=\"margin-right: 12px;\" src=\"https:\/\/www.ferberpainting.com\/wp-content\/uploads\/2026\/02\/Check.svg\" alt=\"\" width=\"18\" height=\"15\" \/><strong>Snadn\u00e9 pou\u017eit\u00ed a rychl\u00e1 aplikace.<\/strong>\u00a0Toto hnojivo v kapaln\u00e9 form\u011b se snadno d\u00e1vkuje a aplikuje. Sta\u010d\u00ed jej sm\u00edchat s vodou a rostliny p\u0159\u00edmo zal\u00edt. Nen\u00ed nutn\u00e1 \u017e\u00e1dn\u00e1 slo\u017eit\u00e1 p\u0159\u00edprava, \u010d\u00edm\u017e se vyhnete chyb\u00e1m p\u0159i d\u00e1vkov\u00e1n\u00ed a zajist\u00edte rovnom\u011brn\u00e9 vst\u0159eb\u00e1v\u00e1n\u00ed \u017eivin ko\u0159eny.<\/p>\n<p><img decoding=\"async\" style=\"margin-right: 12px;\" src=\"https:\/\/www.ferberpainting.com\/wp-content\/uploads\/2026\/02\/Check.svg\" alt=\"\" width=\"18\" height=\"15\" \/><strong>Dlouhotrvaj\u00edc\u00ed efekt pro z\u00e1\u0159iv\u00e9 kv\u011bty po cel\u00fd rok.<\/strong>\u00a0Postupn\u00fdm vy\u017eivov\u00e1n\u00edm rostliny toto hnojivo podporuje trval\u00fd r\u016fst, zlep\u0161uje zako\u0159en\u011bn\u00ed a odolnost v\u016f\u010di chorob\u00e1m a podporuje intenzivn\u011bj\u0161\u00ed a d\u00e9le trvaj\u00edc\u00ed kveten\u00ed.<\/p>\n<p><img decoding=\"async\" style=\"margin-right: 12px;\" src=\"https:\/\/www.ferberpainting.com\/wp-content\/uploads\/2026\/02\/Check.svg\" alt=\"\" width=\"18\" height=\"15\" \/><strong>Rychle viditeln\u00e9 v\u00fdsledky.<\/strong>\u00a0Ji\u017e po prvn\u00edch aplikac\u00edch zaznamen\u00e1te n\u00e1r\u016fst po\u010dtu poupat a bohat\u0161\u00ed kveten\u00ed. Barvy budou jasn\u011bj\u0161\u00ed, stonky pevn\u011bj\u0161\u00ed a okv\u011btn\u00ed l\u00edstky \u017eiv\u011bj\u0161\u00ed. Toto hnojivo tak\u00e9 stimuluje regeneraci oslaben\u00fdch rostlin po odkv\u011btu a zaji\u0161\u0165uje optim\u00e1ln\u00ed cyklus kveten\u00ed.<\/p>\n<h2><strong>Protokol o pou\u017eit\u00ed<\/strong><\/h2>\n<p><strong>Doporu\u010den\u00e9 \u0159ed\u011bn\u00ed <\/strong>:<\/p>\n<ul>\n<li><strong>Pravideln\u00e1 \u00fadr\u017eba <\/strong>: Z\u0159e\u010fte 5 ml hnojiva na litr vody a substr\u00e1t zalijte.<\/li>\n<li><strong>Intenzivn\u00ed kveten\u00ed (jaro\/l\u00e9to) <\/strong>: Pro podporu maxim\u00e1ln\u00edho kveten\u00ed zvy\u0161te koncentraci na 7 ml na litr vody.<\/li>\n<li><strong>Klidov\u00e1 f\u00e1ze (podzim\/zima) <\/strong>: Sni\u017ete frekvenci i koncentraci na 2 ml na litr vody.<\/li>\n<\/ul>\n<p><strong>Frekvence aplikace <\/strong>:<\/p>\n<ul>\n<li><strong>Rostliny ve f\u00e1zi r\u016fstu a kveten\u00ed <\/strong>: Aplikujte ka\u017ed\u00e9 dva t\u00fddny.<\/li>\n<li><strong>Rostliny v klidov\u00e9m stavu<\/strong>: Sta\u010d\u00ed jedna \u017e\u00e1dost m\u011bs\u00ed\u010dn\u011b.<\/li>\n<\/ul>\n<p><strong>Zp\u016fsoby aplikace <\/strong>:<\/p>\n<ul>\n<li><strong>P\u0159\u00edm\u00e9 zavla\u017eov\u00e1n\u00ed <\/strong>: Roztok nalijte kolem z\u00e1kladny rostliny, aby se optim\u00e1ln\u011b vst\u0159ebal do ko\u0159en\u016f.<\/li>\n<li><strong>Post\u0159ik list\u016f (voliteln\u00fd) <\/strong>: U n\u011bkter\u00fdch citliv\u00fdch listnat\u00fdch odr\u016fd m\u016f\u017ee b\u00fdt prosp\u011b\u0161n\u00e9 jemn\u00e9 zaml\u017een\u00ed list\u016f.<\/li>\n<li><strong>Pou\u017eit\u00ed v otev\u0159en\u00e9m ter\u00e9nu <\/strong>: Z\u0159ed\u011bn\u00e9 hnojivo nalijte kolem z\u00e1kladny rostliny, aby se zabr\u00e1nilo p\u0159ebytku stojat\u00e9 vody.<\/li>\n<li><strong>Pou\u017eit\u00ed v kv\u011btin\u00e1\u010d\u00edch <\/strong>: Zal\u00e9vejte tak dlouho, dokud se neobjev\u00ed m\u00edrn\u00fd odtok vody z odtokov\u00fdch otvor\u016f.<\/li>\n<\/ul>\n<p><strong>Bezpe\u010dnostn\u00ed opat\u0159en\u00ed pro pou\u017eit\u00ed <\/strong>:<\/p>\n<ul>\n<li><strong>Nep\u0159ed\u00e1vkujte se <\/strong>: Nadbytek hnojiva m\u016f\u017ee zp\u016fsobit \u017eloutnut\u00ed list\u016f a oslaben\u00ed rostliny.<\/li>\n<li><strong>Neaplikujte na nemocnou nebo stresovanou rostlinu. <\/strong>: P\u0159ed hnojen\u00edm po\u010dkejte, a\u017e rostlina znovu nabude s\u00edly.<\/li>\n<li><strong>Vyhn\u011bte se aplikaci na pln\u00e9m slunci <\/strong>: Aplikujte nejl\u00e9pe brzy r\u00e1no nebo pozd\u011b odpoledne, abyste zabr\u00e1nili rychl\u00e9mu odpa\u0159ov\u00e1n\u00ed \u017eivin.<\/li>\n<\/ul>\n<p><strong>Skladov\u00e1n\u00ed a konzervace <\/strong>:<\/p>\n<ul>\n<li>V\u00fdrobek skladujte na such\u00e9m m\u00edst\u011b a mimo dosah tepla.<\/li>\n<li>Po ka\u017ed\u00e9m pou\u017eit\u00ed n\u00e1dobu v\u017edy t\u011bsn\u011b uzav\u0159ete, aby se zachovaly jej\u00ed hnojiv\u00e9 vlastnosti.<\/li>\n<\/ul>\n<p>S na\u0161\u00edm hnojivem pro kvetouc\u00ed rostliny poskytnete sv\u00fdm kv\u011btin\u00e1m kompletn\u00ed a vyv\u00e1\u017eenou v\u00fd\u017eivu pro n\u00e1dhern\u00e9 kv\u011bty po cel\u00fd rok. A\u0165 u\u017e jste amat\u00e9rsk\u00fd zahradn\u00edk nebo profesion\u00e1l, toto hnojivo je ide\u00e1ln\u00edm \u0159e\u0161en\u00edm pro zdrav\u00e9, \u017eiv\u00e9 rostliny s intenzivn\u00edmi barvami a prodlou\u017een\u00fdm kveten\u00edm.<\/p>","protected":false},"excerpt":{"rendered":"<p>A specially designed fertilizer to promote flowering.\u00a0Our flowering plants require a balanced supply of essential nutrients to produce abundant, vibrant, and long-lasting blooms. This NPK 15-15-15 fertilizer is designed to stimulate the growth of stems, leaves, and roots while boosting the formation and longevity of flowers. It is suitable for all varieties of flowering plants, [&hellip;]<\/p>\n","protected":false},"featured_media":25992,"comment_status":"open","ping_status":"closed","template":"","meta":{"_uag_custom_page_level_css":"","site-sidebar-layout":"default","site-content-layout":"","ast-site-content-layout":"default","site-content-style":"default","site-sidebar-style":"default","ast-global-header-display":"","ast-banner-title-visibility":"","ast-main-header-display":"","ast-hfb-above-header-display":"","ast-hfb-below-header-display":"","ast-hfb-mobile-header-display":"","site-post-title":"","ast-breadcrumbs-content":"","ast-featured-img":"","footer-sml-layout":"","ast-disable-related-posts":"","theme-transparent-header-meta":"default","adv-header-id-meta":"","stick-header-meta":"","header-above-stick-meta":"","header-main-stick-meta":"","header-below-stick-meta":"","astra-migrate-meta-layouts":"set","ast-page-background-enabled":"default","ast-page-background-meta":{"desktop":{"background-color":"var(--ast-global-color-4)","background-image":"","background-repeat":"repeat","background-position":"center center","background-size":"auto","background-attachment":"scroll","background-type":"","background-media":"","overlay-type":"","overlay-color":"","overlay-opacity":"","overlay-gradient":""},"tablet":{"background-color":"","background-image":"","background-repeat":"repeat","background-position":"center center","background-size":"auto","background-attachment":"scroll","background-type":"","background-media":"","overlay-type":"","overlay-color":"","overlay-opacity":"","overlay-gradient":""},"mobile":{"background-color":"","background-image":"","background-repeat":"repeat","background-position":"center center","background-size":"auto","background-attachment":"scroll","background-type":"","background-media":"","overlay-type":"","overlay-color":"","overlay-opacity":"","overlay-gradient":""}},"ast-content-background-meta":{"desktop":{"background-color":"var(--ast-global-color-5)","background-image":"","background-repeat":"repeat","background-position":"center center","background-size":"auto","background-attachment":"scroll","background-type":"","background-media":"","overlay-type":"","overlay-color":"","overlay-opacity":"","overlay-gradient":""},"tablet":{"background-color":"var(--ast-global-color-5)","background-image":"","background-repeat":"repeat","background-position":"center center","background-size":"auto","background-attachment":"scroll","background-type":"","background-media":"","overlay-type":"","overlay-color":"","overlay-opacity":"","overlay-gradient":""},"mobile":{"background-color":"var(--ast-global-color-5)","background-image":"","background-repeat":"repeat","background-position":"center center","background-size":"auto","background-attachment":"scroll","background-type":"","background-media":"","overlay-type":"","overlay-color":"","overlay-opacity":"","overlay-gradient":""}}},"product_brand":[],"product_cat":[178],"product_tag":[],"class_list":{"0":"post-23465","1":"product","2":"type-product","3":"status-publish","4":"has-post-thumbnail","6":"product_cat-fertilizers","7":"desktop-align-left","8":"tablet-align-left","9":"mobile-align-left","11":"first","12":"instock","13":"sale","14":"shipping-taxable","15":"purchasable","16":"product-type-variable","17":"has-default-attributes"},"spectra_custom_meta":{"_visibility":["visible"],"_shopify_product_id":["9096161788149"],"_s2w_shopify_domain":["ferberpainting.myshopify.com"],"_shopify_variant_id":["46595778052341"],"_sku":[""],"_manage_stock":["no"],"total_sales":["14"],"_tax_status":["taxable"],"_tax_class":[""],"_backorders":["no"],"_sold_individually":["no"],"_virtual":["no"],"_downloadable":["no"],"_download_limit":["-1"],"_download_expiry":["-1"],"_stock":[null],"_stock_status":["instock"],"_wc_average_rating":["4.75"],"_wc_review_count":["8"],"_product_attributes":["a:1:{s:6:\"volume\";a:6:{s:4:\"name\";s:6:\"Volume\";s:5:\"value\";s:20:\"5 liters | 25 liters\";s:8:\"position\";i:1;s:10:\"is_visible\";i:0;s:12:\"is_variation\";i:1;s:11:\"is_taxonomy\";i:0;}}"],"_product_version":["10.5.1"],"_thumbnail_id":["25992"],"_product_image_gallery":["25993"],"wpse_downloadable_file_names":[""],"wpse_downloadable_file_urls":[""],"_edit_last":["1"],"_default_attributes":["a:1:{s:6:\"volume\";s:8:\"5 liters\";}"],"_edit_lock":["1771161089:1"],"_price":["29.90","129.90"],"merchant-center-availability":["yes"],"merchant-center-category":["113"],"_wp_page_template":["default"],"site-sidebar-layout":["default"],"ast-site-content-layout":["default"],"site-content-style":["default"],"site-sidebar-style":["default"],"theme-transparent-header-meta":["default"],"_wc_rating_count":["a:2:{i:4;i:2;i:5;i:6;}"],"astra-migrate-meta-layouts":["set"],"_uag_css_file_name":["uag-css-23465.css"],"_elementor_page_assets":["a:0:{}"],"_uag_page_assets":["a:9:{s:3:\"css\";s:7133:\".uag-blocks-common-selector{z-index:var(--z-index-desktop) !important}@media(max-width: 976px){.uag-blocks-common-selector{z-index:var(--z-index-tablet) !important}}@media(max-width: 767px){.uag-blocks-common-selector{z-index:var(--z-index-mobile) !important}}.wp-block-uagb-image{display:flex}.wp-block-uagb-image__figure{position:relative;display:flex;flex-direction:column;max-width:100%;height:auto;margin:0}.wp-block-uagb-image__figure img{height:auto;display:flex;max-width:100%;transition:box-shadow .2s ease}.wp-block-uagb-image__figure>a{display:inline-block}.wp-block-uagb-image__figure figcaption{text-align:center;margin-top:.5em;margin-bottom:1em}.wp-block-uagb-image .components-placeholder.block-editor-media-placeholder .components-placeholder__instructions{align-self:center}.wp-block-uagb-image--align-left{text-align:left}.wp-block-uagb-image--align-right{text-align:right}.wp-block-uagb-image--align-center{text-align:center}.wp-block-uagb-image--align-full .wp-block-uagb-image__figure{margin-left:calc(50% - 50vw);margin-right:calc(50% - 50vw);max-width:100vw;width:100vw;height:auto}.wp-block-uagb-image--align-full .wp-block-uagb-image__figure img{height:auto;width:100% !important}.wp-block-uagb-image--align-wide .wp-block-uagb-image__figure img{height:auto;width:100%}.wp-block-uagb-image--layout-overlay__color-wrapper{position:absolute;left:0;top:0;right:0;bottom:0;opacity:.2;background:rgba(0,0,0,.5);transition:opacity .35s ease-in-out}.wp-block-uagb-image--layout-overlay-link{position:absolute;left:0;right:0;bottom:0;top:0}.wp-block-uagb-image--layout-overlay .wp-block-uagb-image__figure:hover .wp-block-uagb-image--layout-overlay__color-wrapper{opacity:1}.wp-block-uagb-image--layout-overlay__inner{position:absolute;left:15px;right:15px;bottom:15px;top:15px;display:flex;align-items:center;justify-content:center;flex-direction:column;border-color:#fff;transition:.35s ease-in-out}.wp-block-uagb-image--layout-overlay__inner.top-left,.wp-block-uagb-image--layout-overlay__inner.top-center,.wp-block-uagb-image--layout-overlay__inner.top-right{justify-content:flex-start}.wp-block-uagb-image--layout-overlay__inner.bottom-left,.wp-block-uagb-image--layout-overlay__inner.bottom-center,.wp-block-uagb-image--layout-overlay__inner.bottom-right{justify-content:flex-end}.wp-block-uagb-image--layout-overlay__inner.top-left,.wp-block-uagb-image--layout-overlay__inner.center-left,.wp-block-uagb-image--layout-overlay__inner.bottom-left{align-items:flex-start}.wp-block-uagb-image--layout-overlay__inner.top-right,.wp-block-uagb-image--layout-overlay__inner.center-right,.wp-block-uagb-image--layout-overlay__inner.bottom-right{align-items:flex-end}.wp-block-uagb-image--layout-overlay__inner .uagb-image-heading{color:#fff;transition:transform .35s,opacity .35s ease-in-out;transform:translate3d(0, 24px, 0);margin:0;line-height:1em}.wp-block-uagb-image--layout-overlay__inner .uagb-image-separator{width:30%;border-top-width:2px;border-top-color:#fff;border-top-style:solid;margin-bottom:10px;opacity:0;transition:transform .4s,opacity .4s ease-in-out;transform:translate3d(0, 30px, 0)}.wp-block-uagb-image--layout-overlay__inner .uagb-image-caption{opacity:0;overflow:visible;color:#fff;transition:transform .45s,opacity .45s ease-in-out;transform:translate3d(0, 35px, 0)}.wp-block-uagb-image--layout-overlay__inner:hover .uagb-image-heading,.wp-block-uagb-image--layout-overlay__inner:hover .uagb-image-separator,.wp-block-uagb-image--layout-overlay__inner:hover .uagb-image-caption{opacity:1;transform:translate3d(0, 0, 0)}.wp-block-uagb-image--effect-zoomin .wp-block-uagb-image__figure img,.wp-block-uagb-image--effect-zoomin .wp-block-uagb-image__figure .wp-block-uagb-image--layout-overlay__color-wrapper{transform:scale(1);transition:transform .35s ease-in-out}.wp-block-uagb-image--effect-zoomin .wp-block-uagb-image__figure:hover img,.wp-block-uagb-image--effect-zoomin .wp-block-uagb-image__figure:hover .wp-block-uagb-image--layout-overlay__color-wrapper{transform:scale(1.05)}.wp-block-uagb-image--effect-slide .wp-block-uagb-image__figure img,.wp-block-uagb-image--effect-slide .wp-block-uagb-image__figure .wp-block-uagb-image--layout-overlay__color-wrapper{width:calc(100% + 40px) !important;max-width:none !important;transform:translate3d(-40px, 0, 0);transition:transform .35s ease-in-out}.wp-block-uagb-image--effect-slide .wp-block-uagb-image__figure:hover img,.wp-block-uagb-image--effect-slide .wp-block-uagb-image__figure:hover .wp-block-uagb-image--layout-overlay__color-wrapper{transform:translate3d(0, 0, 0)}.wp-block-uagb-image--effect-grayscale img{filter:grayscale(0%);transition:.35s ease-in-out}.wp-block-uagb-image--effect-grayscale:hover img{filter:grayscale(100%)}.wp-block-uagb-image--effect-blur img{filter:blur(0);transition:.35s ease-in-out}.wp-block-uagb-image--effect-blur:hover img{filter:blur(3px)}.uagb-block-e6f939b3.wp-block-uagb-image--layout-default figure img{box-shadow: 0px 0px 0 #00000070;}.uagb-block-e6f939b3.wp-block-uagb-image .wp-block-uagb-image__figure figcaption{font-style: normal;align-self: center;}.uagb-block-e6f939b3.wp-block-uagb-image--layout-overlay figure img{box-shadow: 0px 0px 0 #00000070;}.uagb-block-e6f939b3.wp-block-uagb-image--layout-overlay .wp-block-uagb-image--layout-overlay__color-wrapper{opacity: 0.2;}.uagb-block-e6f939b3.wp-block-uagb-image--layout-overlay .wp-block-uagb-image--layout-overlay__inner{left: 15px;right: 15px;top: 15px;bottom: 15px;}.uagb-block-e6f939b3.wp-block-uagb-image--layout-overlay .wp-block-uagb-image--layout-overlay__inner .uagb-image-heading{font-style: normal;color: #fff;opacity: 1;}.uagb-block-e6f939b3.wp-block-uagb-image--layout-overlay .wp-block-uagb-image--layout-overlay__inner .uagb-image-heading a{color: #fff;}.uagb-block-e6f939b3.wp-block-uagb-image--layout-overlay .wp-block-uagb-image--layout-overlay__inner .uagb-image-caption{opacity: 0;}.uagb-block-e6f939b3.wp-block-uagb-image--layout-overlay .wp-block-uagb-image__figure:hover .wp-block-uagb-image--layout-overlay__color-wrapper{opacity: 1;}.uagb-block-e6f939b3.wp-block-uagb-image .wp-block-uagb-image--layout-overlay__inner .uagb-image-separator{width: 30%;border-top-width: 2px;border-top-color: #fff;opacity: 0;}.uagb-block-e6f939b3.wp-block-uagb-image .wp-block-uagb-image__figure img{width: px;height: auto;}.uagb-block-e6f939b3.wp-block-uagb-image .wp-block-uagb-image__figure:hover .wp-block-uagb-image--layout-overlay__inner .uagb-image-caption{opacity: 1;}.uagb-block-e6f939b3.wp-block-uagb-image .wp-block-uagb-image__figure:hover .wp-block-uagb-image--layout-overlay__inner .uagb-image-separator{opacity: 1;}.uagb-block-e6f939b3.wp-block-uagb-image--layout-default figure:hover img{box-shadow: 0px 0px 0 #00000070;}.uagb-block-e6f939b3.wp-block-uagb-image--layout-overlay figure:hover img{box-shadow: 0px 0px 0 #00000070;}@media only screen and (max-width: 976px) {.uagb-block-e6f939b3.wp-block-uagb-image .wp-block-uagb-image__figure img{width: px;height: auto;}}@media only screen and (max-width: 767px) {.uagb-block-e6f939b3.wp-block-uagb-image .wp-block-uagb-image__figure img{width: px;height: auto;}}\";s:2:\"js\";s:0:\"\";s:18:\"current_block_list\";a:13:{i:0;s:11:\"core\/search\";i:1;s:10:\"core\/group\";i:2;s:12:\"core\/heading\";i:3;s:17:\"core\/latest-posts\";i:4;s:20:\"core\/latest-comments\";i:5;s:13:\"core\/archives\";i:6;s:15:\"core\/categories\";i:7;s:14:\"core\/paragraph\";i:8;s:10:\"uagb\/image\";i:9;s:11:\"core\/spacer\";i:10;s:30:\"woocommerce\/product-categories\";i:11;s:10:\"core\/image\";i:12;s:14:\"core\/shortcode\";}s:8:\"uag_flag\";b:1;s:11:\"uag_version\";s:10:\"1777127531\";s:6:\"gfonts\";a:0:{}s:10:\"gfonts_url\";s:0:\"\";s:12:\"gfonts_files\";a:0:{}s:14:\"uag_faq_layout\";b:0;}"]},"uagb_featured_image_src":{"full":["https:\/\/www.ferberpainting.com\/wp-content\/uploads\/2025\/05\/FloweringPlantFertilizer5L.png",2560,2560,false],"thumbnail":["https:\/\/www.ferberpainting.com\/wp-content\/uploads\/2025\/05\/FloweringPlantFertilizer5L-150x150.png",150,150,true],"medium":["https:\/\/www.ferberpainting.com\/wp-content\/uploads\/2025\/05\/FloweringPlantFertilizer5L-300x300.png",300,300,true],"medium_large":["https:\/\/www.ferberpainting.com\/wp-content\/uploads\/2025\/05\/FloweringPlantFertilizer5L-768x768.png",768,768,true],"large":["https:\/\/www.ferberpainting.com\/wp-content\/uploads\/2025\/05\/FloweringPlantFertilizer5L-1024x1024.png",1024,1024,true],"1536x1536":["https:\/\/www.ferberpainting.com\/wp-content\/uploads\/2025\/05\/FloweringPlantFertilizer5L-1536x1536.png",1536,1536,true],"2048x2048":["https:\/\/www.ferberpainting.com\/wp-content\/uploads\/2025\/05\/FloweringPlantFertilizer5L-2048x2048.png",2048,2048,true],"trp-custom-language-flag":["https:\/\/www.ferberpainting.com\/wp-content\/uploads\/2025\/05\/FloweringPlantFertilizer5L-12x12.png",12,12,true],"woocommerce_thumbnail":["https:\/\/www.ferberpainting.com\/wp-content\/uploads\/2025\/05\/FloweringPlantFertilizer5L-300x300.png",300,300,true],"woocommerce_single":["https:\/\/www.ferberpainting.com\/wp-content\/uploads\/2025\/05\/FloweringPlantFertilizer5L-600x600.png",600,600,true],"woocommerce_gallery_thumbnail":["https:\/\/www.ferberpainting.com\/wp-content\/uploads\/2025\/05\/FloweringPlantFertilizer5L-100x100.png",100,100,true]},"uagb_author_info":{"display_name":"admin","author_link":"https:\/\/www.ferberpainting.com\/cz\/author\/"},"uagb_comment_info":8,"uagb_excerpt":"A specially designed fertilizer to promote flowering.\u00a0Our flowering plants require a balanced supply of essential nutrients to produce abundant, vibrant, and long-lasting blooms. This NPK 15-15-15 fertilizer is designed to stimulate the growth of stems, leaves, and roots while boosting the formation and longevity of flowers. It is suitable for all varieties of flowering plants,&hellip;","_links":{"self":[{"href":"https:\/\/www.ferberpainting.com\/cz\/wp-json\/wp\/v2\/product\/23465","targetHints":{"allow":["GET"]}}],"collection":[{"href":"https:\/\/www.ferberpainting.com\/cz\/wp-json\/wp\/v2\/product"}],"about":[{"href":"https:\/\/www.ferberpainting.com\/cz\/wp-json\/wp\/v2\/types\/product"}],"replies":[{"embeddable":true,"href":"https:\/\/www.ferberpainting.com\/cz\/wp-json\/wp\/v2\/comments?post=23465"}],"version-history":[{"count":4,"href":"https:\/\/www.ferberpainting.com\/cz\/wp-json\/wp\/v2\/product\/23465\/revisions"}],"predecessor-version":[{"id":166165,"href":"https:\/\/www.ferberpainting.com\/cz\/wp-json\/wp\/v2\/product\/23465\/revisions\/166165"}],"wp:featuredmedia":[{"embeddable":true,"href":"https:\/\/www.ferberpainting.com\/cz\/wp-json\/wp\/v2\/media\/25992"}],"wp:attachment":[{"href":"https:\/\/www.ferberpainting.com\/cz\/wp-json\/wp\/v2\/media?parent=23465"}],"wp:term":[{"taxonomy":"product_brand","embeddable":true,"href":"https:\/\/www.ferberpainting.com\/cz\/wp-json\/wp\/v2\/product_brand?post=23465"},{"taxonomy":"product_cat","embeddable":true,"href":"https:\/\/www.ferberpainting.com\/cz\/wp-json\/wp\/v2\/product_cat?post=23465"},{"taxonomy":"product_tag","embeddable":true,"href":"https:\/\/www.ferberpainting.com\/cz\/wp-json\/wp\/v2\/product_tag?post=23465"}],"curies":[{"name":"wp","href":"https:\/\/api.w.org\/{rel}","templated":true}]}}