{"id":23459,"date":"2025-07-01T13:23:26","date_gmt":"2025-07-01T11:23:26","guid":{"rendered":"https:\/\/www.ferberpainting.com\/?post_type=product&#038;p=23456"},"modified":"2026-02-15T14:12:30","modified_gmt":"2026-02-15T13:12:30","slug":"floor-water-repellent","status":"publish","type":"product","link":"https:\/\/www.ferberpainting.com\/cz\/products\/floor-water-repellent\/","title":{"rendered":"Vodoodpudiv\u00fd prost\u0159edek na podlahu"},"content":{"rendered":"<p><img decoding=\"async\" style=\"margin-right: 12px;\" src=\"https:\/\/www.ferberpainting.com\/wp-content\/uploads\/2026\/02\/Check.svg\" alt=\"\" width=\"18\" height=\"15\" \/><strong>Ochrana proti vlhkosti.<\/strong>\u00a0Podlahov\u00fd impregna\u010dn\u00ed p\u0159\u00edpravek je speci\u00e1ln\u011b vyvinut\u00fd produkt, kter\u00fd chr\u00e1n\u00ed povrchy p\u0159ed pronik\u00e1n\u00edm vody a vlhkosti. Tento p\u0159\u00edpravek je ide\u00e1ln\u00ed pro podlahy v exteri\u00e9ru i interi\u00e9ru, zejm\u00e9na ty, kter\u00e9 jsou vystaveny nep\u0159\u00edzniv\u00e9mu po\u010das\u00ed nebo vysok\u00e9 vlhkosti, jako jsou terasy, balkony, sklepy nebo gar\u00e1\u017ee. Nanesen\u00edm impregna\u010dn\u00edho p\u0159\u00edpravku vytvo\u0159\u00edte neviditelnou bari\u00e9ru, kter\u00e1 zabr\u00e1n\u00ed pronik\u00e1n\u00ed vody a z\u00e1rove\u0148 zachov\u00e1 prody\u0161nost materi\u00e1lu, \u010d\u00edm\u017e zajist\u00edte dlouhou \u017eivotnost podlah.<\/p>\n<p><img decoding=\"async\" style=\"margin-right: 12px;\" src=\"https:\/\/www.ferberpainting.com\/wp-content\/uploads\/2026\/02\/Check.svg\" alt=\"\" width=\"18\" height=\"15\" \/><strong>Z\u00e1ruka vr\u00e1cen\u00ed pen\u011bz.<\/strong>\u00a0Jsme si pln\u011b jisti \u00fa\u010dinnost\u00ed na\u0161eho podlahov\u00e9ho impregna\u010dn\u00edho p\u0159\u00edpravku. Proto nab\u00edz\u00edme z\u00e1ruku spokojenosti nebo vr\u00e1cen\u00ed pen\u011bz. Pokud nebudete s v\u00fdsledky zcela spokojeni, m\u016f\u017eete po\u017e\u00e1dat o vr\u00e1cen\u00ed pen\u011bz v pln\u00e9 v\u00fd\u0161i. To v\u00e1m umo\u017en\u00ed vyzkou\u0161et v\u00fdrobek bez rizika a s jistotou, \u017ee o svou investici nep\u0159ijdete, pokud v\u00fdsledky nespln\u00ed va\u0161e o\u010dek\u00e1v\u00e1n\u00ed.<\/p>\n<p><img decoding=\"async\" style=\"margin-right: 12px;\" src=\"https:\/\/www.ferberpainting.com\/wp-content\/uploads\/2026\/02\/Check.svg\" alt=\"\" width=\"18\" height=\"15\" \/><strong>Kompatibiln\u00ed s r\u016fzn\u00fdmi typy podlah.<\/strong>\u00a0Podlahov\u00fd impregna\u010dn\u00ed p\u0159\u00edpravek je univerz\u00e1ln\u00ed produkt, kter\u00fd funguje na \u0161irok\u00e9 \u0161k\u00e1le podlahov\u00fdch materi\u00e1l\u016f, jako je beton, cement, dla\u017edice, dla\u017eba, malta, a dokonce i podlahy z p\u0159\u00edrodn\u00edho kamene. Bez ohledu na typ podlahy zaru\u010duje tento v\u00fdrobek \u00fa\u010dinnou ochranu proti vlhkosti, pronik\u00e1n\u00ed vody a skvrn\u00e1m. Je proto ide\u00e1ln\u00edm \u0159e\u0161en\u00edm pro mnoho renova\u010dn\u00edch nebo stavebn\u00edch projekt\u016f.<\/p>\n<p><img decoding=\"async\" style=\"margin-right: 12px;\" src=\"https:\/\/www.ferberpainting.com\/wp-content\/uploads\/2026\/02\/Check.svg\" alt=\"\" width=\"18\" height=\"15\" \/><strong>\u00dasporn\u00fd v\u00fdkon.<\/strong>\u00a0Tento v\u00fdrobek m\u00e1 vynikaj\u00edc\u00ed ekonomickou hodnotu. Jeden litr podlahov\u00e9ho impregna\u010dn\u00edho prost\u0159edku pokryje v pr\u016fm\u011bru 8 a\u017e 12 m\u00b2 v z\u00e1vislosti na p\u00f3rovitosti o\u0161et\u0159ovan\u00e9ho povrchu. To znamen\u00e1, \u017ee p\u011btilitrov\u00e1 n\u00e1doba pokryje 40 a\u017e 60 m\u00b2, co\u017e z n\u011bj \u010din\u00ed cenov\u011b v\u00fdhodn\u00e9 \u0159e\u0161en\u00ed pro o\u0161et\u0159en\u00ed velk\u00fdch ploch. Rozs\u00e1hl\u00e9 plochy m\u016f\u017eete o\u0161et\u0159it relativn\u011b mal\u00fdm mno\u017estv\u00edm p\u0159\u00edpravku, co\u017e sni\u017euje dlouhodob\u00e9 n\u00e1klady.<\/p>\n<p><img decoding=\"async\" style=\"margin-right: 12px;\" src=\"https:\/\/www.ferberpainting.com\/wp-content\/uploads\/2026\/02\/Check.svg\" alt=\"\" width=\"18\" height=\"15\" \/><strong>Netoxick\u00e9.<\/strong>\u00a0Podlahov\u00fd impregna\u010dn\u00ed prost\u0159edek je navr\u017een tak, aby byl bezpe\u010dn\u00fd pro \u017eivotn\u00ed prost\u0159ed\u00ed a zdrav\u00ed. Neobsahuje \u017e\u00e1dn\u00e9 toxick\u00e9 l\u00e1tky ani nebezpe\u010dn\u00e9 chemik\u00e1lie, tak\u017ee je obzvl\u00e1\u0161t\u011b vhodn\u00fd pro vnit\u0159n\u00ed i venkovn\u00ed pou\u017eit\u00ed. V\u00fdrobek m\u016f\u017eete aplikovat s jistotou a bezpe\u010dn\u011b, ani\u017e byste se museli ob\u00e1vat \u0161kodliv\u00fdch v\u00fdpar\u016f ve sv\u00e9m obytn\u00e9m nebo pracovn\u00edm prostoru.<\/p>\n<p><img decoding=\"async\" style=\"margin-right: 12px;\" src=\"https:\/\/www.ferberpainting.com\/wp-content\/uploads\/2026\/02\/Check.svg\" alt=\"\" width=\"18\" height=\"15\" \/><strong>Snadn\u00e1 aplikace.<\/strong>\u00a0Tento produkt je p\u0159ipraven k pou\u017eit\u00ed a nevy\u017eaduje \u0159ed\u011bn\u00ed. Jeho aplikace je jednoduch\u00e1 a rychl\u00e1. Sta\u010d\u00ed jej nast\u0159\u00edkat nebo rovnom\u011brn\u011b rozet\u0159\u00edt po povrchu pomoc\u00ed \u0161t\u011btce nebo v\u00e1le\u010dku. Jeho tekut\u00e1 textura mu umo\u017e\u0148uje proniknout hluboko do p\u00f3r\u016f materi\u00e1l\u016f a zajistit tak \u00fa\u010dinnou ochranu bez n\u00e1mahy. K aplikaci tohoto p\u0159\u00edpravku nemus\u00edte b\u00fdt profesion\u00e1l, tak\u017ee je dostupn\u00fd pro ka\u017ed\u00e9ho.<\/p>\n<p><img decoding=\"async\" style=\"margin-right: 12px;\" src=\"https:\/\/www.ferberpainting.com\/wp-content\/uploads\/2026\/02\/Check.svg\" alt=\"\" width=\"18\" height=\"15\" \/><strong>Odoln\u00e1 ochrana.<\/strong>\u00a0Po nanesen\u00ed vytvo\u0159\u00ed podlahov\u00fd impregna\u010dn\u00ed p\u0159\u00edpravek ochrannou bari\u00e9ru, kter\u00e1 dlouhodob\u011b odol\u00e1v\u00e1 pronik\u00e1n\u00ed vody, skvrn\u00e1m a ne\u010distot\u00e1m. Tato ochrana m\u016f\u017ee trvat n\u011bkolik let v z\u00e1vislosti na zp\u016fsobu pou\u017e\u00edv\u00e1n\u00ed a vystaven\u00ed povrchu. Jej\u00edm nanesen\u00edm na podlahu prodlou\u017e\u00edte jej\u00ed \u017eivotnost a sn\u00ed\u017e\u00edte riziko degradace zp\u016fsoben\u00e9 vlhkost\u00ed. Impregna\u010dn\u00ed prost\u0159edek rovn\u011b\u017e chr\u00e1n\u00ed p\u0159ed \u0161kodliv\u00fdmi \u00fa\u010dinky cykl\u016f mrazu a t\u00e1n\u00ed.<\/p>\n<p><img decoding=\"async\" style=\"margin-right: 12px;\" src=\"https:\/\/www.ferberpainting.com\/wp-content\/uploads\/2026\/02\/Check.svg\" alt=\"\" width=\"18\" height=\"15\" \/><strong>Rychl\u00e9 schnut\u00ed.<\/strong>\u00a0Podlahov\u00fd impregna\u010dn\u00ed prost\u0159edek vynik\u00e1 rychlou aplikac\u00ed a dobou schnut\u00ed. Za pouh\u00e9 1 a\u017e 2 hodiny v\u00fdrobek zaschne na dotek, co\u017e v\u00e1m umo\u017en\u00ed rychle pokra\u010dovat v \u010dinnosti. Pro optim\u00e1ln\u00ed ochranu se doporu\u010duje nechat v\u00fdrobek zcela zaschnout po dobu 24 hodin, ne\u017e vystav\u00edte podlahu vlhkosti nebo pov\u011btrnostn\u00edm vliv\u016fm. Tento rychl\u00fd \u00fa\u010dinek je ide\u00e1ln\u00ed pro nal\u00e9hav\u00e9 projekty nebo pr\u00e1ce, kter\u00e9 vy\u017eaduj\u00ed minim\u00e1ln\u00ed prostoje.<\/p>\n<h2><strong>Protokol o pou\u017eit\u00ed<\/strong><\/h2>\n<ul>\n<li><strong>P\u0159\u00edprava povrchu <\/strong>: P\u0159ed nanesen\u00edm impregna\u010dn\u00edho p\u0159\u00edpravku na podlahu se ujist\u011bte, \u017ee je povrch \u010dist\u00fd, such\u00fd a zbaven\u00fd ne\u010distot, prachu, pl\u00edsn\u00ed nebo zbytk\u016f barvy. Pokud je povrch velmi zne\u010di\u0161t\u011bn\u00fd, o\u010dist\u011bte jej jemn\u00fdm \u010distic\u00edm prost\u0159edkem a vodou a p\u0159ed aplikac\u00ed v\u00fdrobku jej nechte zcela vyschnout. Pokud m\u00e1 podlaha praskliny nebo d\u00edry, doporu\u010dujeme je p\u0159ed zah\u00e1jen\u00edm aplikace opravit.<\/li>\n<li><strong>Aplikace produktu <\/strong>: Podlahov\u00fd impregna\u010dn\u00ed prost\u0159edek je p\u0159ipraven k pou\u017eit\u00ed a nevy\u017eaduje \u0159ed\u011bn\u00ed. V z\u00e1vislosti na velikosti plochy jej lze nan\u00e1\u0161et post\u0159ikova\u010dem, \u0161t\u011btcem nebo v\u00e1le\u010dkem. Dbejte na rovnom\u011brn\u00e9 pokryt\u00ed cel\u00e9ho povrchu, abyste se vyhnuli nechr\u00e1n\u011bn\u00fdm z\u00f3n\u00e1m. Naneste lehkou prvn\u00ed vrstvu, nechte ji zaschnout a pot\u00e9 naneste druhou vrstvu pro maxim\u00e1ln\u00ed ochranu.<\/li>\n<li><strong>\u010c\u00e1stka k pou\u017eit\u00ed <\/strong>: Jeden litr v\u00fdrobku pokryje v pr\u016fm\u011bru 8 a\u017e 12 m\u00b2 v z\u00e1vislosti na p\u00f3rovitosti podlahy. Pokud aplikujete jednu vrstvu a druhou vrstvu na stejn\u00fd povrch, zdvojn\u00e1sobte celkov\u00e9 mno\u017estv\u00ed pot\u0159ebn\u00e9ho p\u0159\u00edpravku. P\u011btilitrov\u00e1 n\u00e1doba pokryje 40 a\u017e 60 m\u00b2 v z\u00e1vislosti na tlou\u0161\u0165ce n\u00e1nosu a struktu\u0159e materi\u00e1lu.<\/li>\n<li><strong>Doba su\u0161en\u00ed <\/strong>: Po nanesen\u00ed zaschne podlahov\u00fd impregna\u010dn\u00ed n\u00e1t\u011br na dotek b\u011bhem 1 a\u017e 2 hodin. Pro zaji\u0161t\u011bn\u00ed pln\u00e9 ochrany se v\u0161ak doporu\u010duje po\u010dkat 24 hodin, ne\u017e podlahu vystav\u00edte vlhkosti nebo ji za\u010dnete b\u011b\u017en\u011b pou\u017e\u00edvat. Tato \u010dekac\u00ed doba umo\u017en\u00ed v\u00fdrobku \u0159\u00e1dn\u011b ztuhnout a vytvo\u0159it odolnou vodot\u011bsnou bari\u00e9ru.<\/li>\n<li><strong>Op\u011btovn\u00e9 pod\u00e1n\u00ed \u017e\u00e1dosti <\/strong>: V z\u00e1vislosti na pov\u011btrnostn\u00edch podm\u00ednk\u00e1ch a opot\u0159eben\u00ed o\u0161et\u0159en\u00fdch povrch\u016f m\u016f\u017ee b\u00fdt pro zachov\u00e1n\u00ed \u00fa\u010dinnosti nutn\u00e9 aplikovat podlahov\u00fd impregna\u010dn\u00ed p\u0159\u00edpravek ka\u017ed\u00fdch 3 a\u017e 5 let. Pokud se povrch zne\u010dist\u00ed nebo za\u010dne ztr\u00e1cet ochranu, lze snadno nan\u00e9st novou vrstvu bez dal\u0161\u00ed p\u0159\u00edpravy, pokud je podlaha \u010dist\u00e1 a such\u00e1.<\/li>\n<li><strong>\u00dadr\u017eba <\/strong>: Po aplikaci impregna\u010dn\u00edho prost\u0159edku se doporu\u010duje o\u0161et\u0159en\u00e9 podlahy pravideln\u011b \u010distit \u010distou vodou a m\u011bkk\u00fdm ko\u0161t\u011btem nebo mopem. Vyhn\u011bte se abrazivn\u00edm \u010distic\u00edm prost\u0159edk\u016fm nebo rozpou\u0161t\u011bdl\u016fm, kter\u00e9 by mohly po\u0161kodit ochrannou vrstvu. Jednoduch\u00e1 a pravideln\u00e1 \u00fadr\u017eba pom\u016f\u017ee prodlou\u017eit \u00fa\u010dinnost v\u00fdrobku a zajist\u00ed, \u017ee va\u0161e podlahy z\u016fstanou ve v\u00fdborn\u00e9m stavu.<\/li>\n<\/ul>","protected":false},"excerpt":{"rendered":"<p>Humidity protection.\u00a0The floor waterproofer is a specially formulated product to protect surfaces against water and moisture infiltration. This treatment is ideal for both exterior and interior floors, especially those exposed to harsh weather or high humidity, such as terraces, balconies, basements or garages. By applying the waterproofer, you create an invisible barrier that prevents water [&hellip;]<\/p>\n","protected":false},"featured_media":36367,"comment_status":"open","ping_status":"closed","template":"","meta":{"_uag_custom_page_level_css":"","site-sidebar-layout":"default","site-content-layout":"","ast-site-content-layout":"default","site-content-style":"default","site-sidebar-style":"default","ast-global-header-display":"","ast-banner-title-visibility":"","ast-main-header-display":"","ast-hfb-above-header-display":"","ast-hfb-below-header-display":"","ast-hfb-mobile-header-display":"","site-post-title":"","ast-breadcrumbs-content":"","ast-featured-img":"","footer-sml-layout":"","ast-disable-related-posts":"","theme-transparent-header-meta":"default","adv-header-id-meta":"","stick-header-meta":"","header-above-stick-meta":"","header-main-stick-meta":"","header-below-stick-meta":"","astra-migrate-meta-layouts":"set","ast-page-background-enabled":"default","ast-page-background-meta":{"desktop":{"background-color":"var(--ast-global-color-4)","background-image":"","background-repeat":"repeat","background-position":"center center","background-size":"auto","background-attachment":"scroll","background-type":"","background-media":"","overlay-type":"","overlay-color":"","overlay-opacity":"","overlay-gradient":""},"tablet":{"background-color":"","background-image":"","background-repeat":"repeat","background-position":"center center","background-size":"auto","background-attachment":"scroll","background-type":"","background-media":"","overlay-type":"","overlay-color":"","overlay-opacity":"","overlay-gradient":""},"mobile":{"background-color":"","background-image":"","background-repeat":"repeat","background-position":"center center","background-size":"auto","background-attachment":"scroll","background-type":"","background-media":"","overlay-type":"","overlay-color":"","overlay-opacity":"","overlay-gradient":""}},"ast-content-background-meta":{"desktop":{"background-color":"var(--ast-global-color-5)","background-image":"","background-repeat":"repeat","background-position":"center center","background-size":"auto","background-attachment":"scroll","background-type":"","background-media":"","overlay-type":"","overlay-color":"","overlay-opacity":"","overlay-gradient":""},"tablet":{"background-color":"var(--ast-global-color-5)","background-image":"","background-repeat":"repeat","background-position":"center center","background-size":"auto","background-attachment":"scroll","background-type":"","background-media":"","overlay-type":"","overlay-color":"","overlay-opacity":"","overlay-gradient":""},"mobile":{"background-color":"var(--ast-global-color-5)","background-image":"","background-repeat":"repeat","background-position":"center center","background-size":"auto","background-attachment":"scroll","background-type":"","background-media":"","overlay-type":"","overlay-color":"","overlay-opacity":"","overlay-gradient":""}}},"product_brand":[],"product_cat":[191],"product_tag":[],"class_list":{"0":"post-23459","1":"product","2":"type-product","3":"status-publish","4":"has-post-thumbnail","6":"product_cat-water-repellent","7":"desktop-align-left","8":"tablet-align-left","9":"mobile-align-left","11":"first","12":"instock","13":"sale","14":"taxable","15":"shipping-taxable","16":"purchasable","17":"product-type-variable","18":"has-default-attributes"},"spectra_custom_meta":{"_visibility":["visible"],"_shopify_product_id":["9106661114101"],"_s2w_shopify_domain":["ferberpainting.myshopify.com"],"_shopify_variant_id":["46626423603445"],"_sku":[""],"_manage_stock":["no"],"total_sales":["22"],"_tax_status":["taxable"],"_tax_class":[""],"_backorders":["no"],"_sold_individually":["no"],"_virtual":["no"],"_downloadable":["no"],"_download_limit":["-1"],"_download_expiry":["-1"],"_stock":[null],"_stock_status":["instock"],"_wc_average_rating":["5.00"],"_wc_review_count":["40"],"_product_attributes":["a:1:{s:6:\"volume\";a:6:{s:4:\"name\";s:6:\"Volume\";s:5:\"value\";s:20:\"5 liters | 25 liters\";s:8:\"position\";i:1;s:10:\"is_visible\";i:0;s:12:\"is_variation\";i:1;s:11:\"is_taxonomy\";i:0;}}"],"_product_version":["10.5.1"],"wpse_downloadable_file_names":[""],"wpse_downloadable_file_urls":[""],"_edit_last":["1"],"_default_attributes":["a:1:{s:6:\"volume\";s:8:\"5 liters\";}"],"_edit_lock":["1771161013:1"],"merchant-center-availability":["yes"],"merchant-center-category":["503738"],"_price":["29.90","129.90"],"_thumbnail_id":["36367"],"_wp_page_template":["default"],"_wp_old_date":["2025-05-26"],"_product_image_gallery":["36366"],"site-sidebar-layout":["default"],"ast-site-content-layout":["default"],"site-content-style":["default"],"site-sidebar-style":["default"],"theme-transparent-header-meta":["default"],"_wc_rating_count":["a:1:{i:5;i:40;}"],"astra-migrate-meta-layouts":["set"],"_uag_css_file_name":["uag-css-23459.css"],"_elementor_page_assets":["a:0:{}"],"_uag_page_assets":["a:9:{s:3:\"css\";s:6873:\".wp-block-uagb-image{display:flex}.wp-block-uagb-image__figure{position:relative;display:flex;flex-direction:column;max-width:100%;height:auto;margin:0}.wp-block-uagb-image__figure img{height:auto;display:flex;max-width:100%;transition:box-shadow .2s ease}.wp-block-uagb-image__figure>a{display:inline-block}.wp-block-uagb-image__figure figcaption{text-align:center;margin-top:.5em;margin-bottom:1em}.wp-block-uagb-image .components-placeholder.block-editor-media-placeholder .components-placeholder__instructions{align-self:center}.wp-block-uagb-image--align-left{text-align:left}.wp-block-uagb-image--align-right{text-align:right}.wp-block-uagb-image--align-center{text-align:center}.wp-block-uagb-image--align-full .wp-block-uagb-image__figure{margin-left:calc(50% - 50vw);margin-right:calc(50% - 50vw);max-width:100vw;width:100vw;height:auto}.wp-block-uagb-image--align-full .wp-block-uagb-image__figure img{height:auto;width:100% !important}.wp-block-uagb-image--align-wide .wp-block-uagb-image__figure img{height:auto;width:100%}.wp-block-uagb-image--layout-overlay__color-wrapper{position:absolute;left:0;top:0;right:0;bottom:0;opacity:.2;background:rgba(0,0,0,.5);transition:opacity .35s ease-in-out}.wp-block-uagb-image--layout-overlay-link{position:absolute;left:0;right:0;bottom:0;top:0}.wp-block-uagb-image--layout-overlay .wp-block-uagb-image__figure:hover .wp-block-uagb-image--layout-overlay__color-wrapper{opacity:1}.wp-block-uagb-image--layout-overlay__inner{position:absolute;left:15px;right:15px;bottom:15px;top:15px;display:flex;align-items:center;justify-content:center;flex-direction:column;border-color:#fff;transition:.35s ease-in-out}.wp-block-uagb-image--layout-overlay__inner.top-left,.wp-block-uagb-image--layout-overlay__inner.top-center,.wp-block-uagb-image--layout-overlay__inner.top-right{justify-content:flex-start}.wp-block-uagb-image--layout-overlay__inner.bottom-left,.wp-block-uagb-image--layout-overlay__inner.bottom-center,.wp-block-uagb-image--layout-overlay__inner.bottom-right{justify-content:flex-end}.wp-block-uagb-image--layout-overlay__inner.top-left,.wp-block-uagb-image--layout-overlay__inner.center-left,.wp-block-uagb-image--layout-overlay__inner.bottom-left{align-items:flex-start}.wp-block-uagb-image--layout-overlay__inner.top-right,.wp-block-uagb-image--layout-overlay__inner.center-right,.wp-block-uagb-image--layout-overlay__inner.bottom-right{align-items:flex-end}.wp-block-uagb-image--layout-overlay__inner .uagb-image-heading{color:#fff;transition:transform .35s,opacity .35s ease-in-out;transform:translate3d(0, 24px, 0);margin:0;line-height:1em}.wp-block-uagb-image--layout-overlay__inner .uagb-image-separator{width:30%;border-top-width:2px;border-top-color:#fff;border-top-style:solid;margin-bottom:10px;opacity:0;transition:transform .4s,opacity .4s ease-in-out;transform:translate3d(0, 30px, 0)}.wp-block-uagb-image--layout-overlay__inner .uagb-image-caption{opacity:0;overflow:visible;color:#fff;transition:transform .45s,opacity .45s ease-in-out;transform:translate3d(0, 35px, 0)}.wp-block-uagb-image--layout-overlay__inner:hover .uagb-image-heading,.wp-block-uagb-image--layout-overlay__inner:hover .uagb-image-separator,.wp-block-uagb-image--layout-overlay__inner:hover .uagb-image-caption{opacity:1;transform:translate3d(0, 0, 0)}.wp-block-uagb-image--effect-zoomin .wp-block-uagb-image__figure img,.wp-block-uagb-image--effect-zoomin .wp-block-uagb-image__figure .wp-block-uagb-image--layout-overlay__color-wrapper{transform:scale(1);transition:transform .35s ease-in-out}.wp-block-uagb-image--effect-zoomin .wp-block-uagb-image__figure:hover img,.wp-block-uagb-image--effect-zoomin .wp-block-uagb-image__figure:hover .wp-block-uagb-image--layout-overlay__color-wrapper{transform:scale(1.05)}.wp-block-uagb-image--effect-slide .wp-block-uagb-image__figure img,.wp-block-uagb-image--effect-slide .wp-block-uagb-image__figure .wp-block-uagb-image--layout-overlay__color-wrapper{width:calc(100% + 40px) !important;max-width:none !important;transform:translate3d(-40px, 0, 0);transition:transform .35s ease-in-out}.wp-block-uagb-image--effect-slide .wp-block-uagb-image__figure:hover img,.wp-block-uagb-image--effect-slide .wp-block-uagb-image__figure:hover .wp-block-uagb-image--layout-overlay__color-wrapper{transform:translate3d(0, 0, 0)}.wp-block-uagb-image--effect-grayscale img{filter:grayscale(0%);transition:.35s ease-in-out}.wp-block-uagb-image--effect-grayscale:hover img{filter:grayscale(100%)}.wp-block-uagb-image--effect-blur img{filter:blur(0);transition:.35s ease-in-out}.wp-block-uagb-image--effect-blur:hover img{filter:blur(3px)}.uagb-block-e6f939b3.wp-block-uagb-image--layout-default figure img{box-shadow: 0px 0px 0 #00000070;}.uagb-block-e6f939b3.wp-block-uagb-image .wp-block-uagb-image__figure figcaption{font-style: normal;align-self: center;}.uagb-block-e6f939b3.wp-block-uagb-image--layout-overlay figure img{box-shadow: 0px 0px 0 #00000070;}.uagb-block-e6f939b3.wp-block-uagb-image--layout-overlay .wp-block-uagb-image--layout-overlay__color-wrapper{opacity: 0.2;}.uagb-block-e6f939b3.wp-block-uagb-image--layout-overlay .wp-block-uagb-image--layout-overlay__inner{left: 15px;right: 15px;top: 15px;bottom: 15px;}.uagb-block-e6f939b3.wp-block-uagb-image--layout-overlay .wp-block-uagb-image--layout-overlay__inner .uagb-image-heading{font-style: normal;color: #fff;opacity: 1;}.uagb-block-e6f939b3.wp-block-uagb-image--layout-overlay .wp-block-uagb-image--layout-overlay__inner .uagb-image-heading a{color: #fff;}.uagb-block-e6f939b3.wp-block-uagb-image--layout-overlay .wp-block-uagb-image--layout-overlay__inner .uagb-image-caption{opacity: 0;}.uagb-block-e6f939b3.wp-block-uagb-image--layout-overlay .wp-block-uagb-image__figure:hover .wp-block-uagb-image--layout-overlay__color-wrapper{opacity: 1;}.uagb-block-e6f939b3.wp-block-uagb-image .wp-block-uagb-image--layout-overlay__inner .uagb-image-separator{width: 30%;border-top-width: 2px;border-top-color: #fff;opacity: 0;}.uagb-block-e6f939b3.wp-block-uagb-image .wp-block-uagb-image__figure img{width: px;height: auto;}.uagb-block-e6f939b3.wp-block-uagb-image .wp-block-uagb-image__figure:hover .wp-block-uagb-image--layout-overlay__inner .uagb-image-caption{opacity: 1;}.uagb-block-e6f939b3.wp-block-uagb-image .wp-block-uagb-image__figure:hover .wp-block-uagb-image--layout-overlay__inner .uagb-image-separator{opacity: 1;}.uagb-block-e6f939b3.wp-block-uagb-image--layout-default figure:hover img{box-shadow: 0px 0px 0 #00000070;}.uagb-block-e6f939b3.wp-block-uagb-image--layout-overlay figure:hover img{box-shadow: 0px 0px 0 #00000070;}@media only screen and (max-width: 976px) {.uagb-block-e6f939b3.wp-block-uagb-image .wp-block-uagb-image__figure img{width: px;height: auto;}}@media only screen and (max-width: 767px) {.uagb-block-e6f939b3.wp-block-uagb-image .wp-block-uagb-image__figure img{width: px;height: auto;}}\";s:2:\"js\";s:0:\"\";s:18:\"current_block_list\";a:13:{i:0;s:11:\"core\/search\";i:1;s:10:\"core\/group\";i:2;s:12:\"core\/heading\";i:3;s:17:\"core\/latest-posts\";i:4;s:20:\"core\/latest-comments\";i:5;s:13:\"core\/archives\";i:6;s:15:\"core\/categories\";i:7;s:14:\"core\/paragraph\";i:8;s:10:\"uagb\/image\";i:9;s:11:\"core\/spacer\";i:10;s:30:\"woocommerce\/product-categories\";i:11;s:10:\"core\/image\";i:12;s:14:\"core\/shortcode\";}s:8:\"uag_flag\";b:1;s:11:\"uag_version\";s:10:\"1777266507\";s:6:\"gfonts\";a:0:{}s:10:\"gfonts_url\";s:0:\"\";s:12:\"gfonts_files\";a:0:{}s:14:\"uag_faq_layout\";b:0;}"]},"uagb_featured_image_src":{"full":["https:\/\/www.ferberpainting.com\/wp-content\/uploads\/2025\/05\/Floor-Water-Repellent-5L-.png",2560,2560,false],"thumbnail":["https:\/\/www.ferberpainting.com\/wp-content\/uploads\/2025\/05\/Floor-Water-Repellent-5L--150x150.png",150,150,true],"medium":["https:\/\/www.ferberpainting.com\/wp-content\/uploads\/2025\/05\/Floor-Water-Repellent-5L--300x300.png",300,300,true],"medium_large":["https:\/\/www.ferberpainting.com\/wp-content\/uploads\/2025\/05\/Floor-Water-Repellent-5L--768x768.png",768,768,true],"large":["https:\/\/www.ferberpainting.com\/wp-content\/uploads\/2025\/05\/Floor-Water-Repellent-5L--1024x1024.png",1024,1024,true],"1536x1536":["https:\/\/www.ferberpainting.com\/wp-content\/uploads\/2025\/05\/Floor-Water-Repellent-5L--1536x1536.png",1536,1536,true],"2048x2048":["https:\/\/www.ferberpainting.com\/wp-content\/uploads\/2025\/05\/Floor-Water-Repellent-5L--2048x2048.png",2048,2048,true],"trp-custom-language-flag":["https:\/\/www.ferberpainting.com\/wp-content\/uploads\/2025\/05\/Floor-Water-Repellent-5L--12x12.png",12,12,true],"woocommerce_thumbnail":["https:\/\/www.ferberpainting.com\/wp-content\/uploads\/2025\/05\/Floor-Water-Repellent-5L--300x300.png",300,300,true],"woocommerce_single":["https:\/\/www.ferberpainting.com\/wp-content\/uploads\/2025\/05\/Floor-Water-Repellent-5L--600x600.png",600,600,true],"woocommerce_gallery_thumbnail":["https:\/\/www.ferberpainting.com\/wp-content\/uploads\/2025\/05\/Floor-Water-Repellent-5L--100x100.png",100,100,true]},"uagb_author_info":{"display_name":"admin","author_link":"https:\/\/www.ferberpainting.com\/cz\/author\/"},"uagb_comment_info":40,"uagb_excerpt":"Humidity protection.\u00a0The floor waterproofer is a specially formulated product to protect surfaces against water and moisture infiltration. This treatment is ideal for both exterior and interior floors, especially those exposed to harsh weather or high humidity, such as terraces, balconies, basements or garages. By applying the waterproofer, you create an invisible barrier that prevents water&hellip;","_links":{"self":[{"href":"https:\/\/www.ferberpainting.com\/cz\/wp-json\/wp\/v2\/product\/23459","targetHints":{"allow":["GET"]}}],"collection":[{"href":"https:\/\/www.ferberpainting.com\/cz\/wp-json\/wp\/v2\/product"}],"about":[{"href":"https:\/\/www.ferberpainting.com\/cz\/wp-json\/wp\/v2\/types\/product"}],"replies":[{"embeddable":true,"href":"https:\/\/www.ferberpainting.com\/cz\/wp-json\/wp\/v2\/comments?post=23459"}],"version-history":[{"count":5,"href":"https:\/\/www.ferberpainting.com\/cz\/wp-json\/wp\/v2\/product\/23459\/revisions"}],"predecessor-version":[{"id":166162,"href":"https:\/\/www.ferberpainting.com\/cz\/wp-json\/wp\/v2\/product\/23459\/revisions\/166162"}],"wp:featuredmedia":[{"embeddable":true,"href":"https:\/\/www.ferberpainting.com\/cz\/wp-json\/wp\/v2\/media\/36367"}],"wp:attachment":[{"href":"https:\/\/www.ferberpainting.com\/cz\/wp-json\/wp\/v2\/media?parent=23459"}],"wp:term":[{"taxonomy":"product_brand","embeddable":true,"href":"https:\/\/www.ferberpainting.com\/cz\/wp-json\/wp\/v2\/product_brand?post=23459"},{"taxonomy":"product_cat","embeddable":true,"href":"https:\/\/www.ferberpainting.com\/cz\/wp-json\/wp\/v2\/product_cat?post=23459"},{"taxonomy":"product_tag","embeddable":true,"href":"https:\/\/www.ferberpainting.com\/cz\/wp-json\/wp\/v2\/product_tag?post=23459"}],"curies":[{"name":"wp","href":"https:\/\/api.w.org\/{rel}","templated":true}]}}