{"id":23449,"date":"2025-05-26T10:24:11","date_gmt":"2025-05-26T08:24:11","guid":{"rendered":"https:\/\/www.ferberpainting.com\/products\/flea-killer\/"},"modified":"2026-02-15T14:10:34","modified_gmt":"2026-02-15T13:10:34","slug":"flea-killer","status":"publish","type":"product","link":"https:\/\/www.ferberpainting.com\/cz\/products\/flea-killer\/","title":{"rendered":"P\u0159\u00edpravky proti blech\u00e1m"},"content":{"rendered":"<p><img decoding=\"async\" style=\"margin-right: 12px;\" src=\"https:\/\/www.ferberpainting.com\/wp-content\/uploads\/2026\/02\/Check.svg\" alt=\"\" width=\"18\" height=\"15\" \/><strong>Rychle zlikvidujte blechy a obnovte pohodl\u00ed sv\u00e9ho domova.<\/strong> N\u00e1\u0161 p\u0159\u00edpravek proti blech\u00e1m je speci\u00e1ln\u011b vyvinut tak, aby \u00fa\u010dinn\u011b likvidoval blechy na podlah\u00e1ch, koberc\u00edch, m\u00edstech, kde odpo\u010d\u00edvaj\u00ed dom\u00e1c\u00ed mazl\u00ed\u010dci, a na povr\u0161\u00edch v dom\u00e1cnosti. P\u016fsob\u00ed rychle, likviduje dosp\u011bl\u00e9 blechy a v\u00fdznamn\u011b sni\u017euje \u00farove\u0148 zamo\u0159en\u00ed, \u010d\u00edm\u017e v\u00e1m pom\u00e1h\u00e1 znovu z\u00edskat \u010dist\u00e9, p\u0159\u00edjemn\u00e9 prost\u0159ed\u00ed bez \u0161k\u016fdc\u016f.<\/p>\n<p><strong><img decoding=\"async\" style=\"margin-right: 12px;\" src=\"https:\/\/www.ferberpainting.com\/wp-content\/uploads\/2026\/02\/Check.svg\" alt=\"\" width=\"18\" height=\"15\" \/>Nej\u00fa\u010dinn\u011bj\u0161\u00ed \u0159e\u0161en\u00ed proti blech\u00e1m na trhu.<\/strong> Tento p\u0159\u00edpravek s pokro\u010dil\u00fdmi \u00fa\u010dinn\u00fdmi l\u00e1tkami p\u016fsob\u00ed proti blech\u00e1m p\u0159i kontaktu a poskytuje rezidu\u00e1ln\u00ed ochranu na o\u0161et\u0159en\u00fdch povr\u0161\u00edch. Naru\u0161uje \u017eivotn\u00ed cyklus blech a sni\u017euje riziko op\u011btovn\u00e9ho napaden\u00ed, \u010d\u00edm\u017e dosahuje vynikaj\u00edc\u00edch v\u00fdsledk\u016f ve srovn\u00e1n\u00ed se z\u00e1kladn\u00edmi post\u0159iky nebo do\u010dasn\u00fdmi \u0159e\u0161en\u00edmi.<\/p>\n<p><strong><img decoding=\"async\" style=\"margin-right: 12px;\" src=\"https:\/\/www.ferberpainting.com\/wp-content\/uploads\/2026\/02\/Check.svg\" alt=\"\" width=\"18\" height=\"15\" \/>Z\u00e1ruka vr\u00e1cen\u00ed pen\u011bz pro naprost\u00fd klid.<\/strong> Jsme pln\u011b p\u0159esv\u011bd\u010deni o \u00fa\u010dinnosti na\u0161\u00ed l\u00e9\u010dby blech. Pokud nebudete s v\u00fdsledky zcela spokojeni, vr\u00e1t\u00edme v\u00e1m pen\u00edze za n\u00e1kup. Na\u0161e z\u00e1ruka vr\u00e1cen\u00ed pen\u011bz zaji\u0161\u0165uje, \u017ee va\u0161e investice je zcela bez rizika, a odr\u00e1\u017e\u00ed n\u00e1\u0161 z\u00e1vazek poskytovat profesion\u00e1ln\u00ed ochranu proti \u0161k\u016fdc\u016fm.<\/p>\n<p><strong><img decoding=\"async\" style=\"margin-right: 12px;\" src=\"https:\/\/www.ferberpainting.com\/wp-content\/uploads\/2026\/02\/Check.svg\" alt=\"\" width=\"18\" height=\"15\" \/>Nejlevn\u011bj\u0161\u00ed dostupn\u00fd vysoce \u00fa\u010dinn\u00fd p\u0159\u00edpravek proti blech\u00e1m.<\/strong> \u00da\u010dinn\u00e1 likvidace blech nemus\u00ed zahrnovat drah\u00e9 deratiza\u010dn\u00ed slu\u017eby. N\u00e1\u0161 v\u00fdrobek poskytuje siln\u00fd a spolehliv\u00fd v\u00fdkon za nejkonkurenceschopn\u011bj\u0161\u00ed cenu na trhu a nab\u00edz\u00ed vynikaj\u00edc\u00ed hodnotu pro majitele dom\u016f a spr\u00e1vce nemovitost\u00ed.<\/p>\n<p><strong><img decoding=\"async\" style=\"margin-right: 12px;\" src=\"https:\/\/www.ferberpainting.com\/wp-content\/uploads\/2026\/02\/Check.svg\" alt=\"\" width=\"18\" height=\"15\" \/>Rychl\u00e9 24hodinov\u00e9 doru\u010den\u00ed v p\u0159\u00edpad\u011b nal\u00e9hav\u00e9ho napaden\u00ed.<\/strong> Napaden\u00ed blechami se m\u016f\u017ee rychle \u0161\u00ed\u0159it a zp\u016fsobovat nep\u0159\u00edjemn\u00e9 pocity dom\u00e1c\u00edm zv\u00ed\u0159at\u016fm i lidem. Proto poskytujeme spolehliv\u00e9 24hodinov\u00e9 doru\u010den\u00ed, kter\u00e9 zajist\u00ed, \u017ee l\u00e9\u010dba doraz\u00ed rychle, abyste mohli okam\u017eit\u011b jednat.<\/p>\n<p><strong><img decoding=\"async\" style=\"margin-right: 12px;\" src=\"https:\/\/www.ferberpainting.com\/wp-content\/uploads\/2026\/02\/Check.svg\" alt=\"\" width=\"18\" height=\"15\" \/>Pokryt\u00ed a\u017e 20 m\u00b2 na litr pro \u00fa\u010dinn\u00e9 o\u0161et\u0159en\u00ed.<\/strong> Jeden litr o\u0161et\u0159\u00ed a\u017e 20 metr\u016f \u010dtvere\u010dn\u00edch, co\u017e umo\u017e\u0148uje p\u0159esn\u00e9 pl\u00e1nov\u00e1n\u00ed a hospod\u00e1rnou aplikaci. Takto definovan\u00e9 pokryt\u00ed zaji\u0161\u0165uje d\u016fkladnou distribuci a \u00fa\u010dinnou ochranu na cel\u00e9 o\u0161et\u0159en\u00e9 plo\u0161e.<\/p>\n<p><strong><img decoding=\"async\" style=\"margin-right: 12px;\" src=\"https:\/\/www.ferberpainting.com\/wp-content\/uploads\/2026\/02\/Check.svg\" alt=\"\" width=\"18\" height=\"15\" \/>Zam\u011b\u0159uje se na aktivn\u00ed blechy a pom\u00e1h\u00e1 omezit pokra\u010dov\u00e1n\u00ed \u017eivotn\u00edho cyklu.<\/strong> Slo\u017een\u00ed likviduje dosp\u011bl\u00e9 blechy p\u0159i kontaktu a zanech\u00e1v\u00e1 ochrann\u00e9 zbytky, kter\u00e9 nad\u00e1le p\u016fsob\u00ed na povr\u0161\u00edch a pom\u00e1haj\u00ed omezit vznik nov\u00fdch infekc\u00ed.<\/p>\n<p><strong><img decoding=\"async\" style=\"margin-right: 12px;\" src=\"https:\/\/www.ferberpainting.com\/wp-content\/uploads\/2026\/02\/Check.svg\" alt=\"\" width=\"18\" height=\"15\" \/>Vhodn\u00e9 pro v\u00edce vnit\u0159n\u00edch povrch\u016f.<\/strong> Tento p\u0159\u00edpravek proti blech\u00e1m lze aplikovat na koberce, kobere\u010dky, lo\u017en\u00ed plochy pro dom\u00e1c\u00ed zv\u00ed\u0159ata, \u0161kv\u00edry, podlahov\u00e9 li\u0161ty a podlahov\u00e9 plochy. Je vhodn\u00fd pro obytn\u00e9 prost\u0159ed\u00ed, byty a lehk\u00e9 komer\u010dn\u00ed prostory.<\/p>\n<p><strong><img decoding=\"async\" style=\"margin-right: 12px;\" src=\"https:\/\/www.ferberpainting.com\/wp-content\/uploads\/2026\/02\/Check.svg\" alt=\"\" width=\"18\" height=\"15\" \/>Pom\u00e1h\u00e1 zlep\u0161it hygienu a pohodl\u00ed.<\/strong> Eliminac\u00ed blech a sn\u00ed\u017een\u00edm tlaku na zamo\u0159en\u00ed pom\u00e1h\u00e1 tato l\u00e9\u010dba p\u0159edch\u00e1zet kousnut\u00ed, sv\u011bd\u011bn\u00ed a nepohodl\u00ed dom\u00e1c\u00edch zv\u00ed\u0159at i obyvatel domu. P\u0159isp\u00edv\u00e1 ke zdrav\u011bj\u0161\u00edmu vnit\u0159n\u00edmu prost\u0159ed\u00ed.<\/p>\n<p><strong><img decoding=\"async\" style=\"margin-right: 12px;\" src=\"https:\/\/www.ferberpainting.com\/wp-content\/uploads\/2026\/02\/Check.svg\" alt=\"\" width=\"18\" height=\"15\" \/>Snadno pou\u017eiteln\u00fd sprejov\u00fd form\u00e1t pro p\u0159esnou aplikaci.<\/strong> Kapalina p\u0159ipraven\u00e1 k pou\u017eit\u00ed umo\u017e\u0148uje p\u0159\u00edmou a kontrolovanou aplikaci na posti\u017een\u00e1 m\u00edsta bez slo\u017eit\u00e9 p\u0159\u00edpravy. D\u00edky sv\u00e9mu u\u017eivatelsky p\u0159\u00edv\u011btiv\u00e9mu designu je vhodn\u00fd jak pro b\u011b\u017enou \u00fadr\u017ebu, tak pro nouzov\u00e9 o\u0161et\u0159en\u00ed.<\/p>\n<h2><strong>Pokyny<\/strong><\/h2>\n<ul>\n<li>P\u0159ed aplikac\u00ed o\u0161et\u0159enou plochu d\u016fkladn\u011b vysajte, abyste odstranili prach, ne\u010distoty a vaj\u00ed\u010dka blech. S\u00e1\u010dek z vysava\u010de zlikvidujte ihned po \u00faklidu.<\/li>\n<li>P\u0159ed pou\u017eit\u00edm lahvi\u010dku dob\u0159e prot\u0159epejte, abyste zajistili rovnom\u011brn\u00e9 rozlo\u017een\u00ed \u00fa\u010dinn\u00fdch l\u00e1tek.<\/li>\n<li>Aplikujte rovnom\u011brn\u011b na koberce, p\u0159edlo\u017eky, praskliny, podlahov\u00e9 li\u0161ty a m\u00edsta, kde odpo\u010d\u00edvaj\u00ed dom\u00e1c\u00ed mazl\u00ed\u010dci. Vyvarujte se p\u0159esycen\u00ed povrch\u016f.<\/li>\n<li>Dodr\u017eujte doporu\u010denou kryc\u00ed d\u00e1vku a\u017e 20 m\u00b2 na litr. To odpov\u00edd\u00e1 p\u0159ibli\u017en\u011b 50 ml na metr \u010dtvere\u010dn\u00ed v z\u00e1vislosti na nas\u00e1kavosti povrchu.<\/li>\n<li>P\u0159ed op\u011btovn\u00fdm vstupem dom\u00e1c\u00edch zv\u00ed\u0159at nebo osob do prostoru nechte o\u0161et\u0159en\u00e9 povrchy zcela vyschnout.<\/li>\n<li>Zajist\u011bte \u0159\u00e1dn\u00e9 v\u011btr\u00e1n\u00ed b\u011bhem aplikace a po n\u00ed.<\/li>\n<li>P\u0159i siln\u00e9m napaden\u00ed opakujte o\u0161et\u0159en\u00ed po 7 a\u017e 14 dnech, pokud je to nutn\u00e9 k p\u0159eru\u0161en\u00ed \u017eivotn\u00edho cyklu blech.<\/li>\n<li>Pro dosa\u017een\u00ed optim\u00e1ln\u00edch v\u00fdsledk\u016f perte podest\u00fdlku pro zv\u00ed\u0159ata odd\u011blen\u011b a d\u016fkladn\u011b o\u0161et\u0159ujte m\u00edsta, kde zv\u00ed\u0159ata odpo\u010d\u00edvaj\u00ed.<\/li>\n<li>Nest\u0159\u00edkejte p\u0159\u00edmo na dom\u00e1c\u00ed zv\u00ed\u0159ata, pokud to nen\u00ed v\u00fdslovn\u011b uvedeno v pokynech veterin\u00e1rn\u00edho l\u00e9ka\u0159e.<\/li>\n<li>P\u0159\u00edpravek skladujte na chladn\u00e9m a such\u00e9m m\u00edst\u011b mimo dosah p\u0159\u00edm\u00e9ho slune\u010dn\u00edho z\u00e1\u0159en\u00ed a po pou\u017eit\u00ed n\u00e1dobu pevn\u011b uzav\u0159ete.<\/li>\n<\/ul>","protected":false},"excerpt":{"rendered":"<p>Eliminate fleas quickly and restore comfort to your home. Our flea treatment is specially formulated to eradicate fleas efficiently from floors, carpets, pet resting areas, and household surfaces. It acts rapidly to eliminate adult fleas and significantly reduce infestation levels, helping you regain a clean, comfortable, and pest-free living environment. The most effective flea control [&hellip;]<\/p>\n","protected":false},"featured_media":25985,"comment_status":"open","ping_status":"closed","template":"","meta":{"_uag_custom_page_level_css":"","site-sidebar-layout":"default","site-content-layout":"","ast-site-content-layout":"default","site-content-style":"default","site-sidebar-style":"default","ast-global-header-display":"","ast-banner-title-visibility":"","ast-main-header-display":"","ast-hfb-above-header-display":"","ast-hfb-below-header-display":"","ast-hfb-mobile-header-display":"","site-post-title":"","ast-breadcrumbs-content":"","ast-featured-img":"","footer-sml-layout":"","ast-disable-related-posts":"","theme-transparent-header-meta":"default","adv-header-id-meta":"","stick-header-meta":"","header-above-stick-meta":"","header-main-stick-meta":"","header-below-stick-meta":"","astra-migrate-meta-layouts":"set","ast-page-background-enabled":"default","ast-page-background-meta":{"desktop":{"background-color":"var(--ast-global-color-4)","background-image":"","background-repeat":"repeat","background-position":"center center","background-size":"auto","background-attachment":"scroll","background-type":"","background-media":"","overlay-type":"","overlay-color":"","overlay-opacity":"","overlay-gradient":""},"tablet":{"background-color":"","background-image":"","background-repeat":"repeat","background-position":"center center","background-size":"auto","background-attachment":"scroll","background-type":"","background-media":"","overlay-type":"","overlay-color":"","overlay-opacity":"","overlay-gradient":""},"mobile":{"background-color":"","background-image":"","background-repeat":"repeat","background-position":"center center","background-size":"auto","background-attachment":"scroll","background-type":"","background-media":"","overlay-type":"","overlay-color":"","overlay-opacity":"","overlay-gradient":""}},"ast-content-background-meta":{"desktop":{"background-color":"var(--ast-global-color-5)","background-image":"","background-repeat":"repeat","background-position":"center center","background-size":"auto","background-attachment":"scroll","background-type":"","background-media":"","overlay-type":"","overlay-color":"","overlay-opacity":"","overlay-gradient":""},"tablet":{"background-color":"var(--ast-global-color-5)","background-image":"","background-repeat":"repeat","background-position":"center center","background-size":"auto","background-attachment":"scroll","background-type":"","background-media":"","overlay-type":"","overlay-color":"","overlay-opacity":"","overlay-gradient":""},"mobile":{"background-color":"var(--ast-global-color-5)","background-image":"","background-repeat":"repeat","background-position":"center center","background-size":"auto","background-attachment":"scroll","background-type":"","background-media":"","overlay-type":"","overlay-color":"","overlay-opacity":"","overlay-gradient":""}}},"product_brand":[],"product_cat":[183],"product_tag":[],"class_list":{"0":"post-23449","1":"product","2":"type-product","3":"status-publish","4":"has-post-thumbnail","6":"product_cat-pest-control","7":"desktop-align-left","8":"tablet-align-left","9":"mobile-align-left","11":"first","12":"instock","13":"sale","14":"shipping-taxable","15":"purchasable","16":"product-type-variable","17":"has-default-attributes"},"spectra_custom_meta":{"_visibility":["visible"],"_shopify_product_id":["7961598853365"],"_s2w_shopify_domain":["ferberpainting.myshopify.com"],"_shopify_variant_id":["43531891343605"],"_sku":[""],"_manage_stock":["no"],"total_sales":["100"],"_tax_status":["taxable"],"_tax_class":[""],"_backorders":["no"],"_sold_individually":["no"],"_virtual":["no"],"_downloadable":["no"],"_download_limit":["-1"],"_download_expiry":["-1"],"_stock":[null],"_stock_status":["instock"],"_wc_average_rating":["5.00"],"_wc_review_count":["49"],"_product_attributes":["a:1:{s:6:\"volume\";a:6:{s:4:\"name\";s:6:\"Volume\";s:5:\"value\";s:30:\"1 liter | 5 liters | 25 liters\";s:8:\"position\";i:1;s:10:\"is_visible\";i:0;s:12:\"is_variation\";i:1;s:11:\"is_taxonomy\";i:0;}}"],"_product_version":["10.5.1"],"_thumbnail_id":["25985"],"_product_image_gallery":["25986,25987"],"wpse_downloadable_file_names":[""],"wpse_downloadable_file_urls":[""],"_edit_last":["1"],"_default_attributes":["a:1:{s:6:\"volume\";s:7:\"1 liter\";}"],"_wc_rating_count":["a:1:{i:5;i:49;}"],"_edit_lock":["1771160904:1"],"merchant-center-availability":["yes"],"merchant-center-category":["512"],"_price":["29.90","129.90","499.90"],"_wp_page_template":["default"],"site-sidebar-layout":["default"],"ast-site-content-layout":["default"],"site-content-style":["default"],"site-sidebar-style":["default"],"theme-transparent-header-meta":["default"],"merchant-center-id":["FK"],"astra-migrate-meta-layouts":["set"],"_uag_css_file_name":["uag-css-23449.css"],"_elementor_page_assets":["a:0:{}"],"_uag_page_assets":["a:9:{s:3:\"css\";s:7133:\".uag-blocks-common-selector{z-index:var(--z-index-desktop) !important}@media(max-width: 976px){.uag-blocks-common-selector{z-index:var(--z-index-tablet) !important}}@media(max-width: 767px){.uag-blocks-common-selector{z-index:var(--z-index-mobile) !important}}.wp-block-uagb-image{display:flex}.wp-block-uagb-image__figure{position:relative;display:flex;flex-direction:column;max-width:100%;height:auto;margin:0}.wp-block-uagb-image__figure img{height:auto;display:flex;max-width:100%;transition:box-shadow .2s ease}.wp-block-uagb-image__figure>a{display:inline-block}.wp-block-uagb-image__figure figcaption{text-align:center;margin-top:.5em;margin-bottom:1em}.wp-block-uagb-image .components-placeholder.block-editor-media-placeholder .components-placeholder__instructions{align-self:center}.wp-block-uagb-image--align-left{text-align:left}.wp-block-uagb-image--align-right{text-align:right}.wp-block-uagb-image--align-center{text-align:center}.wp-block-uagb-image--align-full .wp-block-uagb-image__figure{margin-left:calc(50% - 50vw);margin-right:calc(50% - 50vw);max-width:100vw;width:100vw;height:auto}.wp-block-uagb-image--align-full .wp-block-uagb-image__figure img{height:auto;width:100% !important}.wp-block-uagb-image--align-wide .wp-block-uagb-image__figure img{height:auto;width:100%}.wp-block-uagb-image--layout-overlay__color-wrapper{position:absolute;left:0;top:0;right:0;bottom:0;opacity:.2;background:rgba(0,0,0,.5);transition:opacity .35s ease-in-out}.wp-block-uagb-image--layout-overlay-link{position:absolute;left:0;right:0;bottom:0;top:0}.wp-block-uagb-image--layout-overlay .wp-block-uagb-image__figure:hover .wp-block-uagb-image--layout-overlay__color-wrapper{opacity:1}.wp-block-uagb-image--layout-overlay__inner{position:absolute;left:15px;right:15px;bottom:15px;top:15px;display:flex;align-items:center;justify-content:center;flex-direction:column;border-color:#fff;transition:.35s ease-in-out}.wp-block-uagb-image--layout-overlay__inner.top-left,.wp-block-uagb-image--layout-overlay__inner.top-center,.wp-block-uagb-image--layout-overlay__inner.top-right{justify-content:flex-start}.wp-block-uagb-image--layout-overlay__inner.bottom-left,.wp-block-uagb-image--layout-overlay__inner.bottom-center,.wp-block-uagb-image--layout-overlay__inner.bottom-right{justify-content:flex-end}.wp-block-uagb-image--layout-overlay__inner.top-left,.wp-block-uagb-image--layout-overlay__inner.center-left,.wp-block-uagb-image--layout-overlay__inner.bottom-left{align-items:flex-start}.wp-block-uagb-image--layout-overlay__inner.top-right,.wp-block-uagb-image--layout-overlay__inner.center-right,.wp-block-uagb-image--layout-overlay__inner.bottom-right{align-items:flex-end}.wp-block-uagb-image--layout-overlay__inner .uagb-image-heading{color:#fff;transition:transform .35s,opacity .35s ease-in-out;transform:translate3d(0, 24px, 0);margin:0;line-height:1em}.wp-block-uagb-image--layout-overlay__inner .uagb-image-separator{width:30%;border-top-width:2px;border-top-color:#fff;border-top-style:solid;margin-bottom:10px;opacity:0;transition:transform .4s,opacity .4s ease-in-out;transform:translate3d(0, 30px, 0)}.wp-block-uagb-image--layout-overlay__inner .uagb-image-caption{opacity:0;overflow:visible;color:#fff;transition:transform .45s,opacity .45s ease-in-out;transform:translate3d(0, 35px, 0)}.wp-block-uagb-image--layout-overlay__inner:hover .uagb-image-heading,.wp-block-uagb-image--layout-overlay__inner:hover .uagb-image-separator,.wp-block-uagb-image--layout-overlay__inner:hover .uagb-image-caption{opacity:1;transform:translate3d(0, 0, 0)}.wp-block-uagb-image--effect-zoomin .wp-block-uagb-image__figure img,.wp-block-uagb-image--effect-zoomin .wp-block-uagb-image__figure .wp-block-uagb-image--layout-overlay__color-wrapper{transform:scale(1);transition:transform .35s ease-in-out}.wp-block-uagb-image--effect-zoomin .wp-block-uagb-image__figure:hover img,.wp-block-uagb-image--effect-zoomin .wp-block-uagb-image__figure:hover .wp-block-uagb-image--layout-overlay__color-wrapper{transform:scale(1.05)}.wp-block-uagb-image--effect-slide .wp-block-uagb-image__figure img,.wp-block-uagb-image--effect-slide .wp-block-uagb-image__figure .wp-block-uagb-image--layout-overlay__color-wrapper{width:calc(100% + 40px) !important;max-width:none !important;transform:translate3d(-40px, 0, 0);transition:transform .35s ease-in-out}.wp-block-uagb-image--effect-slide .wp-block-uagb-image__figure:hover img,.wp-block-uagb-image--effect-slide .wp-block-uagb-image__figure:hover .wp-block-uagb-image--layout-overlay__color-wrapper{transform:translate3d(0, 0, 0)}.wp-block-uagb-image--effect-grayscale img{filter:grayscale(0%);transition:.35s ease-in-out}.wp-block-uagb-image--effect-grayscale:hover img{filter:grayscale(100%)}.wp-block-uagb-image--effect-blur img{filter:blur(0);transition:.35s ease-in-out}.wp-block-uagb-image--effect-blur:hover img{filter:blur(3px)}.uagb-block-e6f939b3.wp-block-uagb-image--layout-default figure img{box-shadow: 0px 0px 0 #00000070;}.uagb-block-e6f939b3.wp-block-uagb-image .wp-block-uagb-image__figure figcaption{font-style: normal;align-self: center;}.uagb-block-e6f939b3.wp-block-uagb-image--layout-overlay figure img{box-shadow: 0px 0px 0 #00000070;}.uagb-block-e6f939b3.wp-block-uagb-image--layout-overlay .wp-block-uagb-image--layout-overlay__color-wrapper{opacity: 0.2;}.uagb-block-e6f939b3.wp-block-uagb-image--layout-overlay .wp-block-uagb-image--layout-overlay__inner{left: 15px;right: 15px;top: 15px;bottom: 15px;}.uagb-block-e6f939b3.wp-block-uagb-image--layout-overlay .wp-block-uagb-image--layout-overlay__inner .uagb-image-heading{font-style: normal;color: #fff;opacity: 1;}.uagb-block-e6f939b3.wp-block-uagb-image--layout-overlay .wp-block-uagb-image--layout-overlay__inner .uagb-image-heading a{color: #fff;}.uagb-block-e6f939b3.wp-block-uagb-image--layout-overlay .wp-block-uagb-image--layout-overlay__inner .uagb-image-caption{opacity: 0;}.uagb-block-e6f939b3.wp-block-uagb-image--layout-overlay .wp-block-uagb-image__figure:hover .wp-block-uagb-image--layout-overlay__color-wrapper{opacity: 1;}.uagb-block-e6f939b3.wp-block-uagb-image .wp-block-uagb-image--layout-overlay__inner .uagb-image-separator{width: 30%;border-top-width: 2px;border-top-color: #fff;opacity: 0;}.uagb-block-e6f939b3.wp-block-uagb-image .wp-block-uagb-image__figure img{width: px;height: auto;}.uagb-block-e6f939b3.wp-block-uagb-image .wp-block-uagb-image__figure:hover .wp-block-uagb-image--layout-overlay__inner .uagb-image-caption{opacity: 1;}.uagb-block-e6f939b3.wp-block-uagb-image .wp-block-uagb-image__figure:hover .wp-block-uagb-image--layout-overlay__inner .uagb-image-separator{opacity: 1;}.uagb-block-e6f939b3.wp-block-uagb-image--layout-default figure:hover img{box-shadow: 0px 0px 0 #00000070;}.uagb-block-e6f939b3.wp-block-uagb-image--layout-overlay figure:hover img{box-shadow: 0px 0px 0 #00000070;}@media only screen and (max-width: 976px) {.uagb-block-e6f939b3.wp-block-uagb-image .wp-block-uagb-image__figure img{width: px;height: auto;}}@media only screen and (max-width: 767px) {.uagb-block-e6f939b3.wp-block-uagb-image .wp-block-uagb-image__figure img{width: px;height: auto;}}\";s:2:\"js\";s:0:\"\";s:18:\"current_block_list\";a:13:{i:0;s:11:\"core\/search\";i:1;s:10:\"core\/group\";i:2;s:12:\"core\/heading\";i:3;s:17:\"core\/latest-posts\";i:4;s:20:\"core\/latest-comments\";i:5;s:13:\"core\/archives\";i:6;s:15:\"core\/categories\";i:7;s:14:\"core\/paragraph\";i:8;s:10:\"uagb\/image\";i:9;s:11:\"core\/spacer\";i:10;s:30:\"woocommerce\/product-categories\";i:11;s:10:\"core\/image\";i:12;s:14:\"core\/shortcode\";}s:8:\"uag_flag\";b:1;s:11:\"uag_version\";s:10:\"1777101743\";s:6:\"gfonts\";a:0:{}s:10:\"gfonts_url\";s:0:\"\";s:12:\"gfonts_files\";a:0:{}s:14:\"uag_faq_layout\";b:0;}"]},"uagb_featured_image_src":{"full":["https:\/\/www.ferberpainting.com\/wp-content\/uploads\/2025\/05\/Flea_Treatment_1L.png",2560,2560,false],"thumbnail":["https:\/\/www.ferberpainting.com\/wp-content\/uploads\/2025\/05\/Flea_Treatment_1L-150x150.png",150,150,true],"medium":["https:\/\/www.ferberpainting.com\/wp-content\/uploads\/2025\/05\/Flea_Treatment_1L-300x300.png",300,300,true],"medium_large":["https:\/\/www.ferberpainting.com\/wp-content\/uploads\/2025\/05\/Flea_Treatment_1L-768x768.png",768,768,true],"large":["https:\/\/www.ferberpainting.com\/wp-content\/uploads\/2025\/05\/Flea_Treatment_1L-1024x1024.png",1024,1024,true],"1536x1536":["https:\/\/www.ferberpainting.com\/wp-content\/uploads\/2025\/05\/Flea_Treatment_1L-1536x1536.png",1536,1536,true],"2048x2048":["https:\/\/www.ferberpainting.com\/wp-content\/uploads\/2025\/05\/Flea_Treatment_1L-2048x2048.png",2048,2048,true],"trp-custom-language-flag":["https:\/\/www.ferberpainting.com\/wp-content\/uploads\/2025\/05\/Flea_Treatment_1L-12x12.png",12,12,true],"woocommerce_thumbnail":["https:\/\/www.ferberpainting.com\/wp-content\/uploads\/2025\/05\/Flea_Treatment_1L-300x300.png",300,300,true],"woocommerce_single":["https:\/\/www.ferberpainting.com\/wp-content\/uploads\/2025\/05\/Flea_Treatment_1L-600x600.png",600,600,true],"woocommerce_gallery_thumbnail":["https:\/\/www.ferberpainting.com\/wp-content\/uploads\/2025\/05\/Flea_Treatment_1L-100x100.png",100,100,true]},"uagb_author_info":{"display_name":"admin","author_link":"https:\/\/www.ferberpainting.com\/cz\/author\/"},"uagb_comment_info":49,"uagb_excerpt":"Eliminate fleas quickly and restore comfort to your home. Our flea treatment is specially formulated to eradicate fleas efficiently from floors, carpets, pet resting areas, and household surfaces. It acts rapidly to eliminate adult fleas and significantly reduce infestation levels, helping you regain a clean, comfortable, and pest-free living environment. The most effective flea control&hellip;","_links":{"self":[{"href":"https:\/\/www.ferberpainting.com\/cz\/wp-json\/wp\/v2\/product\/23449","targetHints":{"allow":["GET"]}}],"collection":[{"href":"https:\/\/www.ferberpainting.com\/cz\/wp-json\/wp\/v2\/product"}],"about":[{"href":"https:\/\/www.ferberpainting.com\/cz\/wp-json\/wp\/v2\/types\/product"}],"replies":[{"embeddable":true,"href":"https:\/\/www.ferberpainting.com\/cz\/wp-json\/wp\/v2\/comments?post=23449"}],"version-history":[{"count":4,"href":"https:\/\/www.ferberpainting.com\/cz\/wp-json\/wp\/v2\/product\/23449\/revisions"}],"predecessor-version":[{"id":166158,"href":"https:\/\/www.ferberpainting.com\/cz\/wp-json\/wp\/v2\/product\/23449\/revisions\/166158"}],"wp:featuredmedia":[{"embeddable":true,"href":"https:\/\/www.ferberpainting.com\/cz\/wp-json\/wp\/v2\/media\/25985"}],"wp:attachment":[{"href":"https:\/\/www.ferberpainting.com\/cz\/wp-json\/wp\/v2\/media?parent=23449"}],"wp:term":[{"taxonomy":"product_brand","embeddable":true,"href":"https:\/\/www.ferberpainting.com\/cz\/wp-json\/wp\/v2\/product_brand?post=23449"},{"taxonomy":"product_cat","embeddable":true,"href":"https:\/\/www.ferberpainting.com\/cz\/wp-json\/wp\/v2\/product_cat?post=23449"},{"taxonomy":"product_tag","embeddable":true,"href":"https:\/\/www.ferberpainting.com\/cz\/wp-json\/wp\/v2\/product_tag?post=23449"}],"curies":[{"name":"wp","href":"https:\/\/api.w.org\/{rel}","templated":true}]}}