{"id":23220,"date":"2025-05-26T10:23:23","date_gmt":"2025-05-26T08:23:23","guid":{"rendered":"https:\/\/www.ferberpainting.com\/products\/expansive-mortar\/"},"modified":"2026-02-19T07:20:14","modified_gmt":"2026-02-19T06:20:14","slug":"expansive-mortar","status":"publish","type":"product","link":"https:\/\/www.ferberpainting.com\/cz\/products\/expansive-mortar\/","title":{"rendered":"Expanzn\u00ed malta"},"content":{"rendered":"<p><img decoding=\"async\" style=\"margin-right: 12px;\" src=\"https:\/\/www.ferberpainting.com\/wp-content\/uploads\/2026\/02\/Check.svg\" alt=\"\" width=\"18\" height=\"15\" \/><strong>Vytv\u00e1\u0159ejte silnou, \u0159\u00edzenou expanzi pro bezpe\u010dn\u00e9 rozb\u00edjen\u00ed betonu.<\/strong> Na\u0161e rozp\u00ednav\u00e1 malta je speci\u00e1ln\u011b vyvinut\u00e1 tak, aby po sm\u00edch\u00e1n\u00ed s vodou a nalit\u00ed do vyvrtan\u00fdch otvor\u016f vytv\u00e1\u0159ela vysok\u00fd expanzn\u00ed tlak. Vytv\u00e1\u0159\u00ed \u0159\u00edzenou vnit\u0159n\u00ed s\u00edlu, kter\u00e1 l\u00e1me beton, sk\u00e1lu a k\u00e1men bez nutnosti pou\u017eit\u00ed v\u00fdbu\u0161nin, t\u011b\u017ek\u00fdch vibra\u010dn\u00edch za\u0159\u00edzen\u00ed nebo demoli\u010dn\u00edch stroj\u016f. Toto bezpe\u010dn\u00e9 a p\u0159esn\u00e9 \u0159e\u0161en\u00ed trhlin je ide\u00e1ln\u00ed pro projekty stavebn\u00edch \u00faprav a \u0159\u00edzen\u00e9ho odstra\u0148ov\u00e1n\u00ed.<\/p>\n<p><strong><img decoding=\"async\" style=\"margin-right: 12px;\" src=\"https:\/\/www.ferberpainting.com\/wp-content\/uploads\/2026\/02\/Check.svg\" alt=\"\" width=\"18\" height=\"15\" \/>Nej\u00fa\u010dinn\u011bj\u0161\u00ed dostupn\u00e9 nev\u00fdbu\u0161n\u00e9 demoli\u010dn\u00ed \u0159e\u0161en\u00ed.<\/strong> Tato malta je navr\u017eena s pou\u017eit\u00edm pokro\u010dil\u00fdch expanzivn\u00edch sm\u011bs\u00ed a po nanesen\u00ed vytv\u00e1\u0159\u00ed silnou a konzistentn\u00ed rozp\u00ednavost. Postupn\u011b vytv\u00e1\u0159\u00ed tlak v uzav\u0159en\u00fdch vyvrtan\u00fdch otvorech, co\u017e zp\u016fsobuje \u010dist\u00e9 a p\u0159edv\u00eddateln\u00e9 prask\u00e1n\u00ed tvrd\u00fdch materi\u00e1l\u016f. Ve srovn\u00e1n\u00ed s mechanick\u00fdmi rozbru\u0161ovac\u00edmi nebo sb\u00edjec\u00edmi kladivy poskytuje ti\u0161\u0161\u00ed, p\u0159esn\u011bj\u0161\u00ed a m\u00e9n\u011b ru\u0161iv\u00e9 v\u00fdsledky.<\/p>\n<p><strong><img decoding=\"async\" style=\"margin-right: 12px;\" src=\"https:\/\/www.ferberpainting.com\/wp-content\/uploads\/2026\/02\/Check.svg\" alt=\"\" width=\"18\" height=\"15\" \/>Z\u00e1ruka vr\u00e1cen\u00ed pen\u011bz pro naprostou jistotu.<\/strong> Jsme si pln\u011b jisti v\u00fdkonnost\u00ed na\u0161\u00ed expanzivn\u00ed malty. Pokud nebudete s v\u00fdsledky zcela spokojeni, vr\u00e1t\u00edme v\u00e1m pen\u00edze za n\u00e1kup. Na\u0161e z\u00e1ruka vr\u00e1cen\u00ed pen\u011bz zaji\u0161\u0165uje, \u017ee va\u0161e investice je zcela bez rizika, a odr\u00e1\u017e\u00ed n\u00e1\u0161 z\u00e1vazek spolehlivosti na profesion\u00e1ln\u00ed \u00farovni.<\/p>\n<p><strong><img decoding=\"async\" style=\"margin-right: 12px;\" src=\"https:\/\/www.ferberpainting.com\/wp-content\/uploads\/2026\/02\/Check.svg\" alt=\"\" width=\"18\" height=\"15\" \/>Nejlevn\u011bj\u0161\u00ed vysoce v\u00fdkonn\u00e1 rozp\u00ednav\u00e1 malta na trhu.<\/strong> \u0158\u00edzen\u00e1 demolice nemus\u00ed zahrnovat drah\u00e9 vybaven\u00ed ani trhac\u00ed pr\u00e1ce. Na\u0161e expanzivn\u00ed malta p\u0159in\u00e1\u0161\u00ed siln\u00e9 v\u00fdsledky za nejkonkurenceschopn\u011bj\u0161\u00ed dostupnou cenu a nab\u00edz\u00ed v\u00fdjime\u010dnou hodnotu pro dodavatele, stavebn\u00ed profesion\u00e1ly a majitele nemovitost\u00ed.<\/p>\n<p><strong><img decoding=\"async\" style=\"margin-right: 12px;\" src=\"https:\/\/www.ferberpainting.com\/wp-content\/uploads\/2026\/02\/Check.svg\" alt=\"\" width=\"18\" height=\"15\" \/>Rychl\u00e9 dod\u00e1n\u00ed do 24 hodin pro \u010dasov\u011b n\u00e1ro\u010dn\u00e9 demoli\u010dn\u00ed projekty.<\/strong> Harmonogramy v\u00fdstavby a demolice jsou velmi d\u016fle\u017eit\u00e9. Proto nab\u00edz\u00edme spolehlivou dod\u00e1vku 24 hodin denn\u011b, kter\u00e1 zajist\u00ed, \u017ee va\u0161e expanzivn\u00ed malta doraz\u00ed rychle a v\u00e1\u0161 projekt bude moci pokra\u010dovat bez zpo\u017ed\u011bn\u00ed.<\/p>\n<p><strong><img decoding=\"async\" style=\"margin-right: 12px;\" src=\"https:\/\/www.ferberpainting.com\/wp-content\/uploads\/2026\/02\/Check.svg\" alt=\"\" width=\"18\" height=\"15\" \/>Tich\u00fd proces krakov\u00e1n\u00ed bez vibrac\u00ed.<\/strong> Na rozd\u00edl od tradi\u010dn\u00edch demoli\u010dn\u00edch metod pracuje tato expanzivn\u00ed malta bez hluku, r\u00e1zov\u00fdch vln a vibrac\u00ed konstrukce. Je ide\u00e1ln\u00ed pro pou\u017eit\u00ed v m\u011bstsk\u00e9m prost\u0159ed\u00ed, obytn\u00fdch oblastech, pr\u016fmyslov\u00fdch objektech a citliv\u00fdch m\u00edstech, kde je t\u0159eba minimalizovat hluk a naru\u0161en\u00ed konstrukce.<\/p>\n<p><strong><img decoding=\"async\" style=\"margin-right: 12px;\" src=\"https:\/\/www.ferberpainting.com\/wp-content\/uploads\/2026\/02\/Check.svg\" alt=\"\" width=\"18\" height=\"15\" \/>Vysok\u00fd expanzn\u00ed tlak pro spolehliv\u00e9 \u0161t\u011bpen\u00ed materi\u00e1lu.<\/strong> Po sm\u00edch\u00e1n\u00ed a vylit\u00ed se malta postupn\u011b rozp\u00edn\u00e1 a ve vyvrtan\u00fdch otvorech vyv\u00edj\u00ed velkou tlakovou s\u00edlu. Tento vnit\u0159n\u00ed tlak \u00fa\u010dinn\u011b prask\u00e1 \u017eelezobeton, balvany, z\u00e1klady a dal\u0161\u00ed tvrd\u00e9 podklady s p\u0159edv\u00eddateln\u00fdm v\u00fdsledkem.<\/p>\n<p><strong><img decoding=\"async\" style=\"margin-right: 12px;\" src=\"https:\/\/www.ferberpainting.com\/wp-content\/uploads\/2026\/02\/Check.svg\" alt=\"\" width=\"18\" height=\"15\" \/>Zvy\u0161uje bezpe\u010dnost ve srovn\u00e1n\u00ed s v\u00fdbu\u0161n\u00fdmi metodami.<\/strong> Tento v\u00fdrobek eliminuje rizika spojen\u00e1 s trysk\u00e1n\u00edm a siln\u00fdmi mechanick\u00fdmi n\u00e1razy. Nevznikaj\u00ed p\u0159i n\u011bm l\u00e9taj\u00edc\u00ed trosky, toxick\u00e9 plyny ani n\u00e1hl\u00e9 r\u00e1zov\u00e9 vlny, tak\u017ee je bezpe\u010dn\u011bj\u0161\u00ed alternativou pro \u0159\u00edzen\u00e9 demoli\u010dn\u00ed pr\u00e1ce.<\/p>\n<p><strong><img decoding=\"async\" style=\"margin-right: 12px;\" src=\"https:\/\/www.ferberpainting.com\/wp-content\/uploads\/2026\/02\/Check.svg\" alt=\"\" width=\"18\" height=\"15\" \/>Vhodn\u00e9 pro r\u016fzn\u00e9 n\u00e1ro\u010dn\u00e9 aplikace.<\/strong> Expanzn\u00ed malta je ide\u00e1ln\u00ed pro rozb\u00edjen\u00ed betonov\u00fdch desek, odstra\u0148ov\u00e1n\u00ed z\u00e1klad\u016f, bour\u00e1n\u00ed \u017eelezobetonov\u00fdch konstrukc\u00ed, l\u00e1m\u00e1n\u00ed hornin, \u0161t\u00edp\u00e1n\u00ed velk\u00fdch kamen\u016f a p\u0159\u00edpravu v\u00fdkop\u016f. P\u0159izp\u016fsob\u00ed se stavebn\u00edmu i d\u016fln\u00edmu prost\u0159ed\u00ed.<\/p>\n<p><strong><img decoding=\"async\" style=\"margin-right: 12px;\" src=\"https:\/\/www.ferberpainting.com\/wp-content\/uploads\/2026\/02\/Check.svg\" alt=\"\" width=\"18\" height=\"15\" \/>Snadn\u00e1 p\u0159\u00edprava a jednoduch\u00e1 aplikace.<\/strong> Maltu sta\u010d\u00ed p\u0159ed nalit\u00edm do p\u0159edvrtan\u00fdch otvor\u016f sm\u00edchat s vodou. D\u00edky zvl\u00e1dnuteln\u00e9 pracovn\u00ed dob\u011b a jednoduch\u00e9mu postupu nan\u00e1\u0161en\u00ed je vhodn\u00e1 pro profesion\u00e1ln\u00ed dodavatele a zku\u0161en\u00e9 pracovn\u00edky.<\/p>\n<p><strong>Pokyny<\/strong><\/p>\n<ul>\n<li>Vyvrtejte otvory do betonu nebo sk\u00e1ly podle po\u017eadavk\u016f projektu. Pr\u016fm\u011br a rozte\u010d otvor\u016f ovlivn\u00ed \u00fa\u010dinnost prask\u00e1n\u00ed.<\/li>\n<li>Vyvrtan\u00e9 otvory p\u0159ed napln\u011bn\u00edm d\u016fkladn\u011b vy\u010dist\u011bte, abyste odstranili prach, ne\u010distoty a vodu.<\/li>\n<li>Rozp\u00ednavou maltu sm\u00edchejte s \u010distou vodou podle doporu\u010den\u00e9ho pom\u011bru vody uveden\u00e9ho na obalu. D\u016fkladn\u011b m\u00edchejte, dokud nedos\u00e1hnete hladk\u00e9 konzistence bez hrudek.<\/li>\n<li>P\u0159ipravenou sm\u011bs ihned nalijte do vyvrtan\u00fdch otvor\u016f a zcela je vypl\u0148te, ani\u017e byste nechali vzduchov\u00e9 mezery.<\/li>\n<li>Vyvarujte se p\u0159epln\u011bn\u00ed a v p\u0159\u00edpad\u011b pot\u0159eby set\u0159ete p\u0159ebyte\u010dn\u00fd materi\u00e1l z povrchu.<\/li>\n<li>Nechte maltu reagovat a rozp\u00ednat se. K prask\u00e1n\u00ed obvykle doch\u00e1z\u00ed b\u011bhem n\u011bkolika hodin v z\u00e1vislosti na okoln\u00ed teplot\u011b a hustot\u011b materi\u00e1lu.<\/li>\n<li>B\u011bhem expanzn\u00ed f\u00e1ze nest\u016fjte p\u0159\u00edmo nad vypln\u011bn\u00fdmi otvory.<\/li>\n<li>Vyhn\u011bte se aplikaci p\u0159i extr\u00e9mn\u00edch teplot\u00e1ch mimo doporu\u010den\u00fd rozsah, abyste zajistili spr\u00e1vnou expanzi.<\/li>\n<li>Po vzniku trhlin odstra\u0148te praskl\u00fd materi\u00e1l pomoc\u00ed vhodn\u00fdch n\u00e1stroj\u016f.<\/li>\n<li>M\u00edchac\u00ed n\u00e1stroje ihned po pou\u017eit\u00ed o\u010dist\u011bte a nepou\u017eit\u00fd v\u00fdrobek skladujte v such\u00e9m prost\u0159ed\u00ed s pevn\u011b uzav\u0159en\u00fdm obalem, aby se zabr\u00e1nilo p\u016fsoben\u00ed vlhkosti.<\/li>\n<\/ul>","protected":false},"excerpt":{"rendered":"<p>Generate powerful, controlled expansion for safe concrete breaking. Our expansive mortar is specially formulated to create high expansion pressure when mixed with water and poured into drilled holes. It develops controlled internal force that fractures concrete, rock, and stone without the need for explosives, heavy vibration equipment, or demolition machinery. This safe and precise cracking [&hellip;]<\/p>\n","protected":false},"featured_media":169819,"comment_status":"open","ping_status":"closed","template":"","meta":{"_uag_custom_page_level_css":"","site-sidebar-layout":"default","site-content-layout":"","ast-site-content-layout":"default","site-content-style":"default","site-sidebar-style":"default","ast-global-header-display":"","ast-banner-title-visibility":"","ast-main-header-display":"","ast-hfb-above-header-display":"","ast-hfb-below-header-display":"","ast-hfb-mobile-header-display":"","site-post-title":"","ast-breadcrumbs-content":"","ast-featured-img":"","footer-sml-layout":"","ast-disable-related-posts":"","theme-transparent-header-meta":"default","adv-header-id-meta":"","stick-header-meta":"","header-above-stick-meta":"","header-main-stick-meta":"","header-below-stick-meta":"","astra-migrate-meta-layouts":"set","ast-page-background-enabled":"default","ast-page-background-meta":{"desktop":{"background-color":"var(--ast-global-color-4)","background-image":"","background-repeat":"repeat","background-position":"center center","background-size":"auto","background-attachment":"scroll","background-type":"","background-media":"","overlay-type":"","overlay-color":"","overlay-opacity":"","overlay-gradient":""},"tablet":{"background-color":"","background-image":"","background-repeat":"repeat","background-position":"center center","background-size":"auto","background-attachment":"scroll","background-type":"","background-media":"","overlay-type":"","overlay-color":"","overlay-opacity":"","overlay-gradient":""},"mobile":{"background-color":"","background-image":"","background-repeat":"repeat","background-position":"center center","background-size":"auto","background-attachment":"scroll","background-type":"","background-media":"","overlay-type":"","overlay-color":"","overlay-opacity":"","overlay-gradient":""}},"ast-content-background-meta":{"desktop":{"background-color":"var(--ast-global-color-5)","background-image":"","background-repeat":"repeat","background-position":"center center","background-size":"auto","background-attachment":"scroll","background-type":"","background-media":"","overlay-type":"","overlay-color":"","overlay-opacity":"","overlay-gradient":""},"tablet":{"background-color":"var(--ast-global-color-5)","background-image":"","background-repeat":"repeat","background-position":"center center","background-size":"auto","background-attachment":"scroll","background-type":"","background-media":"","overlay-type":"","overlay-color":"","overlay-opacity":"","overlay-gradient":""},"mobile":{"background-color":"var(--ast-global-color-5)","background-image":"","background-repeat":"repeat","background-position":"center center","background-size":"auto","background-attachment":"scroll","background-type":"","background-media":"","overlay-type":"","overlay-color":"","overlay-opacity":"","overlay-gradient":""}}},"product_brand":[],"product_cat":[176],"product_tag":[],"class_list":{"0":"post-23220","1":"product","2":"type-product","3":"status-publish","4":"has-post-thumbnail","6":"product_cat-concrete-treatment","7":"desktop-align-left","8":"tablet-align-left","9":"mobile-align-left","11":"first","12":"instock","13":"sale","14":"shipping-taxable","15":"purchasable","16":"product-type-variable","17":"has-default-attributes"},"spectra_custom_meta":{"_visibility":["visible"],"_shopify_product_id":["7954836947189"],"_s2w_shopify_domain":["ferberpainting.myshopify.com"],"_shopify_variant_id":["43513540116725"],"_sku":[""],"_manage_stock":["no"],"total_sales":["144"],"_tax_status":["taxable"],"_tax_class":[""],"_backorders":["no"],"_sold_individually":["no"],"_virtual":["no"],"_downloadable":["no"],"_download_limit":["-1"],"_download_expiry":["-1"],"_stock":[null],"_stock_status":["instock"],"_wc_average_rating":["4.88"],"_wc_review_count":["81"],"_product_attributes":["a:1:{s:6:\"volume\";a:6:{s:4:\"name\";s:6:\"Volume\";s:5:\"value\";s:20:\"5 liters | 20 liters\";s:8:\"position\";i:1;s:10:\"is_visible\";i:0;s:12:\"is_variation\";i:1;s:11:\"is_taxonomy\";i:0;}}"],"_product_version":["10.5.2"],"_thumbnail_id":["169819"],"merchant-center-availability":["yes"],"merchant-center-category":["2282"],"merchant-center-id":["EM"],"wpse_downloadable_file_names":[""],"wpse_downloadable_file_urls":[""],"_edit_last":["1"],"_default_attributes":["a:1:{s:6:\"volume\";s:8:\"5 liters\";}"],"_wc_rating_count":["a:3:{i:3;i:2;i:4;i:6;i:5;i:73;}"],"_edit_lock":["1771481898:1"],"_wp_page_template":["default"],"site-sidebar-layout":["default"],"ast-site-content-layout":["default"],"site-content-style":["default"],"site-sidebar-style":["default"],"theme-transparent-header-meta":["default"],"_price":["49.90","129.90"],"_product_image_gallery":["169820"],"astra-migrate-meta-layouts":["set"],"_uag_css_file_name":["uag-css-23220.css"],"_elementor_page_assets":["a:0:{}"],"_uag_page_assets":["a:9:{s:3:\"css\";s:7133:\".uag-blocks-common-selector{z-index:var(--z-index-desktop) !important}@media(max-width: 976px){.uag-blocks-common-selector{z-index:var(--z-index-tablet) !important}}@media(max-width: 767px){.uag-blocks-common-selector{z-index:var(--z-index-mobile) !important}}.wp-block-uagb-image{display:flex}.wp-block-uagb-image__figure{position:relative;display:flex;flex-direction:column;max-width:100%;height:auto;margin:0}.wp-block-uagb-image__figure img{height:auto;display:flex;max-width:100%;transition:box-shadow .2s ease}.wp-block-uagb-image__figure>a{display:inline-block}.wp-block-uagb-image__figure figcaption{text-align:center;margin-top:.5em;margin-bottom:1em}.wp-block-uagb-image .components-placeholder.block-editor-media-placeholder .components-placeholder__instructions{align-self:center}.wp-block-uagb-image--align-left{text-align:left}.wp-block-uagb-image--align-right{text-align:right}.wp-block-uagb-image--align-center{text-align:center}.wp-block-uagb-image--align-full .wp-block-uagb-image__figure{margin-left:calc(50% - 50vw);margin-right:calc(50% - 50vw);max-width:100vw;width:100vw;height:auto}.wp-block-uagb-image--align-full .wp-block-uagb-image__figure img{height:auto;width:100% !important}.wp-block-uagb-image--align-wide .wp-block-uagb-image__figure img{height:auto;width:100%}.wp-block-uagb-image--layout-overlay__color-wrapper{position:absolute;left:0;top:0;right:0;bottom:0;opacity:.2;background:rgba(0,0,0,.5);transition:opacity .35s ease-in-out}.wp-block-uagb-image--layout-overlay-link{position:absolute;left:0;right:0;bottom:0;top:0}.wp-block-uagb-image--layout-overlay .wp-block-uagb-image__figure:hover .wp-block-uagb-image--layout-overlay__color-wrapper{opacity:1}.wp-block-uagb-image--layout-overlay__inner{position:absolute;left:15px;right:15px;bottom:15px;top:15px;display:flex;align-items:center;justify-content:center;flex-direction:column;border-color:#fff;transition:.35s ease-in-out}.wp-block-uagb-image--layout-overlay__inner.top-left,.wp-block-uagb-image--layout-overlay__inner.top-center,.wp-block-uagb-image--layout-overlay__inner.top-right{justify-content:flex-start}.wp-block-uagb-image--layout-overlay__inner.bottom-left,.wp-block-uagb-image--layout-overlay__inner.bottom-center,.wp-block-uagb-image--layout-overlay__inner.bottom-right{justify-content:flex-end}.wp-block-uagb-image--layout-overlay__inner.top-left,.wp-block-uagb-image--layout-overlay__inner.center-left,.wp-block-uagb-image--layout-overlay__inner.bottom-left{align-items:flex-start}.wp-block-uagb-image--layout-overlay__inner.top-right,.wp-block-uagb-image--layout-overlay__inner.center-right,.wp-block-uagb-image--layout-overlay__inner.bottom-right{align-items:flex-end}.wp-block-uagb-image--layout-overlay__inner .uagb-image-heading{color:#fff;transition:transform .35s,opacity .35s ease-in-out;transform:translate3d(0, 24px, 0);margin:0;line-height:1em}.wp-block-uagb-image--layout-overlay__inner .uagb-image-separator{width:30%;border-top-width:2px;border-top-color:#fff;border-top-style:solid;margin-bottom:10px;opacity:0;transition:transform .4s,opacity .4s ease-in-out;transform:translate3d(0, 30px, 0)}.wp-block-uagb-image--layout-overlay__inner .uagb-image-caption{opacity:0;overflow:visible;color:#fff;transition:transform .45s,opacity .45s ease-in-out;transform:translate3d(0, 35px, 0)}.wp-block-uagb-image--layout-overlay__inner:hover .uagb-image-heading,.wp-block-uagb-image--layout-overlay__inner:hover .uagb-image-separator,.wp-block-uagb-image--layout-overlay__inner:hover .uagb-image-caption{opacity:1;transform:translate3d(0, 0, 0)}.wp-block-uagb-image--effect-zoomin .wp-block-uagb-image__figure img,.wp-block-uagb-image--effect-zoomin .wp-block-uagb-image__figure .wp-block-uagb-image--layout-overlay__color-wrapper{transform:scale(1);transition:transform .35s ease-in-out}.wp-block-uagb-image--effect-zoomin .wp-block-uagb-image__figure:hover img,.wp-block-uagb-image--effect-zoomin .wp-block-uagb-image__figure:hover .wp-block-uagb-image--layout-overlay__color-wrapper{transform:scale(1.05)}.wp-block-uagb-image--effect-slide .wp-block-uagb-image__figure img,.wp-block-uagb-image--effect-slide .wp-block-uagb-image__figure .wp-block-uagb-image--layout-overlay__color-wrapper{width:calc(100% + 40px) !important;max-width:none !important;transform:translate3d(-40px, 0, 0);transition:transform .35s ease-in-out}.wp-block-uagb-image--effect-slide .wp-block-uagb-image__figure:hover img,.wp-block-uagb-image--effect-slide .wp-block-uagb-image__figure:hover .wp-block-uagb-image--layout-overlay__color-wrapper{transform:translate3d(0, 0, 0)}.wp-block-uagb-image--effect-grayscale img{filter:grayscale(0%);transition:.35s ease-in-out}.wp-block-uagb-image--effect-grayscale:hover img{filter:grayscale(100%)}.wp-block-uagb-image--effect-blur img{filter:blur(0);transition:.35s ease-in-out}.wp-block-uagb-image--effect-blur:hover img{filter:blur(3px)}.uagb-block-e6f939b3.wp-block-uagb-image--layout-default figure img{box-shadow: 0px 0px 0 #00000070;}.uagb-block-e6f939b3.wp-block-uagb-image .wp-block-uagb-image__figure figcaption{font-style: normal;align-self: center;}.uagb-block-e6f939b3.wp-block-uagb-image--layout-overlay figure img{box-shadow: 0px 0px 0 #00000070;}.uagb-block-e6f939b3.wp-block-uagb-image--layout-overlay .wp-block-uagb-image--layout-overlay__color-wrapper{opacity: 0.2;}.uagb-block-e6f939b3.wp-block-uagb-image--layout-overlay .wp-block-uagb-image--layout-overlay__inner{left: 15px;right: 15px;top: 15px;bottom: 15px;}.uagb-block-e6f939b3.wp-block-uagb-image--layout-overlay .wp-block-uagb-image--layout-overlay__inner .uagb-image-heading{font-style: normal;color: #fff;opacity: 1;}.uagb-block-e6f939b3.wp-block-uagb-image--layout-overlay .wp-block-uagb-image--layout-overlay__inner .uagb-image-heading a{color: #fff;}.uagb-block-e6f939b3.wp-block-uagb-image--layout-overlay .wp-block-uagb-image--layout-overlay__inner .uagb-image-caption{opacity: 0;}.uagb-block-e6f939b3.wp-block-uagb-image--layout-overlay .wp-block-uagb-image__figure:hover .wp-block-uagb-image--layout-overlay__color-wrapper{opacity: 1;}.uagb-block-e6f939b3.wp-block-uagb-image .wp-block-uagb-image--layout-overlay__inner .uagb-image-separator{width: 30%;border-top-width: 2px;border-top-color: #fff;opacity: 0;}.uagb-block-e6f939b3.wp-block-uagb-image .wp-block-uagb-image__figure img{width: px;height: auto;}.uagb-block-e6f939b3.wp-block-uagb-image .wp-block-uagb-image__figure:hover .wp-block-uagb-image--layout-overlay__inner .uagb-image-caption{opacity: 1;}.uagb-block-e6f939b3.wp-block-uagb-image .wp-block-uagb-image__figure:hover .wp-block-uagb-image--layout-overlay__inner .uagb-image-separator{opacity: 1;}.uagb-block-e6f939b3.wp-block-uagb-image--layout-default figure:hover img{box-shadow: 0px 0px 0 #00000070;}.uagb-block-e6f939b3.wp-block-uagb-image--layout-overlay figure:hover img{box-shadow: 0px 0px 0 #00000070;}@media only screen and (max-width: 976px) {.uagb-block-e6f939b3.wp-block-uagb-image .wp-block-uagb-image__figure img{width: px;height: auto;}}@media only screen and (max-width: 767px) {.uagb-block-e6f939b3.wp-block-uagb-image .wp-block-uagb-image__figure img{width: px;height: auto;}}\";s:2:\"js\";s:0:\"\";s:18:\"current_block_list\";a:13:{i:0;s:11:\"core\/search\";i:1;s:10:\"core\/group\";i:2;s:12:\"core\/heading\";i:3;s:17:\"core\/latest-posts\";i:4;s:20:\"core\/latest-comments\";i:5;s:13:\"core\/archives\";i:6;s:15:\"core\/categories\";i:7;s:14:\"core\/paragraph\";i:8;s:10:\"uagb\/image\";i:9;s:11:\"core\/spacer\";i:10;s:30:\"woocommerce\/product-categories\";i:11;s:10:\"core\/image\";i:12;s:14:\"core\/shortcode\";}s:8:\"uag_flag\";b:1;s:11:\"uag_version\";s:10:\"1777095662\";s:6:\"gfonts\";a:0:{}s:10:\"gfonts_url\";s:0:\"\";s:12:\"gfonts_files\";a:0:{}s:14:\"uag_faq_layout\";b:0;}"]},"uagb_featured_image_src":{"full":["https:\/\/www.ferberpainting.com\/wp-content\/uploads\/2025\/05\/Expansive-Mortar-5L-Mockups.png",2560,2560,false],"thumbnail":["https:\/\/www.ferberpainting.com\/wp-content\/uploads\/2025\/05\/Expansive-Mortar-5L-Mockups-150x150.png",150,150,true],"medium":["https:\/\/www.ferberpainting.com\/wp-content\/uploads\/2025\/05\/Expansive-Mortar-5L-Mockups-300x300.png",300,300,true],"medium_large":["https:\/\/www.ferberpainting.com\/wp-content\/uploads\/2025\/05\/Expansive-Mortar-5L-Mockups-768x768.png",768,768,true],"large":["https:\/\/www.ferberpainting.com\/wp-content\/uploads\/2025\/05\/Expansive-Mortar-5L-Mockups-1024x1024.png",1024,1024,true],"1536x1536":["https:\/\/www.ferberpainting.com\/wp-content\/uploads\/2025\/05\/Expansive-Mortar-5L-Mockups-1536x1536.png",1536,1536,true],"2048x2048":["https:\/\/www.ferberpainting.com\/wp-content\/uploads\/2025\/05\/Expansive-Mortar-5L-Mockups-2048x2048.png",2048,2048,true],"trp-custom-language-flag":["https:\/\/www.ferberpainting.com\/wp-content\/uploads\/2025\/05\/Expansive-Mortar-5L-Mockups-12x12.png",12,12,true],"woocommerce_thumbnail":["https:\/\/www.ferberpainting.com\/wp-content\/uploads\/2025\/05\/Expansive-Mortar-5L-Mockups-300x300.png",300,300,true],"woocommerce_single":["https:\/\/www.ferberpainting.com\/wp-content\/uploads\/2025\/05\/Expansive-Mortar-5L-Mockups-600x600.png",600,600,true],"woocommerce_gallery_thumbnail":["https:\/\/www.ferberpainting.com\/wp-content\/uploads\/2025\/05\/Expansive-Mortar-5L-Mockups-100x100.png",100,100,true]},"uagb_author_info":{"display_name":"admin","author_link":"https:\/\/www.ferberpainting.com\/cz\/author\/"},"uagb_comment_info":81,"uagb_excerpt":"Generate powerful, controlled expansion for safe concrete breaking. Our expansive mortar is specially formulated to create high expansion pressure when mixed with water and poured into drilled holes. It develops controlled internal force that fractures concrete, rock, and stone without the need for explosives, heavy vibration equipment, or demolition machinery. This safe and precise cracking&hellip;","_links":{"self":[{"href":"https:\/\/www.ferberpainting.com\/cz\/wp-json\/wp\/v2\/product\/23220","targetHints":{"allow":["GET"]}}],"collection":[{"href":"https:\/\/www.ferberpainting.com\/cz\/wp-json\/wp\/v2\/product"}],"about":[{"href":"https:\/\/www.ferberpainting.com\/cz\/wp-json\/wp\/v2\/types\/product"}],"replies":[{"embeddable":true,"href":"https:\/\/www.ferberpainting.com\/cz\/wp-json\/wp\/v2\/comments?post=23220"}],"version-history":[{"count":4,"href":"https:\/\/www.ferberpainting.com\/cz\/wp-json\/wp\/v2\/product\/23220\/revisions"}],"predecessor-version":[{"id":166108,"href":"https:\/\/www.ferberpainting.com\/cz\/wp-json\/wp\/v2\/product\/23220\/revisions\/166108"}],"wp:featuredmedia":[{"embeddable":true,"href":"https:\/\/www.ferberpainting.com\/cz\/wp-json\/wp\/v2\/media\/169819"}],"wp:attachment":[{"href":"https:\/\/www.ferberpainting.com\/cz\/wp-json\/wp\/v2\/media?parent=23220"}],"wp:term":[{"taxonomy":"product_brand","embeddable":true,"href":"https:\/\/www.ferberpainting.com\/cz\/wp-json\/wp\/v2\/product_brand?post=23220"},{"taxonomy":"product_cat","embeddable":true,"href":"https:\/\/www.ferberpainting.com\/cz\/wp-json\/wp\/v2\/product_cat?post=23220"},{"taxonomy":"product_tag","embeddable":true,"href":"https:\/\/www.ferberpainting.com\/cz\/wp-json\/wp\/v2\/product_tag?post=23220"}],"curies":[{"name":"wp","href":"https:\/\/api.w.org\/{rel}","templated":true}]}}