{"id":23211,"date":"2025-07-01T16:26:50","date_gmt":"2025-07-01T14:26:50","guid":{"rendered":"https:\/\/www.ferberpainting.com\/?post_type=product&#038;p=23202"},"modified":"2026-02-15T13:55:00","modified_gmt":"2026-02-15T12:55:00","slug":"epoxy-resin-cleaner","status":"publish","type":"product","link":"https:\/\/www.ferberpainting.com\/cz\/products\/epoxy-resin-cleaner\/","title":{"rendered":"\u010cisti\u010d epoxidov\u00e9 prysky\u0159ice"},"content":{"rendered":"<p><img decoding=\"async\" style=\"margin-right: 12px;\" src=\"https:\/\/www.ferberpainting.com\/wp-content\/uploads\/2026\/02\/Check.svg\" alt=\"\" width=\"18\" height=\"15\" \/><strong>Optim\u00e1ln\u00ed efektivita.<\/strong>\u00a0Tento \u010distic\u00ed prost\u0159edek na epoxidov\u00e9 prysky\u0159ice je speci\u00e1ln\u011b navr\u017een tak, aby \u00fa\u010dinn\u011b odstra\u0148oval zbytky, skvrny a ne\u010distoty, kter\u00e9 se mohou na povrchu epoxidov\u00fdch prysky\u0159ic usazovat po jejich aplikaci nebo pou\u017eit\u00ed. Pronik\u00e1 do hloubky a rozpou\u0161t\u00ed ne\u010distoty, mastnotu, usazen\u00fd prach a dokonce i usazeniny vodn\u00edho kamene, ani\u017e by po\u0161kodil leskl\u00fd a ochrann\u00fd povrch prysky\u0159ice. Jeho v\u00fdkonn\u00e9 slo\u017een\u00ed zaji\u0161\u0165uje \u0161etrn\u00e9 \u010di\u0161t\u011bn\u00ed a z\u00e1rove\u0148 zachov\u00e1v\u00e1 strukturu o\u0161et\u0159ovan\u00e9ho materi\u00e1lu, \u010d\u00edm\u017e zabra\u0148uje jak\u00e9mukoli za\u0161modrch\u00e1n\u00ed nebo po\u0161kr\u00e1b\u00e1n\u00ed.<\/p>\n<p><img decoding=\"async\" style=\"margin-right: 12px;\" src=\"https:\/\/www.ferberpainting.com\/wp-content\/uploads\/2026\/02\/Check.svg\" alt=\"\" width=\"18\" height=\"15\" \/><strong>Z\u00e1ruka vr\u00e1cen\u00ed pen\u011bz.<\/strong>\u00a0M\u00e1me naprostou d\u016fv\u011bru v \u00fa\u010dinnost na\u0161eho \u010distic\u00edho prost\u0159edku. Pokud po pou\u017eit\u00ed nebudete s v\u00fdsledky pln\u011b spokojeni, m\u00e1te n\u00e1rok na vr\u00e1cen\u00ed pen\u011bz v pln\u00e9 v\u00fd\u0161i. Vyzkou\u0161ejte n\u00e1\u0161 v\u00fdrobek bez rizika a u\u017eijte si z\u00e1\u0159iv\u011b \u010dist\u00fd povrch epoxidov\u00e9 prysky\u0159ice bez n\u00e1mahy.<\/p>\n<p><img decoding=\"async\" style=\"margin-right: 12px;\" src=\"https:\/\/www.ferberpainting.com\/wp-content\/uploads\/2026\/02\/Check.svg\" alt=\"\" width=\"18\" height=\"15\" \/><strong>V\u00fdjime\u010dn\u00e1 v\u0161estrannost.<\/strong>\u00a0Tento \u010distic\u00ed prost\u0159edek nen\u00ed omezen na povrchy z epoxidov\u00e9 prysky\u0159ice! Je ide\u00e1ln\u00ed i pro \u010di\u0161t\u011bn\u00ed jin\u00fdch materi\u00e1l\u016f spojen\u00fdch s prysky\u0159ic\u00ed, jako je le\u0161t\u011bn\u00fd beton, cement, dla\u017edice, sklo, kov, nerezov\u00e1 ocel a dokonce i n\u011bkter\u00e9 plastov\u00e9 povrchy. Je vhodn\u00fd pro pou\u017eit\u00ed na prysky\u0159i\u010dn\u00e9 podlahy, desky, stoly, dekorativn\u00ed p\u0159edm\u011bty v prysky\u0159ici a n\u00e1stroje pou\u017e\u00edvan\u00e9 k aplikaci prysky\u0159ice. Odstra\u0148uje zbytky, skvrny, barevn\u00e9 stopy a usazen\u00fd prach a z\u00e1rove\u0148 chr\u00e1n\u00ed povrchovou \u00fapravu povrchu.<\/p>\n<p><img decoding=\"async\" style=\"margin-right: 12px;\" src=\"https:\/\/www.ferberpainting.com\/wp-content\/uploads\/2026\/02\/Check.svg\" alt=\"\" width=\"18\" height=\"15\" \/><strong>N\u00e1kladov\u011b efektivn\u00ed v\u00fdkon.<\/strong>\u00a0D\u00edky 5litrov\u00e9mu kanystru a optim\u00e1ln\u00ed koncentraci nab\u00edz\u00ed tento \u010disti\u010d vynikaj\u00edc\u00ed hodnotu. Mal\u00e9 mno\u017estv\u00ed sta\u010d\u00ed k vy\u010di\u0161t\u011bn\u00ed velk\u00e9ho povrchu bez pl\u00fdtv\u00e1n\u00ed. Jeden litr p\u0159\u00edpravku vy\u010dist\u00ed v pr\u016fm\u011bru a\u017e 100 m\u00b2 povrchu z epoxidov\u00e9 prysky\u0159ice, co\u017e z n\u011bj \u010din\u00ed ekonomick\u00e9 a efektivn\u00ed \u0159e\u0161en\u00ed pro pravideln\u00e9 pou\u017eit\u00ed jak v dom\u00e1cnosti, tak pro profesion\u00e1ly ve stavebnictv\u00ed, designu a dekoraci.<\/p>\n<p><img decoding=\"async\" style=\"margin-right: 12px;\" src=\"https:\/\/www.ferberpainting.com\/wp-content\/uploads\/2026\/02\/Check.svg\" alt=\"\" width=\"18\" height=\"15\" \/><strong>Bezpe\u010dn\u00e9 pou\u017eit\u00ed.<\/strong>\u00a0Na rozd\u00edl od drsn\u00fdch produkt\u016f obsahuj\u00edc\u00edch \u0161kodliv\u00e1 rozpou\u0161t\u011bdla, jako je kyselina chlorovod\u00edkov\u00e1, je tento \u010distic\u00ed prost\u0159edek vyroben bez korozivn\u00edch slou\u010denin a l\u00e1tek nebezpe\u010dn\u00fdch pro materi\u00e1ly a zdrav\u00ed. Nevypou\u0161t\u00ed dr\u00e1\u017ediv\u00e9 v\u00fdpary, nezp\u016fsobuje p\u0159ed\u010dasn\u00e9 opot\u0159eben\u00ed povrch\u016f a respektuje integritu o\u0161et\u0159ovan\u00fdch materi\u00e1l\u016f. Je bezpe\u010dn\u00fd pro \u010dast\u00e9 pou\u017eit\u00ed a umo\u017e\u0148uje bezpe\u010dn\u00e9 \u010di\u0161t\u011bn\u00ed i v uzav\u0159en\u00fdch prostor\u00e1ch bez speci\u00e1ln\u00edho v\u011btr\u00e1n\u00ed.<\/p>\n<p><img decoding=\"async\" style=\"margin-right: 12px;\" src=\"https:\/\/www.ferberpainting.com\/wp-content\/uploads\/2026\/02\/Check.svg\" alt=\"\" width=\"18\" height=\"15\" \/><strong>Snadn\u00e9 pou\u017eit\u00ed.<\/strong>\u00a0Tento produkt je p\u0159ipraven k pou\u017eit\u00ed a nevy\u017eaduje \u017e\u00e1dn\u00e9 \u0159ed\u011bn\u00ed ani slo\u017eitou p\u0159\u00edpravu. Nan\u00e1\u0161\u00ed se p\u0159\u00edmo na povrch pomoc\u00ed m\u011bkk\u00e9ho had\u0159\u00edku, houby nebo rozpra\u0161ova\u010de. Jeho rychl\u00fd \u00fa\u010dinek a intuitivn\u00ed aplikace umo\u017e\u0148uj\u00ed rychl\u00e9 odstran\u011bn\u00ed ne\u010distot bez nadm\u011brn\u00e9ho oplachov\u00e1n\u00ed nebo n\u00e1mahy. Po aplikaci nezanech\u00e1v\u00e1 lepkav\u00e9 zbytky a nevy\u017eaduje le\u0161t\u011bn\u00ed, co\u017e zjednodu\u0161uje jeho pou\u017eit\u00ed.<\/p>\n<p><img decoding=\"async\" style=\"margin-right: 12px;\" src=\"https:\/\/www.ferberpainting.com\/wp-content\/uploads\/2026\/02\/Check.svg\" alt=\"\" width=\"18\" height=\"15\" \/><strong>Prodlou\u017een\u00e1 \u017eivotnost.<\/strong>\u00a0Pravideln\u00fdm odstra\u0148ov\u00e1n\u00edm ne\u010distot a zachov\u00e1n\u00edm leskl\u00e9ho povrchu prysky\u0159ice pom\u00e1h\u00e1 tento \u010distic\u00ed prost\u0159edek prodlou\u017eit \u017eivotnost o\u0161et\u0159en\u00fdch povrch\u016f. Zabra\u0148uje hromad\u011bn\u00ed prachu, vodn\u00edho kamene a mastn\u00fdch usazenin, \u010d\u00edm\u017e zaji\u0161\u0165uje dlouhotrvaj\u00edc\u00ed ochranu. Pravideln\u00e9 pou\u017e\u00edv\u00e1n\u00ed tohoto p\u0159\u00edpravku pom\u00e1h\u00e1 zachovat sv\u011b\u017e\u00ed vzhled povrch\u016f z epoxidov\u00e9 prysky\u0159ice a zabra\u0148uje jejich p\u0159ed\u010dasn\u00e9mu zmatn\u011bn\u00ed, zejm\u00e9na ve vlhk\u00e9m prost\u0159ed\u00ed nebo v extr\u00e9mn\u00edch podm\u00ednk\u00e1ch.<\/p>\n<p><img decoding=\"async\" style=\"margin-right: 12px;\" src=\"https:\/\/www.ferberpainting.com\/wp-content\/uploads\/2026\/02\/Check.svg\" alt=\"\" width=\"18\" height=\"15\" \/><strong>Rychl\u00e1 akce.<\/strong>\u00a0D\u00edky sv\u00e9mu vysoce aktivn\u00edmu slo\u017een\u00ed p\u016fsob\u00ed tento \u010distic\u00ed prost\u0159edek okam\u017eit\u011b na zbytky a usazen\u00e9 ne\u010distoty. B\u011bhem n\u011bkolika sekund rozpust\u00ed ne\u010distoty a usnadn\u00ed jejich odstran\u011bn\u00ed bez nutnosti nadm\u011brn\u00e9ho drhnut\u00ed. Zaji\u0161\u0165uje rychl\u00e9 a \u00fa\u010dinn\u00e9 \u010di\u0161t\u011bn\u00ed, ide\u00e1ln\u00ed pro rychlou \u00fadr\u017ebu povrch\u016f z epoxidov\u00e9 prysky\u0159ice, a\u0165 u\u017e v kuchyni, koupeln\u011b, d\u00edln\u011b nebo na pr\u016fmyslov\u00e9 podlaze z prysky\u0159ice.<\/p>\n<h2><strong>Protokol o pou\u017eit\u00ed<\/strong><\/h2>\n<ul>\n<li><strong>P\u0159\u00edprava <\/strong>: P\u0159ed pou\u017eit\u00edm p\u0159\u00edpravku se ujist\u011bte, \u017ee je \u010di\u0161t\u011bn\u00fd povrch such\u00fd nebo m\u00edrn\u011b vlhk\u00fd. Plochu opra\u0161te such\u00fdm had\u0159\u00edkem, abyste odstranili povrchov\u00e9 ne\u010distoty.<\/li>\n<li><strong>Ru\u010dn\u00ed aplikace <\/strong>: Nalijte mal\u00e9 mno\u017estv\u00ed \u010distic\u00edho prost\u0159edku na m\u011bkk\u00fd had\u0159\u00edk nebo neabrazivn\u00ed houbi\u010dku a krou\u017eiv\u00fdmi pohyby rovnom\u011brn\u011b naneste na povrch, aby prost\u0159edek pronikl do ne\u010distot a rozpustil je.<\/li>\n<li><strong>Pou\u017eit\u00ed na velk\u00e9 plo\u0161e <\/strong>: K \u010di\u0161t\u011bn\u00ed podlahy nebo velk\u00e9ho povrchu z epoxidov\u00e9 prysky\u0159ice pou\u017eijte rozpra\u0161ova\u010d, abyste p\u0159\u00edpravek rovnom\u011brn\u011b rozprost\u0159eli. P\u0159ed ot\u0159en\u00edm \u010dist\u00fdm mikrovl\u00e1knem jej nechte n\u011bkolik minut p\u016fsobit, aby \u010distic\u00ed prost\u0159edek rozpustil ne\u010distoty.<\/li>\n<li><strong>O\u0161et\u0159en\u00ed odoln\u00fdch skvrn <\/strong>: V p\u0159\u00edpad\u011b mastn\u00fdch stop, zbytk\u016f lepidla nebo ztvrdl\u00e9 prysky\u0159ice nechte v\u00fdrobek 5 a\u017e 10 minut p\u016fsobit a pot\u00e9 jej jemn\u011b vydrhn\u011bte m\u011bkk\u00fdm kart\u00e1\u010dem nebo vhodnou houbou.<\/li>\n<li><strong>Oplachov\u00e1n\u00ed a ut\u00edr\u00e1n\u00ed <\/strong>: Ot\u0159ete povrch such\u00fdm nebo m\u00edrn\u011b vlhk\u00fdm had\u0159\u00edkem, abyste odstranili zbytky v\u00fdrobku a zajistili bezchybn\u00fd povrch beze \u0161mouh.<\/li>\n<li><strong>Le\u0161t\u011bn\u00ed a lesk <\/strong>: Pro zv\u00fd\u0161en\u00ed leskl\u00e9ho efektu epoxidov\u00e9 prysky\u0159ice dokon\u010dete z\u00e1v\u011bre\u010dn\u00e9 le\u0161t\u011bn\u00ed suchou ut\u011brkou z mikrovl\u00e1kna, abyste povrch vyhladili a o\u017eivili jeho p\u0159irozen\u00fd lesk.<\/li>\n<li><strong>Frekvence pou\u017e\u00edv\u00e1n\u00ed <\/strong>: Aplikujte jednou a\u017e dvakr\u00e1t m\u011bs\u00ed\u010dn\u011b pro pravidelnou \u00fadr\u017ebu a pro prevenci usazov\u00e1n\u00ed prachu a ne\u010distot. V m\u00edstech s vysok\u00fdm provozem nebo ve vlhk\u00e9m prost\u0159ed\u00ed se doporu\u010duje \u010di\u0161t\u011bn\u00ed jednou t\u00fddn\u011b.<\/li>\n<li><strong>\u00dalo\u017ei\u0161t\u011b <\/strong>: Po ka\u017ed\u00e9m pou\u017eit\u00ed n\u00e1dobku d\u016fkladn\u011b uzav\u0159ete a skladujte na chladn\u00e9m a such\u00e9m m\u00edst\u011b, mimo dosah sv\u011btla a extr\u00e9mn\u00edch teplot, abyste zachovali \u00fa\u010dinnost p\u0159\u00edpravku po del\u0161\u00ed dobu.<\/li>\n<\/ul>\n<p>S na\u0161\u00edm \u010disti\u010dem epoxidov\u00fdch prysky\u0159ic si u\u017eijete efektivn\u00ed \u010di\u0161t\u011bn\u00ed bez n\u00e1mahy a z\u00e1rove\u0148 zachov\u00e1te lesk a dlouhou \u017eivotnost sv\u00fdch povrch\u016f. Ide\u00e1ln\u00ed \u0159e\u0161en\u00ed pro bezchybn\u00fd povrch a bezstarostnou \u00fadr\u017ebu.<\/p>","protected":false},"excerpt":{"rendered":"<p>Optimal Efficiency.\u00a0This cleaner for epoxy resin is specially designed to effectively eliminate residues, stains, and impurities that can build up on epoxy resin surfaces after their application or use. It penetrates deeply to dissolve dirt, grease, embedded dust, and even limescale deposits without damaging the glossy and protective finish of the resin. Its powerful formula [&hellip;]<\/p>\n","protected":false},"featured_media":36466,"comment_status":"open","ping_status":"closed","template":"","meta":{"_uag_custom_page_level_css":"","site-sidebar-layout":"default","site-content-layout":"","ast-site-content-layout":"default","site-content-style":"default","site-sidebar-style":"default","ast-global-header-display":"","ast-banner-title-visibility":"","ast-main-header-display":"","ast-hfb-above-header-display":"","ast-hfb-below-header-display":"","ast-hfb-mobile-header-display":"","site-post-title":"","ast-breadcrumbs-content":"","ast-featured-img":"","footer-sml-layout":"","ast-disable-related-posts":"","theme-transparent-header-meta":"default","adv-header-id-meta":"","stick-header-meta":"","header-above-stick-meta":"","header-main-stick-meta":"","header-below-stick-meta":"","astra-migrate-meta-layouts":"set","ast-page-background-enabled":"default","ast-page-background-meta":{"desktop":{"background-color":"var(--ast-global-color-4)","background-image":"","background-repeat":"repeat","background-position":"center center","background-size":"auto","background-attachment":"scroll","background-type":"","background-media":"","overlay-type":"","overlay-color":"","overlay-opacity":"","overlay-gradient":""},"tablet":{"background-color":"","background-image":"","background-repeat":"repeat","background-position":"center center","background-size":"auto","background-attachment":"scroll","background-type":"","background-media":"","overlay-type":"","overlay-color":"","overlay-opacity":"","overlay-gradient":""},"mobile":{"background-color":"","background-image":"","background-repeat":"repeat","background-position":"center center","background-size":"auto","background-attachment":"scroll","background-type":"","background-media":"","overlay-type":"","overlay-color":"","overlay-opacity":"","overlay-gradient":""}},"ast-content-background-meta":{"desktop":{"background-color":"var(--ast-global-color-5)","background-image":"","background-repeat":"repeat","background-position":"center center","background-size":"auto","background-attachment":"scroll","background-type":"","background-media":"","overlay-type":"","overlay-color":"","overlay-opacity":"","overlay-gradient":""},"tablet":{"background-color":"var(--ast-global-color-5)","background-image":"","background-repeat":"repeat","background-position":"center center","background-size":"auto","background-attachment":"scroll","background-type":"","background-media":"","overlay-type":"","overlay-color":"","overlay-opacity":"","overlay-gradient":""},"mobile":{"background-color":"var(--ast-global-color-5)","background-image":"","background-repeat":"repeat","background-position":"center center","background-size":"auto","background-attachment":"scroll","background-type":"","background-media":"","overlay-type":"","overlay-color":"","overlay-opacity":"","overlay-gradient":""}}},"product_brand":[],"product_cat":[175],"product_tag":[],"class_list":{"0":"post-23211","1":"product","2":"type-product","3":"status-publish","4":"has-post-thumbnail","6":"product_cat-cleaning-products","7":"desktop-align-left","8":"tablet-align-left","9":"mobile-align-left","11":"first","12":"instock","13":"sale","14":"taxable","15":"shipping-taxable","16":"purchasable","17":"product-type-variable","18":"has-default-attributes"},"spectra_custom_meta":{"_visibility":["visible"],"_shopify_product_id":["9106225987829"],"_s2w_shopify_domain":["ferberpainting.myshopify.com"],"_shopify_variant_id":["46625728987381"],"_sku":[""],"_manage_stock":["no"],"total_sales":["52"],"_tax_status":["taxable"],"_tax_class":[""],"_backorders":["no"],"_sold_individually":["no"],"_virtual":["no"],"_downloadable":["no"],"_download_limit":["-1"],"_download_expiry":["-1"],"_stock":[null],"_stock_status":["instock"],"_wc_average_rating":["5.00"],"_wc_review_count":["11"],"_product_attributes":["a:1:{s:6:\"volume\";a:6:{s:4:\"name\";s:6:\"Volume\";s:5:\"value\";s:20:\"5 liters | 25 liters\";s:8:\"position\";i:1;s:10:\"is_visible\";i:0;s:12:\"is_variation\";i:1;s:11:\"is_taxonomy\";i:0;}}"],"_product_version":["10.5.1"],"wpse_downloadable_file_names":[""],"wpse_downloadable_file_urls":[""],"_edit_last":["1"],"_default_attributes":["a:1:{s:6:\"volume\";s:8:\"5 liters\";}"],"_edit_lock":["1771159961:1"],"_price":["29.90","129.90"],"merchant-center-availability":["yes"],"merchant-center-category":["4977"],"_thumbnail_id":["36466"],"_wp_page_template":["default"],"_wp_old_date":["2025-05-26"],"_product_image_gallery":["36467"],"site-sidebar-layout":["default"],"ast-site-content-layout":["default"],"site-content-style":["default"],"site-sidebar-style":["default"],"theme-transparent-header-meta":["default"],"_wc_rating_count":["a:1:{i:5;i:11;}"],"astra-migrate-meta-layouts":["set"],"_uag_css_file_name":["uag-css-23211.css"],"_elementor_page_assets":["a:0:{}"],"_uag_page_assets":["a:9:{s:3:\"css\";s:6873:\".wp-block-uagb-image{display:flex}.wp-block-uagb-image__figure{position:relative;display:flex;flex-direction:column;max-width:100%;height:auto;margin:0}.wp-block-uagb-image__figure img{height:auto;display:flex;max-width:100%;transition:box-shadow .2s ease}.wp-block-uagb-image__figure>a{display:inline-block}.wp-block-uagb-image__figure figcaption{text-align:center;margin-top:.5em;margin-bottom:1em}.wp-block-uagb-image .components-placeholder.block-editor-media-placeholder .components-placeholder__instructions{align-self:center}.wp-block-uagb-image--align-left{text-align:left}.wp-block-uagb-image--align-right{text-align:right}.wp-block-uagb-image--align-center{text-align:center}.wp-block-uagb-image--align-full .wp-block-uagb-image__figure{margin-left:calc(50% - 50vw);margin-right:calc(50% - 50vw);max-width:100vw;width:100vw;height:auto}.wp-block-uagb-image--align-full .wp-block-uagb-image__figure img{height:auto;width:100% !important}.wp-block-uagb-image--align-wide .wp-block-uagb-image__figure img{height:auto;width:100%}.wp-block-uagb-image--layout-overlay__color-wrapper{position:absolute;left:0;top:0;right:0;bottom:0;opacity:.2;background:rgba(0,0,0,.5);transition:opacity .35s ease-in-out}.wp-block-uagb-image--layout-overlay-link{position:absolute;left:0;right:0;bottom:0;top:0}.wp-block-uagb-image--layout-overlay .wp-block-uagb-image__figure:hover .wp-block-uagb-image--layout-overlay__color-wrapper{opacity:1}.wp-block-uagb-image--layout-overlay__inner{position:absolute;left:15px;right:15px;bottom:15px;top:15px;display:flex;align-items:center;justify-content:center;flex-direction:column;border-color:#fff;transition:.35s ease-in-out}.wp-block-uagb-image--layout-overlay__inner.top-left,.wp-block-uagb-image--layout-overlay__inner.top-center,.wp-block-uagb-image--layout-overlay__inner.top-right{justify-content:flex-start}.wp-block-uagb-image--layout-overlay__inner.bottom-left,.wp-block-uagb-image--layout-overlay__inner.bottom-center,.wp-block-uagb-image--layout-overlay__inner.bottom-right{justify-content:flex-end}.wp-block-uagb-image--layout-overlay__inner.top-left,.wp-block-uagb-image--layout-overlay__inner.center-left,.wp-block-uagb-image--layout-overlay__inner.bottom-left{align-items:flex-start}.wp-block-uagb-image--layout-overlay__inner.top-right,.wp-block-uagb-image--layout-overlay__inner.center-right,.wp-block-uagb-image--layout-overlay__inner.bottom-right{align-items:flex-end}.wp-block-uagb-image--layout-overlay__inner .uagb-image-heading{color:#fff;transition:transform .35s,opacity .35s ease-in-out;transform:translate3d(0, 24px, 0);margin:0;line-height:1em}.wp-block-uagb-image--layout-overlay__inner .uagb-image-separator{width:30%;border-top-width:2px;border-top-color:#fff;border-top-style:solid;margin-bottom:10px;opacity:0;transition:transform .4s,opacity .4s ease-in-out;transform:translate3d(0, 30px, 0)}.wp-block-uagb-image--layout-overlay__inner .uagb-image-caption{opacity:0;overflow:visible;color:#fff;transition:transform .45s,opacity .45s ease-in-out;transform:translate3d(0, 35px, 0)}.wp-block-uagb-image--layout-overlay__inner:hover .uagb-image-heading,.wp-block-uagb-image--layout-overlay__inner:hover .uagb-image-separator,.wp-block-uagb-image--layout-overlay__inner:hover .uagb-image-caption{opacity:1;transform:translate3d(0, 0, 0)}.wp-block-uagb-image--effect-zoomin .wp-block-uagb-image__figure img,.wp-block-uagb-image--effect-zoomin .wp-block-uagb-image__figure .wp-block-uagb-image--layout-overlay__color-wrapper{transform:scale(1);transition:transform .35s ease-in-out}.wp-block-uagb-image--effect-zoomin .wp-block-uagb-image__figure:hover img,.wp-block-uagb-image--effect-zoomin .wp-block-uagb-image__figure:hover .wp-block-uagb-image--layout-overlay__color-wrapper{transform:scale(1.05)}.wp-block-uagb-image--effect-slide .wp-block-uagb-image__figure img,.wp-block-uagb-image--effect-slide .wp-block-uagb-image__figure .wp-block-uagb-image--layout-overlay__color-wrapper{width:calc(100% + 40px) !important;max-width:none !important;transform:translate3d(-40px, 0, 0);transition:transform .35s ease-in-out}.wp-block-uagb-image--effect-slide .wp-block-uagb-image__figure:hover img,.wp-block-uagb-image--effect-slide .wp-block-uagb-image__figure:hover .wp-block-uagb-image--layout-overlay__color-wrapper{transform:translate3d(0, 0, 0)}.wp-block-uagb-image--effect-grayscale img{filter:grayscale(0%);transition:.35s ease-in-out}.wp-block-uagb-image--effect-grayscale:hover img{filter:grayscale(100%)}.wp-block-uagb-image--effect-blur img{filter:blur(0);transition:.35s ease-in-out}.wp-block-uagb-image--effect-blur:hover img{filter:blur(3px)}.uagb-block-e6f939b3.wp-block-uagb-image--layout-default figure img{box-shadow: 0px 0px 0 #00000070;}.uagb-block-e6f939b3.wp-block-uagb-image .wp-block-uagb-image__figure figcaption{font-style: normal;align-self: center;}.uagb-block-e6f939b3.wp-block-uagb-image--layout-overlay figure img{box-shadow: 0px 0px 0 #00000070;}.uagb-block-e6f939b3.wp-block-uagb-image--layout-overlay .wp-block-uagb-image--layout-overlay__color-wrapper{opacity: 0.2;}.uagb-block-e6f939b3.wp-block-uagb-image--layout-overlay .wp-block-uagb-image--layout-overlay__inner{left: 15px;right: 15px;top: 15px;bottom: 15px;}.uagb-block-e6f939b3.wp-block-uagb-image--layout-overlay .wp-block-uagb-image--layout-overlay__inner .uagb-image-heading{font-style: normal;color: #fff;opacity: 1;}.uagb-block-e6f939b3.wp-block-uagb-image--layout-overlay .wp-block-uagb-image--layout-overlay__inner .uagb-image-heading a{color: #fff;}.uagb-block-e6f939b3.wp-block-uagb-image--layout-overlay .wp-block-uagb-image--layout-overlay__inner .uagb-image-caption{opacity: 0;}.uagb-block-e6f939b3.wp-block-uagb-image--layout-overlay .wp-block-uagb-image__figure:hover .wp-block-uagb-image--layout-overlay__color-wrapper{opacity: 1;}.uagb-block-e6f939b3.wp-block-uagb-image .wp-block-uagb-image--layout-overlay__inner .uagb-image-separator{width: 30%;border-top-width: 2px;border-top-color: #fff;opacity: 0;}.uagb-block-e6f939b3.wp-block-uagb-image .wp-block-uagb-image__figure img{width: px;height: auto;}.uagb-block-e6f939b3.wp-block-uagb-image .wp-block-uagb-image__figure:hover .wp-block-uagb-image--layout-overlay__inner .uagb-image-caption{opacity: 1;}.uagb-block-e6f939b3.wp-block-uagb-image .wp-block-uagb-image__figure:hover .wp-block-uagb-image--layout-overlay__inner .uagb-image-separator{opacity: 1;}.uagb-block-e6f939b3.wp-block-uagb-image--layout-default figure:hover img{box-shadow: 0px 0px 0 #00000070;}.uagb-block-e6f939b3.wp-block-uagb-image--layout-overlay figure:hover img{box-shadow: 0px 0px 0 #00000070;}@media only screen and (max-width: 976px) {.uagb-block-e6f939b3.wp-block-uagb-image .wp-block-uagb-image__figure img{width: px;height: auto;}}@media only screen and (max-width: 767px) {.uagb-block-e6f939b3.wp-block-uagb-image .wp-block-uagb-image__figure img{width: px;height: auto;}}\";s:2:\"js\";s:0:\"\";s:18:\"current_block_list\";a:13:{i:0;s:11:\"core\/search\";i:1;s:10:\"core\/group\";i:2;s:12:\"core\/heading\";i:3;s:17:\"core\/latest-posts\";i:4;s:20:\"core\/latest-comments\";i:5;s:13:\"core\/archives\";i:6;s:15:\"core\/categories\";i:7;s:14:\"core\/paragraph\";i:8;s:10:\"uagb\/image\";i:9;s:11:\"core\/spacer\";i:10;s:30:\"woocommerce\/product-categories\";i:11;s:10:\"core\/image\";i:12;s:14:\"core\/shortcode\";}s:8:\"uag_flag\";b:1;s:11:\"uag_version\";s:10:\"1777262723\";s:6:\"gfonts\";a:0:{}s:10:\"gfonts_url\";s:0:\"\";s:12:\"gfonts_files\";a:0:{}s:14:\"uag_faq_layout\";b:0;}"]},"uagb_featured_image_src":{"full":["https:\/\/www.ferberpainting.com\/wp-content\/uploads\/2025\/05\/Epoxy-Resin-Cleaner-5L.png",2560,2560,false],"thumbnail":["https:\/\/www.ferberpainting.com\/wp-content\/uploads\/2025\/05\/Epoxy-Resin-Cleaner-5L-150x150.png",150,150,true],"medium":["https:\/\/www.ferberpainting.com\/wp-content\/uploads\/2025\/05\/Epoxy-Resin-Cleaner-5L-300x300.png",300,300,true],"medium_large":["https:\/\/www.ferberpainting.com\/wp-content\/uploads\/2025\/05\/Epoxy-Resin-Cleaner-5L-768x768.png",768,768,true],"large":["https:\/\/www.ferberpainting.com\/wp-content\/uploads\/2025\/05\/Epoxy-Resin-Cleaner-5L-1024x1024.png",1024,1024,true],"1536x1536":["https:\/\/www.ferberpainting.com\/wp-content\/uploads\/2025\/05\/Epoxy-Resin-Cleaner-5L-1536x1536.png",1536,1536,true],"2048x2048":["https:\/\/www.ferberpainting.com\/wp-content\/uploads\/2025\/05\/Epoxy-Resin-Cleaner-5L-2048x2048.png",2048,2048,true],"trp-custom-language-flag":["https:\/\/www.ferberpainting.com\/wp-content\/uploads\/2025\/05\/Epoxy-Resin-Cleaner-5L-12x12.png",12,12,true],"woocommerce_thumbnail":["https:\/\/www.ferberpainting.com\/wp-content\/uploads\/2025\/05\/Epoxy-Resin-Cleaner-5L-300x300.png",300,300,true],"woocommerce_single":["https:\/\/www.ferberpainting.com\/wp-content\/uploads\/2025\/05\/Epoxy-Resin-Cleaner-5L-600x600.png",600,600,true],"woocommerce_gallery_thumbnail":["https:\/\/www.ferberpainting.com\/wp-content\/uploads\/2025\/05\/Epoxy-Resin-Cleaner-5L-100x100.png",100,100,true]},"uagb_author_info":{"display_name":"admin","author_link":"https:\/\/www.ferberpainting.com\/cz\/author\/"},"uagb_comment_info":11,"uagb_excerpt":"Optimal Efficiency.\u00a0This cleaner for epoxy resin is specially designed to effectively eliminate residues, stains, and impurities that can build up on epoxy resin surfaces after their application or use. It penetrates deeply to dissolve dirt, grease, embedded dust, and even limescale deposits without damaging the glossy and protective finish of the resin. Its powerful formula&hellip;","_links":{"self":[{"href":"https:\/\/www.ferberpainting.com\/cz\/wp-json\/wp\/v2\/product\/23211","targetHints":{"allow":["GET"]}}],"collection":[{"href":"https:\/\/www.ferberpainting.com\/cz\/wp-json\/wp\/v2\/product"}],"about":[{"href":"https:\/\/www.ferberpainting.com\/cz\/wp-json\/wp\/v2\/types\/product"}],"replies":[{"embeddable":true,"href":"https:\/\/www.ferberpainting.com\/cz\/wp-json\/wp\/v2\/comments?post=23211"}],"version-history":[{"count":6,"href":"https:\/\/www.ferberpainting.com\/cz\/wp-json\/wp\/v2\/product\/23211\/revisions"}],"predecessor-version":[{"id":166105,"href":"https:\/\/www.ferberpainting.com\/cz\/wp-json\/wp\/v2\/product\/23211\/revisions\/166105"}],"wp:featuredmedia":[{"embeddable":true,"href":"https:\/\/www.ferberpainting.com\/cz\/wp-json\/wp\/v2\/media\/36466"}],"wp:attachment":[{"href":"https:\/\/www.ferberpainting.com\/cz\/wp-json\/wp\/v2\/media?parent=23211"}],"wp:term":[{"taxonomy":"product_brand","embeddable":true,"href":"https:\/\/www.ferberpainting.com\/cz\/wp-json\/wp\/v2\/product_brand?post=23211"},{"taxonomy":"product_cat","embeddable":true,"href":"https:\/\/www.ferberpainting.com\/cz\/wp-json\/wp\/v2\/product_cat?post=23211"},{"taxonomy":"product_tag","embeddable":true,"href":"https:\/\/www.ferberpainting.com\/cz\/wp-json\/wp\/v2\/product_tag?post=23211"}],"curies":[{"name":"wp","href":"https:\/\/api.w.org\/{rel}","templated":true}]}}