{"id":23202,"date":"2025-07-01T16:23:03","date_gmt":"2025-07-01T14:23:03","guid":{"rendered":"https:\/\/www.ferberpainting.com\/?post_type=product&#038;p=23202"},"modified":"2026-02-15T13:51:02","modified_gmt":"2026-02-15T12:51:02","slug":"drain-and-sink-cleaner","status":"publish","type":"product","link":"https:\/\/www.ferberpainting.com\/cz\/products\/drain-and-sink-cleaner\/","title":{"rendered":"\u010cisti\u010d kanalizace, d\u0159ezu a umyvadla"},"content":{"rendered":"<p><img decoding=\"async\" style=\"margin-right: 12px;\" src=\"https:\/\/www.ferberpainting.com\/wp-content\/uploads\/2026\/02\/Check.svg\" alt=\"\" width=\"18\" height=\"15\" \/><strong>Rychle uvoln\u00edte ucpan\u00e9 odtoky a obnov\u00edte pln\u00fd pr\u016ftok vody.<\/strong> N\u00e1\u0161 \u010disti\u010d odtok\u016f a d\u0159ez\u016f je speci\u00e1ln\u011b vyvinut\u00fd tak, aby \u00fa\u010dinn\u011b rozpou\u0161t\u011bl ucp\u00e1vky a obnovoval spr\u00e1vn\u00fd odtok vody v kuchyn\u00edch, koupeln\u00e1ch, sprch\u00e1ch a u\u017eitkov\u00fdch d\u0159ezech. P\u016fsob\u00ed rychle a rozkl\u00e1d\u00e1 nahromad\u011bn\u00e9 zbytky, tak\u017ee voda m\u016f\u017ee op\u011bt voln\u011b proudit bez nutnosti n\u00e1kladn\u00fdch instalat\u00e9rsk\u00fdch slu\u017eeb.<\/p>\n<p><strong><img decoding=\"async\" style=\"margin-right: 12px;\" src=\"https:\/\/www.ferberpainting.com\/wp-content\/uploads\/2026\/02\/Check.svg\" alt=\"\" width=\"18\" height=\"15\" \/>Nej\u00fa\u010dinn\u011bj\u0161\u00ed dostupn\u00e9 \u0159e\u0161en\u00ed pro \u010di\u0161t\u011bn\u00ed odtoku.<\/strong> Tento p\u0159\u00edpravek, kter\u00fd obsahuje \u00fa\u010dinn\u00e9 aktivn\u00ed l\u00e1tky, pronik\u00e1 do stojat\u00e9 vody a p\u016fsob\u00ed na p\u0159\u00ed\u010dinu ucp\u00e1n\u00ed. Rozpou\u0161t\u00ed mastnotu, usazeniny m\u00fddla, vlasy, zbytky j\u00eddla a organick\u00e9 usazeniny \u00fa\u010dinn\u011bji ne\u017e b\u011b\u017en\u00e9 \u010distic\u00ed prost\u0159edky pro dom\u00e1cnost a p\u0159in\u00e1\u0161\u00ed rychl\u00e9 a viditeln\u00e9 v\u00fdsledky.<\/p>\n<p><strong><img decoding=\"async\" style=\"margin-right: 12px;\" src=\"https:\/\/www.ferberpainting.com\/wp-content\/uploads\/2026\/02\/Check.svg\" alt=\"\" width=\"18\" height=\"15\" \/>Z\u00e1ruka vr\u00e1cen\u00ed pen\u011bz pro naprostou jistotu.<\/strong> Stoj\u00edme za pevnost\u00ed a spolehlivost\u00ed na\u0161eho \u010disti\u010de odtok\u016f a d\u0159ez\u016f. Pokud nebudete s jeho v\u00fdkonem pln\u011b spokojeni, nab\u00edz\u00edme vr\u00e1cen\u00ed pen\u011bz v pln\u00e9 v\u00fd\u0161i. Na\u0161e z\u00e1ruka vr\u00e1cen\u00ed pen\u011bz zaru\u010duje, \u017ee v\u00e1\u0161 n\u00e1kup bude zcela bez rizika.<\/p>\n<p><strong><img decoding=\"async\" style=\"margin-right: 12px;\" src=\"https:\/\/www.ferberpainting.com\/wp-content\/uploads\/2026\/02\/Check.svg\" alt=\"\" width=\"18\" height=\"15\" \/>Nejlevn\u011bj\u0161\u00ed vysoce v\u00fdkonn\u00fd \u010disti\u010d odtoku na trhu.<\/strong> Efektivn\u00ed \u00fadr\u017eba vodovodn\u00edho potrub\u00ed by nem\u011bla vy\u017eadovat n\u00e1kladn\u00e9 z\u00e1sahy. N\u00e1\u0161 produkt kombinuje v\u00fdkon na profesion\u00e1ln\u00ed \u00farovni s nejkonkurenceschopn\u011bj\u0161\u00edmi dostupn\u00fdmi cenami a nab\u00edz\u00ed v\u00fdjime\u010dnou hodnotu ve srovn\u00e1n\u00ed s opakovan\u00fdmi n\u00e1v\u0161t\u011bvami instalat\u00e9r\u016f nebo p\u0159edra\u017een\u00fdmi alternativami.<\/p>\n<p><strong><img decoding=\"async\" style=\"margin-right: 12px;\" src=\"https:\/\/www.ferberpainting.com\/wp-content\/uploads\/2026\/02\/Check.svg\" alt=\"\" width=\"18\" height=\"15\" \/>Rychl\u00e9 24hodinov\u00e9 doru\u010den\u00ed v p\u0159\u00edpad\u011b nal\u00e9hav\u00e9ho ucp\u00e1n\u00ed.<\/strong> Probl\u00e9my s kanalizac\u00ed mohou naru\u0161it ka\u017edodenn\u00ed rutinu. Proto poskytujeme spolehlivou dod\u00e1vku 24 hodin denn\u011b a zaji\u0161\u0165ujeme, \u017ee \u0159e\u0161en\u00ed doraz\u00ed rychle, abyste mohli ucpan\u00e9 potrub\u00ed \u0159e\u0161it bez prodlen\u00ed.<\/p>\n<p><strong><img decoding=\"async\" style=\"margin-right: 12px;\" src=\"https:\/\/www.ferberpainting.com\/wp-content\/uploads\/2026\/02\/Check.svg\" alt=\"\" width=\"18\" height=\"15\" \/>Funguje na v\u00edce typ\u016f ucp\u00e1n\u00ed.<\/strong> Tento \u010disti\u010d je ur\u010den k \u0159e\u0161en\u00ed \u0161irok\u00e9 \u0161k\u00e1ly b\u011b\u017en\u00fdch vodovodn\u00edch probl\u00e9m\u016f, a\u0165 u\u017e je p\u0159\u00ed\u010dinou ucp\u00e1n\u00ed kuchy\u0148sk\u00fdch d\u0159ez\u016f mastnotou, nahromad\u011bn\u00ed vlas\u016f v koupelnov\u00fdch odtoc\u00edch, zbytk\u016f m\u00fddla ve sprch\u00e1ch nebo organick\u00e9ho odpadu v podlahov\u00fdch odtoc\u00edch.<\/p>\n<p><strong><img decoding=\"async\" style=\"margin-right: 12px;\" src=\"https:\/\/www.ferberpainting.com\/wp-content\/uploads\/2026\/02\/Check.svg\" alt=\"\" width=\"18\" height=\"15\" \/>Pronik\u00e1 do stojat\u00e9 vody a \u010dist\u00ed ji do hloubky.<\/strong> P\u0159\u00edpravek pronik\u00e1 stojatou vodou a dost\u00e1v\u00e1 se p\u0159\u00edmo k ucpan\u00e9mu m\u00edstu. Tato schopnost hlubok\u00e9ho pronik\u00e1n\u00ed zaji\u0161\u0165uje, \u017ee \u00fa\u010dinn\u00e9 l\u00e1tky p\u016fsob\u00ed p\u0159esn\u011b tam, kde je to pot\u0159eba, aby byla zaji\u0161t\u011bna maxim\u00e1ln\u00ed \u00fa\u010dinnost.<\/p>\n<p><strong><img decoding=\"async\" style=\"margin-right: 12px;\" src=\"https:\/\/www.ferberpainting.com\/wp-content\/uploads\/2026\/02\/Check.svg\" alt=\"\" width=\"18\" height=\"15\" \/>Pom\u00e1h\u00e1 p\u0159edch\u00e1zet nep\u0159\u00edjemn\u00fdm pach\u016fm.<\/strong> Rozpou\u0161t\u011bn\u00edm organick\u00fdch l\u00e1tek zachycen\u00fdch v potrub\u00ed odstra\u0148uje \u010disti\u010d zdroj z\u00e1pachu a pom\u00e1h\u00e1 udr\u017eovat sv\u011b\u017eej\u0161\u00ed a hygieni\u010dt\u011bj\u0161\u00ed kanaliza\u010dn\u00ed syst\u00e9my.<\/p>\n<p><strong><img decoding=\"async\" style=\"margin-right: 12px;\" src=\"https:\/\/www.ferberpainting.com\/wp-content\/uploads\/2026\/02\/Check.svg\" alt=\"\" width=\"18\" height=\"15\" \/>Vhodn\u00e9 pro pravidelnou \u00fadr\u017ebu a nouzov\u00e9 pou\u017eit\u00ed.<\/strong> Tento \u010disti\u010d odtok\u016f a d\u0159ez\u016f lze pou\u017e\u00edt jak k preventivn\u00ed \u00fadr\u017eb\u011b, tak jako \u00fa\u010dinn\u00e9 nouzov\u00e9 \u0159e\u0161en\u00ed p\u0159i z\u00e1va\u017en\u00e9m ucp\u00e1n\u00ed. Pravideln\u00e9 pou\u017e\u00edv\u00e1n\u00ed pom\u00e1h\u00e1 udr\u017eovat optim\u00e1ln\u00ed v\u00fdkon potrub\u00ed.<\/p>\n<p><strong><img decoding=\"async\" style=\"margin-right: 12px;\" src=\"https:\/\/www.ferberpainting.com\/wp-content\/uploads\/2026\/02\/Check.svg\" alt=\"\" width=\"18\" height=\"15\" \/>Snadn\u00e1 a kontrolovan\u00e1 aplikace.<\/strong> Tekut\u00fd p\u0159\u00edpravek je navr\u017een pro snadn\u00e9 pou\u017eit\u00ed a umo\u017e\u0148uje p\u0159esn\u00e9 nalit\u00ed p\u0159\u00edmo do kanalizace bez slo\u017eit\u00e9 p\u0159\u00edpravy. Je vhodn\u00fd pro pou\u017eit\u00ed v obytn\u00fdch a lehk\u00fdch komer\u010dn\u00edch prostor\u00e1ch.<\/p>\n<h2><strong>Pokyny<\/strong><\/h2>\n<ul>\n<li>P\u0159ed aplikac\u00ed odstra\u0148te z d\u0159ezu nebo odtoku co nejv\u00edce stojat\u00e9 vody.<\/li>\n<li>Opatrn\u011b nalijte doporu\u010den\u00e9 mno\u017estv\u00ed \u010distic\u00edho prost\u0159edku p\u0159\u00edmo do odtokov\u00e9ho otvoru.<\/li>\n<li>P\u0159i m\u00edrn\u00e9m ucp\u00e1n\u00ed pou\u017eijte p\u0159ibli\u017en\u011b 250 ml. P\u0159i siln\u00e9m ucp\u00e1n\u00ed zvy\u0161te d\u00e1vku na 500 ml.<\/li>\n<li>Nechte p\u0159\u00edpravek p\u016fsobit nejm\u00e9n\u011b 15 a\u017e 30 minut. U siln\u011b ucpan\u00fdch cest nechte p\u016fsobit d\u00e9le podle jejich z\u00e1va\u017enosti.<\/li>\n<li>Po uplynut\u00ed \u010dekac\u00ed doby d\u016fkladn\u011b propl\u00e1chn\u011bte horkou vodou, abyste odstranili rozpu\u0161t\u011bn\u00e9 ne\u010distoty a obnovili pr\u016ftok.<\/li>\n<li>Pro preventivn\u00ed \u00fadr\u017ebu aplikujte 100 a\u017e 200 ml jednou m\u011bs\u00ed\u010dn\u011b, abyste udr\u017eeli potrub\u00ed \u010dist\u00e9 a omezili tvorbu usazenin.<\/li>\n<li>Nem\u00edchejte s jin\u00fdmi \u010distic\u00edmi prost\u0159edky, abyste zabr\u00e1nili ne\u017e\u00e1douc\u00edm chemick\u00fdm reakc\u00edm.<\/li>\n<li>B\u011bhem pou\u017e\u00edv\u00e1n\u00ed zajist\u011bte \u0159\u00e1dn\u00e9 v\u011btr\u00e1n\u00ed a zabra\u0148te p\u0159\u00edm\u00e9mu kontaktu s poko\u017ekou a o\u010dima.<\/li>\n<li>B\u011bhem aplikace nepou\u0161t\u011bjte d\u011bti a dom\u00e1c\u00ed zv\u00ed\u0159ata.<\/li>\n<li>P\u0159\u00edpravek skladujte na chladn\u00e9m a such\u00e9m m\u00edst\u011b mimo dosah p\u0159\u00edm\u00e9ho slune\u010dn\u00edho z\u00e1\u0159en\u00ed a po pou\u017eit\u00ed uchov\u00e1vejte obal t\u011bsn\u011b uzav\u0159en\u00fd.<\/li>\n<\/ul>","protected":false},"excerpt":{"rendered":"<p>Unclog drains quickly and restore full water flow. Our drain and sink cleaner is specially formulated to dissolve blockages efficiently and restore proper drainage in kitchens, bathrooms, showers, and utility sinks. It acts rapidly to break down accumulated residues, allowing water to flow freely again without the need for costly plumbing services. The most effective [&hellip;]<\/p>\n","protected":false},"featured_media":36461,"comment_status":"open","ping_status":"closed","template":"","meta":{"_uag_custom_page_level_css":"","site-sidebar-layout":"default","site-content-layout":"","ast-site-content-layout":"default","site-content-style":"default","site-sidebar-style":"default","ast-global-header-display":"","ast-banner-title-visibility":"","ast-main-header-display":"","ast-hfb-above-header-display":"","ast-hfb-below-header-display":"","ast-hfb-mobile-header-display":"","site-post-title":"","ast-breadcrumbs-content":"","ast-featured-img":"","footer-sml-layout":"","ast-disable-related-posts":"","theme-transparent-header-meta":"default","adv-header-id-meta":"","stick-header-meta":"","header-above-stick-meta":"","header-main-stick-meta":"","header-below-stick-meta":"","astra-migrate-meta-layouts":"set","ast-page-background-enabled":"default","ast-page-background-meta":{"desktop":{"background-color":"var(--ast-global-color-4)","background-image":"","background-repeat":"repeat","background-position":"center center","background-size":"auto","background-attachment":"scroll","background-type":"","background-media":"","overlay-type":"","overlay-color":"","overlay-opacity":"","overlay-gradient":""},"tablet":{"background-color":"","background-image":"","background-repeat":"repeat","background-position":"center center","background-size":"auto","background-attachment":"scroll","background-type":"","background-media":"","overlay-type":"","overlay-color":"","overlay-opacity":"","overlay-gradient":""},"mobile":{"background-color":"","background-image":"","background-repeat":"repeat","background-position":"center center","background-size":"auto","background-attachment":"scroll","background-type":"","background-media":"","overlay-type":"","overlay-color":"","overlay-opacity":"","overlay-gradient":""}},"ast-content-background-meta":{"desktop":{"background-color":"var(--ast-global-color-5)","background-image":"","background-repeat":"repeat","background-position":"center center","background-size":"auto","background-attachment":"scroll","background-type":"","background-media":"","overlay-type":"","overlay-color":"","overlay-opacity":"","overlay-gradient":""},"tablet":{"background-color":"var(--ast-global-color-5)","background-image":"","background-repeat":"repeat","background-position":"center center","background-size":"auto","background-attachment":"scroll","background-type":"","background-media":"","overlay-type":"","overlay-color":"","overlay-opacity":"","overlay-gradient":""},"mobile":{"background-color":"var(--ast-global-color-5)","background-image":"","background-repeat":"repeat","background-position":"center center","background-size":"auto","background-attachment":"scroll","background-type":"","background-media":"","overlay-type":"","overlay-color":"","overlay-opacity":"","overlay-gradient":""}}},"product_brand":[],"product_cat":[175],"product_tag":[],"class_list":{"0":"post-23202","1":"product","2":"type-product","3":"status-publish","4":"has-post-thumbnail","6":"product_cat-cleaning-products","7":"desktop-align-left","8":"tablet-align-left","9":"mobile-align-left","11":"first","12":"instock","13":"sale","14":"shipping-taxable","15":"purchasable","16":"product-type-variable","17":"has-default-attributes"},"spectra_custom_meta":{"_visibility":["visible"],"_shopify_product_id":["9102344487157"],"_s2w_shopify_domain":["ferberpainting.myshopify.com"],"_shopify_variant_id":["46616020975861"],"_sku":[""],"_manage_stock":["no"],"total_sales":["24"],"_tax_status":["taxable"],"_tax_class":[""],"_backorders":["no"],"_sold_individually":["no"],"_virtual":["no"],"_downloadable":["no"],"_download_limit":["-1"],"_download_expiry":["-1"],"_stock":[null],"_stock_status":["instock"],"_wc_average_rating":["5.00"],"_wc_review_count":["10"],"_product_attributes":["a:1:{s:6:\"volume\";a:6:{s:4:\"name\";s:6:\"Volume\";s:5:\"value\";s:20:\"5 litres | 25 liters\";s:8:\"position\";i:1;s:10:\"is_visible\";i:0;s:12:\"is_variation\";i:1;s:11:\"is_taxonomy\";i:0;}}"],"_product_version":["10.5.1"],"wpse_downloadable_file_names":[""],"wpse_downloadable_file_urls":[""],"_edit_last":["1"],"_default_attributes":["a:1:{s:6:\"volume\";s:8:\"5 litres\";}"],"_edit_lock":["1771159740:1"],"_price":["29.90","129.90"],"merchant-center-availability":["yes"],"merchant-center-category":["4973"],"_thumbnail_id":["36461"],"_wp_page_template":["default"],"_wp_old_date":["2025-05-26"],"_product_image_gallery":["36462"],"site-sidebar-layout":["default"],"ast-site-content-layout":["default"],"site-content-style":["default"],"site-sidebar-style":["default"],"theme-transparent-header-meta":["default"],"_wc_rating_count":["a:1:{i:5;i:10;}"],"astra-migrate-meta-layouts":["set"],"_uag_css_file_name":["uag-css-23202.css"],"_elementor_page_assets":["a:0:{}"],"_uag_page_assets":["a:9:{s:3:\"css\";s:6873:\".wp-block-uagb-image{display:flex}.wp-block-uagb-image__figure{position:relative;display:flex;flex-direction:column;max-width:100%;height:auto;margin:0}.wp-block-uagb-image__figure img{height:auto;display:flex;max-width:100%;transition:box-shadow .2s ease}.wp-block-uagb-image__figure>a{display:inline-block}.wp-block-uagb-image__figure figcaption{text-align:center;margin-top:.5em;margin-bottom:1em}.wp-block-uagb-image .components-placeholder.block-editor-media-placeholder .components-placeholder__instructions{align-self:center}.wp-block-uagb-image--align-left{text-align:left}.wp-block-uagb-image--align-right{text-align:right}.wp-block-uagb-image--align-center{text-align:center}.wp-block-uagb-image--align-full .wp-block-uagb-image__figure{margin-left:calc(50% - 50vw);margin-right:calc(50% - 50vw);max-width:100vw;width:100vw;height:auto}.wp-block-uagb-image--align-full .wp-block-uagb-image__figure img{height:auto;width:100% !important}.wp-block-uagb-image--align-wide .wp-block-uagb-image__figure img{height:auto;width:100%}.wp-block-uagb-image--layout-overlay__color-wrapper{position:absolute;left:0;top:0;right:0;bottom:0;opacity:.2;background:rgba(0,0,0,.5);transition:opacity .35s ease-in-out}.wp-block-uagb-image--layout-overlay-link{position:absolute;left:0;right:0;bottom:0;top:0}.wp-block-uagb-image--layout-overlay .wp-block-uagb-image__figure:hover .wp-block-uagb-image--layout-overlay__color-wrapper{opacity:1}.wp-block-uagb-image--layout-overlay__inner{position:absolute;left:15px;right:15px;bottom:15px;top:15px;display:flex;align-items:center;justify-content:center;flex-direction:column;border-color:#fff;transition:.35s ease-in-out}.wp-block-uagb-image--layout-overlay__inner.top-left,.wp-block-uagb-image--layout-overlay__inner.top-center,.wp-block-uagb-image--layout-overlay__inner.top-right{justify-content:flex-start}.wp-block-uagb-image--layout-overlay__inner.bottom-left,.wp-block-uagb-image--layout-overlay__inner.bottom-center,.wp-block-uagb-image--layout-overlay__inner.bottom-right{justify-content:flex-end}.wp-block-uagb-image--layout-overlay__inner.top-left,.wp-block-uagb-image--layout-overlay__inner.center-left,.wp-block-uagb-image--layout-overlay__inner.bottom-left{align-items:flex-start}.wp-block-uagb-image--layout-overlay__inner.top-right,.wp-block-uagb-image--layout-overlay__inner.center-right,.wp-block-uagb-image--layout-overlay__inner.bottom-right{align-items:flex-end}.wp-block-uagb-image--layout-overlay__inner .uagb-image-heading{color:#fff;transition:transform .35s,opacity .35s ease-in-out;transform:translate3d(0, 24px, 0);margin:0;line-height:1em}.wp-block-uagb-image--layout-overlay__inner .uagb-image-separator{width:30%;border-top-width:2px;border-top-color:#fff;border-top-style:solid;margin-bottom:10px;opacity:0;transition:transform .4s,opacity .4s ease-in-out;transform:translate3d(0, 30px, 0)}.wp-block-uagb-image--layout-overlay__inner .uagb-image-caption{opacity:0;overflow:visible;color:#fff;transition:transform .45s,opacity .45s ease-in-out;transform:translate3d(0, 35px, 0)}.wp-block-uagb-image--layout-overlay__inner:hover .uagb-image-heading,.wp-block-uagb-image--layout-overlay__inner:hover .uagb-image-separator,.wp-block-uagb-image--layout-overlay__inner:hover .uagb-image-caption{opacity:1;transform:translate3d(0, 0, 0)}.wp-block-uagb-image--effect-zoomin .wp-block-uagb-image__figure img,.wp-block-uagb-image--effect-zoomin .wp-block-uagb-image__figure .wp-block-uagb-image--layout-overlay__color-wrapper{transform:scale(1);transition:transform .35s ease-in-out}.wp-block-uagb-image--effect-zoomin .wp-block-uagb-image__figure:hover img,.wp-block-uagb-image--effect-zoomin .wp-block-uagb-image__figure:hover .wp-block-uagb-image--layout-overlay__color-wrapper{transform:scale(1.05)}.wp-block-uagb-image--effect-slide .wp-block-uagb-image__figure img,.wp-block-uagb-image--effect-slide .wp-block-uagb-image__figure .wp-block-uagb-image--layout-overlay__color-wrapper{width:calc(100% + 40px) !important;max-width:none !important;transform:translate3d(-40px, 0, 0);transition:transform .35s ease-in-out}.wp-block-uagb-image--effect-slide .wp-block-uagb-image__figure:hover img,.wp-block-uagb-image--effect-slide .wp-block-uagb-image__figure:hover .wp-block-uagb-image--layout-overlay__color-wrapper{transform:translate3d(0, 0, 0)}.wp-block-uagb-image--effect-grayscale img{filter:grayscale(0%);transition:.35s ease-in-out}.wp-block-uagb-image--effect-grayscale:hover img{filter:grayscale(100%)}.wp-block-uagb-image--effect-blur img{filter:blur(0);transition:.35s ease-in-out}.wp-block-uagb-image--effect-blur:hover img{filter:blur(3px)}.uagb-block-e6f939b3.wp-block-uagb-image--layout-default figure img{box-shadow: 0px 0px 0 #00000070;}.uagb-block-e6f939b3.wp-block-uagb-image .wp-block-uagb-image__figure figcaption{font-style: normal;align-self: center;}.uagb-block-e6f939b3.wp-block-uagb-image--layout-overlay figure img{box-shadow: 0px 0px 0 #00000070;}.uagb-block-e6f939b3.wp-block-uagb-image--layout-overlay .wp-block-uagb-image--layout-overlay__color-wrapper{opacity: 0.2;}.uagb-block-e6f939b3.wp-block-uagb-image--layout-overlay .wp-block-uagb-image--layout-overlay__inner{left: 15px;right: 15px;top: 15px;bottom: 15px;}.uagb-block-e6f939b3.wp-block-uagb-image--layout-overlay .wp-block-uagb-image--layout-overlay__inner .uagb-image-heading{font-style: normal;color: #fff;opacity: 1;}.uagb-block-e6f939b3.wp-block-uagb-image--layout-overlay .wp-block-uagb-image--layout-overlay__inner .uagb-image-heading a{color: #fff;}.uagb-block-e6f939b3.wp-block-uagb-image--layout-overlay .wp-block-uagb-image--layout-overlay__inner .uagb-image-caption{opacity: 0;}.uagb-block-e6f939b3.wp-block-uagb-image--layout-overlay .wp-block-uagb-image__figure:hover .wp-block-uagb-image--layout-overlay__color-wrapper{opacity: 1;}.uagb-block-e6f939b3.wp-block-uagb-image .wp-block-uagb-image--layout-overlay__inner .uagb-image-separator{width: 30%;border-top-width: 2px;border-top-color: #fff;opacity: 0;}.uagb-block-e6f939b3.wp-block-uagb-image .wp-block-uagb-image__figure img{width: px;height: auto;}.uagb-block-e6f939b3.wp-block-uagb-image .wp-block-uagb-image__figure:hover .wp-block-uagb-image--layout-overlay__inner .uagb-image-caption{opacity: 1;}.uagb-block-e6f939b3.wp-block-uagb-image .wp-block-uagb-image__figure:hover .wp-block-uagb-image--layout-overlay__inner .uagb-image-separator{opacity: 1;}.uagb-block-e6f939b3.wp-block-uagb-image--layout-default figure:hover img{box-shadow: 0px 0px 0 #00000070;}.uagb-block-e6f939b3.wp-block-uagb-image--layout-overlay figure:hover img{box-shadow: 0px 0px 0 #00000070;}@media only screen and (max-width: 976px) {.uagb-block-e6f939b3.wp-block-uagb-image .wp-block-uagb-image__figure img{width: px;height: auto;}}@media only screen and (max-width: 767px) {.uagb-block-e6f939b3.wp-block-uagb-image .wp-block-uagb-image__figure img{width: px;height: auto;}}\";s:2:\"js\";s:0:\"\";s:18:\"current_block_list\";a:13:{i:0;s:11:\"core\/search\";i:1;s:10:\"core\/group\";i:2;s:12:\"core\/heading\";i:3;s:17:\"core\/latest-posts\";i:4;s:20:\"core\/latest-comments\";i:5;s:13:\"core\/archives\";i:6;s:15:\"core\/categories\";i:7;s:14:\"core\/paragraph\";i:8;s:10:\"uagb\/image\";i:9;s:11:\"core\/spacer\";i:10;s:30:\"woocommerce\/product-categories\";i:11;s:10:\"core\/image\";i:12;s:14:\"core\/shortcode\";}s:8:\"uag_flag\";b:1;s:11:\"uag_version\";s:10:\"1777139603\";s:6:\"gfonts\";a:0:{}s:10:\"gfonts_url\";s:0:\"\";s:12:\"gfonts_files\";a:0:{}s:14:\"uag_faq_layout\";b:0;}"]},"uagb_featured_image_src":{"full":["https:\/\/www.ferberpainting.com\/wp-content\/uploads\/2025\/05\/Sink-and-Basin-Unblocker-5L.png",2560,2560,false],"thumbnail":["https:\/\/www.ferberpainting.com\/wp-content\/uploads\/2025\/05\/Sink-and-Basin-Unblocker-5L-150x150.png",150,150,true],"medium":["https:\/\/www.ferberpainting.com\/wp-content\/uploads\/2025\/05\/Sink-and-Basin-Unblocker-5L-300x300.png",300,300,true],"medium_large":["https:\/\/www.ferberpainting.com\/wp-content\/uploads\/2025\/05\/Sink-and-Basin-Unblocker-5L-768x768.png",768,768,true],"large":["https:\/\/www.ferberpainting.com\/wp-content\/uploads\/2025\/05\/Sink-and-Basin-Unblocker-5L-1024x1024.png",1024,1024,true],"1536x1536":["https:\/\/www.ferberpainting.com\/wp-content\/uploads\/2025\/05\/Sink-and-Basin-Unblocker-5L-1536x1536.png",1536,1536,true],"2048x2048":["https:\/\/www.ferberpainting.com\/wp-content\/uploads\/2025\/05\/Sink-and-Basin-Unblocker-5L-2048x2048.png",2048,2048,true],"trp-custom-language-flag":["https:\/\/www.ferberpainting.com\/wp-content\/uploads\/2025\/05\/Sink-and-Basin-Unblocker-5L-12x12.png",12,12,true],"woocommerce_thumbnail":["https:\/\/www.ferberpainting.com\/wp-content\/uploads\/2025\/05\/Sink-and-Basin-Unblocker-5L-300x300.png",300,300,true],"woocommerce_single":["https:\/\/www.ferberpainting.com\/wp-content\/uploads\/2025\/05\/Sink-and-Basin-Unblocker-5L-600x600.png",600,600,true],"woocommerce_gallery_thumbnail":["https:\/\/www.ferberpainting.com\/wp-content\/uploads\/2025\/05\/Sink-and-Basin-Unblocker-5L-100x100.png",100,100,true]},"uagb_author_info":{"display_name":"admin","author_link":"https:\/\/www.ferberpainting.com\/cz\/author\/"},"uagb_comment_info":10,"uagb_excerpt":"Unclog drains quickly and restore full water flow. Our drain and sink cleaner is specially formulated to dissolve blockages efficiently and restore proper drainage in kitchens, bathrooms, showers, and utility sinks. It acts rapidly to break down accumulated residues, allowing water to flow freely again without the need for costly plumbing services. The most effective&hellip;","_links":{"self":[{"href":"https:\/\/www.ferberpainting.com\/cz\/wp-json\/wp\/v2\/product\/23202","targetHints":{"allow":["GET"]}}],"collection":[{"href":"https:\/\/www.ferberpainting.com\/cz\/wp-json\/wp\/v2\/product"}],"about":[{"href":"https:\/\/www.ferberpainting.com\/cz\/wp-json\/wp\/v2\/types\/product"}],"replies":[{"embeddable":true,"href":"https:\/\/www.ferberpainting.com\/cz\/wp-json\/wp\/v2\/comments?post=23202"}],"version-history":[{"count":6,"href":"https:\/\/www.ferberpainting.com\/cz\/wp-json\/wp\/v2\/product\/23202\/revisions"}],"predecessor-version":[{"id":166101,"href":"https:\/\/www.ferberpainting.com\/cz\/wp-json\/wp\/v2\/product\/23202\/revisions\/166101"}],"wp:featuredmedia":[{"embeddable":true,"href":"https:\/\/www.ferberpainting.com\/cz\/wp-json\/wp\/v2\/media\/36461"}],"wp:attachment":[{"href":"https:\/\/www.ferberpainting.com\/cz\/wp-json\/wp\/v2\/media?parent=23202"}],"wp:term":[{"taxonomy":"product_brand","embeddable":true,"href":"https:\/\/www.ferberpainting.com\/cz\/wp-json\/wp\/v2\/product_brand?post=23202"},{"taxonomy":"product_cat","embeddable":true,"href":"https:\/\/www.ferberpainting.com\/cz\/wp-json\/wp\/v2\/product_cat?post=23202"},{"taxonomy":"product_tag","embeddable":true,"href":"https:\/\/www.ferberpainting.com\/cz\/wp-json\/wp\/v2\/product_tag?post=23202"}],"curies":[{"name":"wp","href":"https:\/\/api.w.org\/{rel}","templated":true}]}}