{"id":23195,"date":"2025-07-01T16:17:12","date_gmt":"2025-07-01T14:17:12","guid":{"rendered":"https:\/\/www.ferberpainting.com\/?post_type=product&#038;p=23195"},"modified":"2026-02-15T13:48:05","modified_gmt":"2026-02-15T12:48:05","slug":"descaler-for-macerator-toilet","status":"publish","type":"product","link":"https:\/\/www.ferberpainting.com\/cz\/products\/descaler-for-macerator-toilet\/","title":{"rendered":"Odstra\u0148ova\u010d vodn\u00edho kamene pro sanibroyeur"},"content":{"rendered":"<p><img decoding=\"async\" style=\"margin-right: 12px;\" src=\"https:\/\/www.ferberpainting.com\/wp-content\/uploads\/2026\/02\/Check.svg\" alt=\"\" width=\"18\" height=\"15\" \/><strong>\u00da\u010dinn\u00fd proti vodn\u00edmu kameni a v\u00e1penat\u00fdm usazenin\u00e1m.<\/strong>\u00a0Odstra\u0148ova\u010d vodn\u00edho kamene z macer\u00e1toru je speci\u00e1ln\u011b navr\u017een tak, aby \u00fa\u010dinn\u011b odstra\u0148oval vodn\u00ed k\u00e1men a v\u00e1penat\u00e9 usazeniny, kter\u00e9 se mohou usazovat uvnit\u0159 sanit\u00e1rn\u00edch za\u0159\u00edzen\u00ed, jako jsou macerovan\u00e9 toalety. Tyto zbytky mohou blokovat vnit\u0159n\u00ed mechanismy a sni\u017eovat \u00fa\u010dinnost syst\u00e9mu. D\u00edky sv\u00e9mu \u00fa\u010dinn\u00e9mu slo\u017een\u00ed pom\u00e1h\u00e1 tento p\u0159\u00edpravek udr\u017eovat spr\u00e1vnou funkci macer\u00e1toru a z\u00e1rove\u0148 zaji\u0161\u0165uje jeho hloubkov\u00e9 \u010di\u0161t\u011bn\u00ed.<\/p>\n<p><img decoding=\"async\" style=\"margin-right: 12px;\" src=\"https:\/\/www.ferberpainting.com\/wp-content\/uploads\/2026\/02\/Check.svg\" alt=\"\" width=\"18\" height=\"15\" \/><strong>Z\u00e1ruka vr\u00e1cen\u00ed pen\u011bz.<\/strong>\u00a0Jsme p\u0159esv\u011bd\u010deni o \u00fa\u010dinnosti na\u0161eho odstra\u0148ova\u010de vodn\u00edho kamene, a proto nab\u00edz\u00edme z\u00e1ruku spokojenosti nebo vr\u00e1cen\u00ed pen\u011bz. Pokud nejste s v\u00fdrobkem spokojeni nebo nespl\u0148uje va\u0161e o\u010dek\u00e1v\u00e1n\u00ed, m\u016f\u017eete po\u017e\u00e1dat o vr\u00e1cen\u00ed pen\u011bz v pln\u00e9 v\u00fd\u0161i. To v\u00e1m umo\u017en\u00ed vyzkou\u0161et v\u00fdrobek s naprost\u00fdm klidem.<\/p>\n<p><img decoding=\"async\" style=\"margin-right: 12px;\" src=\"https:\/\/www.ferberpainting.com\/wp-content\/uploads\/2026\/02\/Check.svg\" alt=\"\" width=\"18\" height=\"15\" \/><strong>V\u0161estrannost.<\/strong>\u00a0Tento odstra\u0148ova\u010d vodn\u00edho kamene je univerz\u00e1ln\u00ed v\u00fdrobek, kter\u00fd lze pou\u017e\u00edt na v\u0161echny typy macerovan\u00fdch toalet, a\u0165 u\u017e s ml\u00fdnkem, nebo bez n\u011bj. Je tak\u00e9 kompatibiln\u00ed s r\u016fzn\u00fdmi materi\u00e1ly, jako je keramika, plast a kov, kter\u00e9 se b\u011b\u017en\u011b vyskytuj\u00ed ve vnit\u0159n\u00edch \u010d\u00e1stech va\u0161eho spot\u0159ebi\u010de. Ji\u017e se nemus\u00edte ob\u00e1vat o kompatibilitu s va\u0161\u00edm macer\u00e1torem, bez ohledu na model nebo zna\u010dku.<\/p>\n<p><img decoding=\"async\" style=\"margin-right: 12px;\" src=\"https:\/\/www.ferberpainting.com\/wp-content\/uploads\/2026\/02\/Check.svg\" alt=\"\" width=\"18\" height=\"15\" \/><strong>\u00dasporn\u00e9.<\/strong>\u00a0Odstra\u0148ova\u010d vodn\u00edho kamene z macer\u00e1toru nab\u00edz\u00ed vynikaj\u00edc\u00ed pom\u011br ceny a v\u00fdkonu. Jeden litr p\u0159\u00edpravku vysta\u010d\u00ed v pr\u016fm\u011bru na 5 a\u017e 8 aplikac\u00ed v z\u00e1vislosti na mno\u017estv\u00ed vodn\u00edho kamene a velikosti o\u0161et\u0159ovan\u00e9ho spot\u0159ebi\u010de. S p\u011btilitrovou n\u00e1dobou m\u016f\u017eete prov\u00e9st 25 a\u017e 40 o\u0161et\u0159en\u00ed, co\u017e z n\u011bj \u010din\u00ed velmi cenov\u011b v\u00fdhodn\u00e9 \u0159e\u0161en\u00ed pro dlouhodobou \u00fadr\u017ebu va\u0161ich sanit\u00e1rn\u00edch za\u0159\u00edzen\u00ed.<\/p>\n<p><img decoding=\"async\" style=\"margin-right: 12px;\" src=\"https:\/\/www.ferberpainting.com\/wp-content\/uploads\/2026\/02\/Check.svg\" alt=\"\" width=\"18\" height=\"15\" \/><strong>Netoxick\u00e9.<\/strong>\u00a0Tento v\u00fdrobek je bezpe\u010dn\u00fd, pokud je pou\u017e\u00edv\u00e1n v souladu s n\u00e1vodem. Je ur\u010den k odstran\u011bn\u00ed usazenin a zbytk\u016f vodn\u00edho kamene, ani\u017e by ohro\u017eoval zdrav\u00ed u\u017eivatele. Neobsahuje \u017e\u00e1dn\u00e9 agresivn\u00ed chemick\u00e9 l\u00e1tky, tak\u017ee manipulace s n\u00edm je snaz\u0161\u00ed a bezpe\u010dn\u011bj\u0161\u00ed ne\u017e s tradi\u010dn\u00edmi \u017e\u00edrav\u00fdmi prost\u0159edky na odstra\u0148ov\u00e1n\u00ed vodn\u00edho kamene. Pro maxim\u00e1ln\u00ed bezpe\u010dnost se v\u0161ak p\u0159i pou\u017e\u00edv\u00e1n\u00ed doporu\u010duj\u00ed rukavice a \u0159\u00e1dn\u00e9 v\u011btr\u00e1n\u00ed.<\/p>\n<p><img decoding=\"async\" style=\"margin-right: 12px;\" src=\"https:\/\/www.ferberpainting.com\/wp-content\/uploads\/2026\/02\/Check.svg\" alt=\"\" width=\"18\" height=\"15\" \/><strong>Snadn\u00e9 pou\u017eit\u00ed.<\/strong>\u00a0Odstra\u0148ova\u010d vodn\u00edho kamene z macer\u00e1toru je p\u0159ipraven k pou\u017eit\u00ed a nevy\u017eaduje \u017e\u00e1dn\u00e9 \u0159ed\u011bn\u00ed ani p\u0159\u00edpravu. M\u016f\u017eete jej aplikovat p\u0159\u00edmo na posti\u017een\u00e1 m\u00edsta pomoc\u00ed houby nebo \u0161t\u011btce. Jeho aplikace je jednoduch\u00e1 a rychl\u00e1, co\u017e v\u00e1m umo\u017en\u00ed snadno udr\u017eovat macer\u00e1tor v perfektn\u00edm provozn\u00edm stavu bez pou\u017eit\u00ed slo\u017eit\u00fdch technik nebo v\u00edce chemick\u00fdch p\u0159\u00edpravk\u016f.<\/p>\n<p><img decoding=\"async\" style=\"margin-right: 12px;\" src=\"https:\/\/www.ferberpainting.com\/wp-content\/uploads\/2026\/02\/Check.svg\" alt=\"\" width=\"18\" height=\"15\" \/><strong>Odolnost.<\/strong>\u00a0Pravideln\u00e9 pou\u017e\u00edv\u00e1n\u00ed odstra\u0148ova\u010de vodn\u00edho kamene z macer\u00e1toru udr\u017euje vnit\u0159ek spot\u0159ebi\u010de v dobr\u00e9m stavu a sni\u017euje hromad\u011bn\u00ed vodn\u00edho kamene v pr\u016fb\u011bhu \u010dasu. Odstra\u0148ov\u00e1n\u00edm v\u00e1penat\u00fdch usazenin, jakmile se objev\u00ed, prodlu\u017eujete \u017eivotnost macer\u00e1toru a z\u00e1rove\u0148 optimalizujete jeho \u00fa\u010dinnost. Tento v\u00fdrobek tak\u00e9 pom\u00e1h\u00e1 omezit poruchy zp\u016fsoben\u00e9 vnit\u0159n\u00edm zanesen\u00edm.<\/p>\n<p><img decoding=\"async\" style=\"margin-right: 12px;\" src=\"https:\/\/www.ferberpainting.com\/wp-content\/uploads\/2026\/02\/Check.svg\" alt=\"\" width=\"18\" height=\"15\" \/><strong>Rychl\u00e9 p\u016fsoben\u00ed.<\/strong>\u00a0Tento odstra\u0148ova\u010d vodn\u00edho kamene rychle rozpou\u0161t\u00ed vodn\u00ed k\u00e1men a dal\u0161\u00ed zbytky v macer\u00e1toru. Po aplikaci jej jednodu\u0161e nechte n\u011bkolik minut p\u016fsobit, abyste vid\u011bli v\u00fdsledky. V z\u00e1vislosti na m\u00ed\u0159e usazenin m\u016f\u017eete nechat p\u0159\u00edpravek p\u016fsobit 10 a\u017e 20 minut, aby byl optim\u00e1ln\u011b \u00fa\u010dinn\u00fd. Nebudete muset dlouho \u010dekat, ne\u017e opl\u00e1chnete a z\u00edsk\u00e1te zp\u011bt \u010dist\u00fd a funk\u010dn\u00ed macer\u00e1tor.<\/p>\n<h2><strong>Protokol o pou\u017eit\u00ed<\/strong><\/h2>\n<ul>\n<li><strong>P\u0159\u00edprava za\u0159\u00edzen\u00ed <\/strong>: P\u0159ed pou\u017eit\u00edm odstra\u0148ova\u010de vodn\u00edho kamene se ujist\u011bte, \u017ee je macer\u00e1tor vypnut\u00fd a \u017ee jsou v\u0161echny \u010di\u0161t\u011bn\u00e9 \u010d\u00e1sti chladn\u00e9. V p\u0159\u00edpad\u011b pot\u0159eby p\u0159\u00edstroj z bezpe\u010dnostn\u00edch d\u016fvod\u016f odpojte ze z\u00e1suvky. V p\u0159\u00edpad\u011b pot\u0159eby odstra\u0148te zb\u00fdvaj\u00edc\u00ed vodu v n\u00e1dr\u017ei nebo m\u00edse.<\/li>\n<li><strong>Pou\u017eit\u00ed odstra\u0148ova\u010de vodn\u00edho kamene <\/strong>: P\u0159\u00edpravek je p\u0159ipraven k pou\u017eit\u00ed a nevy\u017eaduje \u0159ed\u011bn\u00ed. Odstra\u0148ova\u010d vodn\u00edho kamene naneste velkoryse na vnit\u0159n\u00ed \u010d\u00e1sti macer\u00e1toru, kde je viditeln\u00fd vodn\u00ed k\u00e1men nebo zbytky. K rovnom\u011brn\u00e9mu rozet\u0159en\u00ed p\u0159\u00edpravku na posti\u017een\u00e1 m\u00edsta m\u016f\u017eete pou\u017e\u00edt houbu nebo \u0161t\u011btec. Ujist\u011bte se, \u017ee jsou d\u016fkladn\u011b pokryty v\u0161echny usazeniny.<\/li>\n<li><strong>Doba zdr\u017een\u00ed <\/strong>: Odstra\u0148ova\u010d vodn\u00edho kamene nechte p\u016fsobit 10 a\u017e 20 minut. Pokud jsou usazeniny vodn\u00edho kamene siln\u00e9, m\u016f\u017eete dobu aplikace prodlou\u017eit, aby se l\u00e9pe rozpustily. Nenech\u00e1vejte p\u0159\u00edpravek p\u0159ed opl\u00e1chnut\u00edm zaschnout, proto\u017ee to m\u016f\u017ee sn\u00ed\u017eit jeho \u00fa\u010dinnost.<\/li>\n<li><strong>Oplachov\u00e1n\u00ed a \u010di\u0161t\u011bn\u00ed <\/strong>: Po uplynut\u00ed doby p\u016fsoben\u00ed vydrhn\u011bte povrch houbou nebo \u010dist\u00fdm had\u0159\u00edkem a odstra\u0148te rozpu\u0161t\u011bn\u00e9 zbytky. Macer\u00e1tor m\u016f\u017eete tak\u00e9 propl\u00e1chnout \u010distou vodou, abyste spot\u0159ebi\u010d opl\u00e1chli. P\u0159ed op\u011btovn\u00fdm uveden\u00edm spot\u0159ebi\u010de do provozu se ujist\u011bte, \u017ee jste odstranili v\u0161echny stopy odv\u00e1p\u0148ovac\u00edho prost\u0159edku.<\/li>\n<li><strong>\u010ci\u0161t\u011bn\u00ed n\u00e1stroj\u016f <\/strong>: Po pou\u017eit\u00ed o\u010dist\u011bte n\u00e1stroje (houbi\u010dky, kart\u00e1\u010de) \u010distou vodou. Je d\u016fle\u017eit\u00e9 je d\u016fkladn\u011b opl\u00e1chnout, aby nedo\u0161lo ke krystalizaci nebo po\u0161kozen\u00ed n\u00e1stroj\u016f.<\/li>\n<li><strong>\u00dalo\u017ei\u0161t\u011b <\/strong>: Odstra\u0148ova\u010d vodn\u00edho kamene skladujte v p\u016fvodn\u00edm obalu na chladn\u00e9m a such\u00e9m m\u00edst\u011b, mimo dosah mrazu a nadm\u011brn\u00e9ho tepla. Po ka\u017ed\u00e9m pou\u017eit\u00ed n\u00e1dobu pevn\u011b uzav\u0159ete, abyste zajistili dobrou skladovatelnost. Odstra\u0148ova\u010d vodn\u00edho kamene lze p\u0159i spr\u00e1vn\u00e9m skladov\u00e1n\u00ed uchov\u00e1vat po dobu n\u011bkolika m\u011bs\u00edc\u016f.<\/li>\n<\/ul>\n<p>Dodr\u017eov\u00e1n\u00edm t\u011bchto jednoduch\u00fdch krok\u016f m\u016f\u017eete snadno odstranit vodn\u00ed k\u00e1men a prov\u00e9st \u00fadr\u017ebu macer\u00e1toru, \u010d\u00edm\u017e zajist\u00edte jeho spr\u00e1vnou funkci a dlouhou \u017eivotnost. Tento v\u00fdrobek je ide\u00e1ln\u00ed pro prevenci usazov\u00e1n\u00ed vodn\u00edho kamene a zbytk\u016f a pom\u016f\u017ee v\u00e1m udr\u017eet va\u0161e sanit\u00e1rn\u00ed za\u0159\u00edzen\u00ed v perfektn\u00edm stavu s minim\u00e1ln\u00edm \u00fasil\u00edm.<\/p>","protected":false},"excerpt":{"rendered":"<p>Effective against limescale and calcium deposits.\u00a0The macerator descaler is specially designed to effectively eliminate limescale and calcium deposits that can build up inside sanitary appliances like macerating toilets. These residues can block internal mechanisms and reduce system efficiency. Thanks to its powerful formula, this product helps maintain the proper functioning of your macerator while providing [&hellip;]<\/p>\n","protected":false},"featured_media":36457,"comment_status":"open","ping_status":"closed","template":"","meta":{"_uag_custom_page_level_css":"","site-sidebar-layout":"default","site-content-layout":"","ast-site-content-layout":"default","site-content-style":"default","site-sidebar-style":"default","ast-global-header-display":"","ast-banner-title-visibility":"","ast-main-header-display":"","ast-hfb-above-header-display":"","ast-hfb-below-header-display":"","ast-hfb-mobile-header-display":"","site-post-title":"","ast-breadcrumbs-content":"","ast-featured-img":"","footer-sml-layout":"","ast-disable-related-posts":"","theme-transparent-header-meta":"default","adv-header-id-meta":"","stick-header-meta":"","header-above-stick-meta":"","header-main-stick-meta":"","header-below-stick-meta":"","astra-migrate-meta-layouts":"set","ast-page-background-enabled":"default","ast-page-background-meta":{"desktop":{"background-color":"var(--ast-global-color-4)","background-image":"","background-repeat":"repeat","background-position":"center center","background-size":"auto","background-attachment":"scroll","background-type":"","background-media":"","overlay-type":"","overlay-color":"","overlay-opacity":"","overlay-gradient":""},"tablet":{"background-color":"","background-image":"","background-repeat":"repeat","background-position":"center center","background-size":"auto","background-attachment":"scroll","background-type":"","background-media":"","overlay-type":"","overlay-color":"","overlay-opacity":"","overlay-gradient":""},"mobile":{"background-color":"","background-image":"","background-repeat":"repeat","background-position":"center center","background-size":"auto","background-attachment":"scroll","background-type":"","background-media":"","overlay-type":"","overlay-color":"","overlay-opacity":"","overlay-gradient":""}},"ast-content-background-meta":{"desktop":{"background-color":"var(--ast-global-color-5)","background-image":"","background-repeat":"repeat","background-position":"center center","background-size":"auto","background-attachment":"scroll","background-type":"","background-media":"","overlay-type":"","overlay-color":"","overlay-opacity":"","overlay-gradient":""},"tablet":{"background-color":"var(--ast-global-color-5)","background-image":"","background-repeat":"repeat","background-position":"center center","background-size":"auto","background-attachment":"scroll","background-type":"","background-media":"","overlay-type":"","overlay-color":"","overlay-opacity":"","overlay-gradient":""},"mobile":{"background-color":"var(--ast-global-color-5)","background-image":"","background-repeat":"repeat","background-position":"center center","background-size":"auto","background-attachment":"scroll","background-type":"","background-media":"","overlay-type":"","overlay-color":"","overlay-opacity":"","overlay-gradient":""}}},"product_brand":[],"product_cat":[175],"product_tag":[],"class_list":{"0":"post-23195","1":"product","2":"type-product","3":"status-publish","4":"has-post-thumbnail","6":"product_cat-cleaning-products","7":"desktop-align-left","8":"tablet-align-left","9":"mobile-align-left","11":"first","12":"instock","13":"sale","14":"taxable","15":"shipping-taxable","16":"purchasable","17":"product-type-variable","18":"has-default-attributes"},"spectra_custom_meta":{"_visibility":["visible"],"_shopify_product_id":["9106662916341"],"_s2w_shopify_domain":["ferberpainting.myshopify.com"],"_shopify_variant_id":["46626432385269"],"_sku":[""],"_manage_stock":["no"],"total_sales":["25"],"_tax_status":["taxable"],"_tax_class":[""],"_backorders":["no"],"_sold_individually":["no"],"_virtual":["no"],"_downloadable":["no"],"_download_limit":["-1"],"_download_expiry":["-1"],"_stock":[null],"_stock_status":["instock"],"_wc_average_rating":["5.00"],"_wc_review_count":["18"],"_product_attributes":["a:1:{s:6:\"volume\";a:6:{s:4:\"name\";s:6:\"Volume\";s:5:\"value\";s:20:\"5 liters | 25 liters\";s:8:\"position\";i:1;s:10:\"is_visible\";i:0;s:12:\"is_variation\";i:1;s:11:\"is_taxonomy\";i:0;}}"],"_product_version":["10.5.1"],"wpse_downloadable_file_names":[""],"wpse_downloadable_file_urls":[""],"_edit_last":["1"],"_default_attributes":["a:1:{s:6:\"volume\";s:8:\"5 liters\";}"],"_edit_lock":["1771159549:1"],"merchant-center-availability":["yes"],"merchant-center-category":["7470"],"_thumbnail_id":["36457"],"_wp_page_template":["default"],"_wp_old_date":["2025-05-26"],"_product_image_gallery":["36458"],"site-sidebar-layout":["default"],"ast-site-content-layout":["default"],"site-content-style":["default"],"site-sidebar-style":["default"],"theme-transparent-header-meta":["default"],"_price":["29.90","129.90"],"_wc_rating_count":["a:1:{i:5;i:18;}"],"astra-migrate-meta-layouts":["set"],"_uag_css_file_name":["uag-css-23195.css"],"_elementor_page_assets":["a:0:{}"],"_uag_page_assets":["a:9:{s:3:\"css\";s:7133:\".uag-blocks-common-selector{z-index:var(--z-index-desktop) !important}@media(max-width: 976px){.uag-blocks-common-selector{z-index:var(--z-index-tablet) !important}}@media(max-width: 767px){.uag-blocks-common-selector{z-index:var(--z-index-mobile) !important}}.wp-block-uagb-image{display:flex}.wp-block-uagb-image__figure{position:relative;display:flex;flex-direction:column;max-width:100%;height:auto;margin:0}.wp-block-uagb-image__figure img{height:auto;display:flex;max-width:100%;transition:box-shadow .2s ease}.wp-block-uagb-image__figure>a{display:inline-block}.wp-block-uagb-image__figure figcaption{text-align:center;margin-top:.5em;margin-bottom:1em}.wp-block-uagb-image .components-placeholder.block-editor-media-placeholder .components-placeholder__instructions{align-self:center}.wp-block-uagb-image--align-left{text-align:left}.wp-block-uagb-image--align-right{text-align:right}.wp-block-uagb-image--align-center{text-align:center}.wp-block-uagb-image--align-full .wp-block-uagb-image__figure{margin-left:calc(50% - 50vw);margin-right:calc(50% - 50vw);max-width:100vw;width:100vw;height:auto}.wp-block-uagb-image--align-full .wp-block-uagb-image__figure img{height:auto;width:100% !important}.wp-block-uagb-image--align-wide .wp-block-uagb-image__figure img{height:auto;width:100%}.wp-block-uagb-image--layout-overlay__color-wrapper{position:absolute;left:0;top:0;right:0;bottom:0;opacity:.2;background:rgba(0,0,0,.5);transition:opacity .35s ease-in-out}.wp-block-uagb-image--layout-overlay-link{position:absolute;left:0;right:0;bottom:0;top:0}.wp-block-uagb-image--layout-overlay .wp-block-uagb-image__figure:hover .wp-block-uagb-image--layout-overlay__color-wrapper{opacity:1}.wp-block-uagb-image--layout-overlay__inner{position:absolute;left:15px;right:15px;bottom:15px;top:15px;display:flex;align-items:center;justify-content:center;flex-direction:column;border-color:#fff;transition:.35s ease-in-out}.wp-block-uagb-image--layout-overlay__inner.top-left,.wp-block-uagb-image--layout-overlay__inner.top-center,.wp-block-uagb-image--layout-overlay__inner.top-right{justify-content:flex-start}.wp-block-uagb-image--layout-overlay__inner.bottom-left,.wp-block-uagb-image--layout-overlay__inner.bottom-center,.wp-block-uagb-image--layout-overlay__inner.bottom-right{justify-content:flex-end}.wp-block-uagb-image--layout-overlay__inner.top-left,.wp-block-uagb-image--layout-overlay__inner.center-left,.wp-block-uagb-image--layout-overlay__inner.bottom-left{align-items:flex-start}.wp-block-uagb-image--layout-overlay__inner.top-right,.wp-block-uagb-image--layout-overlay__inner.center-right,.wp-block-uagb-image--layout-overlay__inner.bottom-right{align-items:flex-end}.wp-block-uagb-image--layout-overlay__inner .uagb-image-heading{color:#fff;transition:transform .35s,opacity .35s ease-in-out;transform:translate3d(0, 24px, 0);margin:0;line-height:1em}.wp-block-uagb-image--layout-overlay__inner .uagb-image-separator{width:30%;border-top-width:2px;border-top-color:#fff;border-top-style:solid;margin-bottom:10px;opacity:0;transition:transform .4s,opacity .4s ease-in-out;transform:translate3d(0, 30px, 0)}.wp-block-uagb-image--layout-overlay__inner .uagb-image-caption{opacity:0;overflow:visible;color:#fff;transition:transform .45s,opacity .45s ease-in-out;transform:translate3d(0, 35px, 0)}.wp-block-uagb-image--layout-overlay__inner:hover .uagb-image-heading,.wp-block-uagb-image--layout-overlay__inner:hover .uagb-image-separator,.wp-block-uagb-image--layout-overlay__inner:hover .uagb-image-caption{opacity:1;transform:translate3d(0, 0, 0)}.wp-block-uagb-image--effect-zoomin .wp-block-uagb-image__figure img,.wp-block-uagb-image--effect-zoomin .wp-block-uagb-image__figure .wp-block-uagb-image--layout-overlay__color-wrapper{transform:scale(1);transition:transform .35s ease-in-out}.wp-block-uagb-image--effect-zoomin .wp-block-uagb-image__figure:hover img,.wp-block-uagb-image--effect-zoomin .wp-block-uagb-image__figure:hover .wp-block-uagb-image--layout-overlay__color-wrapper{transform:scale(1.05)}.wp-block-uagb-image--effect-slide .wp-block-uagb-image__figure img,.wp-block-uagb-image--effect-slide .wp-block-uagb-image__figure .wp-block-uagb-image--layout-overlay__color-wrapper{width:calc(100% + 40px) !important;max-width:none !important;transform:translate3d(-40px, 0, 0);transition:transform .35s ease-in-out}.wp-block-uagb-image--effect-slide .wp-block-uagb-image__figure:hover img,.wp-block-uagb-image--effect-slide .wp-block-uagb-image__figure:hover .wp-block-uagb-image--layout-overlay__color-wrapper{transform:translate3d(0, 0, 0)}.wp-block-uagb-image--effect-grayscale img{filter:grayscale(0%);transition:.35s ease-in-out}.wp-block-uagb-image--effect-grayscale:hover img{filter:grayscale(100%)}.wp-block-uagb-image--effect-blur img{filter:blur(0);transition:.35s ease-in-out}.wp-block-uagb-image--effect-blur:hover img{filter:blur(3px)}.uagb-block-e6f939b3.wp-block-uagb-image--layout-default figure img{box-shadow: 0px 0px 0 #00000070;}.uagb-block-e6f939b3.wp-block-uagb-image .wp-block-uagb-image__figure figcaption{font-style: normal;align-self: center;}.uagb-block-e6f939b3.wp-block-uagb-image--layout-overlay figure img{box-shadow: 0px 0px 0 #00000070;}.uagb-block-e6f939b3.wp-block-uagb-image--layout-overlay .wp-block-uagb-image--layout-overlay__color-wrapper{opacity: 0.2;}.uagb-block-e6f939b3.wp-block-uagb-image--layout-overlay .wp-block-uagb-image--layout-overlay__inner{left: 15px;right: 15px;top: 15px;bottom: 15px;}.uagb-block-e6f939b3.wp-block-uagb-image--layout-overlay .wp-block-uagb-image--layout-overlay__inner .uagb-image-heading{font-style: normal;color: #fff;opacity: 1;}.uagb-block-e6f939b3.wp-block-uagb-image--layout-overlay .wp-block-uagb-image--layout-overlay__inner .uagb-image-heading a{color: #fff;}.uagb-block-e6f939b3.wp-block-uagb-image--layout-overlay .wp-block-uagb-image--layout-overlay__inner .uagb-image-caption{opacity: 0;}.uagb-block-e6f939b3.wp-block-uagb-image--layout-overlay .wp-block-uagb-image__figure:hover .wp-block-uagb-image--layout-overlay__color-wrapper{opacity: 1;}.uagb-block-e6f939b3.wp-block-uagb-image .wp-block-uagb-image--layout-overlay__inner .uagb-image-separator{width: 30%;border-top-width: 2px;border-top-color: #fff;opacity: 0;}.uagb-block-e6f939b3.wp-block-uagb-image .wp-block-uagb-image__figure img{width: px;height: auto;}.uagb-block-e6f939b3.wp-block-uagb-image .wp-block-uagb-image__figure:hover .wp-block-uagb-image--layout-overlay__inner .uagb-image-caption{opacity: 1;}.uagb-block-e6f939b3.wp-block-uagb-image .wp-block-uagb-image__figure:hover .wp-block-uagb-image--layout-overlay__inner .uagb-image-separator{opacity: 1;}.uagb-block-e6f939b3.wp-block-uagb-image--layout-default figure:hover img{box-shadow: 0px 0px 0 #00000070;}.uagb-block-e6f939b3.wp-block-uagb-image--layout-overlay figure:hover img{box-shadow: 0px 0px 0 #00000070;}@media only screen and (max-width: 976px) {.uagb-block-e6f939b3.wp-block-uagb-image .wp-block-uagb-image__figure img{width: px;height: auto;}}@media only screen and (max-width: 767px) {.uagb-block-e6f939b3.wp-block-uagb-image .wp-block-uagb-image__figure img{width: px;height: auto;}}\";s:2:\"js\";s:0:\"\";s:18:\"current_block_list\";a:13:{i:0;s:11:\"core\/search\";i:1;s:10:\"core\/group\";i:2;s:12:\"core\/heading\";i:3;s:17:\"core\/latest-posts\";i:4;s:20:\"core\/latest-comments\";i:5;s:13:\"core\/archives\";i:6;s:15:\"core\/categories\";i:7;s:14:\"core\/paragraph\";i:8;s:10:\"uagb\/image\";i:9;s:11:\"core\/spacer\";i:10;s:30:\"woocommerce\/product-categories\";i:11;s:10:\"core\/image\";i:12;s:14:\"core\/shortcode\";}s:8:\"uag_flag\";b:1;s:11:\"uag_version\";s:10:\"1777229901\";s:6:\"gfonts\";a:0:{}s:10:\"gfonts_url\";s:0:\"\";s:12:\"gfonts_files\";a:0:{}s:14:\"uag_faq_layout\";b:0;}"]},"uagb_featured_image_src":{"full":["https:\/\/www.ferberpainting.com\/wp-content\/uploads\/2025\/05\/Descaler-for-Macerator-Toilet-5L.png",2560,2560,false],"thumbnail":["https:\/\/www.ferberpainting.com\/wp-content\/uploads\/2025\/05\/Descaler-for-Macerator-Toilet-5L-150x150.png",150,150,true],"medium":["https:\/\/www.ferberpainting.com\/wp-content\/uploads\/2025\/05\/Descaler-for-Macerator-Toilet-5L-300x300.png",300,300,true],"medium_large":["https:\/\/www.ferberpainting.com\/wp-content\/uploads\/2025\/05\/Descaler-for-Macerator-Toilet-5L-768x768.png",768,768,true],"large":["https:\/\/www.ferberpainting.com\/wp-content\/uploads\/2025\/05\/Descaler-for-Macerator-Toilet-5L-1024x1024.png",1024,1024,true],"1536x1536":["https:\/\/www.ferberpainting.com\/wp-content\/uploads\/2025\/05\/Descaler-for-Macerator-Toilet-5L-1536x1536.png",1536,1536,true],"2048x2048":["https:\/\/www.ferberpainting.com\/wp-content\/uploads\/2025\/05\/Descaler-for-Macerator-Toilet-5L-2048x2048.png",2048,2048,true],"trp-custom-language-flag":["https:\/\/www.ferberpainting.com\/wp-content\/uploads\/2025\/05\/Descaler-for-Macerator-Toilet-5L-12x12.png",12,12,true],"woocommerce_thumbnail":["https:\/\/www.ferberpainting.com\/wp-content\/uploads\/2025\/05\/Descaler-for-Macerator-Toilet-5L-300x300.png",300,300,true],"woocommerce_single":["https:\/\/www.ferberpainting.com\/wp-content\/uploads\/2025\/05\/Descaler-for-Macerator-Toilet-5L-600x600.png",600,600,true],"woocommerce_gallery_thumbnail":["https:\/\/www.ferberpainting.com\/wp-content\/uploads\/2025\/05\/Descaler-for-Macerator-Toilet-5L-100x100.png",100,100,true]},"uagb_author_info":{"display_name":"admin","author_link":"https:\/\/www.ferberpainting.com\/cz\/author\/"},"uagb_comment_info":18,"uagb_excerpt":"Effective against limescale and calcium deposits.\u00a0The macerator descaler is specially designed to effectively eliminate limescale and calcium deposits that can build up inside sanitary appliances like macerating toilets. These residues can block internal mechanisms and reduce system efficiency. Thanks to its powerful formula, this product helps maintain the proper functioning of your macerator while providing&hellip;","_links":{"self":[{"href":"https:\/\/www.ferberpainting.com\/cz\/wp-json\/wp\/v2\/product\/23195","targetHints":{"allow":["GET"]}}],"collection":[{"href":"https:\/\/www.ferberpainting.com\/cz\/wp-json\/wp\/v2\/product"}],"about":[{"href":"https:\/\/www.ferberpainting.com\/cz\/wp-json\/wp\/v2\/types\/product"}],"replies":[{"embeddable":true,"href":"https:\/\/www.ferberpainting.com\/cz\/wp-json\/wp\/v2\/comments?post=23195"}],"version-history":[{"count":4,"href":"https:\/\/www.ferberpainting.com\/cz\/wp-json\/wp\/v2\/product\/23195\/revisions"}],"predecessor-version":[{"id":166095,"href":"https:\/\/www.ferberpainting.com\/cz\/wp-json\/wp\/v2\/product\/23195\/revisions\/166095"}],"wp:featuredmedia":[{"embeddable":true,"href":"https:\/\/www.ferberpainting.com\/cz\/wp-json\/wp\/v2\/media\/36457"}],"wp:attachment":[{"href":"https:\/\/www.ferberpainting.com\/cz\/wp-json\/wp\/v2\/media?parent=23195"}],"wp:term":[{"taxonomy":"product_brand","embeddable":true,"href":"https:\/\/www.ferberpainting.com\/cz\/wp-json\/wp\/v2\/product_brand?post=23195"},{"taxonomy":"product_cat","embeddable":true,"href":"https:\/\/www.ferberpainting.com\/cz\/wp-json\/wp\/v2\/product_cat?post=23195"},{"taxonomy":"product_tag","embeddable":true,"href":"https:\/\/www.ferberpainting.com\/cz\/wp-json\/wp\/v2\/product_tag?post=23195"}],"curies":[{"name":"wp","href":"https:\/\/api.w.org\/{rel}","templated":true}]}}