{"id":23194,"date":"2025-05-26T10:23:15","date_gmt":"2025-05-26T08:23:15","guid":{"rendered":"https:\/\/www.ferberpainting.com\/products\/dappled-willow-fertilizer\/"},"modified":"2026-02-15T13:47:24","modified_gmt":"2026-02-15T12:47:24","slug":"dappled-willow-fertilizer","status":"publish","type":"product","link":"https:\/\/www.ferberpainting.com\/cz\/products\/dappled-willow-fertilizer\/","title":{"rendered":"Hnojivo pro vrbu kropenatou 25 kg"},"content":{"rendered":"<p><img decoding=\"async\" style=\"margin-right: 12px;\" src=\"https:\/\/www.ferberpainting.com\/wp-content\/uploads\/2026\/02\/Check.svg\" alt=\"\" width=\"18\" height=\"15\" \/><strong>Kompletn\u00ed hnojivo pro \u017eiv\u00e9 listy a optim\u00e1ln\u00ed r\u016fst.<\/strong>\u00a0Toto hnojivo, speci\u00e1ln\u011b navr\u017een\u00e9 pro vrbu plam\u00e9nkovou (Salix integra \u2018Hakuro Nishiki\u2019), poskytuje stromu v\u0161echny nezbytn\u00e9 \u017eiviny pro hust\u00e9 a barevn\u00e9 olist\u011bn\u00ed, zdrav\u00fd r\u016fst a lep\u0161\u00ed odolnost v\u016f\u010di vn\u011bj\u0161\u00edm vliv\u016fm. D\u00edky vyv\u00e1\u017een\u00e9mu obsahu dus\u00edku, fosforu a drasl\u00edku (NPK 10-10-10) stimuluje v\u00fdvoj mlad\u00fdch v\u00fdhonk\u016f, posiluje strukturu ko\u0159en\u016f a zvy\u0161uje celkovou vitalitu rostliny.<\/p>\n<p><img decoding=\"async\" style=\"margin-right: 12px;\" src=\"https:\/\/www.ferberpainting.com\/wp-content\/uploads\/2026\/02\/Check.svg\" alt=\"\" width=\"18\" height=\"15\" \/><strong>Z\u00e1ruka vr\u00e1cen\u00ed pen\u011bz.<\/strong>\u00a0Jsme p\u0159esv\u011bd\u010deni o \u00fa\u010dinnosti na\u0161ich hnojiv, a proto nab\u00edz\u00edme z\u00e1ruku vr\u00e1cen\u00ed pen\u011bz. Pokud po pou\u017eit\u00ed v souladu s n\u00e1vodem nezaznamen\u00e1te \u017e\u00e1dn\u00e9 zlep\u0161en\u00ed r\u016fstu nebo vitality va\u0161\u00ed plam\u00e9nkov\u00e9 vrby, slibujeme, \u017ee v\u00e1m vr\u00e1t\u00edme pen\u00edze v pln\u00e9 v\u00fd\u0161i.<\/p>\n<p><img decoding=\"async\" style=\"margin-right: 12px;\" src=\"https:\/\/www.ferberpainting.com\/wp-content\/uploads\/2026\/02\/Check.svg\" alt=\"\" width=\"18\" height=\"15\" \/><strong>Vhodn\u00e9 pro v\u0161echny typy p\u016fd a p\u011bstebn\u00ed podm\u00ednky.<\/strong>\u00a0A\u0165 u\u017e je vrba plam\u00e9nkov\u00e1 vysazena v zemi, v kv\u011btin\u00e1\u010d\u00edch nebo v terasov\u00fdch kv\u011btin\u00e1\u010d\u00edch, toto hnojivo se dokonale p\u0159izp\u016fsob\u00ed jej\u00edmu p\u011bstebn\u00edmu prost\u0159ed\u00ed. Funguje na v\u0161ech typech p\u016fd, v\u010detn\u011b j\u00edlovit\u00fdch, hlinit\u00fdch a p\u00eds\u010dit\u00fdch, a zlep\u0161uje p\u0159\u00edjem \u017eivin, \u010d\u00edm\u017e zaji\u0161\u0165uje vyv\u00e1\u017een\u00fd a rovnom\u011brn\u00fd r\u016fst.<\/p>\n<p><img decoding=\"async\" style=\"margin-right: 12px;\" src=\"https:\/\/www.ferberpainting.com\/wp-content\/uploads\/2026\/02\/Check.svg\" alt=\"\" width=\"18\" height=\"15\" \/><strong>Vynikaj\u00edc\u00ed n\u00e1kladov\u00e1 efektivita.<\/strong>\u00a0D\u00edky sv\u00e9mu ultrakoncentrovan\u00e9mu slo\u017een\u00ed v pevn\u00e9 form\u011b zaru\u010duje toto hnojivo pomal\u00e9 uvol\u0148ov\u00e1n\u00ed \u017eivin a poskytuje dlouhotrvaj\u00edc\u00ed v\u00fd\u017eivu bez vyluhov\u00e1n\u00ed. S pouh\u00fdm 25kg pytlem m\u016f\u017eete nakrmit a\u017e 125 strom\u016f, co\u017e z n\u011bj \u010din\u00ed n\u00e1kladov\u011b efektivn\u00ed a udr\u017eiteln\u00e9 \u0159e\u0161en\u00ed pro celoro\u010dn\u00ed \u00fadr\u017ebu va\u0161\u00ed zahrady.<\/p>\n<p><img decoding=\"async\" style=\"margin-right: 12px;\" src=\"https:\/\/www.ferberpainting.com\/wp-content\/uploads\/2026\/02\/Check.svg\" alt=\"\" width=\"18\" height=\"15\" \/><strong>Bezpe\u010dn\u00e9 hnojivo pro va\u0161i zahradu a \u017eivotn\u00ed prost\u0159ed\u00ed.<\/strong>\u00a0Toto hnojivo je formulov\u00e1no bez agresivn\u00edch chemick\u00fdch slo\u017eek a respektuje p\u0159irozenou rovnov\u00e1hu p\u016fdy a m\u00edstn\u00ed biologickou rozmanitost. Nepo\u0161kozuje ko\u0159eny, nezne\u010di\u0161\u0165uje podzemn\u00ed vody a pom\u00e1h\u00e1 udr\u017eovat \u00farodnou, \u017eivou p\u016fdu. Je ide\u00e1ln\u00ed pro ekologick\u00e9 zahradni\u010den\u00ed a je vhodn\u00e9 pro amat\u00e9rsk\u00e9 i profesion\u00e1ln\u00ed zahr\u00e1dk\u00e1\u0159e.<\/p>\n<p><img decoding=\"async\" style=\"margin-right: 12px;\" src=\"https:\/\/www.ferberpainting.com\/wp-content\/uploads\/2026\/02\/Check.svg\" alt=\"\" width=\"18\" height=\"15\" \/><strong>Jednoduch\u00e9 a rychl\u00e9 pou\u017eit\u00ed.<\/strong>\u00a0Na rozd\u00edl od kapaln\u00fdch hnojiv, kter\u00e1 vy\u017eaduj\u00ed p\u0159esnou p\u0159\u00edpravu a d\u00e1vkov\u00e1n\u00ed, se toto pevn\u00e9 hnojivo aplikuje p\u0159\u00edmo na b\u00e1zi plam\u00e9nkov\u00e9 vrby, bez nutnosti \u0159ed\u011bn\u00ed nebo speci\u00e1ln\u00edho vybaven\u00ed. Sta\u010d\u00ed posypat doporu\u010denou d\u00e1vku kolem rostliny a lehce ji zapracovat do p\u016fdy, aby mohla za\u010d\u00edt pomalu uvol\u0148ovat \u017eiviny.<\/p>\n<p><img decoding=\"async\" style=\"margin-right: 12px;\" src=\"https:\/\/www.ferberpainting.com\/wp-content\/uploads\/2026\/02\/Check.svg\" alt=\"\" width=\"18\" height=\"15\" \/><strong>Roz\u0161\u00ed\u0159en\u00e1 akce pro trval\u00fd r\u016fst.<\/strong>\u00a0D\u00edky sv\u00e9mu pomalu se uvol\u0148uj\u00edc\u00edmu slo\u017een\u00ed poskytuje toto hnojivo vrb\u011b plam\u00e9nkov\u00e9 homogenn\u00ed v\u00fd\u017eivu po dobu n\u011bkolika t\u00fddn\u016f. Pom\u00e1h\u00e1 p\u0159edch\u00e1zet nedostatku vody, sni\u017euje pot\u0159ebu z\u00e1livky a zaji\u0161\u0165uje harmonick\u00fd celoro\u010dn\u00ed r\u016fst.<\/p>\n<p><img decoding=\"async\" style=\"margin-right: 12px;\" src=\"https:\/\/www.ferberpainting.com\/wp-content\/uploads\/2026\/02\/Check.svg\" alt=\"\" width=\"18\" height=\"15\" \/><strong>Viditeln\u00e9 v\u00fdsledky ji\u017e za n\u011bkolik t\u00fddn\u016f.<\/strong>\u00a0Ji\u017e po prvn\u00edch aplikac\u00edch si v\u0161imnete prohlouben\u00ed r\u016f\u017eov\u00fdch a b\u00edl\u00fdch odst\u00edn\u016f list\u016f, lep\u0161\u00edho rozlo\u017een\u00ed nov\u00fdch v\u00fdhon\u016f a zv\u00fd\u0161en\u00e9ho rozvoje postrann\u00edch v\u011btv\u00ed. Va\u0161e plam\u00e9nkov\u00e1 vrba bude vypadat vit\u00e1ln\u011bj\u0161\u00ed, pln\u011bj\u0161\u00ed a \u017eiv\u011bj\u0161\u00ed.<\/p>\n<h2><strong>Protokol o pou\u017eit\u00ed<\/strong><\/h2>\n<p><strong>Doporu\u010den\u00e9 d\u00e1vkov\u00e1n\u00ed <\/strong>:<\/p>\n<ul>\n<li>Pro mlad\u00e9 plam\u00e9nkov\u00e9 vrby (do 2 let): V pr\u016fb\u011bhu vegeta\u010dn\u00edho obdob\u00ed se ka\u017ed\u00e9 dva m\u011bs\u00edce aplikuje 100 g hnojiva rozprost\u0159en\u00e9ho kolem kmene.<\/li>\n<li>Pro dosp\u011bl\u00e9 plam\u00e9nkov\u00e9 vrby: 200 g hnojiva kolem b\u00e1ze, t\u0159ikr\u00e1t ro\u010dn\u011b (na ja\u0159e, v l\u00e9t\u011b a na podzim).<\/li>\n<\/ul>\n<p><strong>Zp\u016fsob pou\u017eit\u00ed <\/strong>:<\/p>\n<ul>\n<li>Hnojivo rovnom\u011brn\u011b rozprost\u0159ete na z\u00e1kladnu plam\u00e9nkov\u00e9 vrby a vyhn\u011bte se p\u0159\u00edm\u00e9mu kontaktu s kmenem.<\/li>\n<li>P\u016fdu lehce zpracujte, aby se hnojivo zapravilo do p\u016fdy a podpo\u0159ilo se jeho vst\u0159eb\u00e1v\u00e1n\u00ed.<\/li>\n<li>Po aplikaci hojn\u011b zalijte, aby se aktivovala dif\u00faze \u017eivin.<\/li>\n<\/ul>\n<p><strong>Bezpe\u010dnostn\u00ed opat\u0159en\u00ed pro pou\u017eit\u00ed <\/strong>:<\/p>\n<ul>\n<li>Nep\u0159ed\u00e1vkujte, aby nedo\u0161lo k p\u0159\u00edli\u0161 rychl\u00e9mu r\u016fstu.<\/li>\n<li>Hnojivo skladujte na chladn\u00e9m a such\u00e9m m\u00edst\u011b, mimo dosah vlhkosti.<\/li>\n<li>Nepou\u017e\u00edvejte na rostliny ve vodn\u00edm stresu nebo b\u011bhem zimn\u00edho klidu.<\/li>\n<\/ul>\n<p>D\u00edky tomuto hnojivu pro vrbu plam\u00e9nkovou zajist\u00edte sv\u00e9mu stromu rychl\u00fd r\u016fst, sv\u011b\u017e\u00ed olist\u011bn\u00ed a zdrav\u00e9 kveten\u00ed po cel\u00fd rok. Jeho vyv\u00e1\u017een\u00e9 slo\u017een\u00ed, osv\u011bd\u010den\u00e1 \u00fa\u010dinnost a snadn\u00e1 aplikace z n\u011bj \u010din\u00ed nepostradateln\u00e9ho spojence v\u0161ech zahr\u00e1dk\u00e1\u0159\u016f, kter\u00fdm z\u00e1le\u017e\u00ed na kr\u00e1se a dobr\u00e9m stavu jejich rostlin.<\/p>","protected":false},"excerpt":{"rendered":"<p>A complete fertilizer for vibrant foliage and optimal growth.\u00a0This fertilizer, specially designed for flamingo willow (Salix integra \u2018Hakuro Nishiki\u2019), provides your tree with all the essential nutrients to promote dense, colorful foliage, healthy growth, and better resistance to external stress. Thanks to its balanced content of nitrogen, phosphorus and potassium (NPK 10-10-10), it stimulates young [&hellip;]<\/p>\n","protected":false},"featured_media":25752,"comment_status":"open","ping_status":"closed","template":"","meta":{"_uag_custom_page_level_css":"","site-sidebar-layout":"default","site-content-layout":"","ast-site-content-layout":"default","site-content-style":"default","site-sidebar-style":"default","ast-global-header-display":"","ast-banner-title-visibility":"","ast-main-header-display":"","ast-hfb-above-header-display":"","ast-hfb-below-header-display":"","ast-hfb-mobile-header-display":"","site-post-title":"","ast-breadcrumbs-content":"","ast-featured-img":"","footer-sml-layout":"","ast-disable-related-posts":"","theme-transparent-header-meta":"default","adv-header-id-meta":"","stick-header-meta":"","header-above-stick-meta":"","header-main-stick-meta":"","header-below-stick-meta":"","astra-migrate-meta-layouts":"set","ast-page-background-enabled":"default","ast-page-background-meta":{"desktop":{"background-color":"var(--ast-global-color-4)","background-image":"","background-repeat":"repeat","background-position":"center center","background-size":"auto","background-attachment":"scroll","background-type":"","background-media":"","overlay-type":"","overlay-color":"","overlay-opacity":"","overlay-gradient":""},"tablet":{"background-color":"","background-image":"","background-repeat":"repeat","background-position":"center center","background-size":"auto","background-attachment":"scroll","background-type":"","background-media":"","overlay-type":"","overlay-color":"","overlay-opacity":"","overlay-gradient":""},"mobile":{"background-color":"","background-image":"","background-repeat":"repeat","background-position":"center center","background-size":"auto","background-attachment":"scroll","background-type":"","background-media":"","overlay-type":"","overlay-color":"","overlay-opacity":"","overlay-gradient":""}},"ast-content-background-meta":{"desktop":{"background-color":"var(--ast-global-color-5)","background-image":"","background-repeat":"repeat","background-position":"center center","background-size":"auto","background-attachment":"scroll","background-type":"","background-media":"","overlay-type":"","overlay-color":"","overlay-opacity":"","overlay-gradient":""},"tablet":{"background-color":"var(--ast-global-color-5)","background-image":"","background-repeat":"repeat","background-position":"center center","background-size":"auto","background-attachment":"scroll","background-type":"","background-media":"","overlay-type":"","overlay-color":"","overlay-opacity":"","overlay-gradient":""},"mobile":{"background-color":"var(--ast-global-color-5)","background-image":"","background-repeat":"repeat","background-position":"center center","background-size":"auto","background-attachment":"scroll","background-type":"","background-media":"","overlay-type":"","overlay-color":"","overlay-opacity":"","overlay-gradient":""}}},"product_brand":[],"product_cat":[178],"product_tag":[],"class_list":{"0":"post-23194","1":"product","2":"type-product","3":"status-publish","4":"has-post-thumbnail","6":"product_cat-fertilizers","7":"desktop-align-left","8":"tablet-align-left","9":"mobile-align-left","11":"first","12":"instock","13":"taxable","14":"shipping-taxable","15":"purchasable","16":"product-type-simple"},"spectra_custom_meta":{"_visibility":["visible"],"_shopify_product_id":["9072671654133"],"_s2w_shopify_domain":["ferberpainting.myshopify.com"],"_shopify_variant_id":["46522178830581"],"_sku":["FPDAPPLEDWILLOWFERTILIZER25KG"],"_regular_price":["39.90"],"_price":["39.90"],"_sale_price":[""],"_weight":["18.7"],"_thumbnail_id":["25752"],"_global_unique_id":["5056773817883"],"total_sales":["0"],"_tax_status":["taxable"],"_tax_class":[""],"_manage_stock":["no"],"_backorders":["no"],"_sold_individually":["no"],"_virtual":["no"],"_downloadable":["no"],"_download_limit":["-1"],"_download_expiry":["-1"],"_stock":[null],"_stock_status":["instock"],"_wc_average_rating":["5.00"],"_wc_review_count":["17"],"_product_version":["10.5.1"],"_wc_rating_count":["a:1:{i:5;i:17;}"],"_edit_lock":["1771159504:1"],"merchant-center-availability":["yes"],"merchant-center-category":["113"],"_edit_last":["1"],"_wp_page_template":["default"],"site-sidebar-layout":["default"],"ast-site-content-layout":["default"],"site-content-style":["default"],"site-sidebar-style":["default"],"theme-transparent-header-meta":["default"],"astra-migrate-meta-layouts":["set"],"_uag_css_file_name":["uag-css-23194.css"],"_elementor_page_assets":["a:0:{}"],"_uag_page_assets":["a:9:{s:3:\"css\";s:7133:\".uag-blocks-common-selector{z-index:var(--z-index-desktop) !important}@media(max-width: 976px){.uag-blocks-common-selector{z-index:var(--z-index-tablet) !important}}@media(max-width: 767px){.uag-blocks-common-selector{z-index:var(--z-index-mobile) !important}}.wp-block-uagb-image{display:flex}.wp-block-uagb-image__figure{position:relative;display:flex;flex-direction:column;max-width:100%;height:auto;margin:0}.wp-block-uagb-image__figure img{height:auto;display:flex;max-width:100%;transition:box-shadow .2s ease}.wp-block-uagb-image__figure>a{display:inline-block}.wp-block-uagb-image__figure figcaption{text-align:center;margin-top:.5em;margin-bottom:1em}.wp-block-uagb-image .components-placeholder.block-editor-media-placeholder .components-placeholder__instructions{align-self:center}.wp-block-uagb-image--align-left{text-align:left}.wp-block-uagb-image--align-right{text-align:right}.wp-block-uagb-image--align-center{text-align:center}.wp-block-uagb-image--align-full .wp-block-uagb-image__figure{margin-left:calc(50% - 50vw);margin-right:calc(50% - 50vw);max-width:100vw;width:100vw;height:auto}.wp-block-uagb-image--align-full .wp-block-uagb-image__figure img{height:auto;width:100% !important}.wp-block-uagb-image--align-wide .wp-block-uagb-image__figure img{height:auto;width:100%}.wp-block-uagb-image--layout-overlay__color-wrapper{position:absolute;left:0;top:0;right:0;bottom:0;opacity:.2;background:rgba(0,0,0,.5);transition:opacity .35s ease-in-out}.wp-block-uagb-image--layout-overlay-link{position:absolute;left:0;right:0;bottom:0;top:0}.wp-block-uagb-image--layout-overlay .wp-block-uagb-image__figure:hover .wp-block-uagb-image--layout-overlay__color-wrapper{opacity:1}.wp-block-uagb-image--layout-overlay__inner{position:absolute;left:15px;right:15px;bottom:15px;top:15px;display:flex;align-items:center;justify-content:center;flex-direction:column;border-color:#fff;transition:.35s ease-in-out}.wp-block-uagb-image--layout-overlay__inner.top-left,.wp-block-uagb-image--layout-overlay__inner.top-center,.wp-block-uagb-image--layout-overlay__inner.top-right{justify-content:flex-start}.wp-block-uagb-image--layout-overlay__inner.bottom-left,.wp-block-uagb-image--layout-overlay__inner.bottom-center,.wp-block-uagb-image--layout-overlay__inner.bottom-right{justify-content:flex-end}.wp-block-uagb-image--layout-overlay__inner.top-left,.wp-block-uagb-image--layout-overlay__inner.center-left,.wp-block-uagb-image--layout-overlay__inner.bottom-left{align-items:flex-start}.wp-block-uagb-image--layout-overlay__inner.top-right,.wp-block-uagb-image--layout-overlay__inner.center-right,.wp-block-uagb-image--layout-overlay__inner.bottom-right{align-items:flex-end}.wp-block-uagb-image--layout-overlay__inner .uagb-image-heading{color:#fff;transition:transform .35s,opacity .35s ease-in-out;transform:translate3d(0, 24px, 0);margin:0;line-height:1em}.wp-block-uagb-image--layout-overlay__inner .uagb-image-separator{width:30%;border-top-width:2px;border-top-color:#fff;border-top-style:solid;margin-bottom:10px;opacity:0;transition:transform .4s,opacity .4s ease-in-out;transform:translate3d(0, 30px, 0)}.wp-block-uagb-image--layout-overlay__inner .uagb-image-caption{opacity:0;overflow:visible;color:#fff;transition:transform .45s,opacity .45s ease-in-out;transform:translate3d(0, 35px, 0)}.wp-block-uagb-image--layout-overlay__inner:hover .uagb-image-heading,.wp-block-uagb-image--layout-overlay__inner:hover .uagb-image-separator,.wp-block-uagb-image--layout-overlay__inner:hover .uagb-image-caption{opacity:1;transform:translate3d(0, 0, 0)}.wp-block-uagb-image--effect-zoomin .wp-block-uagb-image__figure img,.wp-block-uagb-image--effect-zoomin .wp-block-uagb-image__figure .wp-block-uagb-image--layout-overlay__color-wrapper{transform:scale(1);transition:transform .35s ease-in-out}.wp-block-uagb-image--effect-zoomin .wp-block-uagb-image__figure:hover img,.wp-block-uagb-image--effect-zoomin .wp-block-uagb-image__figure:hover .wp-block-uagb-image--layout-overlay__color-wrapper{transform:scale(1.05)}.wp-block-uagb-image--effect-slide .wp-block-uagb-image__figure img,.wp-block-uagb-image--effect-slide .wp-block-uagb-image__figure .wp-block-uagb-image--layout-overlay__color-wrapper{width:calc(100% + 40px) !important;max-width:none !important;transform:translate3d(-40px, 0, 0);transition:transform .35s ease-in-out}.wp-block-uagb-image--effect-slide .wp-block-uagb-image__figure:hover img,.wp-block-uagb-image--effect-slide .wp-block-uagb-image__figure:hover .wp-block-uagb-image--layout-overlay__color-wrapper{transform:translate3d(0, 0, 0)}.wp-block-uagb-image--effect-grayscale img{filter:grayscale(0%);transition:.35s ease-in-out}.wp-block-uagb-image--effect-grayscale:hover img{filter:grayscale(100%)}.wp-block-uagb-image--effect-blur img{filter:blur(0);transition:.35s ease-in-out}.wp-block-uagb-image--effect-blur:hover img{filter:blur(3px)}.uagb-block-e6f939b3.wp-block-uagb-image--layout-default figure img{box-shadow: 0px 0px 0 #00000070;}.uagb-block-e6f939b3.wp-block-uagb-image .wp-block-uagb-image__figure figcaption{font-style: normal;align-self: center;}.uagb-block-e6f939b3.wp-block-uagb-image--layout-overlay figure img{box-shadow: 0px 0px 0 #00000070;}.uagb-block-e6f939b3.wp-block-uagb-image--layout-overlay .wp-block-uagb-image--layout-overlay__color-wrapper{opacity: 0.2;}.uagb-block-e6f939b3.wp-block-uagb-image--layout-overlay .wp-block-uagb-image--layout-overlay__inner{left: 15px;right: 15px;top: 15px;bottom: 15px;}.uagb-block-e6f939b3.wp-block-uagb-image--layout-overlay .wp-block-uagb-image--layout-overlay__inner .uagb-image-heading{font-style: normal;color: #fff;opacity: 1;}.uagb-block-e6f939b3.wp-block-uagb-image--layout-overlay .wp-block-uagb-image--layout-overlay__inner .uagb-image-heading a{color: #fff;}.uagb-block-e6f939b3.wp-block-uagb-image--layout-overlay .wp-block-uagb-image--layout-overlay__inner .uagb-image-caption{opacity: 0;}.uagb-block-e6f939b3.wp-block-uagb-image--layout-overlay .wp-block-uagb-image__figure:hover .wp-block-uagb-image--layout-overlay__color-wrapper{opacity: 1;}.uagb-block-e6f939b3.wp-block-uagb-image .wp-block-uagb-image--layout-overlay__inner .uagb-image-separator{width: 30%;border-top-width: 2px;border-top-color: #fff;opacity: 0;}.uagb-block-e6f939b3.wp-block-uagb-image .wp-block-uagb-image__figure img{width: px;height: auto;}.uagb-block-e6f939b3.wp-block-uagb-image .wp-block-uagb-image__figure:hover .wp-block-uagb-image--layout-overlay__inner .uagb-image-caption{opacity: 1;}.uagb-block-e6f939b3.wp-block-uagb-image .wp-block-uagb-image__figure:hover .wp-block-uagb-image--layout-overlay__inner .uagb-image-separator{opacity: 1;}.uagb-block-e6f939b3.wp-block-uagb-image--layout-default figure:hover img{box-shadow: 0px 0px 0 #00000070;}.uagb-block-e6f939b3.wp-block-uagb-image--layout-overlay figure:hover img{box-shadow: 0px 0px 0 #00000070;}@media only screen and (max-width: 976px) {.uagb-block-e6f939b3.wp-block-uagb-image .wp-block-uagb-image__figure img{width: px;height: auto;}}@media only screen and (max-width: 767px) {.uagb-block-e6f939b3.wp-block-uagb-image .wp-block-uagb-image__figure img{width: px;height: auto;}}\";s:2:\"js\";s:0:\"\";s:18:\"current_block_list\";a:13:{i:0;s:11:\"core\/search\";i:1;s:10:\"core\/group\";i:2;s:12:\"core\/heading\";i:3;s:17:\"core\/latest-posts\";i:4;s:20:\"core\/latest-comments\";i:5;s:13:\"core\/archives\";i:6;s:15:\"core\/categories\";i:7;s:14:\"core\/paragraph\";i:8;s:10:\"uagb\/image\";i:9;s:11:\"core\/spacer\";i:10;s:30:\"woocommerce\/product-categories\";i:11;s:10:\"core\/image\";i:12;s:14:\"core\/shortcode\";}s:8:\"uag_flag\";b:1;s:11:\"uag_version\";s:10:\"1777205837\";s:6:\"gfonts\";a:0:{}s:10:\"gfonts_url\";s:0:\"\";s:12:\"gfonts_files\";a:0:{}s:14:\"uag_faq_layout\";b:0;}"]},"uagb_featured_image_src":{"full":["https:\/\/www.ferberpainting.com\/wp-content\/uploads\/2025\/05\/DappledWillowFertilizer.png",2560,2560,false],"thumbnail":["https:\/\/www.ferberpainting.com\/wp-content\/uploads\/2025\/05\/DappledWillowFertilizer-150x150.png",150,150,true],"medium":["https:\/\/www.ferberpainting.com\/wp-content\/uploads\/2025\/05\/DappledWillowFertilizer-300x300.png",300,300,true],"medium_large":["https:\/\/www.ferberpainting.com\/wp-content\/uploads\/2025\/05\/DappledWillowFertilizer-768x768.png",768,768,true],"large":["https:\/\/www.ferberpainting.com\/wp-content\/uploads\/2025\/05\/DappledWillowFertilizer-1024x1024.png",1024,1024,true],"1536x1536":["https:\/\/www.ferberpainting.com\/wp-content\/uploads\/2025\/05\/DappledWillowFertilizer-1536x1536.png",1536,1536,true],"2048x2048":["https:\/\/www.ferberpainting.com\/wp-content\/uploads\/2025\/05\/DappledWillowFertilizer-2048x2048.png",2048,2048,true],"trp-custom-language-flag":["https:\/\/www.ferberpainting.com\/wp-content\/uploads\/2025\/05\/DappledWillowFertilizer-12x12.png",12,12,true],"woocommerce_thumbnail":["https:\/\/www.ferberpainting.com\/wp-content\/uploads\/2025\/05\/DappledWillowFertilizer-300x300.png",300,300,true],"woocommerce_single":["https:\/\/www.ferberpainting.com\/wp-content\/uploads\/2025\/05\/DappledWillowFertilizer-600x600.png",600,600,true],"woocommerce_gallery_thumbnail":["https:\/\/www.ferberpainting.com\/wp-content\/uploads\/2025\/05\/DappledWillowFertilizer-100x100.png",100,100,true]},"uagb_author_info":{"display_name":"admin","author_link":"https:\/\/www.ferberpainting.com\/cz\/author\/"},"uagb_comment_info":17,"uagb_excerpt":"A complete fertilizer for vibrant foliage and optimal growth.\u00a0This fertilizer, specially designed for flamingo willow (Salix integra \u2018Hakuro Nishiki\u2019), provides your tree with all the essential nutrients to promote dense, colorful foliage, healthy growth, and better resistance to external stress. Thanks to its balanced content of nitrogen, phosphorus and potassium (NPK 10-10-10), it stimulates young&hellip;","_links":{"self":[{"href":"https:\/\/www.ferberpainting.com\/cz\/wp-json\/wp\/v2\/product\/23194","targetHints":{"allow":["GET"]}}],"collection":[{"href":"https:\/\/www.ferberpainting.com\/cz\/wp-json\/wp\/v2\/product"}],"about":[{"href":"https:\/\/www.ferberpainting.com\/cz\/wp-json\/wp\/v2\/types\/product"}],"replies":[{"embeddable":true,"href":"https:\/\/www.ferberpainting.com\/cz\/wp-json\/wp\/v2\/comments?post=23194"}],"version-history":[{"count":5,"href":"https:\/\/www.ferberpainting.com\/cz\/wp-json\/wp\/v2\/product\/23194\/revisions"}],"predecessor-version":[{"id":166094,"href":"https:\/\/www.ferberpainting.com\/cz\/wp-json\/wp\/v2\/product\/23194\/revisions\/166094"}],"wp:featuredmedia":[{"embeddable":true,"href":"https:\/\/www.ferberpainting.com\/cz\/wp-json\/wp\/v2\/media\/25752"}],"wp:attachment":[{"href":"https:\/\/www.ferberpainting.com\/cz\/wp-json\/wp\/v2\/media?parent=23194"}],"wp:term":[{"taxonomy":"product_brand","embeddable":true,"href":"https:\/\/www.ferberpainting.com\/cz\/wp-json\/wp\/v2\/product_brand?post=23194"},{"taxonomy":"product_cat","embeddable":true,"href":"https:\/\/www.ferberpainting.com\/cz\/wp-json\/wp\/v2\/product_cat?post=23194"},{"taxonomy":"product_tag","embeddable":true,"href":"https:\/\/www.ferberpainting.com\/cz\/wp-json\/wp\/v2\/product_tag?post=23194"}],"curies":[{"name":"wp","href":"https:\/\/api.w.org\/{rel}","templated":true}]}}