{"id":23165,"date":"2025-05-26T10:23:06","date_gmt":"2025-05-26T08:23:06","guid":{"rendered":"https:\/\/www.ferberpainting.com\/products\/concrete-and-cement-plasticizer\/"},"modified":"2026-02-15T13:35:07","modified_gmt":"2026-02-15T12:35:07","slug":"concrete-and-cement-plasticizer","status":"publish","type":"product","link":"https:\/\/www.ferberpainting.com\/cz\/products\/concrete-and-cement-plasticizer\/","title":{"rendered":"Plastifik\u00e1tor betonu a cementu"},"content":{"rendered":"<p><img decoding=\"async\" style=\"margin-right: 12px;\" src=\"https:\/\/www.ferberpainting.com\/wp-content\/uploads\/2026\/02\/Check.svg\" alt=\"\" width=\"18\" height=\"15\" \/><strong>Lep\u0161\u00ed zpracovatelnost a aplikace.<\/strong>\u00a0Tento zm\u011bk\u010dovadlo a fluidiz\u00e1tor je navr\u017een tak, aby optimalizoval konzistenci betonu a cementu, \u010d\u00edm\u017e se sm\u011bs st\u00e1v\u00e1 tekut\u011bj\u0161\u00ed a l\u00e9pe se s n\u00ed pracuje, ani\u017e by bylo nutn\u00e9 p\u0159id\u00e1vat dal\u0161\u00ed vodu. Zlep\u0161uje ukl\u00e1d\u00e1n\u00ed betonu, zejm\u00e9na u slo\u017eit\u00fdch bedn\u011bn\u00ed, desek a z\u00e1klad\u016f, a zaji\u0161\u0165uje lep\u0161\u00ed pln\u011bn\u00ed a homogenn\u011bj\u0161\u00ed povrch.<\/p>\n<p><img decoding=\"async\" style=\"margin-right: 12px;\" src=\"https:\/\/www.ferberpainting.com\/wp-content\/uploads\/2026\/02\/Check.svg\" alt=\"\" width=\"18\" height=\"15\" \/><strong>Z\u00e1ruka vr\u00e1cen\u00ed pen\u011bz.<\/strong>\u00a0Proto\u017ee jsme si naprosto jisti \u00fa\u010dinnost\u00ed na\u0161eho zm\u011bk\u010dovadla a zkapal\u0148ova\u010de, nab\u00edz\u00edme z\u00e1ruku vr\u00e1cen\u00ed pen\u011bz. Pokud v\u00fdrobek nespln\u00ed va\u0161e o\u010dek\u00e1v\u00e1n\u00ed nebo nep\u0159inese o\u010dek\u00e1van\u00e9 v\u00fdsledky, m\u016f\u017eete po\u017e\u00e1dat o bezpodm\u00edne\u010dn\u00e9 vr\u00e1cen\u00ed pen\u011bz, \u010d\u00edm\u017e si zajist\u00edte n\u00e1kup bez rizika.<\/p>\n<p><img decoding=\"async\" style=\"margin-right: 12px;\" src=\"https:\/\/www.ferberpainting.com\/wp-content\/uploads\/2026\/02\/Check.svg\" alt=\"\" width=\"18\" height=\"15\" \/><strong>Kompatibilita s r\u016fzn\u00fdmi materi\u00e1ly.<\/strong>\u00a0Tento v\u00fdrobek je kompatibiln\u00ed s betonem, cementem, maltou a n\u00e1t\u011bry na b\u00e1zi hydraulick\u00fdch pojiv. Dokonale se p\u0159izp\u016fsobuje tradi\u010dn\u00edm beton\u016fm, beton\u016fm vyztu\u017een\u00fdm vl\u00e1kny, tekut\u00fdm pot\u011br\u016fm a opravn\u00fdm malt\u00e1m a poskytuje v\u00fdjime\u010dnou univerz\u00e1lnost bez ohledu na typ stavebn\u00edho projektu nebo prov\u00e1d\u011bn\u00e9 zednick\u00e9 pr\u00e1ce.<\/p>\n<p><img decoding=\"async\" style=\"margin-right: 12px;\" src=\"https:\/\/www.ferberpainting.com\/wp-content\/uploads\/2026\/02\/Check.svg\" alt=\"\" width=\"18\" height=\"15\" \/><strong>Optimalizovan\u00fd ekonomick\u00fd v\u00fdnos.<\/strong>\u00a0Toto zm\u011bk\u010dovadlo, jeho\u017e slo\u017een\u00ed zaji\u0161\u0165uje vynikaj\u00edc\u00ed pom\u011br kvality a ceny, v\u00fdrazn\u011b sni\u017euje pom\u011br vody a cementu, ani\u017e by byla naru\u0161ena tekutost sm\u011bsi. Jeden litr v\u00fdrobku posta\u010d\u00ed k o\u0161et\u0159en\u00ed 100 a\u017e 150 kg cementu, co\u017e zaru\u010duje vysokou \u00fa\u010dinnost p\u0159i minim\u00e1ln\u00ed spot\u0159eb\u011b. Sn\u00ed\u017een\u00edm pot\u0159ebn\u00e9ho mno\u017estv\u00ed vody tak\u00e9 zvy\u0161uje kone\u010dnou odolnost betonu, \u010d\u00edm\u017e sni\u017euje n\u00e1klady spojen\u00e9 s budouc\u00edmi opravami.<\/p>\n<p><img decoding=\"async\" style=\"margin-right: 12px;\" src=\"https:\/\/www.ferberpainting.com\/wp-content\/uploads\/2026\/02\/Check.svg\" alt=\"\" width=\"18\" height=\"15\" \/><strong>Bezpe\u010dn\u00e9 pro u\u017eivatele a \u017eivotn\u00ed prost\u0159ed\u00ed.<\/strong>\u00a0Toto zm\u011bk\u010dovadlo a zkapal\u0148ova\u010d neobsahuje \u017e\u00e1dn\u00e9 toxick\u00e9 slou\u010deniny a neprodukuje \u017e\u00e1dn\u00e9 \u0161kodliv\u00e9 emise. Lze s n\u00edm manipulovat bez zvl\u00e1\u0161tn\u00edch bezpe\u010dnostn\u00edch opat\u0159en\u00ed, nep\u0159edstavuje \u017e\u00e1dn\u00e9 riziko pro k\u016f\u017ei ani d\u00fdchac\u00ed \u00fastroj\u00ed a vyhovuje platn\u00fdm p\u0159edpis\u016fm o ochran\u011b \u017eivotn\u00edho prost\u0159ed\u00ed, co\u017e zaji\u0161\u0165uje bezpe\u010dn\u00e9 pou\u017eit\u00ed na stavb\u00e1ch i v interi\u00e9rech.<\/p>\n<p><img decoding=\"async\" style=\"margin-right: 12px;\" src=\"https:\/\/www.ferberpainting.com\/wp-content\/uploads\/2026\/02\/Check.svg\" alt=\"\" width=\"18\" height=\"15\" \/><strong>Snadn\u00e9 pou\u017eit\u00ed s p\u0159esn\u00fdm d\u00e1vkov\u00e1n\u00edm.<\/strong>\u00a0Toto zm\u011bk\u010dovadlo je navr\u017eeno tak, aby bylo jednoduch\u00e9, a m\u016f\u017ee b\u00fdt p\u0159\u00edmo p\u0159id\u00e1no do vody pro m\u00edch\u00e1n\u00ed nebo postupn\u011b p\u0159id\u00e1v\u00e1no do sm\u011bsi. Jeho d\u00e1vkov\u00e1n\u00ed je snadno kontrolovateln\u00e9 i pro nezku\u0161en\u00e9 u\u017eivatele a pro aplikaci nevy\u017eaduje specifick\u00e9 vybaven\u00ed. Jeho tekut\u00e9 slo\u017een\u00ed umo\u017e\u0148uje rovnom\u011brn\u00e9 a okam\u017eit\u00e9 zapracov\u00e1n\u00ed do betonu nebo malty.<\/p>\n<p><img decoding=\"async\" style=\"margin-right: 12px;\" src=\"https:\/\/www.ferberpainting.com\/wp-content\/uploads\/2026\/02\/Check.svg\" alt=\"\" width=\"18\" height=\"15\" \/><strong>Odolnost a lep\u0161\u00ed mechanick\u00e9 vlastnosti.<\/strong>\u00a0Sn\u00ed\u017een\u00edm pom\u011bru voda\/cement p\u0159isp\u00edv\u00e1 toto plastifik\u00e1tor ke zv\u00fd\u0161en\u00ed mechanick\u00e9 pevnosti betonu a malty a z\u00e1rove\u0148 minimalizuje riziko vzniku trhlin a smr\u0161\u0165ov\u00e1n\u00ed. Zlep\u0161uje hustotu materi\u00e1lu, \u010d\u00edm\u017e zaji\u0161\u0165uje lep\u0161\u00ed nepropustnost a zv\u00fd\u0161enou \u017eivotnost konstrukc\u00ed.<\/p>\n<p><img decoding=\"async\" style=\"margin-right: 12px;\" src=\"https:\/\/www.ferberpainting.com\/wp-content\/uploads\/2026\/02\/Check.svg\" alt=\"\" width=\"18\" height=\"15\" \/><strong>Optimalizovan\u00e1 doba tuhnut\u00ed a schnut\u00ed.<\/strong>\u00a0Tento v\u00fdrobek umo\u017e\u0148uje zkapaln\u011bn\u00edm sm\u011bsi rychlej\u0161\u00ed ukl\u00e1d\u00e1n\u00ed a lep\u0161\u00ed zhutn\u011bn\u00ed betonu, \u010d\u00edm\u017e se zkracuje doba realizace na m\u00edst\u011b. Podporuje tak\u00e9 homogenn\u011bj\u0161\u00ed a pravideln\u011bj\u0161\u00ed proces vysych\u00e1n\u00ed, \u010d\u00edm\u017e zaji\u0161\u0165uje optim\u00e1ln\u00ed vytvrzen\u00ed p\u0159i zachov\u00e1n\u00ed kone\u010dn\u00e9 pevnosti betonu.<\/p>\n<h2><strong>Protokol o pou\u017eit\u00ed<\/strong><\/h2>\n<ul>\n<li><strong>Doporu\u010den\u00e9 d\u00e1vkov\u00e1n\u00ed.<\/strong>\u00a0Na 100 kg cementu pou\u017eijte 0,3 l a\u017e 1 l zm\u011bk\u010dovadla v z\u00e1vislosti na po\u017eadovan\u00e9 tekutosti. Ni\u017e\u0161\u00ed d\u00e1vka m\u00edrn\u011b zlep\u0161uje zpracovatelnost, zat\u00edmco vy\u0161\u0161\u00ed d\u00e1vka maximalizuje plastifika\u010dn\u00ed \u00fa\u010dinek a d\u00e1le sni\u017euje pot\u0159ebn\u00e9 mno\u017estv\u00ed vody.<\/li>\n<li><strong>Za\u010dlen\u011bn\u00ed do sm\u011bsi.<\/strong>\u00a0P\u0159ed p\u0159id\u00e1n\u00edm do betonov\u00e9 nebo maltov\u00e9 sm\u011bsi nalijte zm\u011bk\u010dovadlo p\u0159\u00edmo do z\u00e1m\u011bsov\u00e9 vody. Lze jej tak\u00e9 postupn\u011b p\u0159id\u00e1vat b\u011bhem m\u00edch\u00e1n\u00ed, aby se zajistila optim\u00e1ln\u00ed disperze.<\/li>\n<li><strong>M\u00edch\u00e1n\u00ed betonu nebo malty.<\/strong>\u00a0Komponenty m\u00edchejte nejm\u00e9n\u011b 3 a\u017e 5 minut, abyste zajistili homogenn\u00ed rozlo\u017een\u00ed zm\u011bk\u010dovadla a z\u00edskali dokonale tekutou a homogenn\u00ed sm\u011bs.<\/li>\n<li><strong>Kontrola konzistence.<\/strong> Po sm\u00edch\u00e1n\u00ed vyzkou\u0161ejte tekutost betonu nebo malty a v p\u0159\u00edpad\u011b pot\u0159eby ji upravte p\u0159id\u00e1n\u00edm mal\u00e9ho mno\u017estv\u00ed zm\u011bk\u010dovadla, abyste dos\u00e1hli ide\u00e1ln\u00ed konzistence.<\/li>\n<li><strong>Pou\u017eit\u00ed a um\u00edst\u011bn\u00ed.<\/strong> Jakmile je sm\u011bs p\u0159ipravena, ihned ji vylijte nebo naneste na beton \u010di maltu, abyste pln\u011b vyu\u017eili jej\u00edho ztekucuj\u00edc\u00edho \u00fa\u010dinku a usnadnili ukl\u00e1d\u00e1n\u00ed.<\/li>\n<li><strong>\u010ci\u0161t\u011bn\u00ed n\u00e1stroj\u016f.<\/strong>\u00a0Po pou\u017eit\u00ed n\u00e1stroje a za\u0159\u00edzen\u00ed ihned opl\u00e1chn\u011bte, abyste zabr\u00e1nili ztvrdnut\u00ed sm\u011bsi a prodlou\u017eili \u017eivotnost n\u00e1stroj\u016f.<\/li>\n<\/ul>","protected":false},"excerpt":{"rendered":"<p>Improved Workability and Application.\u00a0This plasticizer and fluidifier is designed to optimize the consistency of concrete and cement, making the mixture more fluid and easier to work with, without adding extra water. It improves concrete placement, particularly for complex formwork, slabs, and foundations, ensuring better filling and a more homogeneous finish. Money-back guarantee.\u00a0Because we have absolute [&hellip;]<\/p>\n","protected":false},"featured_media":25736,"comment_status":"open","ping_status":"closed","template":"","meta":{"_uag_custom_page_level_css":"","site-sidebar-layout":"default","site-content-layout":"","ast-site-content-layout":"default","site-content-style":"default","site-sidebar-style":"default","ast-global-header-display":"","ast-banner-title-visibility":"","ast-main-header-display":"","ast-hfb-above-header-display":"","ast-hfb-below-header-display":"","ast-hfb-mobile-header-display":"","site-post-title":"","ast-breadcrumbs-content":"","ast-featured-img":"","footer-sml-layout":"","ast-disable-related-posts":"","theme-transparent-header-meta":"default","adv-header-id-meta":"","stick-header-meta":"","header-above-stick-meta":"","header-main-stick-meta":"","header-below-stick-meta":"","astra-migrate-meta-layouts":"set","ast-page-background-enabled":"default","ast-page-background-meta":{"desktop":{"background-color":"var(--ast-global-color-4)","background-image":"","background-repeat":"repeat","background-position":"center center","background-size":"auto","background-attachment":"scroll","background-type":"","background-media":"","overlay-type":"","overlay-color":"","overlay-opacity":"","overlay-gradient":""},"tablet":{"background-color":"","background-image":"","background-repeat":"repeat","background-position":"center center","background-size":"auto","background-attachment":"scroll","background-type":"","background-media":"","overlay-type":"","overlay-color":"","overlay-opacity":"","overlay-gradient":""},"mobile":{"background-color":"","background-image":"","background-repeat":"repeat","background-position":"center center","background-size":"auto","background-attachment":"scroll","background-type":"","background-media":"","overlay-type":"","overlay-color":"","overlay-opacity":"","overlay-gradient":""}},"ast-content-background-meta":{"desktop":{"background-color":"var(--ast-global-color-5)","background-image":"","background-repeat":"repeat","background-position":"center center","background-size":"auto","background-attachment":"scroll","background-type":"","background-media":"","overlay-type":"","overlay-color":"","overlay-opacity":"","overlay-gradient":""},"tablet":{"background-color":"var(--ast-global-color-5)","background-image":"","background-repeat":"repeat","background-position":"center center","background-size":"auto","background-attachment":"scroll","background-type":"","background-media":"","overlay-type":"","overlay-color":"","overlay-opacity":"","overlay-gradient":""},"mobile":{"background-color":"var(--ast-global-color-5)","background-image":"","background-repeat":"repeat","background-position":"center center","background-size":"auto","background-attachment":"scroll","background-type":"","background-media":"","overlay-type":"","overlay-color":"","overlay-opacity":"","overlay-gradient":""}}},"product_brand":[],"product_cat":[176],"product_tag":[],"class_list":{"0":"post-23165","1":"product","2":"type-product","3":"status-publish","4":"has-post-thumbnail","6":"product_cat-concrete-treatment","7":"desktop-align-left","8":"tablet-align-left","9":"mobile-align-left","11":"first","12":"instock","13":"sale","14":"taxable","15":"shipping-taxable","16":"purchasable","17":"product-type-variable","18":"has-default-attributes"},"spectra_custom_meta":{"_visibility":["visible"],"_shopify_product_id":["9058979643637"],"_s2w_shopify_domain":["ferberpainting.myshopify.com"],"_shopify_variant_id":["46479834382581"],"_sku":[""],"_manage_stock":["no"],"total_sales":["40"],"_tax_status":["taxable"],"_tax_class":[""],"_backorders":["no"],"_sold_individually":["no"],"_virtual":["no"],"_downloadable":["no"],"_download_limit":["-1"],"_download_expiry":["-1"],"_stock":[null],"_stock_status":["instock"],"_wc_average_rating":["4.75"],"_wc_review_count":["8"],"_product_attributes":["a:1:{s:6:\"volume\";a:6:{s:4:\"name\";s:6:\"Volume\";s:5:\"value\";s:20:\"5 liters | 25 liters\";s:8:\"position\";i:1;s:10:\"is_visible\";i:0;s:12:\"is_variation\";i:1;s:11:\"is_taxonomy\";i:0;}}"],"_product_version":["10.5.1"],"_thumbnail_id":["25736"],"_product_image_gallery":["25737"],"wpse_downloadable_file_names":[""],"wpse_downloadable_file_urls":[""],"_edit_last":["1"],"_default_attributes":["a:1:{s:6:\"volume\";s:8:\"5 liters\";}"],"_edit_lock":["1771158767:1"],"merchant-center-availability":["yes"],"merchant-center-category":["2277"],"_price":["29.90","129.90"],"_wp_page_template":["default"],"site-sidebar-layout":["default"],"ast-site-content-layout":["default"],"site-content-style":["default"],"site-sidebar-style":["default"],"theme-transparent-header-meta":["default"],"_wc_rating_count":["a:2:{i:4;i:2;i:5;i:6;}"],"astra-migrate-meta-layouts":["set"],"_uag_css_file_name":["uag-css-23165.css"],"_elementor_page_assets":["a:0:{}"],"_uag_page_assets":["a:9:{s:3:\"css\";s:7133:\".uag-blocks-common-selector{z-index:var(--z-index-desktop) !important}@media(max-width: 976px){.uag-blocks-common-selector{z-index:var(--z-index-tablet) !important}}@media(max-width: 767px){.uag-blocks-common-selector{z-index:var(--z-index-mobile) !important}}.wp-block-uagb-image{display:flex}.wp-block-uagb-image__figure{position:relative;display:flex;flex-direction:column;max-width:100%;height:auto;margin:0}.wp-block-uagb-image__figure img{height:auto;display:flex;max-width:100%;transition:box-shadow .2s ease}.wp-block-uagb-image__figure>a{display:inline-block}.wp-block-uagb-image__figure figcaption{text-align:center;margin-top:.5em;margin-bottom:1em}.wp-block-uagb-image .components-placeholder.block-editor-media-placeholder .components-placeholder__instructions{align-self:center}.wp-block-uagb-image--align-left{text-align:left}.wp-block-uagb-image--align-right{text-align:right}.wp-block-uagb-image--align-center{text-align:center}.wp-block-uagb-image--align-full .wp-block-uagb-image__figure{margin-left:calc(50% - 50vw);margin-right:calc(50% - 50vw);max-width:100vw;width:100vw;height:auto}.wp-block-uagb-image--align-full .wp-block-uagb-image__figure img{height:auto;width:100% !important}.wp-block-uagb-image--align-wide .wp-block-uagb-image__figure img{height:auto;width:100%}.wp-block-uagb-image--layout-overlay__color-wrapper{position:absolute;left:0;top:0;right:0;bottom:0;opacity:.2;background:rgba(0,0,0,.5);transition:opacity .35s ease-in-out}.wp-block-uagb-image--layout-overlay-link{position:absolute;left:0;right:0;bottom:0;top:0}.wp-block-uagb-image--layout-overlay .wp-block-uagb-image__figure:hover .wp-block-uagb-image--layout-overlay__color-wrapper{opacity:1}.wp-block-uagb-image--layout-overlay__inner{position:absolute;left:15px;right:15px;bottom:15px;top:15px;display:flex;align-items:center;justify-content:center;flex-direction:column;border-color:#fff;transition:.35s ease-in-out}.wp-block-uagb-image--layout-overlay__inner.top-left,.wp-block-uagb-image--layout-overlay__inner.top-center,.wp-block-uagb-image--layout-overlay__inner.top-right{justify-content:flex-start}.wp-block-uagb-image--layout-overlay__inner.bottom-left,.wp-block-uagb-image--layout-overlay__inner.bottom-center,.wp-block-uagb-image--layout-overlay__inner.bottom-right{justify-content:flex-end}.wp-block-uagb-image--layout-overlay__inner.top-left,.wp-block-uagb-image--layout-overlay__inner.center-left,.wp-block-uagb-image--layout-overlay__inner.bottom-left{align-items:flex-start}.wp-block-uagb-image--layout-overlay__inner.top-right,.wp-block-uagb-image--layout-overlay__inner.center-right,.wp-block-uagb-image--layout-overlay__inner.bottom-right{align-items:flex-end}.wp-block-uagb-image--layout-overlay__inner .uagb-image-heading{color:#fff;transition:transform .35s,opacity .35s ease-in-out;transform:translate3d(0, 24px, 0);margin:0;line-height:1em}.wp-block-uagb-image--layout-overlay__inner .uagb-image-separator{width:30%;border-top-width:2px;border-top-color:#fff;border-top-style:solid;margin-bottom:10px;opacity:0;transition:transform .4s,opacity .4s ease-in-out;transform:translate3d(0, 30px, 0)}.wp-block-uagb-image--layout-overlay__inner .uagb-image-caption{opacity:0;overflow:visible;color:#fff;transition:transform .45s,opacity .45s ease-in-out;transform:translate3d(0, 35px, 0)}.wp-block-uagb-image--layout-overlay__inner:hover .uagb-image-heading,.wp-block-uagb-image--layout-overlay__inner:hover .uagb-image-separator,.wp-block-uagb-image--layout-overlay__inner:hover .uagb-image-caption{opacity:1;transform:translate3d(0, 0, 0)}.wp-block-uagb-image--effect-zoomin .wp-block-uagb-image__figure img,.wp-block-uagb-image--effect-zoomin .wp-block-uagb-image__figure .wp-block-uagb-image--layout-overlay__color-wrapper{transform:scale(1);transition:transform .35s ease-in-out}.wp-block-uagb-image--effect-zoomin .wp-block-uagb-image__figure:hover img,.wp-block-uagb-image--effect-zoomin .wp-block-uagb-image__figure:hover .wp-block-uagb-image--layout-overlay__color-wrapper{transform:scale(1.05)}.wp-block-uagb-image--effect-slide .wp-block-uagb-image__figure img,.wp-block-uagb-image--effect-slide .wp-block-uagb-image__figure .wp-block-uagb-image--layout-overlay__color-wrapper{width:calc(100% + 40px) !important;max-width:none !important;transform:translate3d(-40px, 0, 0);transition:transform .35s ease-in-out}.wp-block-uagb-image--effect-slide .wp-block-uagb-image__figure:hover img,.wp-block-uagb-image--effect-slide .wp-block-uagb-image__figure:hover .wp-block-uagb-image--layout-overlay__color-wrapper{transform:translate3d(0, 0, 0)}.wp-block-uagb-image--effect-grayscale img{filter:grayscale(0%);transition:.35s ease-in-out}.wp-block-uagb-image--effect-grayscale:hover img{filter:grayscale(100%)}.wp-block-uagb-image--effect-blur img{filter:blur(0);transition:.35s ease-in-out}.wp-block-uagb-image--effect-blur:hover img{filter:blur(3px)}.uagb-block-e6f939b3.wp-block-uagb-image--layout-default figure img{box-shadow: 0px 0px 0 #00000070;}.uagb-block-e6f939b3.wp-block-uagb-image .wp-block-uagb-image__figure figcaption{font-style: normal;align-self: center;}.uagb-block-e6f939b3.wp-block-uagb-image--layout-overlay figure img{box-shadow: 0px 0px 0 #00000070;}.uagb-block-e6f939b3.wp-block-uagb-image--layout-overlay .wp-block-uagb-image--layout-overlay__color-wrapper{opacity: 0.2;}.uagb-block-e6f939b3.wp-block-uagb-image--layout-overlay .wp-block-uagb-image--layout-overlay__inner{left: 15px;right: 15px;top: 15px;bottom: 15px;}.uagb-block-e6f939b3.wp-block-uagb-image--layout-overlay .wp-block-uagb-image--layout-overlay__inner .uagb-image-heading{font-style: normal;color: #fff;opacity: 1;}.uagb-block-e6f939b3.wp-block-uagb-image--layout-overlay .wp-block-uagb-image--layout-overlay__inner .uagb-image-heading a{color: #fff;}.uagb-block-e6f939b3.wp-block-uagb-image--layout-overlay .wp-block-uagb-image--layout-overlay__inner .uagb-image-caption{opacity: 0;}.uagb-block-e6f939b3.wp-block-uagb-image--layout-overlay .wp-block-uagb-image__figure:hover .wp-block-uagb-image--layout-overlay__color-wrapper{opacity: 1;}.uagb-block-e6f939b3.wp-block-uagb-image .wp-block-uagb-image--layout-overlay__inner .uagb-image-separator{width: 30%;border-top-width: 2px;border-top-color: #fff;opacity: 0;}.uagb-block-e6f939b3.wp-block-uagb-image .wp-block-uagb-image__figure img{width: px;height: auto;}.uagb-block-e6f939b3.wp-block-uagb-image .wp-block-uagb-image__figure:hover .wp-block-uagb-image--layout-overlay__inner .uagb-image-caption{opacity: 1;}.uagb-block-e6f939b3.wp-block-uagb-image .wp-block-uagb-image__figure:hover .wp-block-uagb-image--layout-overlay__inner .uagb-image-separator{opacity: 1;}.uagb-block-e6f939b3.wp-block-uagb-image--layout-default figure:hover img{box-shadow: 0px 0px 0 #00000070;}.uagb-block-e6f939b3.wp-block-uagb-image--layout-overlay figure:hover img{box-shadow: 0px 0px 0 #00000070;}@media only screen and (max-width: 976px) {.uagb-block-e6f939b3.wp-block-uagb-image .wp-block-uagb-image__figure img{width: px;height: auto;}}@media only screen and (max-width: 767px) {.uagb-block-e6f939b3.wp-block-uagb-image .wp-block-uagb-image__figure img{width: px;height: auto;}}\";s:2:\"js\";s:0:\"\";s:18:\"current_block_list\";a:13:{i:0;s:11:\"core\/search\";i:1;s:10:\"core\/group\";i:2;s:12:\"core\/heading\";i:3;s:17:\"core\/latest-posts\";i:4;s:20:\"core\/latest-comments\";i:5;s:13:\"core\/archives\";i:6;s:15:\"core\/categories\";i:7;s:14:\"core\/paragraph\";i:8;s:10:\"uagb\/image\";i:9;s:11:\"core\/spacer\";i:10;s:30:\"woocommerce\/product-categories\";i:11;s:10:\"core\/image\";i:12;s:14:\"core\/shortcode\";}s:8:\"uag_flag\";b:1;s:11:\"uag_version\";s:10:\"1777370187\";s:6:\"gfonts\";a:0:{}s:10:\"gfonts_url\";s:0:\"\";s:12:\"gfonts_files\";a:0:{}s:14:\"uag_faq_layout\";b:0;}"]},"uagb_featured_image_src":{"full":["https:\/\/www.ferberpainting.com\/wp-content\/uploads\/2025\/05\/ConcreteandCementPlasticizer5L.png",2560,2560,false],"thumbnail":["https:\/\/www.ferberpainting.com\/wp-content\/uploads\/2025\/05\/ConcreteandCementPlasticizer5L-150x150.png",150,150,true],"medium":["https:\/\/www.ferberpainting.com\/wp-content\/uploads\/2025\/05\/ConcreteandCementPlasticizer5L-300x300.png",300,300,true],"medium_large":["https:\/\/www.ferberpainting.com\/wp-content\/uploads\/2025\/05\/ConcreteandCementPlasticizer5L-768x768.png",768,768,true],"large":["https:\/\/www.ferberpainting.com\/wp-content\/uploads\/2025\/05\/ConcreteandCementPlasticizer5L-1024x1024.png",1024,1024,true],"1536x1536":["https:\/\/www.ferberpainting.com\/wp-content\/uploads\/2025\/05\/ConcreteandCementPlasticizer5L-1536x1536.png",1536,1536,true],"2048x2048":["https:\/\/www.ferberpainting.com\/wp-content\/uploads\/2025\/05\/ConcreteandCementPlasticizer5L-2048x2048.png",2048,2048,true],"trp-custom-language-flag":["https:\/\/www.ferberpainting.com\/wp-content\/uploads\/2025\/05\/ConcreteandCementPlasticizer5L-12x12.png",12,12,true],"woocommerce_thumbnail":["https:\/\/www.ferberpainting.com\/wp-content\/uploads\/2025\/05\/ConcreteandCementPlasticizer5L-300x300.png",300,300,true],"woocommerce_single":["https:\/\/www.ferberpainting.com\/wp-content\/uploads\/2025\/05\/ConcreteandCementPlasticizer5L-600x600.png",600,600,true],"woocommerce_gallery_thumbnail":["https:\/\/www.ferberpainting.com\/wp-content\/uploads\/2025\/05\/ConcreteandCementPlasticizer5L-100x100.png",100,100,true]},"uagb_author_info":{"display_name":"admin","author_link":"https:\/\/www.ferberpainting.com\/cz\/author\/"},"uagb_comment_info":8,"uagb_excerpt":"Improved Workability and Application.\u00a0This plasticizer and fluidifier is designed to optimize the consistency of concrete and cement, making the mixture more fluid and easier to work with, without adding extra water. It improves concrete placement, particularly for complex formwork, slabs, and foundations, ensuring better filling and a more homogeneous finish. Money-back guarantee.\u00a0Because we have absolute&hellip;","_links":{"self":[{"href":"https:\/\/www.ferberpainting.com\/cz\/wp-json\/wp\/v2\/product\/23165","targetHints":{"allow":["GET"]}}],"collection":[{"href":"https:\/\/www.ferberpainting.com\/cz\/wp-json\/wp\/v2\/product"}],"about":[{"href":"https:\/\/www.ferberpainting.com\/cz\/wp-json\/wp\/v2\/types\/product"}],"replies":[{"embeddable":true,"href":"https:\/\/www.ferberpainting.com\/cz\/wp-json\/wp\/v2\/comments?post=23165"}],"version-history":[{"count":4,"href":"https:\/\/www.ferberpainting.com\/cz\/wp-json\/wp\/v2\/product\/23165\/revisions"}],"predecessor-version":[{"id":166079,"href":"https:\/\/www.ferberpainting.com\/cz\/wp-json\/wp\/v2\/product\/23165\/revisions\/166079"}],"wp:featuredmedia":[{"embeddable":true,"href":"https:\/\/www.ferberpainting.com\/cz\/wp-json\/wp\/v2\/media\/25736"}],"wp:attachment":[{"href":"https:\/\/www.ferberpainting.com\/cz\/wp-json\/wp\/v2\/media?parent=23165"}],"wp:term":[{"taxonomy":"product_brand","embeddable":true,"href":"https:\/\/www.ferberpainting.com\/cz\/wp-json\/wp\/v2\/product_brand?post=23165"},{"taxonomy":"product_cat","embeddable":true,"href":"https:\/\/www.ferberpainting.com\/cz\/wp-json\/wp\/v2\/product_cat?post=23165"},{"taxonomy":"product_tag","embeddable":true,"href":"https:\/\/www.ferberpainting.com\/cz\/wp-json\/wp\/v2\/product_tag?post=23165"}],"curies":[{"name":"wp","href":"https:\/\/api.w.org\/{rel}","templated":true}]}}