{"id":23143,"date":"2025-07-01T17:41:50","date_gmt":"2025-07-01T15:41:50","guid":{"rendered":"https:\/\/www.ferberpainting.com\/?post_type=product&#038;p=23136"},"modified":"2026-02-15T13:29:24","modified_gmt":"2026-02-15T12:29:24","slug":"cleaner-for-vacuum-mop-and-robot","status":"publish","type":"product","link":"https:\/\/www.ferberpainting.com\/cz\/products\/cleaner-for-vacuum-mop-and-robot\/","title":{"rendered":"\u010cisti\u010d pro vysava\u010d a robot"},"content":{"rendered":"<p><img decoding=\"async\" style=\"margin-right: 12px;\" src=\"https:\/\/www.ferberpainting.com\/wp-content\/uploads\/2026\/02\/Check.svg\" alt=\"\" width=\"18\" height=\"15\" \/><strong>Optim\u00e1ln\u00ed \u00fa\u010dinnost.<\/strong>\u00a0D\u00edky v\u00fdkonn\u00e9mu a speci\u00e1ln\u011b navr\u017een\u00e9mu slo\u017een\u00ed tento \u010disti\u010d pro vysava\u010d a robot d\u016fkladn\u011b odstra\u0148uje zbytky ne\u010distot, odoln\u00e9 skvrny a usazen\u00e9 stopy ze v\u0161ech typ\u016f podlah. P\u016fsob\u00ed p\u0159\u00edmo v n\u00e1dr\u017ei va\u0161eho za\u0159\u00edzen\u00ed a zaji\u0161\u0165uje bezchybn\u00fd \u00faklid bez zanech\u00e1n\u00ed \u0161mouh a lepkav\u00fdch zbytk\u016f.<\/p>\n<p><img decoding=\"async\" style=\"margin-right: 12px;\" src=\"https:\/\/www.ferberpainting.com\/wp-content\/uploads\/2026\/02\/Check.svg\" alt=\"\" width=\"18\" height=\"15\" \/><strong>Z\u00e1ruka vr\u00e1cen\u00ed pen\u011bz.<\/strong>\u00a0M\u00e1me naprostou d\u016fv\u011bru v \u00fa\u010dinnost na\u0161eho produktu. Pokud nebudete po pou\u017eit\u00ed pln\u011b spokojeni, m\u00e1te n\u00e1rok na vr\u00e1cen\u00ed pen\u011bz v pln\u00e9 v\u00fd\u0161i. Tento \u010disti\u010d tedy m\u016f\u017eete s klidn\u00fdm sv\u011bdom\u00edm vyzkou\u0161et bez rizika nespokojenosti.<\/p>\n<p><img decoding=\"async\" style=\"margin-right: 12px;\" src=\"https:\/\/www.ferberpainting.com\/wp-content\/uploads\/2026\/02\/Check.svg\" alt=\"\" width=\"18\" height=\"15\" \/><strong>V\u00fdjime\u010dn\u00e1 v\u0161estrannost.<\/strong>\u00a0Tento \u010disti\u010d nen\u00ed omezen pouze na jeden typ povrchu! Funguje stejn\u011b dob\u0159e na tvrd\u00fdch podlah\u00e1ch jako na por\u00e9zn\u011bj\u0161\u00edch povr\u0161\u00edch. Je \u00fa\u010dinn\u00fd na dla\u017edice, le\u0161t\u011bn\u00fd beton, cement, ut\u011bsn\u011bn\u00e9 tvrd\u00e9 d\u0159evo, lamin\u00e1t, vinyl, PVC i na povrchy z p\u0159\u00edrodn\u00edho kamene a mramoru. Bez ohledu na typ podlahy se tento v\u00fdrobek p\u0159izp\u016fsob\u00ed a zajist\u00ed dokonalou \u010distotu.<\/p>\n<p><img decoding=\"async\" style=\"margin-right: 12px;\" src=\"https:\/\/www.ferberpainting.com\/wp-content\/uploads\/2026\/02\/Check.svg\" alt=\"\" width=\"18\" height=\"15\" \/><strong>\u00dasporn\u00fd v\u00fdkon.<\/strong>\u00a0D\u00edky 5litrov\u00e9mu kanystru a slo\u017een\u00ed p\u0159ipraven\u00e9mu k pou\u017eit\u00ed poskytuje tento \u010disti\u010d roz\u0161\u00ed\u0159enou \u010distic\u00ed kapacitu. Jedin\u00e1 aplikace dok\u00e1\u017ee pokr\u00fdt \u0161irokou plochu, tak\u017ee ka\u017ed\u00fd pou\u017eit\u00fd litr je vysoce \u00fa\u010dinn\u00fd. Jeden litr p\u0159\u00edpravku vy\u010dist\u00ed v pr\u016fm\u011bru a\u017e 100 m\u00b2, tak\u017ee je mimo\u0159\u00e1dn\u011b \u00fasporn\u00fd pro dlouhodob\u00e9 pou\u017eit\u00ed.<\/p>\n<p><img decoding=\"async\" style=\"margin-right: 12px;\" src=\"https:\/\/www.ferberpainting.com\/wp-content\/uploads\/2026\/02\/Check.svg\" alt=\"\" width=\"18\" height=\"15\" \/><strong>Bezpe\u010dn\u00e9 pou\u017eit\u00ed.<\/strong>\u00a0Tento \u010distic\u00ed prost\u0159edek je navr\u017een tak, aby se pou\u017e\u00edval bezpe\u010dn\u011b, bez toxick\u00fdch v\u00fdpar\u016f a zdrav\u00ed nebezpe\u010dn\u00fdch slo\u017eek. Neobsahuje \u017e\u00e1dn\u00e9 agresivn\u00ed l\u00e1tky ani \u017e\u00edraviny, kter\u00e9 by mohly po\u0161kodit va\u0161e podlahy nebo za\u0159\u00edzen\u00ed. Lze jej pou\u017e\u00edvat pravideln\u011b bez rizika pro obyvatele dom\u00e1cnosti, v\u010detn\u011b d\u011bt\u00ed a dom\u00e1c\u00edch zv\u00ed\u0159at.<\/p>\n<p><img decoding=\"async\" style=\"margin-right: 12px;\" src=\"https:\/\/www.ferberpainting.com\/wp-content\/uploads\/2026\/02\/Check.svg\" alt=\"\" width=\"18\" height=\"15\" \/><strong>Snadn\u00e9 pou\u017e\u00edv\u00e1n\u00ed.<\/strong>\u00a0Tento produkt je p\u0159ipraven k pou\u017eit\u00ed - nen\u00ed t\u0159eba jej \u0159edit ani m\u00edchat s jin\u00fdm produktem. Jednodu\u0161e jej nalijte p\u0159\u00edmo do n\u00e1dr\u017eky vysava\u010de nebo robota a spus\u0165te obvykl\u00fd \u00faklidov\u00fd cyklus. Jeho siln\u00fd \u00fa\u010dinek zaji\u0161\u0165uje \u00faklid bez n\u00e1mahy, tak\u017ee nen\u00ed t\u0159eba dal\u0161\u00edch z\u00e1sah\u016f z va\u0161\u00ed strany.<\/p>\n<p><img decoding=\"async\" style=\"margin-right: 12px;\" src=\"https:\/\/www.ferberpainting.com\/wp-content\/uploads\/2026\/02\/Check.svg\" alt=\"\" width=\"18\" height=\"15\" \/><strong>Dlouh\u00e1 \u017eivotnost.<\/strong>\u00a0Na rozd\u00edl od jin\u00fdch produkt\u016f, kter\u00e9 mohou ucpat vnit\u0159n\u00ed syst\u00e9m za\u0159\u00edzen\u00ed, tento \u010disti\u010d dlouhodob\u011b zachov\u00e1v\u00e1 jeho v\u00fdkon. Zabra\u0148uje usazov\u00e1n\u00ed ne\u010distot v sac\u00edch a myc\u00edch syst\u00e9mech, \u010d\u00edm\u017e prodlu\u017euje \u017eivotnost va\u0161eho p\u0159\u00edstroje a sni\u017euje pot\u0159ebu \u010dast\u00e9 \u00fadr\u017eby.<\/p>\n<p><img decoding=\"async\" style=\"margin-right: 12px;\" src=\"https:\/\/www.ferberpainting.com\/wp-content\/uploads\/2026\/02\/Check.svg\" alt=\"\" width=\"18\" height=\"15\" \/><strong>Rychl\u00e1 akce.<\/strong>\u00a0Tento \u010disti\u010d za\u010dne pracovat okam\u017eit\u011b na za\u010d\u00e1tku \u010distic\u00edho cyklu. B\u011bhem n\u011bkolika minut rozpust\u00ed ne\u010distoty a odstran\u00ed skvrny bez dlouh\u00e9ho \u010dek\u00e1n\u00ed. Poskytuje rychl\u00e9 a \u00fa\u010dinn\u00e9 \u010di\u0161t\u011bn\u00ed - ide\u00e1ln\u00ed pro ka\u017edodenn\u00ed nebo p\u0159\u00edle\u017eitostn\u00e9 \u00faklidov\u00e9 \u00fakoly.<\/p>\n<h2><strong>Protokol o pou\u017eit\u00ed<\/strong><\/h2>\n<ul>\n<li><strong>P\u0159\u00edprava <\/strong>: Otev\u0159ete n\u00e1dobu a nalijte \u010distic\u00ed prost\u0159edek p\u0159\u00edmo do n\u00e1dr\u017eky vysava\u010de nebo robota, bez \u0159ed\u011bn\u00ed.<\/li>\n<li><strong>Start-up <\/strong>: Spus\u0165te obvykl\u00fd \u010distic\u00ed program za\u0159\u00edzen\u00ed, aby se p\u0159\u00edpravek rovnom\u011brn\u011b rozprost\u0159el po povrchu.<\/li>\n<li><strong>Dokon\u010dovac\u00ed pr\u00e1ce <\/strong>: Po dokon\u010den\u00ed \u010di\u0161t\u011bn\u00ed v p\u0159\u00edpad\u011b pot\u0159eby vypl\u00e1chn\u011bte n\u00e1dr\u017eku p\u0159\u00edstroje \u010distou vodou, abyste zabr\u00e1nili \u010dasov\u00e9mu usazov\u00e1n\u00ed produktu.<\/li>\n<li><strong>\u00dalo\u017ei\u0161t\u011b <\/strong>: N\u00e1dobku uchov\u00e1vejte t\u011bsn\u011b uzav\u0159enou, chr\u00e1n\u011bnou p\u0159ed sv\u011btlem a teplem, aby se zachovaly v\u0161echny vlastnosti v\u00fdrobku.<\/li>\n<\/ul>\n<p>S na\u0161\u00edm vysava\u010dem-mopem a robotick\u00fdm \u010disti\u010dem zajist\u00edte sv\u00fdm podlah\u00e1m dokonal\u00fd a optimalizovan\u00fd \u00faklid a z\u00e1rove\u0148 dlouhou \u017eivotnost a \u00fa\u010dinnost za\u0159\u00edzen\u00ed.<\/p>","protected":false},"excerpt":{"rendered":"<p>Optimal efficiency.\u00a0Thanks to its powerful and specially designed formula, this cleaner for vacuum-mop and robot thoroughly removes dirt residues, stubborn stains, and embedded marks from all types of floors. It works directly in your device\u2019s tank to deliver flawless cleaning, leaving no streaks or sticky residue. Money-back guarantee.\u00a0We have complete confidence in the effectiveness of [&hellip;]<\/p>\n","protected":false},"featured_media":36515,"comment_status":"open","ping_status":"closed","template":"","meta":{"_uag_custom_page_level_css":"","site-sidebar-layout":"default","site-content-layout":"","ast-site-content-layout":"default","site-content-style":"default","site-sidebar-style":"default","ast-global-header-display":"","ast-banner-title-visibility":"","ast-main-header-display":"","ast-hfb-above-header-display":"","ast-hfb-below-header-display":"","ast-hfb-mobile-header-display":"","site-post-title":"","ast-breadcrumbs-content":"","ast-featured-img":"","footer-sml-layout":"","ast-disable-related-posts":"","theme-transparent-header-meta":"default","adv-header-id-meta":"","stick-header-meta":"","header-above-stick-meta":"","header-main-stick-meta":"","header-below-stick-meta":"","astra-migrate-meta-layouts":"set","ast-page-background-enabled":"default","ast-page-background-meta":{"desktop":{"background-color":"var(--ast-global-color-4)","background-image":"","background-repeat":"repeat","background-position":"center center","background-size":"auto","background-attachment":"scroll","background-type":"","background-media":"","overlay-type":"","overlay-color":"","overlay-opacity":"","overlay-gradient":""},"tablet":{"background-color":"","background-image":"","background-repeat":"repeat","background-position":"center center","background-size":"auto","background-attachment":"scroll","background-type":"","background-media":"","overlay-type":"","overlay-color":"","overlay-opacity":"","overlay-gradient":""},"mobile":{"background-color":"","background-image":"","background-repeat":"repeat","background-position":"center center","background-size":"auto","background-attachment":"scroll","background-type":"","background-media":"","overlay-type":"","overlay-color":"","overlay-opacity":"","overlay-gradient":""}},"ast-content-background-meta":{"desktop":{"background-color":"var(--ast-global-color-5)","background-image":"","background-repeat":"repeat","background-position":"center center","background-size":"auto","background-attachment":"scroll","background-type":"","background-media":"","overlay-type":"","overlay-color":"","overlay-opacity":"","overlay-gradient":""},"tablet":{"background-color":"var(--ast-global-color-5)","background-image":"","background-repeat":"repeat","background-position":"center center","background-size":"auto","background-attachment":"scroll","background-type":"","background-media":"","overlay-type":"","overlay-color":"","overlay-opacity":"","overlay-gradient":""},"mobile":{"background-color":"var(--ast-global-color-5)","background-image":"","background-repeat":"repeat","background-position":"center center","background-size":"auto","background-attachment":"scroll","background-type":"","background-media":"","overlay-type":"","overlay-color":"","overlay-opacity":"","overlay-gradient":""}}},"product_brand":[],"product_cat":[175],"product_tag":[],"class_list":{"0":"post-23143","1":"product","2":"type-product","3":"status-publish","4":"has-post-thumbnail","6":"product_cat-cleaning-products","7":"desktop-align-left","8":"tablet-align-left","9":"mobile-align-left","11":"first","12":"instock","13":"sale","14":"taxable","15":"shipping-taxable","16":"purchasable","17":"product-type-variable","18":"has-default-attributes"},"spectra_custom_meta":{"_visibility":["visible"],"_shopify_product_id":["9100799410421"],"_s2w_shopify_domain":["ferberpainting.myshopify.com"],"_shopify_variant_id":["46610315149557"],"_sku":[""],"_manage_stock":["no"],"total_sales":["107"],"_tax_status":["taxable"],"_tax_class":[""],"_backorders":["no"],"_sold_individually":["no"],"_virtual":["no"],"_downloadable":["no"],"_download_limit":["-1"],"_download_expiry":["-1"],"_stock":[null],"_stock_status":["instock"],"_wc_average_rating":["5.00"],"_wc_review_count":["17"],"_product_attributes":["a:1:{s:6:\"volume\";a:6:{s:4:\"name\";s:6:\"Volume\";s:5:\"value\";s:20:\"5 liters | 25 liters\";s:8:\"position\";i:1;s:10:\"is_visible\";i:0;s:12:\"is_variation\";i:1;s:11:\"is_taxonomy\";i:0;}}"],"_product_version":["10.5.1"],"wpse_downloadable_file_names":[""],"wpse_downloadable_file_urls":[""],"_edit_last":["1"],"_default_attributes":["a:1:{s:6:\"volume\";s:8:\"5 liters\";}"],"_edit_lock":["1771158423:1"],"_price":["29.90","129.90"],"merchant-center-availability":["yes"],"merchant-center-category":["4977"],"_thumbnail_id":["36515"],"_wp_page_template":["default"],"_wp_old_date":["2025-05-26"],"_product_image_gallery":["36516"],"site-sidebar-layout":["default"],"ast-site-content-layout":["default"],"site-content-style":["default"],"site-sidebar-style":["default"],"theme-transparent-header-meta":["default"],"_wc_rating_count":["a:1:{i:5;i:17;}"],"astra-migrate-meta-layouts":["set"],"_uag_css_file_name":["uag-css-23143.css"],"_uag_page_assets":["a:9:{s:3:\"css\";s:7133:\".uag-blocks-common-selector{z-index:var(--z-index-desktop) !important}@media(max-width: 976px){.uag-blocks-common-selector{z-index:var(--z-index-tablet) !important}}@media(max-width: 767px){.uag-blocks-common-selector{z-index:var(--z-index-mobile) !important}}.wp-block-uagb-image{display:flex}.wp-block-uagb-image__figure{position:relative;display:flex;flex-direction:column;max-width:100%;height:auto;margin:0}.wp-block-uagb-image__figure img{height:auto;display:flex;max-width:100%;transition:box-shadow .2s ease}.wp-block-uagb-image__figure>a{display:inline-block}.wp-block-uagb-image__figure figcaption{text-align:center;margin-top:.5em;margin-bottom:1em}.wp-block-uagb-image .components-placeholder.block-editor-media-placeholder .components-placeholder__instructions{align-self:center}.wp-block-uagb-image--align-left{text-align:left}.wp-block-uagb-image--align-right{text-align:right}.wp-block-uagb-image--align-center{text-align:center}.wp-block-uagb-image--align-full .wp-block-uagb-image__figure{margin-left:calc(50% - 50vw);margin-right:calc(50% - 50vw);max-width:100vw;width:100vw;height:auto}.wp-block-uagb-image--align-full .wp-block-uagb-image__figure img{height:auto;width:100% !important}.wp-block-uagb-image--align-wide .wp-block-uagb-image__figure img{height:auto;width:100%}.wp-block-uagb-image--layout-overlay__color-wrapper{position:absolute;left:0;top:0;right:0;bottom:0;opacity:.2;background:rgba(0,0,0,.5);transition:opacity .35s ease-in-out}.wp-block-uagb-image--layout-overlay-link{position:absolute;left:0;right:0;bottom:0;top:0}.wp-block-uagb-image--layout-overlay .wp-block-uagb-image__figure:hover .wp-block-uagb-image--layout-overlay__color-wrapper{opacity:1}.wp-block-uagb-image--layout-overlay__inner{position:absolute;left:15px;right:15px;bottom:15px;top:15px;display:flex;align-items:center;justify-content:center;flex-direction:column;border-color:#fff;transition:.35s ease-in-out}.wp-block-uagb-image--layout-overlay__inner.top-left,.wp-block-uagb-image--layout-overlay__inner.top-center,.wp-block-uagb-image--layout-overlay__inner.top-right{justify-content:flex-start}.wp-block-uagb-image--layout-overlay__inner.bottom-left,.wp-block-uagb-image--layout-overlay__inner.bottom-center,.wp-block-uagb-image--layout-overlay__inner.bottom-right{justify-content:flex-end}.wp-block-uagb-image--layout-overlay__inner.top-left,.wp-block-uagb-image--layout-overlay__inner.center-left,.wp-block-uagb-image--layout-overlay__inner.bottom-left{align-items:flex-start}.wp-block-uagb-image--layout-overlay__inner.top-right,.wp-block-uagb-image--layout-overlay__inner.center-right,.wp-block-uagb-image--layout-overlay__inner.bottom-right{align-items:flex-end}.wp-block-uagb-image--layout-overlay__inner .uagb-image-heading{color:#fff;transition:transform .35s,opacity .35s ease-in-out;transform:translate3d(0, 24px, 0);margin:0;line-height:1em}.wp-block-uagb-image--layout-overlay__inner .uagb-image-separator{width:30%;border-top-width:2px;border-top-color:#fff;border-top-style:solid;margin-bottom:10px;opacity:0;transition:transform .4s,opacity .4s ease-in-out;transform:translate3d(0, 30px, 0)}.wp-block-uagb-image--layout-overlay__inner .uagb-image-caption{opacity:0;overflow:visible;color:#fff;transition:transform .45s,opacity .45s ease-in-out;transform:translate3d(0, 35px, 0)}.wp-block-uagb-image--layout-overlay__inner:hover .uagb-image-heading,.wp-block-uagb-image--layout-overlay__inner:hover .uagb-image-separator,.wp-block-uagb-image--layout-overlay__inner:hover .uagb-image-caption{opacity:1;transform:translate3d(0, 0, 0)}.wp-block-uagb-image--effect-zoomin .wp-block-uagb-image__figure img,.wp-block-uagb-image--effect-zoomin .wp-block-uagb-image__figure .wp-block-uagb-image--layout-overlay__color-wrapper{transform:scale(1);transition:transform .35s ease-in-out}.wp-block-uagb-image--effect-zoomin .wp-block-uagb-image__figure:hover img,.wp-block-uagb-image--effect-zoomin .wp-block-uagb-image__figure:hover .wp-block-uagb-image--layout-overlay__color-wrapper{transform:scale(1.05)}.wp-block-uagb-image--effect-slide .wp-block-uagb-image__figure img,.wp-block-uagb-image--effect-slide .wp-block-uagb-image__figure .wp-block-uagb-image--layout-overlay__color-wrapper{width:calc(100% + 40px) !important;max-width:none !important;transform:translate3d(-40px, 0, 0);transition:transform .35s ease-in-out}.wp-block-uagb-image--effect-slide .wp-block-uagb-image__figure:hover img,.wp-block-uagb-image--effect-slide .wp-block-uagb-image__figure:hover .wp-block-uagb-image--layout-overlay__color-wrapper{transform:translate3d(0, 0, 0)}.wp-block-uagb-image--effect-grayscale img{filter:grayscale(0%);transition:.35s ease-in-out}.wp-block-uagb-image--effect-grayscale:hover img{filter:grayscale(100%)}.wp-block-uagb-image--effect-blur img{filter:blur(0);transition:.35s ease-in-out}.wp-block-uagb-image--effect-blur:hover img{filter:blur(3px)}.uagb-block-e6f939b3.wp-block-uagb-image--layout-default figure img{box-shadow: 0px 0px 0 #00000070;}.uagb-block-e6f939b3.wp-block-uagb-image .wp-block-uagb-image__figure figcaption{font-style: normal;align-self: center;}.uagb-block-e6f939b3.wp-block-uagb-image--layout-overlay figure img{box-shadow: 0px 0px 0 #00000070;}.uagb-block-e6f939b3.wp-block-uagb-image--layout-overlay .wp-block-uagb-image--layout-overlay__color-wrapper{opacity: 0.2;}.uagb-block-e6f939b3.wp-block-uagb-image--layout-overlay .wp-block-uagb-image--layout-overlay__inner{left: 15px;right: 15px;top: 15px;bottom: 15px;}.uagb-block-e6f939b3.wp-block-uagb-image--layout-overlay .wp-block-uagb-image--layout-overlay__inner .uagb-image-heading{font-style: normal;color: #fff;opacity: 1;}.uagb-block-e6f939b3.wp-block-uagb-image--layout-overlay .wp-block-uagb-image--layout-overlay__inner .uagb-image-heading a{color: #fff;}.uagb-block-e6f939b3.wp-block-uagb-image--layout-overlay .wp-block-uagb-image--layout-overlay__inner .uagb-image-caption{opacity: 0;}.uagb-block-e6f939b3.wp-block-uagb-image--layout-overlay .wp-block-uagb-image__figure:hover .wp-block-uagb-image--layout-overlay__color-wrapper{opacity: 1;}.uagb-block-e6f939b3.wp-block-uagb-image .wp-block-uagb-image--layout-overlay__inner .uagb-image-separator{width: 30%;border-top-width: 2px;border-top-color: #fff;opacity: 0;}.uagb-block-e6f939b3.wp-block-uagb-image .wp-block-uagb-image__figure img{width: px;height: auto;}.uagb-block-e6f939b3.wp-block-uagb-image .wp-block-uagb-image__figure:hover .wp-block-uagb-image--layout-overlay__inner .uagb-image-caption{opacity: 1;}.uagb-block-e6f939b3.wp-block-uagb-image .wp-block-uagb-image__figure:hover .wp-block-uagb-image--layout-overlay__inner .uagb-image-separator{opacity: 1;}.uagb-block-e6f939b3.wp-block-uagb-image--layout-default figure:hover img{box-shadow: 0px 0px 0 #00000070;}.uagb-block-e6f939b3.wp-block-uagb-image--layout-overlay figure:hover img{box-shadow: 0px 0px 0 #00000070;}@media only screen and (max-width: 976px) {.uagb-block-e6f939b3.wp-block-uagb-image .wp-block-uagb-image__figure img{width: px;height: auto;}}@media only screen and (max-width: 767px) {.uagb-block-e6f939b3.wp-block-uagb-image .wp-block-uagb-image__figure img{width: px;height: auto;}}\";s:2:\"js\";s:0:\"\";s:18:\"current_block_list\";a:13:{i:0;s:11:\"core\/search\";i:1;s:10:\"core\/group\";i:2;s:12:\"core\/heading\";i:3;s:17:\"core\/latest-posts\";i:4;s:20:\"core\/latest-comments\";i:5;s:13:\"core\/archives\";i:6;s:15:\"core\/categories\";i:7;s:14:\"core\/paragraph\";i:8;s:10:\"uagb\/image\";i:9;s:11:\"core\/spacer\";i:10;s:30:\"woocommerce\/product-categories\";i:11;s:10:\"core\/image\";i:12;s:14:\"core\/shortcode\";}s:8:\"uag_flag\";b:1;s:11:\"uag_version\";s:10:\"1777205594\";s:6:\"gfonts\";a:0:{}s:10:\"gfonts_url\";s:0:\"\";s:12:\"gfonts_files\";a:0:{}s:14:\"uag_faq_layout\";b:0;}"],"_elementor_page_assets":["a:0:{}"]},"uagb_featured_image_src":{"full":["https:\/\/www.ferberpainting.com\/wp-content\/uploads\/2025\/05\/Cleaner-for-Vacuum-Mop-and-Robot-5L.png",2560,2560,false],"thumbnail":["https:\/\/www.ferberpainting.com\/wp-content\/uploads\/2025\/05\/Cleaner-for-Vacuum-Mop-and-Robot-5L-150x150.png",150,150,true],"medium":["https:\/\/www.ferberpainting.com\/wp-content\/uploads\/2025\/05\/Cleaner-for-Vacuum-Mop-and-Robot-5L-300x300.png",300,300,true],"medium_large":["https:\/\/www.ferberpainting.com\/wp-content\/uploads\/2025\/05\/Cleaner-for-Vacuum-Mop-and-Robot-5L-768x768.png",768,768,true],"large":["https:\/\/www.ferberpainting.com\/wp-content\/uploads\/2025\/05\/Cleaner-for-Vacuum-Mop-and-Robot-5L-1024x1024.png",1024,1024,true],"1536x1536":["https:\/\/www.ferberpainting.com\/wp-content\/uploads\/2025\/05\/Cleaner-for-Vacuum-Mop-and-Robot-5L-1536x1536.png",1536,1536,true],"2048x2048":["https:\/\/www.ferberpainting.com\/wp-content\/uploads\/2025\/05\/Cleaner-for-Vacuum-Mop-and-Robot-5L-2048x2048.png",2048,2048,true],"trp-custom-language-flag":["https:\/\/www.ferberpainting.com\/wp-content\/uploads\/2025\/05\/Cleaner-for-Vacuum-Mop-and-Robot-5L-12x12.png",12,12,true],"woocommerce_thumbnail":["https:\/\/www.ferberpainting.com\/wp-content\/uploads\/2025\/05\/Cleaner-for-Vacuum-Mop-and-Robot-5L-300x300.png",300,300,true],"woocommerce_single":["https:\/\/www.ferberpainting.com\/wp-content\/uploads\/2025\/05\/Cleaner-for-Vacuum-Mop-and-Robot-5L-600x600.png",600,600,true],"woocommerce_gallery_thumbnail":["https:\/\/www.ferberpainting.com\/wp-content\/uploads\/2025\/05\/Cleaner-for-Vacuum-Mop-and-Robot-5L-100x100.png",100,100,true]},"uagb_author_info":{"display_name":"admin","author_link":"https:\/\/www.ferberpainting.com\/cz\/author\/"},"uagb_comment_info":17,"uagb_excerpt":"Optimal efficiency.\u00a0Thanks to its powerful and specially designed formula, this cleaner for vacuum-mop and robot thoroughly removes dirt residues, stubborn stains, and embedded marks from all types of floors. It works directly in your device\u2019s tank to deliver flawless cleaning, leaving no streaks or sticky residue. Money-back guarantee.\u00a0We have complete confidence in the effectiveness of&hellip;","_links":{"self":[{"href":"https:\/\/www.ferberpainting.com\/cz\/wp-json\/wp\/v2\/product\/23143","targetHints":{"allow":["GET"]}}],"collection":[{"href":"https:\/\/www.ferberpainting.com\/cz\/wp-json\/wp\/v2\/product"}],"about":[{"href":"https:\/\/www.ferberpainting.com\/cz\/wp-json\/wp\/v2\/types\/product"}],"replies":[{"embeddable":true,"href":"https:\/\/www.ferberpainting.com\/cz\/wp-json\/wp\/v2\/comments?post=23143"}],"version-history":[{"count":4,"href":"https:\/\/www.ferberpainting.com\/cz\/wp-json\/wp\/v2\/product\/23143\/revisions"}],"predecessor-version":[{"id":166069,"href":"https:\/\/www.ferberpainting.com\/cz\/wp-json\/wp\/v2\/product\/23143\/revisions\/166069"}],"wp:featuredmedia":[{"embeddable":true,"href":"https:\/\/www.ferberpainting.com\/cz\/wp-json\/wp\/v2\/media\/36515"}],"wp:attachment":[{"href":"https:\/\/www.ferberpainting.com\/cz\/wp-json\/wp\/v2\/media?parent=23143"}],"wp:term":[{"taxonomy":"product_brand","embeddable":true,"href":"https:\/\/www.ferberpainting.com\/cz\/wp-json\/wp\/v2\/product_brand?post=23143"},{"taxonomy":"product_cat","embeddable":true,"href":"https:\/\/www.ferberpainting.com\/cz\/wp-json\/wp\/v2\/product_cat?post=23143"},{"taxonomy":"product_tag","embeddable":true,"href":"https:\/\/www.ferberpainting.com\/cz\/wp-json\/wp\/v2\/product_tag?post=23143"}],"curies":[{"name":"wp","href":"https:\/\/api.w.org\/{rel}","templated":true}]}}