{"id":23134,"date":"2025-05-26T10:22:55","date_gmt":"2025-05-26T08:22:55","guid":{"rendered":"https:\/\/www.ferberpainting.com\/products\/cherry-laurel-fertilizer\/"},"modified":"2026-02-15T13:26:08","modified_gmt":"2026-02-15T12:26:08","slug":"cherry-laurel-fertilizer","status":"publish","type":"product","link":"https:\/\/www.ferberpainting.com\/cz\/products\/cherry-laurel-fertilizer\/","title":{"rendered":"Hnojivo pro t\u0159e\u0161\u0148ov\u00fd vav\u0159\u00edn 25 kg"},"content":{"rendered":"<p><img decoding=\"async\" style=\"margin-right: 12px;\" src=\"https:\/\/www.ferberpainting.com\/wp-content\/uploads\/2026\/02\/Check.svg\" alt=\"\" width=\"18\" height=\"15\" \/><strong>Kompletn\u00ed hnojivo pro zdrav\u00fd t\u0159e\u0161\u0148ov\u00fd vav\u0159\u00edn a hust\u00e9 olist\u011bn\u00ed.<\/strong>\u00a0Vav\u0159\u00edn t\u0159e\u0161\u0148ov\u00fd, zn\u00e1m\u00fd tak\u00e9 jako Prunus laurocerasus, je \u017eiv\u00fdm plotem, kter\u00fd pot\u0159ebuje vyv\u00e1\u017een\u00fd p\u0159\u00edsun \u017eivin, aby z\u016fstal hust\u00fd, zelen\u00fd a odoln\u00fd v\u016f\u010di chorob\u00e1m. Toto hnojivo s pomal\u00fdm uvol\u0148ov\u00e1n\u00edm a vyv\u00e1\u017een\u00fdm slo\u017een\u00edm NPK 10-10-10 stimuluje rychl\u00fd r\u016fst list\u016f, v\u011btv\u00ed a ko\u0159en\u016f a zaji\u0161\u0165uje hust\u00e9 a rovnom\u011brn\u00e9 olist\u011bn\u00ed po cel\u00fd rok.<\/p>\n<p><img decoding=\"async\" style=\"margin-right: 12px;\" src=\"https:\/\/www.ferberpainting.com\/wp-content\/uploads\/2026\/02\/Check.svg\" alt=\"\" width=\"18\" height=\"15\" \/><strong>Z\u00e1ruka vr\u00e1cen\u00ed pen\u011bz.<\/strong>\u00a0Pevn\u011b v\u011b\u0159\u00edme v \u00fa\u010dinnost na\u0161eho hnojiva na t\u0159e\u0161\u0148ov\u00fd vav\u0159\u00edn, ale pokud po pravideln\u00e9m pou\u017e\u00edv\u00e1n\u00ed podle doporu\u010den\u00ed nezaznamen\u00e1te \u017e\u00e1dn\u00e9 zlep\u0161en\u00ed r\u016fstu nebo hustoty va\u0161eho \u017eiv\u00e9ho plotu, zavazujeme se v\u00e1m podle na\u0161ich podm\u00ednek vr\u00e1tit pen\u00edze v pln\u00e9 v\u00fd\u0161i.<\/p>\n<p><img decoding=\"async\" style=\"margin-right: 12px;\" src=\"https:\/\/www.ferberpainting.com\/wp-content\/uploads\/2026\/02\/Check.svg\" alt=\"\" width=\"18\" height=\"15\" \/><strong>Vhodn\u00e9 pro v\u0161echny typy p\u016fd a podm\u00ednky v\u00fdsadby.<\/strong>\u00a0A\u0165 u\u017e v\u00e1\u0161 t\u0159e\u0161\u0148ov\u00fd vav\u0159\u00edn roste v j\u00edlovit\u00e9, p\u00eds\u010dit\u00e9, v\u00e1penit\u00e9 nebo hlinit\u00e9 p\u016fd\u011b, toto hnojivo je vytvo\u0159eno pro optim\u00e1ln\u00ed p\u0159\u00edjem \u017eivin. Je vhodn\u00e9 pro v\u00fdsadbu ve voln\u00e9 p\u016fd\u011b, v kv\u011btin\u00e1\u010d\u00edch a funguje stejn\u011b dob\u0159e v m\u011bstsk\u00e9m prost\u0159ed\u00ed jako v p\u0159\u00edrod\u011b.<\/p>\n<p><img decoding=\"async\" style=\"margin-right: 12px;\" src=\"https:\/\/www.ferberpainting.com\/wp-content\/uploads\/2026\/02\/Check.svg\" alt=\"\" width=\"18\" height=\"15\" \/><strong>Vynikaj\u00edc\u00ed ekonomick\u00e1 v\u00fdt\u011b\u017enost a optimalizovan\u00e9 d\u00e1vkov\u00e1n\u00ed.<\/strong>\u00a0D\u00edky vysok\u00e9 koncentraci \u017eivin dok\u00e1\u017ee toto pevn\u00e9 hnojivo pohnojit velk\u00e9 mno\u017estv\u00ed t\u0159e\u0161\u0148ov\u00fdch vav\u0159\u00edn\u016f jedn\u00edm 25kg pytlem. Doporu\u010den\u00e1 d\u00e1vka 200 g na strom zaji\u0161\u0165uje nep\u0159etr\u017eit\u00fd a vyv\u00e1\u017een\u00fd r\u016fst po dobu n\u011bkolika m\u011bs\u00edc\u016f bez nutnosti \u010dast\u00fdch z\u00e1sah\u016f.<\/p>\n<p><img decoding=\"async\" style=\"margin-right: 12px;\" src=\"https:\/\/www.ferberpainting.com\/wp-content\/uploads\/2026\/02\/Check.svg\" alt=\"\" width=\"18\" height=\"15\" \/><strong>Bezpe\u010dn\u00e9 pro \u017eivotn\u00ed prost\u0159ed\u00ed a biologickou rozmanitost.<\/strong>\u00a0Toto p\u0159\u00edrodn\u00ed hnojivo neobsahuje \u017e\u00e1dn\u00e9 agresivn\u00ed chemik\u00e1lie, t\u011b\u017ek\u00e9 kovy ani zne\u010di\u0161\u0165uj\u00edc\u00ed l\u00e1tky. Respektuje p\u016fdn\u00ed mikroorganismy a podporuje zdravou ekologickou rovnov\u00e1hu. Nehroz\u00ed riziko sp\u00e1len\u00ed ko\u0159en\u016f, a proto je ide\u00e1ln\u00ed pro rodinn\u00e9 zahradni\u010den\u00ed nebo ter\u00e9nn\u00ed \u00fapravy.<\/p>\n<p><img decoding=\"async\" style=\"margin-right: 12px;\" src=\"https:\/\/www.ferberpainting.com\/wp-content\/uploads\/2026\/02\/Check.svg\" alt=\"\" width=\"18\" height=\"15\" \/><strong>Rychl\u00e1 a snadn\u00e1 aplikace, \u017e\u00e1dn\u00e1 slo\u017eit\u00e1 p\u0159\u00edprava.<\/strong>\u00a0Na rozd\u00edl od tekut\u00fdch hnojiv, kter\u00e1 vy\u017eaduj\u00ed m\u00edch\u00e1n\u00ed a p\u0159esn\u00e9 \u0159ed\u011bn\u00ed, je toto pevn\u00e9 granulovan\u00e9 hnojivo p\u0159ipraveno k pou\u017eit\u00ed. Sta\u010d\u00ed ho rozet\u0159\u00edt kolem b\u00e1ze rostliny a lehce zal\u00edt, aby se aktivovala absorpce.<\/p>\n<p><img decoding=\"async\" style=\"margin-right: 12px;\" src=\"https:\/\/www.ferberpainting.com\/wp-content\/uploads\/2026\/02\/Check.svg\" alt=\"\" width=\"18\" height=\"15\" \/><strong>Dlouhotrvaj\u00edc\u00ed \u00fa\u010dinek pro minim\u00e1ln\u00ed \u00fadr\u017ebu.<\/strong>\u00a0D\u00edky pomal\u00e9mu uvol\u0148ov\u00e1n\u00ed hnojivo vy\u017eivuje t\u0159e\u0161\u0148ov\u00fd vav\u0159\u00edn po n\u011bkolik m\u011bs\u00edc\u016f, sni\u017euje \u010detnost aplikace a zaji\u0161\u0165uje st\u00e1l\u00fd a rovnom\u011brn\u00fd v\u00fdvoj. Posilov\u00e1n\u00edm ko\u0159en\u016f, stonk\u016f a list\u016f zaji\u0161\u0165uje hust\u00fd a estetick\u00fd \u017eiv\u00fd plot po cel\u00fd rok.<\/p>\n<p><img decoding=\"async\" style=\"margin-right: 12px;\" src=\"https:\/\/www.ferberpainting.com\/wp-content\/uploads\/2026\/02\/Check.svg\" alt=\"\" width=\"18\" height=\"15\" \/><strong>Viditeln\u00e9 v\u00fdsledky ji\u017e od prvn\u00edch t\u00fddn\u016f.<\/strong>\u00a0Po aplikaci za\u010dne hnojivo b\u011bhem prvn\u00edch t\u00fddn\u016f stimulovat r\u016fst. Listy jsou hust\u0161\u00ed a lesklej\u0161\u00ed, rostlina vytv\u00e1\u0159\u00ed nov\u00e9 siln\u00e9 v\u00fdhony a zvy\u0161uje se jej\u00ed odolnost v\u016f\u010di chorob\u00e1m a \u0161k\u016fdc\u016fm.<\/p>\n<p><img decoding=\"async\" style=\"margin-right: 12px;\" src=\"https:\/\/www.ferberpainting.com\/wp-content\/uploads\/2026\/02\/Check.svg\" alt=\"\" width=\"18\" height=\"15\" \/><strong>Vhodn\u00e9 i pro dal\u0161\u00ed ke\u0159e a rostliny pro \u017eiv\u00e9 ploty.<\/strong>\u00a0Toto univerz\u00e1ln\u00ed hnojivo je ide\u00e1ln\u00ed nejen pro t\u0159e\u0161\u0148ov\u00fd vav\u0159\u00edn, ale tak\u00e9 pro dal\u0161\u00ed st\u00e1lezelen\u00e9 ke\u0159e \u017eiv\u00fdch plot\u016f a okrasn\u00e9 ke\u0159e, jako jsou fotinie, eleagnus, privet nebo tis. Je tak\u00e9 ide\u00e1ln\u00ed pro kv\u011btinov\u00e9 z\u00e1hony nebo \u017eiv\u00e9 ploty.<\/p>\n<h2><strong>Protokol o pou\u017eit\u00ed<\/strong><\/h2>\n<ul>\n<li><strong>Doba pod\u00e1v\u00e1n\u00ed \u017e\u00e1dost\u00ed<\/strong> : Hnojivo aplikujte na za\u010d\u00e1tku jara, abyste podpo\u0159ili jarn\u00ed r\u016fst, a podruh\u00e9 na podzim, abyste rostlinu p\u0159ed zimou pos\u00edlili.<\/li>\n<li><strong>Zp\u016fsob pou\u017eit\u00ed<\/strong> :\n<ul>\n<li>Rozsypte 200 g hnojiva na jeden strom nebo na jeden b\u011b\u017en\u00fd metr \u017eiv\u00e9ho plotu a rozptylte ho kolem z\u00e1kladny, ani\u017e byste se p\u0159\u00edmo dot\u00fdkali kmene.<\/li>\n<li>Povrch p\u016fdy lehce uhrabejte, abyste usnadnili zapracov\u00e1n\u00ed granul\u00ed.<\/li>\n<li>Po aplikaci d\u016fkladn\u011b zalijte, aby se aktivovala dif\u00faze \u017eivin do p\u016fdy.<\/li>\n<\/ul>\n<\/li>\n<li><strong>Frekvence pou\u017eit\u00ed<\/strong> :\n<ul>\n<li><strong>T\u0159e\u0161\u0148ov\u00e9 vav\u0159\u00edny (do 3 let)<\/strong>: 2 \u017e\u00e1dosti ro\u010dn\u011b jsou dostate\u010dn\u00e9 pro zaji\u0161t\u011bn\u00ed dobr\u00e9ho v\u00fdvoje.<\/li>\n<li><strong>Dosp\u011bl\u00e9 t\u0159e\u0161\u0148ov\u00e9 vav\u0159\u00edny<\/strong>: Jednor\u00e1zov\u00e9 ka\u017edoro\u010dn\u00ed hnojen\u00ed v b\u0159eznu a\u017e dubnu zaji\u0161\u0165uje optim\u00e1ln\u00ed \u00fadr\u017ebu a siln\u00fd r\u016fst.<\/li>\n<\/ul>\n<\/li>\n<li><strong>Bezpe\u010dnostn\u00ed opat\u0159en\u00ed pro pou\u017eit\u00ed<\/strong> :\n<ul>\n<li>Nepou\u017e\u00edvejte jej v nadm\u011brn\u00e9m mno\u017estv\u00ed, proto\u017ee by mohl podpo\u0159it p\u0159\u00edli\u0161 bohat\u00e9 olist\u011bn\u00ed na \u00fakor celkov\u00e9 struktury rostliny.<\/li>\n<li>Hnojivo nerozhazujte na pln\u00e9m slunci nebo za sucha, aby se l\u00e9pe vst\u0159eb\u00e1valo.<\/li>\n<li>Po aplikaci v\u017edy zalijte, aby se \u017eiviny rychle a rovnom\u011brn\u011b rozpt\u00fdlily.<\/li>\n<\/ul>\n<\/li>\n<\/ul>\n<p>D\u00edky tomuto hnojivu na t\u0159e\u0161\u0148ov\u00fd vav\u0159\u00edn se m\u016f\u017eete t\u011b\u0161it z hust\u00e9ho, sv\u011b\u017e\u00edho a odoln\u00e9ho \u017eiv\u00e9ho plotu bez nadm\u011brn\u00e9 n\u00e1mahy a zdlouhav\u00e9 \u00fadr\u017eby.<\/p>","protected":false},"excerpt":{"rendered":"<p>A complete fertilizer for healthy cherry laurel and dense foliage.\u00a0The cherry laurel, also known as Prunus laurocerasus, is a hedge plant that needs a balanced nutrient supply to stay dense, green, and disease-resistant. This is a slow-release fertilizer, with its balanced NPK 10-10-10 formula, it stimulates rapid growth of leaves, branches and roots, ensuring thick [&hellip;]<\/p>\n","protected":false},"featured_media":25721,"comment_status":"open","ping_status":"closed","template":"","meta":{"_uag_custom_page_level_css":"","site-sidebar-layout":"default","site-content-layout":"","ast-site-content-layout":"default","site-content-style":"default","site-sidebar-style":"default","ast-global-header-display":"","ast-banner-title-visibility":"","ast-main-header-display":"","ast-hfb-above-header-display":"","ast-hfb-below-header-display":"","ast-hfb-mobile-header-display":"","site-post-title":"","ast-breadcrumbs-content":"","ast-featured-img":"","footer-sml-layout":"","ast-disable-related-posts":"","theme-transparent-header-meta":"default","adv-header-id-meta":"","stick-header-meta":"","header-above-stick-meta":"","header-main-stick-meta":"","header-below-stick-meta":"","astra-migrate-meta-layouts":"set","ast-page-background-enabled":"default","ast-page-background-meta":{"desktop":{"background-color":"var(--ast-global-color-4)","background-image":"","background-repeat":"repeat","background-position":"center center","background-size":"auto","background-attachment":"scroll","background-type":"","background-media":"","overlay-type":"","overlay-color":"","overlay-opacity":"","overlay-gradient":""},"tablet":{"background-color":"","background-image":"","background-repeat":"repeat","background-position":"center center","background-size":"auto","background-attachment":"scroll","background-type":"","background-media":"","overlay-type":"","overlay-color":"","overlay-opacity":"","overlay-gradient":""},"mobile":{"background-color":"","background-image":"","background-repeat":"repeat","background-position":"center center","background-size":"auto","background-attachment":"scroll","background-type":"","background-media":"","overlay-type":"","overlay-color":"","overlay-opacity":"","overlay-gradient":""}},"ast-content-background-meta":{"desktop":{"background-color":"var(--ast-global-color-5)","background-image":"","background-repeat":"repeat","background-position":"center center","background-size":"auto","background-attachment":"scroll","background-type":"","background-media":"","overlay-type":"","overlay-color":"","overlay-opacity":"","overlay-gradient":""},"tablet":{"background-color":"var(--ast-global-color-5)","background-image":"","background-repeat":"repeat","background-position":"center center","background-size":"auto","background-attachment":"scroll","background-type":"","background-media":"","overlay-type":"","overlay-color":"","overlay-opacity":"","overlay-gradient":""},"mobile":{"background-color":"var(--ast-global-color-5)","background-image":"","background-repeat":"repeat","background-position":"center center","background-size":"auto","background-attachment":"scroll","background-type":"","background-media":"","overlay-type":"","overlay-color":"","overlay-opacity":"","overlay-gradient":""}}},"product_brand":[],"product_cat":[178],"product_tag":[],"class_list":{"0":"post-23134","1":"product","2":"type-product","3":"status-publish","4":"has-post-thumbnail","6":"product_cat-fertilizers","7":"desktop-align-left","8":"tablet-align-left","9":"mobile-align-left","11":"first","12":"instock","13":"taxable","14":"shipping-taxable","15":"purchasable","16":"product-type-simple"},"spectra_custom_meta":{"_visibility":["visible"],"_shopify_product_id":["9073339367669"],"_s2w_shopify_domain":["ferberpainting.myshopify.com"],"_shopify_variant_id":["46524717334773"],"_sku":["FPCHERRYLAURELFERTILIZER25KG"],"_regular_price":["39.90"],"_price":["39.90"],"_sale_price":[""],"_weight":["18.7"],"_thumbnail_id":["25721"],"_global_unique_id":["5056773818095"],"total_sales":["9"],"_tax_status":["taxable"],"_tax_class":[""],"_manage_stock":["no"],"_backorders":["no"],"_sold_individually":["no"],"_virtual":["no"],"_downloadable":["no"],"_download_limit":["-1"],"_download_expiry":["-1"],"_stock":[null],"_stock_status":["instock"],"_wc_average_rating":["5.00"],"_wc_review_count":["25"],"_product_version":["10.5.1"],"_wc_rating_count":["a:1:{i:5;i:25;}"],"_edit_lock":["1771158371:1"],"merchant-center-availability":["yes"],"merchant-center-category":["113"],"_edit_last":["1"],"_wp_page_template":["default"],"site-sidebar-layout":["default"],"ast-site-content-layout":["default"],"site-content-style":["default"],"site-sidebar-style":["default"],"theme-transparent-header-meta":["default"],"astra-migrate-meta-layouts":["set"],"_uag_css_file_name":["uag-css-23134.css"],"_elementor_page_assets":["a:0:{}"],"_uag_page_assets":["a:9:{s:3:\"css\";s:6873:\".wp-block-uagb-image{display:flex}.wp-block-uagb-image__figure{position:relative;display:flex;flex-direction:column;max-width:100%;height:auto;margin:0}.wp-block-uagb-image__figure img{height:auto;display:flex;max-width:100%;transition:box-shadow .2s ease}.wp-block-uagb-image__figure>a{display:inline-block}.wp-block-uagb-image__figure figcaption{text-align:center;margin-top:.5em;margin-bottom:1em}.wp-block-uagb-image .components-placeholder.block-editor-media-placeholder .components-placeholder__instructions{align-self:center}.wp-block-uagb-image--align-left{text-align:left}.wp-block-uagb-image--align-right{text-align:right}.wp-block-uagb-image--align-center{text-align:center}.wp-block-uagb-image--align-full .wp-block-uagb-image__figure{margin-left:calc(50% - 50vw);margin-right:calc(50% - 50vw);max-width:100vw;width:100vw;height:auto}.wp-block-uagb-image--align-full .wp-block-uagb-image__figure img{height:auto;width:100% !important}.wp-block-uagb-image--align-wide .wp-block-uagb-image__figure img{height:auto;width:100%}.wp-block-uagb-image--layout-overlay__color-wrapper{position:absolute;left:0;top:0;right:0;bottom:0;opacity:.2;background:rgba(0,0,0,.5);transition:opacity .35s ease-in-out}.wp-block-uagb-image--layout-overlay-link{position:absolute;left:0;right:0;bottom:0;top:0}.wp-block-uagb-image--layout-overlay .wp-block-uagb-image__figure:hover .wp-block-uagb-image--layout-overlay__color-wrapper{opacity:1}.wp-block-uagb-image--layout-overlay__inner{position:absolute;left:15px;right:15px;bottom:15px;top:15px;display:flex;align-items:center;justify-content:center;flex-direction:column;border-color:#fff;transition:.35s ease-in-out}.wp-block-uagb-image--layout-overlay__inner.top-left,.wp-block-uagb-image--layout-overlay__inner.top-center,.wp-block-uagb-image--layout-overlay__inner.top-right{justify-content:flex-start}.wp-block-uagb-image--layout-overlay__inner.bottom-left,.wp-block-uagb-image--layout-overlay__inner.bottom-center,.wp-block-uagb-image--layout-overlay__inner.bottom-right{justify-content:flex-end}.wp-block-uagb-image--layout-overlay__inner.top-left,.wp-block-uagb-image--layout-overlay__inner.center-left,.wp-block-uagb-image--layout-overlay__inner.bottom-left{align-items:flex-start}.wp-block-uagb-image--layout-overlay__inner.top-right,.wp-block-uagb-image--layout-overlay__inner.center-right,.wp-block-uagb-image--layout-overlay__inner.bottom-right{align-items:flex-end}.wp-block-uagb-image--layout-overlay__inner .uagb-image-heading{color:#fff;transition:transform .35s,opacity .35s ease-in-out;transform:translate3d(0, 24px, 0);margin:0;line-height:1em}.wp-block-uagb-image--layout-overlay__inner .uagb-image-separator{width:30%;border-top-width:2px;border-top-color:#fff;border-top-style:solid;margin-bottom:10px;opacity:0;transition:transform .4s,opacity .4s ease-in-out;transform:translate3d(0, 30px, 0)}.wp-block-uagb-image--layout-overlay__inner .uagb-image-caption{opacity:0;overflow:visible;color:#fff;transition:transform .45s,opacity .45s ease-in-out;transform:translate3d(0, 35px, 0)}.wp-block-uagb-image--layout-overlay__inner:hover .uagb-image-heading,.wp-block-uagb-image--layout-overlay__inner:hover .uagb-image-separator,.wp-block-uagb-image--layout-overlay__inner:hover .uagb-image-caption{opacity:1;transform:translate3d(0, 0, 0)}.wp-block-uagb-image--effect-zoomin .wp-block-uagb-image__figure img,.wp-block-uagb-image--effect-zoomin .wp-block-uagb-image__figure .wp-block-uagb-image--layout-overlay__color-wrapper{transform:scale(1);transition:transform .35s ease-in-out}.wp-block-uagb-image--effect-zoomin .wp-block-uagb-image__figure:hover img,.wp-block-uagb-image--effect-zoomin .wp-block-uagb-image__figure:hover .wp-block-uagb-image--layout-overlay__color-wrapper{transform:scale(1.05)}.wp-block-uagb-image--effect-slide .wp-block-uagb-image__figure img,.wp-block-uagb-image--effect-slide .wp-block-uagb-image__figure .wp-block-uagb-image--layout-overlay__color-wrapper{width:calc(100% + 40px) !important;max-width:none !important;transform:translate3d(-40px, 0, 0);transition:transform .35s ease-in-out}.wp-block-uagb-image--effect-slide .wp-block-uagb-image__figure:hover img,.wp-block-uagb-image--effect-slide .wp-block-uagb-image__figure:hover .wp-block-uagb-image--layout-overlay__color-wrapper{transform:translate3d(0, 0, 0)}.wp-block-uagb-image--effect-grayscale img{filter:grayscale(0%);transition:.35s ease-in-out}.wp-block-uagb-image--effect-grayscale:hover img{filter:grayscale(100%)}.wp-block-uagb-image--effect-blur img{filter:blur(0);transition:.35s ease-in-out}.wp-block-uagb-image--effect-blur:hover img{filter:blur(3px)}.uagb-block-e6f939b3.wp-block-uagb-image--layout-default figure img{box-shadow: 0px 0px 0 #00000070;}.uagb-block-e6f939b3.wp-block-uagb-image .wp-block-uagb-image__figure figcaption{font-style: normal;align-self: center;}.uagb-block-e6f939b3.wp-block-uagb-image--layout-overlay figure img{box-shadow: 0px 0px 0 #00000070;}.uagb-block-e6f939b3.wp-block-uagb-image--layout-overlay .wp-block-uagb-image--layout-overlay__color-wrapper{opacity: 0.2;}.uagb-block-e6f939b3.wp-block-uagb-image--layout-overlay .wp-block-uagb-image--layout-overlay__inner{left: 15px;right: 15px;top: 15px;bottom: 15px;}.uagb-block-e6f939b3.wp-block-uagb-image--layout-overlay .wp-block-uagb-image--layout-overlay__inner .uagb-image-heading{font-style: normal;color: #fff;opacity: 1;}.uagb-block-e6f939b3.wp-block-uagb-image--layout-overlay .wp-block-uagb-image--layout-overlay__inner .uagb-image-heading a{color: #fff;}.uagb-block-e6f939b3.wp-block-uagb-image--layout-overlay .wp-block-uagb-image--layout-overlay__inner .uagb-image-caption{opacity: 0;}.uagb-block-e6f939b3.wp-block-uagb-image--layout-overlay .wp-block-uagb-image__figure:hover .wp-block-uagb-image--layout-overlay__color-wrapper{opacity: 1;}.uagb-block-e6f939b3.wp-block-uagb-image .wp-block-uagb-image--layout-overlay__inner .uagb-image-separator{width: 30%;border-top-width: 2px;border-top-color: #fff;opacity: 0;}.uagb-block-e6f939b3.wp-block-uagb-image .wp-block-uagb-image__figure img{width: px;height: auto;}.uagb-block-e6f939b3.wp-block-uagb-image .wp-block-uagb-image__figure:hover .wp-block-uagb-image--layout-overlay__inner .uagb-image-caption{opacity: 1;}.uagb-block-e6f939b3.wp-block-uagb-image .wp-block-uagb-image__figure:hover .wp-block-uagb-image--layout-overlay__inner .uagb-image-separator{opacity: 1;}.uagb-block-e6f939b3.wp-block-uagb-image--layout-default figure:hover img{box-shadow: 0px 0px 0 #00000070;}.uagb-block-e6f939b3.wp-block-uagb-image--layout-overlay figure:hover img{box-shadow: 0px 0px 0 #00000070;}@media only screen and (max-width: 976px) {.uagb-block-e6f939b3.wp-block-uagb-image .wp-block-uagb-image__figure img{width: px;height: auto;}}@media only screen and (max-width: 767px) {.uagb-block-e6f939b3.wp-block-uagb-image .wp-block-uagb-image__figure img{width: px;height: auto;}}\";s:2:\"js\";s:0:\"\";s:18:\"current_block_list\";a:13:{i:0;s:11:\"core\/search\";i:1;s:10:\"core\/group\";i:2;s:12:\"core\/heading\";i:3;s:17:\"core\/latest-posts\";i:4;s:20:\"core\/latest-comments\";i:5;s:13:\"core\/archives\";i:6;s:15:\"core\/categories\";i:7;s:14:\"core\/paragraph\";i:8;s:10:\"uagb\/image\";i:9;s:11:\"core\/spacer\";i:10;s:30:\"woocommerce\/product-categories\";i:11;s:10:\"core\/image\";i:12;s:14:\"core\/shortcode\";}s:8:\"uag_flag\";b:1;s:11:\"uag_version\";s:10:\"1777197519\";s:6:\"gfonts\";a:0:{}s:10:\"gfonts_url\";s:0:\"\";s:12:\"gfonts_files\";a:0:{}s:14:\"uag_faq_layout\";b:0;}"]},"uagb_featured_image_src":{"full":["https:\/\/www.ferberpainting.com\/wp-content\/uploads\/2025\/05\/CherryLaurelFertilizer.png",2560,2560,false],"thumbnail":["https:\/\/www.ferberpainting.com\/wp-content\/uploads\/2025\/05\/CherryLaurelFertilizer-150x150.png",150,150,true],"medium":["https:\/\/www.ferberpainting.com\/wp-content\/uploads\/2025\/05\/CherryLaurelFertilizer-300x300.png",300,300,true],"medium_large":["https:\/\/www.ferberpainting.com\/wp-content\/uploads\/2025\/05\/CherryLaurelFertilizer-768x768.png",768,768,true],"large":["https:\/\/www.ferberpainting.com\/wp-content\/uploads\/2025\/05\/CherryLaurelFertilizer-1024x1024.png",1024,1024,true],"1536x1536":["https:\/\/www.ferberpainting.com\/wp-content\/uploads\/2025\/05\/CherryLaurelFertilizer-1536x1536.png",1536,1536,true],"2048x2048":["https:\/\/www.ferberpainting.com\/wp-content\/uploads\/2025\/05\/CherryLaurelFertilizer-2048x2048.png",2048,2048,true],"trp-custom-language-flag":["https:\/\/www.ferberpainting.com\/wp-content\/uploads\/2025\/05\/CherryLaurelFertilizer-12x12.png",12,12,true],"woocommerce_thumbnail":["https:\/\/www.ferberpainting.com\/wp-content\/uploads\/2025\/05\/CherryLaurelFertilizer-300x300.png",300,300,true],"woocommerce_single":["https:\/\/www.ferberpainting.com\/wp-content\/uploads\/2025\/05\/CherryLaurelFertilizer-600x600.png",600,600,true],"woocommerce_gallery_thumbnail":["https:\/\/www.ferberpainting.com\/wp-content\/uploads\/2025\/05\/CherryLaurelFertilizer-100x100.png",100,100,true]},"uagb_author_info":{"display_name":"admin","author_link":"https:\/\/www.ferberpainting.com\/cz\/author\/"},"uagb_comment_info":25,"uagb_excerpt":"A complete fertilizer for healthy cherry laurel and dense foliage.\u00a0The cherry laurel, also known as Prunus laurocerasus, is a hedge plant that needs a balanced nutrient supply to stay dense, green, and disease-resistant. This is a slow-release fertilizer, with its balanced NPK 10-10-10 formula, it stimulates rapid growth of leaves, branches and roots, ensuring thick&hellip;","_links":{"self":[{"href":"https:\/\/www.ferberpainting.com\/cz\/wp-json\/wp\/v2\/product\/23134","targetHints":{"allow":["GET"]}}],"collection":[{"href":"https:\/\/www.ferberpainting.com\/cz\/wp-json\/wp\/v2\/product"}],"about":[{"href":"https:\/\/www.ferberpainting.com\/cz\/wp-json\/wp\/v2\/types\/product"}],"replies":[{"embeddable":true,"href":"https:\/\/www.ferberpainting.com\/cz\/wp-json\/wp\/v2\/comments?post=23134"}],"version-history":[{"count":7,"href":"https:\/\/www.ferberpainting.com\/cz\/wp-json\/wp\/v2\/product\/23134\/revisions"}],"predecessor-version":[{"id":164351,"href":"https:\/\/www.ferberpainting.com\/cz\/wp-json\/wp\/v2\/product\/23134\/revisions\/164351"}],"wp:featuredmedia":[{"embeddable":true,"href":"https:\/\/www.ferberpainting.com\/cz\/wp-json\/wp\/v2\/media\/25721"}],"wp:attachment":[{"href":"https:\/\/www.ferberpainting.com\/cz\/wp-json\/wp\/v2\/media?parent=23134"}],"wp:term":[{"taxonomy":"product_brand","embeddable":true,"href":"https:\/\/www.ferberpainting.com\/cz\/wp-json\/wp\/v2\/product_brand?post=23134"},{"taxonomy":"product_cat","embeddable":true,"href":"https:\/\/www.ferberpainting.com\/cz\/wp-json\/wp\/v2\/product_cat?post=23134"},{"taxonomy":"product_tag","embeddable":true,"href":"https:\/\/www.ferberpainting.com\/cz\/wp-json\/wp\/v2\/product_tag?post=23134"}],"curies":[{"name":"wp","href":"https:\/\/api.w.org\/{rel}","templated":true}]}}