{"id":23131,"date":"2025-07-01T17:13:12","date_gmt":"2025-07-01T15:13:12","guid":{"rendered":"https:\/\/www.ferberpainting.com\/?post_type=product&#038;p=23131"},"modified":"2026-02-15T13:25:35","modified_gmt":"2026-02-15T12:25:35","slug":"ceramic-cleaner","status":"publish","type":"product","link":"https:\/\/www.ferberpainting.com\/cz\/products\/ceramic-cleaner\/","title":{"rendered":"\u010cisti\u010d keramiky"},"content":{"rendered":"<p><img decoding=\"async\" style=\"margin-right: 12px;\" src=\"https:\/\/www.ferberpainting.com\/wp-content\/uploads\/2026\/02\/Check.svg\" alt=\"\" width=\"18\" height=\"15\" \/><strong>Optim\u00e1ln\u00ed efektivita.<\/strong>\u00a0Tento \u010disti\u010d keramiky je speci\u00e1ln\u011b vyvinut\u00fd tak, aby \u00fa\u010dinn\u011b odstra\u0148oval ne\u010distoty, zbytky m\u00fddla, stopy vodn\u00edho kamene a odoln\u00e9 skvrny, kter\u00e9 matou keramick\u00e9 povrchy. Jeho \u00fa\u010dinn\u00e9 slo\u017een\u00ed pronik\u00e1 do hloubky a odstra\u0148uje ne\u010distoty, ani\u017e by po\u0161kodilo povrch, a zanech\u00e1v\u00e1 \u010dist\u00fd, leskl\u00fd a z\u00e1\u0159iv\u00fd povrch. Umo\u017e\u0148uje \u0161etrn\u00e9 \u010di\u0161t\u011bn\u00ed a z\u00e1rove\u0148 zachov\u00e1v\u00e1 kvalitu a celistvost o\u0161et\u0159ovan\u00fdch materi\u00e1l\u016f.<\/p>\n<p><img decoding=\"async\" style=\"margin-right: 12px;\" src=\"https:\/\/www.ferberpainting.com\/wp-content\/uploads\/2026\/02\/Check.svg\" alt=\"\" width=\"18\" height=\"15\" \/><strong>Z\u00e1ruka vr\u00e1cen\u00ed pen\u011bz.<\/strong>\u00a0Jsme pln\u011b p\u0159esv\u011bd\u010deni o \u00fa\u010dinnosti na\u0161eho \u010disti\u010de keramiky. Pokud po pou\u017eit\u00ed nebudete s v\u00fdsledky pln\u011b spokojeni, m\u00e1te n\u00e1rok na vr\u00e1cen\u00ed pen\u011bz v pln\u00e9 v\u00fd\u0161i. Vyzkou\u0161ejte n\u00e1\u0161 v\u00fdrobek s klidn\u00fdm sv\u011bdom\u00edm a zajist\u011bte si optim\u00e1ln\u00ed \u010di\u0161t\u011bn\u00ed bez n\u00e1mahy a p\u0159etrv\u00e1vaj\u00edc\u00edch stop.<\/p>\n<p><img decoding=\"async\" style=\"margin-right: 12px;\" src=\"https:\/\/www.ferberpainting.com\/wp-content\/uploads\/2026\/02\/Check.svg\" alt=\"\" width=\"18\" height=\"15\" \/><strong>V\u00fdjime\u010dn\u00e1 v\u0161estrannost.<\/strong>\u00a0Tento \u010distic\u00ed prost\u0159edek se neomezuje pouze na keramick\u00e9 povrchy! Je \u00fa\u010dinn\u00fd i na materi\u00e1ly, jako je kamenina, porcel\u00e1n, dla\u017edice, kamenina, a dokonce i na n\u011bkter\u00e9 nepor\u00e9zn\u00ed p\u0159\u00edrodn\u00ed kameny. Je ide\u00e1ln\u00ed pro \u010di\u0161t\u011bn\u00ed d\u0159ez\u016f, pracovn\u00edch desek, zadn\u00edch st\u011bn, van, st\u011bn sprchov\u00fdch kout\u016f, umyvadel a dla\u017edicov\u00fdch povrch\u016f. Jeho pou\u017eit\u00ed je vhodn\u00e9 jak pro soukrom\u00e9 u\u017eivatele, tak pro profesion\u00e1ly, kte\u0159\u00ed udr\u017euj\u00ed keramick\u00e9 instalace pomoc\u00ed v\u00fdkonn\u00e9ho a univerz\u00e1ln\u00edho p\u0159\u00edpravku.<\/p>\n<p><img decoding=\"async\" style=\"margin-right: 12px;\" src=\"https:\/\/www.ferberpainting.com\/wp-content\/uploads\/2026\/02\/Check.svg\" alt=\"\" width=\"18\" height=\"15\" \/><strong>N\u00e1kladov\u011b efektivn\u00ed v\u00fdkon.<\/strong>\u00a0D\u00edky 5litrov\u00e9 n\u00e1dob\u011b a vysok\u00e9 koncentraci nab\u00edz\u00ed tento \u010disti\u010d vynikaj\u00edc\u00ed hodnotu. Mal\u00e9 mno\u017estv\u00ed sta\u010d\u00ed k vy\u010di\u0161t\u011bn\u00ed velk\u00e9ho povrchu bez pl\u00fdtv\u00e1n\u00ed. Jeden litr p\u0159\u00edpravku dok\u00e1\u017ee v pr\u016fm\u011bru o\u0161et\u0159it a\u017e 80 m\u00b2 keramick\u00e9ho povrchu, co\u017e z n\u011bj \u010din\u00ed cenov\u011b v\u00fdhodn\u00e9 a \u00fa\u010dinn\u00e9 \u0159e\u0161en\u00ed pro pravideln\u00e9 nebo intenzivn\u00ed pou\u017e\u00edv\u00e1n\u00ed.<\/p>\n<p><img decoding=\"async\" style=\"margin-right: 12px;\" src=\"https:\/\/www.ferberpainting.com\/wp-content\/uploads\/2026\/02\/Check.svg\" alt=\"\" width=\"18\" height=\"15\" \/><strong>Bezpe\u010dn\u00e9 pou\u017eit\u00ed.<\/strong>\u00a0Na rozd\u00edl od \u010distic\u00edch prost\u0159edk\u016f obsahuj\u00edc\u00edch drsn\u00e9 kyseliny, kter\u00e9 mohou po\u0161kodit keramiku a urychlit jej\u00ed st\u00e1rnut\u00ed, je tento \u010distic\u00ed prost\u0159edek vyroben bez \u0161kodliv\u00fdch l\u00e1tek pro povrchy a zdrav\u00ed. Nezp\u016fsobuje korozi, neoslabuje materi\u00e1ly a respektuje povrchov\u00e9 \u00fapravy. Nevypou\u0161t\u00ed \u017e\u00e1dn\u00e9 dr\u00e1\u017ediv\u00e9 v\u00fdpary, co\u017e umo\u017e\u0148uje bezpe\u010dn\u00e9 pou\u017eit\u00ed i ve \u0161patn\u011b v\u011btran\u00fdch prostor\u00e1ch.<\/p>\n<p><img decoding=\"async\" style=\"margin-right: 12px;\" src=\"https:\/\/www.ferberpainting.com\/wp-content\/uploads\/2026\/02\/Check.svg\" alt=\"\" width=\"18\" height=\"15\" \/><strong>Snadn\u00e9 pou\u017eit\u00ed.<\/strong>\u00a0Tento produkt je p\u0159ipraven k pou\u017eit\u00ed a nevy\u017eaduje \u017e\u00e1dn\u00e9 \u0159ed\u011bn\u00ed ani slo\u017eitou p\u0159\u00edpravu. Nan\u00e1\u0161\u00ed se p\u0159\u00edmo na povrch pomoc\u00ed had\u0159\u00edku, houby nebo mopu z mikrovl\u00e1kna. Jeho rychl\u00fd \u00fa\u010dinek odstra\u0148uje ne\u010distoty b\u011bhem n\u011bkolika minut, bez nutnosti nadm\u011brn\u00e9ho drhnut\u00ed nebo oplachov\u00e1n\u00ed. D\u00edky intuitivn\u00edmu pou\u017eit\u00ed je p\u0159\u00edstupn\u00fd i u\u017eivatel\u016fm bez zku\u0161enost\u00ed s \u00fadr\u017ebou keramiky.<\/p>\n<p><img decoding=\"async\" style=\"margin-right: 12px;\" src=\"https:\/\/www.ferberpainting.com\/wp-content\/uploads\/2026\/02\/Check.svg\" alt=\"\" width=\"18\" height=\"15\" \/><strong>Prodlou\u017een\u00e1 \u017eivotnost.<\/strong>\u00a0Pravideln\u00fdm odstra\u0148ov\u00e1n\u00edm vodn\u00edho kamene, skvrn a m\u00fddlov\u00fdch usazenin pom\u00e1h\u00e1 tento \u010distic\u00ed prost\u0159edek prodlou\u017eit \u017eivotnost keramick\u00fdch povrch\u016f a dlouhodob\u011b zachovat jejich p\u0159irozen\u00fd lesk. Zabra\u0148uje tvorb\u011b usazenin, kter\u00e9 by mohly zp\u016fsobit znehodnocen\u00ed povrch\u016f a urychlit jejich opot\u0159eben\u00ed. Pravideln\u00e1 \u00fadr\u017eba t\u00edmto p\u0159\u00edpravkem pom\u00e1h\u00e1 vyhnout se n\u00e1kladn\u00fdm oprav\u00e1m a udr\u017euje povrchy \u010dist\u00e9 a dob\u0159e chr\u00e1n\u011bn\u00e9.<\/p>\n<p><img decoding=\"async\" style=\"margin-right: 12px;\" src=\"https:\/\/www.ferberpainting.com\/wp-content\/uploads\/2026\/02\/Check.svg\" alt=\"\" width=\"18\" height=\"15\" \/><strong>Rychl\u00e1 akce.<\/strong>\u00a0D\u00edky sv\u00e9mu vysoce \u00fa\u010dinn\u00e9mu slo\u017een\u00ed p\u016fsob\u00ed tento \u010distic\u00ed prost\u0159edek okam\u017eit\u011b na skvrny a usazeniny. B\u011bhem n\u011bkolika minut rozpust\u00ed ne\u010distoty a usnadn\u00ed jejich odstran\u011bn\u00ed bez v\u011bt\u0161\u00ed n\u00e1mahy. Umo\u017e\u0148uje rychlou a \u00fa\u010dinnou \u00fadr\u017ebu keramiky a podobn\u00fdch materi\u00e1l\u016f.<\/p>\n<h2><strong>Protokol o pou\u017eit\u00ed<\/strong><\/h2>\n<ul>\n<li><strong>P\u0159\u00edprava<\/strong>: Ujist\u011bte se, \u017ee je keramick\u00fd povrch such\u00fd a zbaven\u00fd prachu nebo ne\u010distot. Pokud je plocha siln\u011b zne\u010di\u0161t\u011bn\u00e1, doporu\u010dujeme ji p\u0159edem opr\u00e1\u0161it such\u00fdm had\u0159\u00edkem nebo m\u011bkk\u00fdm kart\u00e1\u010dem.<\/li>\n<li><strong>Ru\u010dn\u00ed aplikace<\/strong>: Nalijte mal\u00e9 mno\u017estv\u00ed \u010distic\u00edho prost\u0159edku na \u010dist\u00fd had\u0159\u00edk nebo houbi\u010dku a rovnom\u011brn\u00fdmi krou\u017eiv\u00fdmi pohyby jej naneste na podlahu, aby se prost\u0159edek vs\u00e1kl a rozpustil ne\u010distoty.<\/li>\n<li><strong>Pou\u017eit\u00ed na velk\u00e9 plo\u0161e <\/strong>: K \u010di\u0161t\u011bn\u00ed keramick\u00fdch podlah, oblo\u017een\u00fdch st\u011bn nebo velk\u00fdch pracovn\u00edch desek pou\u017eijte rozpra\u0161ova\u010d, abyste p\u0159\u00edpravek rovnom\u011brn\u011b rozprost\u0159eli. Nechte n\u011bkolik minut p\u016fsobit, aby se n\u00e1nosy rozpustily, a pot\u00e9 set\u0159ete such\u00fdm had\u0159\u00edkem nebo opl\u00e1chn\u011bte \u010distou vodou.<\/li>\n<li><strong>O\u0161et\u0159en\u00ed odoln\u00fdch skvrn <\/strong>: Na siln\u011b zne\u010di\u0161t\u011bn\u00e1 m\u00edsta nebo mastn\u00e9 skvrny naneste v\u011bt\u0161\u00ed mno\u017estv\u00ed p\u0159\u00edpravku a nechte p\u016fsobit 5 a\u017e 10 minut. Pou\u017eijte m\u011bkk\u00fd kart\u00e1\u010d, kter\u00fd pom\u016f\u017ee ne\u010distoty odstranit, ani\u017e by do\u0161lo k po\u0161kr\u00e1b\u00e1n\u00ed povrchu. V p\u0159\u00edpad\u011b pot\u0159eby \u010di\u0161t\u011bn\u00ed opakujte, abyste dos\u00e1hli optim\u00e1ln\u00edho vy\u010di\u0161t\u011bn\u00ed.<\/li>\n<li><strong>Oplachov\u00e1n\u00ed a ut\u00edr\u00e1n\u00ed <\/strong>: Ot\u0159ete such\u00fdm nebo m\u00edrn\u011b navlh\u010den\u00fdm had\u0159\u00edkem, abyste odstranili zbytky v\u00fdrobku a zajistili beze\u0161v\u00fd povrch beze \u0161mouh. U exteri\u00e9rov\u00fdch prvk\u016f m\u016f\u017ee b\u00fdt nutn\u00e9 opl\u00e1chnut\u00ed \u010distou vodou.<\/li>\n<li><strong>Le\u0161t\u011bn\u00ed a ochrana <\/strong>: Pro je\u0161t\u011b lesklej\u0161\u00ed a \u010dist\u0161\u00ed povrch ot\u0159ete \u010dist\u00fdm such\u00fdm had\u0159\u00edkem, abyste keramiku vyle\u0161tili a o\u017eivili jej\u00ed lesk. Pravideln\u00e9 \u010di\u0161t\u011bn\u00ed pom\u00e1h\u00e1 p\u0159edch\u00e1zet vzniku nov\u00fdch skvrn a usnad\u0148uje budouc\u00ed \u00fadr\u017ebu.<\/li>\n<li><strong>Frekvence pou\u017e\u00edv\u00e1n\u00ed <\/strong>: Aplikujte jednou a\u017e dvakr\u00e1t t\u00fddn\u011b pro pravideln\u00e9 \u010di\u0161t\u011bn\u00ed a prevenci usazov\u00e1n\u00ed ne\u010distot. U intenzivn\u011b vyu\u017e\u00edvan\u00fdch prostor, jako jsou kuchyn\u011b nebo koupelny, se doporu\u010duje \u010dast\u011bj\u0161\u00ed \u010di\u0161t\u011bn\u00ed, aby byla zaji\u0161t\u011bna optim\u00e1ln\u00ed ochrana.<\/li>\n<li><strong>\u00dalo\u017ei\u0161t\u011b <\/strong>: Po ka\u017ed\u00e9m pou\u017eit\u00ed n\u00e1dobku d\u016fkladn\u011b uzav\u0159ete a skladujte ji na chladn\u00e9m a such\u00e9m m\u00edst\u011b, mimo dosah sv\u011btla a extr\u00e9mn\u00edch teplot, abyste zachovali dlouhodobou \u00fa\u010dinnost p\u0159\u00edpravku.<\/li>\n<\/ul>\n<p>S na\u0161\u00edm \u010disti\u010dem na keramiku si u\u017eijete \u00fa\u010dinnou \u00fadr\u017ebu bez n\u00e1mahy a z\u00e1rove\u0148 zachov\u00e1te lesk a trvanlivost sv\u00fdch povrch\u016f. Ide\u00e1ln\u00ed \u0159e\u0161en\u00ed pro keramiku, kter\u00e1 z\u016fstane \u010dist\u00e1, chr\u00e1n\u011bn\u00e1 a z\u00e1\u0159iv\u00e1 za v\u0161ech situac\u00ed.<\/p>","protected":false},"excerpt":{"rendered":"<p>Optimal Efficiency.\u00a0This ceramic cleaner is specially formulated to effectively remove dirt, soap residues, limescale marks, and stubborn stains that dull ceramic surfaces. Its powerful formula penetrates deep to lift impurities without damaging the surface, leaving a clean, shiny, and brilliant finish. It allows for gentle cleaning while preserving the quality and integrity of treated materials. [&hellip;]<\/p>\n","protected":false},"featured_media":36491,"comment_status":"open","ping_status":"closed","template":"","meta":{"_uag_custom_page_level_css":"","site-sidebar-layout":"default","site-content-layout":"","ast-site-content-layout":"default","site-content-style":"default","site-sidebar-style":"default","ast-global-header-display":"","ast-banner-title-visibility":"","ast-main-header-display":"","ast-hfb-above-header-display":"","ast-hfb-below-header-display":"","ast-hfb-mobile-header-display":"","site-post-title":"","ast-breadcrumbs-content":"","ast-featured-img":"","footer-sml-layout":"","ast-disable-related-posts":"","theme-transparent-header-meta":"default","adv-header-id-meta":"","stick-header-meta":"","header-above-stick-meta":"","header-main-stick-meta":"","header-below-stick-meta":"","astra-migrate-meta-layouts":"set","ast-page-background-enabled":"default","ast-page-background-meta":{"desktop":{"background-color":"var(--ast-global-color-4)","background-image":"","background-repeat":"repeat","background-position":"center center","background-size":"auto","background-attachment":"scroll","background-type":"","background-media":"","overlay-type":"","overlay-color":"","overlay-opacity":"","overlay-gradient":""},"tablet":{"background-color":"","background-image":"","background-repeat":"repeat","background-position":"center center","background-size":"auto","background-attachment":"scroll","background-type":"","background-media":"","overlay-type":"","overlay-color":"","overlay-opacity":"","overlay-gradient":""},"mobile":{"background-color":"","background-image":"","background-repeat":"repeat","background-position":"center center","background-size":"auto","background-attachment":"scroll","background-type":"","background-media":"","overlay-type":"","overlay-color":"","overlay-opacity":"","overlay-gradient":""}},"ast-content-background-meta":{"desktop":{"background-color":"var(--ast-global-color-5)","background-image":"","background-repeat":"repeat","background-position":"center center","background-size":"auto","background-attachment":"scroll","background-type":"","background-media":"","overlay-type":"","overlay-color":"","overlay-opacity":"","overlay-gradient":""},"tablet":{"background-color":"var(--ast-global-color-5)","background-image":"","background-repeat":"repeat","background-position":"center center","background-size":"auto","background-attachment":"scroll","background-type":"","background-media":"","overlay-type":"","overlay-color":"","overlay-opacity":"","overlay-gradient":""},"mobile":{"background-color":"var(--ast-global-color-5)","background-image":"","background-repeat":"repeat","background-position":"center center","background-size":"auto","background-attachment":"scroll","background-type":"","background-media":"","overlay-type":"","overlay-color":"","overlay-opacity":"","overlay-gradient":""}}},"product_brand":[],"product_cat":[175],"product_tag":[],"class_list":{"0":"post-23131","1":"product","2":"type-product","3":"status-publish","4":"has-post-thumbnail","6":"product_cat-cleaning-products","7":"desktop-align-left","8":"tablet-align-left","9":"mobile-align-left","11":"first","12":"instock","13":"sale","14":"taxable","15":"shipping-taxable","16":"purchasable","17":"product-type-variable","18":"has-default-attributes"},"spectra_custom_meta":{"_visibility":["visible"],"_shopify_product_id":["9106512675061"],"_s2w_shopify_domain":["ferberpainting.myshopify.com"],"_shopify_variant_id":["46626220769525"],"_sku":[""],"_manage_stock":["no"],"total_sales":["18"],"_tax_status":["taxable"],"_tax_class":[""],"_backorders":["no"],"_sold_individually":["no"],"_virtual":["no"],"_downloadable":["no"],"_download_limit":["-1"],"_download_expiry":["-1"],"_stock":[null],"_stock_status":["instock"],"_wc_average_rating":["5.00"],"_wc_review_count":["12"],"_product_attributes":["a:1:{s:6:\"volume\";a:6:{s:4:\"name\";s:6:\"Volume\";s:5:\"value\";s:20:\"5 liters | 25 liters\";s:8:\"position\";i:1;s:10:\"is_visible\";i:0;s:12:\"is_variation\";i:1;s:11:\"is_taxonomy\";i:0;}}"],"_product_version":["10.5.1"],"wpse_downloadable_file_names":[""],"wpse_downloadable_file_urls":[""],"_edit_last":["1"],"_default_attributes":["a:1:{s:6:\"volume\";s:8:\"5 liters\";}"],"_edit_lock":["1771158196:1"],"_price":["29.90","129.90"],"merchant-center-availability":["yes"],"merchant-center-category":["4973"],"_thumbnail_id":["36491"],"_wp_page_template":["default"],"_product_image_gallery":["36492"],"site-sidebar-layout":["default"],"ast-site-content-layout":["default"],"site-content-style":["default"],"site-sidebar-style":["default"],"theme-transparent-header-meta":["default"],"_wc_rating_count":["a:1:{i:5;i:12;}"],"astra-migrate-meta-layouts":["set"],"_uag_css_file_name":["uag-css-23131.css"],"_elementor_page_assets":["a:0:{}"],"_uag_page_assets":["a:9:{s:3:\"css\";s:7133:\".uag-blocks-common-selector{z-index:var(--z-index-desktop) !important}@media(max-width: 976px){.uag-blocks-common-selector{z-index:var(--z-index-tablet) !important}}@media(max-width: 767px){.uag-blocks-common-selector{z-index:var(--z-index-mobile) !important}}.wp-block-uagb-image{display:flex}.wp-block-uagb-image__figure{position:relative;display:flex;flex-direction:column;max-width:100%;height:auto;margin:0}.wp-block-uagb-image__figure img{height:auto;display:flex;max-width:100%;transition:box-shadow .2s ease}.wp-block-uagb-image__figure>a{display:inline-block}.wp-block-uagb-image__figure figcaption{text-align:center;margin-top:.5em;margin-bottom:1em}.wp-block-uagb-image .components-placeholder.block-editor-media-placeholder .components-placeholder__instructions{align-self:center}.wp-block-uagb-image--align-left{text-align:left}.wp-block-uagb-image--align-right{text-align:right}.wp-block-uagb-image--align-center{text-align:center}.wp-block-uagb-image--align-full .wp-block-uagb-image__figure{margin-left:calc(50% - 50vw);margin-right:calc(50% - 50vw);max-width:100vw;width:100vw;height:auto}.wp-block-uagb-image--align-full .wp-block-uagb-image__figure img{height:auto;width:100% !important}.wp-block-uagb-image--align-wide .wp-block-uagb-image__figure img{height:auto;width:100%}.wp-block-uagb-image--layout-overlay__color-wrapper{position:absolute;left:0;top:0;right:0;bottom:0;opacity:.2;background:rgba(0,0,0,.5);transition:opacity .35s ease-in-out}.wp-block-uagb-image--layout-overlay-link{position:absolute;left:0;right:0;bottom:0;top:0}.wp-block-uagb-image--layout-overlay .wp-block-uagb-image__figure:hover .wp-block-uagb-image--layout-overlay__color-wrapper{opacity:1}.wp-block-uagb-image--layout-overlay__inner{position:absolute;left:15px;right:15px;bottom:15px;top:15px;display:flex;align-items:center;justify-content:center;flex-direction:column;border-color:#fff;transition:.35s ease-in-out}.wp-block-uagb-image--layout-overlay__inner.top-left,.wp-block-uagb-image--layout-overlay__inner.top-center,.wp-block-uagb-image--layout-overlay__inner.top-right{justify-content:flex-start}.wp-block-uagb-image--layout-overlay__inner.bottom-left,.wp-block-uagb-image--layout-overlay__inner.bottom-center,.wp-block-uagb-image--layout-overlay__inner.bottom-right{justify-content:flex-end}.wp-block-uagb-image--layout-overlay__inner.top-left,.wp-block-uagb-image--layout-overlay__inner.center-left,.wp-block-uagb-image--layout-overlay__inner.bottom-left{align-items:flex-start}.wp-block-uagb-image--layout-overlay__inner.top-right,.wp-block-uagb-image--layout-overlay__inner.center-right,.wp-block-uagb-image--layout-overlay__inner.bottom-right{align-items:flex-end}.wp-block-uagb-image--layout-overlay__inner .uagb-image-heading{color:#fff;transition:transform .35s,opacity .35s ease-in-out;transform:translate3d(0, 24px, 0);margin:0;line-height:1em}.wp-block-uagb-image--layout-overlay__inner .uagb-image-separator{width:30%;border-top-width:2px;border-top-color:#fff;border-top-style:solid;margin-bottom:10px;opacity:0;transition:transform .4s,opacity .4s ease-in-out;transform:translate3d(0, 30px, 0)}.wp-block-uagb-image--layout-overlay__inner .uagb-image-caption{opacity:0;overflow:visible;color:#fff;transition:transform .45s,opacity .45s ease-in-out;transform:translate3d(0, 35px, 0)}.wp-block-uagb-image--layout-overlay__inner:hover .uagb-image-heading,.wp-block-uagb-image--layout-overlay__inner:hover .uagb-image-separator,.wp-block-uagb-image--layout-overlay__inner:hover .uagb-image-caption{opacity:1;transform:translate3d(0, 0, 0)}.wp-block-uagb-image--effect-zoomin .wp-block-uagb-image__figure img,.wp-block-uagb-image--effect-zoomin .wp-block-uagb-image__figure .wp-block-uagb-image--layout-overlay__color-wrapper{transform:scale(1);transition:transform .35s ease-in-out}.wp-block-uagb-image--effect-zoomin .wp-block-uagb-image__figure:hover img,.wp-block-uagb-image--effect-zoomin .wp-block-uagb-image__figure:hover .wp-block-uagb-image--layout-overlay__color-wrapper{transform:scale(1.05)}.wp-block-uagb-image--effect-slide .wp-block-uagb-image__figure img,.wp-block-uagb-image--effect-slide .wp-block-uagb-image__figure .wp-block-uagb-image--layout-overlay__color-wrapper{width:calc(100% + 40px) !important;max-width:none !important;transform:translate3d(-40px, 0, 0);transition:transform .35s ease-in-out}.wp-block-uagb-image--effect-slide .wp-block-uagb-image__figure:hover img,.wp-block-uagb-image--effect-slide .wp-block-uagb-image__figure:hover .wp-block-uagb-image--layout-overlay__color-wrapper{transform:translate3d(0, 0, 0)}.wp-block-uagb-image--effect-grayscale img{filter:grayscale(0%);transition:.35s ease-in-out}.wp-block-uagb-image--effect-grayscale:hover img{filter:grayscale(100%)}.wp-block-uagb-image--effect-blur img{filter:blur(0);transition:.35s ease-in-out}.wp-block-uagb-image--effect-blur:hover img{filter:blur(3px)}.uagb-block-e6f939b3.wp-block-uagb-image--layout-default figure img{box-shadow: 0px 0px 0 #00000070;}.uagb-block-e6f939b3.wp-block-uagb-image .wp-block-uagb-image__figure figcaption{font-style: normal;align-self: center;}.uagb-block-e6f939b3.wp-block-uagb-image--layout-overlay figure img{box-shadow: 0px 0px 0 #00000070;}.uagb-block-e6f939b3.wp-block-uagb-image--layout-overlay .wp-block-uagb-image--layout-overlay__color-wrapper{opacity: 0.2;}.uagb-block-e6f939b3.wp-block-uagb-image--layout-overlay .wp-block-uagb-image--layout-overlay__inner{left: 15px;right: 15px;top: 15px;bottom: 15px;}.uagb-block-e6f939b3.wp-block-uagb-image--layout-overlay .wp-block-uagb-image--layout-overlay__inner .uagb-image-heading{font-style: normal;color: #fff;opacity: 1;}.uagb-block-e6f939b3.wp-block-uagb-image--layout-overlay .wp-block-uagb-image--layout-overlay__inner .uagb-image-heading a{color: #fff;}.uagb-block-e6f939b3.wp-block-uagb-image--layout-overlay .wp-block-uagb-image--layout-overlay__inner .uagb-image-caption{opacity: 0;}.uagb-block-e6f939b3.wp-block-uagb-image--layout-overlay .wp-block-uagb-image__figure:hover .wp-block-uagb-image--layout-overlay__color-wrapper{opacity: 1;}.uagb-block-e6f939b3.wp-block-uagb-image .wp-block-uagb-image--layout-overlay__inner .uagb-image-separator{width: 30%;border-top-width: 2px;border-top-color: #fff;opacity: 0;}.uagb-block-e6f939b3.wp-block-uagb-image .wp-block-uagb-image__figure img{width: px;height: auto;}.uagb-block-e6f939b3.wp-block-uagb-image .wp-block-uagb-image__figure:hover .wp-block-uagb-image--layout-overlay__inner .uagb-image-caption{opacity: 1;}.uagb-block-e6f939b3.wp-block-uagb-image .wp-block-uagb-image__figure:hover .wp-block-uagb-image--layout-overlay__inner .uagb-image-separator{opacity: 1;}.uagb-block-e6f939b3.wp-block-uagb-image--layout-default figure:hover img{box-shadow: 0px 0px 0 #00000070;}.uagb-block-e6f939b3.wp-block-uagb-image--layout-overlay figure:hover img{box-shadow: 0px 0px 0 #00000070;}@media only screen and (max-width: 976px) {.uagb-block-e6f939b3.wp-block-uagb-image .wp-block-uagb-image__figure img{width: px;height: auto;}}@media only screen and (max-width: 767px) {.uagb-block-e6f939b3.wp-block-uagb-image .wp-block-uagb-image__figure img{width: px;height: auto;}}\";s:2:\"js\";s:0:\"\";s:18:\"current_block_list\";a:13:{i:0;s:11:\"core\/search\";i:1;s:10:\"core\/group\";i:2;s:12:\"core\/heading\";i:3;s:17:\"core\/latest-posts\";i:4;s:20:\"core\/latest-comments\";i:5;s:13:\"core\/archives\";i:6;s:15:\"core\/categories\";i:7;s:14:\"core\/paragraph\";i:8;s:10:\"uagb\/image\";i:9;s:11:\"core\/spacer\";i:10;s:30:\"woocommerce\/product-categories\";i:11;s:10:\"core\/image\";i:12;s:14:\"core\/shortcode\";}s:8:\"uag_flag\";b:1;s:11:\"uag_version\";s:10:\"1777228800\";s:6:\"gfonts\";a:0:{}s:10:\"gfonts_url\";s:0:\"\";s:12:\"gfonts_files\";a:0:{}s:14:\"uag_faq_layout\";b:0;}"]},"uagb_featured_image_src":{"full":["https:\/\/www.ferberpainting.com\/wp-content\/uploads\/2025\/07\/Ceramic-Cleaner-5L-.png",2560,2560,false],"thumbnail":["https:\/\/www.ferberpainting.com\/wp-content\/uploads\/2025\/07\/Ceramic-Cleaner-5L--150x150.png",150,150,true],"medium":["https:\/\/www.ferberpainting.com\/wp-content\/uploads\/2025\/07\/Ceramic-Cleaner-5L--300x300.png",300,300,true],"medium_large":["https:\/\/www.ferberpainting.com\/wp-content\/uploads\/2025\/07\/Ceramic-Cleaner-5L--768x768.png",768,768,true],"large":["https:\/\/www.ferberpainting.com\/wp-content\/uploads\/2025\/07\/Ceramic-Cleaner-5L--1024x1024.png",1024,1024,true],"1536x1536":["https:\/\/www.ferberpainting.com\/wp-content\/uploads\/2025\/07\/Ceramic-Cleaner-5L--1536x1536.png",1536,1536,true],"2048x2048":["https:\/\/www.ferberpainting.com\/wp-content\/uploads\/2025\/07\/Ceramic-Cleaner-5L--2048x2048.png",2048,2048,true],"trp-custom-language-flag":["https:\/\/www.ferberpainting.com\/wp-content\/uploads\/2025\/07\/Ceramic-Cleaner-5L--12x12.png",12,12,true],"woocommerce_thumbnail":["https:\/\/www.ferberpainting.com\/wp-content\/uploads\/2025\/07\/Ceramic-Cleaner-5L--300x300.png",300,300,true],"woocommerce_single":["https:\/\/www.ferberpainting.com\/wp-content\/uploads\/2025\/07\/Ceramic-Cleaner-5L--600x600.png",600,600,true],"woocommerce_gallery_thumbnail":["https:\/\/www.ferberpainting.com\/wp-content\/uploads\/2025\/07\/Ceramic-Cleaner-5L--100x100.png",100,100,true]},"uagb_author_info":{"display_name":"admin","author_link":"https:\/\/www.ferberpainting.com\/cz\/author\/"},"uagb_comment_info":12,"uagb_excerpt":"Optimal Efficiency.\u00a0This ceramic cleaner is specially formulated to effectively remove dirt, soap residues, limescale marks, and stubborn stains that dull ceramic surfaces. Its powerful formula penetrates deep to lift impurities without damaging the surface, leaving a clean, shiny, and brilliant finish. It allows for gentle cleaning while preserving the quality and integrity of treated materials.&hellip;","_links":{"self":[{"href":"https:\/\/www.ferberpainting.com\/cz\/wp-json\/wp\/v2\/product\/23131","targetHints":{"allow":["GET"]}}],"collection":[{"href":"https:\/\/www.ferberpainting.com\/cz\/wp-json\/wp\/v2\/product"}],"about":[{"href":"https:\/\/www.ferberpainting.com\/cz\/wp-json\/wp\/v2\/types\/product"}],"replies":[{"embeddable":true,"href":"https:\/\/www.ferberpainting.com\/cz\/wp-json\/wp\/v2\/comments?post=23131"}],"version-history":[{"count":5,"href":"https:\/\/www.ferberpainting.com\/cz\/wp-json\/wp\/v2\/product\/23131\/revisions"}],"predecessor-version":[{"id":166063,"href":"https:\/\/www.ferberpainting.com\/cz\/wp-json\/wp\/v2\/product\/23131\/revisions\/166063"}],"wp:featuredmedia":[{"embeddable":true,"href":"https:\/\/www.ferberpainting.com\/cz\/wp-json\/wp\/v2\/media\/36491"}],"wp:attachment":[{"href":"https:\/\/www.ferberpainting.com\/cz\/wp-json\/wp\/v2\/media?parent=23131"}],"wp:term":[{"taxonomy":"product_brand","embeddable":true,"href":"https:\/\/www.ferberpainting.com\/cz\/wp-json\/wp\/v2\/product_brand?post=23131"},{"taxonomy":"product_cat","embeddable":true,"href":"https:\/\/www.ferberpainting.com\/cz\/wp-json\/wp\/v2\/product_cat?post=23131"},{"taxonomy":"product_tag","embeddable":true,"href":"https:\/\/www.ferberpainting.com\/cz\/wp-json\/wp\/v2\/product_tag?post=23131"}],"curies":[{"name":"wp","href":"https:\/\/api.w.org\/{rel}","templated":true}]}}