{"id":23099,"date":"2025-05-26T10:22:42","date_gmt":"2025-05-26T08:22:42","guid":{"rendered":"https:\/\/www.ferberpainting.com\/products\/bloom-and-flowering-fertilizer\/"},"modified":"2026-02-15T13:10:15","modified_gmt":"2026-02-15T12:10:15","slug":"bloom-and-flowering-fertilizer","status":"publish","type":"product","link":"https:\/\/www.ferberpainting.com\/cz\/products\/bloom-and-flowering-fertilizer\/","title":{"rendered":"Hnojivo pro kveten\u00ed a kveten\u00ed"},"content":{"rendered":"<p><img decoding=\"async\" style=\"margin-right: 12px;\" src=\"https:\/\/www.ferberpainting.com\/wp-content\/uploads\/2026\/02\/Check.svg\" alt=\"\" width=\"18\" height=\"15\" \/><strong>Hnojivo ur\u010den\u00e9 pro bohat\u00e9 a \u017eiv\u00e9 kveten\u00ed.<\/strong>\u00a0Na\u0161e hnojivo pro kvetouc\u00ed rostliny je speci\u00e1ln\u011b vyvinuto tak, aby stimulovalo tvorbu kv\u011bt\u016f, posilovalo stonky a zlep\u0161ovalo kvalitu kv\u011bt\u016f. D\u00edky vyv\u00e1\u017een\u00e9mu slo\u017een\u00ed dus\u00edku, fosforu a drasl\u00edku (NPK 15-15-15) poskytuje rostlin\u00e1m v\u0161echny nezbytn\u00e9 \u017eiviny pro podporu bohat\u00e9ho kveten\u00ed s \u017eiv\u00fdmi a dlouhotrvaj\u00edc\u00edmi barvami.<\/p>\n<p><img decoding=\"async\" style=\"margin-right: 12px;\" src=\"https:\/\/www.ferberpainting.com\/wp-content\/uploads\/2026\/02\/Check.svg\" alt=\"\" width=\"18\" height=\"15\" \/><strong>Z\u00e1ruka vr\u00e1cen\u00ed pen\u011bz.<\/strong>\u00a0M\u00e1me naprostou d\u016fv\u011bru v \u00fa\u010dinnost na\u0161ich hnojiv pro kvetouc\u00ed rostliny. Pokud i p\u0159es pou\u017eit\u00ed v souladu s doporu\u010den\u00edmi nebudete s dosa\u017een\u00fdmi v\u00fdsledky spokojeni, m\u016f\u017eeme v\u00e1m vr\u00e1tit pen\u00edze v pln\u00e9 v\u00fd\u0161i.<\/p>\n<p><img decoding=\"async\" style=\"margin-right: 12px;\" src=\"https:\/\/www.ferberpainting.com\/wp-content\/uploads\/2026\/02\/Check.svg\" alt=\"\" width=\"18\" height=\"15\" \/><strong>Kompatibiln\u00ed se v\u0161emi typy p\u011bstebn\u00edch m\u00e9di\u00ed.<\/strong>\u00a0Toto hnojivo je univerz\u00e1ln\u00ed a vhodn\u00e9 pro \u0161irokou \u0161k\u00e1lu substr\u00e1t\u016f. Funguje stejn\u011b dob\u0159e v p\u016fd\u011b, kv\u011btin\u00e1\u010d\u00edch, n\u00e1dob\u00e1ch, hydroponii i ve voln\u00e9 p\u016fd\u011b a lze jej pou\u017e\u00edt na v\u0161echny typy p\u016fd, a\u0165 u\u017e jsou j\u00edlovit\u00e9, p\u00eds\u010dit\u00e9, v\u00e1penit\u00e9 nebo hlinit\u00e9. Je ide\u00e1ln\u00ed pro okrasn\u00e9 kv\u011btiny, ke\u0159e, trvalky a pokojov\u00e9 rostliny.<\/p>\n<p><img decoding=\"async\" style=\"margin-right: 12px;\" src=\"https:\/\/www.ferberpainting.com\/wp-content\/uploads\/2026\/02\/Check.svg\" alt=\"\" width=\"18\" height=\"15\" \/><strong>Optim\u00e1ln\u00ed n\u00e1kladov\u011b efektivn\u00ed v\u00fdnos.<\/strong>\u00a0Jeho koncentrovan\u00e9 slo\u017een\u00ed umo\u017e\u0148uje p\u0159ipravit a\u017e 1000 litr\u016f \u017eivn\u00e9ho roztoku z jedin\u00e9ho p\u011btilitrov\u00e9ho kanystru. K \u00fa\u010dinn\u00e9mu hnojen\u00ed sta\u010d\u00ed pouh\u00fdch 5 ml z\u0159ed\u011bn\u00e9ho hnojiva v 1 litru vody. D\u00edky t\u00e9to vydatnosti zaru\u010duje hnojivo dlouhodob\u00e9 pou\u017e\u00edv\u00e1n\u00ed a vynikaj\u00edc\u00ed pom\u011br ceny a v\u00fdkonu.<\/p>\n<p><img decoding=\"async\" style=\"margin-right: 12px;\" src=\"https:\/\/www.ferberpainting.com\/wp-content\/uploads\/2026\/02\/Check.svg\" alt=\"\" width=\"18\" height=\"15\" \/><strong>Hnojivo \u0161etrn\u00e9 k \u017eivotn\u00edmu prost\u0159ed\u00ed.<\/strong>\u00a0Toto hnojivo je navr\u017eeno tak, aby bylo bezpe\u010dn\u00e9 pro biologickou rozmanitost. Neobsahuje \u017e\u00e1dn\u00e9 agresivn\u00ed chemick\u00e9 p\u0159\u00edsady a nezne\u010di\u0161\u0165uje p\u016fdu ani podzemn\u00ed vody. Jeho slo\u017een\u00ed pom\u00e1h\u00e1 zachovat p\u0159irozenou rovnov\u00e1hu p\u016fdy a z\u00e1rove\u0148 podporuje \u010dinnost prosp\u011b\u0161n\u00fdch mikroorganism\u016f.<\/p>\n<p><img decoding=\"async\" style=\"margin-right: 12px;\" src=\"https:\/\/www.ferberpainting.com\/wp-content\/uploads\/2026\/02\/Check.svg\" alt=\"\" width=\"18\" height=\"15\" \/><strong>Snadno se aplikuje a je bezpe\u010dn\u00fd p\u0159ed sp\u00e1len\u00edm ko\u0159en\u016f.<\/strong>\u00a0Na rozd\u00edl od pevn\u00fdch hnojiv, kter\u00e1 mohou vytv\u00e1\u0159et nadm\u011brn\u00e9 koncentrace miner\u00e1ln\u00edch sol\u00ed, se na\u0161e kapaln\u00e1 hnojiva dokonale rozpou\u0161t\u011bj\u00ed ve vod\u011b, \u010d\u00edm\u017e je zaji\u0161t\u011bno rovnom\u011brn\u00e9 rozd\u011blen\u00ed a nedoch\u00e1z\u00ed ke sp\u00e1len\u00ed ko\u0159en\u016f. Snadno se d\u00e1vkuje, p\u0159ipravuje a aplikuje.<\/p>\n<p><img decoding=\"async\" style=\"margin-right: 12px;\" src=\"https:\/\/www.ferberpainting.com\/wp-content\/uploads\/2026\/02\/Check.svg\" alt=\"\" width=\"18\" height=\"15\" \/><strong>Dlouhotrvaj\u00edc\u00ed hnojivo pro prodlou\u017een\u00ed kveten\u00ed.<\/strong>\u00a0D\u00edky vyv\u00e1\u017een\u00e9mu obsahu \u017eivin toto hnojivo podporuje postupn\u00e9 uvol\u0148ov\u00e1n\u00ed z\u00e1kladn\u00edch prvk\u016f, co\u017e pom\u00e1h\u00e1 rostlin\u00e1m kv\u00e9st d\u00e9le a v lep\u0161\u00edm zdravotn\u00edm stavu. P\u016fsob\u00ed tak, \u017ee rostlinu posiluje ji\u017e od prvn\u00edch dn\u016f a pokra\u010duje v jej\u00ed v\u00fd\u017eiv\u011b po celou dobu kveten\u00ed.<\/p>\n<p><img decoding=\"async\" style=\"margin-right: 12px;\" src=\"https:\/\/www.ferberpainting.com\/wp-content\/uploads\/2026\/02\/Check.svg\" alt=\"\" width=\"18\" height=\"15\" \/><strong>Rychle viditeln\u00e9 v\u00fdsledky.<\/strong>\u00a0Ji\u017e po n\u011bkolika dnech si v\u0161imnete intenzivn\u011bj\u0161\u00edho zbarven\u00ed, v\u011bt\u0161\u00edho po\u010dtu poupat a v\u011bt\u0161\u00ed vitality kv\u011bt\u016f. Dus\u00edk podporuje vyv\u00e1\u017een\u00fd r\u016fst list\u016f, fosfor stimuluje tvorbu kv\u011btn\u00edch pupen\u016f a drasl\u00edk zvy\u0161uje odolnost v\u016f\u010di chorob\u00e1m a drsn\u00fdm klimatick\u00fdm podm\u00ednk\u00e1m.<\/p>\n<p><img decoding=\"async\" style=\"margin-right: 12px;\" src=\"https:\/\/www.ferberpainting.com\/wp-content\/uploads\/2026\/02\/Check.svg\" alt=\"\" width=\"18\" height=\"15\" \/><strong>Hnojivo vhodn\u00e9 pro v\u0161echny kvetouc\u00ed rostliny.<\/strong>\u00a0A\u0165 u\u017e se jedn\u00e1 o r\u016f\u017ee, orchideje, mu\u0161k\u00e1ty, ibi\u0161ky, levandule nebo kvetouc\u00ed ke\u0159e, toto hnojivo poskytuje \u017eiviny pot\u0159ebn\u00e9 v ka\u017ed\u00e9 f\u00e1zi kveten\u00ed. Je tak\u00e9 dokonale vhodn\u00e9 pro tropick\u00e9 rostliny a exotick\u00e9 kv\u011btiny, a\u0165 u\u017e p\u011bstovan\u00e9 v interi\u00e9ru nebo venku.<\/p>\n<h2><strong>Protokol o pou\u017eit\u00ed<\/strong><\/h2>\n<ul>\n<li><strong>Doba pod\u00e1v\u00e1n\u00ed \u017e\u00e1dost\u00ed <\/strong>: Hnojivo pou\u017e\u00edvejte po celou dobu kveten\u00ed, nejl\u00e9pe v jarn\u00edch a letn\u00edch m\u011bs\u00edc\u00edch. U pokojov\u00fdch rostlin lze zv\u00e1\u017eit pravideln\u00e9 hnojen\u00ed v pr\u016fb\u011bhu cel\u00e9ho roku.<\/li>\n<li><strong>P\u0159\u00edprava roztoku <\/strong>: Z\u0159e\u010fte 5 ml hnojiva v 1 litru vody, abyste z\u00edskali homogenn\u00ed roztok p\u0159ipraven\u00fd k pou\u017eit\u00ed.<\/li>\n<li><strong>Zp\u016fsob pou\u017eit\u00ed <\/strong>:\n<ul>\n<li><strong>Zal\u00e9v\u00e1n\u00ed u b\u00e1ze rostlin <\/strong>: Nalijte \u017eivn\u00fd roztok p\u0159\u00edmo na substr\u00e1t v bl\u00edzkosti ko\u0159en\u016f.<\/li>\n<li><strong>Post\u0159ik list\u016f <\/strong>: Pro rychl\u00e9 vst\u0159eb\u00e1v\u00e1n\u00ed \u017eivin lehce post\u0159\u00edkejte listy a kv\u011bty.<\/li>\n<\/ul>\n<\/li>\n<li><strong>Frekvence pou\u017eit\u00ed <\/strong>:\n<ul>\n<li><strong>Rostliny v aktivn\u00edm kv\u011btu <\/strong>: Aplikujte ka\u017ed\u00e9 dva t\u00fddny pro stimulaci bohat\u00e9ho kveten\u00ed.<\/li>\n<li><strong>\u00dadr\u017eba rostlin <\/strong>: Jedna aplikace ka\u017ed\u00e9 3 a\u017e 4 t\u00fddny pom\u00e1h\u00e1 udr\u017eet st\u00e1l\u00e9 kveten\u00ed.<\/li>\n<\/ul>\n<\/li>\n<li><strong>Bezpe\u010dnostn\u00ed opat\u0159en\u00ed pro pou\u017eit\u00ed <\/strong>:\n<ul>\n<li>Vyvarujte se p\u0159ehnojen\u00ed, proto\u017ee nadm\u011brn\u00e9 hnojen\u00ed m\u016f\u017ee v\u00e9st k nadm\u011brn\u00e9mu olist\u011bn\u00ed na \u00fakor kv\u011bt\u016f.<\/li>\n<li>Nepou\u017e\u00edvejte v dob\u011b nejv\u011bt\u0161\u00edho horka nebo na p\u0159\u00edm\u00e9m slunci, abyste zabr\u00e1nili rychl\u00e9mu odpa\u0159ov\u00e1n\u00ed \u017eivin.<\/li>\n<\/ul>\n<\/li>\n<\/ul>\n<p>S t\u00edmto vysoce \u00fa\u010dinn\u00fdm a vyv\u00e1\u017een\u00fdm hnojivem pro kvetouc\u00ed rostliny z\u00edsk\u00e1te kompletn\u00ed a p\u0159izp\u016fsobenou v\u00fd\u017eivu, kter\u00e1 zajist\u00ed bujn\u00e9 a dlouhotrvaj\u00edc\u00ed kveten\u00ed.<\/p>","protected":false},"excerpt":{"rendered":"<p>A fertilizer designed for abundant and vibrant flowering.\u00a0Our flowering fertilizer is specially formulated to stimulate flower production, strengthen stems, and improve the quality of blooms. Thanks to its balanced composition in nitrogen, phosphorus, and potassium (NPK 15-15-15), it provides plants with all the essential nutrients to promote generous flowering, with vibrant and long-lasting colors. Money-back [&hellip;]<\/p>\n","protected":false},"featured_media":25650,"comment_status":"open","ping_status":"closed","template":"","meta":{"_uag_custom_page_level_css":"","site-sidebar-layout":"default","site-content-layout":"","ast-site-content-layout":"default","site-content-style":"default","site-sidebar-style":"default","ast-global-header-display":"","ast-banner-title-visibility":"","ast-main-header-display":"","ast-hfb-above-header-display":"","ast-hfb-below-header-display":"","ast-hfb-mobile-header-display":"","site-post-title":"","ast-breadcrumbs-content":"","ast-featured-img":"","footer-sml-layout":"","ast-disable-related-posts":"","theme-transparent-header-meta":"default","adv-header-id-meta":"","stick-header-meta":"","header-above-stick-meta":"","header-main-stick-meta":"","header-below-stick-meta":"","astra-migrate-meta-layouts":"set","ast-page-background-enabled":"default","ast-page-background-meta":{"desktop":{"background-color":"var(--ast-global-color-4)","background-image":"","background-repeat":"repeat","background-position":"center center","background-size":"auto","background-attachment":"scroll","background-type":"","background-media":"","overlay-type":"","overlay-color":"","overlay-opacity":"","overlay-gradient":""},"tablet":{"background-color":"","background-image":"","background-repeat":"repeat","background-position":"center center","background-size":"auto","background-attachment":"scroll","background-type":"","background-media":"","overlay-type":"","overlay-color":"","overlay-opacity":"","overlay-gradient":""},"mobile":{"background-color":"","background-image":"","background-repeat":"repeat","background-position":"center center","background-size":"auto","background-attachment":"scroll","background-type":"","background-media":"","overlay-type":"","overlay-color":"","overlay-opacity":"","overlay-gradient":""}},"ast-content-background-meta":{"desktop":{"background-color":"var(--ast-global-color-5)","background-image":"","background-repeat":"repeat","background-position":"center center","background-size":"auto","background-attachment":"scroll","background-type":"","background-media":"","overlay-type":"","overlay-color":"","overlay-opacity":"","overlay-gradient":""},"tablet":{"background-color":"var(--ast-global-color-5)","background-image":"","background-repeat":"repeat","background-position":"center center","background-size":"auto","background-attachment":"scroll","background-type":"","background-media":"","overlay-type":"","overlay-color":"","overlay-opacity":"","overlay-gradient":""},"mobile":{"background-color":"var(--ast-global-color-5)","background-image":"","background-repeat":"repeat","background-position":"center center","background-size":"auto","background-attachment":"scroll","background-type":"","background-media":"","overlay-type":"","overlay-color":"","overlay-opacity":"","overlay-gradient":""}}},"product_brand":[],"product_cat":[178],"product_tag":[],"class_list":{"0":"post-23099","1":"product","2":"type-product","3":"status-publish","4":"has-post-thumbnail","6":"product_cat-fertilizers","7":"desktop-align-left","8":"tablet-align-left","9":"mobile-align-left","11":"first","12":"instock","13":"sale","14":"shipping-taxable","15":"purchasable","16":"product-type-variable"},"spectra_custom_meta":{"_visibility":["visible"],"_shopify_product_id":["9073329045749"],"_s2w_shopify_domain":["ferberpainting.myshopify.com"],"_shopify_variant_id":["46524657664245"],"_sku":[""],"_manage_stock":["no"],"total_sales":["6"],"_tax_status":["taxable"],"_tax_class":[""],"_backorders":["no"],"_sold_individually":["no"],"_virtual":["no"],"_downloadable":["no"],"_download_limit":["-1"],"_download_expiry":["-1"],"_stock":[null],"_stock_status":["instock"],"_wc_average_rating":["4.86"],"_wc_review_count":["7"],"_product_attributes":["a:1:{s:6:\"volume\";a:6:{s:4:\"name\";s:6:\"Volume\";s:5:\"value\";s:20:\"5 liters | 25 liters\";s:8:\"position\";i:1;s:10:\"is_visible\";i:0;s:12:\"is_variation\";i:1;s:11:\"is_taxonomy\";i:0;}}"],"_product_version":["10.5.1"],"_thumbnail_id":["25650"],"_product_image_gallery":["25684"],"wpse_downloadable_file_names":[""],"wpse_downloadable_file_urls":[""],"_edit_last":["1"],"_edit_lock":["1771157278:1"],"_price":["29.90","129.90"],"merchant-center-availability":["yes"],"merchant-center-category":["113"],"_wp_page_template":["default"],"site-sidebar-layout":["default"],"ast-site-content-layout":["default"],"site-content-style":["default"],"site-sidebar-style":["default"],"theme-transparent-header-meta":["default"],"_wc_rating_count":["a:2:{i:4;i:1;i:5;i:6;}"],"astra-migrate-meta-layouts":["set"],"_uag_css_file_name":["uag-css-23099.css"],"_elementor_page_assets":["a:0:{}"],"_uag_page_assets":["a:9:{s:3:\"css\";s:6873:\".wp-block-uagb-image{display:flex}.wp-block-uagb-image__figure{position:relative;display:flex;flex-direction:column;max-width:100%;height:auto;margin:0}.wp-block-uagb-image__figure img{height:auto;display:flex;max-width:100%;transition:box-shadow .2s ease}.wp-block-uagb-image__figure>a{display:inline-block}.wp-block-uagb-image__figure figcaption{text-align:center;margin-top:.5em;margin-bottom:1em}.wp-block-uagb-image .components-placeholder.block-editor-media-placeholder .components-placeholder__instructions{align-self:center}.wp-block-uagb-image--align-left{text-align:left}.wp-block-uagb-image--align-right{text-align:right}.wp-block-uagb-image--align-center{text-align:center}.wp-block-uagb-image--align-full .wp-block-uagb-image__figure{margin-left:calc(50% - 50vw);margin-right:calc(50% - 50vw);max-width:100vw;width:100vw;height:auto}.wp-block-uagb-image--align-full .wp-block-uagb-image__figure img{height:auto;width:100% !important}.wp-block-uagb-image--align-wide .wp-block-uagb-image__figure img{height:auto;width:100%}.wp-block-uagb-image--layout-overlay__color-wrapper{position:absolute;left:0;top:0;right:0;bottom:0;opacity:.2;background:rgba(0,0,0,.5);transition:opacity .35s ease-in-out}.wp-block-uagb-image--layout-overlay-link{position:absolute;left:0;right:0;bottom:0;top:0}.wp-block-uagb-image--layout-overlay .wp-block-uagb-image__figure:hover .wp-block-uagb-image--layout-overlay__color-wrapper{opacity:1}.wp-block-uagb-image--layout-overlay__inner{position:absolute;left:15px;right:15px;bottom:15px;top:15px;display:flex;align-items:center;justify-content:center;flex-direction:column;border-color:#fff;transition:.35s ease-in-out}.wp-block-uagb-image--layout-overlay__inner.top-left,.wp-block-uagb-image--layout-overlay__inner.top-center,.wp-block-uagb-image--layout-overlay__inner.top-right{justify-content:flex-start}.wp-block-uagb-image--layout-overlay__inner.bottom-left,.wp-block-uagb-image--layout-overlay__inner.bottom-center,.wp-block-uagb-image--layout-overlay__inner.bottom-right{justify-content:flex-end}.wp-block-uagb-image--layout-overlay__inner.top-left,.wp-block-uagb-image--layout-overlay__inner.center-left,.wp-block-uagb-image--layout-overlay__inner.bottom-left{align-items:flex-start}.wp-block-uagb-image--layout-overlay__inner.top-right,.wp-block-uagb-image--layout-overlay__inner.center-right,.wp-block-uagb-image--layout-overlay__inner.bottom-right{align-items:flex-end}.wp-block-uagb-image--layout-overlay__inner .uagb-image-heading{color:#fff;transition:transform .35s,opacity .35s ease-in-out;transform:translate3d(0, 24px, 0);margin:0;line-height:1em}.wp-block-uagb-image--layout-overlay__inner .uagb-image-separator{width:30%;border-top-width:2px;border-top-color:#fff;border-top-style:solid;margin-bottom:10px;opacity:0;transition:transform .4s,opacity .4s ease-in-out;transform:translate3d(0, 30px, 0)}.wp-block-uagb-image--layout-overlay__inner .uagb-image-caption{opacity:0;overflow:visible;color:#fff;transition:transform .45s,opacity .45s ease-in-out;transform:translate3d(0, 35px, 0)}.wp-block-uagb-image--layout-overlay__inner:hover .uagb-image-heading,.wp-block-uagb-image--layout-overlay__inner:hover .uagb-image-separator,.wp-block-uagb-image--layout-overlay__inner:hover .uagb-image-caption{opacity:1;transform:translate3d(0, 0, 0)}.wp-block-uagb-image--effect-zoomin .wp-block-uagb-image__figure img,.wp-block-uagb-image--effect-zoomin .wp-block-uagb-image__figure .wp-block-uagb-image--layout-overlay__color-wrapper{transform:scale(1);transition:transform .35s ease-in-out}.wp-block-uagb-image--effect-zoomin .wp-block-uagb-image__figure:hover img,.wp-block-uagb-image--effect-zoomin .wp-block-uagb-image__figure:hover .wp-block-uagb-image--layout-overlay__color-wrapper{transform:scale(1.05)}.wp-block-uagb-image--effect-slide .wp-block-uagb-image__figure img,.wp-block-uagb-image--effect-slide .wp-block-uagb-image__figure .wp-block-uagb-image--layout-overlay__color-wrapper{width:calc(100% + 40px) !important;max-width:none !important;transform:translate3d(-40px, 0, 0);transition:transform .35s ease-in-out}.wp-block-uagb-image--effect-slide .wp-block-uagb-image__figure:hover img,.wp-block-uagb-image--effect-slide .wp-block-uagb-image__figure:hover .wp-block-uagb-image--layout-overlay__color-wrapper{transform:translate3d(0, 0, 0)}.wp-block-uagb-image--effect-grayscale img{filter:grayscale(0%);transition:.35s ease-in-out}.wp-block-uagb-image--effect-grayscale:hover img{filter:grayscale(100%)}.wp-block-uagb-image--effect-blur img{filter:blur(0);transition:.35s ease-in-out}.wp-block-uagb-image--effect-blur:hover img{filter:blur(3px)}.uagb-block-e6f939b3.wp-block-uagb-image--layout-default figure img{box-shadow: 0px 0px 0 #00000070;}.uagb-block-e6f939b3.wp-block-uagb-image .wp-block-uagb-image__figure figcaption{font-style: normal;align-self: center;}.uagb-block-e6f939b3.wp-block-uagb-image--layout-overlay figure img{box-shadow: 0px 0px 0 #00000070;}.uagb-block-e6f939b3.wp-block-uagb-image--layout-overlay .wp-block-uagb-image--layout-overlay__color-wrapper{opacity: 0.2;}.uagb-block-e6f939b3.wp-block-uagb-image--layout-overlay .wp-block-uagb-image--layout-overlay__inner{left: 15px;right: 15px;top: 15px;bottom: 15px;}.uagb-block-e6f939b3.wp-block-uagb-image--layout-overlay .wp-block-uagb-image--layout-overlay__inner .uagb-image-heading{font-style: normal;color: #fff;opacity: 1;}.uagb-block-e6f939b3.wp-block-uagb-image--layout-overlay .wp-block-uagb-image--layout-overlay__inner .uagb-image-heading a{color: #fff;}.uagb-block-e6f939b3.wp-block-uagb-image--layout-overlay .wp-block-uagb-image--layout-overlay__inner .uagb-image-caption{opacity: 0;}.uagb-block-e6f939b3.wp-block-uagb-image--layout-overlay .wp-block-uagb-image__figure:hover .wp-block-uagb-image--layout-overlay__color-wrapper{opacity: 1;}.uagb-block-e6f939b3.wp-block-uagb-image .wp-block-uagb-image--layout-overlay__inner .uagb-image-separator{width: 30%;border-top-width: 2px;border-top-color: #fff;opacity: 0;}.uagb-block-e6f939b3.wp-block-uagb-image .wp-block-uagb-image__figure img{width: px;height: auto;}.uagb-block-e6f939b3.wp-block-uagb-image .wp-block-uagb-image__figure:hover .wp-block-uagb-image--layout-overlay__inner .uagb-image-caption{opacity: 1;}.uagb-block-e6f939b3.wp-block-uagb-image .wp-block-uagb-image__figure:hover .wp-block-uagb-image--layout-overlay__inner .uagb-image-separator{opacity: 1;}.uagb-block-e6f939b3.wp-block-uagb-image--layout-default figure:hover img{box-shadow: 0px 0px 0 #00000070;}.uagb-block-e6f939b3.wp-block-uagb-image--layout-overlay figure:hover img{box-shadow: 0px 0px 0 #00000070;}@media only screen and (max-width: 976px) {.uagb-block-e6f939b3.wp-block-uagb-image .wp-block-uagb-image__figure img{width: px;height: auto;}}@media only screen and (max-width: 767px) {.uagb-block-e6f939b3.wp-block-uagb-image .wp-block-uagb-image__figure img{width: px;height: auto;}}\";s:2:\"js\";s:0:\"\";s:18:\"current_block_list\";a:13:{i:0;s:11:\"core\/search\";i:1;s:10:\"core\/group\";i:2;s:12:\"core\/heading\";i:3;s:17:\"core\/latest-posts\";i:4;s:20:\"core\/latest-comments\";i:5;s:13:\"core\/archives\";i:6;s:15:\"core\/categories\";i:7;s:14:\"core\/paragraph\";i:8;s:10:\"uagb\/image\";i:9;s:11:\"core\/spacer\";i:10;s:30:\"woocommerce\/product-categories\";i:11;s:10:\"core\/image\";i:12;s:14:\"core\/shortcode\";}s:8:\"uag_flag\";b:1;s:11:\"uag_version\";s:10:\"1777096544\";s:6:\"gfonts\";a:0:{}s:10:\"gfonts_url\";s:0:\"\";s:12:\"gfonts_files\";a:0:{}s:14:\"uag_faq_layout\";b:0;}"]},"uagb_featured_image_src":{"full":["https:\/\/www.ferberpainting.com\/wp-content\/uploads\/2025\/05\/BloomandFloweringFertilizer5L.png",2560,2560,false],"thumbnail":["https:\/\/www.ferberpainting.com\/wp-content\/uploads\/2025\/05\/BloomandFloweringFertilizer5L-150x150.png",150,150,true],"medium":["https:\/\/www.ferberpainting.com\/wp-content\/uploads\/2025\/05\/BloomandFloweringFertilizer5L-300x300.png",300,300,true],"medium_large":["https:\/\/www.ferberpainting.com\/wp-content\/uploads\/2025\/05\/BloomandFloweringFertilizer5L-768x768.png",768,768,true],"large":["https:\/\/www.ferberpainting.com\/wp-content\/uploads\/2025\/05\/BloomandFloweringFertilizer5L-1024x1024.png",1024,1024,true],"1536x1536":["https:\/\/www.ferberpainting.com\/wp-content\/uploads\/2025\/05\/BloomandFloweringFertilizer5L-1536x1536.png",1536,1536,true],"2048x2048":["https:\/\/www.ferberpainting.com\/wp-content\/uploads\/2025\/05\/BloomandFloweringFertilizer5L-2048x2048.png",2048,2048,true],"trp-custom-language-flag":["https:\/\/www.ferberpainting.com\/wp-content\/uploads\/2025\/05\/BloomandFloweringFertilizer5L-12x12.png",12,12,true],"woocommerce_thumbnail":["https:\/\/www.ferberpainting.com\/wp-content\/uploads\/2025\/05\/BloomandFloweringFertilizer5L-300x300.png",300,300,true],"woocommerce_single":["https:\/\/www.ferberpainting.com\/wp-content\/uploads\/2025\/05\/BloomandFloweringFertilizer5L-600x600.png",600,600,true],"woocommerce_gallery_thumbnail":["https:\/\/www.ferberpainting.com\/wp-content\/uploads\/2025\/05\/BloomandFloweringFertilizer5L-100x100.png",100,100,true]},"uagb_author_info":{"display_name":"admin","author_link":"https:\/\/www.ferberpainting.com\/cz\/author\/"},"uagb_comment_info":7,"uagb_excerpt":"A fertilizer designed for abundant and vibrant flowering.\u00a0Our flowering fertilizer is specially formulated to stimulate flower production, strengthen stems, and improve the quality of blooms. Thanks to its balanced composition in nitrogen, phosphorus, and potassium (NPK 15-15-15), it provides plants with all the essential nutrients to promote generous flowering, with vibrant and long-lasting colors. Money-back&hellip;","_links":{"self":[{"href":"https:\/\/www.ferberpainting.com\/cz\/wp-json\/wp\/v2\/product\/23099","targetHints":{"allow":["GET"]}}],"collection":[{"href":"https:\/\/www.ferberpainting.com\/cz\/wp-json\/wp\/v2\/product"}],"about":[{"href":"https:\/\/www.ferberpainting.com\/cz\/wp-json\/wp\/v2\/types\/product"}],"replies":[{"embeddable":true,"href":"https:\/\/www.ferberpainting.com\/cz\/wp-json\/wp\/v2\/comments?post=23099"}],"version-history":[{"count":5,"href":"https:\/\/www.ferberpainting.com\/cz\/wp-json\/wp\/v2\/product\/23099\/revisions"}],"predecessor-version":[{"id":166041,"href":"https:\/\/www.ferberpainting.com\/cz\/wp-json\/wp\/v2\/product\/23099\/revisions\/166041"}],"wp:featuredmedia":[{"embeddable":true,"href":"https:\/\/www.ferberpainting.com\/cz\/wp-json\/wp\/v2\/media\/25650"}],"wp:attachment":[{"href":"https:\/\/www.ferberpainting.com\/cz\/wp-json\/wp\/v2\/media?parent=23099"}],"wp:term":[{"taxonomy":"product_brand","embeddable":true,"href":"https:\/\/www.ferberpainting.com\/cz\/wp-json\/wp\/v2\/product_brand?post=23099"},{"taxonomy":"product_cat","embeddable":true,"href":"https:\/\/www.ferberpainting.com\/cz\/wp-json\/wp\/v2\/product_cat?post=23099"},{"taxonomy":"product_tag","embeddable":true,"href":"https:\/\/www.ferberpainting.com\/cz\/wp-json\/wp\/v2\/product_tag?post=23099"}],"curies":[{"name":"wp","href":"https:\/\/api.w.org\/{rel}","templated":true}]}}