{"id":23040,"date":"2025-05-26T10:22:20","date_gmt":"2025-05-26T08:22:20","guid":{"rendered":"https:\/\/www.ferberpainting.com\/products\/air-dry-clay-varnish\/"},"modified":"2026-02-24T18:40:15","modified_gmt":"2026-02-24T17:40:15","slug":"air-dry-clay-varnish","status":"publish","type":"product","link":"https:\/\/www.ferberpainting.com\/cz\/products\/air-dry-clay-varnish\/","title":{"rendered":"Lak na samoschnouc\u00ed hl\u00ednu"},"content":{"rendered":"<p><img decoding=\"async\" style=\"margin-right: 12px;\" src=\"https:\/\/www.ferberpainting.com\/wp-content\/uploads\/2026\/02\/Check.svg\" alt=\"\" width=\"18\" height=\"15\" \/><strong>Optim\u00e1ln\u00ed ochrana a povrchov\u00e1 \u00faprava pro<\/strong> <strong>samotvrdnouc\u00ed hl\u00edna.<\/strong>\u00a0Tento lak speci\u00e1ln\u011b navr\u017een\u00fd pro samotvrdnouc\u00ed hl\u00ednu poskytuje trvanlivou a odolnou povrchovou \u00fapravu v\u00fdtvor\u016f vyroben\u00fdch bez vypalov\u00e1n\u00ed. \u00da\u010dinn\u011b chr\u00e1n\u00ed povrch p\u0159ed vlhkost\u00ed, prachem a opot\u0159eben\u00edm a z\u00e1rove\u0148 zv\u00fdraz\u0148uje detaily a textury modelu. Nab\u00edz\u00ed sat\u00e9nov\u00fd, matn\u00fd nebo leskl\u00fd povrch v z\u00e1vislosti na aplikaci a po\u010dtu vrstev.<\/p>\n<p><img decoding=\"async\" style=\"margin-right: 12px;\" src=\"https:\/\/www.ferberpainting.com\/wp-content\/uploads\/2026\/02\/Check.svg\" alt=\"\" width=\"18\" height=\"15\" \/><strong>Z\u00e1ruka vr\u00e1cen\u00ed pen\u011bz. <\/strong>M\u00e1me naprostou d\u016fv\u011bru v n\u00e1\u0161 lak ur\u010den\u00fd pro samotvrdnouc\u00ed hl\u00ednu. Proto nab\u00edz\u00edme z\u00e1ruku vr\u00e1cen\u00ed pen\u011bz. Pokud v\u00fdrobek po aplikaci podle doporu\u010den\u00ed nespln\u00ed va\u0161e o\u010dek\u00e1v\u00e1n\u00ed, m\u016f\u017eete po\u017e\u00e1dat o vr\u00e1cen\u00ed pen\u011bz bez jak\u00fdchkoli podm\u00ednek, \u010d\u00edm\u017e si zajist\u00edte n\u00e1kup bez starost\u00ed.<\/p>\n<p><img decoding=\"async\" style=\"margin-right: 12px;\" src=\"https:\/\/www.ferberpainting.com\/wp-content\/uploads\/2026\/02\/Check.svg\" alt=\"\" width=\"18\" height=\"15\" \/><strong>Kompatibiln\u00ed s r\u016fzn\u00fdmi typy por\u00e9zn\u00edch materi\u00e1l\u016f.<\/strong>\u00a0Tento lak se neomezuje pouze na samotvrdnouc\u00ed hl\u00ednu, ale je vhodn\u00fd i pro jin\u00e9 por\u00e9zn\u00ed materi\u00e1ly, jako je om\u00edtka, cement, terakota a n\u011bkter\u00e9 p\u0159\u00edrodn\u00ed kameny. Je ide\u00e1ln\u00ed pro ut\u011bsn\u011bn\u00ed a ochranu v\u0161ech typ\u016f \u0159emesln\u00fdch v\u00fdtvor\u016f, soch a ru\u010dn\u011b vyr\u00e1b\u011bn\u00fdch dekorativn\u00edch p\u0159edm\u011bt\u016f.<\/p>\n<p><img decoding=\"async\" style=\"margin-right: 12px;\" src=\"https:\/\/www.ferberpainting.com\/wp-content\/uploads\/2026\/02\/Check.svg\" alt=\"\" width=\"18\" height=\"15\" \/> <strong>\u00dasporn\u00fd v\u00fdnos a optimalizovan\u00e1 aplikace.<\/strong>\u00a0D\u00edky sv\u00e9mu koncentrovan\u00e9mu slo\u017een\u00ed pokryje 1 litr laku 8 a\u017e 12 m\u00b2 v z\u00e1vislosti na p\u00f3rovitosti povrchu a tlou\u0161\u0165ce nanesen\u00fdch vrstev. Pro dobrou ochranu posta\u010d\u00ed jedna vrstva a pro lep\u0161\u00ed penetraci na velmi sav\u00fdch povr\u0161\u00edch lze v\u00fdrobek m\u00edrn\u011b na\u0159edit.<\/p>\n<p><img decoding=\"async\" style=\"margin-right: 12px;\" src=\"https:\/\/www.ferberpainting.com\/wp-content\/uploads\/2026\/02\/Check.svg\" alt=\"\" width=\"18\" height=\"15\" \/><strong>Bezpe\u010dn\u00fd, netoxick\u00fd v\u00fdrobek.<\/strong>\u00a0Tento lak neobsahuje agresivn\u00ed rozpou\u0161t\u011bdla a neuvol\u0148uje toxick\u00e9 v\u00fdpary, co\u017e zaru\u010duje bezpe\u010dn\u00e9 pou\u017eit\u00ed v interi\u00e9ru i exteri\u00e9ru. Je bez z\u00e1pachu a lze jej nan\u00e1\u0161et v uzav\u0159en\u00fdch prostor\u00e1ch bez speci\u00e1ln\u00edch ochrann\u00fdch pom\u016fcek, co\u017e z n\u011bj \u010din\u00ed ide\u00e1ln\u00ed volbu pro um\u011blce, \u0159emesln\u00edky a kon\u00ed\u010dk\u00e1\u0159e.<\/p>\n<p><img decoding=\"async\" style=\"margin-right: 12px;\" src=\"https:\/\/www.ferberpainting.com\/wp-content\/uploads\/2026\/02\/Check.svg\" alt=\"\" width=\"18\" height=\"15\" \/><strong>Snadn\u00e1 aplikace pro jednotn\u00fd povrch.<\/strong>\u00a0Tento lak je p\u0159ipraven k pou\u017eit\u00ed a snadno se nan\u00e1\u0161\u00ed \u0161t\u011btcem, houbou nebo m\u011bkk\u00fdm had\u0159\u00edkem, co\u017e umo\u017e\u0148uje rovnom\u011brn\u00e9 rozlo\u017een\u00ed bez viditeln\u00fdch stop po \u0161t\u011btci. Rychle zasych\u00e1 a umo\u017e\u0148uje nan\u00e1\u0161et dal\u0161\u00ed vrstvy pro zv\u00fd\u0161en\u00ed ochrany nebo \u00fapravu povrchov\u00e9 \u00fapravy podle pot\u0159eby.<\/p>\n<p><img decoding=\"async\" style=\"margin-right: 12px;\" src=\"https:\/\/www.ferberpainting.com\/wp-content\/uploads\/2026\/02\/Check.svg\" alt=\"\" width=\"18\" height=\"15\" \/><strong>Trvanlivost a zes\u00edlen\u00e1 odolnost pro va\u0161e v\u00fdtvory.<\/strong>\u00a0Po nanesen\u00ed a zaschnut\u00ed poskytuje tento lak dlouhotrvaj\u00edc\u00ed ochranu proti vod\u011b, skvrn\u00e1m a ka\u017edodenn\u00edmu opot\u0159eben\u00ed a prodlu\u017euje trvanlivost a pevnost hlin\u011bn\u00fdch v\u00fdtvor\u016f. Zpev\u0148uje tak\u00e9 strukturu p\u0159edm\u011bt\u016f, \u010d\u00edm\u017e sni\u017euje jejich k\u0159ehkost a omezuje riziko prask\u00e1n\u00ed v pr\u016fb\u011bhu \u010dasu.<\/p>\n<p><img decoding=\"async\" style=\"margin-right: 12px;\" src=\"https:\/\/www.ferberpainting.com\/wp-content\/uploads\/2026\/02\/Check.svg\" alt=\"\" width=\"18\" height=\"15\" \/><strong>Rychl\u00e9 schnut\u00ed pro expresn\u00ed povrchovou \u00fapravu.<\/strong>\u00a0D\u00edky sv\u00e9mu rychleschnouc\u00edmu slo\u017een\u00ed zasych\u00e1 tento lak na povrchu za 30 a\u017e 60 minut a maxim\u00e1ln\u00ed pevnosti dosahuje po 24 hodin\u00e1ch. Urychluje proces povrchov\u00e9 \u00fapravy p\u0159edm\u011bt\u016f ze samotvrdnouc\u00ed hl\u00edny, \u010d\u00edm\u017e eliminuje dlouh\u00e9 \u010dekac\u00ed doby p\u0159ed manipulac\u00ed s p\u0159edm\u011btem nebo jeho vystaven\u00edm.<\/p>\n<h2><strong>Protokol o pou\u017eit\u00ed<\/strong><\/h2>\n<ul>\n<li><strong>P\u0159\u00edprava povrchu <\/strong>: P\u0159ed nanesen\u00edm laku se ujist\u011bte, \u017ee je povrch samotvrdnouc\u00ed hl\u00edny zcela such\u00fd. P\u0159\u00edpadn\u00fd prach nebo zbytky odstra\u0148te such\u00fdm had\u0159\u00edkem nebo \u010dist\u00fdm \u0161t\u011btcem, abyste zajistili optim\u00e1ln\u00ed p\u0159ilnavost.<\/li>\n<li><strong>Doporu\u010den\u00e9 pokryt\u00ed <\/strong>: Aplikujte 1 litr na 8 a\u017e 12 m\u00b2 v z\u00e1vislosti na p\u00f3rovitosti materi\u00e1lu. K ochran\u011b povrchu sta\u010d\u00ed jedna tenk\u00e1 vrstva, i kdy\u017e v\u00edce vrstev m\u016f\u017ee zv\u00fd\u0161it nepropustnost a estetick\u00fd efekt.<\/li>\n<li><strong>Nan\u00e1\u0161en\u00ed laku <\/strong>: Lak nan\u00e1\u0161ejte m\u011bkk\u00fdm \u0161t\u011btcem, houbou nebo m\u011bkk\u00fdm had\u0159\u00edkem rovnom\u011brn\u00fdmi tahy, aby byl produkt rovnom\u011brn\u011b rozet\u0159en. Pracujte v tenk\u00fdch vrstv\u00e1ch, abyste zabr\u00e1nili nadm\u011brn\u00e9mu n\u00e1nosu a dos\u00e1hli homogenn\u00edho povrchu.<\/li>\n<li><strong>Doba su\u0161en\u00ed <\/strong>: P\u0159ed p\u0159\u00edpadn\u00fdm nanesen\u00edm druh\u00e9 vrstvy nechte prvn\u00ed vrstvu 30 a\u017e 60 minut zaschnout. Pro \u00fapln\u00e9 zaschnut\u00ed a maxim\u00e1ln\u00ed odolnost vy\u010dkejte 24 hodin p\u0159ed manipulac\u00ed nebo del\u0161\u00edm vystaven\u00edm p\u0159edm\u011btu.<\/li>\n<li><strong>\u00daprava povrchov\u00e9 \u00fapravy <\/strong>: Pro dosa\u017een\u00ed lesklej\u0161\u00edho efektu naneste druhou nebo t\u0159et\u00ed vrstvu po zaschnut\u00ed p\u0159edchoz\u00ed vrstvy. Pro dosa\u017een\u00ed matn\u00e9ho povrchu posledn\u00ed vrstvu po \u00fapln\u00e9m zaschnut\u00ed lehce p\u0159ebruste m\u011bkk\u00fdm had\u0159\u00edkem.<\/li>\n<li><strong>N\u00e1stroje na \u010di\u0161t\u011bn\u00ed <\/strong>: Ihned po aplikaci o\u010dist\u011bte \u0161t\u011btce, houbi\u010dky a ut\u011brky \u010distou vodou, abyste zabr\u00e1nili ztvrdnut\u00ed v\u00fdrobku na n\u00e1\u0159ad\u00ed a zajistili jejich op\u011btovn\u00e9 pou\u017eit\u00ed pro dal\u0161\u00ed projekty.<\/li>\n<\/ul>\n<p>&nbsp;<\/p>","protected":false},"excerpt":{"rendered":"<p>Optimal protection and finish for self-hardening clay.\u00a0This varnish specially designed for self-hardening clay provides a durable, resistant finish to creations made without baking. It effectively protects the surface against humidity, dust, and wear, while enhancing details and textures of the model. It offers a satin, matte, or glossy finish depending on application and the number [&hellip;]<\/p>\n","protected":false},"featured_media":23444,"comment_status":"open","ping_status":"closed","template":"","meta":{"_uag_custom_page_level_css":"","site-sidebar-layout":"default","site-content-layout":"","ast-site-content-layout":"default","site-content-style":"default","site-sidebar-style":"default","ast-global-header-display":"","ast-banner-title-visibility":"","ast-main-header-display":"","ast-hfb-above-header-display":"","ast-hfb-below-header-display":"","ast-hfb-mobile-header-display":"","site-post-title":"","ast-breadcrumbs-content":"","ast-featured-img":"","footer-sml-layout":"","ast-disable-related-posts":"","theme-transparent-header-meta":"default","adv-header-id-meta":"","stick-header-meta":"","header-above-stick-meta":"","header-main-stick-meta":"","header-below-stick-meta":"","astra-migrate-meta-layouts":"set","ast-page-background-enabled":"default","ast-page-background-meta":{"desktop":{"background-color":"var(--ast-global-color-4)","background-image":"","background-repeat":"repeat","background-position":"center center","background-size":"auto","background-attachment":"scroll","background-type":"","background-media":"","overlay-type":"","overlay-color":"","overlay-opacity":"","overlay-gradient":""},"tablet":{"background-color":"","background-image":"","background-repeat":"repeat","background-position":"center center","background-size":"auto","background-attachment":"scroll","background-type":"","background-media":"","overlay-type":"","overlay-color":"","overlay-opacity":"","overlay-gradient":""},"mobile":{"background-color":"","background-image":"","background-repeat":"repeat","background-position":"center center","background-size":"auto","background-attachment":"scroll","background-type":"","background-media":"","overlay-type":"","overlay-color":"","overlay-opacity":"","overlay-gradient":""}},"ast-content-background-meta":{"desktop":{"background-color":"var(--ast-global-color-5)","background-image":"","background-repeat":"repeat","background-position":"center center","background-size":"auto","background-attachment":"scroll","background-type":"","background-media":"","overlay-type":"","overlay-color":"","overlay-opacity":"","overlay-gradient":""},"tablet":{"background-color":"var(--ast-global-color-5)","background-image":"","background-repeat":"repeat","background-position":"center center","background-size":"auto","background-attachment":"scroll","background-type":"","background-media":"","overlay-type":"","overlay-color":"","overlay-opacity":"","overlay-gradient":""},"mobile":{"background-color":"var(--ast-global-color-5)","background-image":"","background-repeat":"repeat","background-position":"center center","background-size":"auto","background-attachment":"scroll","background-type":"","background-media":"","overlay-type":"","overlay-color":"","overlay-opacity":"","overlay-gradient":""}}},"product_brand":[],"product_cat":[190],"product_tag":[],"class_list":{"0":"post-23040","1":"product","2":"type-product","3":"status-publish","4":"has-post-thumbnail","6":"product_cat-varnish","7":"desktop-align-left","8":"tablet-align-left","9":"mobile-align-left","11":"first","12":"instock","13":"sale","14":"shipping-taxable","15":"purchasable","16":"product-type-variable","17":"has-default-attributes"},"spectra_custom_meta":{"_visibility":["visible"],"_shopify_product_id":["9060510728437"],"_s2w_shopify_domain":["ferberpainting.myshopify.com"],"_shopify_variant_id":["46483478675701"],"_sku":["FPAIRDRYCLAYVARNISH"],"_manage_stock":["no"],"total_sales":["30"],"_tax_status":["taxable"],"_tax_class":[""],"_backorders":["no"],"_sold_individually":["no"],"_virtual":["no"],"_downloadable":["no"],"_download_limit":["-1"],"_download_expiry":["-1"],"_stock":[null],"_stock_status":["instock"],"_wc_average_rating":["4.75"],"_wc_review_count":["8"],"_product_attributes":["a:1:{s:6:\"volume\";a:6:{s:4:\"name\";s:6:\"Volume\";s:5:\"value\";s:30:\"1 liter | 5 liters | 20 liters\";s:8:\"position\";i:1;s:10:\"is_visible\";i:0;s:12:\"is_variation\";i:1;s:11:\"is_taxonomy\";i:0;}}"],"_product_version":["10.5.2"],"_thumbnail_id":["23444"],"_product_image_gallery":["23496,23553"],"_edit_lock":["1771954850:1"],"_edit_last":["1"],"_wp_page_template":["default"],"site-sidebar-layout":["default"],"ast-site-content-layout":["default"],"site-content-style":["default"],"site-sidebar-style":["default"],"theme-transparent-header-meta":["default"],"wpse_downloadable_file_names":[""],"wpse_downloadable_file_urls":[""],"_default_attributes":["a:1:{s:6:\"volume\";s:7:\"1 liter\";}"],"merchant-center-availability":["yes"],"merchant-center-category":["503738"],"_price":["29.90","129.90","499.90"],"_wc_rating_count":["a:2:{i:4;i:2;i:5;i:6;}"],"astra-migrate-meta-layouts":["set"],"_uag_css_file_name":["uag-css-23040.css"],"_elementor_page_assets":["a:0:{}"],"_uag_page_assets":["a:9:{s:3:\"css\";s:7133:\".uag-blocks-common-selector{z-index:var(--z-index-desktop) !important}@media(max-width: 976px){.uag-blocks-common-selector{z-index:var(--z-index-tablet) !important}}@media(max-width: 767px){.uag-blocks-common-selector{z-index:var(--z-index-mobile) !important}}.wp-block-uagb-image{display:flex}.wp-block-uagb-image__figure{position:relative;display:flex;flex-direction:column;max-width:100%;height:auto;margin:0}.wp-block-uagb-image__figure img{height:auto;display:flex;max-width:100%;transition:box-shadow .2s ease}.wp-block-uagb-image__figure>a{display:inline-block}.wp-block-uagb-image__figure figcaption{text-align:center;margin-top:.5em;margin-bottom:1em}.wp-block-uagb-image .components-placeholder.block-editor-media-placeholder .components-placeholder__instructions{align-self:center}.wp-block-uagb-image--align-left{text-align:left}.wp-block-uagb-image--align-right{text-align:right}.wp-block-uagb-image--align-center{text-align:center}.wp-block-uagb-image--align-full .wp-block-uagb-image__figure{margin-left:calc(50% - 50vw);margin-right:calc(50% - 50vw);max-width:100vw;width:100vw;height:auto}.wp-block-uagb-image--align-full .wp-block-uagb-image__figure img{height:auto;width:100% !important}.wp-block-uagb-image--align-wide .wp-block-uagb-image__figure img{height:auto;width:100%}.wp-block-uagb-image--layout-overlay__color-wrapper{position:absolute;left:0;top:0;right:0;bottom:0;opacity:.2;background:rgba(0,0,0,.5);transition:opacity .35s ease-in-out}.wp-block-uagb-image--layout-overlay-link{position:absolute;left:0;right:0;bottom:0;top:0}.wp-block-uagb-image--layout-overlay .wp-block-uagb-image__figure:hover .wp-block-uagb-image--layout-overlay__color-wrapper{opacity:1}.wp-block-uagb-image--layout-overlay__inner{position:absolute;left:15px;right:15px;bottom:15px;top:15px;display:flex;align-items:center;justify-content:center;flex-direction:column;border-color:#fff;transition:.35s ease-in-out}.wp-block-uagb-image--layout-overlay__inner.top-left,.wp-block-uagb-image--layout-overlay__inner.top-center,.wp-block-uagb-image--layout-overlay__inner.top-right{justify-content:flex-start}.wp-block-uagb-image--layout-overlay__inner.bottom-left,.wp-block-uagb-image--layout-overlay__inner.bottom-center,.wp-block-uagb-image--layout-overlay__inner.bottom-right{justify-content:flex-end}.wp-block-uagb-image--layout-overlay__inner.top-left,.wp-block-uagb-image--layout-overlay__inner.center-left,.wp-block-uagb-image--layout-overlay__inner.bottom-left{align-items:flex-start}.wp-block-uagb-image--layout-overlay__inner.top-right,.wp-block-uagb-image--layout-overlay__inner.center-right,.wp-block-uagb-image--layout-overlay__inner.bottom-right{align-items:flex-end}.wp-block-uagb-image--layout-overlay__inner .uagb-image-heading{color:#fff;transition:transform .35s,opacity .35s ease-in-out;transform:translate3d(0, 24px, 0);margin:0;line-height:1em}.wp-block-uagb-image--layout-overlay__inner .uagb-image-separator{width:30%;border-top-width:2px;border-top-color:#fff;border-top-style:solid;margin-bottom:10px;opacity:0;transition:transform .4s,opacity .4s ease-in-out;transform:translate3d(0, 30px, 0)}.wp-block-uagb-image--layout-overlay__inner .uagb-image-caption{opacity:0;overflow:visible;color:#fff;transition:transform .45s,opacity .45s ease-in-out;transform:translate3d(0, 35px, 0)}.wp-block-uagb-image--layout-overlay__inner:hover .uagb-image-heading,.wp-block-uagb-image--layout-overlay__inner:hover .uagb-image-separator,.wp-block-uagb-image--layout-overlay__inner:hover .uagb-image-caption{opacity:1;transform:translate3d(0, 0, 0)}.wp-block-uagb-image--effect-zoomin .wp-block-uagb-image__figure img,.wp-block-uagb-image--effect-zoomin .wp-block-uagb-image__figure .wp-block-uagb-image--layout-overlay__color-wrapper{transform:scale(1);transition:transform .35s ease-in-out}.wp-block-uagb-image--effect-zoomin .wp-block-uagb-image__figure:hover img,.wp-block-uagb-image--effect-zoomin .wp-block-uagb-image__figure:hover .wp-block-uagb-image--layout-overlay__color-wrapper{transform:scale(1.05)}.wp-block-uagb-image--effect-slide .wp-block-uagb-image__figure img,.wp-block-uagb-image--effect-slide .wp-block-uagb-image__figure .wp-block-uagb-image--layout-overlay__color-wrapper{width:calc(100% + 40px) !important;max-width:none !important;transform:translate3d(-40px, 0, 0);transition:transform .35s ease-in-out}.wp-block-uagb-image--effect-slide .wp-block-uagb-image__figure:hover img,.wp-block-uagb-image--effect-slide .wp-block-uagb-image__figure:hover .wp-block-uagb-image--layout-overlay__color-wrapper{transform:translate3d(0, 0, 0)}.wp-block-uagb-image--effect-grayscale img{filter:grayscale(0%);transition:.35s ease-in-out}.wp-block-uagb-image--effect-grayscale:hover img{filter:grayscale(100%)}.wp-block-uagb-image--effect-blur img{filter:blur(0);transition:.35s ease-in-out}.wp-block-uagb-image--effect-blur:hover img{filter:blur(3px)}.uagb-block-e6f939b3.wp-block-uagb-image--layout-default figure img{box-shadow: 0px 0px 0 #00000070;}.uagb-block-e6f939b3.wp-block-uagb-image .wp-block-uagb-image__figure figcaption{font-style: normal;align-self: center;}.uagb-block-e6f939b3.wp-block-uagb-image--layout-overlay figure img{box-shadow: 0px 0px 0 #00000070;}.uagb-block-e6f939b3.wp-block-uagb-image--layout-overlay .wp-block-uagb-image--layout-overlay__color-wrapper{opacity: 0.2;}.uagb-block-e6f939b3.wp-block-uagb-image--layout-overlay .wp-block-uagb-image--layout-overlay__inner{left: 15px;right: 15px;top: 15px;bottom: 15px;}.uagb-block-e6f939b3.wp-block-uagb-image--layout-overlay .wp-block-uagb-image--layout-overlay__inner .uagb-image-heading{font-style: normal;color: #fff;opacity: 1;}.uagb-block-e6f939b3.wp-block-uagb-image--layout-overlay .wp-block-uagb-image--layout-overlay__inner .uagb-image-heading a{color: #fff;}.uagb-block-e6f939b3.wp-block-uagb-image--layout-overlay .wp-block-uagb-image--layout-overlay__inner .uagb-image-caption{opacity: 0;}.uagb-block-e6f939b3.wp-block-uagb-image--layout-overlay .wp-block-uagb-image__figure:hover .wp-block-uagb-image--layout-overlay__color-wrapper{opacity: 1;}.uagb-block-e6f939b3.wp-block-uagb-image .wp-block-uagb-image--layout-overlay__inner .uagb-image-separator{width: 30%;border-top-width: 2px;border-top-color: #fff;opacity: 0;}.uagb-block-e6f939b3.wp-block-uagb-image .wp-block-uagb-image__figure img{width: px;height: auto;}.uagb-block-e6f939b3.wp-block-uagb-image .wp-block-uagb-image__figure:hover .wp-block-uagb-image--layout-overlay__inner .uagb-image-caption{opacity: 1;}.uagb-block-e6f939b3.wp-block-uagb-image .wp-block-uagb-image__figure:hover .wp-block-uagb-image--layout-overlay__inner .uagb-image-separator{opacity: 1;}.uagb-block-e6f939b3.wp-block-uagb-image--layout-default figure:hover img{box-shadow: 0px 0px 0 #00000070;}.uagb-block-e6f939b3.wp-block-uagb-image--layout-overlay figure:hover img{box-shadow: 0px 0px 0 #00000070;}@media only screen and (max-width: 976px) {.uagb-block-e6f939b3.wp-block-uagb-image .wp-block-uagb-image__figure img{width: px;height: auto;}}@media only screen and (max-width: 767px) {.uagb-block-e6f939b3.wp-block-uagb-image .wp-block-uagb-image__figure img{width: px;height: auto;}}\";s:2:\"js\";s:0:\"\";s:18:\"current_block_list\";a:13:{i:0;s:11:\"core\/search\";i:1;s:10:\"core\/group\";i:2;s:12:\"core\/heading\";i:3;s:17:\"core\/latest-posts\";i:4;s:20:\"core\/latest-comments\";i:5;s:13:\"core\/archives\";i:6;s:15:\"core\/categories\";i:7;s:14:\"core\/paragraph\";i:8;s:10:\"uagb\/image\";i:9;s:11:\"core\/spacer\";i:10;s:30:\"woocommerce\/product-categories\";i:11;s:10:\"core\/image\";i:12;s:14:\"core\/shortcode\";}s:8:\"uag_flag\";b:1;s:11:\"uag_version\";s:10:\"1777094173\";s:6:\"gfonts\";a:0:{}s:10:\"gfonts_url\";s:0:\"\";s:12:\"gfonts_files\";a:0:{}s:14:\"uag_faq_layout\";b:0;}"]},"uagb_featured_image_src":{"full":["https:\/\/www.ferberpainting.com\/wp-content\/uploads\/2025\/05\/Air-DryClayVarnish_1L.png",2560,2276,false],"thumbnail":["https:\/\/www.ferberpainting.com\/wp-content\/uploads\/2025\/05\/Air-DryClayVarnish_1L-150x150.png",150,150,true],"medium":["https:\/\/www.ferberpainting.com\/wp-content\/uploads\/2025\/05\/Air-DryClayVarnish_1L-300x267.png",300,267,true],"medium_large":["https:\/\/www.ferberpainting.com\/wp-content\/uploads\/2025\/05\/Air-DryClayVarnish_1L-768x683.png",768,683,true],"large":["https:\/\/www.ferberpainting.com\/wp-content\/uploads\/2025\/05\/Air-DryClayVarnish_1L-1024x910.png",1024,910,true],"1536x1536":["https:\/\/www.ferberpainting.com\/wp-content\/uploads\/2025\/05\/Air-DryClayVarnish_1L-1536x1366.png",1536,1366,true],"2048x2048":["https:\/\/www.ferberpainting.com\/wp-content\/uploads\/2025\/05\/Air-DryClayVarnish_1L-2048x1821.png",2048,1821,true],"trp-custom-language-flag":["https:\/\/www.ferberpainting.com\/wp-content\/uploads\/2025\/05\/Air-DryClayVarnish_1L-13x12.png",13,12,true],"woocommerce_thumbnail":["https:\/\/www.ferberpainting.com\/wp-content\/uploads\/2025\/05\/Air-DryClayVarnish_1L-300x300.png",300,300,true],"woocommerce_single":["https:\/\/www.ferberpainting.com\/wp-content\/uploads\/2025\/05\/Air-DryClayVarnish_1L-600x533.png",600,533,true],"woocommerce_gallery_thumbnail":["https:\/\/www.ferberpainting.com\/wp-content\/uploads\/2025\/05\/Air-DryClayVarnish_1L-100x100.png",100,100,true]},"uagb_author_info":{"display_name":"admin","author_link":"https:\/\/www.ferberpainting.com\/cz\/author\/"},"uagb_comment_info":8,"uagb_excerpt":"Optimal protection and finish for self-hardening clay.\u00a0This varnish specially designed for self-hardening clay provides a durable, resistant finish to creations made without baking. It effectively protects the surface against humidity, dust, and wear, while enhancing details and textures of the model. It offers a satin, matte, or glossy finish depending on application and the number&hellip;","_links":{"self":[{"href":"https:\/\/www.ferberpainting.com\/cz\/wp-json\/wp\/v2\/product\/23040","targetHints":{"allow":["GET"]}}],"collection":[{"href":"https:\/\/www.ferberpainting.com\/cz\/wp-json\/wp\/v2\/product"}],"about":[{"href":"https:\/\/www.ferberpainting.com\/cz\/wp-json\/wp\/v2\/types\/product"}],"replies":[{"embeddable":true,"href":"https:\/\/www.ferberpainting.com\/cz\/wp-json\/wp\/v2\/comments?post=23040"}],"version-history":[{"count":6,"href":"https:\/\/www.ferberpainting.com\/cz\/wp-json\/wp\/v2\/product\/23040\/revisions"}],"predecessor-version":[{"id":166007,"href":"https:\/\/www.ferberpainting.com\/cz\/wp-json\/wp\/v2\/product\/23040\/revisions\/166007"}],"wp:featuredmedia":[{"embeddable":true,"href":"https:\/\/www.ferberpainting.com\/cz\/wp-json\/wp\/v2\/media\/23444"}],"wp:attachment":[{"href":"https:\/\/www.ferberpainting.com\/cz\/wp-json\/wp\/v2\/media?parent=23040"}],"wp:term":[{"taxonomy":"product_brand","embeddable":true,"href":"https:\/\/www.ferberpainting.com\/cz\/wp-json\/wp\/v2\/product_brand?post=23040"},{"taxonomy":"product_cat","embeddable":true,"href":"https:\/\/www.ferberpainting.com\/cz\/wp-json\/wp\/v2\/product_cat?post=23040"},{"taxonomy":"product_tag","embeddable":true,"href":"https:\/\/www.ferberpainting.com\/cz\/wp-json\/wp\/v2\/product_tag?post=23040"}],"curies":[{"name":"wp","href":"https:\/\/api.w.org\/{rel}","templated":true}]}}