{"id":23033,"date":"2025-05-26T10:22:18","date_gmt":"2025-05-26T08:22:18","guid":{"rendered":"https:\/\/www.ferberpainting.com\/products\/5-in-1-leather-restorer\/"},"modified":"2026-02-24T18:38:30","modified_gmt":"2026-02-24T17:38:30","slug":"5-in-1-leather-restorer","status":"publish","type":"product","link":"https:\/\/www.ferberpainting.com\/cz\/products\/5-in-1-leather-restorer\/","title":{"rendered":"Renov\u00e1tor k\u016f\u017ee"},"content":{"rendered":"<p><img decoding=\"async\" style=\"margin-right: 12px;\" src=\"https:\/\/www.ferberpainting.com\/wp-content\/uploads\/2026\/02\/Check.svg\" alt=\"\" width=\"18\" height=\"15\" \/><strong>Obnovte vybledlou a opot\u0159ebovanou k\u016f\u017ei do jej\u00ed p\u016fvodn\u00ed bohatosti a elegance.<\/strong> N\u00e1\u0161 restaur\u00e1tor k\u016f\u017ee je speci\u00e1ln\u011b vyvinut\u00fd k o\u017eiven\u00ed unaven\u00fdch, odbarven\u00fdch a zest\u00e1rl\u00fdch ko\u017een\u00fdch povrch\u016f a navrac\u00ed jim p\u0159irozenou hloubku, pru\u017enost a u\u0161lechtil\u00fd vzhled. V pr\u016fb\u011bhu \u010dasu m\u016f\u017ee k\u016f\u017ee vlivem t\u0159en\u00ed, slune\u010dn\u00edho z\u00e1\u0159en\u00ed, sucha a ka\u017edodenn\u00edho pou\u017e\u00edv\u00e1n\u00ed ztratit intenzitu barvy a hladkou strukturu. Tento pokro\u010dil\u00fd p\u0159\u00edpravek pronik\u00e1 hluboko do materi\u00e1lu, aby omladil jeho vzhled a z\u00e1rove\u0148 zachoval jeho autentick\u00fd charakter, tak\u017ee star\u00e1 k\u016f\u017ee vypad\u00e1 op\u011bt jako o\u017eiven\u00e1 a udr\u017eovan\u00e1.<\/p>\n<p><strong><img decoding=\"async\" style=\"margin-right: 12px;\" src=\"https:\/\/www.ferberpainting.com\/wp-content\/uploads\/2026\/02\/Check.svg\" alt=\"\" width=\"18\" height=\"15\" \/>Nej\u00fa\u010dinn\u011bj\u0161\u00ed \u0159e\u0161en\u00ed pro restaurov\u00e1n\u00ed k\u016f\u017ee na trhu.<\/strong> Na rozd\u00edl od standardn\u00edch kondicion\u00e9r\u016f nebo povrchov\u00fdch le\u0161t\u011bnek p\u016fsob\u00ed n\u00e1\u0161 p\u0159\u00edpravek na obnovu k\u016f\u017ee na hlub\u0161\u00ed \u00farovni a obnovuje barevnou jednotnost, sni\u017euje v\u00fdskyt \u0161kr\u00e1banc\u016f a zlep\u0161uje celkovou strukturu. Jeho vysoce \u00fa\u010dinn\u00e9 slo\u017een\u00ed zaji\u0161\u0165uje viditeln\u00e9 v\u00fdsledky ji\u017e od prvn\u00ed aplikace a poskytuje povrchovou \u00fapravu profesion\u00e1ln\u00ed \u00farovn\u011b, kter\u00e1 vynik\u00e1 trvanlivost\u00ed a \u00fa\u010dinnost\u00ed.<\/p>\n<p><strong><img decoding=\"async\" style=\"margin-right: 12px;\" src=\"https:\/\/www.ferberpainting.com\/wp-content\/uploads\/2026\/02\/Check.svg\" alt=\"\" width=\"18\" height=\"15\" \/>Z\u00e1ruka vr\u00e1cen\u00ed pen\u011bz pro naprost\u00fd klid.<\/strong> Za kvalitou na\u0161eho restaur\u00e1toru k\u016f\u017ee si zcela jist\u011b stoj\u00edme. Pokud nebudete s v\u00fdsledkem pln\u011b spokojeni, nab\u00edz\u00edme vr\u00e1cen\u00ed pen\u011bz v pln\u00e9 v\u00fd\u0161i. Tato z\u00e1ruka vr\u00e1cen\u00ed pen\u011bz zaji\u0161\u0165uje, \u017ee v\u00e1\u0161 n\u00e1kup je zcela bez rizika, a dokazuje na\u0161e odhodl\u00e1n\u00ed poskytovat v\u00fdjime\u010dn\u00fd v\u00fdkon a spokojenost z\u00e1kazn\u00edk\u016f.<\/p>\n<p><strong><img decoding=\"async\" style=\"margin-right: 12px;\" src=\"https:\/\/www.ferberpainting.com\/wp-content\/uploads\/2026\/02\/Check.svg\" alt=\"\" width=\"18\" height=\"15\" \/>Nejlevn\u011bj\u0161\u00ed dostupn\u00fd profesion\u00e1ln\u00ed restaur\u00e1tor k\u016f\u017ee.<\/strong> Vysok\u00e1 kvalita nemus\u00ed b\u00fdt za vysokou cenu. N\u00e1\u0161 restaur\u00e1tor k\u016f\u017ee kombinuje v\u00fdkon na profesion\u00e1ln\u00ed \u00farovni s nejkonkurenceschopn\u011bj\u0161\u00ed cenou na trhu. V porovn\u00e1n\u00ed s drah\u00fdmi restaur\u00e1torsk\u00fdmi slu\u017ebami nebo alternativami pr\u00e9miov\u00fdch zna\u010dek nab\u00edz\u00ed n\u00e1\u0161 v\u00fdrobek vynikaj\u00edc\u00ed hodnotu a z\u00e1rove\u0148 p\u0159in\u00e1\u0161\u00ed rovnocenn\u00e9 nebo lep\u0161\u00ed v\u00fdsledky.<\/p>\n<p><strong><img decoding=\"async\" style=\"margin-right: 12px;\" src=\"https:\/\/www.ferberpainting.com\/wp-content\/uploads\/2026\/02\/Check.svg\" alt=\"\" width=\"18\" height=\"15\" \/>Dod\u00e1vka 24 hodin denn\u011b pro okam\u017eitou obnovu.<\/strong> Kdy\u017e v\u00e1\u0161 ko\u017een\u00fd n\u00e1bytek, autoseda\u010dky nebo dopl\u0148ky pot\u0159ebuj\u00ed p\u00e9\u010di, nem\u011bli byste \u010dekat. Proto d\u016fsledn\u011b nab\u00edz\u00edme doru\u010den\u00ed do 24 hodin. Va\u0161e objedn\u00e1vka je zpracov\u00e1na rychle a odesl\u00e1na bez prodlen\u00ed, abyste mohli co nejd\u0159\u00edve obnovit a ochr\u00e1nit sv\u00e9 ko\u017een\u00e9 povrchy.<\/p>\n<p><strong><img decoding=\"async\" style=\"margin-right: 12px;\" src=\"https:\/\/www.ferberpainting.com\/wp-content\/uploads\/2026\/02\/Check.svg\" alt=\"\" width=\"18\" height=\"15\" \/>Vynikaj\u00edc\u00ed kryt\u00ed a\u017e 20 m\u00b2 na litr.<\/strong> D\u00edky pokryt\u00ed a\u017e 20 metr\u016f \u010dtvere\u010dn\u00edch na litr je n\u00e1\u0161 restaur\u00e1tor k\u016f\u017ee mimo\u0159\u00e1dn\u011b \u00fa\u010dinn\u00fd a hodnotn\u00fd. D\u00edky tomuto velkorys\u00e9mu pokryt\u00ed je vhodn\u00fd pro o\u0161et\u0159en\u00ed v\u00edce p\u0159edm\u011bt\u016f, jako jsou pohovky, k\u0159esla, interi\u00e9ry automobil\u016f, bundy nebo ta\u0161ky, p\u0159i\u010dem\u017e minimalizuje pl\u00fdtv\u00e1n\u00ed p\u0159\u00edpravkem a maximalizuje jeho v\u00fdkon.<\/p>\n<p><strong><img decoding=\"async\" style=\"margin-right: 12px;\" src=\"https:\/\/www.ferberpainting.com\/wp-content\/uploads\/2026\/02\/Check.svg\" alt=\"\" width=\"18\" height=\"15\" \/>Vy\u017eivuje a chr\u00e1n\u00ed vl\u00e1kna k\u016f\u017ee.<\/strong> Krom\u011b obnovy vzhledu pom\u00e1h\u00e1 p\u0159\u00edpravek vy\u017eivovat ko\u017een\u00e1 vl\u00e1kna, zabra\u0148uje jejich vysou\u0161en\u00ed a prask\u00e1n\u00ed. Vytv\u00e1\u0159\u00ed ochrannou bari\u00e9ru, kter\u00e1 sni\u017euje \u00fa\u010dinky t\u0159en\u00ed, drobn\u00fdch od\u011brek a z\u00e1t\u011b\u017ee zp\u016fsoben\u00e9 okoln\u00edm prost\u0159ed\u00edm. Toto dvoj\u00ed p\u016fsoben\u00ed obnovy a ochrany v\u00fdrazn\u011b prodlu\u017euje \u017eivotnost ko\u017een\u00fdch povrch\u016f.<\/p>\n<p><strong><img decoding=\"async\" style=\"margin-right: 12px;\" src=\"https:\/\/www.ferberpainting.com\/wp-content\/uploads\/2026\/02\/Check.svg\" alt=\"\" width=\"18\" height=\"15\" \/>Zlep\u0161uje p\u0159irozenou strukturu bez um\u011bl\u00e9ho lesku.<\/strong> N\u00e1\u0161 restaur\u00e1tor k\u016f\u017ee respektuje autentick\u00fd vzhled a pocit k\u016f\u017ee. Zv\u00fdraz\u0148uje p\u0159irozenou strukturu materi\u00e1lu a hloubku barev, ani\u017e by zanech\u00e1val p\u0159\u00edli\u0161 leskl\u00fd nebo lepiv\u00fd povrch. V\u00fdsledkem je hladk\u00fd, pru\u017en\u00fd povrch, kter\u00fd vypad\u00e1 p\u0159irozen\u011b, rafinovan\u011b a profesion\u00e1ln\u011b udr\u017eovan\u011b.<\/p>\n<p><strong><img decoding=\"async\" style=\"margin-right: 12px;\" src=\"https:\/\/www.ferberpainting.com\/wp-content\/uploads\/2026\/02\/Check.svg\" alt=\"\" width=\"18\" height=\"15\" \/>V\u0161estrann\u00e9 pou\u017eit\u00ed na r\u016fzn\u00fdch ko\u017een\u00fdch povr\u0161\u00edch.<\/strong> Tento v\u00fdrobek je vhodn\u00fd na pohovky, k\u0159esla, autoseda\u010dky, kabelky, bundy, opasky a dal\u0161\u00ed v\u00fdrobky z hladk\u00e9 k\u016f\u017ee. Snadno se p\u0159izp\u016fsob\u00ed jak obytn\u00e9mu, tak automobilov\u00e9mu prost\u0159ed\u00ed, co\u017e z n\u011bj \u010din\u00ed komplexn\u00ed \u0159e\u0161en\u00ed pro \u00fadr\u017ebu a obnovu ko\u017een\u00fdch p\u0159edm\u011bt\u016f v\u0161eho druhu.<\/p>\n<p><strong><img decoding=\"async\" style=\"margin-right: 12px;\" src=\"https:\/\/www.ferberpainting.com\/wp-content\/uploads\/2026\/02\/Check.svg\" alt=\"\" width=\"18\" height=\"15\" \/>Snadn\u00e1 a bezpe\u010dn\u00e1 aplikace pro profesion\u00e1ly i jednotlivce.<\/strong> N\u00e1\u0161 restaur\u00e1tor k\u016f\u017ee je navr\u017een pro jednoduch\u00e9 pou\u017eit\u00ed a nevy\u017eaduje specializovan\u00e9 vybaven\u00ed. A\u0165 u\u017e jste profesion\u00e1ln\u00ed detailista nebo majitel domu, m\u016f\u017eete dos\u00e1hnout konzistentn\u00edch a vysoce kvalitn\u00edch v\u00fdsledk\u016f s jednoduch\u00fdmi n\u00e1stroji a minim\u00e1ln\u00edm \u00fasil\u00edm. Jasn\u00e9 pokyny pro aplikaci zaji\u0161\u0165uj\u00ed poka\u017ed\u00e9 rovnom\u011brnou obnovu.<\/p>\n<h2><strong>Pokyny<\/strong><\/h2>\n<ul>\n<li>P\u0159ed aplikac\u00ed se ujist\u011bte, \u017ee je povrch k\u016f\u017ee \u010dist\u00fd a such\u00fd. Prach a ne\u010distoty odstra\u0148te m\u011bkk\u00fdm had\u0159\u00edkem a v p\u0159\u00edpad\u011b pot\u0159eby vhodn\u00fdm \u010distic\u00edm prost\u0159edkem na k\u016f\u017ei. Povrch nechte zcela vyschnout.<\/li>\n<li>P\u0159ed pou\u017eit\u00edm n\u00e1dobu dob\u0159e prot\u0159epejte, aby se \u00fa\u010dinn\u00e9 l\u00e1tky rovnom\u011brn\u011b rozprost\u0159ely.<\/li>\n<li>Mal\u00e9 mno\u017estv\u00ed p\u0159\u00edpravku na obnovu k\u016f\u017ee naneste sp\u00ed\u0161e na \u010dist\u00fd m\u011bkk\u00fd had\u0159\u00edk nebo aplika\u010dn\u00ed houbi\u010dku ne\u017e p\u0159\u00edmo na k\u016f\u017ei.<\/li>\n<li>Jemn\u00fdmi krou\u017eiv\u00fdmi pohyby rovnom\u011brn\u011b rozet\u0159ete po povrchu, abyste dos\u00e1hli tenk\u00e9 a rovnom\u011brn\u00e9 vrstvy. Vyhn\u011bte se nadm\u011brn\u00e9mu nan\u00e1\u0161en\u00ed.<\/li>\n<li>Respektujte kryc\u00ed mno\u017estv\u00ed p\u0159ibli\u017en\u011b 20 m\u00b2 na litr. Doporu\u010den\u00e9 pr\u016fm\u011brn\u00e9 d\u00e1vkov\u00e1n\u00ed je p\u0159ibli\u017en\u011b 50 ml na metr \u010dtvere\u010dn\u00ed v z\u00e1vislosti na absorp\u010dn\u00ed schopnosti a stavu k\u016f\u017ee.<\/li>\n<li>Nechte p\u0159\u00edpravek n\u011bkolik minut pronikat do k\u016f\u017ee, aby mohly vy\u017eivuj\u00edc\u00ed slo\u017eky \u00fa\u010dinn\u011b p\u016fsobit.<\/li>\n<li>Lehce je vyle\u0161t\u011bte \u010distou a suchou ut\u011brkou z mikrovl\u00e1kna, abyste dos\u00e1hli rovnom\u011brn\u00e9ho povrchu a obnovili p\u0159irozenou hebkost.<\/li>\n<li>Na siln\u011b vybledl\u00e1 nebo opot\u0159ebovan\u00e1 m\u00edsta naneste druhou tenkou vrstvu po \u00fapln\u00e9m zaschnut\u00ed prvn\u00ed vrstvy.<\/li>\n<li>P\u0159ed intenzivn\u00edm pou\u017e\u00edv\u00e1n\u00edm nechte o\u0161et\u0159en\u00fd povrch n\u011bkolik hodin odpo\u010d\u00edvat, aby se zajistila optim\u00e1ln\u00ed absorpce a trvanlivost.<\/li>\n<li>Pro pr\u016fb\u011b\u017enou \u00fadr\u017ebu pravideln\u011b \u010dist\u011bte k\u016f\u017ei vhodn\u00fdmi p\u0159\u00edpravky a pravideln\u011b aplikujte restaur\u00e1tor, abyste zachovali hloubku barvy a pru\u017enost.<\/li>\n<li>V\u00fdrobek skladujte na chladn\u00e9m a such\u00e9m m\u00edst\u011b mimo dosah p\u0159\u00edm\u00e9ho slune\u010dn\u00edho z\u00e1\u0159en\u00ed a po ka\u017ed\u00e9m pou\u017eit\u00ed zajist\u011bte, aby byl obal t\u011bsn\u011b uzav\u0159en.<\/li>\n<\/ul>\n<p>&nbsp;<\/p>\n<p>&nbsp;<\/p>","protected":false},"excerpt":{"rendered":"<p>Restore faded and worn leather to its original richness and elegance. Our leather restorer is specially formulated to revive tired, discolored, and aged leather surfaces, bringing back their natural depth, suppleness, and refined appearance. Over time, leather can lose its color intensity and smooth texture due to friction, sunlight, dryness, and daily use. This advanced [&hellip;]<\/p>\n","protected":false},"featured_media":23109,"comment_status":"open","ping_status":"closed","template":"","meta":{"_uag_custom_page_level_css":"","site-sidebar-layout":"default","site-content-layout":"","ast-site-content-layout":"default","site-content-style":"default","site-sidebar-style":"default","ast-global-header-display":"","ast-banner-title-visibility":"","ast-main-header-display":"","ast-hfb-above-header-display":"","ast-hfb-below-header-display":"","ast-hfb-mobile-header-display":"","site-post-title":"","ast-breadcrumbs-content":"","ast-featured-img":"","footer-sml-layout":"","ast-disable-related-posts":"","theme-transparent-header-meta":"default","adv-header-id-meta":"","stick-header-meta":"","header-above-stick-meta":"","header-main-stick-meta":"","header-below-stick-meta":"","astra-migrate-meta-layouts":"set","ast-page-background-enabled":"default","ast-page-background-meta":{"desktop":{"background-color":"var(--ast-global-color-4)","background-image":"","background-repeat":"repeat","background-position":"center center","background-size":"auto","background-attachment":"scroll","background-type":"","background-media":"","overlay-type":"","overlay-color":"","overlay-opacity":"","overlay-gradient":""},"tablet":{"background-color":"","background-image":"","background-repeat":"repeat","background-position":"center center","background-size":"auto","background-attachment":"scroll","background-type":"","background-media":"","overlay-type":"","overlay-color":"","overlay-opacity":"","overlay-gradient":""},"mobile":{"background-color":"","background-image":"","background-repeat":"repeat","background-position":"center center","background-size":"auto","background-attachment":"scroll","background-type":"","background-media":"","overlay-type":"","overlay-color":"","overlay-opacity":"","overlay-gradient":""}},"ast-content-background-meta":{"desktop":{"background-color":"var(--ast-global-color-5)","background-image":"","background-repeat":"repeat","background-position":"center center","background-size":"auto","background-attachment":"scroll","background-type":"","background-media":"","overlay-type":"","overlay-color":"","overlay-opacity":"","overlay-gradient":""},"tablet":{"background-color":"var(--ast-global-color-5)","background-image":"","background-repeat":"repeat","background-position":"center center","background-size":"auto","background-attachment":"scroll","background-type":"","background-media":"","overlay-type":"","overlay-color":"","overlay-opacity":"","overlay-gradient":""},"mobile":{"background-color":"var(--ast-global-color-5)","background-image":"","background-repeat":"repeat","background-position":"center center","background-size":"auto","background-attachment":"scroll","background-type":"","background-media":"","overlay-type":"","overlay-color":"","overlay-opacity":"","overlay-gradient":""}}},"product_brand":[],"product_cat":[175],"product_tag":[],"class_list":{"0":"post-23033","1":"product","2":"type-product","3":"status-publish","4":"has-post-thumbnail","6":"product_cat-cleaning-products","7":"desktop-align-left","8":"tablet-align-left","9":"mobile-align-left","11":"first","12":"instock","13":"sale","14":"taxable","15":"shipping-taxable","16":"purchasable","17":"product-type-variable","18":"has-default-attributes"},"spectra_custom_meta":{"_visibility":["visible"],"_shopify_product_id":["7955505414389"],"_s2w_shopify_domain":["ferberpainting.myshopify.com"],"_shopify_variant_id":["43515589787893"],"_manage_stock":["no"],"total_sales":["59"],"_tax_status":["taxable"],"_tax_class":[""],"_backorders":["no"],"_sold_individually":["no"],"_virtual":["no"],"_downloadable":["no"],"_download_limit":["-1"],"_download_expiry":["-1"],"_stock":[null],"_stock_status":["instock"],"_wc_average_rating":["4.93"],"_wc_review_count":["54"],"_product_attributes":["a:1:{s:6:\"volume\";a:6:{s:4:\"name\";s:6:\"Volume\";s:5:\"value\";s:30:\"1 liter | 5 liters | 25 liters\";s:8:\"position\";i:1;s:10:\"is_visible\";i:0;s:12:\"is_variation\";i:1;s:11:\"is_taxonomy\";i:0;}}"],"_product_version":["10.5.2"],"_thumbnail_id":["23109"],"_product_image_gallery":["23146,23190"],"_edit_lock":["1771954795:1"],"_default_attributes":["a:1:{s:6:\"volume\";s:7:\"1 liter\";}"],"merchant-center-availability":["yes"],"merchant-center-category":["8043"],"merchant-center-id":["5I1LR"],"_edit_last":["1"],"_wp_page_template":["default"],"site-sidebar-layout":["default"],"ast-site-content-layout":["default"],"site-content-style":["default"],"site-sidebar-style":["default"],"theme-transparent-header-meta":["default"],"_price":["29.90","49.90","129.90"],"_wc_rating_count":["a:2:{i:4;i:4;i:5;i:50;}"],"astra-migrate-meta-layouts":["set"],"_sku":["FP51LEATHERRESTORER"],"_uag_css_file_name":["uag-css-23033.css"],"_elementor_page_assets":["a:0:{}"],"_uag_page_assets":["a:9:{s:3:\"css\";s:7133:\".uag-blocks-common-selector{z-index:var(--z-index-desktop) !important}@media(max-width: 976px){.uag-blocks-common-selector{z-index:var(--z-index-tablet) !important}}@media(max-width: 767px){.uag-blocks-common-selector{z-index:var(--z-index-mobile) !important}}.wp-block-uagb-image{display:flex}.wp-block-uagb-image__figure{position:relative;display:flex;flex-direction:column;max-width:100%;height:auto;margin:0}.wp-block-uagb-image__figure img{height:auto;display:flex;max-width:100%;transition:box-shadow .2s ease}.wp-block-uagb-image__figure>a{display:inline-block}.wp-block-uagb-image__figure figcaption{text-align:center;margin-top:.5em;margin-bottom:1em}.wp-block-uagb-image .components-placeholder.block-editor-media-placeholder .components-placeholder__instructions{align-self:center}.wp-block-uagb-image--align-left{text-align:left}.wp-block-uagb-image--align-right{text-align:right}.wp-block-uagb-image--align-center{text-align:center}.wp-block-uagb-image--align-full .wp-block-uagb-image__figure{margin-left:calc(50% - 50vw);margin-right:calc(50% - 50vw);max-width:100vw;width:100vw;height:auto}.wp-block-uagb-image--align-full .wp-block-uagb-image__figure img{height:auto;width:100% !important}.wp-block-uagb-image--align-wide .wp-block-uagb-image__figure img{height:auto;width:100%}.wp-block-uagb-image--layout-overlay__color-wrapper{position:absolute;left:0;top:0;right:0;bottom:0;opacity:.2;background:rgba(0,0,0,.5);transition:opacity .35s ease-in-out}.wp-block-uagb-image--layout-overlay-link{position:absolute;left:0;right:0;bottom:0;top:0}.wp-block-uagb-image--layout-overlay .wp-block-uagb-image__figure:hover .wp-block-uagb-image--layout-overlay__color-wrapper{opacity:1}.wp-block-uagb-image--layout-overlay__inner{position:absolute;left:15px;right:15px;bottom:15px;top:15px;display:flex;align-items:center;justify-content:center;flex-direction:column;border-color:#fff;transition:.35s ease-in-out}.wp-block-uagb-image--layout-overlay__inner.top-left,.wp-block-uagb-image--layout-overlay__inner.top-center,.wp-block-uagb-image--layout-overlay__inner.top-right{justify-content:flex-start}.wp-block-uagb-image--layout-overlay__inner.bottom-left,.wp-block-uagb-image--layout-overlay__inner.bottom-center,.wp-block-uagb-image--layout-overlay__inner.bottom-right{justify-content:flex-end}.wp-block-uagb-image--layout-overlay__inner.top-left,.wp-block-uagb-image--layout-overlay__inner.center-left,.wp-block-uagb-image--layout-overlay__inner.bottom-left{align-items:flex-start}.wp-block-uagb-image--layout-overlay__inner.top-right,.wp-block-uagb-image--layout-overlay__inner.center-right,.wp-block-uagb-image--layout-overlay__inner.bottom-right{align-items:flex-end}.wp-block-uagb-image--layout-overlay__inner .uagb-image-heading{color:#fff;transition:transform .35s,opacity .35s ease-in-out;transform:translate3d(0, 24px, 0);margin:0;line-height:1em}.wp-block-uagb-image--layout-overlay__inner .uagb-image-separator{width:30%;border-top-width:2px;border-top-color:#fff;border-top-style:solid;margin-bottom:10px;opacity:0;transition:transform .4s,opacity .4s ease-in-out;transform:translate3d(0, 30px, 0)}.wp-block-uagb-image--layout-overlay__inner .uagb-image-caption{opacity:0;overflow:visible;color:#fff;transition:transform .45s,opacity .45s ease-in-out;transform:translate3d(0, 35px, 0)}.wp-block-uagb-image--layout-overlay__inner:hover .uagb-image-heading,.wp-block-uagb-image--layout-overlay__inner:hover .uagb-image-separator,.wp-block-uagb-image--layout-overlay__inner:hover .uagb-image-caption{opacity:1;transform:translate3d(0, 0, 0)}.wp-block-uagb-image--effect-zoomin .wp-block-uagb-image__figure img,.wp-block-uagb-image--effect-zoomin .wp-block-uagb-image__figure .wp-block-uagb-image--layout-overlay__color-wrapper{transform:scale(1);transition:transform .35s ease-in-out}.wp-block-uagb-image--effect-zoomin .wp-block-uagb-image__figure:hover img,.wp-block-uagb-image--effect-zoomin .wp-block-uagb-image__figure:hover .wp-block-uagb-image--layout-overlay__color-wrapper{transform:scale(1.05)}.wp-block-uagb-image--effect-slide .wp-block-uagb-image__figure img,.wp-block-uagb-image--effect-slide .wp-block-uagb-image__figure .wp-block-uagb-image--layout-overlay__color-wrapper{width:calc(100% + 40px) !important;max-width:none !important;transform:translate3d(-40px, 0, 0);transition:transform .35s ease-in-out}.wp-block-uagb-image--effect-slide .wp-block-uagb-image__figure:hover img,.wp-block-uagb-image--effect-slide .wp-block-uagb-image__figure:hover .wp-block-uagb-image--layout-overlay__color-wrapper{transform:translate3d(0, 0, 0)}.wp-block-uagb-image--effect-grayscale img{filter:grayscale(0%);transition:.35s ease-in-out}.wp-block-uagb-image--effect-grayscale:hover img{filter:grayscale(100%)}.wp-block-uagb-image--effect-blur img{filter:blur(0);transition:.35s ease-in-out}.wp-block-uagb-image--effect-blur:hover img{filter:blur(3px)}.uagb-block-e6f939b3.wp-block-uagb-image--layout-default figure img{box-shadow: 0px 0px 0 #00000070;}.uagb-block-e6f939b3.wp-block-uagb-image .wp-block-uagb-image__figure figcaption{font-style: normal;align-self: center;}.uagb-block-e6f939b3.wp-block-uagb-image--layout-overlay figure img{box-shadow: 0px 0px 0 #00000070;}.uagb-block-e6f939b3.wp-block-uagb-image--layout-overlay .wp-block-uagb-image--layout-overlay__color-wrapper{opacity: 0.2;}.uagb-block-e6f939b3.wp-block-uagb-image--layout-overlay .wp-block-uagb-image--layout-overlay__inner{left: 15px;right: 15px;top: 15px;bottom: 15px;}.uagb-block-e6f939b3.wp-block-uagb-image--layout-overlay .wp-block-uagb-image--layout-overlay__inner .uagb-image-heading{font-style: normal;color: #fff;opacity: 1;}.uagb-block-e6f939b3.wp-block-uagb-image--layout-overlay .wp-block-uagb-image--layout-overlay__inner .uagb-image-heading a{color: #fff;}.uagb-block-e6f939b3.wp-block-uagb-image--layout-overlay .wp-block-uagb-image--layout-overlay__inner .uagb-image-caption{opacity: 0;}.uagb-block-e6f939b3.wp-block-uagb-image--layout-overlay .wp-block-uagb-image__figure:hover .wp-block-uagb-image--layout-overlay__color-wrapper{opacity: 1;}.uagb-block-e6f939b3.wp-block-uagb-image .wp-block-uagb-image--layout-overlay__inner .uagb-image-separator{width: 30%;border-top-width: 2px;border-top-color: #fff;opacity: 0;}.uagb-block-e6f939b3.wp-block-uagb-image .wp-block-uagb-image__figure img{width: px;height: auto;}.uagb-block-e6f939b3.wp-block-uagb-image .wp-block-uagb-image__figure:hover .wp-block-uagb-image--layout-overlay__inner .uagb-image-caption{opacity: 1;}.uagb-block-e6f939b3.wp-block-uagb-image .wp-block-uagb-image__figure:hover .wp-block-uagb-image--layout-overlay__inner .uagb-image-separator{opacity: 1;}.uagb-block-e6f939b3.wp-block-uagb-image--layout-default figure:hover img{box-shadow: 0px 0px 0 #00000070;}.uagb-block-e6f939b3.wp-block-uagb-image--layout-overlay figure:hover img{box-shadow: 0px 0px 0 #00000070;}@media only screen and (max-width: 976px) {.uagb-block-e6f939b3.wp-block-uagb-image .wp-block-uagb-image__figure img{width: px;height: auto;}}@media only screen and (max-width: 767px) {.uagb-block-e6f939b3.wp-block-uagb-image .wp-block-uagb-image__figure img{width: px;height: auto;}}\";s:2:\"js\";s:0:\"\";s:18:\"current_block_list\";a:13:{i:0;s:11:\"core\/search\";i:1;s:10:\"core\/group\";i:2;s:12:\"core\/heading\";i:3;s:17:\"core\/latest-posts\";i:4;s:20:\"core\/latest-comments\";i:5;s:13:\"core\/archives\";i:6;s:15:\"core\/categories\";i:7;s:14:\"core\/paragraph\";i:8;s:10:\"uagb\/image\";i:9;s:11:\"core\/spacer\";i:10;s:30:\"woocommerce\/product-categories\";i:11;s:10:\"core\/image\";i:12;s:14:\"core\/shortcode\";}s:8:\"uag_flag\";b:1;s:11:\"uag_version\";s:10:\"1777230036\";s:6:\"gfonts\";a:0:{}s:10:\"gfonts_url\";s:0:\"\";s:12:\"gfonts_files\";a:0:{}s:14:\"uag_faq_layout\";b:0;}"]},"uagb_featured_image_src":{"full":["https:\/\/www.ferberpainting.com\/wp-content\/uploads\/2025\/05\/5_IN_1_LEATHER_RESTORER_1L.png",2560,2560,false],"thumbnail":["https:\/\/www.ferberpainting.com\/wp-content\/uploads\/2025\/05\/5_IN_1_LEATHER_RESTORER_1L-150x150.png",150,150,true],"medium":["https:\/\/www.ferberpainting.com\/wp-content\/uploads\/2025\/05\/5_IN_1_LEATHER_RESTORER_1L-300x300.png",300,300,true],"medium_large":["https:\/\/www.ferberpainting.com\/wp-content\/uploads\/2025\/05\/5_IN_1_LEATHER_RESTORER_1L-768x768.png",768,768,true],"large":["https:\/\/www.ferberpainting.com\/wp-content\/uploads\/2025\/05\/5_IN_1_LEATHER_RESTORER_1L-1024x1024.png",1024,1024,true],"1536x1536":["https:\/\/www.ferberpainting.com\/wp-content\/uploads\/2025\/05\/5_IN_1_LEATHER_RESTORER_1L-1536x1536.png",1536,1536,true],"2048x2048":["https:\/\/www.ferberpainting.com\/wp-content\/uploads\/2025\/05\/5_IN_1_LEATHER_RESTORER_1L-2048x2048.png",2048,2048,true],"trp-custom-language-flag":["https:\/\/www.ferberpainting.com\/wp-content\/uploads\/2025\/05\/5_IN_1_LEATHER_RESTORER_1L-12x12.png",12,12,true],"woocommerce_thumbnail":["https:\/\/www.ferberpainting.com\/wp-content\/uploads\/2025\/05\/5_IN_1_LEATHER_RESTORER_1L-300x300.png",300,300,true],"woocommerce_single":["https:\/\/www.ferberpainting.com\/wp-content\/uploads\/2025\/05\/5_IN_1_LEATHER_RESTORER_1L-600x600.png",600,600,true],"woocommerce_gallery_thumbnail":["https:\/\/www.ferberpainting.com\/wp-content\/uploads\/2025\/05\/5_IN_1_LEATHER_RESTORER_1L-100x100.png",100,100,true]},"uagb_author_info":{"display_name":"admin","author_link":"https:\/\/www.ferberpainting.com\/cz\/author\/"},"uagb_comment_info":54,"uagb_excerpt":"Restore faded and worn leather to its original richness and elegance. Our leather restorer is specially formulated to revive tired, discolored, and aged leather surfaces, bringing back their natural depth, suppleness, and refined appearance. Over time, leather can lose its color intensity and smooth texture due to friction, sunlight, dryness, and daily use. This advanced&hellip;","_links":{"self":[{"href":"https:\/\/www.ferberpainting.com\/cz\/wp-json\/wp\/v2\/product\/23033","targetHints":{"allow":["GET"]}}],"collection":[{"href":"https:\/\/www.ferberpainting.com\/cz\/wp-json\/wp\/v2\/product"}],"about":[{"href":"https:\/\/www.ferberpainting.com\/cz\/wp-json\/wp\/v2\/types\/product"}],"replies":[{"embeddable":true,"href":"https:\/\/www.ferberpainting.com\/cz\/wp-json\/wp\/v2\/comments?post=23033"}],"version-history":[{"count":5,"href":"https:\/\/www.ferberpainting.com\/cz\/wp-json\/wp\/v2\/product\/23033\/revisions"}],"predecessor-version":[{"id":166004,"href":"https:\/\/www.ferberpainting.com\/cz\/wp-json\/wp\/v2\/product\/23033\/revisions\/166004"}],"wp:featuredmedia":[{"embeddable":true,"href":"https:\/\/www.ferberpainting.com\/cz\/wp-json\/wp\/v2\/media\/23109"}],"wp:attachment":[{"href":"https:\/\/www.ferberpainting.com\/cz\/wp-json\/wp\/v2\/media?parent=23033"}],"wp:term":[{"taxonomy":"product_brand","embeddable":true,"href":"https:\/\/www.ferberpainting.com\/cz\/wp-json\/wp\/v2\/product_brand?post=23033"},{"taxonomy":"product_cat","embeddable":true,"href":"https:\/\/www.ferberpainting.com\/cz\/wp-json\/wp\/v2\/product_cat?post=23033"},{"taxonomy":"product_tag","embeddable":true,"href":"https:\/\/www.ferberpainting.com\/cz\/wp-json\/wp\/v2\/product_tag?post=23033"}],"curies":[{"name":"wp","href":"https:\/\/api.w.org\/{rel}","templated":true}]}}