{"id":23790,"date":"2025-07-01T09:52:39","date_gmt":"2025-07-01T07:52:39","guid":{"rendered":"https:\/\/www.ferberpainting.com\/?post_type=product&#038;p=23790"},"modified":"2026-02-15T20:39:28","modified_gmt":"2026-02-15T19:39:28","slug":"leather-water-repellent","status":"publish","type":"product","link":"https:\/\/www.ferberpainting.com\/ch-it\/products\/leather-water-repellent\/","title":{"rendered":"Impermeabilizzante per pelle"},"content":{"rendered":"<p><strong><img decoding=\"async\" style=\"margin-right: 12px;\" src=\"https:\/\/www.ferberpainting.com\/wp-content\/uploads\/2026\/02\/Check.svg\" alt=\"\" width=\"18\" height=\"15\" \/>Protezione efficace contro acqua e macchie.<\/strong>\u00a0Questo impermeabilizzante per pelle scamosciata \u00e8 stato appositamente studiato per fornire una barriera invisibile contro l'umidit\u00e0 e lo sporco. Previene le macchie di acqua, fango o grasso, preservando la consistenza delicata e l'aspetto elegante della pelle scamosciata. \u00c8 la soluzione perfetta per mantenere scarpe, giacche, borse e altri articoli in pelle scamosciata in condizioni eccellenti, proteggendoli dall'usura quotidiana.<\/p>\n<p><strong><img decoding=\"async\" style=\"margin-right: 12px;\" src=\"https:\/\/www.ferberpainting.com\/wp-content\/uploads\/2026\/02\/Check.svg\" alt=\"\" width=\"18\" height=\"15\" \/>Soddisfazione garantita o rimborso.<\/strong>\u00a0Siamo convinti dell'efficacia del nostro impermeabilizzante per camoscio. Se non siete pienamente soddisfatti dopo l'uso, potete ottenere un rimborso completo. Garantiamo una protezione ottimale contro gli elementi esterni, preservando la qualit\u00e0 del materiale. Potete provare il nostro prodotto in tutta tranquillit\u00e0 e senza alcun rischio.<\/p>\n<p><strong><img decoding=\"async\" style=\"margin-right: 12px;\" src=\"https:\/\/www.ferberpainting.com\/wp-content\/uploads\/2026\/02\/Check.svg\" alt=\"\" width=\"18\" height=\"15\" \/>Perfetto per materiali delicati.<\/strong>\u00a0Questo prodotto non \u00e8 stato progettato solo per la pelle scamosciata, ma \u00e8 adatto anche ad altri tessuti in pelle o simili, come nubuck, feltro e alcuni tessuti sintetici. \u00c8 ideale per scarpe, cappotti, borse, guanti e altri articoli che richiedono una protezione dall'umidit\u00e0. Pu\u00f2 essere utilizzato anche su tessuti come il velluto, offrendo una protezione simile senza alterare la consistenza o l'aspetto del materiale.<\/p>\n<p><strong><img decoding=\"async\" style=\"margin-right: 12px;\" src=\"https:\/\/www.ferberpainting.com\/wp-content\/uploads\/2026\/02\/Check.svg\" alt=\"\" width=\"18\" height=\"15\" \/>Efficiente dal punto di vista dei costi.<\/strong>\u00a0Grazie alla sua formula concentrata, questo impermeabilizzante per camoscio \u00e8 estremamente economico. In media, un litro pu\u00f2 trattare circa 15-20 paia di scarpe scamosciate o indumenti standard, a seconda della porosit\u00e0 del materiale. Una tanica da 5 litri consente di trattare una grande quantit\u00e0 di prodotti, rendendolo una soluzione duratura e conveniente.<\/p>\n<p><strong><img decoding=\"async\" style=\"margin-right: 12px;\" src=\"https:\/\/www.ferberpainting.com\/wp-content\/uploads\/2026\/02\/Check.svg\" alt=\"\" width=\"18\" height=\"15\" \/>Non pericoloso e rispettoso dei materiali.<\/strong>\u00a0L'impermeabilizzante per pelle scamosciata \u00e8 formulato per fornire una protezione efficace senza danneggiare la pelle scamosciata o materiali simili. \u00c8 atossico, privo di sostanze chimiche aggressive e non produce fumi nocivi. Questo prodotto \u00e8 delicato e sicuro per l'uso su articoli che entrano in contatto diretto con la pelle. Non altera il colore o la consistenza e lascia una finitura naturale e morbida.<\/p>\n<p><strong><img decoding=\"async\" style=\"margin-right: 12px;\" src=\"https:\/\/www.ferberpainting.com\/wp-content\/uploads\/2026\/02\/Check.svg\" alt=\"\" width=\"18\" height=\"15\" \/>Facile da usare.<\/strong>\u00a0Questo prodotto \u00e8 pronto all'uso, senza bisogno di diluizione o preparazione. L'applicazione \u00e8 facile e veloce. Con uno spruzzatore o un panno pulito, \u00e8 sufficiente applicare uno strato sottile e uniforme sulla superficie dell'articolo in pelle scamosciata, quindi lasciare asciugare. Il prodotto penetra rapidamente e non lascia residui visibili una volta asciutto.<\/p>\n<p><strong><img decoding=\"async\" style=\"margin-right: 12px;\" src=\"https:\/\/www.ferberpainting.com\/wp-content\/uploads\/2026\/02\/Check.svg\" alt=\"\" width=\"18\" height=\"15\" \/>Durevole e di lunga durata.<\/strong>\u00a0Una volta applicato, l'impermeabilizzante forma una barriera protettiva di lunga durata che rimane efficace per diversi mesi, anche in condizioni climatiche difficili. Protegge i vostri articoli in pelle scamosciata in modo invisibile, assicurando prestazioni a lungo termine e contribuendo a preservare i vostri prodotti, riducendo l'usura prematura dovuta all'umidit\u00e0 e allo sporco.<\/p>\n<p><strong><img decoding=\"async\" style=\"margin-right: 12px;\" src=\"https:\/\/www.ferberpainting.com\/wp-content\/uploads\/2026\/02\/Check.svg\" alt=\"\" width=\"18\" height=\"15\" \/>Ad azione rapida.<\/strong>\u00a0Questo impermeabilizzante per pelle scamosciata agisce rapidamente. Dopo l'applicazione, si asciuga in meno di un'ora, per cui \u00e8 possibile riprendere a utilizzare i propri oggetti quasi immediatamente. Non \u00e8 necessario attendere ore come con altri prodotti, quindi \u00e8 perfetto per la protezione dell'ultimo minuto prima del viaggio. Basta applicarlo e lasciarlo asciugare per una difesa istantanea.<\/p>\n<h2><strong>Protocollo d'uso<\/strong><\/h2>\n<ul>\n<li><strong>Preparazione dell'articolo <\/strong>: Assicurarsi che l'articolo in pelle scamosciata (scarpe, borse, giacche, ecc.) sia pulito e asciutto prima dell'applicazione. Se necessario, spazzolare delicatamente la superficie per rimuovere polvere o sporco. Non applicare il prodotto su articoli sporchi o bagnati per non ridurne l'efficacia.<\/li>\n<li><strong>Applicazione del prodotto <\/strong>: Utilizzando uno spruzzatore o un panno morbido e pulito, applicare uno strato sottile e uniforme di impermeabilizzante su tutta la superficie dell'articolo in pelle scamosciata. Se si utilizza uno spruzzatore, tenerlo a 15-20 cm di distanza dalla superficie per evitare un'applicazione eccessiva.<\/li>\n<li><strong>Distribuzione uniforme <\/strong>: Per una protezione ottimale, assicurarsi che il prodotto sia distribuito in modo uniforme e penetri nelle fibre della pelle scamosciata. Evitare di saturare il materiale per evitare accumuli visibili.<\/li>\n<li><strong>Tempo di asciugatura <\/strong>: Lasciare asciugare l'articolo per circa 1 ora in una stanza ben ventilata a temperatura ambiente. Evitare di esporre l'articolo a fonti di calore dirette (come asciugacapelli o termosifoni) per preservare il materiale.<\/li>\n<li><strong>Riapplicazione (se necessaria) <\/strong>: Per una maggiore protezione, applicare una seconda mano dopo la completa asciugatura della prima. Questa operazione \u00e8 particolarmente consigliata per gli articoli esposti a condizioni difficili, come le scarpe da trekking o le borse utilizzate in caso di pioggia battente.<\/li>\n<li><strong>Manutenzione <\/strong>: Riapplicare ogni 3-6 mesi a seconda dell'uso e delle condizioni di esposizione. Si consiglia di effettuare ritocchi occasionali per mantenere la protezione nel tempo.<\/li>\n<li><strong>Immagazzinamento <\/strong>: Conservare il prodotto nella confezione originale, ben chiusa, in un luogo fresco e asciutto, lontano da fonti di calore, per preservarne le propriet\u00e0.<\/li>\n<\/ul>\n<p>Questo impermeabilizzante per pelle scamosciata aiuta a prolungare la vita dei vostri oggetti mantenendoli in perfette condizioni. Una soluzione semplice, rapida ed efficace per proteggere i vostri oggetti eleganti dall'umidit\u00e0 e dallo sporco.<\/p>","protected":false},"excerpt":{"rendered":"<p>Effective Protection Against Water and Stains.\u00a0This suede waterproofer is specially designed to provide an invisible barrier against moisture and dirt. It prevents stains from water, mud, or grease while preserving the delicate texture and elegant look of suede. It\u2019s the perfect solution to keep your shoes, jackets, handbags, and other suede items in excellent condition, [&hellip;]<\/p>\n","protected":false},"featured_media":36193,"comment_status":"open","ping_status":"closed","template":"","meta":{"_uag_custom_page_level_css":"","site-sidebar-layout":"default","site-content-layout":"","ast-site-content-layout":"default","site-content-style":"default","site-sidebar-style":"default","ast-global-header-display":"","ast-banner-title-visibility":"","ast-main-header-display":"","ast-hfb-above-header-display":"","ast-hfb-below-header-display":"","ast-hfb-mobile-header-display":"","site-post-title":"","ast-breadcrumbs-content":"","ast-featured-img":"","footer-sml-layout":"","ast-disable-related-posts":"","theme-transparent-header-meta":"default","adv-header-id-meta":"","stick-header-meta":"","header-above-stick-meta":"","header-main-stick-meta":"","header-below-stick-meta":"","astra-migrate-meta-layouts":"set","ast-page-background-enabled":"default","ast-page-background-meta":{"desktop":{"background-color":"var(--ast-global-color-4)","background-image":"","background-repeat":"repeat","background-position":"center center","background-size":"auto","background-attachment":"scroll","background-type":"","background-media":"","overlay-type":"","overlay-color":"","overlay-opacity":"","overlay-gradient":""},"tablet":{"background-color":"","background-image":"","background-repeat":"repeat","background-position":"center center","background-size":"auto","background-attachment":"scroll","background-type":"","background-media":"","overlay-type":"","overlay-color":"","overlay-opacity":"","overlay-gradient":""},"mobile":{"background-color":"","background-image":"","background-repeat":"repeat","background-position":"center center","background-size":"auto","background-attachment":"scroll","background-type":"","background-media":"","overlay-type":"","overlay-color":"","overlay-opacity":"","overlay-gradient":""}},"ast-content-background-meta":{"desktop":{"background-color":"var(--ast-global-color-5)","background-image":"","background-repeat":"repeat","background-position":"center center","background-size":"auto","background-attachment":"scroll","background-type":"","background-media":"","overlay-type":"","overlay-color":"","overlay-opacity":"","overlay-gradient":""},"tablet":{"background-color":"var(--ast-global-color-5)","background-image":"","background-repeat":"repeat","background-position":"center center","background-size":"auto","background-attachment":"scroll","background-type":"","background-media":"","overlay-type":"","overlay-color":"","overlay-opacity":"","overlay-gradient":""},"mobile":{"background-color":"var(--ast-global-color-5)","background-image":"","background-repeat":"repeat","background-position":"center center","background-size":"auto","background-attachment":"scroll","background-type":"","background-media":"","overlay-type":"","overlay-color":"","overlay-opacity":"","overlay-gradient":""}}},"product_brand":[],"product_cat":[191],"product_tag":[],"class_list":{"0":"post-23790","1":"product","2":"type-product","3":"status-publish","4":"has-post-thumbnail","6":"product_cat-water-repellent","7":"desktop-align-left","8":"tablet-align-left","9":"mobile-align-left","11":"first","12":"instock","13":"sale","14":"taxable","15":"shipping-taxable","16":"purchasable","17":"product-type-variable","18":"has-default-attributes"},"spectra_custom_meta":{"_visibility":["visible"],"_shopify_product_id":["9106562253045"],"_s2w_shopify_domain":["ferberpainting.myshopify.com"],"_shopify_variant_id":["46626270150901"],"_sku":[""],"_manage_stock":["no"],"total_sales":["9"],"_tax_status":["taxable"],"_tax_class":[""],"_backorders":["no"],"_sold_individually":["no"],"_virtual":["no"],"_downloadable":["no"],"_download_limit":["-1"],"_download_expiry":["-1"],"_stock":[null],"_stock_status":["instock"],"_wc_average_rating":["5.00"],"_wc_review_count":["33"],"_product_attributes":["a:1:{s:6:\"volume\";a:6:{s:4:\"name\";s:6:\"Volume\";s:5:\"value\";s:20:\"5 liters | 25 liters\";s:8:\"position\";i:1;s:10:\"is_visible\";i:0;s:12:\"is_variation\";i:1;s:11:\"is_taxonomy\";i:0;}}"],"_product_version":["10.5.1"],"wpse_downloadable_file_names":[""],"wpse_downloadable_file_urls":[""],"_edit_last":["1"],"_default_attributes":["a:1:{s:6:\"volume\";s:8:\"5 liters\";}"],"_edit_lock":["1771184229:1"],"_price":["29.90","129.90"],"merchant-center-availability":["yes"],"merchant-center-category":["503738"],"_thumbnail_id":["36193"],"_wp_page_template":["default"],"_product_image_gallery":["36194"],"site-sidebar-layout":["default"],"ast-site-content-layout":["default"],"site-content-style":["default"],"site-sidebar-style":["default"],"theme-transparent-header-meta":["default"],"_wc_rating_count":["a:1:{i:5;i:33;}"],"astra-migrate-meta-layouts":["set"],"_uag_css_file_name":["uag-css-23790.css"],"_elementor_page_assets":["a:0:{}"],"_uag_page_assets":["a:9:{s:3:\"css\";s:7133:\".uag-blocks-common-selector{z-index:var(--z-index-desktop) !important}@media(max-width: 976px){.uag-blocks-common-selector{z-index:var(--z-index-tablet) !important}}@media(max-width: 767px){.uag-blocks-common-selector{z-index:var(--z-index-mobile) !important}}.wp-block-uagb-image{display:flex}.wp-block-uagb-image__figure{position:relative;display:flex;flex-direction:column;max-width:100%;height:auto;margin:0}.wp-block-uagb-image__figure img{height:auto;display:flex;max-width:100%;transition:box-shadow .2s ease}.wp-block-uagb-image__figure>a{display:inline-block}.wp-block-uagb-image__figure figcaption{text-align:center;margin-top:.5em;margin-bottom:1em}.wp-block-uagb-image .components-placeholder.block-editor-media-placeholder .components-placeholder__instructions{align-self:center}.wp-block-uagb-image--align-left{text-align:left}.wp-block-uagb-image--align-right{text-align:right}.wp-block-uagb-image--align-center{text-align:center}.wp-block-uagb-image--align-full .wp-block-uagb-image__figure{margin-left:calc(50% - 50vw);margin-right:calc(50% - 50vw);max-width:100vw;width:100vw;height:auto}.wp-block-uagb-image--align-full .wp-block-uagb-image__figure img{height:auto;width:100% !important}.wp-block-uagb-image--align-wide .wp-block-uagb-image__figure img{height:auto;width:100%}.wp-block-uagb-image--layout-overlay__color-wrapper{position:absolute;left:0;top:0;right:0;bottom:0;opacity:.2;background:rgba(0,0,0,.5);transition:opacity .35s ease-in-out}.wp-block-uagb-image--layout-overlay-link{position:absolute;left:0;right:0;bottom:0;top:0}.wp-block-uagb-image--layout-overlay .wp-block-uagb-image__figure:hover .wp-block-uagb-image--layout-overlay__color-wrapper{opacity:1}.wp-block-uagb-image--layout-overlay__inner{position:absolute;left:15px;right:15px;bottom:15px;top:15px;display:flex;align-items:center;justify-content:center;flex-direction:column;border-color:#fff;transition:.35s ease-in-out}.wp-block-uagb-image--layout-overlay__inner.top-left,.wp-block-uagb-image--layout-overlay__inner.top-center,.wp-block-uagb-image--layout-overlay__inner.top-right{justify-content:flex-start}.wp-block-uagb-image--layout-overlay__inner.bottom-left,.wp-block-uagb-image--layout-overlay__inner.bottom-center,.wp-block-uagb-image--layout-overlay__inner.bottom-right{justify-content:flex-end}.wp-block-uagb-image--layout-overlay__inner.top-left,.wp-block-uagb-image--layout-overlay__inner.center-left,.wp-block-uagb-image--layout-overlay__inner.bottom-left{align-items:flex-start}.wp-block-uagb-image--layout-overlay__inner.top-right,.wp-block-uagb-image--layout-overlay__inner.center-right,.wp-block-uagb-image--layout-overlay__inner.bottom-right{align-items:flex-end}.wp-block-uagb-image--layout-overlay__inner .uagb-image-heading{color:#fff;transition:transform .35s,opacity .35s ease-in-out;transform:translate3d(0, 24px, 0);margin:0;line-height:1em}.wp-block-uagb-image--layout-overlay__inner .uagb-image-separator{width:30%;border-top-width:2px;border-top-color:#fff;border-top-style:solid;margin-bottom:10px;opacity:0;transition:transform .4s,opacity .4s ease-in-out;transform:translate3d(0, 30px, 0)}.wp-block-uagb-image--layout-overlay__inner .uagb-image-caption{opacity:0;overflow:visible;color:#fff;transition:transform .45s,opacity .45s ease-in-out;transform:translate3d(0, 35px, 0)}.wp-block-uagb-image--layout-overlay__inner:hover .uagb-image-heading,.wp-block-uagb-image--layout-overlay__inner:hover .uagb-image-separator,.wp-block-uagb-image--layout-overlay__inner:hover .uagb-image-caption{opacity:1;transform:translate3d(0, 0, 0)}.wp-block-uagb-image--effect-zoomin .wp-block-uagb-image__figure img,.wp-block-uagb-image--effect-zoomin .wp-block-uagb-image__figure .wp-block-uagb-image--layout-overlay__color-wrapper{transform:scale(1);transition:transform .35s ease-in-out}.wp-block-uagb-image--effect-zoomin .wp-block-uagb-image__figure:hover img,.wp-block-uagb-image--effect-zoomin .wp-block-uagb-image__figure:hover .wp-block-uagb-image--layout-overlay__color-wrapper{transform:scale(1.05)}.wp-block-uagb-image--effect-slide .wp-block-uagb-image__figure img,.wp-block-uagb-image--effect-slide .wp-block-uagb-image__figure .wp-block-uagb-image--layout-overlay__color-wrapper{width:calc(100% + 40px) !important;max-width:none !important;transform:translate3d(-40px, 0, 0);transition:transform .35s ease-in-out}.wp-block-uagb-image--effect-slide .wp-block-uagb-image__figure:hover img,.wp-block-uagb-image--effect-slide .wp-block-uagb-image__figure:hover .wp-block-uagb-image--layout-overlay__color-wrapper{transform:translate3d(0, 0, 0)}.wp-block-uagb-image--effect-grayscale img{filter:grayscale(0%);transition:.35s ease-in-out}.wp-block-uagb-image--effect-grayscale:hover img{filter:grayscale(100%)}.wp-block-uagb-image--effect-blur img{filter:blur(0);transition:.35s ease-in-out}.wp-block-uagb-image--effect-blur:hover img{filter:blur(3px)}.uagb-block-e6f939b3.wp-block-uagb-image--layout-default figure img{box-shadow: 0px 0px 0 #00000070;}.uagb-block-e6f939b3.wp-block-uagb-image .wp-block-uagb-image__figure figcaption{font-style: normal;align-self: center;}.uagb-block-e6f939b3.wp-block-uagb-image--layout-overlay figure img{box-shadow: 0px 0px 0 #00000070;}.uagb-block-e6f939b3.wp-block-uagb-image--layout-overlay .wp-block-uagb-image--layout-overlay__color-wrapper{opacity: 0.2;}.uagb-block-e6f939b3.wp-block-uagb-image--layout-overlay .wp-block-uagb-image--layout-overlay__inner{left: 15px;right: 15px;top: 15px;bottom: 15px;}.uagb-block-e6f939b3.wp-block-uagb-image--layout-overlay .wp-block-uagb-image--layout-overlay__inner .uagb-image-heading{font-style: normal;color: #fff;opacity: 1;}.uagb-block-e6f939b3.wp-block-uagb-image--layout-overlay .wp-block-uagb-image--layout-overlay__inner .uagb-image-heading a{color: #fff;}.uagb-block-e6f939b3.wp-block-uagb-image--layout-overlay .wp-block-uagb-image--layout-overlay__inner .uagb-image-caption{opacity: 0;}.uagb-block-e6f939b3.wp-block-uagb-image--layout-overlay .wp-block-uagb-image__figure:hover .wp-block-uagb-image--layout-overlay__color-wrapper{opacity: 1;}.uagb-block-e6f939b3.wp-block-uagb-image .wp-block-uagb-image--layout-overlay__inner .uagb-image-separator{width: 30%;border-top-width: 2px;border-top-color: #fff;opacity: 0;}.uagb-block-e6f939b3.wp-block-uagb-image .wp-block-uagb-image__figure img{width: px;height: auto;}.uagb-block-e6f939b3.wp-block-uagb-image .wp-block-uagb-image__figure:hover .wp-block-uagb-image--layout-overlay__inner .uagb-image-caption{opacity: 1;}.uagb-block-e6f939b3.wp-block-uagb-image .wp-block-uagb-image__figure:hover .wp-block-uagb-image--layout-overlay__inner .uagb-image-separator{opacity: 1;}.uagb-block-e6f939b3.wp-block-uagb-image--layout-default figure:hover img{box-shadow: 0px 0px 0 #00000070;}.uagb-block-e6f939b3.wp-block-uagb-image--layout-overlay figure:hover img{box-shadow: 0px 0px 0 #00000070;}@media only screen and (max-width: 976px) {.uagb-block-e6f939b3.wp-block-uagb-image .wp-block-uagb-image__figure img{width: px;height: auto;}}@media only screen and (max-width: 767px) {.uagb-block-e6f939b3.wp-block-uagb-image .wp-block-uagb-image__figure img{width: px;height: auto;}}\";s:2:\"js\";s:0:\"\";s:18:\"current_block_list\";a:13:{i:0;s:11:\"core\/search\";i:1;s:10:\"core\/group\";i:2;s:12:\"core\/heading\";i:3;s:17:\"core\/latest-posts\";i:4;s:20:\"core\/latest-comments\";i:5;s:13:\"core\/archives\";i:6;s:15:\"core\/categories\";i:7;s:14:\"core\/paragraph\";i:8;s:10:\"uagb\/image\";i:9;s:11:\"core\/spacer\";i:10;s:30:\"woocommerce\/product-categories\";i:11;s:10:\"core\/image\";i:12;s:14:\"core\/shortcode\";}s:8:\"uag_flag\";b:1;s:11:\"uag_version\";s:10:\"1777259814\";s:6:\"gfonts\";a:0:{}s:10:\"gfonts_url\";s:0:\"\";s:12:\"gfonts_files\";a:0:{}s:14:\"uag_faq_layout\";b:0;}"]},"uagb_featured_image_src":{"full":["https:\/\/www.ferberpainting.com\/wp-content\/uploads\/2025\/07\/Leather-Water-Repellent-5L.png",2560,2560,false],"thumbnail":["https:\/\/www.ferberpainting.com\/wp-content\/uploads\/2025\/07\/Leather-Water-Repellent-5L-150x150.png",150,150,true],"medium":["https:\/\/www.ferberpainting.com\/wp-content\/uploads\/2025\/07\/Leather-Water-Repellent-5L-300x300.png",300,300,true],"medium_large":["https:\/\/www.ferberpainting.com\/wp-content\/uploads\/2025\/07\/Leather-Water-Repellent-5L-768x768.png",768,768,true],"large":["https:\/\/www.ferberpainting.com\/wp-content\/uploads\/2025\/07\/Leather-Water-Repellent-5L-1024x1024.png",1024,1024,true],"1536x1536":["https:\/\/www.ferberpainting.com\/wp-content\/uploads\/2025\/07\/Leather-Water-Repellent-5L-1536x1536.png",1536,1536,true],"2048x2048":["https:\/\/www.ferberpainting.com\/wp-content\/uploads\/2025\/07\/Leather-Water-Repellent-5L-2048x2048.png",2048,2048,true],"trp-custom-language-flag":["https:\/\/www.ferberpainting.com\/wp-content\/uploads\/2025\/07\/Leather-Water-Repellent-5L-12x12.png",12,12,true],"woocommerce_thumbnail":["https:\/\/www.ferberpainting.com\/wp-content\/uploads\/2025\/07\/Leather-Water-Repellent-5L-300x300.png",300,300,true],"woocommerce_single":["https:\/\/www.ferberpainting.com\/wp-content\/uploads\/2025\/07\/Leather-Water-Repellent-5L-600x600.png",600,600,true],"woocommerce_gallery_thumbnail":["https:\/\/www.ferberpainting.com\/wp-content\/uploads\/2025\/07\/Leather-Water-Repellent-5L-100x100.png",100,100,true]},"uagb_author_info":{"display_name":"admin","author_link":"https:\/\/www.ferberpainting.com\/ch-it\/author\/"},"uagb_comment_info":33,"uagb_excerpt":"Effective Protection Against Water and Stains.\u00a0This suede waterproofer is specially designed to provide an invisible barrier against moisture and dirt. It prevents stains from water, mud, or grease while preserving the delicate texture and elegant look of suede. It\u2019s the perfect solution to keep your shoes, jackets, handbags, and other suede items in excellent condition,&hellip;","_links":{"self":[{"href":"https:\/\/www.ferberpainting.com\/ch-it\/wp-json\/wp\/v2\/product\/23790","targetHints":{"allow":["GET"]}}],"collection":[{"href":"https:\/\/www.ferberpainting.com\/ch-it\/wp-json\/wp\/v2\/product"}],"about":[{"href":"https:\/\/www.ferberpainting.com\/ch-it\/wp-json\/wp\/v2\/types\/product"}],"replies":[{"embeddable":true,"href":"https:\/\/www.ferberpainting.com\/ch-it\/wp-json\/wp\/v2\/comments?post=23790"}],"version-history":[{"count":3,"href":"https:\/\/www.ferberpainting.com\/ch-it\/wp-json\/wp\/v2\/product\/23790\/revisions"}],"predecessor-version":[{"id":166475,"href":"https:\/\/www.ferberpainting.com\/ch-it\/wp-json\/wp\/v2\/product\/23790\/revisions\/166475"}],"wp:featuredmedia":[{"embeddable":true,"href":"https:\/\/www.ferberpainting.com\/ch-it\/wp-json\/wp\/v2\/media\/36193"}],"wp:attachment":[{"href":"https:\/\/www.ferberpainting.com\/ch-it\/wp-json\/wp\/v2\/media?parent=23790"}],"wp:term":[{"taxonomy":"product_brand","embeddable":true,"href":"https:\/\/www.ferberpainting.com\/ch-it\/wp-json\/wp\/v2\/product_brand?post=23790"},{"taxonomy":"product_cat","embeddable":true,"href":"https:\/\/www.ferberpainting.com\/ch-it\/wp-json\/wp\/v2\/product_cat?post=23790"},{"taxonomy":"product_tag","embeddable":true,"href":"https:\/\/www.ferberpainting.com\/ch-it\/wp-json\/wp\/v2\/product_tag?post=23790"}],"curies":[{"name":"wp","href":"https:\/\/api.w.org\/{rel}","templated":true}]}}