{"id":23762,"date":"2025-07-01T19:59:55","date_gmt":"2025-07-01T17:59:55","guid":{"rendered":"https:\/\/www.ferberpainting.com\/?post_type=product&#038;p=23762"},"modified":"2026-02-15T20:12:08","modified_gmt":"2026-02-15T19:12:08","slug":"jewelry-cleaner","status":"publish","type":"product","link":"https:\/\/www.ferberpainting.com\/ch-it\/products\/jewelry-cleaner\/","title":{"rendered":"Detergente per gioielli"},"content":{"rendered":"<p><strong><img decoding=\"async\" style=\"margin-right: 12px;\" src=\"https:\/\/www.ferberpainting.com\/wp-content\/uploads\/2026\/02\/Check.svg\" alt=\"\" width=\"18\" height=\"15\" \/>Efficacia ottimale.<\/strong>\u00a0Questo detergente per gioielli \u00e8 stato appositamente formulato per eliminare efficacemente le tracce di ossidazione, i residui di sporco, la polvere, la schiuma di sapone e altre impurit\u00e0 che opacizzano la lucentezza dei gioielli. La sua potente formula penetra in profondit\u00e0 per ripristinare la brillantezza di metalli preziosi e pietre preziose senza danneggiarne la superficie. Riporta istantaneamente la lucentezza originale dei gioielli, facendoli tornare a splendere meravigliosamente con un solo utilizzo.<\/p>\n<p><strong><img decoding=\"async\" style=\"margin-right: 12px;\" src=\"https:\/\/www.ferberpainting.com\/wp-content\/uploads\/2026\/02\/Check.svg\" alt=\"\" width=\"18\" height=\"15\" \/>Garanzia di rimborso.<\/strong>\u00a0Abbiamo piena fiducia nell'efficacia del nostro detergente. Se dopo l'uso non siete completamente soddisfatti dei risultati, potrete ottenere un rimborso completo. Provate il nostro prodotto senza rischi e date ai vostri gioielli una seconda vita, senza sforzo.<\/p>\n<p><strong><img decoding=\"async\" style=\"margin-right: 12px;\" src=\"https:\/\/www.ferberpainting.com\/wp-content\/uploads\/2026\/02\/Check.svg\" alt=\"\" width=\"18\" height=\"15\" \/>Eccezionale versatilit\u00e0.<\/strong>\u00a0Questo detergente non \u00e8 limitato a un solo tipo di gioielli. \u00c8 compatibile con oro, argento, platino, palladio, acciaio inossidabile e pietre preziose come diamanti, zaffiri, smeraldi e rubini. \u00c8 perfetto anche per gioielli di perle, bigiotteria e pietre semipreziose come ametista, topazio e quarzo. Assicura una pulizia ottimale per tutti i tipi di gioielli, sia antichi che moderni.<\/p>\n<p><strong><img decoding=\"async\" style=\"margin-right: 12px;\" src=\"https:\/\/www.ferberpainting.com\/wp-content\/uploads\/2026\/02\/Check.svg\" alt=\"\" width=\"18\" height=\"15\" \/>Efficiente dal punto di vista dei costi.<\/strong>\u00a0Grazie al contenitore da 5 litri e alla formula concentrata, questo detergente offre un valore eccellente. Una piccola quantit\u00e0 \u00e8 sufficiente per pulire molti gioielli senza sprechi. In media, un litro pu\u00f2 pulire fino a 500 pezzi, il che lo rende una soluzione economica ed efficiente per la cura regolare dei vostri accessori preziosi.<\/p>\n<p><strong><img decoding=\"async\" style=\"margin-right: 12px;\" src=\"https:\/\/www.ferberpainting.com\/wp-content\/uploads\/2026\/02\/Check.svg\" alt=\"\" width=\"18\" height=\"15\" \/>Sicuro da usare.<\/strong>\u00a0A differenza dei detergenti aggressivi contenenti solventi o ammoniaca, questo prodotto \u00e8 formulato con sostanze non tossiche e sicure per i materiali sensibili. Non provoca appannamento o graffi e rispetta i rivestimenti protettivi di alcuni gioielli. Non emette odori sgradevoli, non irrita e non presenta rischi per la pelle, ideale anche per gli utenti pi\u00f9 sensibili.<\/p>\n<p><strong><img decoding=\"async\" style=\"margin-right: 12px;\" src=\"https:\/\/www.ferberpainting.com\/wp-content\/uploads\/2026\/02\/Check.svg\" alt=\"\" width=\"18\" height=\"15\" \/>Facilit\u00e0 d'uso.<\/strong>\u00a0Questo prodotto \u00e8 pronto all'uso e non richiede alcuna diluizione o manipolazione complicata. Pu\u00f2 essere applicato direttamente sui gioielli con un panno morbido, un pennello a setole morbide o utilizzato come ammollo. La sua formula rapida e intuitiva elimina le impurit\u00e0 in pochi secondi, senza eccessiva lucidatura.<\/p>\n<p><strong><img decoding=\"async\" style=\"margin-right: 12px;\" src=\"https:\/\/www.ferberpainting.com\/wp-content\/uploads\/2026\/02\/Check.svg\" alt=\"\" width=\"18\" height=\"15\" \/>Lucentezza di lunga durata.<\/strong>\u00a0Rimuovendo efficacemente i residui e preservando le superfici dei gioielli, questo detergente contribuisce a mantenerne la lucentezza e a prolungarne la durata. Previene l'ossidazione prematura dei metalli e l'accumulo di sporcizia che pu\u00f2 danneggiare pietre e incastonature. L'uso regolare assicura che i gioielli rimangano brillanti e belli per anni.<\/p>\n<p><strong><img decoding=\"async\" style=\"margin-right: 12px;\" src=\"https:\/\/www.ferberpainting.com\/wp-content\/uploads\/2026\/02\/Check.svg\" alt=\"\" width=\"18\" height=\"15\" \/>Azione rapida.<\/strong>\u00a0Grazie alla sua formula altamente attiva, questo detergente agisce immediatamente sullo sporco e sulle aree opache. In pochi secondi scioglie le impurit\u00e0 e ne facilita la rimozione, senza bisogno di strofinare energicamente. Il suo effetto istantaneo \u00e8 ideale per una manutenzione rapida ed efficace dei gioielli, aiutando a ripristinare la lucentezza in tempi record.<\/p>\n<h2><strong>Istruzioni per l'uso<\/strong><\/h2>\n<ul>\n<li><strong>Preparazione <\/strong>: Verificare che i gioielli non abbiano parti staccabili e assicurarsi che siano compatibili con la pulizia con liquidi. Per i gioielli delicati, fare sempre una prova su una piccola area.<\/li>\n<li><strong>Pulizia manuale <\/strong>: Applicare una piccola quantit\u00e0 di detergente su un panno morbido o una spazzola a setole morbide, quindi strofinare delicatamente i gioielli con movimenti circolari per eliminare le impurit\u00e0.<\/li>\n<li><strong>In ammollo <\/strong>: Per una pulizia pi\u00f9 profonda, immergere i gioielli in un contenitore di detergente e lasciarli riposare da 30 secondi a 2 minuti, a seconda di quanto sono sporchi.<\/li>\n<li><strong>Pulizia delle aree difficili <\/strong>: Per gioielli intricati o incastonature di pietre, utilizzare un pennello morbido o un bastoncino di cotone imbevuto di prodotto per raggiungere le zone di difficile accesso.<\/li>\n<li><strong>Risciacquo <\/strong>: Dopo l'applicazione o l'ammollo, risciacquare accuratamente con acqua tiepida per rimuovere tutti i residui di prodotto e prevenire gli accumuli.<\/li>\n<li><strong>Asciugatura e finitura <\/strong>: Asciugare accuratamente con un panno morbido e pulito. Per una maggiore brillantezza, tamponare delicatamente la superficie per ripristinare la piena lucentezza.<\/li>\n<li><strong>Frequenza d'uso <\/strong>: Pulire i gioielli non appena appaiono ossidazioni o opacit\u00e0. Per una cura preventiva, utilizzare una o due volte al mese per prevenire gli accumuli e preservare la lucentezza naturale.<\/li>\n<li><strong>Immagazzinamento <\/strong>: Conservare il contenitore ben chiuso dopo l'uso, in un luogo fresco e asciutto, al riparo dalla luce e dal calore, per mantenere le prestazioni del prodotto nel tempo.<\/li>\n<\/ul>\n<p>Con il nostro detergente per gioielli, ripristinate la brillantezza e la lucentezza dei vostri gioielli con facilit\u00e0. Una soluzione rapida, efficace e sicura per la cura perfetta dei vostri tesori preziosi.<\/p>","protected":false},"excerpt":{"rendered":"<p>Optimal Effectiveness.\u00a0This jewelry cleaner is specially formulated to effectively eliminate oxidation marks, dirt residues, dust, soap scum, and other impurities that dull the shine of jewelry. Its powerful formula penetrates deep to restore the brilliance of precious metals and gemstones without damaging their surface. It instantly brings back the original luster of your jewelry, allowing [&hellip;]<\/p>\n","protected":false},"featured_media":36627,"comment_status":"open","ping_status":"closed","template":"","meta":{"_uag_custom_page_level_css":"","site-sidebar-layout":"default","site-content-layout":"","ast-site-content-layout":"default","site-content-style":"default","site-sidebar-style":"default","ast-global-header-display":"","ast-banner-title-visibility":"","ast-main-header-display":"","ast-hfb-above-header-display":"","ast-hfb-below-header-display":"","ast-hfb-mobile-header-display":"","site-post-title":"","ast-breadcrumbs-content":"","ast-featured-img":"","footer-sml-layout":"","ast-disable-related-posts":"","theme-transparent-header-meta":"default","adv-header-id-meta":"","stick-header-meta":"","header-above-stick-meta":"","header-main-stick-meta":"","header-below-stick-meta":"","astra-migrate-meta-layouts":"set","ast-page-background-enabled":"default","ast-page-background-meta":{"desktop":{"background-color":"var(--ast-global-color-4)","background-image":"","background-repeat":"repeat","background-position":"center center","background-size":"auto","background-attachment":"scroll","background-type":"","background-media":"","overlay-type":"","overlay-color":"","overlay-opacity":"","overlay-gradient":""},"tablet":{"background-color":"","background-image":"","background-repeat":"repeat","background-position":"center center","background-size":"auto","background-attachment":"scroll","background-type":"","background-media":"","overlay-type":"","overlay-color":"","overlay-opacity":"","overlay-gradient":""},"mobile":{"background-color":"","background-image":"","background-repeat":"repeat","background-position":"center center","background-size":"auto","background-attachment":"scroll","background-type":"","background-media":"","overlay-type":"","overlay-color":"","overlay-opacity":"","overlay-gradient":""}},"ast-content-background-meta":{"desktop":{"background-color":"var(--ast-global-color-5)","background-image":"","background-repeat":"repeat","background-position":"center center","background-size":"auto","background-attachment":"scroll","background-type":"","background-media":"","overlay-type":"","overlay-color":"","overlay-opacity":"","overlay-gradient":""},"tablet":{"background-color":"var(--ast-global-color-5)","background-image":"","background-repeat":"repeat","background-position":"center center","background-size":"auto","background-attachment":"scroll","background-type":"","background-media":"","overlay-type":"","overlay-color":"","overlay-opacity":"","overlay-gradient":""},"mobile":{"background-color":"var(--ast-global-color-5)","background-image":"","background-repeat":"repeat","background-position":"center center","background-size":"auto","background-attachment":"scroll","background-type":"","background-media":"","overlay-type":"","overlay-color":"","overlay-opacity":"","overlay-gradient":""}}},"product_brand":[],"product_cat":[175],"product_tag":[],"class_list":{"0":"post-23762","1":"product","2":"type-product","3":"status-publish","4":"has-post-thumbnail","6":"product_cat-cleaning-products","7":"desktop-align-left","8":"tablet-align-left","9":"mobile-align-left","11":"first","12":"instock","13":"sale","14":"shipping-taxable","15":"purchasable","16":"product-type-variable","17":"has-default-attributes"},"spectra_custom_meta":{"_visibility":["visible"],"_shopify_product_id":["9102502854901"],"_s2w_shopify_domain":["ferberpainting.myshopify.com"],"_shopify_variant_id":["46616421859573"],"_sku":["FPJEWELRYCLEANER"],"_weight":["1.3"],"_global_unique_id":[""],"total_sales":["25"],"_tax_status":["taxable"],"_tax_class":[""],"_manage_stock":["no"],"_backorders":["no"],"_sold_individually":["no"],"_virtual":["no"],"_downloadable":["no"],"_download_limit":["-1"],"_download_expiry":["-1"],"_stock":[null],"_stock_status":["instock"],"_wc_average_rating":["5.00"],"_wc_review_count":["36"],"_product_version":["10.5.1"],"_edit_lock":["1772030676:1"],"_product_attributes":["a:1:{s:6:\"volume\";a:6:{s:4:\"name\";s:6:\"Volume\";s:5:\"value\";s:20:\"5 liters | 25 liters\";s:8:\"position\";i:0;s:10:\"is_visible\";i:1;s:12:\"is_variation\";i:1;s:11:\"is_taxonomy\";i:0;}}"],"_edit_last":["1"],"_wp_page_template":["default"],"_wp_old_date":["2025-05-26"],"site-sidebar-layout":["default"],"ast-site-content-layout":["default"],"site-content-style":["default"],"site-sidebar-style":["default"],"theme-transparent-header-meta":["default"],"_default_attributes":["a:1:{s:6:\"volume\";s:8:\"5 liters\";}"],"_price":["29.90","129.90"],"merchant-center-availability":["yes"],"merchant-center-category":["499919"],"_thumbnail_id":["36627"],"_product_image_gallery":["36628"],"_wc_rating_count":["a:1:{i:5;i:36;}"],"astra-migrate-meta-layouts":["set"],"_uag_css_file_name":["uag-css-23762.css"],"_elementor_page_assets":["a:0:{}"],"_uag_page_assets":["a:9:{s:3:\"css\";s:7133:\".uag-blocks-common-selector{z-index:var(--z-index-desktop) !important}@media(max-width: 976px){.uag-blocks-common-selector{z-index:var(--z-index-tablet) !important}}@media(max-width: 767px){.uag-blocks-common-selector{z-index:var(--z-index-mobile) !important}}.wp-block-uagb-image{display:flex}.wp-block-uagb-image__figure{position:relative;display:flex;flex-direction:column;max-width:100%;height:auto;margin:0}.wp-block-uagb-image__figure img{height:auto;display:flex;max-width:100%;transition:box-shadow .2s ease}.wp-block-uagb-image__figure>a{display:inline-block}.wp-block-uagb-image__figure figcaption{text-align:center;margin-top:.5em;margin-bottom:1em}.wp-block-uagb-image .components-placeholder.block-editor-media-placeholder .components-placeholder__instructions{align-self:center}.wp-block-uagb-image--align-left{text-align:left}.wp-block-uagb-image--align-right{text-align:right}.wp-block-uagb-image--align-center{text-align:center}.wp-block-uagb-image--align-full .wp-block-uagb-image__figure{margin-left:calc(50% - 50vw);margin-right:calc(50% - 50vw);max-width:100vw;width:100vw;height:auto}.wp-block-uagb-image--align-full .wp-block-uagb-image__figure img{height:auto;width:100% !important}.wp-block-uagb-image--align-wide .wp-block-uagb-image__figure img{height:auto;width:100%}.wp-block-uagb-image--layout-overlay__color-wrapper{position:absolute;left:0;top:0;right:0;bottom:0;opacity:.2;background:rgba(0,0,0,.5);transition:opacity .35s ease-in-out}.wp-block-uagb-image--layout-overlay-link{position:absolute;left:0;right:0;bottom:0;top:0}.wp-block-uagb-image--layout-overlay .wp-block-uagb-image__figure:hover .wp-block-uagb-image--layout-overlay__color-wrapper{opacity:1}.wp-block-uagb-image--layout-overlay__inner{position:absolute;left:15px;right:15px;bottom:15px;top:15px;display:flex;align-items:center;justify-content:center;flex-direction:column;border-color:#fff;transition:.35s ease-in-out}.wp-block-uagb-image--layout-overlay__inner.top-left,.wp-block-uagb-image--layout-overlay__inner.top-center,.wp-block-uagb-image--layout-overlay__inner.top-right{justify-content:flex-start}.wp-block-uagb-image--layout-overlay__inner.bottom-left,.wp-block-uagb-image--layout-overlay__inner.bottom-center,.wp-block-uagb-image--layout-overlay__inner.bottom-right{justify-content:flex-end}.wp-block-uagb-image--layout-overlay__inner.top-left,.wp-block-uagb-image--layout-overlay__inner.center-left,.wp-block-uagb-image--layout-overlay__inner.bottom-left{align-items:flex-start}.wp-block-uagb-image--layout-overlay__inner.top-right,.wp-block-uagb-image--layout-overlay__inner.center-right,.wp-block-uagb-image--layout-overlay__inner.bottom-right{align-items:flex-end}.wp-block-uagb-image--layout-overlay__inner .uagb-image-heading{color:#fff;transition:transform .35s,opacity .35s ease-in-out;transform:translate3d(0, 24px, 0);margin:0;line-height:1em}.wp-block-uagb-image--layout-overlay__inner .uagb-image-separator{width:30%;border-top-width:2px;border-top-color:#fff;border-top-style:solid;margin-bottom:10px;opacity:0;transition:transform .4s,opacity .4s ease-in-out;transform:translate3d(0, 30px, 0)}.wp-block-uagb-image--layout-overlay__inner .uagb-image-caption{opacity:0;overflow:visible;color:#fff;transition:transform .45s,opacity .45s ease-in-out;transform:translate3d(0, 35px, 0)}.wp-block-uagb-image--layout-overlay__inner:hover .uagb-image-heading,.wp-block-uagb-image--layout-overlay__inner:hover .uagb-image-separator,.wp-block-uagb-image--layout-overlay__inner:hover .uagb-image-caption{opacity:1;transform:translate3d(0, 0, 0)}.wp-block-uagb-image--effect-zoomin .wp-block-uagb-image__figure img,.wp-block-uagb-image--effect-zoomin .wp-block-uagb-image__figure .wp-block-uagb-image--layout-overlay__color-wrapper{transform:scale(1);transition:transform .35s ease-in-out}.wp-block-uagb-image--effect-zoomin .wp-block-uagb-image__figure:hover img,.wp-block-uagb-image--effect-zoomin .wp-block-uagb-image__figure:hover .wp-block-uagb-image--layout-overlay__color-wrapper{transform:scale(1.05)}.wp-block-uagb-image--effect-slide .wp-block-uagb-image__figure img,.wp-block-uagb-image--effect-slide .wp-block-uagb-image__figure .wp-block-uagb-image--layout-overlay__color-wrapper{width:calc(100% + 40px) !important;max-width:none !important;transform:translate3d(-40px, 0, 0);transition:transform .35s ease-in-out}.wp-block-uagb-image--effect-slide .wp-block-uagb-image__figure:hover img,.wp-block-uagb-image--effect-slide .wp-block-uagb-image__figure:hover .wp-block-uagb-image--layout-overlay__color-wrapper{transform:translate3d(0, 0, 0)}.wp-block-uagb-image--effect-grayscale img{filter:grayscale(0%);transition:.35s ease-in-out}.wp-block-uagb-image--effect-grayscale:hover img{filter:grayscale(100%)}.wp-block-uagb-image--effect-blur img{filter:blur(0);transition:.35s ease-in-out}.wp-block-uagb-image--effect-blur:hover img{filter:blur(3px)}.uagb-block-e6f939b3.wp-block-uagb-image--layout-default figure img{box-shadow: 0px 0px 0 #00000070;}.uagb-block-e6f939b3.wp-block-uagb-image .wp-block-uagb-image__figure figcaption{font-style: normal;align-self: center;}.uagb-block-e6f939b3.wp-block-uagb-image--layout-overlay figure img{box-shadow: 0px 0px 0 #00000070;}.uagb-block-e6f939b3.wp-block-uagb-image--layout-overlay .wp-block-uagb-image--layout-overlay__color-wrapper{opacity: 0.2;}.uagb-block-e6f939b3.wp-block-uagb-image--layout-overlay .wp-block-uagb-image--layout-overlay__inner{left: 15px;right: 15px;top: 15px;bottom: 15px;}.uagb-block-e6f939b3.wp-block-uagb-image--layout-overlay .wp-block-uagb-image--layout-overlay__inner .uagb-image-heading{font-style: normal;color: #fff;opacity: 1;}.uagb-block-e6f939b3.wp-block-uagb-image--layout-overlay .wp-block-uagb-image--layout-overlay__inner .uagb-image-heading a{color: #fff;}.uagb-block-e6f939b3.wp-block-uagb-image--layout-overlay .wp-block-uagb-image--layout-overlay__inner .uagb-image-caption{opacity: 0;}.uagb-block-e6f939b3.wp-block-uagb-image--layout-overlay .wp-block-uagb-image__figure:hover .wp-block-uagb-image--layout-overlay__color-wrapper{opacity: 1;}.uagb-block-e6f939b3.wp-block-uagb-image .wp-block-uagb-image--layout-overlay__inner .uagb-image-separator{width: 30%;border-top-width: 2px;border-top-color: #fff;opacity: 0;}.uagb-block-e6f939b3.wp-block-uagb-image .wp-block-uagb-image__figure img{width: px;height: auto;}.uagb-block-e6f939b3.wp-block-uagb-image .wp-block-uagb-image__figure:hover .wp-block-uagb-image--layout-overlay__inner .uagb-image-caption{opacity: 1;}.uagb-block-e6f939b3.wp-block-uagb-image .wp-block-uagb-image__figure:hover .wp-block-uagb-image--layout-overlay__inner .uagb-image-separator{opacity: 1;}.uagb-block-e6f939b3.wp-block-uagb-image--layout-default figure:hover img{box-shadow: 0px 0px 0 #00000070;}.uagb-block-e6f939b3.wp-block-uagb-image--layout-overlay figure:hover img{box-shadow: 0px 0px 0 #00000070;}@media only screen and (max-width: 976px) {.uagb-block-e6f939b3.wp-block-uagb-image .wp-block-uagb-image__figure img{width: px;height: auto;}}@media only screen and (max-width: 767px) {.uagb-block-e6f939b3.wp-block-uagb-image .wp-block-uagb-image__figure img{width: px;height: auto;}}\";s:2:\"js\";s:0:\"\";s:18:\"current_block_list\";a:13:{i:0;s:11:\"core\/search\";i:1;s:10:\"core\/group\";i:2;s:12:\"core\/heading\";i:3;s:17:\"core\/latest-posts\";i:4;s:20:\"core\/latest-comments\";i:5;s:13:\"core\/archives\";i:6;s:15:\"core\/categories\";i:7;s:14:\"core\/paragraph\";i:8;s:10:\"uagb\/image\";i:9;s:11:\"core\/spacer\";i:10;s:30:\"woocommerce\/product-categories\";i:11;s:10:\"core\/image\";i:12;s:14:\"core\/shortcode\";}s:8:\"uag_flag\";b:1;s:11:\"uag_version\";s:10:\"1776780533\";s:6:\"gfonts\";a:0:{}s:10:\"gfonts_url\";s:0:\"\";s:12:\"gfonts_files\";a:0:{}s:14:\"uag_faq_layout\";b:0;}"]},"uagb_featured_image_src":{"full":["https:\/\/www.ferberpainting.com\/wp-content\/uploads\/2025\/07\/Jewelry-Cleaner-5L-.png",2560,2560,false],"thumbnail":["https:\/\/www.ferberpainting.com\/wp-content\/uploads\/2025\/07\/Jewelry-Cleaner-5L--150x150.png",150,150,true],"medium":["https:\/\/www.ferberpainting.com\/wp-content\/uploads\/2025\/07\/Jewelry-Cleaner-5L--300x300.png",300,300,true],"medium_large":["https:\/\/www.ferberpainting.com\/wp-content\/uploads\/2025\/07\/Jewelry-Cleaner-5L--768x768.png",768,768,true],"large":["https:\/\/www.ferberpainting.com\/wp-content\/uploads\/2025\/07\/Jewelry-Cleaner-5L--1024x1024.png",1024,1024,true],"1536x1536":["https:\/\/www.ferberpainting.com\/wp-content\/uploads\/2025\/07\/Jewelry-Cleaner-5L--1536x1536.png",1536,1536,true],"2048x2048":["https:\/\/www.ferberpainting.com\/wp-content\/uploads\/2025\/07\/Jewelry-Cleaner-5L--2048x2048.png",2048,2048,true],"trp-custom-language-flag":["https:\/\/www.ferberpainting.com\/wp-content\/uploads\/2025\/07\/Jewelry-Cleaner-5L--12x12.png",12,12,true],"woocommerce_thumbnail":["https:\/\/www.ferberpainting.com\/wp-content\/uploads\/2025\/07\/Jewelry-Cleaner-5L--300x300.png",300,300,true],"woocommerce_single":["https:\/\/www.ferberpainting.com\/wp-content\/uploads\/2025\/07\/Jewelry-Cleaner-5L--600x600.png",600,600,true],"woocommerce_gallery_thumbnail":["https:\/\/www.ferberpainting.com\/wp-content\/uploads\/2025\/07\/Jewelry-Cleaner-5L--100x100.png",100,100,true]},"uagb_author_info":{"display_name":"admin","author_link":"https:\/\/www.ferberpainting.com\/ch-it\/author\/"},"uagb_comment_info":36,"uagb_excerpt":"Optimal Effectiveness.\u00a0This jewelry cleaner is specially formulated to effectively eliminate oxidation marks, dirt residues, dust, soap scum, and other impurities that dull the shine of jewelry. Its powerful formula penetrates deep to restore the brilliance of precious metals and gemstones without damaging their surface. It instantly brings back the original luster of your jewelry, allowing&hellip;","_links":{"self":[{"href":"https:\/\/www.ferberpainting.com\/ch-it\/wp-json\/wp\/v2\/product\/23762","targetHints":{"allow":["GET"]}}],"collection":[{"href":"https:\/\/www.ferberpainting.com\/ch-it\/wp-json\/wp\/v2\/product"}],"about":[{"href":"https:\/\/www.ferberpainting.com\/ch-it\/wp-json\/wp\/v2\/types\/product"}],"replies":[{"embeddable":true,"href":"https:\/\/www.ferberpainting.com\/ch-it\/wp-json\/wp\/v2\/comments?post=23762"}],"version-history":[{"count":5,"href":"https:\/\/www.ferberpainting.com\/ch-it\/wp-json\/wp\/v2\/product\/23762\/revisions"}],"predecessor-version":[{"id":166445,"href":"https:\/\/www.ferberpainting.com\/ch-it\/wp-json\/wp\/v2\/product\/23762\/revisions\/166445"}],"wp:featuredmedia":[{"embeddable":true,"href":"https:\/\/www.ferberpainting.com\/ch-it\/wp-json\/wp\/v2\/media\/36627"}],"wp:attachment":[{"href":"https:\/\/www.ferberpainting.com\/ch-it\/wp-json\/wp\/v2\/media?parent=23762"}],"wp:term":[{"taxonomy":"product_brand","embeddable":true,"href":"https:\/\/www.ferberpainting.com\/ch-it\/wp-json\/wp\/v2\/product_brand?post=23762"},{"taxonomy":"product_cat","embeddable":true,"href":"https:\/\/www.ferberpainting.com\/ch-it\/wp-json\/wp\/v2\/product_cat?post=23762"},{"taxonomy":"product_tag","embeddable":true,"href":"https:\/\/www.ferberpainting.com\/ch-it\/wp-json\/wp\/v2\/product_tag?post=23762"}],"curies":[{"name":"wp","href":"https:\/\/api.w.org\/{rel}","templated":true}]}}