{"id":23156,"date":"2025-05-26T10:23:03","date_gmt":"2025-05-26T08:23:03","guid":{"rendered":"https:\/\/www.ferberpainting.com\/products\/concrete-and-cement-accelerator\/"},"modified":"2026-02-15T13:33:15","modified_gmt":"2026-02-15T12:33:15","slug":"concrete-and-cement-accelerator","status":"publish","type":"product","link":"https:\/\/www.ferberpainting.com\/ch-fr\/products\/concrete-and-cement-accelerator\/","title":{"rendered":"Acc\u00e9l\u00e9rateur de prise pour b\u00e9ton et ciment"},"content":{"rendered":"<p><img decoding=\"async\" style=\"margin-right: 12px;\" src=\"https:\/\/www.ferberpainting.com\/wp-content\/uploads\/2026\/02\/Check.svg\" alt=\"\" width=\"18\" height=\"15\" \/><strong>Temps de prise r\u00e9duit.<\/strong>\u00a0Cet acc\u00e9l\u00e9rateur de prise est sp\u00e9cialement con\u00e7u pour raccourcir consid\u00e9rablement le temps de durcissement du b\u00e9ton, du ciment et du mortier, permettant une application plus rapide et optimisant le flux de travail sur les chantiers de construction. Il est id\u00e9al pour les projets o\u00f9 le gain de temps est crucial, en particulier par temps froid lorsque la prise naturelle ralentit.<\/p>\n<p><img decoding=\"async\" style=\"margin-right: 12px;\" src=\"https:\/\/www.ferberpainting.com\/wp-content\/uploads\/2026\/02\/Check.svg\" alt=\"\" width=\"18\" height=\"15\" \/><strong>Garantie de remboursement.<\/strong>\u00a0Nous sommes convaincus de l'efficacit\u00e9 de notre acc\u00e9l\u00e9rateur de prise et offrons une garantie de remboursement. Si le produit ne r\u00e9pond pas \u00e0 vos attentes, vous pouvez demander un remboursement sans conditions, ce qui vous assure un achat totalement s\u00fbr et sans risque.<\/p>\n<p><img decoding=\"async\" style=\"margin-right: 12px;\" src=\"https:\/\/www.ferberpainting.com\/wp-content\/uploads\/2026\/02\/Check.svg\" alt=\"\" width=\"18\" height=\"15\" \/><strong>Polyvalent pour divers mat\u00e9riaux.<\/strong>\u00a0Cet acc\u00e9l\u00e9rateur est compatible avec une large gamme de mat\u00e9riaux, y compris le b\u00e9ton, le ciment et le mortier. Il convient aux travaux de ma\u00e7onnerie courants ainsi qu'\u00e0 des applications plus sp\u00e9cifiques telles que la pr\u00e9fabrication, les r\u00e9parations rapides, les chapes et les dalles n\u00e9cessitant un durcissement rapide.<\/p>\n<p><img decoding=\"async\" style=\"margin-right: 12px;\" src=\"https:\/\/www.ferberpainting.com\/wp-content\/uploads\/2026\/02\/Check.svg\" alt=\"\" width=\"18\" height=\"15\" \/><strong>Performance optimale en termes de co\u00fbt et d'efficacit\u00e9.<\/strong>\u00a0Gr\u00e2ce \u00e0 sa forte concentration, seule une petite quantit\u00e9 d'acc\u00e9l\u00e9rateur est n\u00e9cessaire pour obtenir un effet significatif. En moyenne, 0,5 \u00e0 2 litres de produit suffisent pour acc\u00e9l\u00e9rer la prise de 100 kg de ciment, ce qui offre un excellent rapport co\u00fbt-performance. Son dosage r\u00e9glable permet une utilisation optimis\u00e9e en fonction des conditions climatiques et des exigences du chantier.<\/p>\n<p><img decoding=\"async\" style=\"margin-right: 12px;\" src=\"https:\/\/www.ferberpainting.com\/wp-content\/uploads\/2026\/02\/Check.svg\" alt=\"\" width=\"18\" height=\"15\" \/><strong>S\u00e9curit\u00e9 et non-toxicit\u00e9.<\/strong>\u00a0Formul\u00e9 pour une utilisation s\u00fbre, cet acc\u00e9l\u00e9rateur ne contient aucune substance toxique et ne pr\u00e9sente aucun risque pour la sant\u00e9 des travailleurs ou l'environnement. Il n'\u00e9met pas de vapeurs nocives et peut \u00eatre utilis\u00e9 en toute confiance \u00e0 l'int\u00e9rieur comme \u00e0 l'ext\u00e9rieur.<\/p>\n<p><img decoding=\"async\" style=\"margin-right: 12px;\" src=\"https:\/\/www.ferberpainting.com\/wp-content\/uploads\/2026\/02\/Check.svg\" alt=\"\" width=\"18\" height=\"15\" \/><strong>Facilit\u00e9 d'utilisation.<\/strong>\u00a0Ce produit est extr\u00eamement facile \u00e0 utiliser et ne n\u00e9cessite aucun \u00e9quipement particulier. Il peut \u00eatre ajout\u00e9 directement \u00e0 l'eau de g\u00e2chage ou m\u00e9lang\u00e9 au b\u00e9ton ou au mortier lors de la pr\u00e9paration. Son dosage pr\u00e9cis garantit une application rapide et efficace, m\u00eame pour les utilisateurs inexp\u00e9riment\u00e9s.<\/p>\n<p><img decoding=\"async\" style=\"margin-right: 12px;\" src=\"https:\/\/www.ferberpainting.com\/wp-content\/uploads\/2026\/02\/Check.svg\" alt=\"\" width=\"18\" height=\"15\" \/><strong>Durabilit\u00e9 am\u00e9lior\u00e9e.<\/strong>\u00a0En acc\u00e9l\u00e9rant le temps de prise, ce produit favorise un durcissement plus uniforme et am\u00e9liore la r\u00e9sistance m\u00e9canique du b\u00e9ton. Il r\u00e9duit le risque de fissuration li\u00e9 aux cycles de gel-d\u00e9gel et optimise la structure finale, assurant ainsi une plus grande long\u00e9vit\u00e9 des ouvrages r\u00e9alis\u00e9s.<\/p>\n<p><img decoding=\"async\" style=\"margin-right: 12px;\" src=\"https:\/\/www.ferberpainting.com\/wp-content\/uploads\/2026\/02\/Check.svg\" alt=\"\" width=\"18\" height=\"15\" \/><strong>Un gain de temps exceptionnel.<\/strong>\u00a0Cet acc\u00e9l\u00e9rateur est particuli\u00e8rement adapt\u00e9 aux situations n\u00e9cessitant un s\u00e9chage rapide du b\u00e9ton ou du ciment, ce qui permet de r\u00e9duire consid\u00e9rablement les temps d'attente entre les diff\u00e9rentes \u00e9tapes de la construction. Il permet un d\u00e9coffrage plus rapide, un chargement plus pr\u00e9coce des dalles et garantit une efficacit\u00e9 accrue, en particulier pour les travaux urgents.<\/p>\n<h2><strong>Protocole d'utilisation<\/strong><\/h2>\n<ul>\n<li><strong>Dosage recommand\u00e9 :<\/strong> Utiliser entre 0,5 et 2 litres d'acc\u00e9l\u00e9rateur pour 100 kg de ciment, en fonction du niveau d'acc\u00e9l\u00e9ration souhait\u00e9 et des conditions ext\u00e9rieures. Un dosage plus \u00e9lev\u00e9 est recommand\u00e9 par temps froid ou lorsqu'un durcissement rapide est indispensable.<\/li>\n<li><strong>Int\u00e9gration du m\u00e9lange :<\/strong> Ajouter l'acc\u00e9l\u00e9rateur directement \u00e0 l'eau de g\u00e2chage avant de la verser dans le b\u00e9ton ou le mortier. Il peut \u00e9galement \u00eatre incorpor\u00e9 progressivement pendant le m\u00e9lange afin d'assurer une meilleure homog\u00e9n\u00e9isation du produit.<\/li>\n<li><strong>M\u00e9lange efficace :<\/strong> M\u00e9langer tous les composants pendant au moins 3 \u00e0 5 minutes pour assurer une distribution uniforme et \u00e9viter une surconcentration locale du produit.<\/li>\n<li><strong>Contr\u00f4le de la maturation :<\/strong> V\u00e9rifier la prise du b\u00e9ton apr\u00e8s le coulage, en tenant compte des conditions ambiantes (temp\u00e9rature, humidit\u00e9), car l'effet acc\u00e9l\u00e9rateur peut varier en fonction des circonstances.<\/li>\n<li><strong>Application et finition :<\/strong> Une fois que le m\u00e9lange est pr\u00eat, proc\u00e9der imm\u00e9diatement \u00e0 l'application. La prise acc\u00e9l\u00e9r\u00e9e n\u00e9cessite une mise en \u0153uvre rapide afin d'\u00e9viter un durcissement pr\u00e9matur\u00e9 dans le malaxeur ou la g\u00e2ch\u00e9e de b\u00e9ton.<\/li>\n<li><strong>Nettoyage des outils :<\/strong> Rincer soigneusement les outils et les r\u00e9cipients apr\u00e8s utilisation afin d'\u00e9viter les r\u00e9sidus de b\u00e9ton durci et de pr\u00e9server leur long\u00e9vit\u00e9.<\/li>\n<\/ul>","protected":false},"excerpt":{"rendered":"<p>Reduced Setting Time.\u00a0This setting accelerator is specially designed to significantly shorten the curing time of concrete, cement, and mortar, enabling faster application and optimizing workflow on construction sites. It is ideal for projects where time savings are crucial, especially in cold weather when natural setting slows down. Money-back Guarantee.\u00a0We are confident in the effectiveness of [&hellip;]<\/p>\n","protected":false},"featured_media":25731,"comment_status":"open","ping_status":"closed","template":"","meta":{"_uag_custom_page_level_css":"","site-sidebar-layout":"default","site-content-layout":"","ast-site-content-layout":"default","site-content-style":"default","site-sidebar-style":"default","ast-global-header-display":"","ast-banner-title-visibility":"","ast-main-header-display":"","ast-hfb-above-header-display":"","ast-hfb-below-header-display":"","ast-hfb-mobile-header-display":"","site-post-title":"","ast-breadcrumbs-content":"","ast-featured-img":"","footer-sml-layout":"","ast-disable-related-posts":"","theme-transparent-header-meta":"default","adv-header-id-meta":"","stick-header-meta":"","header-above-stick-meta":"","header-main-stick-meta":"","header-below-stick-meta":"","astra-migrate-meta-layouts":"set","ast-page-background-enabled":"default","ast-page-background-meta":{"desktop":{"background-color":"var(--ast-global-color-4)","background-image":"","background-repeat":"repeat","background-position":"center center","background-size":"auto","background-attachment":"scroll","background-type":"","background-media":"","overlay-type":"","overlay-color":"","overlay-opacity":"","overlay-gradient":""},"tablet":{"background-color":"","background-image":"","background-repeat":"repeat","background-position":"center center","background-size":"auto","background-attachment":"scroll","background-type":"","background-media":"","overlay-type":"","overlay-color":"","overlay-opacity":"","overlay-gradient":""},"mobile":{"background-color":"","background-image":"","background-repeat":"repeat","background-position":"center center","background-size":"auto","background-attachment":"scroll","background-type":"","background-media":"","overlay-type":"","overlay-color":"","overlay-opacity":"","overlay-gradient":""}},"ast-content-background-meta":{"desktop":{"background-color":"var(--ast-global-color-5)","background-image":"","background-repeat":"repeat","background-position":"center center","background-size":"auto","background-attachment":"scroll","background-type":"","background-media":"","overlay-type":"","overlay-color":"","overlay-opacity":"","overlay-gradient":""},"tablet":{"background-color":"var(--ast-global-color-5)","background-image":"","background-repeat":"repeat","background-position":"center center","background-size":"auto","background-attachment":"scroll","background-type":"","background-media":"","overlay-type":"","overlay-color":"","overlay-opacity":"","overlay-gradient":""},"mobile":{"background-color":"var(--ast-global-color-5)","background-image":"","background-repeat":"repeat","background-position":"center center","background-size":"auto","background-attachment":"scroll","background-type":"","background-media":"","overlay-type":"","overlay-color":"","overlay-opacity":"","overlay-gradient":""}}},"product_brand":[],"product_cat":[176],"product_tag":[],"class_list":{"0":"post-23156","1":"product","2":"type-product","3":"status-publish","4":"has-post-thumbnail","6":"product_cat-concrete-treatment","7":"desktop-align-left","8":"tablet-align-left","9":"mobile-align-left","11":"first","12":"instock","13":"sale","14":"shipping-taxable","15":"purchasable","16":"product-type-variable","17":"has-default-attributes"},"spectra_custom_meta":{"_visibility":["visible"],"_shopify_product_id":["9058933833973"],"_s2w_shopify_domain":["ferberpainting.myshopify.com"],"_shopify_variant_id":["46479732900085"],"_sku":[""],"_manage_stock":["no"],"total_sales":["33"],"_tax_status":["taxable"],"_tax_class":[""],"_backorders":["no"],"_sold_individually":["no"],"_virtual":["no"],"_downloadable":["no"],"_download_limit":["-1"],"_download_expiry":["-1"],"_stock":[null],"_stock_status":["instock"],"_wc_average_rating":["4.86"],"_wc_review_count":["7"],"_product_attributes":["a:1:{s:6:\"volume\";a:6:{s:4:\"name\";s:6:\"Volume\";s:5:\"value\";s:20:\"5 liters | 25 liters\";s:8:\"position\";i:1;s:10:\"is_visible\";i:0;s:12:\"is_variation\";i:1;s:11:\"is_taxonomy\";i:0;}}"],"_product_version":["10.5.1"],"_thumbnail_id":["25731"],"_product_image_gallery":["25732"],"wpse_downloadable_file_names":[""],"wpse_downloadable_file_urls":[""],"_edit_last":["1"],"_default_attributes":["a:1:{s:6:\"volume\";s:8:\"5 liters\";}"],"_edit_lock":["1771158656:1"],"_price":["29.90","129.90"],"merchant-center-availability":["yes"],"merchant-center-category":["2277"],"_wp_page_template":["default"],"site-sidebar-layout":["default"],"ast-site-content-layout":["default"],"site-content-style":["default"],"site-sidebar-style":["default"],"theme-transparent-header-meta":["default"],"_wc_rating_count":["a:2:{i:4;i:1;i:5;i:6;}"],"astra-migrate-meta-layouts":["set"],"_uag_css_file_name":["uag-css-23156.css"],"_elementor_page_assets":["a:0:{}"]},"uagb_featured_image_src":{"full":["https:\/\/www.ferberpainting.com\/wp-content\/uploads\/2025\/05\/ConcreteandCementAccelerator5L.png",2560,2560,false],"thumbnail":["https:\/\/www.ferberpainting.com\/wp-content\/uploads\/2025\/05\/ConcreteandCementAccelerator5L-150x150.png",150,150,true],"medium":["https:\/\/www.ferberpainting.com\/wp-content\/uploads\/2025\/05\/ConcreteandCementAccelerator5L-300x300.png",300,300,true],"medium_large":["https:\/\/www.ferberpainting.com\/wp-content\/uploads\/2025\/05\/ConcreteandCementAccelerator5L-768x768.png",768,768,true],"large":["https:\/\/www.ferberpainting.com\/wp-content\/uploads\/2025\/05\/ConcreteandCementAccelerator5L-1024x1024.png",1024,1024,true],"1536x1536":["https:\/\/www.ferberpainting.com\/wp-content\/uploads\/2025\/05\/ConcreteandCementAccelerator5L-1536x1536.png",1536,1536,true],"2048x2048":["https:\/\/www.ferberpainting.com\/wp-content\/uploads\/2025\/05\/ConcreteandCementAccelerator5L-2048x2048.png",2048,2048,true],"trp-custom-language-flag":["https:\/\/www.ferberpainting.com\/wp-content\/uploads\/2025\/05\/ConcreteandCementAccelerator5L-12x12.png",12,12,true],"woocommerce_thumbnail":["https:\/\/www.ferberpainting.com\/wp-content\/uploads\/2025\/05\/ConcreteandCementAccelerator5L-300x300.png",300,300,true],"woocommerce_single":["https:\/\/www.ferberpainting.com\/wp-content\/uploads\/2025\/05\/ConcreteandCementAccelerator5L-600x600.png",600,600,true],"woocommerce_gallery_thumbnail":["https:\/\/www.ferberpainting.com\/wp-content\/uploads\/2025\/05\/ConcreteandCementAccelerator5L-100x100.png",100,100,true]},"uagb_author_info":{"display_name":"admin","author_link":"https:\/\/www.ferberpainting.com\/ch-fr\/author\/"},"uagb_comment_info":7,"uagb_excerpt":"Reduced Setting Time.\u00a0This setting accelerator is specially designed to significantly shorten the curing time of concrete, cement, and mortar, enabling faster application and optimizing workflow on construction sites. It is ideal for projects where time savings are crucial, especially in cold weather when natural setting slows down. Money-back Guarantee.\u00a0We are confident in the effectiveness of&hellip;","_links":{"self":[{"href":"https:\/\/www.ferberpainting.com\/ch-fr\/wp-json\/wp\/v2\/product\/23156","targetHints":{"allow":["GET"]}}],"collection":[{"href":"https:\/\/www.ferberpainting.com\/ch-fr\/wp-json\/wp\/v2\/product"}],"about":[{"href":"https:\/\/www.ferberpainting.com\/ch-fr\/wp-json\/wp\/v2\/types\/product"}],"replies":[{"embeddable":true,"href":"https:\/\/www.ferberpainting.com\/ch-fr\/wp-json\/wp\/v2\/comments?post=23156"}],"version-history":[{"count":5,"href":"https:\/\/www.ferberpainting.com\/ch-fr\/wp-json\/wp\/v2\/product\/23156\/revisions"}],"predecessor-version":[{"id":166075,"href":"https:\/\/www.ferberpainting.com\/ch-fr\/wp-json\/wp\/v2\/product\/23156\/revisions\/166075"}],"wp:featuredmedia":[{"embeddable":true,"href":"https:\/\/www.ferberpainting.com\/ch-fr\/wp-json\/wp\/v2\/media\/25731"}],"wp:attachment":[{"href":"https:\/\/www.ferberpainting.com\/ch-fr\/wp-json\/wp\/v2\/media?parent=23156"}],"wp:term":[{"taxonomy":"product_brand","embeddable":true,"href":"https:\/\/www.ferberpainting.com\/ch-fr\/wp-json\/wp\/v2\/product_brand?post=23156"},{"taxonomy":"product_cat","embeddable":true,"href":"https:\/\/www.ferberpainting.com\/ch-fr\/wp-json\/wp\/v2\/product_cat?post=23156"},{"taxonomy":"product_tag","embeddable":true,"href":"https:\/\/www.ferberpainting.com\/ch-fr\/wp-json\/wp\/v2\/product_tag?post=23156"}],"curies":[{"name":"wp","href":"https:\/\/api.w.org\/{rel}","templated":true}]}}