{"id":25652,"date":"2025-05-26T10:33:09","date_gmt":"2025-05-26T08:33:09","guid":{"rendered":"https:\/\/www.ferberpainting.com\/products\/weed-killer\/"},"modified":"2026-02-18T09:08:46","modified_gmt":"2026-02-18T08:08:46","slug":"weed-killer","status":"publish","type":"product","link":"https:\/\/www.ferberpainting.com\/ch-de\/products\/weed-killer\/","title":{"rendered":"Unkrautvernichter"},"content":{"rendered":"<p><strong><img decoding=\"async\" style=\"margin-right: 12px;\" src=\"https:\/\/www.ferberpainting.com\/wp-content\/uploads\/2026\/02\/Check.svg\" alt=\"\" width=\"18\" height=\"15\" \/>Starke systemische Wirkung, die das Unkraut bis zur Wurzel beseitigt.<\/strong> Unser Unkrautvernichter enth\u00e4lt 360 g\/L Glyphosat, einen hochwirksamen systemischen Wirkstoff, der durch die Bl\u00e4tter dringt und sich in der gesamten Pflanzenstruktur ausbreitet. Im Gegensatz zu Kontaktherbiziden, die nur die Oberfl\u00e4che verbrennen, greift diese Formel das Unkraut von innen an und zerst\u00f6rt sowohl das sichtbare Wachstum als auch die unterirdischen Wurzeln. Dadurch wird eine vollst\u00e4ndige Ausrottung gew\u00e4hrleistet und das Nachwachsen erheblich reduziert, was es ideal f\u00fcr die langfristige Unkrautbek\u00e4mpfung in G\u00e4rten, Einfahrten, Wegen und landwirtschaftlichen Fl\u00e4chen macht.<\/p>\n<p><strong><img decoding=\"async\" style=\"margin-right: 12px;\" src=\"https:\/\/www.ferberpainting.com\/wp-content\/uploads\/2026\/02\/Check.svg\" alt=\"\" width=\"18\" height=\"15\" \/>Wir bieten eine Geld-zur\u00fcck-Garantie f\u00fcr vollst\u00e4ndige Kundenzufriedenheit.<\/strong> Wir stehen fest hinter der Wirksamkeit unseres Unkrautvernichters. Wenn Sie mit den Ergebnissen nicht zufrieden sind, erstatten wir Ihnen den Kaufpreis. Diese Geld-zur\u00fcck-Garantie erm\u00f6glicht es Ihnen, das Produkt mit vollem Vertrauen zu verwenden, da Sie wissen, dass Ihre Investition gesch\u00fctzt ist und Ihre Zufriedenheit unsere Priorit\u00e4t ist.<\/p>\n<p><strong><img decoding=\"async\" style=\"margin-right: 12px;\" src=\"https:\/\/www.ferberpainting.com\/wp-content\/uploads\/2026\/02\/Check.svg\" alt=\"\" width=\"18\" height=\"15\" \/>Die wirksamste Unkrautbek\u00e4mpfungsl\u00f6sung auf dem Markt.<\/strong> Mit einer hohen Konzentration von 360 g\/L Glyphosat bietet unsere Formel eine hervorragende Leistung gegen ein- und mehrj\u00e4hrige Unkr\u00e4uter. Es bek\u00e4mpft wirksam Gr\u00e4ser, breitbl\u00e4ttrige Unkr\u00e4uter und invasive Arten, indem es wesentliche Wachstumsprozesse innerhalb der Pflanze st\u00f6rt. Seine systemische Wirkung sorgt f\u00fcr eine tiefe und gr\u00fcndliche Beseitigung und macht es zu einer der zuverl\u00e4ssigsten und wirksamsten Unkrautbek\u00e4mpfungsl\u00f6sungen auf dem Markt.<\/p>\n<p><strong><img decoding=\"async\" style=\"margin-right: 12px;\" src=\"https:\/\/www.ferberpainting.com\/wp-content\/uploads\/2026\/02\/Check.svg\" alt=\"\" width=\"18\" height=\"15\" \/>Das billigste professionelle Unkrautvernichtungsmittel auf dem Markt.<\/strong> Eine leistungsstarke Unkrautbek\u00e4mpfung sollte bezahlbar bleiben. Wir bieten die wettbewerbsf\u00e4higsten Preise, ohne Kompromisse bei der Konzentration oder Qualit\u00e4t einzugehen. Durch die Optimierung von Produktion und Logistik bieten wir eine professionelle Glyphosatl\u00f6sung zum niedrigsten Preis im Vergleich zu \u00e4hnlichen Produkten an, was sowohl Hausbesitzern als auch professionellen Landschaftsg\u00e4rtnern einen au\u00dfergew\u00f6hnlichen Wert bietet.<\/p>\n<p><strong><img decoding=\"async\" style=\"margin-right: 12px;\" src=\"https:\/\/www.ferberpainting.com\/wp-content\/uploads\/2026\/02\/Check.svg\" alt=\"\" width=\"18\" height=\"15\" \/>Garantierte 24-Stunden-Lieferung f\u00fcr schnelles Handeln.<\/strong> Wenn sich Unkraut auszubreiten beginnt, ist eine sofortige Behandlung entscheidend. Deshalb bieten wir eine zuverl\u00e4ssige 24-Stunden-Lieferung, die sicherstellt, dass Ihr Unkrautvernichter schnell eintrifft und ohne Verz\u00f6gerung zur Anwendung bereit ist. Dank des schnellen Versands k\u00f6nnen Sie die Kontrolle \u00fcber Ihre Au\u00dfenanlagen schnell wiedererlangen.<\/p>\n<p><strong><img decoding=\"async\" style=\"margin-right: 12px;\" src=\"https:\/\/www.ferberpainting.com\/wp-content\/uploads\/2026\/02\/Check.svg\" alt=\"\" width=\"18\" height=\"15\" \/>Hochkonzentrierte Formel f\u00fcr sparsamen Gebrauch.<\/strong> Die empfohlene Verd\u00fcnnungsrate betr\u00e4gt 50 ml des Produkts pro Liter Wasser, was eine pr\u00e4zise Zubereitung je nach Gr\u00f6\u00dfe der zu behandelnden Fl\u00e4che erm\u00f6glicht. Diese Konzentration gew\u00e4hrleistet eine wirksame Unkrautbek\u00e4mpfung und maximiert gleichzeitig die Anzahl der Anwendungen aus einem einzigen Beh\u00e4lter.<\/p>\n<p><strong><img decoding=\"async\" style=\"margin-right: 12px;\" src=\"https:\/\/www.ferberpainting.com\/wp-content\/uploads\/2026\/02\/Check.svg\" alt=\"\" width=\"18\" height=\"15\" \/>Sichtbare Ergebnisse innerhalb weniger Tage.<\/strong> Nach der Anwendung zeigen die behandelten Unkr\u00e4uter innerhalb weniger Tage erste Anzeichen von Vergilbung und Welke. Das vollst\u00e4ndige Absterben der Pflanzen erfolgt in der Regel innerhalb von ein bis zwei Wochen, je nach Wetterbedingungen und Unkrautart. Die schnelle systemische Wirkung sorgt f\u00fcr effiziente und sp\u00fcrbare Ergebnisse.<\/p>\n<p><strong><img decoding=\"async\" style=\"margin-right: 12px;\" src=\"https:\/\/www.ferberpainting.com\/wp-content\/uploads\/2026\/02\/Check.svg\" alt=\"\" width=\"18\" height=\"15\" \/>Geeignet f\u00fcr eine Vielzahl von Au\u00dfenbereichen.<\/strong> Dieses Unkrautvernichtungsmittel kann auf Einfahrten, Gehwegen, Terrassen, Kiesfl\u00e4chen, Zaunlinien, Gartenbeeten vor der Bepflanzung und anderen nicht bewirtschafteten Fl\u00e4chen eingesetzt werden. Bei vorschriftsm\u00e4\u00dfiger Anwendung bietet es eine zuverl\u00e4ssige Kontrolle in Wohngebieten, Gewerbegebieten und in der Landwirtschaft.<\/p>\n<p><strong><img decoding=\"async\" style=\"margin-right: 12px;\" src=\"https:\/\/www.ferberpainting.com\/wp-content\/uploads\/2026\/02\/Check.svg\" alt=\"\" width=\"18\" height=\"15\" \/>Regenfeste Leistung nach der Absorption.<\/strong> Sobald das Produkt von den Bl\u00e4ttern der Pflanzen aufgenommen wurde, ist es innerhalb weniger Stunden regenfest. Dies gew\u00e4hrleistet eine wirksame Wirkung auch bei wechselnden Witterungsbedingungen, sofern nach der Anwendung eine ausreichende Trocknungszeit verstrichen ist.<\/p>\n<p><strong><img decoding=\"async\" style=\"margin-right: 12px;\" src=\"https:\/\/www.ferberpainting.com\/wp-content\/uploads\/2026\/02\/Check.svg\" alt=\"\" width=\"18\" height=\"15\" \/>Einfaches Mischen und Aufspr\u00fchen.<\/strong> Das Fl\u00fcssigkonzentrat ist einfach zu verd\u00fcnnen und mit einer handels\u00fcblichen Gartenspritze auszubringen. Die klaren Dosierungsanweisungen erm\u00f6glichen ein genaues Mischen und gew\u00e4hrleisten eine konsistente und wirksame Unkrautbek\u00e4mpfung ohne komplizierte Vorbereitungsschritte.<\/p>\n<h2><strong>Anweisungen<\/strong><\/h2>\n<ul>\n<li>Tragen Sie geeignete Schutzkleidung, Handschuhe und einen Augenschutz, bevor Sie das Produkt handhaben oder anwenden.<\/li>\n<li>Bereiten Sie die Spr\u00fchl\u00f6sung vor, indem Sie 50 ml Unkrautbek\u00e4mpfungsmittel auf 1 Liter sauberes Wasser verd\u00fcnnen.<\/li>\n<li>In einer Gartenspritze gr\u00fcndlich mischen, um eine gleichm\u00e4\u00dfige Verteilung des Wirkstoffs zu gew\u00e4hrleisten.<\/li>\n<li>Tragen Sie die L\u00f6sung gleichm\u00e4\u00dfig auf die Bl\u00e4tter aktiv wachsender Unkr\u00e4uter auf und sorgen Sie f\u00fcr eine gr\u00fcndliche Benetzung ohne \u00fcberm\u00e4\u00dfiges Auslaufen.<\/li>\n<li>Nicht auf erw\u00fcnschte Pflanzen, Rasenfl\u00e4chen oder Feldfr\u00fcchte ausbringen, es sei denn, dies ist ausdr\u00fccklich vorgesehen, da das Produkt nicht selektiv ist und die meisten Pflanzen sch\u00e4digt.<\/li>\n<li>Bei trockenem Wetter und wenig bis keinem Wind ausbringen, um eine Abdrift auf umliegende Pflanzen zu vermeiden.<\/li>\n<li>Vermeiden Sie die Anwendung, wenn innerhalb weniger Stunden Regen zu erwarten ist, um eine ausreichende Absorption in das Blattwerk zu erm\u00f6glichen.<\/li>\n<li>Die behandelten Unkr\u00e4uter mindestens 7 Tage nach der Anwendung nicht m\u00e4hen oder st\u00f6ren, damit die systemische Wirkung die Wurzeln erreichen kann.<\/li>\n<li>Sichtbare Ergebnisse treten in der Regel innerhalb von 3 bis 7 Tagen auf, wobei das vollst\u00e4ndige Absterben je nach Bedingungen innerhalb von 7 bis 14 Tagen eintritt.<\/li>\n<li>Bei hartn\u00e4ckigen, mehrj\u00e4hrigen Unkr\u00e4utern kann eine zweite Anwendung erforderlich sein, nachdem das Unkraut wieder gewachsen ist.<\/li>\n<li>Reinigen Sie die Spr\u00fchger\u00e4te nach dem Gebrauch gr\u00fcndlich mit Wasser.<\/li>\n<li>Lagern Sie das Produkt in seinem Originalbeh\u00e4lter, dicht verschlossen, an einem k\u00fchlen und trockenen Ort, gesch\u00fctzt vor direktem Sonnenlicht.<\/li>\n<li>Au\u00dferhalb der Reichweite von Kindern und Haustieren aufbewahren und stets die \u00f6rtlichen Vorschriften zur Verwendung und Entsorgung von Glyphosat beachten.<\/li>\n<\/ul>","protected":false},"excerpt":{"rendered":"<p>Powerful systemic action that eliminates weeds down to the root. Our weed killer contains 360 g\/L of glyphosate, a highly effective systemic active ingredient that penetrates through the leaves and travels throughout the entire plant structure. Unlike contact herbicides that only burn the surface, this formula attacks weeds internally, destroying both visible growth and underground [&hellip;]<\/p>\n","protected":false},"featured_media":27456,"comment_status":"open","ping_status":"closed","template":"","meta":{"_uag_custom_page_level_css":"","site-sidebar-layout":"default","site-content-layout":"","ast-site-content-layout":"default","site-content-style":"default","site-sidebar-style":"default","ast-global-header-display":"","ast-banner-title-visibility":"","ast-main-header-display":"","ast-hfb-above-header-display":"","ast-hfb-below-header-display":"","ast-hfb-mobile-header-display":"","site-post-title":"","ast-breadcrumbs-content":"","ast-featured-img":"","footer-sml-layout":"","ast-disable-related-posts":"","theme-transparent-header-meta":"default","adv-header-id-meta":"","stick-header-meta":"","header-above-stick-meta":"","header-main-stick-meta":"","header-below-stick-meta":"","astra-migrate-meta-layouts":"set","ast-page-background-enabled":"default","ast-page-background-meta":{"desktop":{"background-color":"var(--ast-global-color-4)","background-image":"","background-repeat":"repeat","background-position":"center center","background-size":"auto","background-attachment":"scroll","background-type":"","background-media":"","overlay-type":"","overlay-color":"","overlay-opacity":"","overlay-gradient":""},"tablet":{"background-color":"","background-image":"","background-repeat":"repeat","background-position":"center center","background-size":"auto","background-attachment":"scroll","background-type":"","background-media":"","overlay-type":"","overlay-color":"","overlay-opacity":"","overlay-gradient":""},"mobile":{"background-color":"","background-image":"","background-repeat":"repeat","background-position":"center center","background-size":"auto","background-attachment":"scroll","background-type":"","background-media":"","overlay-type":"","overlay-color":"","overlay-opacity":"","overlay-gradient":""}},"ast-content-background-meta":{"desktop":{"background-color":"var(--ast-global-color-5)","background-image":"","background-repeat":"repeat","background-position":"center center","background-size":"auto","background-attachment":"scroll","background-type":"","background-media":"","overlay-type":"","overlay-color":"","overlay-opacity":"","overlay-gradient":""},"tablet":{"background-color":"var(--ast-global-color-5)","background-image":"","background-repeat":"repeat","background-position":"center center","background-size":"auto","background-attachment":"scroll","background-type":"","background-media":"","overlay-type":"","overlay-color":"","overlay-opacity":"","overlay-gradient":""},"mobile":{"background-color":"var(--ast-global-color-5)","background-image":"","background-repeat":"repeat","background-position":"center center","background-size":"auto","background-attachment":"scroll","background-type":"","background-media":"","overlay-type":"","overlay-color":"","overlay-opacity":"","overlay-gradient":""}}},"product_brand":[],"product_cat":[175],"product_tag":[],"class_list":{"0":"post-25652","1":"product","2":"type-product","3":"status-publish","4":"has-post-thumbnail","6":"product_cat-cleaning-products","7":"desktop-align-left","8":"tablet-align-left","9":"mobile-align-left","11":"first","12":"instock","13":"sale","14":"shipping-taxable","15":"purchasable","16":"product-type-variable","17":"has-default-attributes"},"spectra_custom_meta":{"_visibility":["visible"],"_shopify_product_id":["7950217609461"],"_s2w_shopify_domain":["ferberpainting.myshopify.com"],"_shopify_variant_id":["43501943521525"],"_sku":[""],"_manage_stock":["no"],"total_sales":["2905"],"_tax_status":["taxable"],"_tax_class":[""],"_backorders":["no"],"_sold_individually":["no"],"_virtual":["no"],"_downloadable":["no"],"_download_limit":["-1"],"_download_expiry":["-1"],"_stock":[null],"_stock_status":["instock"],"_wc_average_rating":["4.73"],"_wc_review_count":["94"],"_product_attributes":["a:1:{s:6:\"volume\";a:6:{s:4:\"name\";s:6:\"Volume\";s:5:\"value\";s:20:\"5 liters | 25 liters\";s:8:\"position\";i:1;s:10:\"is_visible\";i:0;s:12:\"is_variation\";i:1;s:11:\"is_taxonomy\";i:0;}}"],"_product_version":["10.5.2"],"_thumbnail_id":["27456"],"_product_image_gallery":["27457"],"merchant-center-availability":["yes"],"merchant-center-category":["3103"],"merchant-center-id":["WK"],"wpse_downloadable_file_names":[""],"wpse_downloadable_file_urls":[""],"_edit_last":["1"],"_default_attributes":["a:1:{s:6:\"volume\";s:8:\"5 liters\";}"],"_wc_rating_count":["a:3:{i:3;i:7;i:4;i:11;i:5;i:76;}"],"_edit_lock":["1773466984:7131"],"_wp_page_template":["default"],"site-sidebar-layout":["default"],"ast-site-content-layout":["default"],"site-content-style":["default"],"site-sidebar-style":["default"],"theme-transparent-header-meta":["default"],"_upsell_ids":["a:3:{i:0;i:23505;i:1;i:25276;i:2;i:25600;}"],"_crosssell_ids":["a:3:{i:0;i:23505;i:1;i:25276;i:2;i:25600;}"],"_price":["29.90","129.90"],"astra-migrate-meta-layouts":["set"],"_uag_css_file_name":["uag-css-25652.css"],"_elementor_page_assets":["a:0:{}"],"_uag_page_assets":["a:9:{s:3:\"css\";s:6873:\".wp-block-uagb-image{display:flex}.wp-block-uagb-image__figure{position:relative;display:flex;flex-direction:column;max-width:100%;height:auto;margin:0}.wp-block-uagb-image__figure img{height:auto;display:flex;max-width:100%;transition:box-shadow .2s ease}.wp-block-uagb-image__figure>a{display:inline-block}.wp-block-uagb-image__figure figcaption{text-align:center;margin-top:.5em;margin-bottom:1em}.wp-block-uagb-image .components-placeholder.block-editor-media-placeholder .components-placeholder__instructions{align-self:center}.wp-block-uagb-image--align-left{text-align:left}.wp-block-uagb-image--align-right{text-align:right}.wp-block-uagb-image--align-center{text-align:center}.wp-block-uagb-image--align-full .wp-block-uagb-image__figure{margin-left:calc(50% - 50vw);margin-right:calc(50% - 50vw);max-width:100vw;width:100vw;height:auto}.wp-block-uagb-image--align-full .wp-block-uagb-image__figure img{height:auto;width:100% !important}.wp-block-uagb-image--align-wide .wp-block-uagb-image__figure img{height:auto;width:100%}.wp-block-uagb-image--layout-overlay__color-wrapper{position:absolute;left:0;top:0;right:0;bottom:0;opacity:.2;background:rgba(0,0,0,.5);transition:opacity .35s ease-in-out}.wp-block-uagb-image--layout-overlay-link{position:absolute;left:0;right:0;bottom:0;top:0}.wp-block-uagb-image--layout-overlay .wp-block-uagb-image__figure:hover .wp-block-uagb-image--layout-overlay__color-wrapper{opacity:1}.wp-block-uagb-image--layout-overlay__inner{position:absolute;left:15px;right:15px;bottom:15px;top:15px;display:flex;align-items:center;justify-content:center;flex-direction:column;border-color:#fff;transition:.35s ease-in-out}.wp-block-uagb-image--layout-overlay__inner.top-left,.wp-block-uagb-image--layout-overlay__inner.top-center,.wp-block-uagb-image--layout-overlay__inner.top-right{justify-content:flex-start}.wp-block-uagb-image--layout-overlay__inner.bottom-left,.wp-block-uagb-image--layout-overlay__inner.bottom-center,.wp-block-uagb-image--layout-overlay__inner.bottom-right{justify-content:flex-end}.wp-block-uagb-image--layout-overlay__inner.top-left,.wp-block-uagb-image--layout-overlay__inner.center-left,.wp-block-uagb-image--layout-overlay__inner.bottom-left{align-items:flex-start}.wp-block-uagb-image--layout-overlay__inner.top-right,.wp-block-uagb-image--layout-overlay__inner.center-right,.wp-block-uagb-image--layout-overlay__inner.bottom-right{align-items:flex-end}.wp-block-uagb-image--layout-overlay__inner .uagb-image-heading{color:#fff;transition:transform .35s,opacity .35s ease-in-out;transform:translate3d(0, 24px, 0);margin:0;line-height:1em}.wp-block-uagb-image--layout-overlay__inner .uagb-image-separator{width:30%;border-top-width:2px;border-top-color:#fff;border-top-style:solid;margin-bottom:10px;opacity:0;transition:transform .4s,opacity .4s ease-in-out;transform:translate3d(0, 30px, 0)}.wp-block-uagb-image--layout-overlay__inner .uagb-image-caption{opacity:0;overflow:visible;color:#fff;transition:transform .45s,opacity .45s ease-in-out;transform:translate3d(0, 35px, 0)}.wp-block-uagb-image--layout-overlay__inner:hover .uagb-image-heading,.wp-block-uagb-image--layout-overlay__inner:hover .uagb-image-separator,.wp-block-uagb-image--layout-overlay__inner:hover .uagb-image-caption{opacity:1;transform:translate3d(0, 0, 0)}.wp-block-uagb-image--effect-zoomin .wp-block-uagb-image__figure img,.wp-block-uagb-image--effect-zoomin .wp-block-uagb-image__figure .wp-block-uagb-image--layout-overlay__color-wrapper{transform:scale(1);transition:transform .35s ease-in-out}.wp-block-uagb-image--effect-zoomin .wp-block-uagb-image__figure:hover img,.wp-block-uagb-image--effect-zoomin .wp-block-uagb-image__figure:hover .wp-block-uagb-image--layout-overlay__color-wrapper{transform:scale(1.05)}.wp-block-uagb-image--effect-slide .wp-block-uagb-image__figure img,.wp-block-uagb-image--effect-slide .wp-block-uagb-image__figure .wp-block-uagb-image--layout-overlay__color-wrapper{width:calc(100% + 40px) !important;max-width:none !important;transform:translate3d(-40px, 0, 0);transition:transform .35s ease-in-out}.wp-block-uagb-image--effect-slide .wp-block-uagb-image__figure:hover img,.wp-block-uagb-image--effect-slide .wp-block-uagb-image__figure:hover .wp-block-uagb-image--layout-overlay__color-wrapper{transform:translate3d(0, 0, 0)}.wp-block-uagb-image--effect-grayscale img{filter:grayscale(0%);transition:.35s ease-in-out}.wp-block-uagb-image--effect-grayscale:hover img{filter:grayscale(100%)}.wp-block-uagb-image--effect-blur img{filter:blur(0);transition:.35s ease-in-out}.wp-block-uagb-image--effect-blur:hover img{filter:blur(3px)}.uagb-block-e6f939b3.wp-block-uagb-image--layout-default figure img{box-shadow: 0px 0px 0 #00000070;}.uagb-block-e6f939b3.wp-block-uagb-image .wp-block-uagb-image__figure figcaption{font-style: normal;align-self: center;}.uagb-block-e6f939b3.wp-block-uagb-image--layout-overlay figure img{box-shadow: 0px 0px 0 #00000070;}.uagb-block-e6f939b3.wp-block-uagb-image--layout-overlay .wp-block-uagb-image--layout-overlay__color-wrapper{opacity: 0.2;}.uagb-block-e6f939b3.wp-block-uagb-image--layout-overlay .wp-block-uagb-image--layout-overlay__inner{left: 15px;right: 15px;top: 15px;bottom: 15px;}.uagb-block-e6f939b3.wp-block-uagb-image--layout-overlay .wp-block-uagb-image--layout-overlay__inner .uagb-image-heading{font-style: normal;color: #fff;opacity: 1;}.uagb-block-e6f939b3.wp-block-uagb-image--layout-overlay .wp-block-uagb-image--layout-overlay__inner .uagb-image-heading a{color: #fff;}.uagb-block-e6f939b3.wp-block-uagb-image--layout-overlay .wp-block-uagb-image--layout-overlay__inner .uagb-image-caption{opacity: 0;}.uagb-block-e6f939b3.wp-block-uagb-image--layout-overlay .wp-block-uagb-image__figure:hover .wp-block-uagb-image--layout-overlay__color-wrapper{opacity: 1;}.uagb-block-e6f939b3.wp-block-uagb-image .wp-block-uagb-image--layout-overlay__inner .uagb-image-separator{width: 30%;border-top-width: 2px;border-top-color: #fff;opacity: 0;}.uagb-block-e6f939b3.wp-block-uagb-image .wp-block-uagb-image__figure img{width: px;height: auto;}.uagb-block-e6f939b3.wp-block-uagb-image .wp-block-uagb-image__figure:hover .wp-block-uagb-image--layout-overlay__inner .uagb-image-caption{opacity: 1;}.uagb-block-e6f939b3.wp-block-uagb-image .wp-block-uagb-image__figure:hover .wp-block-uagb-image--layout-overlay__inner .uagb-image-separator{opacity: 1;}.uagb-block-e6f939b3.wp-block-uagb-image--layout-default figure:hover img{box-shadow: 0px 0px 0 #00000070;}.uagb-block-e6f939b3.wp-block-uagb-image--layout-overlay figure:hover img{box-shadow: 0px 0px 0 #00000070;}@media only screen and (max-width: 976px) {.uagb-block-e6f939b3.wp-block-uagb-image .wp-block-uagb-image__figure img{width: px;height: auto;}}@media only screen and (max-width: 767px) {.uagb-block-e6f939b3.wp-block-uagb-image .wp-block-uagb-image__figure img{width: px;height: auto;}}\";s:2:\"js\";s:0:\"\";s:18:\"current_block_list\";a:13:{i:0;s:11:\"core\/search\";i:1;s:10:\"core\/group\";i:2;s:12:\"core\/heading\";i:3;s:17:\"core\/latest-posts\";i:4;s:20:\"core\/latest-comments\";i:5;s:13:\"core\/archives\";i:6;s:15:\"core\/categories\";i:7;s:14:\"core\/paragraph\";i:8;s:10:\"uagb\/image\";i:9;s:11:\"core\/spacer\";i:10;s:30:\"woocommerce\/product-categories\";i:11;s:10:\"core\/image\";i:12;s:14:\"core\/shortcode\";}s:8:\"uag_flag\";b:1;s:11:\"uag_version\";s:10:\"1777062748\";s:6:\"gfonts\";a:0:{}s:10:\"gfonts_url\";s:0:\"\";s:12:\"gfonts_files\";a:0:{}s:14:\"uag_faq_layout\";b:0;}"]},"uagb_featured_image_src":{"full":["https:\/\/www.ferberpainting.com\/wp-content\/uploads\/2025\/05\/Desherbant_5L.jpg",2560,2560,false],"thumbnail":["https:\/\/www.ferberpainting.com\/wp-content\/uploads\/2025\/05\/Desherbant_5L-150x150.jpg",150,150,true],"medium":["https:\/\/www.ferberpainting.com\/wp-content\/uploads\/2025\/05\/Desherbant_5L-300x300.jpg",300,300,true],"medium_large":["https:\/\/www.ferberpainting.com\/wp-content\/uploads\/2025\/05\/Desherbant_5L-768x768.jpg",768,768,true],"large":["https:\/\/www.ferberpainting.com\/wp-content\/uploads\/2025\/05\/Desherbant_5L-1024x1024.jpg",1024,1024,true],"1536x1536":["https:\/\/www.ferberpainting.com\/wp-content\/uploads\/2025\/05\/Desherbant_5L-1536x1536.jpg",1536,1536,true],"2048x2048":["https:\/\/www.ferberpainting.com\/wp-content\/uploads\/2025\/05\/Desherbant_5L-2048x2048.jpg",2048,2048,true],"trp-custom-language-flag":["https:\/\/www.ferberpainting.com\/wp-content\/uploads\/2025\/05\/Desherbant_5L-12x12.jpg",12,12,true],"woocommerce_thumbnail":["https:\/\/www.ferberpainting.com\/wp-content\/uploads\/2025\/05\/Desherbant_5L-300x300.jpg",300,300,true],"woocommerce_single":["https:\/\/www.ferberpainting.com\/wp-content\/uploads\/2025\/05\/Desherbant_5L-600x600.jpg",600,600,true],"woocommerce_gallery_thumbnail":["https:\/\/www.ferberpainting.com\/wp-content\/uploads\/2025\/05\/Desherbant_5L-100x100.jpg",100,100,true]},"uagb_author_info":{"display_name":"admin","author_link":"https:\/\/www.ferberpainting.com\/ch-de\/author\/"},"uagb_comment_info":94,"uagb_excerpt":"Powerful systemic action that eliminates weeds down to the root. Our weed killer contains 360 g\/L of glyphosate, a highly effective systemic active ingredient that penetrates through the leaves and travels throughout the entire plant structure. Unlike contact herbicides that only burn the surface, this formula attacks weeds internally, destroying both visible growth and underground&hellip;","_links":{"self":[{"href":"https:\/\/www.ferberpainting.com\/ch-de\/wp-json\/wp\/v2\/product\/25652","targetHints":{"allow":["GET"]}}],"collection":[{"href":"https:\/\/www.ferberpainting.com\/ch-de\/wp-json\/wp\/v2\/product"}],"about":[{"href":"https:\/\/www.ferberpainting.com\/ch-de\/wp-json\/wp\/v2\/types\/product"}],"replies":[{"embeddable":true,"href":"https:\/\/www.ferberpainting.com\/ch-de\/wp-json\/wp\/v2\/comments?post=25652"}],"version-history":[{"count":4,"href":"https:\/\/www.ferberpainting.com\/ch-de\/wp-json\/wp\/v2\/product\/25652\/revisions"}],"predecessor-version":[{"id":169102,"href":"https:\/\/www.ferberpainting.com\/ch-de\/wp-json\/wp\/v2\/product\/25652\/revisions\/169102"}],"wp:featuredmedia":[{"embeddable":true,"href":"https:\/\/www.ferberpainting.com\/ch-de\/wp-json\/wp\/v2\/media\/27456"}],"wp:attachment":[{"href":"https:\/\/www.ferberpainting.com\/ch-de\/wp-json\/wp\/v2\/media?parent=25652"}],"wp:term":[{"taxonomy":"product_brand","embeddable":true,"href":"https:\/\/www.ferberpainting.com\/ch-de\/wp-json\/wp\/v2\/product_brand?post=25652"},{"taxonomy":"product_cat","embeddable":true,"href":"https:\/\/www.ferberpainting.com\/ch-de\/wp-json\/wp\/v2\/product_cat?post=25652"},{"taxonomy":"product_tag","embeddable":true,"href":"https:\/\/www.ferberpainting.com\/ch-de\/wp-json\/wp\/v2\/product_tag?post=25652"}],"curies":[{"name":"wp","href":"https:\/\/api.w.org\/{rel}","templated":true}]}}