{"id":25592,"date":"2025-05-26T10:32:32","date_gmt":"2025-05-26T08:32:32","guid":{"rendered":"https:\/\/www.ferberpainting.com\/products\/tomato-fertilizer\/"},"modified":"2026-02-16T13:19:18","modified_gmt":"2026-02-16T12:19:18","slug":"tomato-fertilizer","status":"publish","type":"product","link":"https:\/\/www.ferberpainting.com\/ch-de\/products\/tomato-fertilizer\/","title":{"rendered":"Tomatend\u00fcnger 25 kg"},"content":{"rendered":"<p><strong><img decoding=\"async\" style=\"margin-right: 12px;\" src=\"https:\/\/www.ferberpainting.com\/wp-content\/uploads\/2026\/02\/Check.svg\" alt=\"\" width=\"18\" height=\"15\" \/>Ein speziell f\u00fcr Tomaten entwickelter D\u00fcnger.<\/strong>\u00a0Dieser Granulatd\u00fcnger wurde entwickelt, um das Wachstum von Tomatenpflanzen zu optimieren, indem er in jedem Entwicklungsstadium die notwendigen N\u00e4hrstoffe liefert. Dank seiner ausgewogenen Zusammensetzung aus Stickstoff, Phosphor und Kalium (NPK 10-10-10) f\u00f6rdert er eine dichte Belaubung, eine reiche Bl\u00fcte und eine \u00fcppige Fruchtbildung und sorgt so f\u00fcr eine schmackhafte und hochwertige Tomatenernte.<\/p>\n<p><strong><img decoding=\"async\" style=\"margin-right: 12px;\" src=\"https:\/\/www.ferberpainting.com\/wp-content\/uploads\/2026\/02\/Check.svg\" alt=\"\" width=\"18\" height=\"15\" \/>Geld-zur\u00fcck-Garantie.<\/strong>\u00a0Unser D\u00fcnger wurde rigoros getestet, um sichtbare Ergebnisse ab den ersten Wochen der Anwendung zu garantieren. Wenn Sie keine Verbesserung im Wachstum Ihrer Pflanzen oder in der Produktion von Fr\u00fcchten bemerken, bieten wir eine volle R\u00fcckerstattung des Kaufpreises.<\/p>\n<p><strong><img decoding=\"async\" style=\"margin-right: 12px;\" src=\"https:\/\/www.ferberpainting.com\/wp-content\/uploads\/2026\/02\/Check.svg\" alt=\"\" width=\"18\" height=\"15\" \/>Geeignet f\u00fcr alle Tomatensorten und anderes Fruchtgem\u00fcse.<\/strong>\u00a0Dieser vielseitige D\u00fcnger ist f\u00fcr alle Tomatensorten geeignet, egal ob es sich um Kirschtomaten, Beefsteaks, Romatomaten, l\u00e4ngliche Tomaten oder Cocktailtomaten handelt. Er ist auch f\u00fcr Auberginen, Paprika, Zucchini und K\u00fcrbisse geeignet und gew\u00e4hrleistet eine optimale Ern\u00e4hrung f\u00fcr alle Fruchtgem\u00fcsearten, die in G\u00e4rten, Gew\u00e4chsh\u00e4usern oder T\u00f6pfen angebaut werden.<\/p>\n<p><strong><img decoding=\"async\" style=\"margin-right: 12px;\" src=\"https:\/\/www.ferberpainting.com\/wp-content\/uploads\/2026\/02\/Check.svg\" alt=\"\" width=\"18\" height=\"15\" \/>Optimaler wirtschaftlicher Ertrag.<\/strong>\u00a0Dieser D\u00fcnger ist hochkonzentriert, was einen maximalen Ertrag erm\u00f6glicht. Mit einem 25-kg-Sack k\u00f6nnen Sie eine gro\u00dfe Anbaufl\u00e4che d\u00fcngen. Es wird empfohlen, 200 Gramm pro Tomatenpflanze auszubringen, um eine lange Nutzungsdauer und niedrige Kosten pro angebautem Quadratmeter zu gew\u00e4hrleisten.<\/p>\n<p><strong><img decoding=\"async\" style=\"margin-right: 12px;\" src=\"https:\/\/www.ferberpainting.com\/wp-content\/uploads\/2026\/02\/Check.svg\" alt=\"\" width=\"18\" height=\"15\" \/>Ein umwelt- und gesundheitsvertr\u00e4gliches D\u00fcngemittel.<\/strong>\u00a0Dieser D\u00fcnger wird ohne aggressive chemische Produkte hergestellt und schont die Bodenstruktur und die Artenvielfalt. Er ver\u00e4ndert die Qualit\u00e4t der Fr\u00fcchte nicht, setzt keine sch\u00e4dlichen R\u00fcckst\u00e4nde frei und kann auch im Hausgarten f\u00fcr den Anbau von Gem\u00fcse zum Verzehr sicher verwendet werden.<\/p>\n<p><strong><img decoding=\"async\" style=\"margin-right: 12px;\" src=\"https:\/\/www.ferberpainting.com\/wp-content\/uploads\/2026\/02\/Check.svg\" alt=\"\" width=\"18\" height=\"15\" \/>Einfache Anwendung f\u00fcr optimale Ergebnisse.<\/strong>\u00a0Im Gegensatz zu Fl\u00fcssigd\u00fcngern, die eine genaue Verd\u00fcnnung und regelm\u00e4\u00dfiges Gie\u00dfen erfordern, verteilt sich dieser Festd\u00fcnger direkt im Boden und vereinfacht so seine Anwendung. Er wird nach und nach freigesetzt und versorgt die Pflanzen zum richtigen Zeitpunkt mit den notwendigen N\u00e4hrstoffen, ohne dass die Gefahr einer \u00dcberdosierung besteht.<\/p>\n<p><strong><img decoding=\"async\" style=\"margin-right: 12px;\" src=\"https:\/\/www.ferberpainting.com\/wp-content\/uploads\/2026\/02\/Check.svg\" alt=\"\" width=\"18\" height=\"15\" \/>Eine lang anhaltende Wirkung f\u00fcr st\u00e4rkere und produktivere Pflanzen.<\/strong>\u00a0Dank seiner ausgewogenen Formel sorgt dieser D\u00fcnger f\u00fcr eine allm\u00e4hliche Ern\u00e4hrung, die ein gleichm\u00e4\u00dfiges Wachstum, eine kontinuierliche Bl\u00fcte und eine regelm\u00e4\u00dfige Fruchtbildung garantiert. Er hilft den Pflanzen, starke Wurzeln zu entwickeln, Krankheiten zu widerstehen und fleischige und schmackhafte Fr\u00fcchte zu produzieren.<\/p>\n<p><strong><img decoding=\"async\" style=\"margin-right: 12px;\" src=\"https:\/\/www.ferberpainting.com\/wp-content\/uploads\/2026\/02\/Check.svg\" alt=\"\" width=\"18\" height=\"15\" \/>Sichtbare Ergebnisse in nur wenigen Wochen.<\/strong>\u00a0Schon in den ersten Wochen der Anwendung werden Sie dichteres Laub, st\u00e4rkere St\u00e4ngel und eine reichere Bl\u00fcte feststellen. Diese intensive Ern\u00e4hrung stimuliert die Bildung von Bl\u00fctenknospen und den Fruchtansatz, so dass die Pflanzen eine reiche und schmackhafte Ernte einbringen k\u00f6nnen.<\/p>\n<h2><strong>Verwendungsprotokoll<\/strong><\/h2>\n<p><strong>Empfohlene Dosierung <\/strong>:<\/p>\n<ul>\n<li>200 g D\u00fcngemittel pro Tomatenpflanze, die w\u00e4hrend der Wachstums- und Fruchtphase einmal im Monat ausgebracht werden sollten.<\/li>\n<li>F\u00fcr Topfpflanzen verwenden Sie eine kleine Handvoll D\u00fcnger (etwa 50 Gramm) pro 10-Liter-Topf mit Erde.<\/li>\n<\/ul>\n<p><strong>Methode der Anwendung <\/strong>:<\/p>\n<ul>\n<li>Verteilen Sie den D\u00fcnger um die Basis jeder Tomatenpflanze und achten Sie darauf, ihn nicht direkt auf den St\u00e4ngel zu geben.<\/li>\n<li>Arbeiten Sie den D\u00fcnger mit einer Harke oder Kralle leicht in den Boden ein, um die Verteilung zu erleichtern.<\/li>\n<li>Nach der Anwendung gr\u00fcndlich w\u00e4ssern, um die Freisetzung der N\u00e4hrstoffe zu aktivieren.<\/li>\n<\/ul>\n<p><strong>H\u00e4ufigkeit der Nutzung <\/strong>:<\/p>\n<ul>\n<li><strong>Vor der Anpflanzung <\/strong>: Mischen Sie den D\u00fcnger mit der Erde, bevor Sie die Pflanzen setzen.<\/li>\n<li><strong>W\u00e4hrend des Wachstums <\/strong>: Alle 4 Wochen anwenden, um eine gleichm\u00e4\u00dfige Ern\u00e4hrung zu gew\u00e4hrleisten.<\/li>\n<li><strong>W\u00e4hrend der Fruchtbildung <\/strong>: Monatliche Anwendung beibehalten, um die Vergr\u00f6\u00dferung der Fr\u00fcchte und die Reifung der Tomaten zu f\u00f6rdern.<\/li>\n<\/ul>\n<p><strong>Vorsichtsma\u00dfnahmen bei der Verwendung <\/strong>:<\/p>\n<ul>\n<li>Nicht \u00fcberdosieren, da ein Stickstoff\u00fcberschuss das Blattwachstum auf Kosten der Fruchtbildung f\u00f6rdern kann.<\/li>\n<li>Vermeiden Sie es, den D\u00fcnger bei gro\u00dfer Hitze auszubringen, um die Wasserverdunstung zu begrenzen und die Effizienz zu maximieren.<\/li>\n<li>An einem k\u00fchlen, trockenen und vor Feuchtigkeit gesch\u00fctzten Ort aufbewahren, um die Eigenschaften des Produkts zu erhalten.<\/li>\n<\/ul>\n<p>Mit diesem Tomatend\u00fcnger optimieren Sie die Entwicklung Ihrer Pflanzen und sorgen f\u00fcr reiche Ernten, schmackhafte Fr\u00fcchte und eine erh\u00f6hte Widerstandsf\u00e4higkeit gegen Krankheiten.<br \/>\nEinfach in der Anwendung, sparsam und umweltfreundlich, ist es der perfekte Verb\u00fcndete f\u00fcr einen bl\u00fchenden Garten die ganze Saison \u00fcber.<\/p>","protected":false},"excerpt":{"rendered":"<p>A fertilizer specially designed for tomatoes.\u00a0This granular fertilizer is formulated to optimize the growth of tomato plants, by providing the essential nutrients at each stage of development. Thanks to a balanced composition of nitrogen, phosphorus, and potassium (NPK 10-10-10), it promotes dense foliage, abundant flowering and generous fruiting, thus ensuring a harvest of tasty, high-quality [&hellip;]<\/p>\n","protected":false},"featured_media":27430,"comment_status":"open","ping_status":"closed","template":"","meta":{"_uag_custom_page_level_css":"","site-sidebar-layout":"default","site-content-layout":"","ast-site-content-layout":"default","site-content-style":"default","site-sidebar-style":"default","ast-global-header-display":"","ast-banner-title-visibility":"","ast-main-header-display":"","ast-hfb-above-header-display":"","ast-hfb-below-header-display":"","ast-hfb-mobile-header-display":"","site-post-title":"","ast-breadcrumbs-content":"","ast-featured-img":"","footer-sml-layout":"","ast-disable-related-posts":"","theme-transparent-header-meta":"default","adv-header-id-meta":"","stick-header-meta":"","header-above-stick-meta":"","header-main-stick-meta":"","header-below-stick-meta":"","astra-migrate-meta-layouts":"set","ast-page-background-enabled":"default","ast-page-background-meta":{"desktop":{"background-color":"var(--ast-global-color-4)","background-image":"","background-repeat":"repeat","background-position":"center center","background-size":"auto","background-attachment":"scroll","background-type":"","background-media":"","overlay-type":"","overlay-color":"","overlay-opacity":"","overlay-gradient":""},"tablet":{"background-color":"","background-image":"","background-repeat":"repeat","background-position":"center center","background-size":"auto","background-attachment":"scroll","background-type":"","background-media":"","overlay-type":"","overlay-color":"","overlay-opacity":"","overlay-gradient":""},"mobile":{"background-color":"","background-image":"","background-repeat":"repeat","background-position":"center center","background-size":"auto","background-attachment":"scroll","background-type":"","background-media":"","overlay-type":"","overlay-color":"","overlay-opacity":"","overlay-gradient":""}},"ast-content-background-meta":{"desktop":{"background-color":"var(--ast-global-color-5)","background-image":"","background-repeat":"repeat","background-position":"center center","background-size":"auto","background-attachment":"scroll","background-type":"","background-media":"","overlay-type":"","overlay-color":"","overlay-opacity":"","overlay-gradient":""},"tablet":{"background-color":"var(--ast-global-color-5)","background-image":"","background-repeat":"repeat","background-position":"center center","background-size":"auto","background-attachment":"scroll","background-type":"","background-media":"","overlay-type":"","overlay-color":"","overlay-opacity":"","overlay-gradient":""},"mobile":{"background-color":"var(--ast-global-color-5)","background-image":"","background-repeat":"repeat","background-position":"center center","background-size":"auto","background-attachment":"scroll","background-type":"","background-media":"","overlay-type":"","overlay-color":"","overlay-opacity":"","overlay-gradient":""}}},"product_brand":[],"product_cat":[178],"product_tag":[],"class_list":{"0":"post-25592","1":"product","2":"type-product","3":"status-publish","4":"has-post-thumbnail","6":"product_cat-fertilizers","7":"desktop-align-left","8":"tablet-align-left","9":"mobile-align-left","11":"first","12":"instock","13":"taxable","14":"shipping-taxable","15":"purchasable","16":"product-type-simple"},"spectra_custom_meta":{"_visibility":["visible"],"_shopify_product_id":["9072697475317"],"_s2w_shopify_domain":["ferberpainting.myshopify.com"],"_shopify_variant_id":["46522258292981"],"_sku":["FPTOMATOFERTILIZER25KG"],"_regular_price":["39.90"],"_price":["39.90"],"_sale_price":[""],"_weight":["18.7"],"_thumbnail_id":["27430"],"_global_unique_id":["5056773817913"],"total_sales":["3"],"_tax_status":["taxable"],"_tax_class":[""],"_manage_stock":["no"],"_backorders":["no"],"_sold_individually":["no"],"_virtual":["no"],"_downloadable":["no"],"_download_limit":["-1"],"_download_expiry":["-1"],"_stock":[null],"_stock_status":["instock"],"_wc_average_rating":["5.00"],"_wc_review_count":["31"],"_product_version":["10.5.1"],"_wc_rating_count":["a:1:{i:5;i:31;}"],"_edit_lock":["1771244221:1"],"merchant-center-availability":["yes"],"merchant-center-category":["113"],"_edit_last":["1"],"_wp_page_template":["default"],"site-sidebar-layout":["default"],"ast-site-content-layout":["default"],"site-content-style":["default"],"site-sidebar-style":["default"],"theme-transparent-header-meta":["default"],"astra-migrate-meta-layouts":["set"],"_uag_css_file_name":["uag-css-25592.css"],"_elementor_page_assets":["a:0:{}"],"_uag_page_assets":["a:9:{s:3:\"css\";s:7133:\".uag-blocks-common-selector{z-index:var(--z-index-desktop) !important}@media(max-width: 976px){.uag-blocks-common-selector{z-index:var(--z-index-tablet) !important}}@media(max-width: 767px){.uag-blocks-common-selector{z-index:var(--z-index-mobile) !important}}.wp-block-uagb-image{display:flex}.wp-block-uagb-image__figure{position:relative;display:flex;flex-direction:column;max-width:100%;height:auto;margin:0}.wp-block-uagb-image__figure img{height:auto;display:flex;max-width:100%;transition:box-shadow .2s ease}.wp-block-uagb-image__figure>a{display:inline-block}.wp-block-uagb-image__figure figcaption{text-align:center;margin-top:.5em;margin-bottom:1em}.wp-block-uagb-image .components-placeholder.block-editor-media-placeholder .components-placeholder__instructions{align-self:center}.wp-block-uagb-image--align-left{text-align:left}.wp-block-uagb-image--align-right{text-align:right}.wp-block-uagb-image--align-center{text-align:center}.wp-block-uagb-image--align-full .wp-block-uagb-image__figure{margin-left:calc(50% - 50vw);margin-right:calc(50% - 50vw);max-width:100vw;width:100vw;height:auto}.wp-block-uagb-image--align-full .wp-block-uagb-image__figure img{height:auto;width:100% !important}.wp-block-uagb-image--align-wide .wp-block-uagb-image__figure img{height:auto;width:100%}.wp-block-uagb-image--layout-overlay__color-wrapper{position:absolute;left:0;top:0;right:0;bottom:0;opacity:.2;background:rgba(0,0,0,.5);transition:opacity .35s ease-in-out}.wp-block-uagb-image--layout-overlay-link{position:absolute;left:0;right:0;bottom:0;top:0}.wp-block-uagb-image--layout-overlay .wp-block-uagb-image__figure:hover .wp-block-uagb-image--layout-overlay__color-wrapper{opacity:1}.wp-block-uagb-image--layout-overlay__inner{position:absolute;left:15px;right:15px;bottom:15px;top:15px;display:flex;align-items:center;justify-content:center;flex-direction:column;border-color:#fff;transition:.35s ease-in-out}.wp-block-uagb-image--layout-overlay__inner.top-left,.wp-block-uagb-image--layout-overlay__inner.top-center,.wp-block-uagb-image--layout-overlay__inner.top-right{justify-content:flex-start}.wp-block-uagb-image--layout-overlay__inner.bottom-left,.wp-block-uagb-image--layout-overlay__inner.bottom-center,.wp-block-uagb-image--layout-overlay__inner.bottom-right{justify-content:flex-end}.wp-block-uagb-image--layout-overlay__inner.top-left,.wp-block-uagb-image--layout-overlay__inner.center-left,.wp-block-uagb-image--layout-overlay__inner.bottom-left{align-items:flex-start}.wp-block-uagb-image--layout-overlay__inner.top-right,.wp-block-uagb-image--layout-overlay__inner.center-right,.wp-block-uagb-image--layout-overlay__inner.bottom-right{align-items:flex-end}.wp-block-uagb-image--layout-overlay__inner .uagb-image-heading{color:#fff;transition:transform .35s,opacity .35s ease-in-out;transform:translate3d(0, 24px, 0);margin:0;line-height:1em}.wp-block-uagb-image--layout-overlay__inner .uagb-image-separator{width:30%;border-top-width:2px;border-top-color:#fff;border-top-style:solid;margin-bottom:10px;opacity:0;transition:transform .4s,opacity .4s ease-in-out;transform:translate3d(0, 30px, 0)}.wp-block-uagb-image--layout-overlay__inner .uagb-image-caption{opacity:0;overflow:visible;color:#fff;transition:transform .45s,opacity .45s ease-in-out;transform:translate3d(0, 35px, 0)}.wp-block-uagb-image--layout-overlay__inner:hover .uagb-image-heading,.wp-block-uagb-image--layout-overlay__inner:hover .uagb-image-separator,.wp-block-uagb-image--layout-overlay__inner:hover .uagb-image-caption{opacity:1;transform:translate3d(0, 0, 0)}.wp-block-uagb-image--effect-zoomin .wp-block-uagb-image__figure img,.wp-block-uagb-image--effect-zoomin .wp-block-uagb-image__figure .wp-block-uagb-image--layout-overlay__color-wrapper{transform:scale(1);transition:transform .35s ease-in-out}.wp-block-uagb-image--effect-zoomin .wp-block-uagb-image__figure:hover img,.wp-block-uagb-image--effect-zoomin .wp-block-uagb-image__figure:hover .wp-block-uagb-image--layout-overlay__color-wrapper{transform:scale(1.05)}.wp-block-uagb-image--effect-slide .wp-block-uagb-image__figure img,.wp-block-uagb-image--effect-slide .wp-block-uagb-image__figure .wp-block-uagb-image--layout-overlay__color-wrapper{width:calc(100% + 40px) !important;max-width:none !important;transform:translate3d(-40px, 0, 0);transition:transform .35s ease-in-out}.wp-block-uagb-image--effect-slide .wp-block-uagb-image__figure:hover img,.wp-block-uagb-image--effect-slide .wp-block-uagb-image__figure:hover .wp-block-uagb-image--layout-overlay__color-wrapper{transform:translate3d(0, 0, 0)}.wp-block-uagb-image--effect-grayscale img{filter:grayscale(0%);transition:.35s ease-in-out}.wp-block-uagb-image--effect-grayscale:hover img{filter:grayscale(100%)}.wp-block-uagb-image--effect-blur img{filter:blur(0);transition:.35s ease-in-out}.wp-block-uagb-image--effect-blur:hover img{filter:blur(3px)}.uagb-block-e6f939b3.wp-block-uagb-image--layout-default figure img{box-shadow: 0px 0px 0 #00000070;}.uagb-block-e6f939b3.wp-block-uagb-image .wp-block-uagb-image__figure figcaption{font-style: normal;align-self: center;}.uagb-block-e6f939b3.wp-block-uagb-image--layout-overlay figure img{box-shadow: 0px 0px 0 #00000070;}.uagb-block-e6f939b3.wp-block-uagb-image--layout-overlay .wp-block-uagb-image--layout-overlay__color-wrapper{opacity: 0.2;}.uagb-block-e6f939b3.wp-block-uagb-image--layout-overlay .wp-block-uagb-image--layout-overlay__inner{left: 15px;right: 15px;top: 15px;bottom: 15px;}.uagb-block-e6f939b3.wp-block-uagb-image--layout-overlay .wp-block-uagb-image--layout-overlay__inner .uagb-image-heading{font-style: normal;color: #fff;opacity: 1;}.uagb-block-e6f939b3.wp-block-uagb-image--layout-overlay .wp-block-uagb-image--layout-overlay__inner .uagb-image-heading a{color: #fff;}.uagb-block-e6f939b3.wp-block-uagb-image--layout-overlay .wp-block-uagb-image--layout-overlay__inner .uagb-image-caption{opacity: 0;}.uagb-block-e6f939b3.wp-block-uagb-image--layout-overlay .wp-block-uagb-image__figure:hover .wp-block-uagb-image--layout-overlay__color-wrapper{opacity: 1;}.uagb-block-e6f939b3.wp-block-uagb-image .wp-block-uagb-image--layout-overlay__inner .uagb-image-separator{width: 30%;border-top-width: 2px;border-top-color: #fff;opacity: 0;}.uagb-block-e6f939b3.wp-block-uagb-image .wp-block-uagb-image__figure img{width: px;height: auto;}.uagb-block-e6f939b3.wp-block-uagb-image .wp-block-uagb-image__figure:hover .wp-block-uagb-image--layout-overlay__inner .uagb-image-caption{opacity: 1;}.uagb-block-e6f939b3.wp-block-uagb-image .wp-block-uagb-image__figure:hover .wp-block-uagb-image--layout-overlay__inner .uagb-image-separator{opacity: 1;}.uagb-block-e6f939b3.wp-block-uagb-image--layout-default figure:hover img{box-shadow: 0px 0px 0 #00000070;}.uagb-block-e6f939b3.wp-block-uagb-image--layout-overlay figure:hover img{box-shadow: 0px 0px 0 #00000070;}@media only screen and (max-width: 976px) {.uagb-block-e6f939b3.wp-block-uagb-image .wp-block-uagb-image__figure img{width: px;height: auto;}}@media only screen and (max-width: 767px) {.uagb-block-e6f939b3.wp-block-uagb-image .wp-block-uagb-image__figure img{width: px;height: auto;}}\";s:2:\"js\";s:0:\"\";s:18:\"current_block_list\";a:13:{i:0;s:11:\"core\/search\";i:1;s:10:\"core\/group\";i:2;s:12:\"core\/heading\";i:3;s:17:\"core\/latest-posts\";i:4;s:20:\"core\/latest-comments\";i:5;s:13:\"core\/archives\";i:6;s:15:\"core\/categories\";i:7;s:14:\"core\/paragraph\";i:8;s:10:\"uagb\/image\";i:9;s:11:\"core\/spacer\";i:10;s:30:\"woocommerce\/product-categories\";i:11;s:10:\"core\/image\";i:12;s:14:\"core\/shortcode\";}s:8:\"uag_flag\";b:1;s:11:\"uag_version\";s:10:\"1777357005\";s:6:\"gfonts\";a:0:{}s:10:\"gfonts_url\";s:0:\"\";s:12:\"gfonts_files\";a:0:{}s:14:\"uag_faq_layout\";b:0;}"]},"uagb_featured_image_src":{"full":["https:\/\/www.ferberpainting.com\/wp-content\/uploads\/2025\/05\/TomatoFertilizerensac.png",2560,2560,false],"thumbnail":["https:\/\/www.ferberpainting.com\/wp-content\/uploads\/2025\/05\/TomatoFertilizerensac-150x150.png",150,150,true],"medium":["https:\/\/www.ferberpainting.com\/wp-content\/uploads\/2025\/05\/TomatoFertilizerensac-300x300.png",300,300,true],"medium_large":["https:\/\/www.ferberpainting.com\/wp-content\/uploads\/2025\/05\/TomatoFertilizerensac-768x768.png",768,768,true],"large":["https:\/\/www.ferberpainting.com\/wp-content\/uploads\/2025\/05\/TomatoFertilizerensac-1024x1024.png",1024,1024,true],"1536x1536":["https:\/\/www.ferberpainting.com\/wp-content\/uploads\/2025\/05\/TomatoFertilizerensac-1536x1536.png",1536,1536,true],"2048x2048":["https:\/\/www.ferberpainting.com\/wp-content\/uploads\/2025\/05\/TomatoFertilizerensac-2048x2048.png",2048,2048,true],"trp-custom-language-flag":["https:\/\/www.ferberpainting.com\/wp-content\/uploads\/2025\/05\/TomatoFertilizerensac-12x12.png",12,12,true],"woocommerce_thumbnail":["https:\/\/www.ferberpainting.com\/wp-content\/uploads\/2025\/05\/TomatoFertilizerensac-300x300.png",300,300,true],"woocommerce_single":["https:\/\/www.ferberpainting.com\/wp-content\/uploads\/2025\/05\/TomatoFertilizerensac-600x600.png",600,600,true],"woocommerce_gallery_thumbnail":["https:\/\/www.ferberpainting.com\/wp-content\/uploads\/2025\/05\/TomatoFertilizerensac-100x100.png",100,100,true]},"uagb_author_info":{"display_name":"admin","author_link":"https:\/\/www.ferberpainting.com\/ch-de\/author\/"},"uagb_comment_info":31,"uagb_excerpt":"A fertilizer specially designed for tomatoes.\u00a0This granular fertilizer is formulated to optimize the growth of tomato plants, by providing the essential nutrients at each stage of development. Thanks to a balanced composition of nitrogen, phosphorus, and potassium (NPK 10-10-10), it promotes dense foliage, abundant flowering and generous fruiting, thus ensuring a harvest of tasty, high-quality&hellip;","_links":{"self":[{"href":"https:\/\/www.ferberpainting.com\/ch-de\/wp-json\/wp\/v2\/product\/25592","targetHints":{"allow":["GET"]}}],"collection":[{"href":"https:\/\/www.ferberpainting.com\/ch-de\/wp-json\/wp\/v2\/product"}],"about":[{"href":"https:\/\/www.ferberpainting.com\/ch-de\/wp-json\/wp\/v2\/types\/product"}],"replies":[{"embeddable":true,"href":"https:\/\/www.ferberpainting.com\/ch-de\/wp-json\/wp\/v2\/comments?post=25592"}],"version-history":[{"count":5,"href":"https:\/\/www.ferberpainting.com\/ch-de\/wp-json\/wp\/v2\/product\/25592\/revisions"}],"predecessor-version":[{"id":167453,"href":"https:\/\/www.ferberpainting.com\/ch-de\/wp-json\/wp\/v2\/product\/25592\/revisions\/167453"}],"wp:featuredmedia":[{"embeddable":true,"href":"https:\/\/www.ferberpainting.com\/ch-de\/wp-json\/wp\/v2\/media\/27430"}],"wp:attachment":[{"href":"https:\/\/www.ferberpainting.com\/ch-de\/wp-json\/wp\/v2\/media?parent=25592"}],"wp:term":[{"taxonomy":"product_brand","embeddable":true,"href":"https:\/\/www.ferberpainting.com\/ch-de\/wp-json\/wp\/v2\/product_brand?post=25592"},{"taxonomy":"product_cat","embeddable":true,"href":"https:\/\/www.ferberpainting.com\/ch-de\/wp-json\/wp\/v2\/product_cat?post=25592"},{"taxonomy":"product_tag","embeddable":true,"href":"https:\/\/www.ferberpainting.com\/ch-de\/wp-json\/wp\/v2\/product_tag?post=25592"}],"curies":[{"name":"wp","href":"https:\/\/api.w.org\/{rel}","templated":true}]}}