{"id":25348,"date":"2025-05-26T10:31:02","date_gmt":"2025-05-26T08:31:02","guid":{"rendered":"https:\/\/www.ferberpainting.com\/products\/terrace-cleaner\/"},"modified":"2026-02-16T12:27:33","modified_gmt":"2026-02-16T11:27:33","slug":"terrace-cleaner","status":"publish","type":"product","link":"https:\/\/www.ferberpainting.com\/ch-de\/products\/terrace-cleaner\/","title":{"rendered":"Terrassenreiniger"},"content":{"rendered":"<p><strong><img decoding=\"async\" style=\"margin-right: 12px;\" src=\"https:\/\/www.ferberpainting.com\/wp-content\/uploads\/2026\/02\/Check.svg\" alt=\"\" width=\"18\" height=\"15\" \/>Geben Sie Ihrer Terrasse ihr urspr\u00fcngliches, sauberes und frisches Aussehen zur\u00fcck - mit einer kraftvollen Tiefenreinigungswirkung.<\/strong> Unser Terrassenreiniger wurde speziell entwickelt, um hartn\u00e4ckigen Schmutz, Moos, Algen, schwarze Flecken, R\u00fcckst\u00e4nde von Verunreinigungen und wetterbedingte Verf\u00e4rbungen von Au\u00dfenfl\u00e4chen zu entfernen. Im Laufe der Zeit sammeln sich auf Terrassen Schmutzschichten an, die ihr Aussehen tr\u00fcben und rutschige, unsichere Bedingungen schaffen. Diese fortschrittliche Formel dringt tief in die Oberfl\u00e4chenstruktur ein, um eingebettete Verunreinigungen aufzubrechen und sie effektiv zu entfernen, ohne das darunterliegende Material zu besch\u00e4digen. Das Ergebnis ist eine sichtbar sauberere, hellere und sicherere Terrasse, die revitalisiert und gut gepflegt aussieht.<\/p>\n<p><strong><img decoding=\"async\" style=\"margin-right: 12px;\" src=\"https:\/\/www.ferberpainting.com\/wp-content\/uploads\/2026\/02\/Check.svg\" alt=\"\" width=\"18\" height=\"15\" \/>Wir bieten eine Geld-zur\u00fcck-Garantie f\u00fcr vollst\u00e4ndige Kundenzufriedenheit.<\/strong> Wir sind von der Leistung unseres Terrassenreinigers \u00fcberzeugt und stehen mit einer vollen Geld-zur\u00fcck-Garantie hinter seiner Wirksamkeit. Wenn Sie mit den Ergebnissen nicht zufrieden sind, erstatten wir Ihnen den Kaufpreis zur\u00fcck. Mit dieser Garantie k\u00f6nnen Sie das Produkt risikolos ausprobieren, denn Sie wissen, dass Ihre Investition gesch\u00fctzt ist und dass wir uns f\u00fcr eine hervorragende Reinigungsleistung einsetzen.<\/p>\n<p><strong><img decoding=\"async\" style=\"margin-right: 12px;\" src=\"https:\/\/www.ferberpainting.com\/wp-content\/uploads\/2026\/02\/Check.svg\" alt=\"\" width=\"18\" height=\"15\" \/>Die effektivste L\u00f6sung f\u00fcr die Terrassenreinigung, die es gibt.<\/strong> Unsere Hochleistungsformel ist so konzipiert, dass sie die Leistung herk\u00f6mmlicher Au\u00dfenreiniger \u00fcbertrifft. Sie bek\u00e4mpft organisches Wachstum wie Moos und Algen und l\u00f6st gleichzeitig Fett, Staubablagerungen und Umweltr\u00fcckst\u00e4nde. Im Gegensatz zu einfachen Reinigungsmitteln, die die Oberfl\u00e4che nur oberfl\u00e4chlich s\u00e4ubern, wirkt dieser Terrassenreiniger tief und gr\u00fcndlich, sorgt f\u00fcr l\u00e4nger anhaltende Sauberkeit und hilft, das erneute Auftreten von unerw\u00fcnschtem Bewuchs zu verz\u00f6gern. Seine ausgewogene Zusammensetzung sorgt f\u00fcr maximale Effizienz und schont gleichzeitig die strukturelle Integrit\u00e4t von Stein, Beton, Fliesen und Pflastermaterialien.<\/p>\n<p><strong><img decoding=\"async\" style=\"margin-right: 12px;\" src=\"https:\/\/www.ferberpainting.com\/wp-content\/uploads\/2026\/02\/Check.svg\" alt=\"\" width=\"18\" height=\"15\" \/>Der g\u00fcnstigste Hochleistungs-Terrassenreiniger auf dem Markt.<\/strong> Eine erstklassige Au\u00dfenreinigung muss nicht mit einem hohen Preis verbunden sein. Wir bieten die wettbewerbsf\u00e4higsten Preise, ohne Kompromisse bei der Qualit\u00e4t oder Wirksamkeit einzugehen. Durch die Optimierung von Produktion und Logistik sind wir in der Lage, einen professionellen Terrassenreiniger zum niedrigsten Preis im Vergleich zu \u00e4hnlichen Produkten anzubieten. Das bedeutet, dass Sie von einer \u00fcberragenden Reinigungsleistung zum bestm\u00f6glichen Preis profitieren, wodurch die gro\u00df angelegte Terrassenpflege erschwinglicher denn je wird.<\/p>\n<p><strong><img decoding=\"async\" style=\"margin-right: 12px;\" src=\"https:\/\/www.ferberpainting.com\/wp-content\/uploads\/2026\/02\/Check.svg\" alt=\"\" width=\"18\" height=\"15\" \/>Garantierte 24-Stunden-Lieferung f\u00fcr einen schnellen Projektabschluss.<\/strong> Wenn Ihre Terrasse dringend gereinigt werden muss, sollten Sie nicht warten m\u00fcssen. Deshalb bieten wir einen zuverl\u00e4ssigen 24-Stunden-Lieferservice, der sicherstellt, dass Ihr Produkt schnell eintrifft und sofort einsatzbereit ist. Ganz gleich, ob Sie sich auf G\u00e4ste vorbereiten, saisonale Wartungsarbeiten durchf\u00fchren oder Ihre Immobilie pr\u00e4sentieren m\u00f6chten, unser schneller Versandservice hilft Ihnen, Ihre Reinigungsaufgaben ohne Verz\u00f6gerung zu erledigen.<\/p>\n<p><strong><img decoding=\"async\" style=\"margin-right: 12px;\" src=\"https:\/\/www.ferberpainting.com\/wp-content\/uploads\/2026\/02\/Check.svg\" alt=\"\" width=\"18\" height=\"15\" \/>Effiziente Abdeckung von 10 m\u00b2 pro Liter f\u00fcr einen optimalen Wert.<\/strong> Mit einem Liter unseres Terrassenreinigers lassen sich je nach Verschmutzungsgrad und Porosit\u00e4t der Oberfl\u00e4che bis zu 10 Quadratmeter effektiv behandeln. Mit dieser klaren Deckungsrate k\u00f6nnen Sie die f\u00fcr Ihr Projekt ben\u00f6tigte Menge genau berechnen und die Kosten effizient verwalten. Die konzentrierte Formel l\u00e4sst sich gleichm\u00e4\u00dfig verteilen und wirkt effektiv auf gro\u00dfen Fl\u00e4chen, was gleichm\u00e4\u00dfige Reinigungsergebnisse bei minimalem Abfall gew\u00e4hrleistet.<\/p>\n<p><strong><img decoding=\"async\" style=\"margin-right: 12px;\" src=\"https:\/\/www.ferberpainting.com\/wp-content\/uploads\/2026\/02\/Check.svg\" alt=\"\" width=\"18\" height=\"15\" \/>Verbessert die Sicherheit durch weniger rutschige Oberfl\u00e4chen.<\/strong> Moos, Algen und Feuchtigkeitsansammlungen k\u00f6nnen auf Terrassen und Gehwegen zu gef\u00e4hrlichen, rutschigen Bedingungen f\u00fchren. Unser Terrassenreiniger entfernt diese Wucherungen effektiv und hilft dabei, die Griffigkeit der Oberfl\u00e4che wiederherzustellen und die Sicherheit f\u00fcr Bewohner, G\u00e4ste und Kunden zu verbessern. Eine regelm\u00e4\u00dfige Pflege mit diesem Produkt tr\u00e4gt zu einer sichereren Umgebung im Freien bei, insbesondere bei nassen oder feuchten Bedingungen.<\/p>\n<p><strong><img decoding=\"async\" style=\"margin-right: 12px;\" src=\"https:\/\/www.ferberpainting.com\/wp-content\/uploads\/2026\/02\/Check.svg\" alt=\"\" width=\"18\" height=\"15\" \/>Geeignet f\u00fcr eine breite Palette von Materialien f\u00fcr den Au\u00dfenbereich.<\/strong> Dieser vielseitige Reiniger ist ideal f\u00fcr die Verwendung auf Beton, Naturstein, Gehwegplatten, Keramikfliesen, Ziegeln und anderen Terrassenmaterialien. Er passt sich an unterschiedliche Strukturen und Oberfl\u00e4chen an und bietet eine gleichbleibende Reinigungsleistung auf verschiedenen Oberfl\u00e4chen, ohne Verf\u00e4rbungen oder strukturelle Sch\u00e4den zu verursachen, wenn er wie vorgeschrieben verwendet wird.<\/p>\n<p><strong><img decoding=\"async\" style=\"margin-right: 12px;\" src=\"https:\/\/www.ferberpainting.com\/wp-content\/uploads\/2026\/02\/Check.svg\" alt=\"\" width=\"18\" height=\"15\" \/>Schnell wirkende Formel, die Zeit und M\u00fche spart.<\/strong> Der auf Effizienz ausgelegte Terrassenreiniger beginnt kurz nach dem Auftragen mit der Arbeit und l\u00f6st Schmutz und organischen Bewuchs, so dass das Absp\u00fclen einfach und effektiv ist. Dies reduziert die Schrubbzeit und die k\u00f6rperliche Anstrengung, wodurch gro\u00dfe Terrassenreinigungsaufgaben sowohl f\u00fcr Hausbesitzer als auch f\u00fcr Profis leichter zu bew\u00e4ltigen sind.<\/p>\n<p><strong><img decoding=\"async\" style=\"margin-right: 12px;\" src=\"https:\/\/www.ferberpainting.com\/wp-content\/uploads\/2026\/02\/Check.svg\" alt=\"\" width=\"18\" height=\"15\" \/>Verl\u00e4ngert die Lebensdauer und das Aussehen Ihrer Terrasse.<\/strong> Eine regelm\u00e4\u00dfige Reinigung beugt langfristigen Sch\u00e4den durch organisches Wachstum, Schmutzablagerungen und Feuchtigkeitseinlagerungen vor. Durch die Aufrechterhaltung einer sauberen Oberfl\u00e4che sch\u00fctzen Sie die strukturelle Integrit\u00e4t und \u00c4sthetik Ihrer Terrasse und verringern die Notwendigkeit kostspieliger Reparaturen oder eines vorzeitigen Austauschs der Oberfl\u00e4che.<\/p>\n<h2><strong>Anweisungen<\/strong><\/h2>\n<ul>\n<li>Entfernen Sie vor dem Auftragen des Produkts lose Ablagerungen wie Bl\u00e4tter, Staub und Schmutz mit einem Besen oder Gebl\u00e4se von der Terrasse.<\/li>\n<li>Sch\u00fctteln oder r\u00fchren Sie den Terrassenreiniger vor dem Gebrauch gut um, um eine gleichm\u00e4\u00dfige Verteilung der aktiven Komponenten zu gew\u00e4hrleisten.<\/li>\n<li>Verd\u00fcnnen Sie das Produkt bei Bedarf entsprechend dem Verschmutzungsgrad. Bei starker Verschmutzung das Produkt unverd\u00fcnnt verwenden. Bei m\u00e4\u00dfiger Verschmutzung nach Bedarf mit Wasser verd\u00fcnnen, wobei die Reinigungswirkung erhalten bleibt.<\/li>\n<li>Tragen Sie den Reiniger mit einer Gie\u00dfkanne, einem Spr\u00fcher, einer B\u00fcrste oder einem Mopp gleichm\u00e4\u00dfig auf. Achten Sie auf eine vollst\u00e4ndige Abdeckung der zu behandelnden Oberfl\u00e4che.<\/li>\n<li>Die empfohlene Dosierung betr\u00e4gt etwa 100 ml pro Quadratmeter, da ein Liter bis zu 10 m\u00b2 reinigt. Erh\u00f6hen Sie die Menge leicht bei sehr por\u00f6sen oder stark verschmutzten Oberfl\u00e4chen.<\/li>\n<li>Lassen Sie das Produkt 10 bis 20 Minuten einwirken, je nach St\u00e4rke der Verschmutzung und des organischen Bewuchses. Lassen Sie die Oberfl\u00e4che w\u00e4hrend dieser Zeit nicht vollst\u00e4ndig trocknen.<\/li>\n<li>Bei hartn\u00e4ckigen Flecken oder dicken Moosablagerungen schrubben Sie die Oberfl\u00e4che mit einer steifen Au\u00dfenb\u00fcrste, um die Reinigungsleistung zu verbessern.<\/li>\n<li>Mit einem Gartenschlauch oder einem Hochdruckreiniger mit m\u00e4\u00dfigem Druck gr\u00fcndlich mit sauberem Wasser absp\u00fclen. Vermeiden Sie \u00fcberm\u00e4\u00dfigen Druck, der Fugen oder empfindliche Materialien besch\u00e4digen k\u00f6nnte.<\/li>\n<li>Bei stark verschmutzten oder vernachl\u00e4ssigten Oberfl\u00e4chen ist die Anwendung gegebenenfalls zu wiederholen.<\/li>\n<li>Vermeiden Sie die Anwendung bei Regen oder wenn innerhalb einiger Stunden nach der Behandlung Regen zu erwarten ist, um eine optimale Wirkung zu gew\u00e4hrleisten.<\/li>\n<li>Reinigen Sie Werkzeuge und Ger\u00e4te sofort nach Gebrauch mit Wasser.<\/li>\n<li>Lagern Sie das Produkt an einem k\u00fchlen, trockenen Ort, gesch\u00fctzt vor Frost und direkter Sonneneinstrahlung. Au\u00dferhalb der Reichweite von Kindern aufbewahren und die \u00fcblichen Sicherheitsvorkehrungen bei der Handhabung beachten.<\/li>\n<\/ul>","protected":false},"excerpt":{"rendered":"<p>Restore your terrace to its original clean and fresh appearance with powerful deep-cleaning action. Our terrace cleaner is specially developed to remove stubborn dirt, moss, algae, black stains, pollution residues, and weather-related discoloration from outdoor surfaces. Over time, terraces accumulate layers of grime that dull their appearance and create slippery, unsafe conditions. This advanced formula [&hellip;]<\/p>\n","protected":false},"featured_media":27200,"comment_status":"open","ping_status":"closed","template":"","meta":{"_uag_custom_page_level_css":"","site-sidebar-layout":"default","site-content-layout":"","ast-site-content-layout":"default","site-content-style":"default","site-sidebar-style":"default","ast-global-header-display":"","ast-banner-title-visibility":"","ast-main-header-display":"","ast-hfb-above-header-display":"","ast-hfb-below-header-display":"","ast-hfb-mobile-header-display":"","site-post-title":"","ast-breadcrumbs-content":"","ast-featured-img":"","footer-sml-layout":"","ast-disable-related-posts":"","theme-transparent-header-meta":"default","adv-header-id-meta":"","stick-header-meta":"","header-above-stick-meta":"","header-main-stick-meta":"","header-below-stick-meta":"","astra-migrate-meta-layouts":"set","ast-page-background-enabled":"default","ast-page-background-meta":{"desktop":{"background-color":"var(--ast-global-color-4)","background-image":"","background-repeat":"repeat","background-position":"center center","background-size":"auto","background-attachment":"scroll","background-type":"","background-media":"","overlay-type":"","overlay-color":"","overlay-opacity":"","overlay-gradient":""},"tablet":{"background-color":"","background-image":"","background-repeat":"repeat","background-position":"center center","background-size":"auto","background-attachment":"scroll","background-type":"","background-media":"","overlay-type":"","overlay-color":"","overlay-opacity":"","overlay-gradient":""},"mobile":{"background-color":"","background-image":"","background-repeat":"repeat","background-position":"center center","background-size":"auto","background-attachment":"scroll","background-type":"","background-media":"","overlay-type":"","overlay-color":"","overlay-opacity":"","overlay-gradient":""}},"ast-content-background-meta":{"desktop":{"background-color":"var(--ast-global-color-5)","background-image":"","background-repeat":"repeat","background-position":"center center","background-size":"auto","background-attachment":"scroll","background-type":"","background-media":"","overlay-type":"","overlay-color":"","overlay-opacity":"","overlay-gradient":""},"tablet":{"background-color":"var(--ast-global-color-5)","background-image":"","background-repeat":"repeat","background-position":"center center","background-size":"auto","background-attachment":"scroll","background-type":"","background-media":"","overlay-type":"","overlay-color":"","overlay-opacity":"","overlay-gradient":""},"mobile":{"background-color":"var(--ast-global-color-5)","background-image":"","background-repeat":"repeat","background-position":"center center","background-size":"auto","background-attachment":"scroll","background-type":"","background-media":"","overlay-type":"","overlay-color":"","overlay-opacity":"","overlay-gradient":""}}},"product_brand":[],"product_cat":[175],"product_tag":[],"class_list":{"0":"post-25348","1":"product","2":"type-product","3":"status-publish","4":"has-post-thumbnail","6":"product_cat-cleaning-products","7":"desktop-align-left","8":"tablet-align-left","9":"mobile-align-left","11":"first","12":"instock","13":"sale","14":"shipping-taxable","15":"purchasable","16":"product-type-variable","17":"has-default-attributes"},"spectra_custom_meta":{"_visibility":["visible"],"_shopify_product_id":["8051455000821"],"_s2w_shopify_domain":["ferberpainting.myshopify.com"],"_shopify_variant_id":["43849376530677"],"_sku":[""],"_manage_stock":["no"],"total_sales":["67"],"_tax_status":["taxable"],"_tax_class":[""],"_backorders":["no"],"_sold_individually":["no"],"_virtual":["no"],"_downloadable":["no"],"_download_limit":["-1"],"_download_expiry":["-1"],"_stock":[null],"_stock_status":["instock"],"_wc_average_rating":["4.98"],"_wc_review_count":["64"],"_product_attributes":["a:1:{s:6:\"volume\";a:6:{s:4:\"name\";s:6:\"Volume\";s:5:\"value\";s:20:\"5 liters | 25 liters\";s:8:\"position\";i:1;s:10:\"is_visible\";i:0;s:12:\"is_variation\";i:1;s:11:\"is_taxonomy\";i:0;}}"],"_product_version":["10.5.1"],"_thumbnail_id":["27200"],"_price":["29.90","129.90"],"_product_image_gallery":["27201"],"merchant-center-availability":["yes"],"merchant-center-category":["7503"],"merchant-center-id":["NT"],"wpse_downloadable_file_names":[""],"wpse_downloadable_file_urls":[""],"_edit_last":["1"],"_default_attributes":["a:1:{s:6:\"volume\";s:8:\"5 liters\";}"],"_wc_rating_count":["a:2:{i:4;i:1;i:5;i:63;}"],"_edit_lock":["1771241116:1"],"_wp_page_template":["default"],"site-sidebar-layout":["default"],"ast-site-content-layout":["default"],"site-content-style":["default"],"site-sidebar-style":["default"],"theme-transparent-header-meta":["default"],"astra-migrate-meta-layouts":["set"],"_uag_css_file_name":["uag-css-25348.css"],"_elementor_page_assets":["a:0:{}"],"_uag_page_assets":["a:9:{s:3:\"css\";s:7133:\".uag-blocks-common-selector{z-index:var(--z-index-desktop) !important}@media(max-width: 976px){.uag-blocks-common-selector{z-index:var(--z-index-tablet) !important}}@media(max-width: 767px){.uag-blocks-common-selector{z-index:var(--z-index-mobile) !important}}.wp-block-uagb-image{display:flex}.wp-block-uagb-image__figure{position:relative;display:flex;flex-direction:column;max-width:100%;height:auto;margin:0}.wp-block-uagb-image__figure img{height:auto;display:flex;max-width:100%;transition:box-shadow .2s ease}.wp-block-uagb-image__figure>a{display:inline-block}.wp-block-uagb-image__figure figcaption{text-align:center;margin-top:.5em;margin-bottom:1em}.wp-block-uagb-image .components-placeholder.block-editor-media-placeholder .components-placeholder__instructions{align-self:center}.wp-block-uagb-image--align-left{text-align:left}.wp-block-uagb-image--align-right{text-align:right}.wp-block-uagb-image--align-center{text-align:center}.wp-block-uagb-image--align-full .wp-block-uagb-image__figure{margin-left:calc(50% - 50vw);margin-right:calc(50% - 50vw);max-width:100vw;width:100vw;height:auto}.wp-block-uagb-image--align-full .wp-block-uagb-image__figure img{height:auto;width:100% !important}.wp-block-uagb-image--align-wide .wp-block-uagb-image__figure img{height:auto;width:100%}.wp-block-uagb-image--layout-overlay__color-wrapper{position:absolute;left:0;top:0;right:0;bottom:0;opacity:.2;background:rgba(0,0,0,.5);transition:opacity .35s ease-in-out}.wp-block-uagb-image--layout-overlay-link{position:absolute;left:0;right:0;bottom:0;top:0}.wp-block-uagb-image--layout-overlay .wp-block-uagb-image__figure:hover .wp-block-uagb-image--layout-overlay__color-wrapper{opacity:1}.wp-block-uagb-image--layout-overlay__inner{position:absolute;left:15px;right:15px;bottom:15px;top:15px;display:flex;align-items:center;justify-content:center;flex-direction:column;border-color:#fff;transition:.35s ease-in-out}.wp-block-uagb-image--layout-overlay__inner.top-left,.wp-block-uagb-image--layout-overlay__inner.top-center,.wp-block-uagb-image--layout-overlay__inner.top-right{justify-content:flex-start}.wp-block-uagb-image--layout-overlay__inner.bottom-left,.wp-block-uagb-image--layout-overlay__inner.bottom-center,.wp-block-uagb-image--layout-overlay__inner.bottom-right{justify-content:flex-end}.wp-block-uagb-image--layout-overlay__inner.top-left,.wp-block-uagb-image--layout-overlay__inner.center-left,.wp-block-uagb-image--layout-overlay__inner.bottom-left{align-items:flex-start}.wp-block-uagb-image--layout-overlay__inner.top-right,.wp-block-uagb-image--layout-overlay__inner.center-right,.wp-block-uagb-image--layout-overlay__inner.bottom-right{align-items:flex-end}.wp-block-uagb-image--layout-overlay__inner .uagb-image-heading{color:#fff;transition:transform .35s,opacity .35s ease-in-out;transform:translate3d(0, 24px, 0);margin:0;line-height:1em}.wp-block-uagb-image--layout-overlay__inner .uagb-image-separator{width:30%;border-top-width:2px;border-top-color:#fff;border-top-style:solid;margin-bottom:10px;opacity:0;transition:transform .4s,opacity .4s ease-in-out;transform:translate3d(0, 30px, 0)}.wp-block-uagb-image--layout-overlay__inner .uagb-image-caption{opacity:0;overflow:visible;color:#fff;transition:transform .45s,opacity .45s ease-in-out;transform:translate3d(0, 35px, 0)}.wp-block-uagb-image--layout-overlay__inner:hover .uagb-image-heading,.wp-block-uagb-image--layout-overlay__inner:hover .uagb-image-separator,.wp-block-uagb-image--layout-overlay__inner:hover .uagb-image-caption{opacity:1;transform:translate3d(0, 0, 0)}.wp-block-uagb-image--effect-zoomin .wp-block-uagb-image__figure img,.wp-block-uagb-image--effect-zoomin .wp-block-uagb-image__figure .wp-block-uagb-image--layout-overlay__color-wrapper{transform:scale(1);transition:transform .35s ease-in-out}.wp-block-uagb-image--effect-zoomin .wp-block-uagb-image__figure:hover img,.wp-block-uagb-image--effect-zoomin .wp-block-uagb-image__figure:hover .wp-block-uagb-image--layout-overlay__color-wrapper{transform:scale(1.05)}.wp-block-uagb-image--effect-slide .wp-block-uagb-image__figure img,.wp-block-uagb-image--effect-slide .wp-block-uagb-image__figure .wp-block-uagb-image--layout-overlay__color-wrapper{width:calc(100% + 40px) !important;max-width:none !important;transform:translate3d(-40px, 0, 0);transition:transform .35s ease-in-out}.wp-block-uagb-image--effect-slide .wp-block-uagb-image__figure:hover img,.wp-block-uagb-image--effect-slide .wp-block-uagb-image__figure:hover .wp-block-uagb-image--layout-overlay__color-wrapper{transform:translate3d(0, 0, 0)}.wp-block-uagb-image--effect-grayscale img{filter:grayscale(0%);transition:.35s ease-in-out}.wp-block-uagb-image--effect-grayscale:hover img{filter:grayscale(100%)}.wp-block-uagb-image--effect-blur img{filter:blur(0);transition:.35s ease-in-out}.wp-block-uagb-image--effect-blur:hover img{filter:blur(3px)}.uagb-block-e6f939b3.wp-block-uagb-image--layout-default figure img{box-shadow: 0px 0px 0 #00000070;}.uagb-block-e6f939b3.wp-block-uagb-image .wp-block-uagb-image__figure figcaption{font-style: normal;align-self: center;}.uagb-block-e6f939b3.wp-block-uagb-image--layout-overlay figure img{box-shadow: 0px 0px 0 #00000070;}.uagb-block-e6f939b3.wp-block-uagb-image--layout-overlay .wp-block-uagb-image--layout-overlay__color-wrapper{opacity: 0.2;}.uagb-block-e6f939b3.wp-block-uagb-image--layout-overlay .wp-block-uagb-image--layout-overlay__inner{left: 15px;right: 15px;top: 15px;bottom: 15px;}.uagb-block-e6f939b3.wp-block-uagb-image--layout-overlay .wp-block-uagb-image--layout-overlay__inner .uagb-image-heading{font-style: normal;color: #fff;opacity: 1;}.uagb-block-e6f939b3.wp-block-uagb-image--layout-overlay .wp-block-uagb-image--layout-overlay__inner .uagb-image-heading a{color: #fff;}.uagb-block-e6f939b3.wp-block-uagb-image--layout-overlay .wp-block-uagb-image--layout-overlay__inner .uagb-image-caption{opacity: 0;}.uagb-block-e6f939b3.wp-block-uagb-image--layout-overlay .wp-block-uagb-image__figure:hover .wp-block-uagb-image--layout-overlay__color-wrapper{opacity: 1;}.uagb-block-e6f939b3.wp-block-uagb-image .wp-block-uagb-image--layout-overlay__inner .uagb-image-separator{width: 30%;border-top-width: 2px;border-top-color: #fff;opacity: 0;}.uagb-block-e6f939b3.wp-block-uagb-image .wp-block-uagb-image__figure img{width: px;height: auto;}.uagb-block-e6f939b3.wp-block-uagb-image .wp-block-uagb-image__figure:hover .wp-block-uagb-image--layout-overlay__inner .uagb-image-caption{opacity: 1;}.uagb-block-e6f939b3.wp-block-uagb-image .wp-block-uagb-image__figure:hover .wp-block-uagb-image--layout-overlay__inner .uagb-image-separator{opacity: 1;}.uagb-block-e6f939b3.wp-block-uagb-image--layout-default figure:hover img{box-shadow: 0px 0px 0 #00000070;}.uagb-block-e6f939b3.wp-block-uagb-image--layout-overlay figure:hover img{box-shadow: 0px 0px 0 #00000070;}@media only screen and (max-width: 976px) {.uagb-block-e6f939b3.wp-block-uagb-image .wp-block-uagb-image__figure img{width: px;height: auto;}}@media only screen and (max-width: 767px) {.uagb-block-e6f939b3.wp-block-uagb-image .wp-block-uagb-image__figure img{width: px;height: auto;}}\";s:2:\"js\";s:0:\"\";s:18:\"current_block_list\";a:13:{i:0;s:11:\"core\/search\";i:1;s:10:\"core\/group\";i:2;s:12:\"core\/heading\";i:3;s:17:\"core\/latest-posts\";i:4;s:20:\"core\/latest-comments\";i:5;s:13:\"core\/archives\";i:6;s:15:\"core\/categories\";i:7;s:14:\"core\/paragraph\";i:8;s:10:\"uagb\/image\";i:9;s:11:\"core\/spacer\";i:10;s:30:\"woocommerce\/product-categories\";i:11;s:10:\"core\/image\";i:12;s:14:\"core\/shortcode\";}s:8:\"uag_flag\";b:1;s:11:\"uag_version\";s:10:\"1777070692\";s:6:\"gfonts\";a:0:{}s:10:\"gfonts_url\";s:0:\"\";s:12:\"gfonts_files\";a:0:{}s:14:\"uag_faq_layout\";b:0;}"]},"uagb_featured_image_src":{"full":["https:\/\/www.ferberpainting.com\/wp-content\/uploads\/2025\/05\/TerraceCleaner5L.jpg",2560,2560,false],"thumbnail":["https:\/\/www.ferberpainting.com\/wp-content\/uploads\/2025\/05\/TerraceCleaner5L-150x150.jpg",150,150,true],"medium":["https:\/\/www.ferberpainting.com\/wp-content\/uploads\/2025\/05\/TerraceCleaner5L-300x300.jpg",300,300,true],"medium_large":["https:\/\/www.ferberpainting.com\/wp-content\/uploads\/2025\/05\/TerraceCleaner5L-768x768.jpg",768,768,true],"large":["https:\/\/www.ferberpainting.com\/wp-content\/uploads\/2025\/05\/TerraceCleaner5L-1024x1024.jpg",1024,1024,true],"1536x1536":["https:\/\/www.ferberpainting.com\/wp-content\/uploads\/2025\/05\/TerraceCleaner5L-1536x1536.jpg",1536,1536,true],"2048x2048":["https:\/\/www.ferberpainting.com\/wp-content\/uploads\/2025\/05\/TerraceCleaner5L-2048x2048.jpg",2048,2048,true],"trp-custom-language-flag":["https:\/\/www.ferberpainting.com\/wp-content\/uploads\/2025\/05\/TerraceCleaner5L-12x12.jpg",12,12,true],"woocommerce_thumbnail":["https:\/\/www.ferberpainting.com\/wp-content\/uploads\/2025\/05\/TerraceCleaner5L-300x300.jpg",300,300,true],"woocommerce_single":["https:\/\/www.ferberpainting.com\/wp-content\/uploads\/2025\/05\/TerraceCleaner5L-600x600.jpg",600,600,true],"woocommerce_gallery_thumbnail":["https:\/\/www.ferberpainting.com\/wp-content\/uploads\/2025\/05\/TerraceCleaner5L-100x100.jpg",100,100,true]},"uagb_author_info":{"display_name":"admin","author_link":"https:\/\/www.ferberpainting.com\/ch-de\/author\/"},"uagb_comment_info":64,"uagb_excerpt":"Restore your terrace to its original clean and fresh appearance with powerful deep-cleaning action. Our terrace cleaner is specially developed to remove stubborn dirt, moss, algae, black stains, pollution residues, and weather-related discoloration from outdoor surfaces. Over time, terraces accumulate layers of grime that dull their appearance and create slippery, unsafe conditions. This advanced formula&hellip;","_links":{"self":[{"href":"https:\/\/www.ferberpainting.com\/ch-de\/wp-json\/wp\/v2\/product\/25348","targetHints":{"allow":["GET"]}}],"collection":[{"href":"https:\/\/www.ferberpainting.com\/ch-de\/wp-json\/wp\/v2\/product"}],"about":[{"href":"https:\/\/www.ferberpainting.com\/ch-de\/wp-json\/wp\/v2\/types\/product"}],"replies":[{"embeddable":true,"href":"https:\/\/www.ferberpainting.com\/ch-de\/wp-json\/wp\/v2\/comments?post=25348"}],"version-history":[{"count":3,"href":"https:\/\/www.ferberpainting.com\/ch-de\/wp-json\/wp\/v2\/product\/25348\/revisions"}],"predecessor-version":[{"id":167371,"href":"https:\/\/www.ferberpainting.com\/ch-de\/wp-json\/wp\/v2\/product\/25348\/revisions\/167371"}],"wp:featuredmedia":[{"embeddable":true,"href":"https:\/\/www.ferberpainting.com\/ch-de\/wp-json\/wp\/v2\/media\/27200"}],"wp:attachment":[{"href":"https:\/\/www.ferberpainting.com\/ch-de\/wp-json\/wp\/v2\/media?parent=25348"}],"wp:term":[{"taxonomy":"product_brand","embeddable":true,"href":"https:\/\/www.ferberpainting.com\/ch-de\/wp-json\/wp\/v2\/product_brand?post=25348"},{"taxonomy":"product_cat","embeddable":true,"href":"https:\/\/www.ferberpainting.com\/ch-de\/wp-json\/wp\/v2\/product_cat?post=25348"},{"taxonomy":"product_tag","embeddable":true,"href":"https:\/\/www.ferberpainting.com\/ch-de\/wp-json\/wp\/v2\/product_tag?post=25348"}],"curies":[{"name":"wp","href":"https:\/\/api.w.org\/{rel}","templated":true}]}}