{"id":25336,"date":"2025-06-30T21:16:24","date_gmt":"2025-06-30T19:16:24","guid":{"rendered":"https:\/\/www.ferberpainting.com\/?post_type=product&#038;p=25336"},"modified":"2026-02-16T12:13:47","modified_gmt":"2026-02-16T11:13:47","slug":"suede-and-nubuck-cleaner","status":"publish","type":"product","link":"https:\/\/www.ferberpainting.com\/ch-de\/products\/suede-and-nubuck-cleaner\/","title":{"rendered":"Wildleder- und Nubuk-Reiniger"},"content":{"rendered":"<p><strong><img decoding=\"async\" style=\"margin-right: 12px;\" src=\"https:\/\/www.ferberpainting.com\/wp-content\/uploads\/2026\/02\/Check.svg\" alt=\"\" width=\"18\" height=\"15\" \/>Optimale Effektivit\u00e4t.<\/strong>\u00a0Dieser Wildleder- und Nubuklederreiniger wurde speziell entwickelt, um Flecken, Schmutz, Staub und Fettflecken, die sich mit der Zeit bilden, wirksam zu entfernen. Seine kraftvolle und dennoch sanfte Formel dringt tief in die Lederfasern ein, um Verunreinigungen zu entfernen, ohne das Material zu besch\u00e4digen oder seine samtige Textur zu ver\u00e4ndern. Es stellt das urspr\u00fcngliche Aussehen von Wild- und Nubukleder wieder her und l\u00e4sst die Farbe und die nat\u00fcrliche Weichheit wieder aufleben.<\/p>\n<p><strong><img decoding=\"async\" style=\"margin-right: 12px;\" src=\"https:\/\/www.ferberpainting.com\/wp-content\/uploads\/2026\/02\/Check.svg\" alt=\"\" width=\"18\" height=\"15\" \/>Geld-zur\u00fcck-Garantie.<\/strong>\u00a0Wir haben volles Vertrauen in die Wirksamkeit unseres Reinigers. Wenn Sie nach der Anwendung nicht mit dem Ergebnis zufrieden sind, haben Sie Anspruch auf eine volle R\u00fcckerstattung. Testen Sie es risikofrei und restaurieren Sie Ihr Wildleder und Nubuk mit Leichtigkeit und Seelenfrieden.<\/p>\n<p><strong><img decoding=\"async\" style=\"margin-right: 12px;\" src=\"https:\/\/www.ferberpainting.com\/wp-content\/uploads\/2026\/02\/Check.svg\" alt=\"\" width=\"18\" height=\"15\" \/>Au\u00dfergew\u00f6hnliche Vielseitigkeit.<\/strong>\u00a0Dieser Reiniger ist nicht nur f\u00fcr Wildleder- und Nubuklederschuhe geeignet! Er ist auch ideal f\u00fcr Jacken, Taschen, Sofas, Autositze, Handschuhe und andere Gegenst\u00e4nde aus Wild- oder Nubukleder. Es funktioniert perfekt auf allen Wildlederfarben und kann sowohl auf nat\u00fcrlichen als auch auf gef\u00e4rbten Oberfl\u00e4chen verwendet werden, ohne die urspr\u00fcngliche Farbe zu beeintr\u00e4chtigen.<\/p>\n<p><strong><img decoding=\"async\" style=\"margin-right: 12px;\" src=\"https:\/\/www.ferberpainting.com\/wp-content\/uploads\/2026\/02\/Check.svg\" alt=\"\" width=\"18\" height=\"15\" \/>Wirtschaftliche Effizienz. <\/strong>Dank seines 5-Liter-Beh\u00e4lters und seiner hocheffizienten Formel bietet dieser Reiniger ein hervorragendes Preis-Leistungs-Verh\u00e4ltnis. Eine kleine Menge reicht aus, um eine gro\u00dfe Fl\u00e4che zu reinigen, was den Verbrauch reduziert. Im Durchschnitt k\u00f6nnen mit einem Liter des Produkts bis zu 50 m\u00b2 Wildleder oder Nubuk gereinigt werden, was es zu einer erschwinglichen und nachhaltigen L\u00f6sung f\u00fcr die Pflege von Wildledertextilien macht.<\/p>\n<p><strong><img decoding=\"async\" style=\"margin-right: 12px;\" src=\"https:\/\/www.ferberpainting.com\/wp-content\/uploads\/2026\/02\/Check.svg\" alt=\"\" width=\"18\" height=\"15\" \/>Sicher in der Anwendung.<\/strong>\u00a0Im Gegensatz zu scharfen Reinigern, die L\u00f6sungsmittel oder Ammoniak enthalten, respektiert dieses Produkt die empfindliche Natur von Wildleder und Nubuk. Es besch\u00e4digt die Lederfasern nicht und verursacht keine Steifheit oder einen kartonartigen Effekt nach dem Trocknen. Da es keine giftigen D\u00e4mpfe enth\u00e4lt, kann es sowohl im Innen- als auch im Au\u00dfenbereich verwendet werden und stellt keine Gefahr f\u00fcr die Haut oder die Umwelt dar.<\/p>\n<p><strong><img decoding=\"async\" style=\"margin-right: 12px;\" src=\"https:\/\/www.ferberpainting.com\/wp-content\/uploads\/2026\/02\/Check.svg\" alt=\"\" width=\"18\" height=\"15\" \/>Benutzerfreundlichkeit.<\/strong>\u00a0Dieser Reiniger ist sofort einsatzbereit und erfordert keine Verd\u00fcnnung oder komplexe Vorbereitung. Tragen Sie ihn einfach direkt auf die Oberfl\u00e4che auf, lassen Sie ihn einige Augenblicke einwirken und wischen Sie ihn dann mit einem geeigneten Tuch oder einer B\u00fcrste ab. Es ist kein Absp\u00fclen erforderlich, so dass Sie Zeit sparen und mit minimalem Aufwand optimale Ergebnisse erzielen k\u00f6nnen.<\/p>\n<p><strong><img decoding=\"async\" style=\"margin-right: 12px;\" src=\"https:\/\/www.ferberpainting.com\/wp-content\/uploads\/2026\/02\/Check.svg\" alt=\"\" width=\"18\" height=\"15\" \/>Lang anhaltender Schutz.<\/strong>\u00a0Dieser Reiniger entfernt Verunreinigungen und bewahrt die nat\u00fcrliche Weichheit von Wildleder und Nubuk und verl\u00e4ngert so die Lebensdauer der behandelten Artikel. Er verhindert die Ablagerung von Fasern und die Bildung von hartn\u00e4ckigen Flecken, die das Material mit der Zeit besch\u00e4digen k\u00f6nnen. Bei regelm\u00e4\u00dfiger Anwendung bleibt das glatte, luxuri\u00f6se Aussehen auch nach jahrelangem Gebrauch erhalten.<\/p>\n<p><strong><img decoding=\"async\" style=\"margin-right: 12px;\" src=\"https:\/\/www.ferberpainting.com\/wp-content\/uploads\/2026\/02\/Check.svg\" alt=\"\" width=\"18\" height=\"15\" \/>Schnelle Aktion.<\/strong>\u00a0Dank seiner hochaktiven Formel wirkt dieser Reiniger sofort auf Flecken und Schmutz. In nur wenigen Minuten l\u00f6st er R\u00fcckst\u00e4nde auf und hilft, sie ohne kr\u00e4ftiges Schrubben zu entfernen. Er ist ideal f\u00fcr die schnelle Reinigung zwischen den Eins\u00e4tzen oder die regelm\u00e4\u00dfige Pflege, um das weiche, samtige Aussehen von Wildleder und Nubuk zu erhalten.<\/p>\n<h2><strong>Gebrauchsanweisung<\/strong><\/h2>\n<ul>\n<li><strong>Vorbereitung <\/strong>: Stellen Sie sicher, dass die Wildleder- oder Nubukoberfl\u00e4che trocken und staubfrei ist, bevor Sie das Produkt auftragen. F\u00fcr eine optimale Reinigung b\u00fcrsten Sie die Oberfl\u00e4che vorsichtig mit einer Krepp- oder Messing-Wildlederb\u00fcrste, um oberfl\u00e4chliche Verschmutzungen zu entfernen.<\/li>\n<li><strong>Anmeldung <\/strong>: Eine kleine Menge des Reinigers auf ein weiches Tuch, einen Schwamm oder direkt auf die Oberfl\u00e4che auftragen. Bei lokalen Flecken verwenden Sie eine weiche Wildlederb\u00fcrste oder einen speziellen Wildlederradierer zum sanften Reiben.<\/li>\n<li><strong>Reinigung <\/strong>: Verteilen Sie das Produkt gleichm\u00e4\u00dfig auf der Oberfl\u00e4che und lassen Sie es 2 bis 5 Minuten einwirken, damit es die Verunreinigungen aufl\u00f6st, ohne das Wildleder anzugreifen. Bei tieferen Verschmutzungen die Fl\u00e4che mit einer geeigneten B\u00fcrste sanft abb\u00fcrsten.<\/li>\n<li><strong>Trocknung und Veredelung <\/strong>: Nat\u00fcrlich an der Luft trocknen lassen, ohne direkte Sonneneinstrahlung oder W\u00e4rmequellen. Nach dem Trocknen erneut mit einer Kreppb\u00fcrste b\u00fcrsten, um die samtige Textur wiederherzustellen und die urspr\u00fcngliche Farbe wieder aufleben zu lassen.<\/li>\n<li><strong>H\u00e4ufigkeit der Nutzung <\/strong>: Immer dann auftragen, wenn sichtbare Flecken oder Ablagerungen auftreten. Bei regelm\u00e4\u00dfiger Pflege sollten die Artikel ein- bis zweimal im Monat gereinigt werden, um ihr frisches Aussehen zu bewahren und die Ansammlung von Schmutz zu verhindern.<\/li>\n<li><strong>Lagerung <\/strong>: Verschlie\u00dfen Sie den Beh\u00e4lter nach jedem Gebrauch fest und lagern Sie ihn an einem k\u00fchlen, trockenen Ort, gesch\u00fctzt vor Licht und extremen Temperaturen, um die langfristige Wirksamkeit zu erhalten.<\/li>\n<\/ul>\n<p>Mit unserem Wildleder- und Nubuk-Reiniger k\u00f6nnen Sie das saubere, samtige Aussehen Ihres Wildleders einfach und sicher wiederherstellen.<\/p>","protected":false},"excerpt":{"rendered":"<p>Optimal Effectiveness.\u00a0This suede and nubuck cleaner is specially formulated to effectively remove stains, dirt, dust, and grease marks that build up over time. Its powerful yet gentle formula penetrates deep into leather fibers to dislodge impurities without damaging the material or altering its velvety texture. It restores the original look of suede and nubuck while [&hellip;]<\/p>\n","protected":false},"featured_media":35945,"comment_status":"open","ping_status":"closed","template":"","meta":{"_uag_custom_page_level_css":"","site-sidebar-layout":"default","site-content-layout":"","ast-site-content-layout":"default","site-content-style":"default","site-sidebar-style":"default","ast-global-header-display":"","ast-banner-title-visibility":"","ast-main-header-display":"","ast-hfb-above-header-display":"","ast-hfb-below-header-display":"","ast-hfb-mobile-header-display":"","site-post-title":"","ast-breadcrumbs-content":"","ast-featured-img":"","footer-sml-layout":"","ast-disable-related-posts":"","theme-transparent-header-meta":"default","adv-header-id-meta":"","stick-header-meta":"","header-above-stick-meta":"","header-main-stick-meta":"","header-below-stick-meta":"","astra-migrate-meta-layouts":"set","ast-page-background-enabled":"default","ast-page-background-meta":{"desktop":{"background-color":"var(--ast-global-color-4)","background-image":"","background-repeat":"repeat","background-position":"center center","background-size":"auto","background-attachment":"scroll","background-type":"","background-media":"","overlay-type":"","overlay-color":"","overlay-opacity":"","overlay-gradient":""},"tablet":{"background-color":"","background-image":"","background-repeat":"repeat","background-position":"center center","background-size":"auto","background-attachment":"scroll","background-type":"","background-media":"","overlay-type":"","overlay-color":"","overlay-opacity":"","overlay-gradient":""},"mobile":{"background-color":"","background-image":"","background-repeat":"repeat","background-position":"center center","background-size":"auto","background-attachment":"scroll","background-type":"","background-media":"","overlay-type":"","overlay-color":"","overlay-opacity":"","overlay-gradient":""}},"ast-content-background-meta":{"desktop":{"background-color":"var(--ast-global-color-5)","background-image":"","background-repeat":"repeat","background-position":"center center","background-size":"auto","background-attachment":"scroll","background-type":"","background-media":"","overlay-type":"","overlay-color":"","overlay-opacity":"","overlay-gradient":""},"tablet":{"background-color":"var(--ast-global-color-5)","background-image":"","background-repeat":"repeat","background-position":"center center","background-size":"auto","background-attachment":"scroll","background-type":"","background-media":"","overlay-type":"","overlay-color":"","overlay-opacity":"","overlay-gradient":""},"mobile":{"background-color":"var(--ast-global-color-5)","background-image":"","background-repeat":"repeat","background-position":"center center","background-size":"auto","background-attachment":"scroll","background-type":"","background-media":"","overlay-type":"","overlay-color":"","overlay-opacity":"","overlay-gradient":""}}},"product_brand":[],"product_cat":[175],"product_tag":[],"class_list":{"0":"post-25336","1":"product","2":"type-product","3":"status-publish","4":"has-post-thumbnail","6":"product_cat-cleaning-products","7":"desktop-align-left","8":"tablet-align-left","9":"mobile-align-left","11":"first","12":"instock","13":"sale","14":"taxable","15":"shipping-taxable","16":"purchasable","17":"product-type-variable","18":"has-default-attributes"},"spectra_custom_meta":{"_visibility":["visible"],"_shopify_product_id":["9101928988917"],"_s2w_shopify_domain":["ferberpainting.myshopify.com"],"_shopify_variant_id":["46614192619765"],"_sku":[""],"_manage_stock":["no"],"total_sales":["42"],"_tax_status":["taxable"],"_tax_class":[""],"_backorders":["no"],"_sold_individually":["no"],"_virtual":["no"],"_downloadable":["no"],"_download_limit":["-1"],"_download_expiry":["-1"],"_stock":[null],"_stock_status":["instock"],"_wc_average_rating":["5.00"],"_wc_review_count":["12"],"_product_attributes":["a:1:{s:6:\"volume\";a:6:{s:4:\"name\";s:6:\"Volume\";s:5:\"value\";s:20:\"5 liters | 25 liters\";s:8:\"position\";i:1;s:10:\"is_visible\";i:0;s:12:\"is_variation\";i:1;s:11:\"is_taxonomy\";i:0;}}"],"_product_version":["10.5.1"],"wpse_downloadable_file_names":[""],"wpse_downloadable_file_urls":[""],"_edit_last":["1"],"_default_attributes":["a:1:{s:6:\"volume\";s:8:\"5 liters\";}"],"_edit_lock":["1771240292:1"],"_price":["29.90","129.90"],"merchant-center-availability":["yes"],"merchant-center-category":["4973"],"_thumbnail_id":["35945"],"_wp_page_template":["default"],"_wp_old_date":["2025-05-26"],"_product_image_gallery":["35946"],"site-sidebar-layout":["default"],"ast-site-content-layout":["default"],"site-content-style":["default"],"site-sidebar-style":["default"],"theme-transparent-header-meta":["default"],"_wc_rating_count":["a:1:{i:5;i:12;}"],"astra-migrate-meta-layouts":["set"],"_uag_css_file_name":["uag-css-25336.css"],"_elementor_page_assets":["a:0:{}"],"_uag_page_assets":["a:9:{s:3:\"css\";s:7133:\".uag-blocks-common-selector{z-index:var(--z-index-desktop) !important}@media(max-width: 976px){.uag-blocks-common-selector{z-index:var(--z-index-tablet) !important}}@media(max-width: 767px){.uag-blocks-common-selector{z-index:var(--z-index-mobile) !important}}.wp-block-uagb-image{display:flex}.wp-block-uagb-image__figure{position:relative;display:flex;flex-direction:column;max-width:100%;height:auto;margin:0}.wp-block-uagb-image__figure img{height:auto;display:flex;max-width:100%;transition:box-shadow .2s ease}.wp-block-uagb-image__figure>a{display:inline-block}.wp-block-uagb-image__figure figcaption{text-align:center;margin-top:.5em;margin-bottom:1em}.wp-block-uagb-image .components-placeholder.block-editor-media-placeholder .components-placeholder__instructions{align-self:center}.wp-block-uagb-image--align-left{text-align:left}.wp-block-uagb-image--align-right{text-align:right}.wp-block-uagb-image--align-center{text-align:center}.wp-block-uagb-image--align-full .wp-block-uagb-image__figure{margin-left:calc(50% - 50vw);margin-right:calc(50% - 50vw);max-width:100vw;width:100vw;height:auto}.wp-block-uagb-image--align-full .wp-block-uagb-image__figure img{height:auto;width:100% !important}.wp-block-uagb-image--align-wide .wp-block-uagb-image__figure img{height:auto;width:100%}.wp-block-uagb-image--layout-overlay__color-wrapper{position:absolute;left:0;top:0;right:0;bottom:0;opacity:.2;background:rgba(0,0,0,.5);transition:opacity .35s ease-in-out}.wp-block-uagb-image--layout-overlay-link{position:absolute;left:0;right:0;bottom:0;top:0}.wp-block-uagb-image--layout-overlay .wp-block-uagb-image__figure:hover .wp-block-uagb-image--layout-overlay__color-wrapper{opacity:1}.wp-block-uagb-image--layout-overlay__inner{position:absolute;left:15px;right:15px;bottom:15px;top:15px;display:flex;align-items:center;justify-content:center;flex-direction:column;border-color:#fff;transition:.35s ease-in-out}.wp-block-uagb-image--layout-overlay__inner.top-left,.wp-block-uagb-image--layout-overlay__inner.top-center,.wp-block-uagb-image--layout-overlay__inner.top-right{justify-content:flex-start}.wp-block-uagb-image--layout-overlay__inner.bottom-left,.wp-block-uagb-image--layout-overlay__inner.bottom-center,.wp-block-uagb-image--layout-overlay__inner.bottom-right{justify-content:flex-end}.wp-block-uagb-image--layout-overlay__inner.top-left,.wp-block-uagb-image--layout-overlay__inner.center-left,.wp-block-uagb-image--layout-overlay__inner.bottom-left{align-items:flex-start}.wp-block-uagb-image--layout-overlay__inner.top-right,.wp-block-uagb-image--layout-overlay__inner.center-right,.wp-block-uagb-image--layout-overlay__inner.bottom-right{align-items:flex-end}.wp-block-uagb-image--layout-overlay__inner .uagb-image-heading{color:#fff;transition:transform .35s,opacity .35s ease-in-out;transform:translate3d(0, 24px, 0);margin:0;line-height:1em}.wp-block-uagb-image--layout-overlay__inner .uagb-image-separator{width:30%;border-top-width:2px;border-top-color:#fff;border-top-style:solid;margin-bottom:10px;opacity:0;transition:transform .4s,opacity .4s ease-in-out;transform:translate3d(0, 30px, 0)}.wp-block-uagb-image--layout-overlay__inner .uagb-image-caption{opacity:0;overflow:visible;color:#fff;transition:transform .45s,opacity .45s ease-in-out;transform:translate3d(0, 35px, 0)}.wp-block-uagb-image--layout-overlay__inner:hover .uagb-image-heading,.wp-block-uagb-image--layout-overlay__inner:hover .uagb-image-separator,.wp-block-uagb-image--layout-overlay__inner:hover .uagb-image-caption{opacity:1;transform:translate3d(0, 0, 0)}.wp-block-uagb-image--effect-zoomin .wp-block-uagb-image__figure img,.wp-block-uagb-image--effect-zoomin .wp-block-uagb-image__figure .wp-block-uagb-image--layout-overlay__color-wrapper{transform:scale(1);transition:transform .35s ease-in-out}.wp-block-uagb-image--effect-zoomin .wp-block-uagb-image__figure:hover img,.wp-block-uagb-image--effect-zoomin .wp-block-uagb-image__figure:hover .wp-block-uagb-image--layout-overlay__color-wrapper{transform:scale(1.05)}.wp-block-uagb-image--effect-slide .wp-block-uagb-image__figure img,.wp-block-uagb-image--effect-slide .wp-block-uagb-image__figure .wp-block-uagb-image--layout-overlay__color-wrapper{width:calc(100% + 40px) !important;max-width:none !important;transform:translate3d(-40px, 0, 0);transition:transform .35s ease-in-out}.wp-block-uagb-image--effect-slide .wp-block-uagb-image__figure:hover img,.wp-block-uagb-image--effect-slide .wp-block-uagb-image__figure:hover .wp-block-uagb-image--layout-overlay__color-wrapper{transform:translate3d(0, 0, 0)}.wp-block-uagb-image--effect-grayscale img{filter:grayscale(0%);transition:.35s ease-in-out}.wp-block-uagb-image--effect-grayscale:hover img{filter:grayscale(100%)}.wp-block-uagb-image--effect-blur img{filter:blur(0);transition:.35s ease-in-out}.wp-block-uagb-image--effect-blur:hover img{filter:blur(3px)}.uagb-block-e6f939b3.wp-block-uagb-image--layout-default figure img{box-shadow: 0px 0px 0 #00000070;}.uagb-block-e6f939b3.wp-block-uagb-image .wp-block-uagb-image__figure figcaption{font-style: normal;align-self: center;}.uagb-block-e6f939b3.wp-block-uagb-image--layout-overlay figure img{box-shadow: 0px 0px 0 #00000070;}.uagb-block-e6f939b3.wp-block-uagb-image--layout-overlay .wp-block-uagb-image--layout-overlay__color-wrapper{opacity: 0.2;}.uagb-block-e6f939b3.wp-block-uagb-image--layout-overlay .wp-block-uagb-image--layout-overlay__inner{left: 15px;right: 15px;top: 15px;bottom: 15px;}.uagb-block-e6f939b3.wp-block-uagb-image--layout-overlay .wp-block-uagb-image--layout-overlay__inner .uagb-image-heading{font-style: normal;color: #fff;opacity: 1;}.uagb-block-e6f939b3.wp-block-uagb-image--layout-overlay .wp-block-uagb-image--layout-overlay__inner .uagb-image-heading a{color: #fff;}.uagb-block-e6f939b3.wp-block-uagb-image--layout-overlay .wp-block-uagb-image--layout-overlay__inner .uagb-image-caption{opacity: 0;}.uagb-block-e6f939b3.wp-block-uagb-image--layout-overlay .wp-block-uagb-image__figure:hover .wp-block-uagb-image--layout-overlay__color-wrapper{opacity: 1;}.uagb-block-e6f939b3.wp-block-uagb-image .wp-block-uagb-image--layout-overlay__inner .uagb-image-separator{width: 30%;border-top-width: 2px;border-top-color: #fff;opacity: 0;}.uagb-block-e6f939b3.wp-block-uagb-image .wp-block-uagb-image__figure img{width: px;height: auto;}.uagb-block-e6f939b3.wp-block-uagb-image .wp-block-uagb-image__figure:hover .wp-block-uagb-image--layout-overlay__inner .uagb-image-caption{opacity: 1;}.uagb-block-e6f939b3.wp-block-uagb-image .wp-block-uagb-image__figure:hover .wp-block-uagb-image--layout-overlay__inner .uagb-image-separator{opacity: 1;}.uagb-block-e6f939b3.wp-block-uagb-image--layout-default figure:hover img{box-shadow: 0px 0px 0 #00000070;}.uagb-block-e6f939b3.wp-block-uagb-image--layout-overlay figure:hover img{box-shadow: 0px 0px 0 #00000070;}@media only screen and (max-width: 976px) {.uagb-block-e6f939b3.wp-block-uagb-image .wp-block-uagb-image__figure img{width: px;height: auto;}}@media only screen and (max-width: 767px) {.uagb-block-e6f939b3.wp-block-uagb-image .wp-block-uagb-image__figure img{width: px;height: auto;}}\";s:2:\"js\";s:0:\"\";s:18:\"current_block_list\";a:13:{i:0;s:11:\"core\/search\";i:1;s:10:\"core\/group\";i:2;s:12:\"core\/heading\";i:3;s:17:\"core\/latest-posts\";i:4;s:20:\"core\/latest-comments\";i:5;s:13:\"core\/archives\";i:6;s:15:\"core\/categories\";i:7;s:14:\"core\/paragraph\";i:8;s:10:\"uagb\/image\";i:9;s:11:\"core\/spacer\";i:10;s:30:\"woocommerce\/product-categories\";i:11;s:10:\"core\/image\";i:12;s:14:\"core\/shortcode\";}s:8:\"uag_flag\";b:1;s:11:\"uag_version\";s:10:\"1777228194\";s:6:\"gfonts\";a:0:{}s:10:\"gfonts_url\";s:0:\"\";s:12:\"gfonts_files\";a:0:{}s:14:\"uag_faq_layout\";b:0;}"]},"uagb_featured_image_src":{"full":["https:\/\/www.ferberpainting.com\/wp-content\/uploads\/2025\/05\/Suede-and-Nubuck-Cleaner-5L.png",2560,2560,false],"thumbnail":["https:\/\/www.ferberpainting.com\/wp-content\/uploads\/2025\/05\/Suede-and-Nubuck-Cleaner-5L-150x150.png",150,150,true],"medium":["https:\/\/www.ferberpainting.com\/wp-content\/uploads\/2025\/05\/Suede-and-Nubuck-Cleaner-5L-300x300.png",300,300,true],"medium_large":["https:\/\/www.ferberpainting.com\/wp-content\/uploads\/2025\/05\/Suede-and-Nubuck-Cleaner-5L-768x768.png",768,768,true],"large":["https:\/\/www.ferberpainting.com\/wp-content\/uploads\/2025\/05\/Suede-and-Nubuck-Cleaner-5L-1024x1024.png",1024,1024,true],"1536x1536":["https:\/\/www.ferberpainting.com\/wp-content\/uploads\/2025\/05\/Suede-and-Nubuck-Cleaner-5L-1536x1536.png",1536,1536,true],"2048x2048":["https:\/\/www.ferberpainting.com\/wp-content\/uploads\/2025\/05\/Suede-and-Nubuck-Cleaner-5L-2048x2048.png",2048,2048,true],"trp-custom-language-flag":["https:\/\/www.ferberpainting.com\/wp-content\/uploads\/2025\/05\/Suede-and-Nubuck-Cleaner-5L-12x12.png",12,12,true],"woocommerce_thumbnail":["https:\/\/www.ferberpainting.com\/wp-content\/uploads\/2025\/05\/Suede-and-Nubuck-Cleaner-5L-300x300.png",300,300,true],"woocommerce_single":["https:\/\/www.ferberpainting.com\/wp-content\/uploads\/2025\/05\/Suede-and-Nubuck-Cleaner-5L-600x600.png",600,600,true],"woocommerce_gallery_thumbnail":["https:\/\/www.ferberpainting.com\/wp-content\/uploads\/2025\/05\/Suede-and-Nubuck-Cleaner-5L-100x100.png",100,100,true]},"uagb_author_info":{"display_name":"admin","author_link":"https:\/\/www.ferberpainting.com\/ch-de\/author\/"},"uagb_comment_info":12,"uagb_excerpt":"Optimal Effectiveness.\u00a0This suede and nubuck cleaner is specially formulated to effectively remove stains, dirt, dust, and grease marks that build up over time. Its powerful yet gentle formula penetrates deep into leather fibers to dislodge impurities without damaging the material or altering its velvety texture. It restores the original look of suede and nubuck while&hellip;","_links":{"self":[{"href":"https:\/\/www.ferberpainting.com\/ch-de\/wp-json\/wp\/v2\/product\/25336","targetHints":{"allow":["GET"]}}],"collection":[{"href":"https:\/\/www.ferberpainting.com\/ch-de\/wp-json\/wp\/v2\/product"}],"about":[{"href":"https:\/\/www.ferberpainting.com\/ch-de\/wp-json\/wp\/v2\/types\/product"}],"replies":[{"embeddable":true,"href":"https:\/\/www.ferberpainting.com\/ch-de\/wp-json\/wp\/v2\/comments?post=25336"}],"version-history":[{"count":4,"href":"https:\/\/www.ferberpainting.com\/ch-de\/wp-json\/wp\/v2\/product\/25336\/revisions"}],"predecessor-version":[{"id":167358,"href":"https:\/\/www.ferberpainting.com\/ch-de\/wp-json\/wp\/v2\/product\/25336\/revisions\/167358"}],"wp:featuredmedia":[{"embeddable":true,"href":"https:\/\/www.ferberpainting.com\/ch-de\/wp-json\/wp\/v2\/media\/35945"}],"wp:attachment":[{"href":"https:\/\/www.ferberpainting.com\/ch-de\/wp-json\/wp\/v2\/media?parent=25336"}],"wp:term":[{"taxonomy":"product_brand","embeddable":true,"href":"https:\/\/www.ferberpainting.com\/ch-de\/wp-json\/wp\/v2\/product_brand?post=25336"},{"taxonomy":"product_cat","embeddable":true,"href":"https:\/\/www.ferberpainting.com\/ch-de\/wp-json\/wp\/v2\/product_cat?post=25336"},{"taxonomy":"product_tag","embeddable":true,"href":"https:\/\/www.ferberpainting.com\/ch-de\/wp-json\/wp\/v2\/product_tag?post=25336"}],"curies":[{"name":"wp","href":"https:\/\/api.w.org\/{rel}","templated":true}]}}