{"id":25332,"date":"2025-05-26T10:30:54","date_gmt":"2025-05-26T08:30:54","guid":{"rendered":"https:\/\/www.ferberpainting.com\/products\/succulent-fertilizer\/"},"modified":"2026-02-16T12:11:29","modified_gmt":"2026-02-16T11:11:29","slug":"succulent-fertilizer","status":"publish","type":"product","link":"https:\/\/www.ferberpainting.com\/ch-de\/products\/succulent-fertilizer\/","title":{"rendered":"D\u00fcnger f\u00fcr Sukkulenten"},"content":{"rendered":"<p><strong><img decoding=\"async\" style=\"margin-right: 12px;\" src=\"https:\/\/www.ferberpainting.com\/wp-content\/uploads\/2026\/02\/Check.svg\" alt=\"\" width=\"18\" height=\"15\" \/>Ein D\u00fcnger, der speziell f\u00fcr Kakteen und Sukkulenten entwickelt wurde.<\/strong>\u00a0Sukkulente Pflanzen wie Kakteen, Agaven, Aloen und Echeverien haben spezifische N\u00e4hrstoffbed\u00fcrfnisse, die sich von denen gr\u00fcner Zimmer- oder Freilandpflanzen unterscheiden. Unser NPK-D\u00fcnger 15-15-15 wurde entwickelt, um ein optimales Gleichgewicht von Stickstoff, Phosphor und Kalium zu gew\u00e4hrleisten und ein kr\u00e4ftiges Wachstum, \u00fcppiges Laub und eine reiche Bl\u00fcte zu f\u00f6rdern. Dank seiner fl\u00fcssigen Formulierung wird er leicht assimiliert und dringt schnell in das Substrat ein, um in kurzer Zeit sichtbare Ergebnisse zu erzielen.<\/p>\n<p><strong><img decoding=\"async\" style=\"margin-right: 12px;\" src=\"https:\/\/www.ferberpainting.com\/wp-content\/uploads\/2026\/02\/Check.svg\" alt=\"\" width=\"18\" height=\"15\" \/>Geld-zur\u00fcck-Garantie.<\/strong>\u00a0Wir glauben fest an die Wirksamkeit unseres D\u00fcngers und bieten deshalb eine Geld-zur\u00fcck-Garantie an. Wenn Ihre Kakteen und Sukkulenten nach der Verwendung gem\u00e4\u00df den Empfehlungen keine Verbesserung des Wachstums oder der Vitalit\u00e4t zeigen, verpflichten wir uns, Ihnen den vollen Betrag zu erstatten.<\/p>\n<p><strong><img decoding=\"async\" style=\"margin-right: 12px;\" src=\"https:\/\/www.ferberpainting.com\/wp-content\/uploads\/2026\/02\/Check.svg\" alt=\"\" width=\"18\" height=\"15\" \/>Kompatibel mit allen Arten von Kakteen und Sukkulenten.<\/strong>\u00a0Dieser D\u00fcnger wurde f\u00fcr alle Arten von Kakteen und Sukkulenten entwickelt, darunter Kakteen, Euphorbien, Crassulas, Sedums, Aloen, Agaven und Lithops. Egal, ob Sie Ihre Pflanzen im Haus oder im Freien, in T\u00f6pfen oder im Freiland anbauen, dieser D\u00fcnger liefert ihnen alle wichtigen N\u00e4hrstoffe f\u00fcr ihre Entwicklung und Bl\u00fcte.<\/p>\n<p><strong><img decoding=\"async\" style=\"margin-right: 12px;\" src=\"https:\/\/www.ferberpainting.com\/wp-content\/uploads\/2026\/02\/Check.svg\" alt=\"\" width=\"18\" height=\"15\" \/>Hervorragender wirtschaftlicher Ertrag.<\/strong>\u00a0Dank seiner hohen Konzentration l\u00e4sst sich dieser D\u00fcnger mit 5 ml pro Liter Wasser verd\u00fcnnen, was eine l\u00e4ngere Verwendung erm\u00f6glicht. Ein 5-Liter-Beh\u00e4lter erm\u00f6glicht die Zubereitung von bis zu 1000 Litern D\u00fcngerl\u00f6sung und gew\u00e4hrleistet ein hervorragendes Preis-Leistungs-Verh\u00e4ltnis, da die H\u00e4ufigkeit des Kaufs reduziert wird.<\/p>\n<p><strong><img decoding=\"async\" style=\"margin-right: 12px;\" src=\"https:\/\/www.ferberpainting.com\/wp-content\/uploads\/2026\/02\/Check.svg\" alt=\"\" width=\"18\" height=\"15\" \/>Sicher f\u00fcr Pflanzen und die Umwelt.<\/strong>\u00a0Dieser D\u00fcnger enth\u00e4lt keine aggressiven Chemikalien, die die Wurzeln oder das empfindliche Blattwerk der Sukkulenten sch\u00e4digen k\u00f6nnten. Seine Formulierung respektiert das Gleichgewicht des Substrats, vermeidet sch\u00e4dliche Ansammlungen von Salzen und Mineralien und gew\u00e4hrleistet ein gesundes, nat\u00fcrliches Wachstum ohne unerw\u00fcnschte Nebenwirkungen.<\/p>\n<p><strong><img decoding=\"async\" style=\"margin-right: 12px;\" src=\"https:\/\/www.ferberpainting.com\/wp-content\/uploads\/2026\/02\/Check.svg\" alt=\"\" width=\"18\" height=\"15\" \/>Einfach zu verwenden und schnell aufzutragen.<\/strong>\u00a0Im Gegensatz zu festen D\u00fcngemitteln, die eingegraben oder genau abgemessen werden m\u00fcssen, wird unser Fl\u00fcssigd\u00fcnger einfach mit Wasser vermischt und beim Gie\u00dfen direkt auf das Substrat aufgetragen. Sie brauchen keine speziellen Werkzeuge oder komplexen Techniken: eine einfache Verd\u00fcnnung reicht aus, um Ihre Kakteen und Sukkulenten effizient zu versorgen.<\/p>\n<p><strong><img decoding=\"async\" style=\"margin-right: 12px;\" src=\"https:\/\/www.ferberpainting.com\/wp-content\/uploads\/2026\/02\/Check.svg\" alt=\"\" width=\"18\" height=\"15\" \/>Ein Langzeitd\u00fcnger, der das Wachstum \u00fcber einen l\u00e4ngeren Zeitraum unterst\u00fctzt.<\/strong>\u00a0Durch ein perfektes N\u00e4hrstoffgleichgewicht st\u00e4rkt dieser D\u00fcnger die Wurzeln, die Bl\u00e4tter und die Zellstruktur der Sukkulenten, so dass sie Trockenheit, Krankheiten und Mangelerscheinungen besser widerstehen k\u00f6nnen. Dank seiner allm\u00e4hlichen Freisetzung garantiert er eine kontinuierliche D\u00fcngung ohne das Risiko einer \u00dcberd\u00fcngung.<\/p>\n<p><strong><img decoding=\"async\" style=\"margin-right: 12px;\" src=\"https:\/\/www.ferberpainting.com\/wp-content\/uploads\/2026\/02\/Check.svg\" alt=\"\" width=\"18\" height=\"15\" \/>Schnell sichtbare Ergebnisse.<\/strong>\u00a0Schon bei den ersten Anwendungen werden Sie ein schnelleres Wachstum, dickere Bl\u00e4tter und bei bl\u00fchenden Arten eine verbesserte Bl\u00fcte mit lebhafteren und leuchtenderen Farben feststellen. Dieser D\u00fcnger hilft den Pflanzen auch, ihre Wasserreserven zu entwickeln und macht sie widerstandsf\u00e4higer gegen schwierige Bedingungen.<\/p>\n<h2><strong>Verwendungsprotokoll <\/strong><\/h2>\n<p><strong>Empfohlene Verd\u00fcnnung :<\/strong><\/p>\n<ul>\n<li><strong>F\u00fcr die regelm\u00e4\u00dfige Wartung <\/strong>: 5 ml D\u00fcnger pro Liter Wasser verd\u00fcnnen und das Substrat direkt gie\u00dfen.<\/li>\n<li><strong>F\u00fcr eine Pflanze in einer Phase intensiven Wachstums (Fr\u00fchjahr\/Sommer)<\/strong> : Verwenden Sie eine etwas st\u00e4rkere Verd\u00fcnnung von 7 ml pro Liter Wasser f\u00fcr eine verst\u00e4rkte N\u00e4hrstoffversorgung.<\/li>\n<li><strong>F\u00fcr eine Pflanze in der Ruhephase (Herbst\/Winter)<\/strong> : Reduzieren Sie die Konzentration auf 2 ml pro Liter Wasser und verteilen Sie die Anwendungen.<\/li>\n<\/ul>\n<p><strong>H\u00e4ufigkeit der Anwendung <\/strong>:<\/p>\n<ul>\n<li><strong>Pflanzen im aktiven Wachstum <\/strong>: Alle zwei Wochen anwenden.<\/li>\n<li><strong>Pflanzen in vegetativer Ruhe <\/strong>: Einmal im Monat anwenden, um einen guten N\u00e4hrstoffgehalt zu erhalten.<\/li>\n<\/ul>\n<p><strong>Methode der Anwendung <\/strong>:<\/p>\n<ul>\n<li><strong>Bew\u00e4sserung an der Basis <\/strong>: Gie\u00dfen Sie die L\u00f6sung direkt auf das Substrat, ohne die Bl\u00e4tter zu benetzen, um F\u00e4ulnis zu vermeiden.<\/li>\n<li><strong>Blattspray (fakultativ) <\/strong>: Bei Sukkulenten, die Feuchtigkeit \u00fcber ihre Bl\u00e4tter aufnehmen, kann alle 4 bis 6 Wochen ein leichtes Spray aufgetragen werden.<\/li>\n<li><strong>F\u00fcr Topfpflanzen <\/strong>: Gie\u00dfen, bis das Wasser aus den L\u00f6chern abzulaufen beginnt, um eine gute N\u00e4hrstoffverteilung zu gew\u00e4hrleisten.<\/li>\n<li><strong>F\u00fcr Pflanzen im Freien <\/strong>: Tragen Sie den D\u00fcnger um den Boden herum auf und achten Sie darauf, dass er nicht auf dem Boden stagniert, um eine \u00dcberdosierung zu vermeiden.<\/li>\n<\/ul>\n<p><strong>Vorsichtsma\u00dfnahmen bei der Verwendung <\/strong>:<\/p>\n<ul>\n<li><strong>Nicht \u00fcberdosieren <\/strong>: Sukkulenten sind langsam wachsende Pflanzen; zu viel D\u00fcnger kann die Wurzeln belasten und die Bl\u00e4tter verbrennen.<\/li>\n<li><strong>Vermeiden Sie die Anwendung in direktem Sonnenlicht <\/strong>: Es wird empfohlen, den D\u00fcnger fr\u00fch morgens oder sp\u00e4t am Tag auszubringen, damit er besser aufgenommen wird.<\/li>\n<li><strong>Eine kranke oder geschw\u00e4chte Pflanze nicht d\u00fcngen <\/strong>: Warten Sie, bis er sich erholt hat, bevor Sie ihm zus\u00e4tzliche N\u00e4hrstoffe geben.<\/li>\n<\/ul>\n<p><strong>Lagerung und Konservierung <\/strong>:<\/p>\n<ul>\n<li>Trocken und vor Licht gesch\u00fctzt lagern.<\/li>\n<li>Verschlie\u00dfen Sie die Flasche nach jedem Gebrauch fest, um Verdunstung oder Verunreinigung zu vermeiden.<\/li>\n<\/ul>\n<p>Mit diesem D\u00fcnger f\u00fcr Sukkulenten und Fettpflanzen versorgen Sie Ihre Pflanzen mit allen Ressourcen, die sie f\u00fcr ein harmonisches Wachstum ben\u00f6tigen, und sorgen f\u00fcr ein ausgewogenes Wachstum und eine erh\u00f6hte Widerstandsf\u00e4higkeit gegen extreme Bedingungen. Egal, ob Sie Sukkulentenliebhaber oder Kakteensammler sind, dieser D\u00fcnger ist der ideale Verb\u00fcndete f\u00fcr kr\u00e4ftige, bl\u00fchende und gesunde Pflanzen.<\/p>","protected":false},"excerpt":{"rendered":"<p>A fertilizer specially formulated for cacti and succulents.\u00a0Succulent plants, such as cacti, agaves, aloes, and echeverias, have specific nutritional needs that differ from those of indoor or outdoor green plants. Our NPK 15-15-15 fertilizer has been designed to provide an optimal balance of nitrogen, phosphorus, and potassium, promoting robust growth, lush foliage, and abundant flowering. [&hellip;]<\/p>\n","protected":false},"featured_media":27195,"comment_status":"open","ping_status":"closed","template":"","meta":{"_uag_custom_page_level_css":"","site-sidebar-layout":"default","site-content-layout":"","ast-site-content-layout":"default","site-content-style":"default","site-sidebar-style":"default","ast-global-header-display":"","ast-banner-title-visibility":"","ast-main-header-display":"","ast-hfb-above-header-display":"","ast-hfb-below-header-display":"","ast-hfb-mobile-header-display":"","site-post-title":"","ast-breadcrumbs-content":"","ast-featured-img":"","footer-sml-layout":"","ast-disable-related-posts":"","theme-transparent-header-meta":"default","adv-header-id-meta":"","stick-header-meta":"","header-above-stick-meta":"","header-main-stick-meta":"","header-below-stick-meta":"","astra-migrate-meta-layouts":"set","ast-page-background-enabled":"default","ast-page-background-meta":{"desktop":{"background-color":"var(--ast-global-color-4)","background-image":"","background-repeat":"repeat","background-position":"center center","background-size":"auto","background-attachment":"scroll","background-type":"","background-media":"","overlay-type":"","overlay-color":"","overlay-opacity":"","overlay-gradient":""},"tablet":{"background-color":"","background-image":"","background-repeat":"repeat","background-position":"center center","background-size":"auto","background-attachment":"scroll","background-type":"","background-media":"","overlay-type":"","overlay-color":"","overlay-opacity":"","overlay-gradient":""},"mobile":{"background-color":"","background-image":"","background-repeat":"repeat","background-position":"center center","background-size":"auto","background-attachment":"scroll","background-type":"","background-media":"","overlay-type":"","overlay-color":"","overlay-opacity":"","overlay-gradient":""}},"ast-content-background-meta":{"desktop":{"background-color":"var(--ast-global-color-5)","background-image":"","background-repeat":"repeat","background-position":"center center","background-size":"auto","background-attachment":"scroll","background-type":"","background-media":"","overlay-type":"","overlay-color":"","overlay-opacity":"","overlay-gradient":""},"tablet":{"background-color":"var(--ast-global-color-5)","background-image":"","background-repeat":"repeat","background-position":"center center","background-size":"auto","background-attachment":"scroll","background-type":"","background-media":"","overlay-type":"","overlay-color":"","overlay-opacity":"","overlay-gradient":""},"mobile":{"background-color":"var(--ast-global-color-5)","background-image":"","background-repeat":"repeat","background-position":"center center","background-size":"auto","background-attachment":"scroll","background-type":"","background-media":"","overlay-type":"","overlay-color":"","overlay-opacity":"","overlay-gradient":""}}},"product_brand":[],"product_cat":[178],"product_tag":[],"class_list":{"0":"post-25332","1":"product","2":"type-product","3":"status-publish","4":"has-post-thumbnail","6":"product_cat-fertilizers","7":"desktop-align-left","8":"tablet-align-left","9":"mobile-align-left","11":"first","12":"instock","13":"sale","14":"shipping-taxable","15":"purchasable","16":"product-type-variable","17":"has-default-attributes"},"spectra_custom_meta":{"_visibility":["visible"],"_shopify_product_id":["9071223570677"],"_s2w_shopify_domain":["ferberpainting.myshopify.com"],"_shopify_variant_id":["46516075790581"],"_sku":[""],"_manage_stock":["no"],"total_sales":["6"],"_tax_status":["taxable"],"_tax_class":[""],"_backorders":["no"],"_sold_individually":["no"],"_virtual":["no"],"_downloadable":["no"],"_download_limit":["-1"],"_download_expiry":["-1"],"_stock":[null],"_stock_status":["instock"],"_wc_average_rating":["4.63"],"_wc_review_count":["8"],"_product_attributes":["a:1:{s:6:\"volume\";a:6:{s:4:\"name\";s:6:\"Volume\";s:5:\"value\";s:20:\"5 liters | 25 liters\";s:8:\"position\";i:1;s:10:\"is_visible\";i:0;s:12:\"is_variation\";i:1;s:11:\"is_taxonomy\";i:0;}}"],"_product_version":["10.5.1"],"_thumbnail_id":["27195"],"_product_image_gallery":["27196"],"wpse_downloadable_file_names":[""],"wpse_downloadable_file_urls":[""],"_edit_last":["1"],"_default_attributes":["a:1:{s:6:\"volume\";s:8:\"5 liters\";}"],"_edit_lock":["1771240150:1"],"_price":["29.90","129.90"],"merchant-center-availability":["yes"],"merchant-center-category":["113"],"_wp_page_template":["default"],"site-sidebar-layout":["default"],"ast-site-content-layout":["default"],"site-content-style":["default"],"site-sidebar-style":["default"],"theme-transparent-header-meta":["default"],"_wc_rating_count":["a:2:{i:4;i:3;i:5;i:5;}"],"astra-migrate-meta-layouts":["set"],"_uag_css_file_name":["uag-css-25332.css"],"_elementor_page_assets":["a:0:{}"],"_uag_page_assets":["a:9:{s:3:\"css\";s:6893:\".wp-block-uagb-image{display:flex}.wp-block-uagb-image__figure{position:relative;display:flex;flex-direction:column;max-width:100%;height:auto;margin:0}.wp-block-uagb-image__figure img{height:auto;display:flex;max-width:100%;transition:box-shadow 0.2s ease}.wp-block-uagb-image__figure>a{display:inline-block}.wp-block-uagb-image__figure figcaption{text-align:center;margin-top:0.5em;margin-bottom:1em}.wp-block-uagb-image .components-placeholder.block-editor-media-placeholder .components-placeholder__instructions{align-self:center}.wp-block-uagb-image--align-left{text-align:left}.wp-block-uagb-image--align-right{text-align:right}.wp-block-uagb-image--align-center{text-align:center}.wp-block-uagb-image--align-full .wp-block-uagb-image__figure{margin-left:calc(50% - 50vw);margin-right:calc(50% - 50vw);max-width:100vw;width:100vw;height:auto}.wp-block-uagb-image--align-full .wp-block-uagb-image__figure img{height:auto;width:100% !important}.wp-block-uagb-image--align-wide .wp-block-uagb-image__figure img{height:auto;width:100%}.wp-block-uagb-image--layout-overlay__color-wrapper{position:absolute;left:0;top:0;right:0;bottom:0;opacity:0.2;background:rgba(0,0,0,0.5);transition:opacity 0.35s ease-in-out}.wp-block-uagb-image--layout-overlay-link{position:absolute;left:0;right:0;bottom:0;top:0}.wp-block-uagb-image--layout-overlay .wp-block-uagb-image__figure:hover .wp-block-uagb-image--layout-overlay__color-wrapper{opacity:1}.wp-block-uagb-image--layout-overlay__inner{position:absolute;left:15px;right:15px;bottom:15px;top:15px;display:flex;align-items:center;justify-content:center;flex-direction:column;border-color:#fff;transition:0.35s ease-in-out}.wp-block-uagb-image--layout-overlay__inner.top-left,.wp-block-uagb-image--layout-overlay__inner.top-center,.wp-block-uagb-image--layout-overlay__inner.top-right{justify-content:flex-start}.wp-block-uagb-image--layout-overlay__inner.bottom-left,.wp-block-uagb-image--layout-overlay__inner.bottom-center,.wp-block-uagb-image--layout-overlay__inner.bottom-right{justify-content:flex-end}.wp-block-uagb-image--layout-overlay__inner.top-left,.wp-block-uagb-image--layout-overlay__inner.center-left,.wp-block-uagb-image--layout-overlay__inner.bottom-left{align-items:flex-start}.wp-block-uagb-image--layout-overlay__inner.top-right,.wp-block-uagb-image--layout-overlay__inner.center-right,.wp-block-uagb-image--layout-overlay__inner.bottom-right{align-items:flex-end}.wp-block-uagb-image--layout-overlay__inner .uagb-image-heading{color:#fff;transition:transform 0.35s, opacity 0.35s ease-in-out;transform:translate3d(0, 24px, 0);margin:0;line-height:1em}.wp-block-uagb-image--layout-overlay__inner .uagb-image-separator{width:30%;border-top-width:2px;border-top-color:#fff;border-top-style:solid;margin-bottom:10px;opacity:0;transition:transform 0.4s, opacity 0.4s ease-in-out;transform:translate3d(0, 30px, 0)}.wp-block-uagb-image--layout-overlay__inner .uagb-image-caption{opacity:0;overflow:visible;color:#fff;transition:transform 0.45s, opacity 0.45s ease-in-out;transform:translate3d(0, 35px, 0)}.wp-block-uagb-image--layout-overlay__inner:hover .uagb-image-heading,.wp-block-uagb-image--layout-overlay__inner:hover .uagb-image-separator,.wp-block-uagb-image--layout-overlay__inner:hover .uagb-image-caption{opacity:1;transform:translate3d(0, 0, 0)}.wp-block-uagb-image--effect-zoomin .wp-block-uagb-image__figure img,.wp-block-uagb-image--effect-zoomin .wp-block-uagb-image__figure .wp-block-uagb-image--layout-overlay__color-wrapper{transform:scale(1);transition:transform 0.35s ease-in-out}.wp-block-uagb-image--effect-zoomin .wp-block-uagb-image__figure:hover img,.wp-block-uagb-image--effect-zoomin .wp-block-uagb-image__figure:hover .wp-block-uagb-image--layout-overlay__color-wrapper{transform:scale(1.05)}.wp-block-uagb-image--effect-slide .wp-block-uagb-image__figure img,.wp-block-uagb-image--effect-slide .wp-block-uagb-image__figure .wp-block-uagb-image--layout-overlay__color-wrapper{width:calc(100% + 40px) !important;max-width:none !important;transform:translate3d(-40px, 0, 0);transition:transform 0.35s ease-in-out}.wp-block-uagb-image--effect-slide .wp-block-uagb-image__figure:hover img,.wp-block-uagb-image--effect-slide .wp-block-uagb-image__figure:hover .wp-block-uagb-image--layout-overlay__color-wrapper{transform:translate3d(0, 0, 0)}.wp-block-uagb-image--effect-grayscale img{filter:grayscale(0%);transition:0.35s ease-in-out}.wp-block-uagb-image--effect-grayscale:hover img{filter:grayscale(100%)}.wp-block-uagb-image--effect-blur img{filter:blur(0);transition:0.35s ease-in-out}.wp-block-uagb-image--effect-blur:hover img{filter:blur(3px)}\n.uagb-block-e6f939b3.wp-block-uagb-image--layout-default figure img{box-shadow: 0px 0px 0 #00000070;}.uagb-block-e6f939b3.wp-block-uagb-image .wp-block-uagb-image__figure figcaption{font-style: normal;align-self: center;}.uagb-block-e6f939b3.wp-block-uagb-image--layout-overlay figure img{box-shadow: 0px 0px 0 #00000070;}.uagb-block-e6f939b3.wp-block-uagb-image--layout-overlay .wp-block-uagb-image--layout-overlay__color-wrapper{opacity: 0.2;}.uagb-block-e6f939b3.wp-block-uagb-image--layout-overlay .wp-block-uagb-image--layout-overlay__inner{left: 15px;right: 15px;top: 15px;bottom: 15px;}.uagb-block-e6f939b3.wp-block-uagb-image--layout-overlay .wp-block-uagb-image--layout-overlay__inner .uagb-image-heading{font-style: normal;color: #fff;opacity: 1;}.uagb-block-e6f939b3.wp-block-uagb-image--layout-overlay .wp-block-uagb-image--layout-overlay__inner .uagb-image-heading a{color: #fff;}.uagb-block-e6f939b3.wp-block-uagb-image--layout-overlay .wp-block-uagb-image--layout-overlay__inner .uagb-image-caption{opacity: 0;}.uagb-block-e6f939b3.wp-block-uagb-image--layout-overlay .wp-block-uagb-image__figure:hover .wp-block-uagb-image--layout-overlay__color-wrapper{opacity: 1;}.uagb-block-e6f939b3.wp-block-uagb-image .wp-block-uagb-image--layout-overlay__inner .uagb-image-separator{width: 30%;border-top-width: 2px;border-top-color: #fff;opacity: 0;}.uagb-block-e6f939b3.wp-block-uagb-image .wp-block-uagb-image__figure img{width: px;height: auto;}.uagb-block-e6f939b3.wp-block-uagb-image .wp-block-uagb-image__figure:hover .wp-block-uagb-image--layout-overlay__inner .uagb-image-caption{opacity: 1;}.uagb-block-e6f939b3.wp-block-uagb-image .wp-block-uagb-image__figure:hover .wp-block-uagb-image--layout-overlay__inner .uagb-image-separator{opacity: 1;}.uagb-block-e6f939b3.wp-block-uagb-image--layout-default figure:hover img{box-shadow: 0px 0px 0 #00000070;}.uagb-block-e6f939b3.wp-block-uagb-image--layout-overlay figure:hover img{box-shadow: 0px 0px 0 #00000070;}@media only screen and (max-width: 976px) {.uagb-block-e6f939b3.wp-block-uagb-image .wp-block-uagb-image__figure img{width: px;height: auto;}}@media only screen and (max-width: 767px) {.uagb-block-e6f939b3.wp-block-uagb-image .wp-block-uagb-image__figure img{width: px;height: auto;}}\";s:2:\"js\";s:0:\"\";s:18:\"current_block_list\";a:13:{i:0;s:11:\"core\/search\";i:1;s:10:\"core\/group\";i:2;s:12:\"core\/heading\";i:3;s:17:\"core\/latest-posts\";i:4;s:20:\"core\/latest-comments\";i:5;s:13:\"core\/archives\";i:6;s:15:\"core\/categories\";i:7;s:14:\"core\/paragraph\";i:8;s:10:\"uagb\/image\";i:9;s:11:\"core\/spacer\";i:10;s:30:\"woocommerce\/product-categories\";i:11;s:10:\"core\/image\";i:12;s:14:\"core\/shortcode\";}s:8:\"uag_flag\";b:1;s:11:\"uag_version\";s:10:\"1775587345\";s:6:\"gfonts\";a:0:{}s:10:\"gfonts_url\";s:0:\"\";s:12:\"gfonts_files\";a:0:{}s:14:\"uag_faq_layout\";b:0;}"]},"uagb_featured_image_src":{"full":["https:\/\/www.ferberpainting.com\/wp-content\/uploads\/2025\/05\/SucculentFertilizer5L.png",2560,2560,false],"thumbnail":["https:\/\/www.ferberpainting.com\/wp-content\/uploads\/2025\/05\/SucculentFertilizer5L-150x150.png",150,150,true],"medium":["https:\/\/www.ferberpainting.com\/wp-content\/uploads\/2025\/05\/SucculentFertilizer5L-300x300.png",300,300,true],"medium_large":["https:\/\/www.ferberpainting.com\/wp-content\/uploads\/2025\/05\/SucculentFertilizer5L-768x768.png",768,768,true],"large":["https:\/\/www.ferberpainting.com\/wp-content\/uploads\/2025\/05\/SucculentFertilizer5L-1024x1024.png",1024,1024,true],"1536x1536":["https:\/\/www.ferberpainting.com\/wp-content\/uploads\/2025\/05\/SucculentFertilizer5L-1536x1536.png",1536,1536,true],"2048x2048":["https:\/\/www.ferberpainting.com\/wp-content\/uploads\/2025\/05\/SucculentFertilizer5L-2048x2048.png",2048,2048,true],"trp-custom-language-flag":["https:\/\/www.ferberpainting.com\/wp-content\/uploads\/2025\/05\/SucculentFertilizer5L-12x12.png",12,12,true],"woocommerce_thumbnail":["https:\/\/www.ferberpainting.com\/wp-content\/uploads\/2025\/05\/SucculentFertilizer5L-300x300.png",300,300,true],"woocommerce_single":["https:\/\/www.ferberpainting.com\/wp-content\/uploads\/2025\/05\/SucculentFertilizer5L-600x600.png",600,600,true],"woocommerce_gallery_thumbnail":["https:\/\/www.ferberpainting.com\/wp-content\/uploads\/2025\/05\/SucculentFertilizer5L-100x100.png",100,100,true]},"uagb_author_info":{"display_name":"admin","author_link":"https:\/\/www.ferberpainting.com\/ch-de\/author\/"},"uagb_comment_info":8,"uagb_excerpt":"A fertilizer specially formulated for cacti and succulents.\u00a0Succulent plants, such as cacti, agaves, aloes, and echeverias, have specific nutritional needs that differ from those of indoor or outdoor green plants. Our NPK 15-15-15 fertilizer has been designed to provide an optimal balance of nitrogen, phosphorus, and potassium, promoting robust growth, lush foliage, and abundant flowering.&hellip;","_links":{"self":[{"href":"https:\/\/www.ferberpainting.com\/ch-de\/wp-json\/wp\/v2\/product\/25332","targetHints":{"allow":["GET"]}}],"collection":[{"href":"https:\/\/www.ferberpainting.com\/ch-de\/wp-json\/wp\/v2\/product"}],"about":[{"href":"https:\/\/www.ferberpainting.com\/ch-de\/wp-json\/wp\/v2\/types\/product"}],"replies":[{"embeddable":true,"href":"https:\/\/www.ferberpainting.com\/ch-de\/wp-json\/wp\/v2\/comments?post=25332"}],"version-history":[{"count":4,"href":"https:\/\/www.ferberpainting.com\/ch-de\/wp-json\/wp\/v2\/product\/25332\/revisions"}],"predecessor-version":[{"id":167355,"href":"https:\/\/www.ferberpainting.com\/ch-de\/wp-json\/wp\/v2\/product\/25332\/revisions\/167355"}],"wp:featuredmedia":[{"embeddable":true,"href":"https:\/\/www.ferberpainting.com\/ch-de\/wp-json\/wp\/v2\/media\/27195"}],"wp:attachment":[{"href":"https:\/\/www.ferberpainting.com\/ch-de\/wp-json\/wp\/v2\/media?parent=25332"}],"wp:term":[{"taxonomy":"product_brand","embeddable":true,"href":"https:\/\/www.ferberpainting.com\/ch-de\/wp-json\/wp\/v2\/product_brand?post=25332"},{"taxonomy":"product_cat","embeddable":true,"href":"https:\/\/www.ferberpainting.com\/ch-de\/wp-json\/wp\/v2\/product_cat?post=25332"},{"taxonomy":"product_tag","embeddable":true,"href":"https:\/\/www.ferberpainting.com\/ch-de\/wp-json\/wp\/v2\/product_tag?post=25332"}],"curies":[{"name":"wp","href":"https:\/\/api.w.org\/{rel}","templated":true}]}}