{"id":25283,"date":"2025-05-26T10:30:26","date_gmt":"2025-05-26T08:30:26","guid":{"rendered":"https:\/\/www.ferberpainting.com\/products\/septic-tank-treatment\/"},"modified":"2026-02-16T10:28:42","modified_gmt":"2026-02-16T09:28:42","slug":"septic-tank-treatment","status":"publish","type":"product","link":"https:\/\/www.ferberpainting.com\/ch-de\/products\/septic-tank-treatment\/","title":{"rendered":"Behandlung f\u00fcr die Kl\u00e4rgrube"},"content":{"rendered":"<p><strong><img decoding=\"async\" style=\"margin-right: 12px;\" src=\"https:\/\/www.ferberpainting.com\/wp-content\/uploads\/2026\/02\/Check.svg\" alt=\"\" width=\"18\" height=\"15\" \/>Wirksame und dauerhafte Wartung von Kl\u00e4rgruben.<\/strong>\u00a0Diese Kl\u00e4rgrubenbehandlung wurde speziell entwickelt, um das ordnungsgem\u00e4\u00dfe Funktionieren der einzelnen Abwassersysteme zu optimieren. Es verhindert \u00fcberm\u00e4\u00dfige Schlammansammlungen, verringert das Risiko von Verstopfungen und minimiert schlechte Ger\u00fcche, w\u00e4hrend es das biologische Gleichgewicht f\u00f6rdert, das f\u00fcr eine wirksame Abwasserreinigung notwendig ist. Dank seiner leistungsstarken Formulierung gew\u00e4hrleistet es eine kontinuierliche Wirkung, die dazu beitr\u00e4gt, die Lebensdauer Ihrer Kl\u00e4rgrube zu verl\u00e4ngern und die H\u00e4ufigkeit der Abpumpvorg\u00e4nge zu verringern.<\/p>\n<p><strong><img decoding=\"async\" style=\"margin-right: 12px;\" src=\"https:\/\/www.ferberpainting.com\/wp-content\/uploads\/2026\/02\/Check.svg\" alt=\"\" width=\"18\" height=\"15\" \/>Zufriedenheitsgarantie oder Sie erhalten Ihr Geld zur\u00fcck.<\/strong>\u00a0Wir haben volles Vertrauen in die Wirksamkeit unserer Kl\u00e4rgrubenbehandlung. Deshalb bieten wir eine Zufriedenheitsgarantie oder Ihr Geld zur\u00fcck. Wenn das Produkt nach ordnungsgem\u00e4\u00dfer Anwendung gem\u00e4\u00df den Empfehlungen nicht Ihren Erwartungen entspricht, haben Sie die M\u00f6glichkeit, eine R\u00fcckerstattung ohne Bedingungen zu beantragen, was einen sicheren und risikofreien Kauf gew\u00e4hrleistet.<\/p>\n<p><strong><img decoding=\"async\" style=\"margin-right: 12px;\" src=\"https:\/\/www.ferberpainting.com\/wp-content\/uploads\/2026\/02\/Check.svg\" alt=\"\" width=\"18\" height=\"15\" \/>Geeignet f\u00fcr alle Arten von Tanks und Materialien.<\/strong>\u00a0Diese Behandlung ist mit Kl\u00e4rgruben aus Beton, Kunststoff, Zement und Verbundwerkstoffen sowie mit traditionellen und umweltfreundlichen Abwassersystemen kompatibel. Es funktioniert effektiv in Allwasser-Kl\u00e4rgruben und Fettabscheidern und passt sich allen nicht kollektiven Sanit\u00e4rkonfigurationen an, ob f\u00fcr ein Privathaus, ein G\u00e4stehaus oder eine professionelle Anlage.<\/p>\n<p><strong><img decoding=\"async\" style=\"margin-right: 12px;\" src=\"https:\/\/www.ferberpainting.com\/wp-content\/uploads\/2026\/02\/Check.svg\" alt=\"\" width=\"18\" height=\"15\" \/>Kosteng\u00fcnstige und optimierte Dosierung.<\/strong>\u00a0Dank seiner konzentrierten Formel gew\u00e4hrleistet eine einzige Flasche eine wirksame Behandlung f\u00fcr 1 Jahr, wodurch h\u00e4ufige Nachk\u00e4ufe vermieden werden und eine kosteng\u00fcnstige L\u00f6sung f\u00fcr die Wartung von Kl\u00e4rgruben gew\u00e4hrleistet wird. Seine allm\u00e4hliche Wirkung erm\u00f6glicht einen kontinuierlichen Abbau organischer Stoffe und reduziert die Notwendigkeit teurer und l\u00e4stiger Abpumpvorg\u00e4nge.<\/p>\n<p><strong><img decoding=\"async\" style=\"margin-right: 12px;\" src=\"https:\/\/www.ferberpainting.com\/wp-content\/uploads\/2026\/02\/Check.svg\" alt=\"\" width=\"18\" height=\"15\" \/>Ein sicheres und umweltfreundliches Produkt.<\/strong>\u00a0Diese Kl\u00e4rgrubenbehandlung ist ohne scharfe Chemikalien formuliert und sicher f\u00fcr die Umwelt. Es erh\u00e4lt das nat\u00fcrliche Gleichgewicht des Beckens, indem es auf biologische Weise die Schlammbildung begrenzt und Rohrverstopfungen verhindert. Es stellt keine Gefahr f\u00fcr die umliegende Flora und Fauna dar und tr\u00e4gt zu einer umweltfreundlicheren und nachhaltigen Abwasserentsorgung bei.<\/p>\n<p><strong><img decoding=\"async\" style=\"margin-right: 12px;\" src=\"https:\/\/www.ferberpainting.com\/wp-content\/uploads\/2026\/02\/Check.svg\" alt=\"\" width=\"18\" height=\"15\" \/>Einfach zu bedienen und m\u00fchelos anzuwenden.<\/strong>\u00a0Dieses Produkt ist gebrauchsfertig und erfordert keine komplizierte Handhabung oder spezielle Ausr\u00fcstung. Sch\u00fctten Sie es einfach direkt in die Toilette oder in den n\u00e4chsten Wasserablauf, um eine gleichm\u00e4\u00dfige Verteilung im Tank zu gew\u00e4hrleisten. Die einfache Anwendung erm\u00f6glicht es jedem, sein System effektiv zu warten, ohne dass er spezielle Kenntnisse ben\u00f6tigt.<\/p>\n<p><strong><img decoding=\"async\" style=\"margin-right: 12px;\" src=\"https:\/\/www.ferberpainting.com\/wp-content\/uploads\/2026\/02\/Check.svg\" alt=\"\" width=\"18\" height=\"15\" \/>Langlebigkeit und Vorbeugung von Fehlfunktionen.<\/strong>\u00a0Durch die Aufrechterhaltung eines gesunden biologischen Gleichgewichts im Tank verl\u00e4ngert diese Behandlung dessen Lebensdauer, verhindert Verstopfungsprobleme und reduziert kostspielige Eingriffe. Sie verhindert die Bildung fester Ablagerungen und verringert so das Risiko von Verstopfungen und Rohrverstopfungen und sorgt das ganze Jahr \u00fcber f\u00fcr eine optimale Abwasserreinigung.<\/p>\n<p><strong><img decoding=\"async\" style=\"margin-right: 12px;\" src=\"https:\/\/www.ferberpainting.com\/wp-content\/uploads\/2026\/02\/Check.svg\" alt=\"\" width=\"18\" height=\"15\" \/>Schnelle Wirkung und sichtbare Ergebnisse in wenigen Tagen.<\/strong>\u00a0Nach der Anwendung wirkt diese Behandlung sofort auf die organischen Abf\u00e4lle ein und beginnt, das Gleichgewicht des Tanks wiederherzustellen. In nur wenigen Tagen werden unangenehme Ger\u00fcche reduziert, die Schlammverfl\u00fcssigung wird verbessert und der ordnungsgem\u00e4\u00dfe Abwasserfluss wird wiederhergestellt, was eine optimale Systemleistung gew\u00e4hrleistet.<\/p>\n<h2>Verwendungsprotokoll<\/h2>\n<ul>\n<li><strong>Empfohlene Dosierung <\/strong>: Eine Flasche reicht f\u00fcr die Behandlung einer Kl\u00e4rgrube f\u00fcr 1 Jahr. Es wird empfohlen, eine regelm\u00e4\u00dfige Dosis jeden Monat zu gie\u00dfen, um die Wirksamkeit der Behandlung zu erhalten.<\/li>\n<li><strong>Anwendung des Produkts <\/strong>: Gie\u00dfen Sie die empfohlene Menge direkt in die Toilette oder in ein Waschbecken, sp\u00fclen Sie dann oder lassen Sie Wasser laufen, um eine gute Diffusion in das Abwassersystem zu gew\u00e4hrleisten.<\/li>\n<li><strong>H\u00e4ufigkeit der Wartung <\/strong>: Verwenden Sie das Produkt einmal im Monat, um eine kontinuierliche Wartung zu gew\u00e4hrleisten und Schlammbildung zu verhindern. Eine regelm\u00e4\u00dfige Wartung tr\u00e4gt zur Optimierung der Effizienz des Tanks bei und reduziert die Notwendigkeit von Wartungseingriffen.<\/li>\n<li><strong>Erwartete Auswirkungen <\/strong>: Nach einigen Tagen verbessert sich die Verfl\u00fcssigung der organischen Stoffe, die Geruchsbel\u00e4stigung nimmt ab, und die Gesamtleistung der Kl\u00e4rgrube wird optimiert.<\/li>\n<li><strong>Vorsichtsma\u00dfnahmen bei der Verwendung <\/strong>: Verwenden Sie dieses Produkt nicht gleichzeitig mit einem scharfen chemischen Reinigungsmittel (z. B. Bleichmittel oder S\u00e4ure), um seine Wirksamkeit nicht zu beeintr\u00e4chtigen.<\/li>\n<li><strong>Lagerung und Konservierung <\/strong>: Bewahren Sie das Produkt an einem trockenen und temperierten Ort, vor Sonnenlicht und Frost gesch\u00fctzt, auf, um seine Stabilit\u00e4t und Wirksamkeit zu gew\u00e4hrleisten.<\/li>\n<\/ul>\n<p>Mit dieser Kl\u00e4rgrubenbehandlung ist die Wartung Ihres Systems m\u00fchelos und gew\u00e4hrleistet eine optimale Leistung bei gleichzeitigem Schutz der Umwelt und einer Reduzierung der Wartungs- und Abpumpkosten.<\/p>","protected":false},"excerpt":{"rendered":"<p>Effective and long-lasting septic tank maintenance.\u00a0This septic tank treatment is specially designed to optimize the proper functioning of individual sanitation systems. It prevents excessive sludge accumulation, reduces the risk of blockages, and minimizes bad odors while promoting the biological balance necessary for effective wastewater treatment. Thanks to its powerful formulation, it ensures continuous action that [&hellip;]<\/p>\n","protected":false},"featured_media":27165,"comment_status":"open","ping_status":"closed","template":"","meta":{"_uag_custom_page_level_css":"","site-sidebar-layout":"default","site-content-layout":"","ast-site-content-layout":"default","site-content-style":"default","site-sidebar-style":"default","ast-global-header-display":"","ast-banner-title-visibility":"","ast-main-header-display":"","ast-hfb-above-header-display":"","ast-hfb-below-header-display":"","ast-hfb-mobile-header-display":"","site-post-title":"","ast-breadcrumbs-content":"","ast-featured-img":"","footer-sml-layout":"","ast-disable-related-posts":"","theme-transparent-header-meta":"default","adv-header-id-meta":"","stick-header-meta":"","header-above-stick-meta":"","header-main-stick-meta":"","header-below-stick-meta":"","astra-migrate-meta-layouts":"set","ast-page-background-enabled":"default","ast-page-background-meta":{"desktop":{"background-color":"var(--ast-global-color-4)","background-image":"","background-repeat":"repeat","background-position":"center center","background-size":"auto","background-attachment":"scroll","background-type":"","background-media":"","overlay-type":"","overlay-color":"","overlay-opacity":"","overlay-gradient":""},"tablet":{"background-color":"","background-image":"","background-repeat":"repeat","background-position":"center center","background-size":"auto","background-attachment":"scroll","background-type":"","background-media":"","overlay-type":"","overlay-color":"","overlay-opacity":"","overlay-gradient":""},"mobile":{"background-color":"","background-image":"","background-repeat":"repeat","background-position":"center center","background-size":"auto","background-attachment":"scroll","background-type":"","background-media":"","overlay-type":"","overlay-color":"","overlay-opacity":"","overlay-gradient":""}},"ast-content-background-meta":{"desktop":{"background-color":"var(--ast-global-color-5)","background-image":"","background-repeat":"repeat","background-position":"center center","background-size":"auto","background-attachment":"scroll","background-type":"","background-media":"","overlay-type":"","overlay-color":"","overlay-opacity":"","overlay-gradient":""},"tablet":{"background-color":"var(--ast-global-color-5)","background-image":"","background-repeat":"repeat","background-position":"center center","background-size":"auto","background-attachment":"scroll","background-type":"","background-media":"","overlay-type":"","overlay-color":"","overlay-opacity":"","overlay-gradient":""},"mobile":{"background-color":"var(--ast-global-color-5)","background-image":"","background-repeat":"repeat","background-position":"center center","background-size":"auto","background-attachment":"scroll","background-type":"","background-media":"","overlay-type":"","overlay-color":"","overlay-opacity":"","overlay-gradient":""}}},"product_brand":[],"product_cat":[175],"product_tag":[],"class_list":{"0":"post-25283","1":"product","2":"type-product","3":"status-publish","4":"has-post-thumbnail","6":"product_cat-cleaning-products","7":"desktop-align-left","8":"tablet-align-left","9":"mobile-align-left","11":"first","12":"instock","13":"taxable","14":"shipping-taxable","15":"purchasable","16":"product-type-simple"},"spectra_custom_meta":{"_visibility":["visible"],"_shopify_product_id":["9061152882933"],"_s2w_shopify_domain":["ferberpainting.myshopify.com"],"_shopify_variant_id":["46484680802549"],"_sku":["FPSEPTICTANKTREATMENT250ML"],"_regular_price":["29.90"],"_price":["29.90"],"_sale_price":[""],"_weight":["0.45"],"_thumbnail_id":["27165"],"_global_unique_id":["5056773818408"],"total_sales":["14"],"_tax_status":["taxable"],"_tax_class":[""],"_manage_stock":["no"],"_backorders":["no"],"_sold_individually":["no"],"_virtual":["no"],"_downloadable":["no"],"_download_limit":["-1"],"_download_expiry":["-1"],"_stock":[null],"_stock_status":["instock"],"_wc_average_rating":["4.71"],"_wc_review_count":["7"],"_product_version":["10.5.1"],"_edit_lock":["1776895678:9328"],"merchant-center-availability":["yes"],"merchant-center-category":["7470"],"_edit_last":["1"],"_wp_page_template":["default"],"site-sidebar-layout":["default"],"ast-site-content-layout":["default"],"site-content-style":["default"],"site-sidebar-style":["default"],"theme-transparent-header-meta":["default"],"_wc_rating_count":["a:2:{i:4;i:2;i:5;i:5;}"],"astra-migrate-meta-layouts":["set"],"_uag_css_file_name":["uag-css-25283.css"],"_elementor_page_assets":["a:0:{}"],"_uag_page_assets":["a:9:{s:3:\"css\";s:7133:\".uag-blocks-common-selector{z-index:var(--z-index-desktop) !important}@media(max-width: 976px){.uag-blocks-common-selector{z-index:var(--z-index-tablet) !important}}@media(max-width: 767px){.uag-blocks-common-selector{z-index:var(--z-index-mobile) !important}}.wp-block-uagb-image{display:flex}.wp-block-uagb-image__figure{position:relative;display:flex;flex-direction:column;max-width:100%;height:auto;margin:0}.wp-block-uagb-image__figure img{height:auto;display:flex;max-width:100%;transition:box-shadow .2s ease}.wp-block-uagb-image__figure>a{display:inline-block}.wp-block-uagb-image__figure figcaption{text-align:center;margin-top:.5em;margin-bottom:1em}.wp-block-uagb-image .components-placeholder.block-editor-media-placeholder .components-placeholder__instructions{align-self:center}.wp-block-uagb-image--align-left{text-align:left}.wp-block-uagb-image--align-right{text-align:right}.wp-block-uagb-image--align-center{text-align:center}.wp-block-uagb-image--align-full .wp-block-uagb-image__figure{margin-left:calc(50% - 50vw);margin-right:calc(50% - 50vw);max-width:100vw;width:100vw;height:auto}.wp-block-uagb-image--align-full .wp-block-uagb-image__figure img{height:auto;width:100% !important}.wp-block-uagb-image--align-wide .wp-block-uagb-image__figure img{height:auto;width:100%}.wp-block-uagb-image--layout-overlay__color-wrapper{position:absolute;left:0;top:0;right:0;bottom:0;opacity:.2;background:rgba(0,0,0,.5);transition:opacity .35s ease-in-out}.wp-block-uagb-image--layout-overlay-link{position:absolute;left:0;right:0;bottom:0;top:0}.wp-block-uagb-image--layout-overlay .wp-block-uagb-image__figure:hover .wp-block-uagb-image--layout-overlay__color-wrapper{opacity:1}.wp-block-uagb-image--layout-overlay__inner{position:absolute;left:15px;right:15px;bottom:15px;top:15px;display:flex;align-items:center;justify-content:center;flex-direction:column;border-color:#fff;transition:.35s ease-in-out}.wp-block-uagb-image--layout-overlay__inner.top-left,.wp-block-uagb-image--layout-overlay__inner.top-center,.wp-block-uagb-image--layout-overlay__inner.top-right{justify-content:flex-start}.wp-block-uagb-image--layout-overlay__inner.bottom-left,.wp-block-uagb-image--layout-overlay__inner.bottom-center,.wp-block-uagb-image--layout-overlay__inner.bottom-right{justify-content:flex-end}.wp-block-uagb-image--layout-overlay__inner.top-left,.wp-block-uagb-image--layout-overlay__inner.center-left,.wp-block-uagb-image--layout-overlay__inner.bottom-left{align-items:flex-start}.wp-block-uagb-image--layout-overlay__inner.top-right,.wp-block-uagb-image--layout-overlay__inner.center-right,.wp-block-uagb-image--layout-overlay__inner.bottom-right{align-items:flex-end}.wp-block-uagb-image--layout-overlay__inner .uagb-image-heading{color:#fff;transition:transform .35s,opacity .35s ease-in-out;transform:translate3d(0, 24px, 0);margin:0;line-height:1em}.wp-block-uagb-image--layout-overlay__inner .uagb-image-separator{width:30%;border-top-width:2px;border-top-color:#fff;border-top-style:solid;margin-bottom:10px;opacity:0;transition:transform .4s,opacity .4s ease-in-out;transform:translate3d(0, 30px, 0)}.wp-block-uagb-image--layout-overlay__inner .uagb-image-caption{opacity:0;overflow:visible;color:#fff;transition:transform .45s,opacity .45s ease-in-out;transform:translate3d(0, 35px, 0)}.wp-block-uagb-image--layout-overlay__inner:hover .uagb-image-heading,.wp-block-uagb-image--layout-overlay__inner:hover .uagb-image-separator,.wp-block-uagb-image--layout-overlay__inner:hover .uagb-image-caption{opacity:1;transform:translate3d(0, 0, 0)}.wp-block-uagb-image--effect-zoomin .wp-block-uagb-image__figure img,.wp-block-uagb-image--effect-zoomin .wp-block-uagb-image__figure .wp-block-uagb-image--layout-overlay__color-wrapper{transform:scale(1);transition:transform .35s ease-in-out}.wp-block-uagb-image--effect-zoomin .wp-block-uagb-image__figure:hover img,.wp-block-uagb-image--effect-zoomin .wp-block-uagb-image__figure:hover .wp-block-uagb-image--layout-overlay__color-wrapper{transform:scale(1.05)}.wp-block-uagb-image--effect-slide .wp-block-uagb-image__figure img,.wp-block-uagb-image--effect-slide .wp-block-uagb-image__figure .wp-block-uagb-image--layout-overlay__color-wrapper{width:calc(100% + 40px) !important;max-width:none !important;transform:translate3d(-40px, 0, 0);transition:transform .35s ease-in-out}.wp-block-uagb-image--effect-slide .wp-block-uagb-image__figure:hover img,.wp-block-uagb-image--effect-slide .wp-block-uagb-image__figure:hover .wp-block-uagb-image--layout-overlay__color-wrapper{transform:translate3d(0, 0, 0)}.wp-block-uagb-image--effect-grayscale img{filter:grayscale(0%);transition:.35s ease-in-out}.wp-block-uagb-image--effect-grayscale:hover img{filter:grayscale(100%)}.wp-block-uagb-image--effect-blur img{filter:blur(0);transition:.35s ease-in-out}.wp-block-uagb-image--effect-blur:hover img{filter:blur(3px)}.uagb-block-e6f939b3.wp-block-uagb-image--layout-default figure img{box-shadow: 0px 0px 0 #00000070;}.uagb-block-e6f939b3.wp-block-uagb-image .wp-block-uagb-image__figure figcaption{font-style: normal;align-self: center;}.uagb-block-e6f939b3.wp-block-uagb-image--layout-overlay figure img{box-shadow: 0px 0px 0 #00000070;}.uagb-block-e6f939b3.wp-block-uagb-image--layout-overlay .wp-block-uagb-image--layout-overlay__color-wrapper{opacity: 0.2;}.uagb-block-e6f939b3.wp-block-uagb-image--layout-overlay .wp-block-uagb-image--layout-overlay__inner{left: 15px;right: 15px;top: 15px;bottom: 15px;}.uagb-block-e6f939b3.wp-block-uagb-image--layout-overlay .wp-block-uagb-image--layout-overlay__inner .uagb-image-heading{font-style: normal;color: #fff;opacity: 1;}.uagb-block-e6f939b3.wp-block-uagb-image--layout-overlay .wp-block-uagb-image--layout-overlay__inner .uagb-image-heading a{color: #fff;}.uagb-block-e6f939b3.wp-block-uagb-image--layout-overlay .wp-block-uagb-image--layout-overlay__inner .uagb-image-caption{opacity: 0;}.uagb-block-e6f939b3.wp-block-uagb-image--layout-overlay .wp-block-uagb-image__figure:hover .wp-block-uagb-image--layout-overlay__color-wrapper{opacity: 1;}.uagb-block-e6f939b3.wp-block-uagb-image .wp-block-uagb-image--layout-overlay__inner .uagb-image-separator{width: 30%;border-top-width: 2px;border-top-color: #fff;opacity: 0;}.uagb-block-e6f939b3.wp-block-uagb-image .wp-block-uagb-image__figure img{width: px;height: auto;}.uagb-block-e6f939b3.wp-block-uagb-image .wp-block-uagb-image__figure:hover .wp-block-uagb-image--layout-overlay__inner .uagb-image-caption{opacity: 1;}.uagb-block-e6f939b3.wp-block-uagb-image .wp-block-uagb-image__figure:hover .wp-block-uagb-image--layout-overlay__inner .uagb-image-separator{opacity: 1;}.uagb-block-e6f939b3.wp-block-uagb-image--layout-default figure:hover img{box-shadow: 0px 0px 0 #00000070;}.uagb-block-e6f939b3.wp-block-uagb-image--layout-overlay figure:hover img{box-shadow: 0px 0px 0 #00000070;}@media only screen and (max-width: 976px) {.uagb-block-e6f939b3.wp-block-uagb-image .wp-block-uagb-image__figure img{width: px;height: auto;}}@media only screen and (max-width: 767px) {.uagb-block-e6f939b3.wp-block-uagb-image .wp-block-uagb-image__figure img{width: px;height: auto;}}\";s:2:\"js\";s:0:\"\";s:18:\"current_block_list\";a:13:{i:0;s:11:\"core\/search\";i:1;s:10:\"core\/group\";i:2;s:12:\"core\/heading\";i:3;s:17:\"core\/latest-posts\";i:4;s:20:\"core\/latest-comments\";i:5;s:13:\"core\/archives\";i:6;s:15:\"core\/categories\";i:7;s:14:\"core\/paragraph\";i:8;s:10:\"uagb\/image\";i:9;s:11:\"core\/spacer\";i:10;s:30:\"woocommerce\/product-categories\";i:11;s:10:\"core\/image\";i:12;s:14:\"core\/shortcode\";}s:8:\"uag_flag\";b:1;s:11:\"uag_version\";s:10:\"1777377839\";s:6:\"gfonts\";a:0:{}s:10:\"gfonts_url\";s:0:\"\";s:12:\"gfonts_files\";a:0:{}s:14:\"uag_faq_layout\";b:0;}"]},"uagb_featured_image_src":{"full":["https:\/\/www.ferberpainting.com\/wp-content\/uploads\/2025\/05\/SepticTankTreatment.png",2560,2560,false],"thumbnail":["https:\/\/www.ferberpainting.com\/wp-content\/uploads\/2025\/05\/SepticTankTreatment-150x150.png",150,150,true],"medium":["https:\/\/www.ferberpainting.com\/wp-content\/uploads\/2025\/05\/SepticTankTreatment-300x300.png",300,300,true],"medium_large":["https:\/\/www.ferberpainting.com\/wp-content\/uploads\/2025\/05\/SepticTankTreatment-768x768.png",768,768,true],"large":["https:\/\/www.ferberpainting.com\/wp-content\/uploads\/2025\/05\/SepticTankTreatment-1024x1024.png",1024,1024,true],"1536x1536":["https:\/\/www.ferberpainting.com\/wp-content\/uploads\/2025\/05\/SepticTankTreatment-1536x1536.png",1536,1536,true],"2048x2048":["https:\/\/www.ferberpainting.com\/wp-content\/uploads\/2025\/05\/SepticTankTreatment-2048x2048.png",2048,2048,true],"trp-custom-language-flag":["https:\/\/www.ferberpainting.com\/wp-content\/uploads\/2025\/05\/SepticTankTreatment-12x12.png",12,12,true],"woocommerce_thumbnail":["https:\/\/www.ferberpainting.com\/wp-content\/uploads\/2025\/05\/SepticTankTreatment-300x300.png",300,300,true],"woocommerce_single":["https:\/\/www.ferberpainting.com\/wp-content\/uploads\/2025\/05\/SepticTankTreatment-600x600.png",600,600,true],"woocommerce_gallery_thumbnail":["https:\/\/www.ferberpainting.com\/wp-content\/uploads\/2025\/05\/SepticTankTreatment-100x100.png",100,100,true]},"uagb_author_info":{"display_name":"admin","author_link":"https:\/\/www.ferberpainting.com\/ch-de\/author\/"},"uagb_comment_info":7,"uagb_excerpt":"Effective and long-lasting septic tank maintenance.\u00a0This septic tank treatment is specially designed to optimize the proper functioning of individual sanitation systems. It prevents excessive sludge accumulation, reduces the risk of blockages, and minimizes bad odors while promoting the biological balance necessary for effective wastewater treatment. Thanks to its powerful formulation, it ensures continuous action that&hellip;","_links":{"self":[{"href":"https:\/\/www.ferberpainting.com\/ch-de\/wp-json\/wp\/v2\/product\/25283","targetHints":{"allow":["GET"]}}],"collection":[{"href":"https:\/\/www.ferberpainting.com\/ch-de\/wp-json\/wp\/v2\/product"}],"about":[{"href":"https:\/\/www.ferberpainting.com\/ch-de\/wp-json\/wp\/v2\/types\/product"}],"replies":[{"embeddable":true,"href":"https:\/\/www.ferberpainting.com\/ch-de\/wp-json\/wp\/v2\/comments?post=25283"}],"version-history":[{"count":3,"href":"https:\/\/www.ferberpainting.com\/ch-de\/wp-json\/wp\/v2\/product\/25283\/revisions"}],"predecessor-version":[{"id":167263,"href":"https:\/\/www.ferberpainting.com\/ch-de\/wp-json\/wp\/v2\/product\/25283\/revisions\/167263"}],"wp:featuredmedia":[{"embeddable":true,"href":"https:\/\/www.ferberpainting.com\/ch-de\/wp-json\/wp\/v2\/media\/27165"}],"wp:attachment":[{"href":"https:\/\/www.ferberpainting.com\/ch-de\/wp-json\/wp\/v2\/media?parent=25283"}],"wp:term":[{"taxonomy":"product_brand","embeddable":true,"href":"https:\/\/www.ferberpainting.com\/ch-de\/wp-json\/wp\/v2\/product_brand?post=25283"},{"taxonomy":"product_cat","embeddable":true,"href":"https:\/\/www.ferberpainting.com\/ch-de\/wp-json\/wp\/v2\/product_cat?post=25283"},{"taxonomy":"product_tag","embeddable":true,"href":"https:\/\/www.ferberpainting.com\/ch-de\/wp-json\/wp\/v2\/product_tag?post=25283"}],"curies":[{"name":"wp","href":"https:\/\/api.w.org\/{rel}","templated":true}]}}