{"id":25268,"date":"2025-05-26T10:30:10","date_gmt":"2025-05-26T08:30:10","guid":{"rendered":"https:\/\/www.ferberpainting.com\/products\/root-and-seedling-fertilizer\/"},"modified":"2026-02-16T08:35:46","modified_gmt":"2026-02-16T07:35:46","slug":"root-and-seedling-fertilizer","status":"publish","type":"product","link":"https:\/\/www.ferberpainting.com\/ch-de\/products\/root-and-seedling-fertilizer\/","title":{"rendered":"Wurzel- und S\u00e4mlingsd\u00fcnger"},"content":{"rendered":"<p><strong><img decoding=\"async\" style=\"margin-right: 12px;\" src=\"https:\/\/www.ferberpainting.com\/wp-content\/uploads\/2026\/02\/Check.svg\" alt=\"\" width=\"18\" height=\"15\" \/>Ein wesentlicher D\u00fcnger f\u00fcr die Wurzelentwicklung und den Erfolg der S\u00e4mlinge.<\/strong>\u00a0Dieser D\u00fcnger wurde speziell entwickelt, um die Bewurzelung von Jungpflanzen zu f\u00f6rdern und die Keimung von Samen zu stimulieren. Mit einem perfekten Gleichgewicht von Stickstoff (N), Phosphor (P) und Kalium (K) mit einem NPK-Wert von 15-15-15 sorgt er f\u00fcr eine schnelle und robuste Wurzelentwicklung und garantiert so ein kr\u00e4ftiges Wachstum und eine bessere Widerstandsf\u00e4higkeit gegen klimatische Bedingungen und Krankheiten.<\/p>\n<p><strong><img decoding=\"async\" style=\"margin-right: 12px;\" src=\"https:\/\/www.ferberpainting.com\/wp-content\/uploads\/2026\/02\/Check.svg\" alt=\"\" width=\"18\" height=\"15\" \/>Geld-zur\u00fcck-Garantie.<\/strong>\u00a0Wir haben volles Vertrauen in die Wirksamkeit unseres D\u00fcngers, weshalb wir eine Geld-zur\u00fcck-Garantie anbieten. Wenn Sie nach der Anwendung unter den empfohlenen Bedingungen keine sp\u00fcrbaren Verbesserungen bei Ihren Setzlingen oder der Wurzelentwicklung Ihrer Pflanzen feststellen, erstatten wir Ihnen das Geld ohne Diskussion zur\u00fcck.<\/p>\n<p><strong><img decoding=\"async\" style=\"margin-right: 12px;\" src=\"https:\/\/www.ferberpainting.com\/wp-content\/uploads\/2026\/02\/Check.svg\" alt=\"\" width=\"18\" height=\"15\" \/>Ein vielseitiger D\u00fcnger f\u00fcr alle Arten von S\u00e4mlingen und Wurzeln.<\/strong>\u00a0Ob f\u00fcr Gem\u00fcse-, Blumen-, Baum- oder Strauchsetzlinge, dieser D\u00fcnger ist f\u00fcr alle Arten von Kulturen geeignet. Er ist auch ideal f\u00fcr junge Topfpflanzen im Freiland oder im Gew\u00e4chshaus. Durch seine gezielte Wirkung auf die Wurzelentwicklung k\u00f6nnen die Pflanzen N\u00e4hrstoffe und Wasser besser aufnehmen, was von Anfang an ein gesundes und gleichm\u00e4\u00dfiges Wachstum gew\u00e4hrleistet.<\/p>\n<p><strong><img decoding=\"async\" style=\"margin-right: 12px;\" src=\"https:\/\/www.ferberpainting.com\/wp-content\/uploads\/2026\/02\/Check.svg\" alt=\"\" width=\"18\" height=\"15\" \/>Hervorragende Kosteneffizienz und optimale Wirksamkeit.<\/strong>\u00a0Dank seiner konzentrierten Formulierung bietet dieser D\u00fcnger eine au\u00dfergew\u00f6hnliche Ausbeute und erm\u00f6glicht die Behandlung einer gro\u00dfen Anzahl von S\u00e4mlingen und Jungpflanzen mit einer kleinen Menge des Produkts. Mit 5 ml D\u00fcnger pro 1 Liter Wasser k\u00f6nnen mit einer 5-Liter-Flasche bis zu 1.000 Liter D\u00fcngerl\u00f6sung hergestellt werden, was ihn zu einer nachhaltigen und rentablen Investition f\u00fcr Hobbyg\u00e4rtner und Profis macht.<\/p>\n<p><strong><img decoding=\"async\" style=\"margin-right: 12px;\" src=\"https:\/\/www.ferberpainting.com\/wp-content\/uploads\/2026\/02\/Check.svg\" alt=\"\" width=\"18\" height=\"15\" \/>Ein sicheres Produkt f\u00fcr Pflanzen und die Umwelt.<\/strong>\u00a0Dieser D\u00fcnger enth\u00e4lt keine aggressiven chemischen Stoffe und schont die Umwelt. Er stimuliert auf nat\u00fcrliche Weise die Wurzeln, ohne das Risiko, junge Triebe zu verbrennen, und gew\u00e4hrleistet eine ausgewogene und sichere Entwicklung. Er schadet weder der Mikrofauna des Bodens noch n\u00fctzlichen Organismen wie Regenw\u00fcrmern und Mikroorganismen, die f\u00fcr die Bodenfruchtbarkeit wichtig sind.<\/p>\n<p><strong><img decoding=\"async\" style=\"margin-right: 12px;\" src=\"https:\/\/www.ferberpainting.com\/wp-content\/uploads\/2026\/02\/Check.svg\" alt=\"\" width=\"18\" height=\"15\" \/>Ein einfach zu handhabender D\u00fcnger f\u00fcr eine schnelle und effektive Anwendung.<\/strong>\u00a0Im Gegensatz zu anderen D\u00fcngemitteln, die komplexe Schritte erfordern, l\u00e4sst sich dieser D\u00fcnger leicht in Wasser verd\u00fcnnen und durch einfaches Spr\u00fchen ausbringen. Eine einfache Gie\u00dfkanne oder ein Spr\u00fchger\u00e4t reicht aus, um die Wurzeln und Setzlinge effektiv zu versorgen. Es sind keine besonderen F\u00e4higkeiten erforderlich, so dass es f\u00fcr alle G\u00e4rtner zug\u00e4nglich ist, vom Anf\u00e4nger bis zum Profi.<\/p>\n<p><strong><img decoding=\"async\" style=\"margin-right: 12px;\" src=\"https:\/\/www.ferberpainting.com\/wp-content\/uploads\/2026\/02\/Check.svg\" alt=\"\" width=\"18\" height=\"15\" \/>Nachhaltige Wirkung f\u00fcr eine tiefe und robuste Verwurzelung.<\/strong>\u00a0Dank der ausgewogenen Freisetzung von N\u00e4hrstoffen sorgt dieser D\u00fcnger f\u00fcr ein kontinuierliches und harmonisches Wachstum \u00fcber mehrere Wochen. Er f\u00f6rdert die Entwicklung tiefer Wurzeln und hilft jungen Pflanzen, Trockenheit zu widerstehen und Mineralien und Wasser besser aus dem Boden aufzunehmen. Dies sorgt f\u00fcr eine bessere Anpassung der Pflanzen an ihre Umwelt und eine h\u00f6here \u00dcberlebensrate.<\/p>\n<p><strong><img decoding=\"async\" style=\"margin-right: 12px;\" src=\"https:\/\/www.ferberpainting.com\/wp-content\/uploads\/2026\/02\/Check.svg\" alt=\"\" width=\"18\" height=\"15\" \/>Sichtbare Ergebnisse in nur wenigen Wochen.<\/strong>\u00a0Schon in den ersten Tagen nach der Anwendung werden Sie ein schnelleres Aufgehen der Keimlinge, kr\u00e4ftigere Wurzeln und dichteres und gr\u00fcneres Laub beobachten. Die verbesserte Wirkung auf das Wurzelsystem erm\u00f6glicht eine bessere N\u00e4hrstoffaufnahme, was zu robusteren und stressresistenteren Pflanzen f\u00fchrt und das Risiko von Krankheiten und Sch\u00e4dlingen verringert.<\/p>\n<h2><strong>Verwendungsprotokoll<\/strong><\/h2>\n<p><strong>Empfohlene Dosierung<\/strong> :<\/p>\n<ul>\n<li><strong>Zur Aussaat<\/strong>: Mischen Sie 5 ml D\u00fcnger auf 1 Liter Wasser und befeuchten Sie den Boden nach dem Ausbringen der Samen leicht.<\/li>\n<li><strong>F\u00fcr Jungpflanzen in T\u00f6pfen oder Containern<\/strong>: Einmal pro Woche mit einer verd\u00fcnnten L\u00f6sung von 5 ml pro Liter Wasser gie\u00dfen.<\/li>\n<li><strong>F\u00fcr Bepflanzungen im Freien<\/strong>: 1 Liter der L\u00f6sung pro Quadratmeter um junge Pflanzen herum auftragen.<\/li>\n<li><strong>F\u00fcr neu gepflanzte B\u00e4ume und Str\u00e4ucher<\/strong>: Gie\u00dfen Sie jede Pflanze mit 2 bis 3 Litern L\u00f6sung, je nach Gr\u00f6\u00dfe der Pflanze.<\/li>\n<\/ul>\n<p><strong>H\u00e4ufigkeit der Anwendung<\/strong> :<\/p>\n<ul>\n<li>Direkt nach der Aussaat, um eine schnelle und gleichm\u00e4\u00dfige Keimung zu f\u00f6rdern.<\/li>\n<li>Wenn die ersten Bl\u00e4tter erscheinen, um die Entwicklung junger Triebe zu unterst\u00fctzen.<\/li>\n<li>Nach jeder Verpflanzung, um den Wurzelstress zu verringern und eine schnelle Erholung zu f\u00f6rdern.<\/li>\n<\/ul>\n<p><strong>Methode der Anwendung<\/strong> :<\/p>\n<ul>\n<li>Verwenden Sie eine Gie\u00dfkanne oder ein Spr\u00fchger\u00e4t, um den verd\u00fcnnten D\u00fcnger gleichm\u00e4\u00dfig zu verteilen.<\/li>\n<li>Direkt auf den Boden oder an der Basis von Jungpflanzen ausbringen, ohne \u00fcberm\u00e4\u00dfiges W\u00e4ssern, um N\u00e4hrstoffauswaschung zu vermeiden.<\/li>\n<li>Vermeiden Sie die Anwendung bei hei\u00dfem Wetter und bevorzugen Sie die Morgenstunden oder den sp\u00e4ten Nachmittag.<\/li>\n<\/ul>\n<p><strong>Vorsichtsma\u00dfnahmen bei der Verwendung<\/strong> :<\/p>\n<ul>\n<li>Halten Sie sich an die empfohlenen Dosierungen, eine \u00dcberdosierung k\u00f6nnte die jungen Pflanzen sch\u00e4digen.<\/li>\n<li>Vor Licht und Feuchtigkeit gesch\u00fctzt an einem k\u00fchlen, trockenen Ort aufbewahren.<\/li>\n<li>Nicht auf schlafende Pflanzen anwenden, sondern nur in der aktiven Wachstumsphase verwenden.<\/li>\n<\/ul>\n<p>Mit diesem Wurzel- und Saatgutd\u00fcnger sorgen Sie f\u00fcr eine erfolgreiche Keimung, eine optimale Wurzelentwicklung und ein kr\u00e4ftiges Wachstum. Seine ausgewogenen N\u00e4hrstoffe bieten eine vollst\u00e4ndige und wirksame L\u00f6sung f\u00fcr alle Aussaaten und Jungpflanzen und gew\u00e4hrleisten einen starken Start f\u00fcr gesunde und widerstandsf\u00e4hige Pflanzen.<\/p>","protected":false},"excerpt":{"rendered":"<p>An essential fertilizer for root development and seedling success.\u00a0This fertilizer is specifically formulated to promote the rooting of young plants and stimulate seed germination. With a perfect balance of nitrogen (N), phosphorus (P), and potassium (K) with an NPK of 15-15-15, it ensures rapid and robust root development, thus guaranteeing vigorous growth and better resistance [&hellip;]<\/p>\n","protected":false},"featured_media":27153,"comment_status":"open","ping_status":"closed","template":"","meta":{"_uag_custom_page_level_css":"","site-sidebar-layout":"default","site-content-layout":"","ast-site-content-layout":"default","site-content-style":"default","site-sidebar-style":"default","ast-global-header-display":"","ast-banner-title-visibility":"","ast-main-header-display":"","ast-hfb-above-header-display":"","ast-hfb-below-header-display":"","ast-hfb-mobile-header-display":"","site-post-title":"","ast-breadcrumbs-content":"","ast-featured-img":"","footer-sml-layout":"","ast-disable-related-posts":"","theme-transparent-header-meta":"default","adv-header-id-meta":"","stick-header-meta":"","header-above-stick-meta":"","header-main-stick-meta":"","header-below-stick-meta":"","astra-migrate-meta-layouts":"set","ast-page-background-enabled":"default","ast-page-background-meta":{"desktop":{"background-color":"var(--ast-global-color-4)","background-image":"","background-repeat":"repeat","background-position":"center center","background-size":"auto","background-attachment":"scroll","background-type":"","background-media":"","overlay-type":"","overlay-color":"","overlay-opacity":"","overlay-gradient":""},"tablet":{"background-color":"","background-image":"","background-repeat":"repeat","background-position":"center center","background-size":"auto","background-attachment":"scroll","background-type":"","background-media":"","overlay-type":"","overlay-color":"","overlay-opacity":"","overlay-gradient":""},"mobile":{"background-color":"","background-image":"","background-repeat":"repeat","background-position":"center center","background-size":"auto","background-attachment":"scroll","background-type":"","background-media":"","overlay-type":"","overlay-color":"","overlay-opacity":"","overlay-gradient":""}},"ast-content-background-meta":{"desktop":{"background-color":"var(--ast-global-color-5)","background-image":"","background-repeat":"repeat","background-position":"center center","background-size":"auto","background-attachment":"scroll","background-type":"","background-media":"","overlay-type":"","overlay-color":"","overlay-opacity":"","overlay-gradient":""},"tablet":{"background-color":"var(--ast-global-color-5)","background-image":"","background-repeat":"repeat","background-position":"center center","background-size":"auto","background-attachment":"scroll","background-type":"","background-media":"","overlay-type":"","overlay-color":"","overlay-opacity":"","overlay-gradient":""},"mobile":{"background-color":"var(--ast-global-color-5)","background-image":"","background-repeat":"repeat","background-position":"center center","background-size":"auto","background-attachment":"scroll","background-type":"","background-media":"","overlay-type":"","overlay-color":"","overlay-opacity":"","overlay-gradient":""}}},"product_brand":[],"product_cat":[178],"product_tag":[],"class_list":{"0":"post-25268","1":"product","2":"type-product","3":"status-publish","4":"has-post-thumbnail","6":"product_cat-fertilizers","7":"desktop-align-left","8":"tablet-align-left","9":"mobile-align-left","11":"first","12":"instock","13":"sale","14":"taxable","15":"shipping-taxable","16":"purchasable","17":"product-type-variable","18":"has-default-attributes"},"spectra_custom_meta":{"_visibility":["visible"],"_shopify_product_id":["9071933686005"],"_s2w_shopify_domain":["ferberpainting.myshopify.com"],"_shopify_variant_id":["46519270408437"],"_sku":[""],"_manage_stock":["no"],"total_sales":["10"],"_tax_status":["taxable"],"_tax_class":[""],"_backorders":["no"],"_sold_individually":["no"],"_virtual":["no"],"_downloadable":["no"],"_download_limit":["-1"],"_download_expiry":["-1"],"_stock":[null],"_stock_status":["instock"],"_wc_average_rating":["4.71"],"_wc_review_count":["7"],"_product_attributes":["a:1:{s:6:\"volume\";a:6:{s:4:\"name\";s:6:\"Volume\";s:5:\"value\";s:20:\"5 liters | 25 liters\";s:8:\"position\";i:1;s:10:\"is_visible\";i:0;s:12:\"is_variation\";i:1;s:11:\"is_taxonomy\";i:0;}}"],"_product_version":["10.5.1"],"_thumbnail_id":["27153"],"_product_image_gallery":["27154"],"wpse_downloadable_file_names":[""],"wpse_downloadable_file_urls":[""],"_edit_last":["1"],"_default_attributes":["a:1:{s:6:\"volume\";s:8:\"5 liters\";}"],"_edit_lock":["1771228673:1"],"_price":["29.90","129.90"],"merchant-center-availability":["yes"],"merchant-center-category":["113"],"_wp_page_template":["default"],"site-sidebar-layout":["default"],"ast-site-content-layout":["default"],"site-content-style":["default"],"site-sidebar-style":["default"],"theme-transparent-header-meta":["default"],"_wc_rating_count":["a:2:{i:4;i:2;i:5;i:5;}"],"astra-migrate-meta-layouts":["set"],"_uag_css_file_name":["uag-css-25268.css"],"_elementor_page_assets":["a:0:{}"],"_uag_page_assets":["a:9:{s:3:\"css\";s:7133:\".uag-blocks-common-selector{z-index:var(--z-index-desktop) !important}@media(max-width: 976px){.uag-blocks-common-selector{z-index:var(--z-index-tablet) !important}}@media(max-width: 767px){.uag-blocks-common-selector{z-index:var(--z-index-mobile) !important}}.wp-block-uagb-image{display:flex}.wp-block-uagb-image__figure{position:relative;display:flex;flex-direction:column;max-width:100%;height:auto;margin:0}.wp-block-uagb-image__figure img{height:auto;display:flex;max-width:100%;transition:box-shadow .2s ease}.wp-block-uagb-image__figure>a{display:inline-block}.wp-block-uagb-image__figure figcaption{text-align:center;margin-top:.5em;margin-bottom:1em}.wp-block-uagb-image .components-placeholder.block-editor-media-placeholder .components-placeholder__instructions{align-self:center}.wp-block-uagb-image--align-left{text-align:left}.wp-block-uagb-image--align-right{text-align:right}.wp-block-uagb-image--align-center{text-align:center}.wp-block-uagb-image--align-full .wp-block-uagb-image__figure{margin-left:calc(50% - 50vw);margin-right:calc(50% - 50vw);max-width:100vw;width:100vw;height:auto}.wp-block-uagb-image--align-full .wp-block-uagb-image__figure img{height:auto;width:100% !important}.wp-block-uagb-image--align-wide .wp-block-uagb-image__figure img{height:auto;width:100%}.wp-block-uagb-image--layout-overlay__color-wrapper{position:absolute;left:0;top:0;right:0;bottom:0;opacity:.2;background:rgba(0,0,0,.5);transition:opacity .35s ease-in-out}.wp-block-uagb-image--layout-overlay-link{position:absolute;left:0;right:0;bottom:0;top:0}.wp-block-uagb-image--layout-overlay .wp-block-uagb-image__figure:hover .wp-block-uagb-image--layout-overlay__color-wrapper{opacity:1}.wp-block-uagb-image--layout-overlay__inner{position:absolute;left:15px;right:15px;bottom:15px;top:15px;display:flex;align-items:center;justify-content:center;flex-direction:column;border-color:#fff;transition:.35s ease-in-out}.wp-block-uagb-image--layout-overlay__inner.top-left,.wp-block-uagb-image--layout-overlay__inner.top-center,.wp-block-uagb-image--layout-overlay__inner.top-right{justify-content:flex-start}.wp-block-uagb-image--layout-overlay__inner.bottom-left,.wp-block-uagb-image--layout-overlay__inner.bottom-center,.wp-block-uagb-image--layout-overlay__inner.bottom-right{justify-content:flex-end}.wp-block-uagb-image--layout-overlay__inner.top-left,.wp-block-uagb-image--layout-overlay__inner.center-left,.wp-block-uagb-image--layout-overlay__inner.bottom-left{align-items:flex-start}.wp-block-uagb-image--layout-overlay__inner.top-right,.wp-block-uagb-image--layout-overlay__inner.center-right,.wp-block-uagb-image--layout-overlay__inner.bottom-right{align-items:flex-end}.wp-block-uagb-image--layout-overlay__inner .uagb-image-heading{color:#fff;transition:transform .35s,opacity .35s ease-in-out;transform:translate3d(0, 24px, 0);margin:0;line-height:1em}.wp-block-uagb-image--layout-overlay__inner .uagb-image-separator{width:30%;border-top-width:2px;border-top-color:#fff;border-top-style:solid;margin-bottom:10px;opacity:0;transition:transform .4s,opacity .4s ease-in-out;transform:translate3d(0, 30px, 0)}.wp-block-uagb-image--layout-overlay__inner .uagb-image-caption{opacity:0;overflow:visible;color:#fff;transition:transform .45s,opacity .45s ease-in-out;transform:translate3d(0, 35px, 0)}.wp-block-uagb-image--layout-overlay__inner:hover .uagb-image-heading,.wp-block-uagb-image--layout-overlay__inner:hover .uagb-image-separator,.wp-block-uagb-image--layout-overlay__inner:hover .uagb-image-caption{opacity:1;transform:translate3d(0, 0, 0)}.wp-block-uagb-image--effect-zoomin .wp-block-uagb-image__figure img,.wp-block-uagb-image--effect-zoomin .wp-block-uagb-image__figure .wp-block-uagb-image--layout-overlay__color-wrapper{transform:scale(1);transition:transform .35s ease-in-out}.wp-block-uagb-image--effect-zoomin .wp-block-uagb-image__figure:hover img,.wp-block-uagb-image--effect-zoomin .wp-block-uagb-image__figure:hover .wp-block-uagb-image--layout-overlay__color-wrapper{transform:scale(1.05)}.wp-block-uagb-image--effect-slide .wp-block-uagb-image__figure img,.wp-block-uagb-image--effect-slide .wp-block-uagb-image__figure .wp-block-uagb-image--layout-overlay__color-wrapper{width:calc(100% + 40px) !important;max-width:none !important;transform:translate3d(-40px, 0, 0);transition:transform .35s ease-in-out}.wp-block-uagb-image--effect-slide .wp-block-uagb-image__figure:hover img,.wp-block-uagb-image--effect-slide .wp-block-uagb-image__figure:hover .wp-block-uagb-image--layout-overlay__color-wrapper{transform:translate3d(0, 0, 0)}.wp-block-uagb-image--effect-grayscale img{filter:grayscale(0%);transition:.35s ease-in-out}.wp-block-uagb-image--effect-grayscale:hover img{filter:grayscale(100%)}.wp-block-uagb-image--effect-blur img{filter:blur(0);transition:.35s ease-in-out}.wp-block-uagb-image--effect-blur:hover img{filter:blur(3px)}.uagb-block-e6f939b3.wp-block-uagb-image--layout-default figure img{box-shadow: 0px 0px 0 #00000070;}.uagb-block-e6f939b3.wp-block-uagb-image .wp-block-uagb-image__figure figcaption{font-style: normal;align-self: center;}.uagb-block-e6f939b3.wp-block-uagb-image--layout-overlay figure img{box-shadow: 0px 0px 0 #00000070;}.uagb-block-e6f939b3.wp-block-uagb-image--layout-overlay .wp-block-uagb-image--layout-overlay__color-wrapper{opacity: 0.2;}.uagb-block-e6f939b3.wp-block-uagb-image--layout-overlay .wp-block-uagb-image--layout-overlay__inner{left: 15px;right: 15px;top: 15px;bottom: 15px;}.uagb-block-e6f939b3.wp-block-uagb-image--layout-overlay .wp-block-uagb-image--layout-overlay__inner .uagb-image-heading{font-style: normal;color: #fff;opacity: 1;}.uagb-block-e6f939b3.wp-block-uagb-image--layout-overlay .wp-block-uagb-image--layout-overlay__inner .uagb-image-heading a{color: #fff;}.uagb-block-e6f939b3.wp-block-uagb-image--layout-overlay .wp-block-uagb-image--layout-overlay__inner .uagb-image-caption{opacity: 0;}.uagb-block-e6f939b3.wp-block-uagb-image--layout-overlay .wp-block-uagb-image__figure:hover .wp-block-uagb-image--layout-overlay__color-wrapper{opacity: 1;}.uagb-block-e6f939b3.wp-block-uagb-image .wp-block-uagb-image--layout-overlay__inner .uagb-image-separator{width: 30%;border-top-width: 2px;border-top-color: #fff;opacity: 0;}.uagb-block-e6f939b3.wp-block-uagb-image .wp-block-uagb-image__figure img{width: px;height: auto;}.uagb-block-e6f939b3.wp-block-uagb-image .wp-block-uagb-image__figure:hover .wp-block-uagb-image--layout-overlay__inner .uagb-image-caption{opacity: 1;}.uagb-block-e6f939b3.wp-block-uagb-image .wp-block-uagb-image__figure:hover .wp-block-uagb-image--layout-overlay__inner .uagb-image-separator{opacity: 1;}.uagb-block-e6f939b3.wp-block-uagb-image--layout-default figure:hover img{box-shadow: 0px 0px 0 #00000070;}.uagb-block-e6f939b3.wp-block-uagb-image--layout-overlay figure:hover img{box-shadow: 0px 0px 0 #00000070;}@media only screen and (max-width: 976px) {.uagb-block-e6f939b3.wp-block-uagb-image .wp-block-uagb-image__figure img{width: px;height: auto;}}@media only screen and (max-width: 767px) {.uagb-block-e6f939b3.wp-block-uagb-image .wp-block-uagb-image__figure img{width: px;height: auto;}}\";s:2:\"js\";s:0:\"\";s:18:\"current_block_list\";a:13:{i:0;s:11:\"core\/search\";i:1;s:10:\"core\/group\";i:2;s:12:\"core\/heading\";i:3;s:17:\"core\/latest-posts\";i:4;s:20:\"core\/latest-comments\";i:5;s:13:\"core\/archives\";i:6;s:15:\"core\/categories\";i:7;s:14:\"core\/paragraph\";i:8;s:10:\"uagb\/image\";i:9;s:11:\"core\/spacer\";i:10;s:30:\"woocommerce\/product-categories\";i:11;s:10:\"core\/image\";i:12;s:14:\"core\/shortcode\";}s:8:\"uag_flag\";b:1;s:11:\"uag_version\";s:10:\"1777336411\";s:6:\"gfonts\";a:0:{}s:10:\"gfonts_url\";s:0:\"\";s:12:\"gfonts_files\";a:0:{}s:14:\"uag_faq_layout\";b:0;}"]},"uagb_featured_image_src":{"full":["https:\/\/www.ferberpainting.com\/wp-content\/uploads\/2025\/05\/RootandSeedlingFertilizer5L.png",2560,2560,false],"thumbnail":["https:\/\/www.ferberpainting.com\/wp-content\/uploads\/2025\/05\/RootandSeedlingFertilizer5L-150x150.png",150,150,true],"medium":["https:\/\/www.ferberpainting.com\/wp-content\/uploads\/2025\/05\/RootandSeedlingFertilizer5L-300x300.png",300,300,true],"medium_large":["https:\/\/www.ferberpainting.com\/wp-content\/uploads\/2025\/05\/RootandSeedlingFertilizer5L-768x768.png",768,768,true],"large":["https:\/\/www.ferberpainting.com\/wp-content\/uploads\/2025\/05\/RootandSeedlingFertilizer5L-1024x1024.png",1024,1024,true],"1536x1536":["https:\/\/www.ferberpainting.com\/wp-content\/uploads\/2025\/05\/RootandSeedlingFertilizer5L-1536x1536.png",1536,1536,true],"2048x2048":["https:\/\/www.ferberpainting.com\/wp-content\/uploads\/2025\/05\/RootandSeedlingFertilizer5L-2048x2048.png",2048,2048,true],"trp-custom-language-flag":["https:\/\/www.ferberpainting.com\/wp-content\/uploads\/2025\/05\/RootandSeedlingFertilizer5L-12x12.png",12,12,true],"woocommerce_thumbnail":["https:\/\/www.ferberpainting.com\/wp-content\/uploads\/2025\/05\/RootandSeedlingFertilizer5L-300x300.png",300,300,true],"woocommerce_single":["https:\/\/www.ferberpainting.com\/wp-content\/uploads\/2025\/05\/RootandSeedlingFertilizer5L-600x600.png",600,600,true],"woocommerce_gallery_thumbnail":["https:\/\/www.ferberpainting.com\/wp-content\/uploads\/2025\/05\/RootandSeedlingFertilizer5L-100x100.png",100,100,true]},"uagb_author_info":{"display_name":"admin","author_link":"https:\/\/www.ferberpainting.com\/ch-de\/author\/"},"uagb_comment_info":7,"uagb_excerpt":"An essential fertilizer for root development and seedling success.\u00a0This fertilizer is specifically formulated to promote the rooting of young plants and stimulate seed germination. With a perfect balance of nitrogen (N), phosphorus (P), and potassium (K) with an NPK of 15-15-15, it ensures rapid and robust root development, thus guaranteeing vigorous growth and better resistance&hellip;","_links":{"self":[{"href":"https:\/\/www.ferberpainting.com\/ch-de\/wp-json\/wp\/v2\/product\/25268","targetHints":{"allow":["GET"]}}],"collection":[{"href":"https:\/\/www.ferberpainting.com\/ch-de\/wp-json\/wp\/v2\/product"}],"about":[{"href":"https:\/\/www.ferberpainting.com\/ch-de\/wp-json\/wp\/v2\/types\/product"}],"replies":[{"embeddable":true,"href":"https:\/\/www.ferberpainting.com\/ch-de\/wp-json\/wp\/v2\/comments?post=25268"}],"version-history":[{"count":4,"href":"https:\/\/www.ferberpainting.com\/ch-de\/wp-json\/wp\/v2\/product\/25268\/revisions"}],"predecessor-version":[{"id":167148,"href":"https:\/\/www.ferberpainting.com\/ch-de\/wp-json\/wp\/v2\/product\/25268\/revisions\/167148"}],"wp:featuredmedia":[{"embeddable":true,"href":"https:\/\/www.ferberpainting.com\/ch-de\/wp-json\/wp\/v2\/media\/27153"}],"wp:attachment":[{"href":"https:\/\/www.ferberpainting.com\/ch-de\/wp-json\/wp\/v2\/media?parent=25268"}],"wp:term":[{"taxonomy":"product_brand","embeddable":true,"href":"https:\/\/www.ferberpainting.com\/ch-de\/wp-json\/wp\/v2\/product_brand?post=25268"},{"taxonomy":"product_cat","embeddable":true,"href":"https:\/\/www.ferberpainting.com\/ch-de\/wp-json\/wp\/v2\/product_cat?post=25268"},{"taxonomy":"product_tag","embeddable":true,"href":"https:\/\/www.ferberpainting.com\/ch-de\/wp-json\/wp\/v2\/product_tag?post=25268"}],"curies":[{"name":"wp","href":"https:\/\/api.w.org\/{rel}","templated":true}]}}