{"id":25023,"date":"2025-06-30T22:15:48","date_gmt":"2025-06-30T20:15:48","guid":{"rendered":"https:\/\/www.ferberpainting.com\/?post_type=product&#038;p=25023"},"modified":"2026-02-16T07:58:09","modified_gmt":"2026-02-16T06:58:09","slug":"render-water-repellent","status":"publish","type":"product","link":"https:\/\/www.ferberpainting.com\/ch-de\/products\/render-water-repellent\/","title":{"rendered":"Wasserabweisender Schutz f\u00fcr Putz"},"content":{"rendered":"<p><strong><img decoding=\"async\" style=\"margin-right: 12px;\" src=\"https:\/\/www.ferberpainting.com\/wp-content\/uploads\/2026\/02\/Check.svg\" alt=\"\" width=\"18\" height=\"15\" \/>Maximaler Schutz vor Feuchtigkeit.<\/strong>\u00a0Der Putz-Impr\u00e4gnierer wurde speziell entwickelt, um verputzte Oberfl\u00e4chen vor Feuchtigkeit, eindringendem Wasser und Witterung zu sch\u00fctzen. Er bildet eine unsichtbare und dauerhafte Barriere, die das Eindringen von Wasser verhindert und die Oberfl\u00e4che atmen l\u00e4sst. Dieses Produkt ist ideal f\u00fcr Au\u00dfenfassaden, insbesondere zur Erhaltung des Aussehens und der Struktur von verputzten W\u00e4nden, die den Elementen ausgesetzt sind.<\/p>\n<p><strong><img decoding=\"async\" style=\"margin-right: 12px;\" src=\"https:\/\/www.ferberpainting.com\/wp-content\/uploads\/2026\/02\/Check.svg\" alt=\"\" width=\"18\" height=\"15\" \/>Geld-zur\u00fcck-Garantie.<\/strong>\u00a0Wir stehen voll und ganz hinter der Qualit\u00e4t unseres Impr\u00e4gnierputzes. Wenn Sie mit dem Ergebnis nicht zufrieden sind, haben Sie Anspruch auf eine vollst\u00e4ndige R\u00fcckerstattung. So k\u00f6nnen Sie das Produkt risikofrei ausprobieren und haben die Gewissheit, dass Sie Ihr Geld ohne Probleme zur\u00fcckbekommen, wenn das Ergebnis nicht Ihren Erwartungen entspricht.<\/p>\n<p><strong><img decoding=\"async\" style=\"margin-right: 12px;\" src=\"https:\/\/www.ferberpainting.com\/wp-content\/uploads\/2026\/02\/Check.svg\" alt=\"\" width=\"18\" height=\"15\" \/>Kompatibilit\u00e4t mit mehreren Oberfl\u00e4chen.<\/strong>\u00a0Dieses Produkt ist vielseitig und f\u00fcr eine Vielzahl von Putzmaterialien geeignet. Egal, ob es sich um W\u00e4nde aus Zement, M\u00f6rtel oder anderen Putzarten handelt, der Impr\u00e4gnierer dringt in all diese Oberfl\u00e4chen ein und sch\u00fctzt sie wirksam. Er eignet sich daher perfekt f\u00fcr viele Au\u00dfenanwendungen, wie Fassaden, Begrenzungsmauern, Gartenmauern oder auch feuchte Innenw\u00e4nde, die zus\u00e4tzlichen Schutz ben\u00f6tigen.<\/p>\n<p><strong><img decoding=\"async\" style=\"margin-right: 12px;\" src=\"https:\/\/www.ferberpainting.com\/wp-content\/uploads\/2026\/02\/Check.svg\" alt=\"\" width=\"18\" height=\"15\" \/>Wirtschaftliche Leistung.<\/strong>\u00a0Der Impr\u00e4gnierputz ist dank seiner hohen Ergiebigkeit ein wirtschaftliches Produkt. Je nach Porosit\u00e4t des Materials deckt 1 Liter zwischen 6 und 8 m\u00b2. Ein 5-Liter-Gebinde reicht aus, um eine Fl\u00e4che von 30 bis 40 m\u00b2 zu behandeln, was bedeutet, dass nur eine vern\u00fcnftige Menge ben\u00f6tigt wird, die eine effektive und wirtschaftliche L\u00f6sung darstellt.<\/p>\n<p><strong><img decoding=\"async\" style=\"margin-right: 12px;\" src=\"https:\/\/www.ferberpainting.com\/wp-content\/uploads\/2026\/02\/Check.svg\" alt=\"\" width=\"18\" height=\"15\" \/>Sicher.<\/strong>\u00a0Der Impr\u00e4gnierputz wird aus Komponenten hergestellt, die sowohl f\u00fcr die Gesundheit als auch f\u00fcr die Umwelt unbedenklich sind. Er enth\u00e4lt keine aggressiven oder giftigen Chemikalien und ist daher f\u00fcr den Anwender v\u00f6llig unbedenklich, wenn er gem\u00e4\u00df den Anweisungen angewendet wird. Sie k\u00f6nnen ihn sowohl auf Innen- als auch auf Au\u00dfenfl\u00e4chen auftragen, ohne Gefahr zu laufen, sch\u00e4dlichen Substanzen ausgesetzt zu werden.<\/p>\n<p><strong><img decoding=\"async\" style=\"margin-right: 12px;\" src=\"https:\/\/www.ferberpainting.com\/wp-content\/uploads\/2026\/02\/Check.svg\" alt=\"\" width=\"18\" height=\"15\" \/>Einfach zu bedienen.<\/strong>\u00a0Das Produkt ist gebrauchsfertig und erfordert keine vorherige Vorbereitung oder Verd\u00fcnnung. Tragen Sie es einfach direkt auf die saubere und trockene Oberfl\u00e4che auf. Sie k\u00f6nnen das Impr\u00e4gniermittel je nach Vorliebe mit einem Spr\u00fcher, einem Pinsel oder einer Rolle auftragen. Diese einfache Anwendung gew\u00e4hrleistet eine schnelle Nutzung, auch f\u00fcr Anwender, die noch keine Erfahrung mit der Anwendung von Schutzmitteln haben.<\/p>\n<p><strong><img decoding=\"async\" style=\"margin-right: 12px;\" src=\"https:\/\/www.ferberpainting.com\/wp-content\/uploads\/2026\/02\/Check.svg\" alt=\"\" width=\"18\" height=\"15\" \/>Langlebig.<\/strong>\u00a0Der Impr\u00e4gnierputz ist besonders langlebig. Einmal aufgetragen, bildet er eine widerstandsf\u00e4hige und dauerhafte Barriere, die wirksam vor Feuchtigkeit, Schimmel und Spritzwasser sch\u00fctzt. Dank seiner Langlebigkeit bietet er einen langfristigen Schutz, so dass Sie ihn nicht h\u00e4ufig neu auftragen m\u00fcssen. Je nach den klimatischen Bedingungen und der nat\u00fcrlichen Abnutzung kann eine einzige Anwendung mehrere Jahre lang halten.<\/p>\n<p><strong><img decoding=\"async\" style=\"margin-right: 12px;\" src=\"https:\/\/www.ferberpainting.com\/wp-content\/uploads\/2026\/02\/Check.svg\" alt=\"\" width=\"18\" height=\"15\" \/>Schnelles Trocknen.<\/strong>\u00a0Dieses Produkt ist nicht nur wirksam, es trocknet auch schnell. Sobald der Impr\u00e4gnierer auf den Putz aufgetragen ist, trocknet er innerhalb von 1 bis 2 Stunden. Obwohl er sich schnell anf\u00fchlt, empfehlen wir eine Trocknungszeit von 24 Stunden, um einen optimalen Schutz vor Feuchtigkeit und Wassereintritt zu gew\u00e4hrleisten.<\/p>\n<h2><strong>Verwendungsprotokoll<\/strong><\/h2>\n<ul>\n<li><strong>Vorbereitung der Oberfl\u00e4che <\/strong>: Vergewissern Sie sich vor dem Auftragen des Impr\u00e4gniermittels, dass die verputzte Oberfl\u00e4che sauber und trocken ist. Wenn die Oberfl\u00e4che verschmutzt ist, muss sie unbedingt mit einer steifen B\u00fcrste, einem Hochdruckreiniger oder einem milden Reinigungsmittel gereinigt werden, um Schmutz, Moos, Schimmel oder Flecken zu entfernen. Lassen Sie die Oberfl\u00e4che nach der Reinigung vollst\u00e4ndig trocknen, bevor Sie die Impr\u00e4gnierung auftragen.<\/li>\n<li><strong>Anwendung des Produkts <\/strong>: Der Impr\u00e4gnierputz ist gebrauchsfertig und muss nicht verd\u00fcnnt werden. Tragen Sie das Produkt je nach Gr\u00f6\u00dfe der Oberfl\u00e4che und Ihren Vorlieben mit einem Spr\u00fchger\u00e4t, einem Pinsel oder einer Rolle auf. Achten Sie darauf, das Produkt gleichm\u00e4\u00dfig auf die gesamte Oberfl\u00e4che aufzutragen, wobei Sie besonders auf besonders exponierte Stellen wie Fugen und Kanten achten sollten. Bei sehr por\u00f6sen Oberfl\u00e4chen kann ein zweiter Anstrich f\u00fcr maximalen Schutz erforderlich sein.<\/li>\n<li><strong>Zu verwendende Menge <\/strong>: Je nach Porosit\u00e4t des Untergrunds deckt 1 Liter Impr\u00e4gniermittel etwa 6 bis 8 m\u00b2 ab. Ein 5-Liter-Gebinde reicht also aus, um 30 bis 40 m\u00b2 zu behandeln. Es ist ratsam, die verwendete Menge an die Porosit\u00e4t der Oberfl\u00e4che anzupassen, um eine vollst\u00e4ndige und gleichm\u00e4\u00dfige Abdeckung zu gew\u00e4hrleisten.<\/li>\n<li><strong>Trocknungszeit <\/strong>: Nach dem Auftragen trocknet das Produkt innerhalb von 1 bis 2 Stunden an der Oberfl\u00e4che. Um einen optimalen Schutz zu gew\u00e4hrleisten, wird jedoch empfohlen, 24 Stunden zu warten, bevor die Oberfl\u00e4che mit Wasser in Ber\u00fchrung kommt oder feuchten Bedingungen ausgesetzt wird. So kann das Produkt vollst\u00e4ndig eindringen und eine lang anhaltende wasserdichte Barriere bilden.<\/li>\n<li><strong>Wiederbewerbung <\/strong>: Je nach den klimatischen Bedingungen und der nat\u00fcrlichen Abnutzung muss der Impr\u00e4gnierputz alle 2 bis 5 Jahre neu aufgetragen werden. Reinigen Sie dazu die Oberfl\u00e4che erneut und tragen Sie eine neue Schicht Impr\u00e4gnierung auf. Dies tr\u00e4gt dazu bei, den wirksamen Feuchtigkeitsschutz langfristig aufrechtzuerhalten.<\/li>\n<li><strong>Pflege der Oberfl\u00e4che <\/strong>: Der Impr\u00e4gnierputz erleichtert die Pflege der behandelten Fl\u00e4chen. Nach dem Auftragen wird die Oberfl\u00e4che widerstandsf\u00e4higer gegen Flecken und Schmutz. Zur Reinigung der Oberfl\u00e4che gen\u00fcgt es, sie mit Wasser und einem weichen Schwamm oder Tuch abzuwaschen. Vermeiden Sie scheuernde Reinigungsmittel, die die Wirksamkeit der Impr\u00e4gnierung beeintr\u00e4chtigen k\u00f6nnten.<\/li>\n<\/ul>","protected":false},"excerpt":{"rendered":"<p>Maximum protection against moisture.\u00a0The render waterproofer is specially designed to protect rendered surfaces against moisture, water penetration, and weather. It forms an invisible and durable barrier that prevents water from seeping in while allowing the surface to breathe. This product is ideal for exterior facades, especially for maintaining the appearance and structure of rendered walls [&hellip;]<\/p>\n","protected":false},"featured_media":36011,"comment_status":"open","ping_status":"closed","template":"","meta":{"_uag_custom_page_level_css":"","site-sidebar-layout":"default","site-content-layout":"","ast-site-content-layout":"default","site-content-style":"default","site-sidebar-style":"default","ast-global-header-display":"","ast-banner-title-visibility":"","ast-main-header-display":"","ast-hfb-above-header-display":"","ast-hfb-below-header-display":"","ast-hfb-mobile-header-display":"","site-post-title":"","ast-breadcrumbs-content":"","ast-featured-img":"","footer-sml-layout":"","ast-disable-related-posts":"","theme-transparent-header-meta":"default","adv-header-id-meta":"","stick-header-meta":"","header-above-stick-meta":"","header-main-stick-meta":"","header-below-stick-meta":"","astra-migrate-meta-layouts":"set","ast-page-background-enabled":"default","ast-page-background-meta":{"desktop":{"background-color":"var(--ast-global-color-4)","background-image":"","background-repeat":"repeat","background-position":"center center","background-size":"auto","background-attachment":"scroll","background-type":"","background-media":"","overlay-type":"","overlay-color":"","overlay-opacity":"","overlay-gradient":""},"tablet":{"background-color":"","background-image":"","background-repeat":"repeat","background-position":"center center","background-size":"auto","background-attachment":"scroll","background-type":"","background-media":"","overlay-type":"","overlay-color":"","overlay-opacity":"","overlay-gradient":""},"mobile":{"background-color":"","background-image":"","background-repeat":"repeat","background-position":"center center","background-size":"auto","background-attachment":"scroll","background-type":"","background-media":"","overlay-type":"","overlay-color":"","overlay-opacity":"","overlay-gradient":""}},"ast-content-background-meta":{"desktop":{"background-color":"var(--ast-global-color-5)","background-image":"","background-repeat":"repeat","background-position":"center center","background-size":"auto","background-attachment":"scroll","background-type":"","background-media":"","overlay-type":"","overlay-color":"","overlay-opacity":"","overlay-gradient":""},"tablet":{"background-color":"var(--ast-global-color-5)","background-image":"","background-repeat":"repeat","background-position":"center center","background-size":"auto","background-attachment":"scroll","background-type":"","background-media":"","overlay-type":"","overlay-color":"","overlay-opacity":"","overlay-gradient":""},"mobile":{"background-color":"var(--ast-global-color-5)","background-image":"","background-repeat":"repeat","background-position":"center center","background-size":"auto","background-attachment":"scroll","background-type":"","background-media":"","overlay-type":"","overlay-color":"","overlay-opacity":"","overlay-gradient":""}}},"product_brand":[],"product_cat":[191],"product_tag":[],"class_list":{"0":"post-25023","1":"product","2":"type-product","3":"status-publish","4":"has-post-thumbnail","6":"product_cat-water-repellent","7":"desktop-align-left","8":"tablet-align-left","9":"mobile-align-left","11":"first","12":"instock","13":"sale","14":"shipping-taxable","15":"purchasable","16":"product-type-variable","17":"has-default-attributes"},"spectra_custom_meta":{"_visibility":["visible"],"_shopify_product_id":["9106656788725"],"_s2w_shopify_domain":["ferberpainting.myshopify.com"],"_shopify_variant_id":["46626408562933"],"_sku":[""],"_manage_stock":["no"],"total_sales":["1"],"_tax_status":["taxable"],"_tax_class":[""],"_backorders":["no"],"_sold_individually":["no"],"_virtual":["no"],"_downloadable":["no"],"_download_limit":["-1"],"_download_expiry":["-1"],"_stock":[null],"_stock_status":["instock"],"_wc_average_rating":["5.00"],"_wc_review_count":["31"],"_product_attributes":["a:1:{s:6:\"volume\";a:6:{s:4:\"name\";s:6:\"Volume\";s:5:\"value\";s:20:\"5 liters | 25 liters\";s:8:\"position\";i:1;s:10:\"is_visible\";i:0;s:12:\"is_variation\";i:1;s:11:\"is_taxonomy\";i:0;}}"],"_product_version":["10.5.1"],"wpse_downloadable_file_names":[""],"wpse_downloadable_file_urls":[""],"_edit_last":["1"],"_default_attributes":["a:1:{s:6:\"volume\";s:8:\"5 liters\";}"],"_edit_lock":["1771224956:1"],"_price":["29.90","129.90"],"merchant-center-availability":["yes"],"merchant-center-category":["503744"],"_thumbnail_id":["36011"],"_wp_page_template":["default"],"_wp_old_date":["2025-05-26"],"_product_image_gallery":["36012"],"site-sidebar-layout":["default"],"ast-site-content-layout":["default"],"site-content-style":["default"],"site-sidebar-style":["default"],"theme-transparent-header-meta":["default"],"_wc_rating_count":["a:1:{i:5;i:31;}"],"astra-migrate-meta-layouts":["set"],"_uag_css_file_name":["uag-css-25023.css"],"_elementor_page_assets":["a:0:{}"],"_uag_page_assets":["a:9:{s:3:\"css\";s:7133:\".uag-blocks-common-selector{z-index:var(--z-index-desktop) !important}@media(max-width: 976px){.uag-blocks-common-selector{z-index:var(--z-index-tablet) !important}}@media(max-width: 767px){.uag-blocks-common-selector{z-index:var(--z-index-mobile) !important}}.wp-block-uagb-image{display:flex}.wp-block-uagb-image__figure{position:relative;display:flex;flex-direction:column;max-width:100%;height:auto;margin:0}.wp-block-uagb-image__figure img{height:auto;display:flex;max-width:100%;transition:box-shadow .2s ease}.wp-block-uagb-image__figure>a{display:inline-block}.wp-block-uagb-image__figure figcaption{text-align:center;margin-top:.5em;margin-bottom:1em}.wp-block-uagb-image .components-placeholder.block-editor-media-placeholder .components-placeholder__instructions{align-self:center}.wp-block-uagb-image--align-left{text-align:left}.wp-block-uagb-image--align-right{text-align:right}.wp-block-uagb-image--align-center{text-align:center}.wp-block-uagb-image--align-full .wp-block-uagb-image__figure{margin-left:calc(50% - 50vw);margin-right:calc(50% - 50vw);max-width:100vw;width:100vw;height:auto}.wp-block-uagb-image--align-full .wp-block-uagb-image__figure img{height:auto;width:100% !important}.wp-block-uagb-image--align-wide .wp-block-uagb-image__figure img{height:auto;width:100%}.wp-block-uagb-image--layout-overlay__color-wrapper{position:absolute;left:0;top:0;right:0;bottom:0;opacity:.2;background:rgba(0,0,0,.5);transition:opacity .35s ease-in-out}.wp-block-uagb-image--layout-overlay-link{position:absolute;left:0;right:0;bottom:0;top:0}.wp-block-uagb-image--layout-overlay .wp-block-uagb-image__figure:hover .wp-block-uagb-image--layout-overlay__color-wrapper{opacity:1}.wp-block-uagb-image--layout-overlay__inner{position:absolute;left:15px;right:15px;bottom:15px;top:15px;display:flex;align-items:center;justify-content:center;flex-direction:column;border-color:#fff;transition:.35s ease-in-out}.wp-block-uagb-image--layout-overlay__inner.top-left,.wp-block-uagb-image--layout-overlay__inner.top-center,.wp-block-uagb-image--layout-overlay__inner.top-right{justify-content:flex-start}.wp-block-uagb-image--layout-overlay__inner.bottom-left,.wp-block-uagb-image--layout-overlay__inner.bottom-center,.wp-block-uagb-image--layout-overlay__inner.bottom-right{justify-content:flex-end}.wp-block-uagb-image--layout-overlay__inner.top-left,.wp-block-uagb-image--layout-overlay__inner.center-left,.wp-block-uagb-image--layout-overlay__inner.bottom-left{align-items:flex-start}.wp-block-uagb-image--layout-overlay__inner.top-right,.wp-block-uagb-image--layout-overlay__inner.center-right,.wp-block-uagb-image--layout-overlay__inner.bottom-right{align-items:flex-end}.wp-block-uagb-image--layout-overlay__inner .uagb-image-heading{color:#fff;transition:transform .35s,opacity .35s ease-in-out;transform:translate3d(0, 24px, 0);margin:0;line-height:1em}.wp-block-uagb-image--layout-overlay__inner .uagb-image-separator{width:30%;border-top-width:2px;border-top-color:#fff;border-top-style:solid;margin-bottom:10px;opacity:0;transition:transform .4s,opacity .4s ease-in-out;transform:translate3d(0, 30px, 0)}.wp-block-uagb-image--layout-overlay__inner .uagb-image-caption{opacity:0;overflow:visible;color:#fff;transition:transform .45s,opacity .45s ease-in-out;transform:translate3d(0, 35px, 0)}.wp-block-uagb-image--layout-overlay__inner:hover .uagb-image-heading,.wp-block-uagb-image--layout-overlay__inner:hover .uagb-image-separator,.wp-block-uagb-image--layout-overlay__inner:hover .uagb-image-caption{opacity:1;transform:translate3d(0, 0, 0)}.wp-block-uagb-image--effect-zoomin .wp-block-uagb-image__figure img,.wp-block-uagb-image--effect-zoomin .wp-block-uagb-image__figure .wp-block-uagb-image--layout-overlay__color-wrapper{transform:scale(1);transition:transform .35s ease-in-out}.wp-block-uagb-image--effect-zoomin .wp-block-uagb-image__figure:hover img,.wp-block-uagb-image--effect-zoomin .wp-block-uagb-image__figure:hover .wp-block-uagb-image--layout-overlay__color-wrapper{transform:scale(1.05)}.wp-block-uagb-image--effect-slide .wp-block-uagb-image__figure img,.wp-block-uagb-image--effect-slide .wp-block-uagb-image__figure .wp-block-uagb-image--layout-overlay__color-wrapper{width:calc(100% + 40px) !important;max-width:none !important;transform:translate3d(-40px, 0, 0);transition:transform .35s ease-in-out}.wp-block-uagb-image--effect-slide .wp-block-uagb-image__figure:hover img,.wp-block-uagb-image--effect-slide .wp-block-uagb-image__figure:hover .wp-block-uagb-image--layout-overlay__color-wrapper{transform:translate3d(0, 0, 0)}.wp-block-uagb-image--effect-grayscale img{filter:grayscale(0%);transition:.35s ease-in-out}.wp-block-uagb-image--effect-grayscale:hover img{filter:grayscale(100%)}.wp-block-uagb-image--effect-blur img{filter:blur(0);transition:.35s ease-in-out}.wp-block-uagb-image--effect-blur:hover img{filter:blur(3px)}.uagb-block-e6f939b3.wp-block-uagb-image--layout-default figure img{box-shadow: 0px 0px 0 #00000070;}.uagb-block-e6f939b3.wp-block-uagb-image .wp-block-uagb-image__figure figcaption{font-style: normal;align-self: center;}.uagb-block-e6f939b3.wp-block-uagb-image--layout-overlay figure img{box-shadow: 0px 0px 0 #00000070;}.uagb-block-e6f939b3.wp-block-uagb-image--layout-overlay .wp-block-uagb-image--layout-overlay__color-wrapper{opacity: 0.2;}.uagb-block-e6f939b3.wp-block-uagb-image--layout-overlay .wp-block-uagb-image--layout-overlay__inner{left: 15px;right: 15px;top: 15px;bottom: 15px;}.uagb-block-e6f939b3.wp-block-uagb-image--layout-overlay .wp-block-uagb-image--layout-overlay__inner .uagb-image-heading{font-style: normal;color: #fff;opacity: 1;}.uagb-block-e6f939b3.wp-block-uagb-image--layout-overlay .wp-block-uagb-image--layout-overlay__inner .uagb-image-heading a{color: #fff;}.uagb-block-e6f939b3.wp-block-uagb-image--layout-overlay .wp-block-uagb-image--layout-overlay__inner .uagb-image-caption{opacity: 0;}.uagb-block-e6f939b3.wp-block-uagb-image--layout-overlay .wp-block-uagb-image__figure:hover .wp-block-uagb-image--layout-overlay__color-wrapper{opacity: 1;}.uagb-block-e6f939b3.wp-block-uagb-image .wp-block-uagb-image--layout-overlay__inner .uagb-image-separator{width: 30%;border-top-width: 2px;border-top-color: #fff;opacity: 0;}.uagb-block-e6f939b3.wp-block-uagb-image .wp-block-uagb-image__figure img{width: px;height: auto;}.uagb-block-e6f939b3.wp-block-uagb-image .wp-block-uagb-image__figure:hover .wp-block-uagb-image--layout-overlay__inner .uagb-image-caption{opacity: 1;}.uagb-block-e6f939b3.wp-block-uagb-image .wp-block-uagb-image__figure:hover .wp-block-uagb-image--layout-overlay__inner .uagb-image-separator{opacity: 1;}.uagb-block-e6f939b3.wp-block-uagb-image--layout-default figure:hover img{box-shadow: 0px 0px 0 #00000070;}.uagb-block-e6f939b3.wp-block-uagb-image--layout-overlay figure:hover img{box-shadow: 0px 0px 0 #00000070;}@media only screen and (max-width: 976px) {.uagb-block-e6f939b3.wp-block-uagb-image .wp-block-uagb-image__figure img{width: px;height: auto;}}@media only screen and (max-width: 767px) {.uagb-block-e6f939b3.wp-block-uagb-image .wp-block-uagb-image__figure img{width: px;height: auto;}}\";s:2:\"js\";s:0:\"\";s:18:\"current_block_list\";a:13:{i:0;s:11:\"core\/search\";i:1;s:10:\"core\/group\";i:2;s:12:\"core\/heading\";i:3;s:17:\"core\/latest-posts\";i:4;s:20:\"core\/latest-comments\";i:5;s:13:\"core\/archives\";i:6;s:15:\"core\/categories\";i:7;s:14:\"core\/paragraph\";i:8;s:10:\"uagb\/image\";i:9;s:11:\"core\/spacer\";i:10;s:30:\"woocommerce\/product-categories\";i:11;s:10:\"core\/image\";i:12;s:14:\"core\/shortcode\";}s:8:\"uag_flag\";b:1;s:11:\"uag_version\";s:10:\"1777109349\";s:6:\"gfonts\";a:0:{}s:10:\"gfonts_url\";s:0:\"\";s:12:\"gfonts_files\";a:0:{}s:14:\"uag_faq_layout\";b:0;}"]},"uagb_featured_image_src":{"full":["https:\/\/www.ferberpainting.com\/wp-content\/uploads\/2025\/05\/Render-Water-Repellent-5L-.png",2560,2560,false],"thumbnail":["https:\/\/www.ferberpainting.com\/wp-content\/uploads\/2025\/05\/Render-Water-Repellent-5L--150x150.png",150,150,true],"medium":["https:\/\/www.ferberpainting.com\/wp-content\/uploads\/2025\/05\/Render-Water-Repellent-5L--300x300.png",300,300,true],"medium_large":["https:\/\/www.ferberpainting.com\/wp-content\/uploads\/2025\/05\/Render-Water-Repellent-5L--768x768.png",768,768,true],"large":["https:\/\/www.ferberpainting.com\/wp-content\/uploads\/2025\/05\/Render-Water-Repellent-5L--1024x1024.png",1024,1024,true],"1536x1536":["https:\/\/www.ferberpainting.com\/wp-content\/uploads\/2025\/05\/Render-Water-Repellent-5L--1536x1536.png",1536,1536,true],"2048x2048":["https:\/\/www.ferberpainting.com\/wp-content\/uploads\/2025\/05\/Render-Water-Repellent-5L--2048x2048.png",2048,2048,true],"trp-custom-language-flag":["https:\/\/www.ferberpainting.com\/wp-content\/uploads\/2025\/05\/Render-Water-Repellent-5L--12x12.png",12,12,true],"woocommerce_thumbnail":["https:\/\/www.ferberpainting.com\/wp-content\/uploads\/2025\/05\/Render-Water-Repellent-5L--300x300.png",300,300,true],"woocommerce_single":["https:\/\/www.ferberpainting.com\/wp-content\/uploads\/2025\/05\/Render-Water-Repellent-5L--600x600.png",600,600,true],"woocommerce_gallery_thumbnail":["https:\/\/www.ferberpainting.com\/wp-content\/uploads\/2025\/05\/Render-Water-Repellent-5L--100x100.png",100,100,true]},"uagb_author_info":{"display_name":"admin","author_link":"https:\/\/www.ferberpainting.com\/ch-de\/author\/"},"uagb_comment_info":31,"uagb_excerpt":"Maximum protection against moisture.\u00a0The render waterproofer is specially designed to protect rendered surfaces against moisture, water penetration, and weather. It forms an invisible and durable barrier that prevents water from seeping in while allowing the surface to breathe. This product is ideal for exterior facades, especially for maintaining the appearance and structure of rendered walls&hellip;","_links":{"self":[{"href":"https:\/\/www.ferberpainting.com\/ch-de\/wp-json\/wp\/v2\/product\/25023","targetHints":{"allow":["GET"]}}],"collection":[{"href":"https:\/\/www.ferberpainting.com\/ch-de\/wp-json\/wp\/v2\/product"}],"about":[{"href":"https:\/\/www.ferberpainting.com\/ch-de\/wp-json\/wp\/v2\/types\/product"}],"replies":[{"embeddable":true,"href":"https:\/\/www.ferberpainting.com\/ch-de\/wp-json\/wp\/v2\/comments?post=25023"}],"version-history":[{"count":4,"href":"https:\/\/www.ferberpainting.com\/ch-de\/wp-json\/wp\/v2\/product\/25023\/revisions"}],"predecessor-version":[{"id":167076,"href":"https:\/\/www.ferberpainting.com\/ch-de\/wp-json\/wp\/v2\/product\/25023\/revisions\/167076"}],"wp:featuredmedia":[{"embeddable":true,"href":"https:\/\/www.ferberpainting.com\/ch-de\/wp-json\/wp\/v2\/media\/36011"}],"wp:attachment":[{"href":"https:\/\/www.ferberpainting.com\/ch-de\/wp-json\/wp\/v2\/media?parent=25023"}],"wp:term":[{"taxonomy":"product_brand","embeddable":true,"href":"https:\/\/www.ferberpainting.com\/ch-de\/wp-json\/wp\/v2\/product_brand?post=25023"},{"taxonomy":"product_cat","embeddable":true,"href":"https:\/\/www.ferberpainting.com\/ch-de\/wp-json\/wp\/v2\/product_cat?post=25023"},{"taxonomy":"product_tag","embeddable":true,"href":"https:\/\/www.ferberpainting.com\/ch-de\/wp-json\/wp\/v2\/product_tag?post=25023"}],"curies":[{"name":"wp","href":"https:\/\/api.w.org\/{rel}","templated":true}]}}