{"id":24790,"date":"2025-05-26T10:27:15","date_gmt":"2025-05-26T08:27:15","guid":{"rendered":"https:\/\/www.ferberpainting.com\/products\/pool-leak-stopper\/"},"modified":"2026-02-16T07:28:44","modified_gmt":"2026-02-16T06:28:44","slug":"pool-leak-stopper","status":"publish","type":"product","link":"https:\/\/www.ferberpainting.com\/ch-de\/products\/pool-leak-stopper\/","title":{"rendered":"Dichtmittel pool"},"content":{"rendered":"<p><strong><img decoding=\"async\" style=\"margin-right: 12px;\" src=\"https:\/\/www.ferberpainting.com\/wp-content\/uploads\/2026\/02\/Check.svg\" alt=\"\" width=\"18\" height=\"15\" \/>Dichtet Poollecks schnell und effizient von innen ab.<\/strong> Unser Leckstopper f\u00fcr Schwimmbecken wurde speziell entwickelt, um kleine Lecks und Mikrorisse in Schwimmbecken aufzusp\u00fcren und abzudichten, ohne dass eine Entleerung oder invasive Reparaturen erforderlich sind. Er wirkt direkt im Wasser, zirkuliert durch das Poolsystem und dichtet Leckstellen automatisch ab.<\/p>\n<p><strong><img decoding=\"async\" style=\"margin-right: 12px;\" src=\"https:\/\/www.ferberpainting.com\/wp-content\/uploads\/2026\/02\/Check.svg\" alt=\"\" width=\"18\" height=\"15\" \/>Die effektivste L\u00f6sung zur Abdichtung von Lecks in Schwimmbecken auf dem Markt.<\/strong> Dank seiner fortschrittlichen Versiegelungstechnologie zielt das Produkt auf undichte Stellen, an denen Wasser austritt, und bildet eine dauerhafte innere Abdichtung. Es liefert zuverl\u00e4ssige und lang anhaltende Ergebnisse in Beton-, Fliesen-, Liner- und Glasfaserbecken.<\/p>\n<p><strong><img decoding=\"async\" style=\"margin-right: 12px;\" src=\"https:\/\/www.ferberpainting.com\/wp-content\/uploads\/2026\/02\/Check.svg\" alt=\"\" width=\"18\" height=\"15\" \/>Unschlagbarer Preis.<\/strong> Poolreparaturen k\u00f6nnen extrem teuer und zeitaufw\u00e4ndig sein. Unser Pool-Leckstopper bietet eine professionelle L\u00f6sung zum g\u00fcnstigsten Preis und hilft Ihnen, kostspielige bauliche Eingriffe zu vermeiden.<\/p>\n<p><strong><img decoding=\"async\" style=\"margin-right: 12px;\" src=\"https:\/\/www.ferberpainting.com\/wp-content\/uploads\/2026\/02\/Check.svg\" alt=\"\" width=\"18\" height=\"15\" \/>Geld-zur\u00fcck-Garantie f\u00fcr absolutes Vertrauen.<\/strong> Wir sind von der Wirksamkeit unseres Pool-Leckstopfers \u00fcberzeugt. Wenn Sie mit dem Ergebnis nicht zufrieden sind, bieten wir Ihnen eine Geld-zur\u00fcck-Garantie. Kontaktieren Sie uns einfach und wir erstatten Ihnen den Kaufpreis.<\/p>\n<p><strong><img decoding=\"async\" style=\"margin-right: 12px;\" src=\"https:\/\/www.ferberpainting.com\/wp-content\/uploads\/2026\/02\/Check.svg\" alt=\"\" width=\"18\" height=\"15\" \/>Schnelle 24-Stunden-Lieferung bei dringenden Leckproblemen.<\/strong> Wir liefern immer rund um die Uhr, damit Sie den Wasserverlust sofort beheben und weitere strukturelle Sch\u00e4den oder \u00fcberh\u00f6hte Wasserrechnungen verhindern k\u00f6nnen.<\/p>\n<p><strong><img decoding=\"async\" style=\"margin-right: 12px;\" src=\"https:\/\/www.ferberpainting.com\/wp-content\/uploads\/2026\/02\/Check.svg\" alt=\"\" width=\"18\" height=\"15\" \/>Mit einer Flasche k\u00f6nnen bis zu 60 m\u00b3 Wasser behandelt werden.<\/strong> Eine einzige Flasche ist f\u00fcr die effektive Behandlung von Schwimmbecken mit bis zu 60 Kubikmetern Wasser ausgelegt. Diese optimierte Dosierung gew\u00e4hrleistet maximale Effizienz ohne \u00dcberdosierung des Poolsystems.<\/p>\n<p><strong><img decoding=\"async\" style=\"margin-right: 12px;\" src=\"https:\/\/www.ferberpainting.com\/wp-content\/uploads\/2026\/02\/Check.svg\" alt=\"\" width=\"18\" height=\"15\" \/>Der Pool muss nicht abgelassen werden.<\/strong> Das Produkt wirkt direkt im vorhandenen Poolwasser, was Zeit, Arbeit und Wasserkosten spart. Es sind keine schweren Abbrucharbeiten oder das Entfernen der Oberfl\u00e4che erforderlich.<\/p>\n<p><strong><img decoding=\"async\" style=\"margin-right: 12px;\" src=\"https:\/\/www.ferberpainting.com\/wp-content\/uploads\/2026\/02\/Check.svg\" alt=\"\" width=\"18\" height=\"15\" \/>Kompatibel mit den meisten Poolsystemen.<\/strong> Geeignet f\u00fcr Betonbecken, geflieste Becken, Auskleidungen, Glasfaserschalen und kompatible Filtersysteme. Bei vorschriftsm\u00e4\u00dfiger Anwendung werden Pumpen, Filter und Poolger\u00e4te nicht besch\u00e4digt.<\/p>\n<p><strong><img decoding=\"async\" style=\"margin-right: 12px;\" src=\"https:\/\/www.ferberpainting.com\/wp-content\/uploads\/2026\/02\/Check.svg\" alt=\"\" width=\"18\" height=\"15\" \/>Langlebige Dichtungsleistung.<\/strong> Sobald das Leck abgedichtet ist, bildet das Produkt eine stabile und dauerhafte Barriere, die dem normalen Wasserdruck und den Betriebsbedingungen des Schwimmbeckens standh\u00e4lt.<\/p>\n<p><strong><img decoding=\"async\" style=\"margin-right: 12px;\" src=\"https:\/\/www.ferberpainting.com\/wp-content\/uploads\/2026\/02\/Check.svg\" alt=\"\" width=\"18\" height=\"15\" \/>Einfache Anwendung f\u00fcr Poolbesitzer und Fachleute.<\/strong> Die einfache Dosierungsmethode macht es sowohl f\u00fcr Profis als auch f\u00fcr private Schwimmbadbesitzer zug\u00e4nglich, die eine schnelle und effiziente L\u00f6sung suchen.<\/p>\n<h2><strong>Anweisungen<\/strong><\/h2>\n<ul>\n<li>Vergewissern Sie sich, dass es sich um ein kleines Leck handelt, das f\u00fcr eine innere Abdichtung geeignet ist. Das Produkt ist f\u00fcr kleine Lecks und Mikrorisse gedacht, nicht f\u00fcr gr\u00f6\u00dfere strukturelle Sch\u00e4den.<\/li>\n<li>Vergewissern Sie sich, dass der Wasserstand des Schwimmbeckens vor der Behandlung die normale Betriebsh\u00f6he erreicht hat.<\/li>\n<li>Sch\u00fctteln Sie die Flasche vor Gebrauch gr\u00fcndlich, um die aktiven Versiegelungskomponenten gleichm\u00e4\u00dfig zu verteilen.<\/li>\n<li>Dosierung: Verwenden Sie eine volle Flasche f\u00fcr Becken mit bis zu 60 m\u00b3 Wasser. Bei kleineren Becken proportional anpassen (z. B. eine halbe Flasche f\u00fcr 30 m\u00b3).<\/li>\n<li>Schalten Sie das Filtersystem vor der Anwendung aus.<\/li>\n<li>Gie\u00dfen Sie das Produkt langsam in das Wasser des Schwimmbeckens und verteilen Sie es gleichm\u00e4\u00dfig um den Beckenrand herum, insbesondere in der N\u00e4he der vermuteten Leckstellen.<\/li>\n<li>Lassen Sie das Produkt mehrere Stunden lang absetzen, ohne das Filtersystem zu aktivieren. Idealerweise lassen Sie das Wasser 6 bis 12 Stunden lang stehen, damit die Dichtungsmittel die Leckstellen lokalisieren und abdichten k\u00f6nnen.<\/li>\n<li>Starten Sie das Filtersystem nach der Ruhezeit wieder und lassen Sie das Wasser normal zirkulieren.<\/li>\n<li>\u00dcberwachen Sie den Wasserstand in den n\u00e4chsten 24 bis 48 Stunden, um die Stabilisierung und erfolgreiche Abdichtung zu best\u00e4tigen.<\/li>\n<li>Bei anhaltenden kleineren Leckagen kann bei Bedarf eine zweite Behandlung unter Beachtung der proportionalen Dosierung durchgef\u00fchrt werden.<\/li>\n<li>Das Produkt kann im Schwimmbadwasser verbleiben und ist bei bestimmungsgem\u00e4\u00dfem Gebrauch mit den \u00fcblichen Wasseraufbereitungssystemen kompatibel.<\/li>\n<li>Lagern Sie den Beh\u00e4lter dicht verschlossen an einem k\u00fchlen, trockenen Ort, gesch\u00fctzt vor direktem Sonnenlicht und extremen Temperaturen.<\/li>\n<li>Au\u00dferhalb der Reichweite von Kindern aufbewahren und bei der Handhabung direkten Kontakt mit Augen und Haut vermeiden.<\/li>\n<\/ul>","protected":false},"excerpt":{"rendered":"<p>Seals pool leaks quickly and efficiently from the inside. Our pool leak stopper is specially formulated to detect and seal small leaks and micro-cracks in swimming pools without the need for draining or invasive repairs. It works directly in the water, circulating through the pool system and sealing leak points automatically. The most effective pool [&hellip;]<\/p>\n","protected":false},"featured_media":26638,"comment_status":"open","ping_status":"closed","template":"","meta":{"_uag_custom_page_level_css":"","site-sidebar-layout":"default","site-content-layout":"","ast-site-content-layout":"default","site-content-style":"default","site-sidebar-style":"default","ast-global-header-display":"","ast-banner-title-visibility":"","ast-main-header-display":"","ast-hfb-above-header-display":"","ast-hfb-below-header-display":"","ast-hfb-mobile-header-display":"","site-post-title":"","ast-breadcrumbs-content":"","ast-featured-img":"","footer-sml-layout":"","ast-disable-related-posts":"","theme-transparent-header-meta":"default","adv-header-id-meta":"","stick-header-meta":"","header-above-stick-meta":"","header-main-stick-meta":"","header-below-stick-meta":"","astra-migrate-meta-layouts":"set","ast-page-background-enabled":"default","ast-page-background-meta":{"desktop":{"background-color":"var(--ast-global-color-4)","background-image":"","background-repeat":"repeat","background-position":"center center","background-size":"auto","background-attachment":"scroll","background-type":"","background-media":"","overlay-type":"","overlay-color":"","overlay-opacity":"","overlay-gradient":""},"tablet":{"background-color":"","background-image":"","background-repeat":"repeat","background-position":"center center","background-size":"auto","background-attachment":"scroll","background-type":"","background-media":"","overlay-type":"","overlay-color":"","overlay-opacity":"","overlay-gradient":""},"mobile":{"background-color":"","background-image":"","background-repeat":"repeat","background-position":"center center","background-size":"auto","background-attachment":"scroll","background-type":"","background-media":"","overlay-type":"","overlay-color":"","overlay-opacity":"","overlay-gradient":""}},"ast-content-background-meta":{"desktop":{"background-color":"var(--ast-global-color-5)","background-image":"","background-repeat":"repeat","background-position":"center center","background-size":"auto","background-attachment":"scroll","background-type":"","background-media":"","overlay-type":"","overlay-color":"","overlay-opacity":"","overlay-gradient":""},"tablet":{"background-color":"var(--ast-global-color-5)","background-image":"","background-repeat":"repeat","background-position":"center center","background-size":"auto","background-attachment":"scroll","background-type":"","background-media":"","overlay-type":"","overlay-color":"","overlay-opacity":"","overlay-gradient":""},"mobile":{"background-color":"var(--ast-global-color-5)","background-image":"","background-repeat":"repeat","background-position":"center center","background-size":"auto","background-attachment":"scroll","background-type":"","background-media":"","overlay-type":"","overlay-color":"","overlay-opacity":"","overlay-gradient":""}}},"product_brand":[],"product_cat":[181],"product_tag":[],"class_list":{"0":"post-24790","1":"product","2":"type-product","3":"status-publish","4":"has-post-thumbnail","6":"product_cat-leak-stopper","7":"desktop-align-left","8":"tablet-align-left","9":"mobile-align-left","11":"first","12":"instock","13":"taxable","14":"shipping-taxable","15":"purchasable","16":"product-type-simple"},"spectra_custom_meta":{"_visibility":["visible"],"_shopify_product_id":["7955511705845"],"_s2w_shopify_domain":["ferberpainting.myshopify.com"],"_shopify_variant_id":["43515608563957"],"_sku":["FPPOOLLEAKSTOPPER"],"_regular_price":["29.90"],"_price":["29.90"],"_sale_price":[""],"_weight":["0.45"],"_thumbnail_id":["26638"],"_global_unique_id":["5056773807235"],"total_sales":["186"],"_tax_status":["taxable"],"_tax_class":[""],"_manage_stock":["no"],"_backorders":["no"],"_sold_individually":["no"],"_virtual":["no"],"_downloadable":["no"],"_download_limit":["-1"],"_download_expiry":["-1"],"_stock":[null],"_stock_status":["instock"],"_wc_average_rating":["4.80"],"_wc_review_count":["49"],"_product_version":["10.5.1"],"merchant-center-availability":["yes"],"merchant-center-category":["3017"],"merchant-center-id":["POOLLS"],"wpse_downloadable_file_names":[""],"wpse_downloadable_file_urls":[""],"_edit_last":["1"],"_wc_rating_count":["a:3:{i:3;i:2;i:4;i:6;i:5;i:41;}"],"_edit_lock":["1775805781:7133"],"_wp_page_template":["default"],"site-sidebar-layout":["default"],"ast-site-content-layout":["default"],"site-content-style":["default"],"site-sidebar-style":["default"],"theme-transparent-header-meta":["default"],"astra-migrate-meta-layouts":["set"],"_uag_css_file_name":["uag-css-24790.css"],"_elementor_page_assets":["a:0:{}"],"_uag_page_assets":["a:9:{s:3:\"css\";s:7133:\".uag-blocks-common-selector{z-index:var(--z-index-desktop) !important}@media(max-width: 976px){.uag-blocks-common-selector{z-index:var(--z-index-tablet) !important}}@media(max-width: 767px){.uag-blocks-common-selector{z-index:var(--z-index-mobile) !important}}.wp-block-uagb-image{display:flex}.wp-block-uagb-image__figure{position:relative;display:flex;flex-direction:column;max-width:100%;height:auto;margin:0}.wp-block-uagb-image__figure img{height:auto;display:flex;max-width:100%;transition:box-shadow .2s ease}.wp-block-uagb-image__figure>a{display:inline-block}.wp-block-uagb-image__figure figcaption{text-align:center;margin-top:.5em;margin-bottom:1em}.wp-block-uagb-image .components-placeholder.block-editor-media-placeholder .components-placeholder__instructions{align-self:center}.wp-block-uagb-image--align-left{text-align:left}.wp-block-uagb-image--align-right{text-align:right}.wp-block-uagb-image--align-center{text-align:center}.wp-block-uagb-image--align-full .wp-block-uagb-image__figure{margin-left:calc(50% - 50vw);margin-right:calc(50% - 50vw);max-width:100vw;width:100vw;height:auto}.wp-block-uagb-image--align-full .wp-block-uagb-image__figure img{height:auto;width:100% !important}.wp-block-uagb-image--align-wide .wp-block-uagb-image__figure img{height:auto;width:100%}.wp-block-uagb-image--layout-overlay__color-wrapper{position:absolute;left:0;top:0;right:0;bottom:0;opacity:.2;background:rgba(0,0,0,.5);transition:opacity .35s ease-in-out}.wp-block-uagb-image--layout-overlay-link{position:absolute;left:0;right:0;bottom:0;top:0}.wp-block-uagb-image--layout-overlay .wp-block-uagb-image__figure:hover .wp-block-uagb-image--layout-overlay__color-wrapper{opacity:1}.wp-block-uagb-image--layout-overlay__inner{position:absolute;left:15px;right:15px;bottom:15px;top:15px;display:flex;align-items:center;justify-content:center;flex-direction:column;border-color:#fff;transition:.35s ease-in-out}.wp-block-uagb-image--layout-overlay__inner.top-left,.wp-block-uagb-image--layout-overlay__inner.top-center,.wp-block-uagb-image--layout-overlay__inner.top-right{justify-content:flex-start}.wp-block-uagb-image--layout-overlay__inner.bottom-left,.wp-block-uagb-image--layout-overlay__inner.bottom-center,.wp-block-uagb-image--layout-overlay__inner.bottom-right{justify-content:flex-end}.wp-block-uagb-image--layout-overlay__inner.top-left,.wp-block-uagb-image--layout-overlay__inner.center-left,.wp-block-uagb-image--layout-overlay__inner.bottom-left{align-items:flex-start}.wp-block-uagb-image--layout-overlay__inner.top-right,.wp-block-uagb-image--layout-overlay__inner.center-right,.wp-block-uagb-image--layout-overlay__inner.bottom-right{align-items:flex-end}.wp-block-uagb-image--layout-overlay__inner .uagb-image-heading{color:#fff;transition:transform .35s,opacity .35s ease-in-out;transform:translate3d(0, 24px, 0);margin:0;line-height:1em}.wp-block-uagb-image--layout-overlay__inner .uagb-image-separator{width:30%;border-top-width:2px;border-top-color:#fff;border-top-style:solid;margin-bottom:10px;opacity:0;transition:transform .4s,opacity .4s ease-in-out;transform:translate3d(0, 30px, 0)}.wp-block-uagb-image--layout-overlay__inner .uagb-image-caption{opacity:0;overflow:visible;color:#fff;transition:transform .45s,opacity .45s ease-in-out;transform:translate3d(0, 35px, 0)}.wp-block-uagb-image--layout-overlay__inner:hover .uagb-image-heading,.wp-block-uagb-image--layout-overlay__inner:hover .uagb-image-separator,.wp-block-uagb-image--layout-overlay__inner:hover .uagb-image-caption{opacity:1;transform:translate3d(0, 0, 0)}.wp-block-uagb-image--effect-zoomin .wp-block-uagb-image__figure img,.wp-block-uagb-image--effect-zoomin .wp-block-uagb-image__figure .wp-block-uagb-image--layout-overlay__color-wrapper{transform:scale(1);transition:transform .35s ease-in-out}.wp-block-uagb-image--effect-zoomin .wp-block-uagb-image__figure:hover img,.wp-block-uagb-image--effect-zoomin .wp-block-uagb-image__figure:hover .wp-block-uagb-image--layout-overlay__color-wrapper{transform:scale(1.05)}.wp-block-uagb-image--effect-slide .wp-block-uagb-image__figure img,.wp-block-uagb-image--effect-slide .wp-block-uagb-image__figure .wp-block-uagb-image--layout-overlay__color-wrapper{width:calc(100% + 40px) !important;max-width:none !important;transform:translate3d(-40px, 0, 0);transition:transform .35s ease-in-out}.wp-block-uagb-image--effect-slide .wp-block-uagb-image__figure:hover img,.wp-block-uagb-image--effect-slide .wp-block-uagb-image__figure:hover .wp-block-uagb-image--layout-overlay__color-wrapper{transform:translate3d(0, 0, 0)}.wp-block-uagb-image--effect-grayscale img{filter:grayscale(0%);transition:.35s ease-in-out}.wp-block-uagb-image--effect-grayscale:hover img{filter:grayscale(100%)}.wp-block-uagb-image--effect-blur img{filter:blur(0);transition:.35s ease-in-out}.wp-block-uagb-image--effect-blur:hover img{filter:blur(3px)}.uagb-block-e6f939b3.wp-block-uagb-image--layout-default figure img{box-shadow: 0px 0px 0 #00000070;}.uagb-block-e6f939b3.wp-block-uagb-image .wp-block-uagb-image__figure figcaption{font-style: normal;align-self: center;}.uagb-block-e6f939b3.wp-block-uagb-image--layout-overlay figure img{box-shadow: 0px 0px 0 #00000070;}.uagb-block-e6f939b3.wp-block-uagb-image--layout-overlay .wp-block-uagb-image--layout-overlay__color-wrapper{opacity: 0.2;}.uagb-block-e6f939b3.wp-block-uagb-image--layout-overlay .wp-block-uagb-image--layout-overlay__inner{left: 15px;right: 15px;top: 15px;bottom: 15px;}.uagb-block-e6f939b3.wp-block-uagb-image--layout-overlay .wp-block-uagb-image--layout-overlay__inner .uagb-image-heading{font-style: normal;color: #fff;opacity: 1;}.uagb-block-e6f939b3.wp-block-uagb-image--layout-overlay .wp-block-uagb-image--layout-overlay__inner .uagb-image-heading a{color: #fff;}.uagb-block-e6f939b3.wp-block-uagb-image--layout-overlay .wp-block-uagb-image--layout-overlay__inner .uagb-image-caption{opacity: 0;}.uagb-block-e6f939b3.wp-block-uagb-image--layout-overlay .wp-block-uagb-image__figure:hover .wp-block-uagb-image--layout-overlay__color-wrapper{opacity: 1;}.uagb-block-e6f939b3.wp-block-uagb-image .wp-block-uagb-image--layout-overlay__inner .uagb-image-separator{width: 30%;border-top-width: 2px;border-top-color: #fff;opacity: 0;}.uagb-block-e6f939b3.wp-block-uagb-image .wp-block-uagb-image__figure img{width: px;height: auto;}.uagb-block-e6f939b3.wp-block-uagb-image .wp-block-uagb-image__figure:hover .wp-block-uagb-image--layout-overlay__inner .uagb-image-caption{opacity: 1;}.uagb-block-e6f939b3.wp-block-uagb-image .wp-block-uagb-image__figure:hover .wp-block-uagb-image--layout-overlay__inner .uagb-image-separator{opacity: 1;}.uagb-block-e6f939b3.wp-block-uagb-image--layout-default figure:hover img{box-shadow: 0px 0px 0 #00000070;}.uagb-block-e6f939b3.wp-block-uagb-image--layout-overlay figure:hover img{box-shadow: 0px 0px 0 #00000070;}@media only screen and (max-width: 976px) {.uagb-block-e6f939b3.wp-block-uagb-image .wp-block-uagb-image__figure img{width: px;height: auto;}}@media only screen and (max-width: 767px) {.uagb-block-e6f939b3.wp-block-uagb-image .wp-block-uagb-image__figure img{width: px;height: auto;}}\";s:2:\"js\";s:0:\"\";s:18:\"current_block_list\";a:13:{i:0;s:11:\"core\/search\";i:1;s:10:\"core\/group\";i:2;s:12:\"core\/heading\";i:3;s:17:\"core\/latest-posts\";i:4;s:20:\"core\/latest-comments\";i:5;s:13:\"core\/archives\";i:6;s:15:\"core\/categories\";i:7;s:14:\"core\/paragraph\";i:8;s:10:\"uagb\/image\";i:9;s:11:\"core\/spacer\";i:10;s:30:\"woocommerce\/product-categories\";i:11;s:10:\"core\/image\";i:12;s:14:\"core\/shortcode\";}s:8:\"uag_flag\";b:1;s:11:\"uag_version\";s:10:\"1777203168\";s:6:\"gfonts\";a:0:{}s:10:\"gfonts_url\";s:0:\"\";s:12:\"gfonts_files\";a:0:{}s:14:\"uag_faq_layout\";b:0;}"]},"uagb_featured_image_src":{"full":["https:\/\/www.ferberpainting.com\/wp-content\/uploads\/2025\/05\/38PoolLeakStopper_4000x4000_5b62e7bb-ee9b-4f7f-8b35-f13f1052d0de.png",2560,2560,false],"thumbnail":["https:\/\/www.ferberpainting.com\/wp-content\/uploads\/2025\/05\/38PoolLeakStopper_4000x4000_5b62e7bb-ee9b-4f7f-8b35-f13f1052d0de-150x150.png",150,150,true],"medium":["https:\/\/www.ferberpainting.com\/wp-content\/uploads\/2025\/05\/38PoolLeakStopper_4000x4000_5b62e7bb-ee9b-4f7f-8b35-f13f1052d0de-300x300.png",300,300,true],"medium_large":["https:\/\/www.ferberpainting.com\/wp-content\/uploads\/2025\/05\/38PoolLeakStopper_4000x4000_5b62e7bb-ee9b-4f7f-8b35-f13f1052d0de-768x768.png",768,768,true],"large":["https:\/\/www.ferberpainting.com\/wp-content\/uploads\/2025\/05\/38PoolLeakStopper_4000x4000_5b62e7bb-ee9b-4f7f-8b35-f13f1052d0de-1024x1024.png",1024,1024,true],"1536x1536":["https:\/\/www.ferberpainting.com\/wp-content\/uploads\/2025\/05\/38PoolLeakStopper_4000x4000_5b62e7bb-ee9b-4f7f-8b35-f13f1052d0de-1536x1536.png",1536,1536,true],"2048x2048":["https:\/\/www.ferberpainting.com\/wp-content\/uploads\/2025\/05\/38PoolLeakStopper_4000x4000_5b62e7bb-ee9b-4f7f-8b35-f13f1052d0de-2048x2048.png",2048,2048,true],"trp-custom-language-flag":["https:\/\/www.ferberpainting.com\/wp-content\/uploads\/2025\/05\/38PoolLeakStopper_4000x4000_5b62e7bb-ee9b-4f7f-8b35-f13f1052d0de-12x12.png",12,12,true],"woocommerce_thumbnail":["https:\/\/www.ferberpainting.com\/wp-content\/uploads\/2025\/05\/38PoolLeakStopper_4000x4000_5b62e7bb-ee9b-4f7f-8b35-f13f1052d0de-300x300.png",300,300,true],"woocommerce_single":["https:\/\/www.ferberpainting.com\/wp-content\/uploads\/2025\/05\/38PoolLeakStopper_4000x4000_5b62e7bb-ee9b-4f7f-8b35-f13f1052d0de-600x600.png",600,600,true],"woocommerce_gallery_thumbnail":["https:\/\/www.ferberpainting.com\/wp-content\/uploads\/2025\/05\/38PoolLeakStopper_4000x4000_5b62e7bb-ee9b-4f7f-8b35-f13f1052d0de-100x100.png",100,100,true]},"uagb_author_info":{"display_name":"admin","author_link":"https:\/\/www.ferberpainting.com\/ch-de\/author\/"},"uagb_comment_info":49,"uagb_excerpt":"Seals pool leaks quickly and efficiently from the inside. Our pool leak stopper is specially formulated to detect and seal small leaks and micro-cracks in swimming pools without the need for draining or invasive repairs. It works directly in the water, circulating through the pool system and sealing leak points automatically. The most effective pool&hellip;","_links":{"self":[{"href":"https:\/\/www.ferberpainting.com\/ch-de\/wp-json\/wp\/v2\/product\/24790","targetHints":{"allow":["GET"]}}],"collection":[{"href":"https:\/\/www.ferberpainting.com\/ch-de\/wp-json\/wp\/v2\/product"}],"about":[{"href":"https:\/\/www.ferberpainting.com\/ch-de\/wp-json\/wp\/v2\/types\/product"}],"replies":[{"embeddable":true,"href":"https:\/\/www.ferberpainting.com\/ch-de\/wp-json\/wp\/v2\/comments?post=24790"}],"version-history":[{"count":3,"href":"https:\/\/www.ferberpainting.com\/ch-de\/wp-json\/wp\/v2\/product\/24790\/revisions"}],"predecessor-version":[{"id":166987,"href":"https:\/\/www.ferberpainting.com\/ch-de\/wp-json\/wp\/v2\/product\/24790\/revisions\/166987"}],"wp:featuredmedia":[{"embeddable":true,"href":"https:\/\/www.ferberpainting.com\/ch-de\/wp-json\/wp\/v2\/media\/26638"}],"wp:attachment":[{"href":"https:\/\/www.ferberpainting.com\/ch-de\/wp-json\/wp\/v2\/media?parent=24790"}],"wp:term":[{"taxonomy":"product_brand","embeddable":true,"href":"https:\/\/www.ferberpainting.com\/ch-de\/wp-json\/wp\/v2\/product_brand?post=24790"},{"taxonomy":"product_cat","embeddable":true,"href":"https:\/\/www.ferberpainting.com\/ch-de\/wp-json\/wp\/v2\/product_cat?post=24790"},{"taxonomy":"product_tag","embeddable":true,"href":"https:\/\/www.ferberpainting.com\/ch-de\/wp-json\/wp\/v2\/product_tag?post=24790"}],"curies":[{"name":"wp","href":"https:\/\/api.w.org\/{rel}","templated":true}]}}