{"id":24744,"date":"2025-05-26T10:26:54","date_gmt":"2025-05-26T08:26:54","guid":{"rendered":"https:\/\/www.ferberpainting.com\/products\/paint-hardener\/"},"modified":"2026-02-15T23:16:32","modified_gmt":"2026-02-15T22:16:32","slug":"paint-hardener","status":"publish","type":"product","link":"https:\/\/www.ferberpainting.com\/ch-de\/products\/paint-hardener\/","title":{"rendered":"H\u00e4rter f\u00fcr farbe"},"content":{"rendered":"<p><strong><img decoding=\"async\" style=\"margin-right: 12px;\" src=\"https:\/\/www.ferberpainting.com\/wp-content\/uploads\/2026\/02\/Check.svg\" alt=\"\" width=\"18\" height=\"15\" \/>Verst\u00e4rkung und Verbesserung der Lackierleistung.<\/strong>\u00a0Dieser Lackh\u00e4rter wurde speziell entwickelt, um die Widerstandsf\u00e4higkeit und Haltbarkeit von Beschichtungen zu erh\u00f6hen. Er verbessert die Haftung, H\u00e4rte und Langlebigkeit von Lacken, die auf verschiedene Oberfl\u00e4chen aufgetragen werden, und verringert so das Risiko von Abbl\u00e4ttern, Kratzern und vorzeitigem Verschlei\u00df. Er eignet sich gleicherma\u00dfen f\u00fcr Dekorfarben und industrielle Beschichtungen und bietet optimalen Langzeitschutz.<\/p>\n<p><strong><img decoding=\"async\" style=\"margin-right: 12px;\" src=\"https:\/\/www.ferberpainting.com\/wp-content\/uploads\/2026\/02\/Check.svg\" alt=\"\" width=\"18\" height=\"15\" \/>Geld-zur\u00fcck-Garantie.<\/strong>\u00a0Wir haben volles Vertrauen in die Wirksamkeit unseres Lackh\u00e4rters und bieten deshalb eine Geld-zur\u00fcck-Garantie. Wenn das Produkt nach der Anwendung gem\u00e4\u00df den Anweisungen nicht Ihren Erwartungen entspricht, k\u00f6nnen Sie eine bedingungslose R\u00fcckerstattung beantragen, um einen sicheren und risikofreien Kauf zu gew\u00e4hrleisten.<\/p>\n<p><strong><img decoding=\"async\" style=\"margin-right: 12px;\" src=\"https:\/\/www.ferberpainting.com\/wp-content\/uploads\/2026\/02\/Check.svg\" alt=\"\" width=\"18\" height=\"15\" \/>Kompatibel mit einer breiten Palette von Farben und Materialien.<\/strong>\u00a0Dieser H\u00e4rter eignet sich f\u00fcr Acryl-, Glycerophthals\u00e4ure-, Alkyd-, Epoxid- und Polyurethanlacke. Er kann auf Beton, Metall, Holz, Gips, Zement und Kunststoffoberfl\u00e4chen verwendet werden und bietet maximale Vielseitigkeit f\u00fcr Renovierungs-, Wartungs- und Endbearbeitungsprojekte.<\/p>\n<p><strong><img decoding=\"async\" style=\"margin-right: 12px;\" src=\"https:\/\/www.ferberpainting.com\/wp-content\/uploads\/2026\/02\/Check.svg\" alt=\"\" width=\"18\" height=\"15\" \/>Ausgezeichnete wirtschaftliche Leistung.<\/strong>\u00a0Dank seiner optimierten Konzentration k\u00f6nnen mit einem Liter H\u00e4rter bis zu 5 Liter Lack behandelt werden, was eine wirtschaftliche und effiziente L\u00f6sung darstellt. Seine Formel verbessert die Lackbest\u00e4ndigkeit erheblich, wodurch die Notwendigkeit von Ausbesserungen oder Neuanstrichen reduziert wird, was eine langfristige Kostensenkung gew\u00e4hrleistet.<\/p>\n<p><strong><img decoding=\"async\" style=\"margin-right: 12px;\" src=\"https:\/\/www.ferberpainting.com\/wp-content\/uploads\/2026\/02\/Check.svg\" alt=\"\" width=\"18\" height=\"15\" \/>Ein sicheres und gefahrloses Produkt f\u00fcr die Benutzer.<\/strong>\u00a0Dieser H\u00e4rter enth\u00e4lt keine giftigen L\u00f6sungsmittel oder Schadstoffe. Er setzt keine aggressiven D\u00e4mpfe frei und kann ohne besondere Schutzausr\u00fcstung sicher gehandhabt werden. Er ist f\u00fcr den Innen- und Au\u00dfenbereich geeignet und gew\u00e4hrleistet eine risikofreie Anwendung f\u00fcr Bewohner und Nutzer der behandelten R\u00e4ume.<\/p>\n<p><strong><img decoding=\"async\" style=\"margin-right: 12px;\" src=\"https:\/\/www.ferberpainting.com\/wp-content\/uploads\/2026\/02\/Check.svg\" alt=\"\" width=\"18\" height=\"15\" \/>Benutzerfreundlichkeit und optimale Kompatibilit\u00e4t.<\/strong>\u00a0Dieser H\u00e4rter l\u00e4sst sich leicht in die Farbe integrieren, ohne dass komplizierte Schritte erforderlich sind. Er wird vor dem Auftragen direkt mit der Farbe gemischt und sorgt f\u00fcr eine gleichm\u00e4\u00dfige Dispersion und eine sofortige Verbesserung der Beschichtungsleistung. Seine Verwendung ver\u00e4ndert weder die Farbe noch die Textur der Farbe und sorgt f\u00fcr ein originalgetreues Finish.<\/p>\n<p><strong><img decoding=\"async\" style=\"margin-right: 12px;\" src=\"https:\/\/www.ferberpainting.com\/wp-content\/uploads\/2026\/02\/Check.svg\" alt=\"\" width=\"18\" height=\"15\" \/>Erh\u00f6hte Haltbarkeit f\u00fcr widerstandsf\u00e4hige Oberfl\u00e4chen.<\/strong>\u00a0Nach dem Einmischen in den Lack st\u00e4rkt dieser H\u00e4rter die Struktur des Schutzfilms und erh\u00f6ht so die Widerstandsf\u00e4higkeit gegen St\u00f6\u00dfe, Abrieb und \u00e4u\u00dfere Einfl\u00fcsse erheblich. Er sch\u00fctzt wirksam vor Kratzern, Flecken und Feuchtigkeit, verl\u00e4ngert die Lebensdauer der lackierten Oberfl\u00e4chen und reduziert die Wartungskosten.<\/p>\n<p><strong><img decoding=\"async\" style=\"margin-right: 12px;\" src=\"https:\/\/www.ferberpainting.com\/wp-content\/uploads\/2026\/02\/Check.svg\" alt=\"\" width=\"18\" height=\"15\" \/>Schnelle Trocknung f\u00fcr erhebliche Zeitersparnis.<\/strong>\u00a0Durch die Optimierung der Lackpolymerisation beschleunigt dieser H\u00e4rter die Trocknungszeit und sorgt gleichzeitig f\u00fcr eine schnelle Entwicklung der Lackbest\u00e4ndigkeit. Er erm\u00f6glicht es, dass Oberfl\u00e4chen je nach Umgebungsbedingungen in nur wenigen Stunden gebrauchsfertig sind, was die Wartezeiten zwischen verschiedenen Projektphasen erheblich verk\u00fcrzt.<\/p>\n<h2><strong>Verwendungsprotokoll<\/strong><\/h2>\n<ul>\n<li><strong>Vorbereitung der Farbe <\/strong>: Vergewissern Sie sich, dass die Farbe, der der H\u00e4rter zugesetzt wird, sauber und gut vermischt ist. Wenn sich die Farbe abgesetzt hat, r\u00fchren Sie sie um, bevor Sie den H\u00e4rter hinzuf\u00fcgen, um eine gleichm\u00e4\u00dfige Verteilung zu gew\u00e4hrleisten.<\/li>\n<li><strong>Empfohlene Dosierung <\/strong>: Je nach gew\u00fcnschtem Verst\u00e4rkungsgrad zwischen 5% und 20% H\u00e4rter, bezogen auf das Gesamtvolumen der Farbe, zugeben. Bei Lacken, die extremen Bedingungen ausgesetzt sind (Feuchtigkeit, h\u00e4ufige St\u00f6\u00dfe, Abrieb), ist eine h\u00f6here Dosierung zu w\u00e4hlen.<\/li>\n<li><strong>Homogenes Mischen <\/strong>: Den H\u00e4rter unter st\u00e4ndigem Mischen mit einem Handr\u00fchrer oder einem elektrischen R\u00fchrger\u00e4t nach und nach in die Farbe einarbeiten. Achten Sie darauf, dass die Mischung fl\u00fcssig und homogen ist, um eine Entmischung der Komponenten zu vermeiden.<\/li>\n<li><strong>Auftragen von geh\u00e4rteter Farbe <\/strong>: Tragen Sie die Farbe wie gewohnt mit einer Rolle, einem Pinsel oder einer Spritzpistole auf, je nach der zu bearbeitenden Fl\u00e4che. Der H\u00e4rter ver\u00e4ndert die Auftragsmethode nicht und erm\u00f6glicht eine glatte und gleichm\u00e4\u00dfige Deckung.<\/li>\n<li><strong>Trocknungszeit <\/strong>: Lassen Sie die Farbe entsprechend der auf der Verpackung angegebenen Trocknungszeit trocknen. Aufgrund der Wirkung des H\u00e4rters dauert die Trocknung im Allgemeinen <strong>schneller als normal<\/strong>Dadurch verk\u00fcrzt sich die Wartezeit bis zum Auftragen einer zweiten Schicht oder bis zur Nutzung der Oberfl\u00e4che.<\/li>\n<li><strong>Vollst\u00e4ndige Aush\u00e4rtung <\/strong>: Um eine optimale Entwicklung der Best\u00e4ndigkeit zu erreichen, sollte die lackierte Oberfl\u00e4che 24 bis 48 Stunden nach dem Auftragen nicht stark beansprucht oder belastet werden. Nach diesem Zeitraum erreicht die Beschichtung ihre maximale H\u00e4rte und h\u00e4lt mechanischen und klimatischen Belastungen voll stand.<\/li>\n<li><strong>Reinigung der Werkzeuge <\/strong>: Reinigen Sie Pinsel, Rollen und Spritzpistolen sofort nach Gebrauch mit dem f\u00fcr die verwendete Farbe empfohlenen L\u00f6sungsmittel (Wasser f\u00fcr Acrylfarben, Testbenzin f\u00fcr Glycerinfarben).<\/li>\n<\/ul>","protected":false},"excerpt":{"rendered":"<p>Strengthening and improving paint performance.\u00a0This paint hardener is specially designed to enhance the resistance and durability of coatings. It improves adhesion, hardness, and longevity of paints applied to various surfaces, thereby reducing risks of peeling, scratching, and premature wear. It is equally suitable for decorative paints and industrial coatings, providing optimal long-term protection. Money-back guarantee.\u00a0We [&hellip;]<\/p>\n","protected":false},"featured_media":26609,"comment_status":"open","ping_status":"closed","template":"","meta":{"_uag_custom_page_level_css":"","site-sidebar-layout":"default","site-content-layout":"","ast-site-content-layout":"default","site-content-style":"default","site-sidebar-style":"default","ast-global-header-display":"","ast-banner-title-visibility":"","ast-main-header-display":"","ast-hfb-above-header-display":"","ast-hfb-below-header-display":"","ast-hfb-mobile-header-display":"","site-post-title":"","ast-breadcrumbs-content":"","ast-featured-img":"","footer-sml-layout":"","ast-disable-related-posts":"","theme-transparent-header-meta":"default","adv-header-id-meta":"","stick-header-meta":"","header-above-stick-meta":"","header-main-stick-meta":"","header-below-stick-meta":"","astra-migrate-meta-layouts":"set","ast-page-background-enabled":"default","ast-page-background-meta":{"desktop":{"background-color":"var(--ast-global-color-4)","background-image":"","background-repeat":"repeat","background-position":"center center","background-size":"auto","background-attachment":"scroll","background-type":"","background-media":"","overlay-type":"","overlay-color":"","overlay-opacity":"","overlay-gradient":""},"tablet":{"background-color":"","background-image":"","background-repeat":"repeat","background-position":"center center","background-size":"auto","background-attachment":"scroll","background-type":"","background-media":"","overlay-type":"","overlay-color":"","overlay-opacity":"","overlay-gradient":""},"mobile":{"background-color":"","background-image":"","background-repeat":"repeat","background-position":"center center","background-size":"auto","background-attachment":"scroll","background-type":"","background-media":"","overlay-type":"","overlay-color":"","overlay-opacity":"","overlay-gradient":""}},"ast-content-background-meta":{"desktop":{"background-color":"var(--ast-global-color-5)","background-image":"","background-repeat":"repeat","background-position":"center center","background-size":"auto","background-attachment":"scroll","background-type":"","background-media":"","overlay-type":"","overlay-color":"","overlay-opacity":"","overlay-gradient":""},"tablet":{"background-color":"var(--ast-global-color-5)","background-image":"","background-repeat":"repeat","background-position":"center center","background-size":"auto","background-attachment":"scroll","background-type":"","background-media":"","overlay-type":"","overlay-color":"","overlay-opacity":"","overlay-gradient":""},"mobile":{"background-color":"var(--ast-global-color-5)","background-image":"","background-repeat":"repeat","background-position":"center center","background-size":"auto","background-attachment":"scroll","background-type":"","background-media":"","overlay-type":"","overlay-color":"","overlay-opacity":"","overlay-gradient":""}}},"product_brand":[],"product_cat":[175,176],"product_tag":[],"class_list":{"0":"post-24744","1":"product","2":"type-product","3":"status-publish","4":"has-post-thumbnail","6":"product_cat-cleaning-products","7":"product_cat-concrete-treatment","8":"desktop-align-left","9":"tablet-align-left","10":"mobile-align-left","12":"first","13":"instock","14":"sale","15":"shipping-taxable","16":"purchasable","17":"product-type-variable","18":"has-default-attributes"},"spectra_custom_meta":{"_visibility":["visible"],"_shopify_product_id":["9059953213685"],"_s2w_shopify_domain":["ferberpainting.myshopify.com"],"_shopify_variant_id":["46482342019317"],"_sku":[""],"_manage_stock":["no"],"total_sales":["36"],"_tax_status":["taxable"],"_tax_class":[""],"_backorders":["no"],"_sold_individually":["no"],"_virtual":["no"],"_downloadable":["no"],"_download_limit":["-1"],"_download_expiry":["-1"],"_stock":[null],"_stock_status":["instock"],"_wc_average_rating":["4.83"],"_wc_review_count":["6"],"_product_attributes":["a:1:{s:6:\"volume\";a:6:{s:4:\"name\";s:6:\"Volume\";s:5:\"value\";s:20:\"5 liters | 25 liters\";s:8:\"position\";i:1;s:10:\"is_visible\";i:0;s:12:\"is_variation\";i:1;s:11:\"is_taxonomy\";i:0;}}"],"_product_version":["10.5.1"],"_thumbnail_id":["26609"],"_product_image_gallery":["26610"],"wpse_downloadable_file_names":[""],"wpse_downloadable_file_urls":[""],"_edit_last":["1"],"_default_attributes":["a:1:{s:6:\"volume\";s:8:\"5 liters\";}"],"_edit_lock":["1771193653:1"],"_price":["29.90","129.90"],"merchant-center-availability":["yes"],"merchant-center-category":["2277"],"_wp_page_template":["default"],"site-sidebar-layout":["default"],"ast-site-content-layout":["default"],"site-content-style":["default"],"site-sidebar-style":["default"],"theme-transparent-header-meta":["default"],"_wc_rating_count":["a:2:{i:4;i:1;i:5;i:5;}"],"astra-migrate-meta-layouts":["set"],"_uag_css_file_name":["uag-css-24744.css"],"_elementor_page_assets":["a:0:{}"]},"uagb_featured_image_src":{"full":["https:\/\/www.ferberpainting.com\/wp-content\/uploads\/2025\/05\/PaintHardener5L.png",2560,2560,false],"thumbnail":["https:\/\/www.ferberpainting.com\/wp-content\/uploads\/2025\/05\/PaintHardener5L-150x150.png",150,150,true],"medium":["https:\/\/www.ferberpainting.com\/wp-content\/uploads\/2025\/05\/PaintHardener5L-300x300.png",300,300,true],"medium_large":["https:\/\/www.ferberpainting.com\/wp-content\/uploads\/2025\/05\/PaintHardener5L-768x768.png",768,768,true],"large":["https:\/\/www.ferberpainting.com\/wp-content\/uploads\/2025\/05\/PaintHardener5L-1024x1024.png",1024,1024,true],"1536x1536":["https:\/\/www.ferberpainting.com\/wp-content\/uploads\/2025\/05\/PaintHardener5L-1536x1536.png",1536,1536,true],"2048x2048":["https:\/\/www.ferberpainting.com\/wp-content\/uploads\/2025\/05\/PaintHardener5L-2048x2048.png",2048,2048,true],"trp-custom-language-flag":["https:\/\/www.ferberpainting.com\/wp-content\/uploads\/2025\/05\/PaintHardener5L-12x12.png",12,12,true],"woocommerce_thumbnail":["https:\/\/www.ferberpainting.com\/wp-content\/uploads\/2025\/05\/PaintHardener5L-300x300.png",300,300,true],"woocommerce_single":["https:\/\/www.ferberpainting.com\/wp-content\/uploads\/2025\/05\/PaintHardener5L-600x600.png",600,600,true],"woocommerce_gallery_thumbnail":["https:\/\/www.ferberpainting.com\/wp-content\/uploads\/2025\/05\/PaintHardener5L-100x100.png",100,100,true]},"uagb_author_info":{"display_name":"admin","author_link":"https:\/\/www.ferberpainting.com\/ch-de\/author\/"},"uagb_comment_info":6,"uagb_excerpt":"Strengthening and improving paint performance.\u00a0This paint hardener is specially designed to enhance the resistance and durability of coatings. It improves adhesion, hardness, and longevity of paints applied to various surfaces, thereby reducing risks of peeling, scratching, and premature wear. It is equally suitable for decorative paints and industrial coatings, providing optimal long-term protection. Money-back guarantee.\u00a0We&hellip;","_links":{"self":[{"href":"https:\/\/www.ferberpainting.com\/ch-de\/wp-json\/wp\/v2\/product\/24744","targetHints":{"allow":["GET"]}}],"collection":[{"href":"https:\/\/www.ferberpainting.com\/ch-de\/wp-json\/wp\/v2\/product"}],"about":[{"href":"https:\/\/www.ferberpainting.com\/ch-de\/wp-json\/wp\/v2\/types\/product"}],"replies":[{"embeddable":true,"href":"https:\/\/www.ferberpainting.com\/ch-de\/wp-json\/wp\/v2\/comments?post=24744"}],"version-history":[{"count":3,"href":"https:\/\/www.ferberpainting.com\/ch-de\/wp-json\/wp\/v2\/product\/24744\/revisions"}],"predecessor-version":[{"id":166671,"href":"https:\/\/www.ferberpainting.com\/ch-de\/wp-json\/wp\/v2\/product\/24744\/revisions\/166671"}],"wp:featuredmedia":[{"embeddable":true,"href":"https:\/\/www.ferberpainting.com\/ch-de\/wp-json\/wp\/v2\/media\/26609"}],"wp:attachment":[{"href":"https:\/\/www.ferberpainting.com\/ch-de\/wp-json\/wp\/v2\/media?parent=24744"}],"wp:term":[{"taxonomy":"product_brand","embeddable":true,"href":"https:\/\/www.ferberpainting.com\/ch-de\/wp-json\/wp\/v2\/product_brand?post=24744"},{"taxonomy":"product_cat","embeddable":true,"href":"https:\/\/www.ferberpainting.com\/ch-de\/wp-json\/wp\/v2\/product_cat?post=24744"},{"taxonomy":"product_tag","embeddable":true,"href":"https:\/\/www.ferberpainting.com\/ch-de\/wp-json\/wp\/v2\/product_tag?post=24744"}],"curies":[{"name":"wp","href":"https:\/\/api.w.org\/{rel}","templated":true}]}}