{"id":24717,"date":"2025-07-01T00:32:59","date_gmt":"2025-06-30T22:32:59","guid":{"rendered":"https:\/\/www.ferberpainting.com\/?post_type=product&#038;p=24717"},"modified":"2026-02-15T22:10:36","modified_gmt":"2026-02-15T21:10:36","slug":"mortar-water-repellent","status":"publish","type":"product","link":"https:\/\/www.ferberpainting.com\/ch-de\/products\/mortar-water-repellent\/","title":{"rendered":"Wasserabweisendes f\u00fcr M\u00f6rtel"},"content":{"rendered":"<p><strong><img decoding=\"async\" style=\"margin-right: 12px;\" src=\"https:\/\/www.ferberpainting.com\/wp-content\/uploads\/2026\/02\/Check.svg\" alt=\"\" width=\"18\" height=\"15\" \/>Wirksamer Schutz vor Feuchtigkeit.<\/strong> Der M\u00f6rtel-Impr\u00e4gnierer wurde entwickelt, um M\u00f6rteloberfl\u00e4chen au\u00dfergew\u00f6hnlich gut vor Feuchtigkeit, Wasserinfiltration und Flecken zu sch\u00fctzen. Er bildet eine undurchl\u00e4ssige Barriere, die das Eindringen von Wasser verhindert und gleichzeitig die Oberfl\u00e4che atmen l\u00e4sst. Dies tr\u00e4gt dazu bei, die Festigkeit und Langlebigkeit Ihrer M\u00f6rtelstrukturen zu erhalten, egal ob es sich um Au\u00dfenw\u00e4nde, Fundamente oder Estriche handelt.<\/p>\n<p><strong><img decoding=\"async\" style=\"margin-right: 12px;\" src=\"https:\/\/www.ferberpainting.com\/wp-content\/uploads\/2026\/02\/Check.svg\" alt=\"\" width=\"18\" height=\"15\" \/>Geld-zur\u00fcck-Garantie.<\/strong>\u00a0Wir glauben fest an die Wirksamkeit unseres M\u00f6rtelabdichtungsmittels. Wenn Sie aus irgendeinem Grund nicht mit dem Produkt zufrieden sind, bieten wir eine Zufriedenheits- oder R\u00fcckerstattungsgarantie. Sie k\u00f6nnen mit vollem Vertrauen kaufen, da Sie wissen, dass Sie Anspruch auf eine vollst\u00e4ndige R\u00fcckerstattung haben, wenn das Produkt nicht Ihren Erwartungen entspricht.<\/p>\n<p><strong><img decoding=\"async\" style=\"margin-right: 12px;\" src=\"https:\/\/www.ferberpainting.com\/wp-content\/uploads\/2026\/02\/Check.svg\" alt=\"\" width=\"18\" height=\"15\" \/>Multi-Oberfl\u00e4chen-Leistung.<\/strong>\u00a0Der M\u00f6rtel-Impr\u00e4gnierer ist nicht nur f\u00fcr M\u00f6rtel geeignet, sondern auch f\u00fcr den Schutz anderer \u00e4hnlicher Materialien wie Beton, Zement, Ziegel und Steinoberfl\u00e4chen. Dieses Produkt ist daher eine echte \u201cMehrzweckl\u00f6sung\u201d, mit der eine Vielzahl von Baumaterialien sowohl im Au\u00dfen- als auch im Innenbereich behandelt werden kann, von Mauerwerk bis hin zu Pflastersteinen oder Fliesen.<\/p>\n<p><strong><img decoding=\"async\" style=\"margin-right: 12px;\" src=\"https:\/\/www.ferberpainting.com\/wp-content\/uploads\/2026\/02\/Check.svg\" alt=\"\" width=\"18\" height=\"15\" \/>Wirtschaftliche Leistung.<\/strong>\u00a0Dank seiner konzentrierten und leistungsstarken Formel bietet der Impr\u00e4gnierer eine hervorragende wirtschaftliche Ausbeute. Ein Liter des Produkts kann je nach Porosit\u00e4t des Materials zwischen 6 und 10 m\u00b2 Oberfl\u00e4che abdecken. Ein 5-Liter-Gebinde reicht f\u00fcr die Behandlung von 30 bis 50 m\u00b2 und ist somit eine erschwingliche und dauerhafte L\u00f6sung f\u00fcr Ihre Oberfl\u00e4chenbehandlungsprojekte.<\/p>\n<p><strong><img decoding=\"async\" style=\"margin-right: 12px;\" src=\"https:\/\/www.ferberpainting.com\/wp-content\/uploads\/2026\/02\/Check.svg\" alt=\"\" width=\"18\" height=\"15\" \/>Sicher.<\/strong>\u00a0Der M\u00f6rtelimpr\u00e4gnierer wurde so konzipiert, dass er sicher ist und keine giftigen oder aggressiven Substanzen enth\u00e4lt. Er kann in verschiedenen Umgebungen sicher verwendet werden, sei es f\u00fcr Arbeiten im Freien oder in Innenr\u00e4umen. Au\u00dferdem gibt das Produkt bei der Verwendung keine unangenehmen D\u00e4mpfe ab und sorgt so f\u00fcr eine gesunde Arbeitsumgebung.<\/p>\n<p><strong><img decoding=\"async\" style=\"margin-right: 12px;\" src=\"https:\/\/www.ferberpainting.com\/wp-content\/uploads\/2026\/02\/Check.svg\" alt=\"\" width=\"18\" height=\"15\" \/>Einfache Anwendung.<\/strong>\u00a0Der M\u00f6rtel-Impr\u00e4gnierer ist gebrauchsfertig und l\u00e4sst sich einfach verarbeiten. Es ist kein Verd\u00fcnnen, Mischen oder komplizierte Vorbereitung erforderlich. Tragen Sie ihn einfach direkt auf die Oberfl\u00e4che auf, je nach Ihren Vorlieben und der Beschaffenheit der Oberfl\u00e4che mit einem Spr\u00fcher, Pinsel oder einer Rolle. Die fl\u00fcssige Formel erm\u00f6glicht ein einfaches und gleichm\u00e4\u00dfiges Auftragen, selbst auf unregelm\u00e4\u00dfigen Oberfl\u00e4chen.<\/p>\n<p><strong><img decoding=\"async\" style=\"margin-right: 12px;\" src=\"https:\/\/www.ferberpainting.com\/wp-content\/uploads\/2026\/02\/Check.svg\" alt=\"\" width=\"18\" height=\"15\" \/>Au\u00dfergew\u00f6hnliche Haltbarkeit.<\/strong>\u00a0Dieses Produkt wurde entwickelt, um einen lang anhaltenden Schutz zu bieten. Nach dem Auftragen bildet der M\u00f6rtel-Impr\u00e4gnierer eine dauerhafte wasserdichte Barriere, die Witterungseinfl\u00fcssen, Frost-Tau-Zyklen und chemischen Einfl\u00fcssen standh\u00e4lt. Es verl\u00e4ngert die Lebensdauer Ihrer M\u00f6rteloberfl\u00e4chen und verhindert Sch\u00e4den durch Feuchtigkeit und Witterungseinfl\u00fcsse.<\/p>\n<p><strong><img decoding=\"async\" style=\"margin-right: 12px;\" src=\"https:\/\/www.ferberpainting.com\/wp-content\/uploads\/2026\/02\/Check.svg\" alt=\"\" width=\"18\" height=\"15\" \/>Schnelles Auftragen und Trocknen.<\/strong>\u00a0Der M\u00f6rtel-Impr\u00e4gnierer ist f\u00fcr seine schnelle Trocknung bekannt. Nach dem Auftragen trocknet er innerhalb von 1 bis 2 Stunden an der Oberfl\u00e4che. Um eine optimale Wirksamkeit zu gew\u00e4hrleisten, wird jedoch empfohlen, das Produkt 24 Stunden lang vollst\u00e4ndig trocknen zu lassen, bevor die behandelte Oberfl\u00e4che der Feuchtigkeit ausgesetzt wird. Diese kurze Trocknungszeit erm\u00f6glicht es Ihnen, Ihre Projekte fortzusetzen oder die Oberfl\u00e4che ohne gr\u00f6\u00dfere Verz\u00f6gerung wieder zu nutzen.<\/p>\n<h2><strong>Verwendungsprotokoll<\/strong><\/h2>\n<ul>\n<li><strong>Vorbereitung der Oberfl\u00e4che <\/strong>: Vor dem Auftragen des M\u00f6rtelimpr\u00e4gnierers muss der Untergrund sauber und vollst\u00e4ndig trocken sein. Entfernen Sie jeglichen Schmutz, Staub, Schimmel oder andere Verunreinigungen, die die Haftung beeintr\u00e4chtigen k\u00f6nnten. Wenn die Oberfl\u00e4che besonders schmutzig oder besch\u00e4digt ist, kann es notwendig sein, sie vor dem Auftragen des Impr\u00e4gniermittels mit einem speziellen Reinigungsmittel zu reinigen. Lassen Sie die Oberfl\u00e4che vollst\u00e4ndig trocknen, bevor Sie mit dem Auftragen fortfahren.<\/li>\n<li><strong>Anwendung des Produkts <\/strong>: Der M\u00f6rtel-Impr\u00e4gnierer ist gebrauchsfertig und muss nicht verd\u00fcnnt werden. Je nach Gr\u00f6\u00dfe und Beschaffenheit der Oberfl\u00e4che mit einem Spr\u00fchger\u00e4t, einem Pinsel oder einer Rolle direkt auf die Oberfl\u00e4che auftragen. F\u00fcr einen gleichm\u00e4\u00dfigen Auftrag eine d\u00fcnne Schicht des Produkts auftragen und einziehen lassen. Falls erforderlich, eine zweite Schicht auftragen, um einen vollst\u00e4ndigen Schutz zu gew\u00e4hrleisten, insbesondere wenn der M\u00f6rtel besonders por\u00f6s ist.<\/li>\n<li><strong>Zu verwendende Menge <\/strong>: Die Ergiebigkeit des Produkts h\u00e4ngt von der Porosit\u00e4t des Materials ab. Im Durchschnitt kann 1 Liter Impr\u00e4gniermittel zwischen 6 und 10 m\u00b2 Oberfl\u00e4che abdecken. Wenn eine zweite Schicht aufgetragen wird, kann der Produktverbrauch etwas h\u00f6her sein. Mit einem 5-Liter-Gebinde k\u00f6nnen also zwischen 30 und 50 m\u00b2 mit einer Anwendung abgedeckt werden, was es zu einer wirtschaftlichen L\u00f6sung f\u00fcr gro\u00dfe Fl\u00e4chen macht.<\/li>\n<li><strong>Trocknungszeit <\/strong>: Nach dem Auftragen trocknet das Produkt innerhalb von 1 bis 2 Stunden an der Oberfl\u00e4che. Um jedoch einen optimalen Schutz zu gew\u00e4hrleisten und ein vollst\u00e4ndiges Eindringen zu erm\u00f6glichen, wird empfohlen, die Oberfl\u00e4che 24 Stunden lang trocknen zu lassen, bevor sie Feuchtigkeit oder Wasser ausgesetzt wird. Diese Trocknungszeit gew\u00e4hrleistet die Bildung einer dauerhaften wasserdichten Barriere.<\/li>\n<li><strong>Wiederbewerbung <\/strong>: Je nach Witterungseinfl\u00fcssen und Abnutzung muss der M\u00f6rtel-Impr\u00e4gnierer m\u00f6glicherweise alle 3 bis 5 Jahre neu aufgetragen werden. Vor dem erneuten Auftragen empfiehlt es sich, die Oberfl\u00e4che gr\u00fcndlich zu reinigen und zu trocknen. Ein neuer Anstrich mit dem Impr\u00e4gniermittel gew\u00e4hrleistet dauerhaften Schutz vor Feuchtigkeit und Flecken.<\/li>\n<li><strong>Pflege der behandelten Oberfl\u00e4che <\/strong>: Nach dem Auftragen des M\u00f6rtel-Impr\u00e4gniermittels wird die Oberfl\u00e4che wasser- und schmutzabweisend. Es wird empfohlen, die Oberfl\u00e4che regelm\u00e4\u00dfig mit klarem Wasser und einem weichen Tuch zu reinigen, um ihr Aussehen zu erhalten. Vermeiden Sie die Verwendung von scharfen Chemikalien, die die Schutzschicht besch\u00e4digen k\u00f6nnten.<\/li>\n<\/ul>","protected":false},"excerpt":{"rendered":"<p>Effective protection against moisture. The mortar waterproofer is designed to provide exceptional protection to mortar surfaces against moisture, water infiltration, and stains. It creates an impermeable barrier that prevents water from penetrating while allowing the surface to breathe, which helps preserve the strength and longevity of your mortar structures, whether exterior walls, foundations, or screeds. [&hellip;]<\/p>\n","protected":false},"featured_media":36077,"comment_status":"open","ping_status":"closed","template":"","meta":{"_uag_custom_page_level_css":"","site-sidebar-layout":"default","site-content-layout":"","ast-site-content-layout":"default","site-content-style":"default","site-sidebar-style":"default","ast-global-header-display":"","ast-banner-title-visibility":"","ast-main-header-display":"","ast-hfb-above-header-display":"","ast-hfb-below-header-display":"","ast-hfb-mobile-header-display":"","site-post-title":"","ast-breadcrumbs-content":"","ast-featured-img":"","footer-sml-layout":"","ast-disable-related-posts":"","theme-transparent-header-meta":"default","adv-header-id-meta":"","stick-header-meta":"","header-above-stick-meta":"","header-main-stick-meta":"","header-below-stick-meta":"","astra-migrate-meta-layouts":"set","ast-page-background-enabled":"default","ast-page-background-meta":{"desktop":{"background-color":"var(--ast-global-color-4)","background-image":"","background-repeat":"repeat","background-position":"center center","background-size":"auto","background-attachment":"scroll","background-type":"","background-media":"","overlay-type":"","overlay-color":"","overlay-opacity":"","overlay-gradient":""},"tablet":{"background-color":"","background-image":"","background-repeat":"repeat","background-position":"center center","background-size":"auto","background-attachment":"scroll","background-type":"","background-media":"","overlay-type":"","overlay-color":"","overlay-opacity":"","overlay-gradient":""},"mobile":{"background-color":"","background-image":"","background-repeat":"repeat","background-position":"center center","background-size":"auto","background-attachment":"scroll","background-type":"","background-media":"","overlay-type":"","overlay-color":"","overlay-opacity":"","overlay-gradient":""}},"ast-content-background-meta":{"desktop":{"background-color":"var(--ast-global-color-5)","background-image":"","background-repeat":"repeat","background-position":"center center","background-size":"auto","background-attachment":"scroll","background-type":"","background-media":"","overlay-type":"","overlay-color":"","overlay-opacity":"","overlay-gradient":""},"tablet":{"background-color":"var(--ast-global-color-5)","background-image":"","background-repeat":"repeat","background-position":"center center","background-size":"auto","background-attachment":"scroll","background-type":"","background-media":"","overlay-type":"","overlay-color":"","overlay-opacity":"","overlay-gradient":""},"mobile":{"background-color":"var(--ast-global-color-5)","background-image":"","background-repeat":"repeat","background-position":"center center","background-size":"auto","background-attachment":"scroll","background-type":"","background-media":"","overlay-type":"","overlay-color":"","overlay-opacity":"","overlay-gradient":""}}},"product_brand":[],"product_cat":[191],"product_tag":[],"class_list":{"0":"post-24717","1":"product","2":"type-product","3":"status-publish","4":"has-post-thumbnail","6":"product_cat-water-repellent","7":"desktop-align-left","8":"tablet-align-left","9":"mobile-align-left","11":"first","12":"instock","13":"sale","14":"shipping-taxable","15":"purchasable","16":"product-type-variable","17":"has-default-attributes"},"spectra_custom_meta":{"_visibility":["visible"],"_shopify_product_id":["9106657870069"],"_s2w_shopify_domain":["ferberpainting.myshopify.com"],"_shopify_variant_id":["46626413641973"],"_sku":[""],"_manage_stock":["no"],"total_sales":["4"],"_tax_status":["taxable"],"_tax_class":[""],"_backorders":["no"],"_sold_individually":["no"],"_virtual":["no"],"_downloadable":["no"],"_download_limit":["-1"],"_download_expiry":["-1"],"_stock":[null],"_stock_status":["instock"],"_wc_average_rating":["5.00"],"_wc_review_count":["34"],"_product_attributes":["a:1:{s:6:\"volume\";a:6:{s:4:\"name\";s:6:\"Volume\";s:5:\"value\";s:20:\"5 liters | 25 liters\";s:8:\"position\";i:1;s:10:\"is_visible\";i:0;s:12:\"is_variation\";i:1;s:11:\"is_taxonomy\";i:0;}}"],"_product_version":["10.5.1"],"wpse_downloadable_file_names":[""],"wpse_downloadable_file_urls":[""],"_edit_last":["1"],"_default_attributes":["a:1:{s:6:\"volume\";s:8:\"5 liters\";}"],"_edit_lock":["1771190903:1"],"_price":["29.90","129.90"],"merchant-center-availability":["yes"],"merchant-center-category":["503744"],"_thumbnail_id":["36077"],"_wp_page_template":["default"],"_wp_old_date":["2025-05-26"],"_product_image_gallery":["36078"],"site-sidebar-layout":["default"],"ast-site-content-layout":["default"],"site-content-style":["default"],"site-sidebar-style":["default"],"theme-transparent-header-meta":["default"],"_wc_rating_count":["a:1:{i:5;i:34;}"],"astra-migrate-meta-layouts":["set"],"_uag_css_file_name":["uag-css-24717.css"],"_elementor_page_assets":["a:0:{}"],"_uag_page_assets":["a:9:{s:3:\"css\";s:6873:\".wp-block-uagb-image{display:flex}.wp-block-uagb-image__figure{position:relative;display:flex;flex-direction:column;max-width:100%;height:auto;margin:0}.wp-block-uagb-image__figure img{height:auto;display:flex;max-width:100%;transition:box-shadow .2s ease}.wp-block-uagb-image__figure>a{display:inline-block}.wp-block-uagb-image__figure figcaption{text-align:center;margin-top:.5em;margin-bottom:1em}.wp-block-uagb-image .components-placeholder.block-editor-media-placeholder .components-placeholder__instructions{align-self:center}.wp-block-uagb-image--align-left{text-align:left}.wp-block-uagb-image--align-right{text-align:right}.wp-block-uagb-image--align-center{text-align:center}.wp-block-uagb-image--align-full .wp-block-uagb-image__figure{margin-left:calc(50% - 50vw);margin-right:calc(50% - 50vw);max-width:100vw;width:100vw;height:auto}.wp-block-uagb-image--align-full .wp-block-uagb-image__figure img{height:auto;width:100% !important}.wp-block-uagb-image--align-wide .wp-block-uagb-image__figure img{height:auto;width:100%}.wp-block-uagb-image--layout-overlay__color-wrapper{position:absolute;left:0;top:0;right:0;bottom:0;opacity:.2;background:rgba(0,0,0,.5);transition:opacity .35s ease-in-out}.wp-block-uagb-image--layout-overlay-link{position:absolute;left:0;right:0;bottom:0;top:0}.wp-block-uagb-image--layout-overlay .wp-block-uagb-image__figure:hover .wp-block-uagb-image--layout-overlay__color-wrapper{opacity:1}.wp-block-uagb-image--layout-overlay__inner{position:absolute;left:15px;right:15px;bottom:15px;top:15px;display:flex;align-items:center;justify-content:center;flex-direction:column;border-color:#fff;transition:.35s ease-in-out}.wp-block-uagb-image--layout-overlay__inner.top-left,.wp-block-uagb-image--layout-overlay__inner.top-center,.wp-block-uagb-image--layout-overlay__inner.top-right{justify-content:flex-start}.wp-block-uagb-image--layout-overlay__inner.bottom-left,.wp-block-uagb-image--layout-overlay__inner.bottom-center,.wp-block-uagb-image--layout-overlay__inner.bottom-right{justify-content:flex-end}.wp-block-uagb-image--layout-overlay__inner.top-left,.wp-block-uagb-image--layout-overlay__inner.center-left,.wp-block-uagb-image--layout-overlay__inner.bottom-left{align-items:flex-start}.wp-block-uagb-image--layout-overlay__inner.top-right,.wp-block-uagb-image--layout-overlay__inner.center-right,.wp-block-uagb-image--layout-overlay__inner.bottom-right{align-items:flex-end}.wp-block-uagb-image--layout-overlay__inner .uagb-image-heading{color:#fff;transition:transform .35s,opacity .35s ease-in-out;transform:translate3d(0, 24px, 0);margin:0;line-height:1em}.wp-block-uagb-image--layout-overlay__inner .uagb-image-separator{width:30%;border-top-width:2px;border-top-color:#fff;border-top-style:solid;margin-bottom:10px;opacity:0;transition:transform .4s,opacity .4s ease-in-out;transform:translate3d(0, 30px, 0)}.wp-block-uagb-image--layout-overlay__inner .uagb-image-caption{opacity:0;overflow:visible;color:#fff;transition:transform .45s,opacity .45s ease-in-out;transform:translate3d(0, 35px, 0)}.wp-block-uagb-image--layout-overlay__inner:hover .uagb-image-heading,.wp-block-uagb-image--layout-overlay__inner:hover .uagb-image-separator,.wp-block-uagb-image--layout-overlay__inner:hover .uagb-image-caption{opacity:1;transform:translate3d(0, 0, 0)}.wp-block-uagb-image--effect-zoomin .wp-block-uagb-image__figure img,.wp-block-uagb-image--effect-zoomin .wp-block-uagb-image__figure .wp-block-uagb-image--layout-overlay__color-wrapper{transform:scale(1);transition:transform .35s ease-in-out}.wp-block-uagb-image--effect-zoomin .wp-block-uagb-image__figure:hover img,.wp-block-uagb-image--effect-zoomin .wp-block-uagb-image__figure:hover .wp-block-uagb-image--layout-overlay__color-wrapper{transform:scale(1.05)}.wp-block-uagb-image--effect-slide .wp-block-uagb-image__figure img,.wp-block-uagb-image--effect-slide .wp-block-uagb-image__figure .wp-block-uagb-image--layout-overlay__color-wrapper{width:calc(100% + 40px) !important;max-width:none !important;transform:translate3d(-40px, 0, 0);transition:transform .35s ease-in-out}.wp-block-uagb-image--effect-slide .wp-block-uagb-image__figure:hover img,.wp-block-uagb-image--effect-slide .wp-block-uagb-image__figure:hover .wp-block-uagb-image--layout-overlay__color-wrapper{transform:translate3d(0, 0, 0)}.wp-block-uagb-image--effect-grayscale img{filter:grayscale(0%);transition:.35s ease-in-out}.wp-block-uagb-image--effect-grayscale:hover img{filter:grayscale(100%)}.wp-block-uagb-image--effect-blur img{filter:blur(0);transition:.35s ease-in-out}.wp-block-uagb-image--effect-blur:hover img{filter:blur(3px)}.uagb-block-e6f939b3.wp-block-uagb-image--layout-default figure img{box-shadow: 0px 0px 0 #00000070;}.uagb-block-e6f939b3.wp-block-uagb-image .wp-block-uagb-image__figure figcaption{font-style: normal;align-self: center;}.uagb-block-e6f939b3.wp-block-uagb-image--layout-overlay figure img{box-shadow: 0px 0px 0 #00000070;}.uagb-block-e6f939b3.wp-block-uagb-image--layout-overlay .wp-block-uagb-image--layout-overlay__color-wrapper{opacity: 0.2;}.uagb-block-e6f939b3.wp-block-uagb-image--layout-overlay .wp-block-uagb-image--layout-overlay__inner{left: 15px;right: 15px;top: 15px;bottom: 15px;}.uagb-block-e6f939b3.wp-block-uagb-image--layout-overlay .wp-block-uagb-image--layout-overlay__inner .uagb-image-heading{font-style: normal;color: #fff;opacity: 1;}.uagb-block-e6f939b3.wp-block-uagb-image--layout-overlay .wp-block-uagb-image--layout-overlay__inner .uagb-image-heading a{color: #fff;}.uagb-block-e6f939b3.wp-block-uagb-image--layout-overlay .wp-block-uagb-image--layout-overlay__inner .uagb-image-caption{opacity: 0;}.uagb-block-e6f939b3.wp-block-uagb-image--layout-overlay .wp-block-uagb-image__figure:hover .wp-block-uagb-image--layout-overlay__color-wrapper{opacity: 1;}.uagb-block-e6f939b3.wp-block-uagb-image .wp-block-uagb-image--layout-overlay__inner .uagb-image-separator{width: 30%;border-top-width: 2px;border-top-color: #fff;opacity: 0;}.uagb-block-e6f939b3.wp-block-uagb-image .wp-block-uagb-image__figure img{width: px;height: auto;}.uagb-block-e6f939b3.wp-block-uagb-image .wp-block-uagb-image__figure:hover .wp-block-uagb-image--layout-overlay__inner .uagb-image-caption{opacity: 1;}.uagb-block-e6f939b3.wp-block-uagb-image .wp-block-uagb-image__figure:hover .wp-block-uagb-image--layout-overlay__inner .uagb-image-separator{opacity: 1;}.uagb-block-e6f939b3.wp-block-uagb-image--layout-default figure:hover img{box-shadow: 0px 0px 0 #00000070;}.uagb-block-e6f939b3.wp-block-uagb-image--layout-overlay figure:hover img{box-shadow: 0px 0px 0 #00000070;}@media only screen and (max-width: 976px) {.uagb-block-e6f939b3.wp-block-uagb-image .wp-block-uagb-image__figure img{width: px;height: auto;}}@media only screen and (max-width: 767px) {.uagb-block-e6f939b3.wp-block-uagb-image .wp-block-uagb-image__figure img{width: px;height: auto;}}\";s:2:\"js\";s:0:\"\";s:18:\"current_block_list\";a:13:{i:0;s:11:\"core\/search\";i:1;s:10:\"core\/group\";i:2;s:12:\"core\/heading\";i:3;s:17:\"core\/latest-posts\";i:4;s:20:\"core\/latest-comments\";i:5;s:13:\"core\/archives\";i:6;s:15:\"core\/categories\";i:7;s:14:\"core\/paragraph\";i:8;s:10:\"uagb\/image\";i:9;s:11:\"core\/spacer\";i:10;s:30:\"woocommerce\/product-categories\";i:11;s:10:\"core\/image\";i:12;s:14:\"core\/shortcode\";}s:8:\"uag_flag\";b:1;s:11:\"uag_version\";s:10:\"1777102511\";s:6:\"gfonts\";a:0:{}s:10:\"gfonts_url\";s:0:\"\";s:12:\"gfonts_files\";a:0:{}s:14:\"uag_faq_layout\";b:0;}"]},"uagb_featured_image_src":{"full":["https:\/\/www.ferberpainting.com\/wp-content\/uploads\/2025\/05\/Mortar-Water-Repellent-5L-.png",2560,2560,false],"thumbnail":["https:\/\/www.ferberpainting.com\/wp-content\/uploads\/2025\/05\/Mortar-Water-Repellent-5L--150x150.png",150,150,true],"medium":["https:\/\/www.ferberpainting.com\/wp-content\/uploads\/2025\/05\/Mortar-Water-Repellent-5L--300x300.png",300,300,true],"medium_large":["https:\/\/www.ferberpainting.com\/wp-content\/uploads\/2025\/05\/Mortar-Water-Repellent-5L--768x768.png",768,768,true],"large":["https:\/\/www.ferberpainting.com\/wp-content\/uploads\/2025\/05\/Mortar-Water-Repellent-5L--1024x1024.png",1024,1024,true],"1536x1536":["https:\/\/www.ferberpainting.com\/wp-content\/uploads\/2025\/05\/Mortar-Water-Repellent-5L--1536x1536.png",1536,1536,true],"2048x2048":["https:\/\/www.ferberpainting.com\/wp-content\/uploads\/2025\/05\/Mortar-Water-Repellent-5L--2048x2048.png",2048,2048,true],"trp-custom-language-flag":["https:\/\/www.ferberpainting.com\/wp-content\/uploads\/2025\/05\/Mortar-Water-Repellent-5L--12x12.png",12,12,true],"woocommerce_thumbnail":["https:\/\/www.ferberpainting.com\/wp-content\/uploads\/2025\/05\/Mortar-Water-Repellent-5L--300x300.png",300,300,true],"woocommerce_single":["https:\/\/www.ferberpainting.com\/wp-content\/uploads\/2025\/05\/Mortar-Water-Repellent-5L--600x600.png",600,600,true],"woocommerce_gallery_thumbnail":["https:\/\/www.ferberpainting.com\/wp-content\/uploads\/2025\/05\/Mortar-Water-Repellent-5L--100x100.png",100,100,true]},"uagb_author_info":{"display_name":"admin","author_link":"https:\/\/www.ferberpainting.com\/ch-de\/author\/"},"uagb_comment_info":34,"uagb_excerpt":"Effective protection against moisture. The mortar waterproofer is designed to provide exceptional protection to mortar surfaces against moisture, water infiltration, and stains. It creates an impermeable barrier that prevents water from penetrating while allowing the surface to breathe, which helps preserve the strength and longevity of your mortar structures, whether exterior walls, foundations, or screeds.&hellip;","_links":{"self":[{"href":"https:\/\/www.ferberpainting.com\/ch-de\/wp-json\/wp\/v2\/product\/24717","targetHints":{"allow":["GET"]}}],"collection":[{"href":"https:\/\/www.ferberpainting.com\/ch-de\/wp-json\/wp\/v2\/product"}],"about":[{"href":"https:\/\/www.ferberpainting.com\/ch-de\/wp-json\/wp\/v2\/types\/product"}],"replies":[{"embeddable":true,"href":"https:\/\/www.ferberpainting.com\/ch-de\/wp-json\/wp\/v2\/comments?post=24717"}],"version-history":[{"count":3,"href":"https:\/\/www.ferberpainting.com\/ch-de\/wp-json\/wp\/v2\/product\/24717\/revisions"}],"predecessor-version":[{"id":166611,"href":"https:\/\/www.ferberpainting.com\/ch-de\/wp-json\/wp\/v2\/product\/24717\/revisions\/166611"}],"wp:featuredmedia":[{"embeddable":true,"href":"https:\/\/www.ferberpainting.com\/ch-de\/wp-json\/wp\/v2\/media\/36077"}],"wp:attachment":[{"href":"https:\/\/www.ferberpainting.com\/ch-de\/wp-json\/wp\/v2\/media?parent=24717"}],"wp:term":[{"taxonomy":"product_brand","embeddable":true,"href":"https:\/\/www.ferberpainting.com\/ch-de\/wp-json\/wp\/v2\/product_brand?post=24717"},{"taxonomy":"product_cat","embeddable":true,"href":"https:\/\/www.ferberpainting.com\/ch-de\/wp-json\/wp\/v2\/product_cat?post=24717"},{"taxonomy":"product_tag","embeddable":true,"href":"https:\/\/www.ferberpainting.com\/ch-de\/wp-json\/wp\/v2\/product_tag?post=24717"}],"curies":[{"name":"wp","href":"https:\/\/api.w.org\/{rel}","templated":true}]}}