{"id":23790,"date":"2025-07-01T09:52:39","date_gmt":"2025-07-01T07:52:39","guid":{"rendered":"https:\/\/www.ferberpainting.com\/?post_type=product&#038;p=23790"},"modified":"2026-02-15T20:39:28","modified_gmt":"2026-02-15T19:39:28","slug":"leather-water-repellent","status":"publish","type":"product","link":"https:\/\/www.ferberpainting.com\/ch-de\/products\/leather-water-repellent\/","title":{"rendered":"Impr\u00e4gniermittel f\u00fcr Leder"},"content":{"rendered":"<p><strong><img decoding=\"async\" style=\"margin-right: 12px;\" src=\"https:\/\/www.ferberpainting.com\/wp-content\/uploads\/2026\/02\/Check.svg\" alt=\"\" width=\"18\" height=\"15\" \/>Wirksamer Schutz vor Wasser und Flecken.<\/strong>\u00a0Dieses Impr\u00e4gniermittel f\u00fcr Wildleder wurde speziell entwickelt, um eine unsichtbare Barriere gegen Feuchtigkeit und Schmutz zu bilden. Er verhindert Wasser-, Schlamm- und Fettflecken und bewahrt gleichzeitig die zarte Textur und das elegante Aussehen von Wildleder. Es ist die perfekte L\u00f6sung, um Ihre Schuhe, Jacken, Handtaschen und andere Wildlederartikel in hervorragendem Zustand zu halten und sie vor t\u00e4glicher Abnutzung zu sch\u00fctzen.<\/p>\n<p><strong><img decoding=\"async\" style=\"margin-right: 12px;\" src=\"https:\/\/www.ferberpainting.com\/wp-content\/uploads\/2026\/02\/Check.svg\" alt=\"\" width=\"18\" height=\"15\" \/>Zufriedenheitsgarantie oder Sie erhalten Ihr Geld zur\u00fcck.<\/strong>\u00a0Wir stehen f\u00fcr die Wirksamkeit unseres Impr\u00e4gniermittels f\u00fcr Wildleder ein. Wenn Sie nach dem Gebrauch nicht zufrieden sind, haben Sie Anspruch auf eine volle R\u00fcckerstattung. Wir garantieren einen optimalen Schutz vor den Elementen im Freien, ohne die Qualit\u00e4t des Materials zu beeintr\u00e4chtigen. Sie k\u00f6nnen unser Produkt in aller Ruhe und ohne Risiko ausprobieren.<\/p>\n<p><strong><img decoding=\"async\" style=\"margin-right: 12px;\" src=\"https:\/\/www.ferberpainting.com\/wp-content\/uploads\/2026\/02\/Check.svg\" alt=\"\" width=\"18\" height=\"15\" \/>Perfekt f\u00fcr empfindliche Materialien.<\/strong>\u00a0Dieses Produkt wurde nicht nur f\u00fcr Wildleder entwickelt, sondern ist auch f\u00fcr andere Leder oder \u00e4hnliche Textilien wie Nubuk, Filz und einige synthetische Stoffe geeignet. Es ist ideal f\u00fcr Schuhe, M\u00e4ntel, Taschen, Handschuhe und andere Gegenst\u00e4nde, die einen Feuchtigkeitsschutz ben\u00f6tigen. Es kann sogar auf Stoffen wie Samt verwendet werden und bietet einen \u00e4hnlichen Schutz, ohne die Textur oder das Aussehen des Materials zu ver\u00e4ndern.<\/p>\n<p><strong><img decoding=\"async\" style=\"margin-right: 12px;\" src=\"https:\/\/www.ferberpainting.com\/wp-content\/uploads\/2026\/02\/Check.svg\" alt=\"\" width=\"18\" height=\"15\" \/>Kosteng\u00fcnstig.<\/strong>\u00a0Dank seiner konzentrierten Formel ist dieses Impr\u00e4gniermittel f\u00fcr Wildleder \u00e4u\u00dferst wirtschaftlich. Mit einem Liter k\u00f6nnen im Durchschnitt 15 bis 20 Paar Wildlederschuhe oder Standard-Kleidungsst\u00fccke behandelt werden, je nach Porosit\u00e4t des Materials. Ein 5-Liter-Kanister erm\u00f6glicht die Behandlung einer gro\u00dfen Menge von Produkten und ist somit eine dauerhafte und kosteng\u00fcnstige L\u00f6sung.<\/p>\n<p><strong><img decoding=\"async\" style=\"margin-right: 12px;\" src=\"https:\/\/www.ferberpainting.com\/wp-content\/uploads\/2026\/02\/Check.svg\" alt=\"\" width=\"18\" height=\"15\" \/>Ungef\u00e4hrlich und materialschonend.<\/strong>\u00a0Das Impr\u00e4gniermittel f\u00fcr Wildleder ist so formuliert, dass es wirksamen Schutz bietet, ohne Wildleder oder \u00e4hnliche Materialien zu besch\u00e4digen. Er ist ungiftig, frei von scharfen Chemikalien und erzeugt keine sch\u00e4dlichen D\u00e4mpfe. Dieses Produkt ist sanft und sicher f\u00fcr Gegenst\u00e4nde, die in direkten Kontakt mit der Haut kommen. Es ver\u00e4ndert weder die Farbe noch die Textur und hinterl\u00e4sst ein nat\u00fcrliches, weiches Finish.<\/p>\n<p><strong><img decoding=\"async\" style=\"margin-right: 12px;\" src=\"https:\/\/www.ferberpainting.com\/wp-content\/uploads\/2026\/02\/Check.svg\" alt=\"\" width=\"18\" height=\"15\" \/>Einfach zu bedienen.<\/strong>\u00a0Dieses Produkt ist gebrauchsfertig und bedarf keiner Verd\u00fcnnung oder Vorbereitung. Die Anwendung ist schnell und einfach. Tragen Sie einfach mit einem Spr\u00fcher oder einem sauberen Tuch eine d\u00fcnne, gleichm\u00e4\u00dfige Schicht auf die Oberfl\u00e4che des Wildlederartikels auf und lassen Sie sie dann trocknen. Das Produkt dringt schnell ein und hinterl\u00e4sst nach dem Trocknen keine sichtbaren R\u00fcckst\u00e4nde.<\/p>\n<p><strong><img decoding=\"async\" style=\"margin-right: 12px;\" src=\"https:\/\/www.ferberpainting.com\/wp-content\/uploads\/2026\/02\/Check.svg\" alt=\"\" width=\"18\" height=\"15\" \/>Strapazierf\u00e4hig und langlebig.<\/strong>\u00a0Nach dem Auftragen bildet das Impr\u00e4gniermittel eine lang anhaltende Schutzbarriere, die selbst unter anspruchsvollen Wetterbedingungen mehrere Monate lang wirksam bleibt. Der Impr\u00e4gnierer sch\u00fctzt Ihre Wildlederartikel unsichtbar, gew\u00e4hrleistet eine langfristige Leistung und tr\u00e4gt dazu bei, Ihre Waren zu bewahren und den vorzeitigen Verschlei\u00df durch Feuchtigkeit und Schmutz zu verringern.<\/p>\n<p><strong><img decoding=\"async\" style=\"margin-right: 12px;\" src=\"https:\/\/www.ferberpainting.com\/wp-content\/uploads\/2026\/02\/Check.svg\" alt=\"\" width=\"18\" height=\"15\" \/>Schnell wirkend.<\/strong>\u00a0Dieses Impr\u00e4gniermittel f\u00fcr Wildleder wirkt schnell. Nach dem Auftragen trocknet es in weniger als einer Stunde, sodass Sie Ihre Gegenst\u00e4nde fast sofort wieder benutzen k\u00f6nnen. Es ist nicht n\u00f6tig, stundenlang zu warten, wie bei anderen Produkten, und eignet sich daher perfekt f\u00fcr den Schutz in letzter Minute vor der Reise. Einfach auftragen und trocknen lassen, um sofortigen Schutz zu erhalten.<\/p>\n<h2><strong>Verwendungsprotokoll<\/strong><\/h2>\n<ul>\n<li><strong>Artikel Vorbereitung <\/strong>: Stellen Sie sicher, dass der Wildlederartikel (Schuhe, Taschen, Jacken usw.) vor dem Auftragen sauber und trocken ist. Falls erforderlich, b\u00fcrsten Sie die Oberfl\u00e4che vorsichtig ab, um Staub und Schmutz zu entfernen. Tragen Sie das Produkt nicht auf schmutzige oder nasse Gegenst\u00e4nde auf, da dies die Wirksamkeit beeintr\u00e4chtigen k\u00f6nnte.<\/li>\n<li><strong>Produkt Anwendung <\/strong>: Tragen Sie mit einem Spr\u00fcher oder einem weichen, sauberen Tuch eine d\u00fcnne, gleichm\u00e4\u00dfige Schicht des Impr\u00e4gniermittels auf die gesamte Oberfl\u00e4che des Wildlederartikels auf. Wenn Sie einen Spr\u00fcher verwenden, halten Sie ihn 15-20 cm von der Oberfl\u00e4che entfernt, um ein zu starkes Auftragen zu vermeiden.<\/li>\n<li><strong>Gleichm\u00e4\u00dfige Verteilung <\/strong>: F\u00fcr einen optimalen Schutz muss das Produkt gleichm\u00e4\u00dfig verteilt werden und in die Wildlederfasern eindringen. Vermeiden Sie eine S\u00e4ttigung des Materials, um sichtbare Ablagerungen zu vermeiden.<\/li>\n<li><strong>Trocknungszeit <\/strong>: Lassen Sie den Artikel etwa 1 Stunde lang in einem gut bel\u00fcfteten Raum bei Umgebungstemperatur trocknen. Vermeiden Sie es, den Artikel direkten W\u00e4rmequellen (wie Haartrocknern oder Heizk\u00f6rpern) auszusetzen, um das Material zu sch\u00fctzen.<\/li>\n<li><strong>Wiederholungsantrag (falls erforderlich) <\/strong>: F\u00fcr zus\u00e4tzlichen Schutz tragen Sie eine zweite Schicht auf, nachdem die erste vollst\u00e4ndig getrocknet ist. Dies empfiehlt sich besonders f\u00fcr Gegenst\u00e4nde, die rauen Bedingungen ausgesetzt sind, wie Wanderschuhe oder Taschen, die bei starkem Regen benutzt werden.<\/li>\n<li><strong>Wartung <\/strong>: Alle 3 bis 6 Monate neu auftragen, je nach Verwendung und Expositionsbedingungen. Gelegentliches Auffrischen wird empfohlen, um den Schutz auf Dauer aufrechtzuerhalten.<\/li>\n<li><strong>Lagerung <\/strong>: Lagern Sie das Produkt in seinem Originalbeh\u00e4lter, dicht verschlossen, an einem k\u00fchlen, trockenen und vor Hitze gesch\u00fctzten Ort, um seine Eigenschaften zu erhalten.<\/li>\n<\/ul>\n<p>Dieses Impr\u00e4gniermittel f\u00fcr Wildleder hilft, die Lebensdauer Ihrer Gegenst\u00e4nde zu verl\u00e4ngern, indem es sie in perfektem Zustand h\u00e4lt. Eine einfache, schnelle und effektive L\u00f6sung, um Ihre eleganten Gegenst\u00e4nde vor Feuchtigkeit und Schmutz zu sch\u00fctzen.<\/p>","protected":false},"excerpt":{"rendered":"<p>Effective Protection Against Water and Stains.\u00a0This suede waterproofer is specially designed to provide an invisible barrier against moisture and dirt. It prevents stains from water, mud, or grease while preserving the delicate texture and elegant look of suede. It\u2019s the perfect solution to keep your shoes, jackets, handbags, and other suede items in excellent condition, [&hellip;]<\/p>\n","protected":false},"featured_media":36193,"comment_status":"open","ping_status":"closed","template":"","meta":{"_uag_custom_page_level_css":"","site-sidebar-layout":"default","site-content-layout":"","ast-site-content-layout":"default","site-content-style":"default","site-sidebar-style":"default","ast-global-header-display":"","ast-banner-title-visibility":"","ast-main-header-display":"","ast-hfb-above-header-display":"","ast-hfb-below-header-display":"","ast-hfb-mobile-header-display":"","site-post-title":"","ast-breadcrumbs-content":"","ast-featured-img":"","footer-sml-layout":"","ast-disable-related-posts":"","theme-transparent-header-meta":"default","adv-header-id-meta":"","stick-header-meta":"","header-above-stick-meta":"","header-main-stick-meta":"","header-below-stick-meta":"","astra-migrate-meta-layouts":"set","ast-page-background-enabled":"default","ast-page-background-meta":{"desktop":{"background-color":"var(--ast-global-color-4)","background-image":"","background-repeat":"repeat","background-position":"center center","background-size":"auto","background-attachment":"scroll","background-type":"","background-media":"","overlay-type":"","overlay-color":"","overlay-opacity":"","overlay-gradient":""},"tablet":{"background-color":"","background-image":"","background-repeat":"repeat","background-position":"center center","background-size":"auto","background-attachment":"scroll","background-type":"","background-media":"","overlay-type":"","overlay-color":"","overlay-opacity":"","overlay-gradient":""},"mobile":{"background-color":"","background-image":"","background-repeat":"repeat","background-position":"center center","background-size":"auto","background-attachment":"scroll","background-type":"","background-media":"","overlay-type":"","overlay-color":"","overlay-opacity":"","overlay-gradient":""}},"ast-content-background-meta":{"desktop":{"background-color":"var(--ast-global-color-5)","background-image":"","background-repeat":"repeat","background-position":"center center","background-size":"auto","background-attachment":"scroll","background-type":"","background-media":"","overlay-type":"","overlay-color":"","overlay-opacity":"","overlay-gradient":""},"tablet":{"background-color":"var(--ast-global-color-5)","background-image":"","background-repeat":"repeat","background-position":"center center","background-size":"auto","background-attachment":"scroll","background-type":"","background-media":"","overlay-type":"","overlay-color":"","overlay-opacity":"","overlay-gradient":""},"mobile":{"background-color":"var(--ast-global-color-5)","background-image":"","background-repeat":"repeat","background-position":"center center","background-size":"auto","background-attachment":"scroll","background-type":"","background-media":"","overlay-type":"","overlay-color":"","overlay-opacity":"","overlay-gradient":""}}},"product_brand":[],"product_cat":[191],"product_tag":[],"class_list":{"0":"post-23790","1":"product","2":"type-product","3":"status-publish","4":"has-post-thumbnail","6":"product_cat-water-repellent","7":"desktop-align-left","8":"tablet-align-left","9":"mobile-align-left","11":"first","12":"instock","13":"sale","14":"taxable","15":"shipping-taxable","16":"purchasable","17":"product-type-variable","18":"has-default-attributes"},"spectra_custom_meta":{"_visibility":["visible"],"_shopify_product_id":["9106562253045"],"_s2w_shopify_domain":["ferberpainting.myshopify.com"],"_shopify_variant_id":["46626270150901"],"_sku":[""],"_manage_stock":["no"],"total_sales":["9"],"_tax_status":["taxable"],"_tax_class":[""],"_backorders":["no"],"_sold_individually":["no"],"_virtual":["no"],"_downloadable":["no"],"_download_limit":["-1"],"_download_expiry":["-1"],"_stock":[null],"_stock_status":["instock"],"_wc_average_rating":["5.00"],"_wc_review_count":["33"],"_product_attributes":["a:1:{s:6:\"volume\";a:6:{s:4:\"name\";s:6:\"Volume\";s:5:\"value\";s:20:\"5 liters | 25 liters\";s:8:\"position\";i:1;s:10:\"is_visible\";i:0;s:12:\"is_variation\";i:1;s:11:\"is_taxonomy\";i:0;}}"],"_product_version":["10.5.1"],"wpse_downloadable_file_names":[""],"wpse_downloadable_file_urls":[""],"_edit_last":["1"],"_default_attributes":["a:1:{s:6:\"volume\";s:8:\"5 liters\";}"],"_edit_lock":["1771184229:1"],"_price":["29.90","129.90"],"merchant-center-availability":["yes"],"merchant-center-category":["503738"],"_thumbnail_id":["36193"],"_wp_page_template":["default"],"_product_image_gallery":["36194"],"site-sidebar-layout":["default"],"ast-site-content-layout":["default"],"site-content-style":["default"],"site-sidebar-style":["default"],"theme-transparent-header-meta":["default"],"_wc_rating_count":["a:1:{i:5;i:33;}"],"astra-migrate-meta-layouts":["set"],"_uag_css_file_name":["uag-css-23790.css"],"_elementor_page_assets":["a:0:{}"],"_uag_page_assets":["a:9:{s:3:\"css\";s:7133:\".uag-blocks-common-selector{z-index:var(--z-index-desktop) !important}@media(max-width: 976px){.uag-blocks-common-selector{z-index:var(--z-index-tablet) !important}}@media(max-width: 767px){.uag-blocks-common-selector{z-index:var(--z-index-mobile) !important}}.wp-block-uagb-image{display:flex}.wp-block-uagb-image__figure{position:relative;display:flex;flex-direction:column;max-width:100%;height:auto;margin:0}.wp-block-uagb-image__figure img{height:auto;display:flex;max-width:100%;transition:box-shadow .2s ease}.wp-block-uagb-image__figure>a{display:inline-block}.wp-block-uagb-image__figure figcaption{text-align:center;margin-top:.5em;margin-bottom:1em}.wp-block-uagb-image .components-placeholder.block-editor-media-placeholder .components-placeholder__instructions{align-self:center}.wp-block-uagb-image--align-left{text-align:left}.wp-block-uagb-image--align-right{text-align:right}.wp-block-uagb-image--align-center{text-align:center}.wp-block-uagb-image--align-full .wp-block-uagb-image__figure{margin-left:calc(50% - 50vw);margin-right:calc(50% - 50vw);max-width:100vw;width:100vw;height:auto}.wp-block-uagb-image--align-full .wp-block-uagb-image__figure img{height:auto;width:100% !important}.wp-block-uagb-image--align-wide .wp-block-uagb-image__figure img{height:auto;width:100%}.wp-block-uagb-image--layout-overlay__color-wrapper{position:absolute;left:0;top:0;right:0;bottom:0;opacity:.2;background:rgba(0,0,0,.5);transition:opacity .35s ease-in-out}.wp-block-uagb-image--layout-overlay-link{position:absolute;left:0;right:0;bottom:0;top:0}.wp-block-uagb-image--layout-overlay .wp-block-uagb-image__figure:hover .wp-block-uagb-image--layout-overlay__color-wrapper{opacity:1}.wp-block-uagb-image--layout-overlay__inner{position:absolute;left:15px;right:15px;bottom:15px;top:15px;display:flex;align-items:center;justify-content:center;flex-direction:column;border-color:#fff;transition:.35s ease-in-out}.wp-block-uagb-image--layout-overlay__inner.top-left,.wp-block-uagb-image--layout-overlay__inner.top-center,.wp-block-uagb-image--layout-overlay__inner.top-right{justify-content:flex-start}.wp-block-uagb-image--layout-overlay__inner.bottom-left,.wp-block-uagb-image--layout-overlay__inner.bottom-center,.wp-block-uagb-image--layout-overlay__inner.bottom-right{justify-content:flex-end}.wp-block-uagb-image--layout-overlay__inner.top-left,.wp-block-uagb-image--layout-overlay__inner.center-left,.wp-block-uagb-image--layout-overlay__inner.bottom-left{align-items:flex-start}.wp-block-uagb-image--layout-overlay__inner.top-right,.wp-block-uagb-image--layout-overlay__inner.center-right,.wp-block-uagb-image--layout-overlay__inner.bottom-right{align-items:flex-end}.wp-block-uagb-image--layout-overlay__inner .uagb-image-heading{color:#fff;transition:transform .35s,opacity .35s ease-in-out;transform:translate3d(0, 24px, 0);margin:0;line-height:1em}.wp-block-uagb-image--layout-overlay__inner .uagb-image-separator{width:30%;border-top-width:2px;border-top-color:#fff;border-top-style:solid;margin-bottom:10px;opacity:0;transition:transform .4s,opacity .4s ease-in-out;transform:translate3d(0, 30px, 0)}.wp-block-uagb-image--layout-overlay__inner .uagb-image-caption{opacity:0;overflow:visible;color:#fff;transition:transform .45s,opacity .45s ease-in-out;transform:translate3d(0, 35px, 0)}.wp-block-uagb-image--layout-overlay__inner:hover .uagb-image-heading,.wp-block-uagb-image--layout-overlay__inner:hover .uagb-image-separator,.wp-block-uagb-image--layout-overlay__inner:hover .uagb-image-caption{opacity:1;transform:translate3d(0, 0, 0)}.wp-block-uagb-image--effect-zoomin .wp-block-uagb-image__figure img,.wp-block-uagb-image--effect-zoomin .wp-block-uagb-image__figure .wp-block-uagb-image--layout-overlay__color-wrapper{transform:scale(1);transition:transform .35s ease-in-out}.wp-block-uagb-image--effect-zoomin .wp-block-uagb-image__figure:hover img,.wp-block-uagb-image--effect-zoomin .wp-block-uagb-image__figure:hover .wp-block-uagb-image--layout-overlay__color-wrapper{transform:scale(1.05)}.wp-block-uagb-image--effect-slide .wp-block-uagb-image__figure img,.wp-block-uagb-image--effect-slide .wp-block-uagb-image__figure .wp-block-uagb-image--layout-overlay__color-wrapper{width:calc(100% + 40px) !important;max-width:none !important;transform:translate3d(-40px, 0, 0);transition:transform .35s ease-in-out}.wp-block-uagb-image--effect-slide .wp-block-uagb-image__figure:hover img,.wp-block-uagb-image--effect-slide .wp-block-uagb-image__figure:hover .wp-block-uagb-image--layout-overlay__color-wrapper{transform:translate3d(0, 0, 0)}.wp-block-uagb-image--effect-grayscale img{filter:grayscale(0%);transition:.35s ease-in-out}.wp-block-uagb-image--effect-grayscale:hover img{filter:grayscale(100%)}.wp-block-uagb-image--effect-blur img{filter:blur(0);transition:.35s ease-in-out}.wp-block-uagb-image--effect-blur:hover img{filter:blur(3px)}.uagb-block-e6f939b3.wp-block-uagb-image--layout-default figure img{box-shadow: 0px 0px 0 #00000070;}.uagb-block-e6f939b3.wp-block-uagb-image .wp-block-uagb-image__figure figcaption{font-style: normal;align-self: center;}.uagb-block-e6f939b3.wp-block-uagb-image--layout-overlay figure img{box-shadow: 0px 0px 0 #00000070;}.uagb-block-e6f939b3.wp-block-uagb-image--layout-overlay .wp-block-uagb-image--layout-overlay__color-wrapper{opacity: 0.2;}.uagb-block-e6f939b3.wp-block-uagb-image--layout-overlay .wp-block-uagb-image--layout-overlay__inner{left: 15px;right: 15px;top: 15px;bottom: 15px;}.uagb-block-e6f939b3.wp-block-uagb-image--layout-overlay .wp-block-uagb-image--layout-overlay__inner .uagb-image-heading{font-style: normal;color: #fff;opacity: 1;}.uagb-block-e6f939b3.wp-block-uagb-image--layout-overlay .wp-block-uagb-image--layout-overlay__inner .uagb-image-heading a{color: #fff;}.uagb-block-e6f939b3.wp-block-uagb-image--layout-overlay .wp-block-uagb-image--layout-overlay__inner .uagb-image-caption{opacity: 0;}.uagb-block-e6f939b3.wp-block-uagb-image--layout-overlay .wp-block-uagb-image__figure:hover .wp-block-uagb-image--layout-overlay__color-wrapper{opacity: 1;}.uagb-block-e6f939b3.wp-block-uagb-image .wp-block-uagb-image--layout-overlay__inner .uagb-image-separator{width: 30%;border-top-width: 2px;border-top-color: #fff;opacity: 0;}.uagb-block-e6f939b3.wp-block-uagb-image .wp-block-uagb-image__figure img{width: px;height: auto;}.uagb-block-e6f939b3.wp-block-uagb-image .wp-block-uagb-image__figure:hover .wp-block-uagb-image--layout-overlay__inner .uagb-image-caption{opacity: 1;}.uagb-block-e6f939b3.wp-block-uagb-image .wp-block-uagb-image__figure:hover .wp-block-uagb-image--layout-overlay__inner .uagb-image-separator{opacity: 1;}.uagb-block-e6f939b3.wp-block-uagb-image--layout-default figure:hover img{box-shadow: 0px 0px 0 #00000070;}.uagb-block-e6f939b3.wp-block-uagb-image--layout-overlay figure:hover img{box-shadow: 0px 0px 0 #00000070;}@media only screen and (max-width: 976px) {.uagb-block-e6f939b3.wp-block-uagb-image .wp-block-uagb-image__figure img{width: px;height: auto;}}@media only screen and (max-width: 767px) {.uagb-block-e6f939b3.wp-block-uagb-image .wp-block-uagb-image__figure img{width: px;height: auto;}}\";s:2:\"js\";s:0:\"\";s:18:\"current_block_list\";a:13:{i:0;s:11:\"core\/search\";i:1;s:10:\"core\/group\";i:2;s:12:\"core\/heading\";i:3;s:17:\"core\/latest-posts\";i:4;s:20:\"core\/latest-comments\";i:5;s:13:\"core\/archives\";i:6;s:15:\"core\/categories\";i:7;s:14:\"core\/paragraph\";i:8;s:10:\"uagb\/image\";i:9;s:11:\"core\/spacer\";i:10;s:30:\"woocommerce\/product-categories\";i:11;s:10:\"core\/image\";i:12;s:14:\"core\/shortcode\";}s:8:\"uag_flag\";b:1;s:11:\"uag_version\";s:10:\"1777259814\";s:6:\"gfonts\";a:0:{}s:10:\"gfonts_url\";s:0:\"\";s:12:\"gfonts_files\";a:0:{}s:14:\"uag_faq_layout\";b:0;}"]},"uagb_featured_image_src":{"full":["https:\/\/www.ferberpainting.com\/wp-content\/uploads\/2025\/07\/Leather-Water-Repellent-5L.png",2560,2560,false],"thumbnail":["https:\/\/www.ferberpainting.com\/wp-content\/uploads\/2025\/07\/Leather-Water-Repellent-5L-150x150.png",150,150,true],"medium":["https:\/\/www.ferberpainting.com\/wp-content\/uploads\/2025\/07\/Leather-Water-Repellent-5L-300x300.png",300,300,true],"medium_large":["https:\/\/www.ferberpainting.com\/wp-content\/uploads\/2025\/07\/Leather-Water-Repellent-5L-768x768.png",768,768,true],"large":["https:\/\/www.ferberpainting.com\/wp-content\/uploads\/2025\/07\/Leather-Water-Repellent-5L-1024x1024.png",1024,1024,true],"1536x1536":["https:\/\/www.ferberpainting.com\/wp-content\/uploads\/2025\/07\/Leather-Water-Repellent-5L-1536x1536.png",1536,1536,true],"2048x2048":["https:\/\/www.ferberpainting.com\/wp-content\/uploads\/2025\/07\/Leather-Water-Repellent-5L-2048x2048.png",2048,2048,true],"trp-custom-language-flag":["https:\/\/www.ferberpainting.com\/wp-content\/uploads\/2025\/07\/Leather-Water-Repellent-5L-12x12.png",12,12,true],"woocommerce_thumbnail":["https:\/\/www.ferberpainting.com\/wp-content\/uploads\/2025\/07\/Leather-Water-Repellent-5L-300x300.png",300,300,true],"woocommerce_single":["https:\/\/www.ferberpainting.com\/wp-content\/uploads\/2025\/07\/Leather-Water-Repellent-5L-600x600.png",600,600,true],"woocommerce_gallery_thumbnail":["https:\/\/www.ferberpainting.com\/wp-content\/uploads\/2025\/07\/Leather-Water-Repellent-5L-100x100.png",100,100,true]},"uagb_author_info":{"display_name":"admin","author_link":"https:\/\/www.ferberpainting.com\/ch-de\/author\/"},"uagb_comment_info":33,"uagb_excerpt":"Effective Protection Against Water and Stains.\u00a0This suede waterproofer is specially designed to provide an invisible barrier against moisture and dirt. It prevents stains from water, mud, or grease while preserving the delicate texture and elegant look of suede. It\u2019s the perfect solution to keep your shoes, jackets, handbags, and other suede items in excellent condition,&hellip;","_links":{"self":[{"href":"https:\/\/www.ferberpainting.com\/ch-de\/wp-json\/wp\/v2\/product\/23790","targetHints":{"allow":["GET"]}}],"collection":[{"href":"https:\/\/www.ferberpainting.com\/ch-de\/wp-json\/wp\/v2\/product"}],"about":[{"href":"https:\/\/www.ferberpainting.com\/ch-de\/wp-json\/wp\/v2\/types\/product"}],"replies":[{"embeddable":true,"href":"https:\/\/www.ferberpainting.com\/ch-de\/wp-json\/wp\/v2\/comments?post=23790"}],"version-history":[{"count":3,"href":"https:\/\/www.ferberpainting.com\/ch-de\/wp-json\/wp\/v2\/product\/23790\/revisions"}],"predecessor-version":[{"id":166475,"href":"https:\/\/www.ferberpainting.com\/ch-de\/wp-json\/wp\/v2\/product\/23790\/revisions\/166475"}],"wp:featuredmedia":[{"embeddable":true,"href":"https:\/\/www.ferberpainting.com\/ch-de\/wp-json\/wp\/v2\/media\/36193"}],"wp:attachment":[{"href":"https:\/\/www.ferberpainting.com\/ch-de\/wp-json\/wp\/v2\/media?parent=23790"}],"wp:term":[{"taxonomy":"product_brand","embeddable":true,"href":"https:\/\/www.ferberpainting.com\/ch-de\/wp-json\/wp\/v2\/product_brand?post=23790"},{"taxonomy":"product_cat","embeddable":true,"href":"https:\/\/www.ferberpainting.com\/ch-de\/wp-json\/wp\/v2\/product_cat?post=23790"},{"taxonomy":"product_tag","embeddable":true,"href":"https:\/\/www.ferberpainting.com\/ch-de\/wp-json\/wp\/v2\/product_tag?post=23790"}],"curies":[{"name":"wp","href":"https:\/\/api.w.org\/{rel}","templated":true}]}}