{"id":23543,"date":"2025-05-26T10:24:40","date_gmt":"2025-05-26T08:24:40","guid":{"rendered":"https:\/\/www.ferberpainting.com\/products\/hydrangea-camellia-rhododendron-and-azalea-fertilizer\/"},"modified":"2026-02-15T19:33:47","modified_gmt":"2026-02-15T18:33:47","slug":"hydrangea-camellia-rhododendron-and-azalea-fertilizer","status":"publish","type":"product","link":"https:\/\/www.ferberpainting.com\/ch-de\/products\/hydrangea-camellia-rhododendron-and-azalea-fertilizer\/","title":{"rendered":"Hortensien-, Kamelien-, Rhododendron- und Azaleen-D\u00fcngemittel 25 kg"},"content":{"rendered":"<p><strong><img decoding=\"async\" style=\"margin-right: 12px;\" src=\"https:\/\/www.ferberpainting.com\/wp-content\/uploads\/2026\/02\/Check.svg\" alt=\"\" width=\"18\" height=\"15\" \/>Ein ausgewogener D\u00fcnger f\u00fcr spektakul\u00e4re Bl\u00fcten und lebhaftes Laub.<\/strong>\u00a0Dieser D\u00fcnger ist speziell auf die Bed\u00fcrfnisse von s\u00e4ureliebenden Pflanzen wie Hortensien, Kamelien, Rhododendren und Azaleen abgestimmt. Dank seiner NPK 10-10-10-Formel bietet er eine ausgewogene Versorgung mit Stickstoff (N) zur F\u00f6rderung des Blattwachstums, Phosphor (P) zur St\u00e4rkung der Wurzeln und Kalium (K) zur Anregung einer \u00fcppigen und lang anhaltenden Bl\u00fcte. Es sorgt f\u00fcr gesunde Pflanzen mit Bl\u00fcten in intensiven Farben und \u00fcppigem Laub w\u00e4hrend der gesamten Saison.<\/p>\n<p><strong><img decoding=\"async\" style=\"margin-right: 12px;\" src=\"https:\/\/www.ferberpainting.com\/wp-content\/uploads\/2026\/02\/Check.svg\" alt=\"\" width=\"18\" height=\"15\" \/>Geld-zur\u00fcck-Garantie.<\/strong>\u00a0Wir sind von der Wirksamkeit unseres D\u00fcngers f\u00fcr Hortensien, Kamelien, Rhododendren und Azaleen \u00fcberzeugt und bieten daher eine Geld-zur\u00fcck-Garantie. Wenn Ihre Pflanzen nach der empfohlenen Anwendung keine signifikante Verbesserung der Bl\u00fcte, des Blattwerks oder des Wachstums zeigen, erstatten wir Ihnen den vollen Betrag zur\u00fcck und garantieren Ihnen einen sorgenfreien Kauf.<\/p>\n<p><strong><img decoding=\"async\" style=\"margin-right: 12px;\" src=\"https:\/\/www.ferberpainting.com\/wp-content\/uploads\/2026\/02\/Check.svg\" alt=\"\" width=\"18\" height=\"15\" \/>Geeignet f\u00fcr alle Sorten und Anbaubedingungen.<\/strong>\u00a0Dieser D\u00fcnger eignet sich f\u00fcr Hortensien aller Farben, Topf- und Freilandkamelien, Rhododendren (immergr\u00fcn und sommergr\u00fcn) sowie japanische und Mollis-Azaleen. Er ist auf allen sauren und leichten B\u00f6den wirksam und sorgt f\u00fcr eine optimale N\u00e4hrstoffaufnahme und eine harmonische Entwicklung der Pflanzen, ob im Garten, im Beet oder im K\u00fcbel.<\/p>\n<p><strong><img decoding=\"async\" style=\"margin-right: 12px;\" src=\"https:\/\/www.ferberpainting.com\/wp-content\/uploads\/2026\/02\/Check.svg\" alt=\"\" width=\"18\" height=\"15\" \/>Kosteng\u00fcnstige und lang anhaltende D\u00fcngung.<\/strong>\u00a0Dank seiner Formulierung wird dieser D\u00fcnger langsam freigesetzt und sorgt f\u00fcr eine allm\u00e4hliche D\u00fcngung \u00fcber mehrere Wochen. Mit einem 25-kg-Sack k\u00f6nnen bis zu 125 Str\u00e4ucher ged\u00fcngt werden, bei einer empfohlenen Aufwandmenge von 200 g pro Pflanze. Diese kosteneffiziente L\u00f6sung reduziert die H\u00e4ufigkeit der Ausbringung und bietet gleichzeitig eine kontinuierliche, ma\u00dfgeschneiderte Ern\u00e4hrung f\u00fcr Ihre Pflanzen.<\/p>\n<p><strong><img decoding=\"async\" style=\"margin-right: 12px;\" src=\"https:\/\/www.ferberpainting.com\/wp-content\/uploads\/2026\/02\/Check.svg\" alt=\"\" width=\"18\" height=\"15\" \/>Ein sicheres und umweltfreundliches D\u00fcngemittel.<\/strong>\u00a0Dieser D\u00fcnger ist unsch\u00e4dlich f\u00fcr B\u00f6den, Fauna und Flora und gew\u00e4hrleistet eine sanfte und schrittweise D\u00fcngung, die das nat\u00fcrliche \u00d6kosystem des Gartens respektiert. Er tr\u00e4gt auch zur Verbesserung der Bodenstruktur und der N\u00e4hrstoffspeicherung bei und sorgt f\u00fcr eine bessere Aufnahme durch die Wurzeln und eine erh\u00f6hte Widerstandsf\u00e4higkeit gegen Krankheiten und Umweltstress bei Kamelien und anderen s\u00e4ureliebenden Pflanzen.<\/p>\n<p><strong><img decoding=\"async\" style=\"margin-right: 12px;\" src=\"https:\/\/www.ferberpainting.com\/wp-content\/uploads\/2026\/02\/Check.svg\" alt=\"\" width=\"18\" height=\"15\" \/>Einfache Anwendung und m\u00fchelose D\u00fcngung.<\/strong>\u00a0Im Gegensatz zu Fl\u00fcssigd\u00fcngern, die verd\u00fcnnt werden m\u00fcssen, kann dieser D\u00fcnger ohne aufw\u00e4ndige Vorbereitung direkt in den Boden eingebracht werden. Verteilen Sie ihn einfach um die Basis der Pflanze und mischen Sie ihn sanft in den Boden, um eine optimale N\u00e4hrstoffverteilung zu gew\u00e4hrleisten. Die schnelle und effiziente Ausbringungsmethode ist auch f\u00fcr Hobby- und Profig\u00e4rtner ideal.<\/p>\n<p><strong><img decoding=\"async\" style=\"margin-right: 12px;\" src=\"https:\/\/www.ferberpainting.com\/wp-content\/uploads\/2026\/02\/Check.svg\" alt=\"\" width=\"18\" height=\"15\" \/>Lang anhaltende Wirkung f\u00fcr eine lebendige Bl\u00fcte und gr\u00f6\u00dfere Widerstandsf\u00e4higkeit.<\/strong>\u00a0Dank seiner lang anhaltenden Wirkung n\u00e4hrt dieser D\u00fcnger die Pflanzen mehrere Wochen lang und f\u00f6rdert ein regelm\u00e4\u00dfiges Wachstum und eine spektakul\u00e4re Bl\u00fcte. Au\u00dferdem st\u00e4rkt er die Struktur der Str\u00e4ucher, macht die St\u00e4mme kr\u00e4ftiger und das Laub dichter und erh\u00f6ht die Widerstandsf\u00e4higkeit gegen h\u00e4ufige Krankheiten, die s\u00e4ureliebende Pflanzen befallen.<\/p>\n<p><strong><img decoding=\"async\" style=\"margin-right: 12px;\" src=\"https:\/\/www.ferberpainting.com\/wp-content\/uploads\/2026\/02\/Check.svg\" alt=\"\" width=\"18\" height=\"15\" \/>Sichtbare Ergebnisse innerhalb der ersten Wochen.<\/strong>\u00a0Bei der Anwendung stimuliert dieser D\u00fcnger die Bildung neuer Bl\u00fctenknospen, intensiviert die Bl\u00fctenfarbe und verbessert die Laubdichte. Innerhalb weniger Wochen erscheinen die Pflanzen kr\u00e4ftiger, mit dichterem Blattwerk und \u00fcppigeren, lang anhaltenden Bl\u00fcten und sorgen f\u00fcr einen lebendigeren und spektakul\u00e4reren Garten.<\/p>\n<h2>Verwendungsprotokoll<\/h2>\n<p><strong>Bewerbungszeitraum <\/strong>: Dreimal im Jahr anwenden, zu Beginn des Fr\u00fchjahrs (M\u00e4rz-April), im Fr\u00fchsommer (Juni-Juli) und im Sp\u00e4tsommer (September-Oktober), um ein ausgewogenes Wachstum und eine kontinuierliche Bl\u00fcte zu gew\u00e4hrleisten.<\/p>\n<p><strong>Empfohlene Dosierung <\/strong>: Verteilen Sie 200 g D\u00fcnger pro Strauch, d. h. etwa zwei geh\u00e4ufte Handvoll, je nach Gr\u00f6\u00dfe und Alter der Pflanze leicht angepasst.<\/p>\n<p><strong>Methode der Anwendung <\/strong>:<\/p>\n<ul>\n<li><strong>Ausbringung des Bodens <\/strong>: Streuen Sie den D\u00fcnger kreisf\u00f6rmig um die Basis der Pflanze, etwa 30 bis 50 cm vom Stamm entfernt, damit die Wurzeln die N\u00e4hrstoffe nach und nach aufnehmen k\u00f6nnen.<\/li>\n<li><strong>Leichte Inkorporation <\/strong>: Mischen Sie den D\u00fcnger mit einer Harke oder Hacke leicht in die oberste Bodenschicht (2 bis 5 cm tief), um eine optimale N\u00e4hrstoffverteilung zu f\u00f6rdern.<\/li>\n<\/ul>\n<p><strong>Bew\u00e4sserung nach der Anwendung <\/strong>: Nach dem Ausbringen gr\u00fcndlich w\u00e4ssern, um die N\u00e4hrstofffreisetzung zu aktivieren und eine schnelle Aufnahme durch die Wurzeln zu gew\u00e4hrleisten. In Trockenperioden regelm\u00e4\u00dfig gie\u00dfen, um die Wirksamkeit des D\u00fcngers zu optimieren.<\/p>\n<p><strong>Wartung und Follow-up <\/strong>: Bei Topfpflanzen oder Pflanzen in Pflanzgef\u00e4\u00dfen kann eine zus\u00e4tzliche Anwendung im Hochsommer (Juli-August) vorgenommen werden, um die Bl\u00fcte zu f\u00f6rdern und das Schw\u00e4cheln der St\u00e4ngel und Bl\u00fcten zu verhindern.<\/p>\n<p><strong>Vorsichtsma\u00dfnahmen bei der Verwendung <\/strong>: \u00dcberschreiten Sie nicht die empfohlenen Dosierungen, um einen N\u00e4hrstoff\u00fcberschuss zu vermeiden, der zu einer \u00dcberwucherung des Laubes auf Kosten der Bl\u00fcte f\u00fchren k\u00f6nnte. Nicht auf gefrorenem Boden oder bei starker Trockenheit ohne zus\u00e4tzliche Bew\u00e4sserung anwenden.<\/p>\n<p><strong>Lagerung und Konservierung <\/strong>: Lagern Sie den D\u00fcnger an einem k\u00fchlen, trockenen Ort, fern von Feuchtigkeit und Sonnenlicht. Verschlie\u00dfen Sie den Beutel nach jedem Gebrauch sorgf\u00e4ltig, um die Produktqualit\u00e4t zu erhalten und die Aufnahme von Feuchtigkeit zu verhindern.<\/p>\n<p>Mit diesem D\u00fcnger f\u00fcr Hortensien, Kamelien, Rhododendren und Azaleen sorgen Sie f\u00fcr ein ausgewogenes und kr\u00e4ftiges Wachstum Ihrer Pflanzen und damit f\u00fcr eine spektakul\u00e4re Bl\u00fcte und lebendiges Laub. Es ist die ideale L\u00f6sung f\u00fcr einen \u00fcppigen und farbenfrohen Garten das ganze Jahr \u00fcber, mit Str\u00e4uchern in perfekter Gesundheit und verl\u00e4ngerter Bl\u00fcte Saison f\u00fcr Saison.<\/p>","protected":false},"excerpt":{"rendered":"<p>A balanced fertilizer for spectacular blooms and vibrant foliage.\u00a0This fertilizer is specially designed to meet the needs of acid-loving plants such as hydrangeas, camellias, rhododendrons, and azaleas. Thanks to its NPK 10-10-10 formulation, it provides a balanced supply of nitrogen (N) to promote foliage growth, phosphorus (P) to strengthen roots, and potassium (K) to stimulate [&hellip;]<\/p>\n","protected":false},"featured_media":26033,"comment_status":"open","ping_status":"closed","template":"","meta":{"_uag_custom_page_level_css":"","site-sidebar-layout":"default","site-content-layout":"","ast-site-content-layout":"default","site-content-style":"default","site-sidebar-style":"default","ast-global-header-display":"","ast-banner-title-visibility":"","ast-main-header-display":"","ast-hfb-above-header-display":"","ast-hfb-below-header-display":"","ast-hfb-mobile-header-display":"","site-post-title":"","ast-breadcrumbs-content":"","ast-featured-img":"","footer-sml-layout":"","ast-disable-related-posts":"","theme-transparent-header-meta":"default","adv-header-id-meta":"","stick-header-meta":"","header-above-stick-meta":"","header-main-stick-meta":"","header-below-stick-meta":"","astra-migrate-meta-layouts":"set","ast-page-background-enabled":"default","ast-page-background-meta":{"desktop":{"background-color":"var(--ast-global-color-4)","background-image":"","background-repeat":"repeat","background-position":"center center","background-size":"auto","background-attachment":"scroll","background-type":"","background-media":"","overlay-type":"","overlay-color":"","overlay-opacity":"","overlay-gradient":""},"tablet":{"background-color":"","background-image":"","background-repeat":"repeat","background-position":"center center","background-size":"auto","background-attachment":"scroll","background-type":"","background-media":"","overlay-type":"","overlay-color":"","overlay-opacity":"","overlay-gradient":""},"mobile":{"background-color":"","background-image":"","background-repeat":"repeat","background-position":"center center","background-size":"auto","background-attachment":"scroll","background-type":"","background-media":"","overlay-type":"","overlay-color":"","overlay-opacity":"","overlay-gradient":""}},"ast-content-background-meta":{"desktop":{"background-color":"var(--ast-global-color-5)","background-image":"","background-repeat":"repeat","background-position":"center center","background-size":"auto","background-attachment":"scroll","background-type":"","background-media":"","overlay-type":"","overlay-color":"","overlay-opacity":"","overlay-gradient":""},"tablet":{"background-color":"var(--ast-global-color-5)","background-image":"","background-repeat":"repeat","background-position":"center center","background-size":"auto","background-attachment":"scroll","background-type":"","background-media":"","overlay-type":"","overlay-color":"","overlay-opacity":"","overlay-gradient":""},"mobile":{"background-color":"var(--ast-global-color-5)","background-image":"","background-repeat":"repeat","background-position":"center center","background-size":"auto","background-attachment":"scroll","background-type":"","background-media":"","overlay-type":"","overlay-color":"","overlay-opacity":"","overlay-gradient":""}}},"product_brand":[],"product_cat":[178],"product_tag":[],"class_list":{"0":"post-23543","1":"product","2":"type-product","3":"status-publish","4":"has-post-thumbnail","6":"product_cat-fertilizers","7":"desktop-align-left","8":"tablet-align-left","9":"mobile-align-left","11":"first","12":"instock","13":"taxable","14":"shipping-taxable","15":"purchasable","16":"product-type-simple"},"spectra_custom_meta":{"_visibility":["visible"],"_shopify_product_id":["9066128834805"],"_s2w_shopify_domain":["ferberpainting.myshopify.com"],"_shopify_variant_id":["46501909594357"],"_sku":["FPHYDRANGEACAMELLIARHODODENDRONANDAZALEAFERTILIZER25KG"],"_regular_price":["39.90"],"_price":["39.90"],"_sale_price":[""],"_weight":["18.5"],"_thumbnail_id":["26033"],"_global_unique_id":["5056773817197"],"total_sales":["3"],"_tax_status":["taxable"],"_tax_class":[""],"_manage_stock":["no"],"_backorders":["no"],"_sold_individually":["no"],"_virtual":["no"],"_downloadable":["no"],"_download_limit":["-1"],"_download_expiry":["-1"],"_stock":[null],"_stock_status":["instock"],"_wc_average_rating":["5.00"],"_wc_review_count":["9"],"_product_version":["10.5.1"],"_wc_rating_count":["a:1:{i:5;i:9;}"],"_edit_lock":["1771180301:1"],"merchant-center-availability":["yes"],"merchant-center-category":["113"],"_edit_last":["1"],"_wp_page_template":["default"],"site-sidebar-layout":["default"],"ast-site-content-layout":["default"],"site-content-style":["default"],"site-sidebar-style":["default"],"theme-transparent-header-meta":["default"],"astra-migrate-meta-layouts":["set"],"_uag_css_file_name":["uag-css-23543.css"],"_elementor_page_assets":["a:0:{}"],"_uag_page_assets":["a:9:{s:3:\"css\";s:7133:\".uag-blocks-common-selector{z-index:var(--z-index-desktop) !important}@media(max-width: 976px){.uag-blocks-common-selector{z-index:var(--z-index-tablet) !important}}@media(max-width: 767px){.uag-blocks-common-selector{z-index:var(--z-index-mobile) !important}}.wp-block-uagb-image{display:flex}.wp-block-uagb-image__figure{position:relative;display:flex;flex-direction:column;max-width:100%;height:auto;margin:0}.wp-block-uagb-image__figure img{height:auto;display:flex;max-width:100%;transition:box-shadow .2s ease}.wp-block-uagb-image__figure>a{display:inline-block}.wp-block-uagb-image__figure figcaption{text-align:center;margin-top:.5em;margin-bottom:1em}.wp-block-uagb-image .components-placeholder.block-editor-media-placeholder .components-placeholder__instructions{align-self:center}.wp-block-uagb-image--align-left{text-align:left}.wp-block-uagb-image--align-right{text-align:right}.wp-block-uagb-image--align-center{text-align:center}.wp-block-uagb-image--align-full .wp-block-uagb-image__figure{margin-left:calc(50% - 50vw);margin-right:calc(50% - 50vw);max-width:100vw;width:100vw;height:auto}.wp-block-uagb-image--align-full .wp-block-uagb-image__figure img{height:auto;width:100% !important}.wp-block-uagb-image--align-wide .wp-block-uagb-image__figure img{height:auto;width:100%}.wp-block-uagb-image--layout-overlay__color-wrapper{position:absolute;left:0;top:0;right:0;bottom:0;opacity:.2;background:rgba(0,0,0,.5);transition:opacity .35s ease-in-out}.wp-block-uagb-image--layout-overlay-link{position:absolute;left:0;right:0;bottom:0;top:0}.wp-block-uagb-image--layout-overlay .wp-block-uagb-image__figure:hover .wp-block-uagb-image--layout-overlay__color-wrapper{opacity:1}.wp-block-uagb-image--layout-overlay__inner{position:absolute;left:15px;right:15px;bottom:15px;top:15px;display:flex;align-items:center;justify-content:center;flex-direction:column;border-color:#fff;transition:.35s ease-in-out}.wp-block-uagb-image--layout-overlay__inner.top-left,.wp-block-uagb-image--layout-overlay__inner.top-center,.wp-block-uagb-image--layout-overlay__inner.top-right{justify-content:flex-start}.wp-block-uagb-image--layout-overlay__inner.bottom-left,.wp-block-uagb-image--layout-overlay__inner.bottom-center,.wp-block-uagb-image--layout-overlay__inner.bottom-right{justify-content:flex-end}.wp-block-uagb-image--layout-overlay__inner.top-left,.wp-block-uagb-image--layout-overlay__inner.center-left,.wp-block-uagb-image--layout-overlay__inner.bottom-left{align-items:flex-start}.wp-block-uagb-image--layout-overlay__inner.top-right,.wp-block-uagb-image--layout-overlay__inner.center-right,.wp-block-uagb-image--layout-overlay__inner.bottom-right{align-items:flex-end}.wp-block-uagb-image--layout-overlay__inner .uagb-image-heading{color:#fff;transition:transform .35s,opacity .35s ease-in-out;transform:translate3d(0, 24px, 0);margin:0;line-height:1em}.wp-block-uagb-image--layout-overlay__inner .uagb-image-separator{width:30%;border-top-width:2px;border-top-color:#fff;border-top-style:solid;margin-bottom:10px;opacity:0;transition:transform .4s,opacity .4s ease-in-out;transform:translate3d(0, 30px, 0)}.wp-block-uagb-image--layout-overlay__inner .uagb-image-caption{opacity:0;overflow:visible;color:#fff;transition:transform .45s,opacity .45s ease-in-out;transform:translate3d(0, 35px, 0)}.wp-block-uagb-image--layout-overlay__inner:hover .uagb-image-heading,.wp-block-uagb-image--layout-overlay__inner:hover .uagb-image-separator,.wp-block-uagb-image--layout-overlay__inner:hover .uagb-image-caption{opacity:1;transform:translate3d(0, 0, 0)}.wp-block-uagb-image--effect-zoomin .wp-block-uagb-image__figure img,.wp-block-uagb-image--effect-zoomin .wp-block-uagb-image__figure .wp-block-uagb-image--layout-overlay__color-wrapper{transform:scale(1);transition:transform .35s ease-in-out}.wp-block-uagb-image--effect-zoomin .wp-block-uagb-image__figure:hover img,.wp-block-uagb-image--effect-zoomin .wp-block-uagb-image__figure:hover .wp-block-uagb-image--layout-overlay__color-wrapper{transform:scale(1.05)}.wp-block-uagb-image--effect-slide .wp-block-uagb-image__figure img,.wp-block-uagb-image--effect-slide .wp-block-uagb-image__figure .wp-block-uagb-image--layout-overlay__color-wrapper{width:calc(100% + 40px) !important;max-width:none !important;transform:translate3d(-40px, 0, 0);transition:transform .35s ease-in-out}.wp-block-uagb-image--effect-slide .wp-block-uagb-image__figure:hover img,.wp-block-uagb-image--effect-slide .wp-block-uagb-image__figure:hover .wp-block-uagb-image--layout-overlay__color-wrapper{transform:translate3d(0, 0, 0)}.wp-block-uagb-image--effect-grayscale img{filter:grayscale(0%);transition:.35s ease-in-out}.wp-block-uagb-image--effect-grayscale:hover img{filter:grayscale(100%)}.wp-block-uagb-image--effect-blur img{filter:blur(0);transition:.35s ease-in-out}.wp-block-uagb-image--effect-blur:hover img{filter:blur(3px)}.uagb-block-e6f939b3.wp-block-uagb-image--layout-default figure img{box-shadow: 0px 0px 0 #00000070;}.uagb-block-e6f939b3.wp-block-uagb-image .wp-block-uagb-image__figure figcaption{font-style: normal;align-self: center;}.uagb-block-e6f939b3.wp-block-uagb-image--layout-overlay figure img{box-shadow: 0px 0px 0 #00000070;}.uagb-block-e6f939b3.wp-block-uagb-image--layout-overlay .wp-block-uagb-image--layout-overlay__color-wrapper{opacity: 0.2;}.uagb-block-e6f939b3.wp-block-uagb-image--layout-overlay .wp-block-uagb-image--layout-overlay__inner{left: 15px;right: 15px;top: 15px;bottom: 15px;}.uagb-block-e6f939b3.wp-block-uagb-image--layout-overlay .wp-block-uagb-image--layout-overlay__inner .uagb-image-heading{font-style: normal;color: #fff;opacity: 1;}.uagb-block-e6f939b3.wp-block-uagb-image--layout-overlay .wp-block-uagb-image--layout-overlay__inner .uagb-image-heading a{color: #fff;}.uagb-block-e6f939b3.wp-block-uagb-image--layout-overlay .wp-block-uagb-image--layout-overlay__inner .uagb-image-caption{opacity: 0;}.uagb-block-e6f939b3.wp-block-uagb-image--layout-overlay .wp-block-uagb-image__figure:hover .wp-block-uagb-image--layout-overlay__color-wrapper{opacity: 1;}.uagb-block-e6f939b3.wp-block-uagb-image .wp-block-uagb-image--layout-overlay__inner .uagb-image-separator{width: 30%;border-top-width: 2px;border-top-color: #fff;opacity: 0;}.uagb-block-e6f939b3.wp-block-uagb-image .wp-block-uagb-image__figure img{width: px;height: auto;}.uagb-block-e6f939b3.wp-block-uagb-image .wp-block-uagb-image__figure:hover .wp-block-uagb-image--layout-overlay__inner .uagb-image-caption{opacity: 1;}.uagb-block-e6f939b3.wp-block-uagb-image .wp-block-uagb-image__figure:hover .wp-block-uagb-image--layout-overlay__inner .uagb-image-separator{opacity: 1;}.uagb-block-e6f939b3.wp-block-uagb-image--layout-default figure:hover img{box-shadow: 0px 0px 0 #00000070;}.uagb-block-e6f939b3.wp-block-uagb-image--layout-overlay figure:hover img{box-shadow: 0px 0px 0 #00000070;}@media only screen and (max-width: 976px) {.uagb-block-e6f939b3.wp-block-uagb-image .wp-block-uagb-image__figure img{width: px;height: auto;}}@media only screen and (max-width: 767px) {.uagb-block-e6f939b3.wp-block-uagb-image .wp-block-uagb-image__figure img{width: px;height: auto;}}\";s:2:\"js\";s:0:\"\";s:18:\"current_block_list\";a:13:{i:0;s:11:\"core\/search\";i:1;s:10:\"core\/group\";i:2;s:12:\"core\/heading\";i:3;s:17:\"core\/latest-posts\";i:4;s:20:\"core\/latest-comments\";i:5;s:13:\"core\/archives\";i:6;s:15:\"core\/categories\";i:7;s:14:\"core\/paragraph\";i:8;s:10:\"uagb\/image\";i:9;s:11:\"core\/spacer\";i:10;s:30:\"woocommerce\/product-categories\";i:11;s:10:\"core\/image\";i:12;s:14:\"core\/shortcode\";}s:8:\"uag_flag\";b:1;s:11:\"uag_version\";s:10:\"1777222089\";s:6:\"gfonts\";a:0:{}s:10:\"gfonts_url\";s:0:\"\";s:12:\"gfonts_files\";a:0:{}s:14:\"uag_faq_layout\";b:0;}"]},"uagb_featured_image_src":{"full":["https:\/\/www.ferberpainting.com\/wp-content\/uploads\/2025\/05\/Hydrangea_Camellia_Rhododendron_andAzaleaFertilizer.png",2560,2560,false],"thumbnail":["https:\/\/www.ferberpainting.com\/wp-content\/uploads\/2025\/05\/Hydrangea_Camellia_Rhododendron_andAzaleaFertilizer-150x150.png",150,150,true],"medium":["https:\/\/www.ferberpainting.com\/wp-content\/uploads\/2025\/05\/Hydrangea_Camellia_Rhododendron_andAzaleaFertilizer-300x300.png",300,300,true],"medium_large":["https:\/\/www.ferberpainting.com\/wp-content\/uploads\/2025\/05\/Hydrangea_Camellia_Rhododendron_andAzaleaFertilizer-768x768.png",768,768,true],"large":["https:\/\/www.ferberpainting.com\/wp-content\/uploads\/2025\/05\/Hydrangea_Camellia_Rhododendron_andAzaleaFertilizer-1024x1024.png",1024,1024,true],"1536x1536":["https:\/\/www.ferberpainting.com\/wp-content\/uploads\/2025\/05\/Hydrangea_Camellia_Rhododendron_andAzaleaFertilizer-1536x1536.png",1536,1536,true],"2048x2048":["https:\/\/www.ferberpainting.com\/wp-content\/uploads\/2025\/05\/Hydrangea_Camellia_Rhododendron_andAzaleaFertilizer-2048x2048.png",2048,2048,true],"trp-custom-language-flag":["https:\/\/www.ferberpainting.com\/wp-content\/uploads\/2025\/05\/Hydrangea_Camellia_Rhododendron_andAzaleaFertilizer-12x12.png",12,12,true],"woocommerce_thumbnail":["https:\/\/www.ferberpainting.com\/wp-content\/uploads\/2025\/05\/Hydrangea_Camellia_Rhododendron_andAzaleaFertilizer-300x300.png",300,300,true],"woocommerce_single":["https:\/\/www.ferberpainting.com\/wp-content\/uploads\/2025\/05\/Hydrangea_Camellia_Rhododendron_andAzaleaFertilizer-600x600.png",600,600,true],"woocommerce_gallery_thumbnail":["https:\/\/www.ferberpainting.com\/wp-content\/uploads\/2025\/05\/Hydrangea_Camellia_Rhododendron_andAzaleaFertilizer-100x100.png",100,100,true]},"uagb_author_info":{"display_name":"admin","author_link":"https:\/\/www.ferberpainting.com\/ch-de\/author\/"},"uagb_comment_info":9,"uagb_excerpt":"A balanced fertilizer for spectacular blooms and vibrant foliage.\u00a0This fertilizer is specially designed to meet the needs of acid-loving plants such as hydrangeas, camellias, rhododendrons, and azaleas. Thanks to its NPK 10-10-10 formulation, it provides a balanced supply of nitrogen (N) to promote foliage growth, phosphorus (P) to strengthen roots, and potassium (K) to stimulate&hellip;","_links":{"self":[{"href":"https:\/\/www.ferberpainting.com\/ch-de\/wp-json\/wp\/v2\/product\/23543","targetHints":{"allow":["GET"]}}],"collection":[{"href":"https:\/\/www.ferberpainting.com\/ch-de\/wp-json\/wp\/v2\/product"}],"about":[{"href":"https:\/\/www.ferberpainting.com\/ch-de\/wp-json\/wp\/v2\/types\/product"}],"replies":[{"embeddable":true,"href":"https:\/\/www.ferberpainting.com\/ch-de\/wp-json\/wp\/v2\/comments?post=23543"}],"version-history":[{"count":5,"href":"https:\/\/www.ferberpainting.com\/ch-de\/wp-json\/wp\/v2\/product\/23543\/revisions"}],"predecessor-version":[{"id":166367,"href":"https:\/\/www.ferberpainting.com\/ch-de\/wp-json\/wp\/v2\/product\/23543\/revisions\/166367"}],"wp:featuredmedia":[{"embeddable":true,"href":"https:\/\/www.ferberpainting.com\/ch-de\/wp-json\/wp\/v2\/media\/26033"}],"wp:attachment":[{"href":"https:\/\/www.ferberpainting.com\/ch-de\/wp-json\/wp\/v2\/media?parent=23543"}],"wp:term":[{"taxonomy":"product_brand","embeddable":true,"href":"https:\/\/www.ferberpainting.com\/ch-de\/wp-json\/wp\/v2\/product_brand?post=23543"},{"taxonomy":"product_cat","embeddable":true,"href":"https:\/\/www.ferberpainting.com\/ch-de\/wp-json\/wp\/v2\/product_cat?post=23543"},{"taxonomy":"product_tag","embeddable":true,"href":"https:\/\/www.ferberpainting.com\/ch-de\/wp-json\/wp\/v2\/product_tag?post=23543"}],"curies":[{"name":"wp","href":"https:\/\/api.w.org\/{rel}","templated":true}]}}