{"id":23493,"date":"2025-05-26T10:24:24","date_gmt":"2025-05-26T08:24:24","guid":{"rendered":"https:\/\/www.ferberpainting.com\/products\/glyphosate\/"},"modified":"2026-02-24T18:08:45","modified_gmt":"2026-02-24T17:08:45","slug":"glyphosate","status":"publish","type":"product","link":"https:\/\/www.ferberpainting.com\/ch-de\/products\/glyphosate\/","title":{"rendered":"Glyphosat"},"content":{"rendered":"<p><img decoding=\"async\" style=\"margin-right: 12px;\" src=\"https:\/\/www.ferberpainting.com\/wp-content\/uploads\/2026\/02\/Check.svg\" alt=\"\" width=\"18\" height=\"15\" \/><strong>Leistungsstarke systemische Unkrautbek\u00e4mpfung mit einer hohen Glyphosatkonzentration.<\/strong> Unsere Glyphosatl\u00f6sung enth\u00e4lt 360 g\/l eines hochwertigen Wirkstoffs, der eine starke und zuverl\u00e4ssige systemische Wirkung gegen ein breites Spektrum von Unkr\u00e4utern entfaltet. Nach der Anwendung wird der Wirkstoff \u00fcber die Bl\u00e4tter aufgenommen und durch die gesamte Pflanze transportiert, so dass er Wurzeln und unterirdische Strukturen erreicht und eine vollst\u00e4ndige und lang anhaltende Kontrolle gew\u00e4hrleistet. Diese hochwirksame Formulierung ist f\u00fcr eine effiziente Vegetationskontrolle in der Landwirtschaft, in der Industrie und in Wohngebieten konzipiert.<\/p>\n<p><strong><img decoding=\"async\" style=\"margin-right: 12px;\" src=\"https:\/\/www.ferberpainting.com\/wp-content\/uploads\/2026\/02\/Check.svg\" alt=\"\" width=\"18\" height=\"15\" \/>Das wirksamste nicht-selektive Herbizid auf dem Markt.<\/strong> Diese Glyphosatformulierung wurde f\u00fcr eine schnelle Absorption und tiefe systemische Wirkung entwickelt und beseitigt ein- und mehrj\u00e4hrige Unkr\u00e4uter wirksamer als reine Kontaktbehandlungen. Sie zielt auf das gesamte Pflanzensystem ab, verhindert das Nachwachsen und reduziert die Notwendigkeit wiederholter Anwendungen erheblich.<\/p>\n<p><strong><img decoding=\"async\" style=\"margin-right: 12px;\" src=\"https:\/\/www.ferberpainting.com\/wp-content\/uploads\/2026\/02\/Check.svg\" alt=\"\" width=\"18\" height=\"15\" \/>Geld-zur\u00fcck-Garantie f\u00fcr absoluten Seelenfrieden.<\/strong> Wir haben volles Vertrauen in die Zuverl\u00e4ssigkeit und Leistungsf\u00e4higkeit unserer Glyphosatl\u00f6sung. Wenn Sie mit den Ergebnissen nicht zufrieden sind, erstatten wir Ihnen den Kaufpreis. Unsere Geld-zur\u00fcck-Garantie stellt sicher, dass Ihre Investition v\u00f6llig risikofrei ist und spiegelt unser Engagement f\u00fcr eine professionelle Unkrautbek\u00e4mpfung wider.<\/p>\n<p><strong><img decoding=\"async\" style=\"margin-right: 12px;\" src=\"https:\/\/www.ferberpainting.com\/wp-content\/uploads\/2026\/02\/Check.svg\" alt=\"\" width=\"18\" height=\"15\" \/>Die preiswerteste Hochleistungs-Glyphosatl\u00f6sung auf dem Markt.<\/strong> Professionelle Unkrautbek\u00e4mpfung muss nicht teuer sein. Unsere konzentrierte Formel bietet eine erstklassige systemische Kontrolle zum g\u00fcnstigsten Preis auf dem Markt und bietet Landwirten, Landschaftsg\u00e4rtnern, Bauunternehmern und Grundst\u00fcckseigent\u00fcmern einen au\u00dfergew\u00f6hnlichen Wert.<\/p>\n<p><strong><img decoding=\"async\" style=\"margin-right: 12px;\" src=\"https:\/\/www.ferberpainting.com\/wp-content\/uploads\/2026\/02\/Check.svg\" alt=\"\" width=\"18\" height=\"15\" \/>Schnelle 24-Stunden-Lieferung f\u00fcr dringende Vegetationskontrolle.<\/strong> Das Unkrautwachstum kann schnell unkontrollierbar werden. Deshalb bieten wir eine zuverl\u00e4ssige 24-Stunden-Lieferung an, damit Sie Ihre Glyphosatl\u00f6sung schnell erhalten und ohne Verz\u00f6gerung handeln k\u00f6nnen.<\/p>\n<p><strong><img decoding=\"async\" style=\"margin-right: 12px;\" src=\"https:\/\/www.ferberpainting.com\/wp-content\/uploads\/2026\/02\/Check.svg\" alt=\"\" width=\"18\" height=\"15\" \/>Empfohlene Verd\u00fcnnungsrate von 50 ml pro Liter Wasser f\u00fcr optimale Leistung.<\/strong> F\u00fcr eine wirksame Anwendung verd\u00fcnnen Sie das Produkt mit einer Menge von 50 ml Glyphosat pro 1 Liter sauberem Wasser. Diese ausgewogene Konzentration gew\u00e4hrleistet eine ordnungsgem\u00e4\u00dfe systemische Absorption bei gleichzeitiger effizienter Abdeckung und Kostenkontrolle.<\/p>\n<p><strong><img decoding=\"async\" style=\"margin-right: 12px;\" src=\"https:\/\/www.ferberpainting.com\/wp-content\/uploads\/2026\/02\/Check.svg\" alt=\"\" width=\"18\" height=\"15\" \/>Breites Spektrum an Unkrautbek\u00e4mpfungsm\u00f6glichkeiten.<\/strong> Diese Glyphosatformulierung ist gegen eine Vielzahl von Unkr\u00e4utern wirksam, darunter Gr\u00e4ser, breitbl\u00e4ttrige Unkr\u00e4uter und invasive Pflanzenarten. Es eignet sich f\u00fcr den Einsatz in G\u00e4rten, Einfahrten, Industrieanlagen, landwirtschaftlichen Feldern, Z\u00e4unen und nicht bewirtschafteten Fl\u00e4chen.<\/p>\n<p><strong><img decoding=\"async\" style=\"margin-right: 12px;\" src=\"https:\/\/www.ferberpainting.com\/wp-content\/uploads\/2026\/02\/Check.svg\" alt=\"\" width=\"18\" height=\"15\" \/>Systemische Wirkung zur vollst\u00e4ndigen Beseitigung der Wurzeln.<\/strong> Im Gegensatz zu Kontaktherbiziden, die nur das sichtbare Blattwerk sch\u00e4digen, verteilt sich Glyphosat im gesamten Gef\u00e4\u00dfsystem der Pflanze. Es unterbricht wesentliche Wachstumsprozesse und sorgt daf\u00fcr, dass behandelte Unkr\u00e4uter von den Wurzeln an aufw\u00e4rts absterben, was das Nachwachsen erheblich reduziert.<\/p>\n<p><strong><img decoding=\"async\" style=\"margin-right: 12px;\" src=\"https:\/\/www.ferberpainting.com\/wp-content\/uploads\/2026\/02\/Check.svg\" alt=\"\" width=\"18\" height=\"15\" \/>Ideal f\u00fcr gro\u00df angelegte und gezielte Anwendungen.<\/strong> Die konzentrierte Formel erm\u00f6glicht flexible Mischmengen, so dass es sich sowohl f\u00fcr kleine Punktbehandlungen als auch f\u00fcr die gro\u00dffl\u00e4chige Vegetationspflege eignet. Das klare Verd\u00fcnnungsverh\u00e4ltnis vereinfacht die Zubereitung und sorgt f\u00fcr gleichbleibende Ergebnisse.<\/p>\n<p><strong><img decoding=\"async\" style=\"margin-right: 12px;\" src=\"https:\/\/www.ferberpainting.com\/wp-content\/uploads\/2026\/02\/Check.svg\" alt=\"\" width=\"18\" height=\"15\" \/>Zuverl\u00e4ssige Leistung in verschiedenen Umgebungen.<\/strong> Dieses Produkt ist so konzipiert, dass es bei vorschriftsm\u00e4\u00dfiger Anwendung in verschiedenen Klimazonen und unter verschiedenen Vegetationsbedingungen wirksam ist. Seine konsistente Formulierung gew\u00e4hrleistet vorhersehbare und verl\u00e4ssliche Ergebnisse bei der Unkrautbek\u00e4mpfung.<\/p>\n<h2><strong>Anweisungen<\/strong><\/h2>\n<ul>\n<li>Messen Sie vorsichtig 50 ml Glyphosatkonzentrat auf 1 Liter sauberes Wasser ab.<\/li>\n<li>In einem geeigneten Spritztank oder Anwendungsbeh\u00e4lter gr\u00fcndlich mischen, bis die L\u00f6sung gleichm\u00e4\u00dfig ist.<\/li>\n<li>Mit einem kalibrierten Spr\u00fchger\u00e4t ausbringen, um eine gleichm\u00e4\u00dfige Verteilung auf dem Zielunkraut zu gew\u00e4hrleisten.<\/li>\n<li>Direkt auf aktiv wachsende Unkr\u00e4uter spr\u00fchen und dabei sicherstellen, dass die Blattoberfl\u00e4chen vollst\u00e4ndig bedeckt sind, ohne dass es zu einem \u00fcberm\u00e4\u00dfigen Ablaufen kommt.<\/li>\n<li>Tragen Sie das Mittel bei trockenem Wetter auf, wenn mehrere Stunden nach der Behandlung kein Regen zu erwarten ist, damit es gut aufgenommen werden kann.<\/li>\n<li>Vermeiden Sie das Spr\u00fchen bei starkem Wind, um eine Abdrift auf erw\u00fcnschte Pflanzen zu vermeiden.<\/li>\n<li>Nicht auf Rasenfl\u00e4chen oder Kulturpflanzen anwenden, es sei denn, die Vegetation soll vollst\u00e4ndig entfernt werden, da es sich um ein nicht-selektives Herbizid handelt.<\/li>\n<li>Lassen Sie gen\u00fcgend Zeit f\u00fcr die systemische Absorption, bevor Sie das behandelte Unkraut st\u00f6ren. Sichtbare Symptome k\u00f6nnen je nach Umgebungsbedingungen innerhalb mehrerer Tage auftreten.<\/li>\n<li>Bei mehrj\u00e4hrigen oder stark etablierten Unkr\u00e4utern kann nach dem anf\u00e4nglichen Absterben eine erneute Anwendung erforderlich sein, wenn es zu einem Wiederaufwuchs kommt.<\/li>\n<li>Reinigen Sie die Ausbringungsger\u00e4te nach der Anwendung gr\u00fcndlich, um unbeabsichtigte Sch\u00e4den an anderen Pflanzen zu vermeiden.<\/li>\n<li>Bewahren Sie das Konzentrat an einem k\u00fchlen, trockenen Ort und vor direkter Sonneneinstrahlung gesch\u00fctzt auf und halten Sie den Beh\u00e4lter dicht verschlossen.<\/li>\n<li>Befolgen Sie alle \u00f6rtlichen Vorschriften und Sicherheitsrichtlinien zur Verwendung und Handhabung von Herbiziden.<\/li>\n<\/ul>","protected":false},"excerpt":{"rendered":"<p>Powerful systemic weed control with a high glyphosate concentration. Our glyphosate solution contains 360 g\/L of high-quality active ingredient, delivering strong and reliable systemic action against a broad spectrum of weeds. Once applied, it is absorbed through the leaves and transported throughout the plant, reaching roots and underground structures to ensure complete and long-lasting control. [&hellip;]<\/p>\n","protected":false},"featured_media":169822,"comment_status":"open","ping_status":"closed","template":"","meta":{"_uag_custom_page_level_css":"","site-sidebar-layout":"default","site-content-layout":"","ast-site-content-layout":"default","site-content-style":"default","site-sidebar-style":"default","ast-global-header-display":"","ast-banner-title-visibility":"","ast-main-header-display":"","ast-hfb-above-header-display":"","ast-hfb-below-header-display":"","ast-hfb-mobile-header-display":"","site-post-title":"","ast-breadcrumbs-content":"","ast-featured-img":"","footer-sml-layout":"","ast-disable-related-posts":"","theme-transparent-header-meta":"default","adv-header-id-meta":"","stick-header-meta":"","header-above-stick-meta":"","header-main-stick-meta":"","header-below-stick-meta":"","astra-migrate-meta-layouts":"set","ast-page-background-enabled":"default","ast-page-background-meta":{"desktop":{"background-color":"var(--ast-global-color-4)","background-image":"","background-repeat":"repeat","background-position":"center center","background-size":"auto","background-attachment":"scroll","background-type":"","background-media":"","overlay-type":"","overlay-color":"","overlay-opacity":"","overlay-gradient":""},"tablet":{"background-color":"","background-image":"","background-repeat":"repeat","background-position":"center center","background-size":"auto","background-attachment":"scroll","background-type":"","background-media":"","overlay-type":"","overlay-color":"","overlay-opacity":"","overlay-gradient":""},"mobile":{"background-color":"","background-image":"","background-repeat":"repeat","background-position":"center center","background-size":"auto","background-attachment":"scroll","background-type":"","background-media":"","overlay-type":"","overlay-color":"","overlay-opacity":"","overlay-gradient":""}},"ast-content-background-meta":{"desktop":{"background-color":"var(--ast-global-color-5)","background-image":"","background-repeat":"repeat","background-position":"center center","background-size":"auto","background-attachment":"scroll","background-type":"","background-media":"","overlay-type":"","overlay-color":"","overlay-opacity":"","overlay-gradient":""},"tablet":{"background-color":"var(--ast-global-color-5)","background-image":"","background-repeat":"repeat","background-position":"center center","background-size":"auto","background-attachment":"scroll","background-type":"","background-media":"","overlay-type":"","overlay-color":"","overlay-opacity":"","overlay-gradient":""},"mobile":{"background-color":"var(--ast-global-color-5)","background-image":"","background-repeat":"repeat","background-position":"center center","background-size":"auto","background-attachment":"scroll","background-type":"","background-media":"","overlay-type":"","overlay-color":"","overlay-opacity":"","overlay-gradient":""}}},"product_brand":[],"product_cat":[175],"product_tag":[],"class_list":{"0":"post-23493","1":"product","2":"type-product","3":"status-publish","4":"has-post-thumbnail","6":"product_cat-cleaning-products","7":"desktop-align-left","8":"tablet-align-left","9":"mobile-align-left","11":"first","12":"instock","13":"sale","14":"taxable","15":"shipping-taxable","16":"purchasable","17":"product-type-variable","18":"has-default-attributes"},"spectra_custom_meta":{"_visibility":["visible"],"_shopify_product_id":["8138312581365"],"_s2w_shopify_domain":["ferberpainting.myshopify.com"],"_shopify_variant_id":["44056539529461"],"_sku":["FPGLYPHOSATE"],"_manage_stock":["no"],"total_sales":["22543"],"_tax_status":["taxable"],"_tax_class":[""],"_backorders":["no"],"_sold_individually":["no"],"_virtual":["no"],"_downloadable":["no"],"_download_limit":["-1"],"_download_expiry":["-1"],"_stock":[null],"_stock_status":["instock"],"_wc_average_rating":["4.96"],"_wc_review_count":["156"],"_product_attributes":["a:1:{s:6:\"volume\";a:6:{s:4:\"name\";s:6:\"Volume\";s:5:\"value\";s:20:\"5 liters | 25 liters\";s:8:\"position\";i:1;s:10:\"is_visible\";i:0;s:12:\"is_variation\";i:1;s:11:\"is_taxonomy\";i:0;}}"],"_product_version":["10.5.2"],"_thumbnail_id":["169822"],"_product_image_gallery":["169821"],"merchant-center-availability":["yes"],"merchant-center-category":["3103"],"wpse_downloadable_file_names":[""],"wpse_downloadable_file_urls":[""],"_edit_last":["1"],"_default_attributes":["a:1:{s:6:\"volume\";s:8:\"5 liters\";}"],"_wc_rating_count":["a:3:{i:3;i:1;i:4;i:4;i:5;i:151;}"],"_edit_lock":["1777192048:3822"],"_wp_page_template":["default"],"site-sidebar-layout":["default"],"ast-site-content-layout":["default"],"site-content-style":["default"],"site-sidebar-style":["default"],"theme-transparent-header-meta":["default"],"_upsell_ids":["a:3:{i:0;i:23505;i:1;i:25276;i:2;i:25600;}"],"_crosssell_ids":["a:3:{i:0;i:23505;i:1;i:25276;i:2;i:25600;}"],"merchant-center-id":["FPGLYPHOSATESUBSTITUTE5L"],"_price":["29.90","129.90"],"astra-migrate-meta-layouts":["set"],"_uag_css_file_name":["uag-css-23493.css"],"_elementor_page_assets":["a:0:{}"],"_uag_page_assets":["a:9:{s:3:\"css\";s:7133:\".uag-blocks-common-selector{z-index:var(--z-index-desktop) !important}@media(max-width: 976px){.uag-blocks-common-selector{z-index:var(--z-index-tablet) !important}}@media(max-width: 767px){.uag-blocks-common-selector{z-index:var(--z-index-mobile) !important}}.wp-block-uagb-image{display:flex}.wp-block-uagb-image__figure{position:relative;display:flex;flex-direction:column;max-width:100%;height:auto;margin:0}.wp-block-uagb-image__figure img{height:auto;display:flex;max-width:100%;transition:box-shadow .2s ease}.wp-block-uagb-image__figure>a{display:inline-block}.wp-block-uagb-image__figure figcaption{text-align:center;margin-top:.5em;margin-bottom:1em}.wp-block-uagb-image .components-placeholder.block-editor-media-placeholder .components-placeholder__instructions{align-self:center}.wp-block-uagb-image--align-left{text-align:left}.wp-block-uagb-image--align-right{text-align:right}.wp-block-uagb-image--align-center{text-align:center}.wp-block-uagb-image--align-full .wp-block-uagb-image__figure{margin-left:calc(50% - 50vw);margin-right:calc(50% - 50vw);max-width:100vw;width:100vw;height:auto}.wp-block-uagb-image--align-full .wp-block-uagb-image__figure img{height:auto;width:100% !important}.wp-block-uagb-image--align-wide .wp-block-uagb-image__figure img{height:auto;width:100%}.wp-block-uagb-image--layout-overlay__color-wrapper{position:absolute;left:0;top:0;right:0;bottom:0;opacity:.2;background:rgba(0,0,0,.5);transition:opacity .35s ease-in-out}.wp-block-uagb-image--layout-overlay-link{position:absolute;left:0;right:0;bottom:0;top:0}.wp-block-uagb-image--layout-overlay .wp-block-uagb-image__figure:hover .wp-block-uagb-image--layout-overlay__color-wrapper{opacity:1}.wp-block-uagb-image--layout-overlay__inner{position:absolute;left:15px;right:15px;bottom:15px;top:15px;display:flex;align-items:center;justify-content:center;flex-direction:column;border-color:#fff;transition:.35s ease-in-out}.wp-block-uagb-image--layout-overlay__inner.top-left,.wp-block-uagb-image--layout-overlay__inner.top-center,.wp-block-uagb-image--layout-overlay__inner.top-right{justify-content:flex-start}.wp-block-uagb-image--layout-overlay__inner.bottom-left,.wp-block-uagb-image--layout-overlay__inner.bottom-center,.wp-block-uagb-image--layout-overlay__inner.bottom-right{justify-content:flex-end}.wp-block-uagb-image--layout-overlay__inner.top-left,.wp-block-uagb-image--layout-overlay__inner.center-left,.wp-block-uagb-image--layout-overlay__inner.bottom-left{align-items:flex-start}.wp-block-uagb-image--layout-overlay__inner.top-right,.wp-block-uagb-image--layout-overlay__inner.center-right,.wp-block-uagb-image--layout-overlay__inner.bottom-right{align-items:flex-end}.wp-block-uagb-image--layout-overlay__inner .uagb-image-heading{color:#fff;transition:transform .35s,opacity .35s ease-in-out;transform:translate3d(0, 24px, 0);margin:0;line-height:1em}.wp-block-uagb-image--layout-overlay__inner .uagb-image-separator{width:30%;border-top-width:2px;border-top-color:#fff;border-top-style:solid;margin-bottom:10px;opacity:0;transition:transform .4s,opacity .4s ease-in-out;transform:translate3d(0, 30px, 0)}.wp-block-uagb-image--layout-overlay__inner .uagb-image-caption{opacity:0;overflow:visible;color:#fff;transition:transform .45s,opacity .45s ease-in-out;transform:translate3d(0, 35px, 0)}.wp-block-uagb-image--layout-overlay__inner:hover .uagb-image-heading,.wp-block-uagb-image--layout-overlay__inner:hover .uagb-image-separator,.wp-block-uagb-image--layout-overlay__inner:hover .uagb-image-caption{opacity:1;transform:translate3d(0, 0, 0)}.wp-block-uagb-image--effect-zoomin .wp-block-uagb-image__figure img,.wp-block-uagb-image--effect-zoomin .wp-block-uagb-image__figure .wp-block-uagb-image--layout-overlay__color-wrapper{transform:scale(1);transition:transform .35s ease-in-out}.wp-block-uagb-image--effect-zoomin .wp-block-uagb-image__figure:hover img,.wp-block-uagb-image--effect-zoomin .wp-block-uagb-image__figure:hover .wp-block-uagb-image--layout-overlay__color-wrapper{transform:scale(1.05)}.wp-block-uagb-image--effect-slide .wp-block-uagb-image__figure img,.wp-block-uagb-image--effect-slide .wp-block-uagb-image__figure .wp-block-uagb-image--layout-overlay__color-wrapper{width:calc(100% + 40px) !important;max-width:none !important;transform:translate3d(-40px, 0, 0);transition:transform .35s ease-in-out}.wp-block-uagb-image--effect-slide .wp-block-uagb-image__figure:hover img,.wp-block-uagb-image--effect-slide .wp-block-uagb-image__figure:hover .wp-block-uagb-image--layout-overlay__color-wrapper{transform:translate3d(0, 0, 0)}.wp-block-uagb-image--effect-grayscale img{filter:grayscale(0%);transition:.35s ease-in-out}.wp-block-uagb-image--effect-grayscale:hover img{filter:grayscale(100%)}.wp-block-uagb-image--effect-blur img{filter:blur(0);transition:.35s ease-in-out}.wp-block-uagb-image--effect-blur:hover img{filter:blur(3px)}.uagb-block-e6f939b3.wp-block-uagb-image--layout-default figure img{box-shadow: 0px 0px 0 #00000070;}.uagb-block-e6f939b3.wp-block-uagb-image .wp-block-uagb-image__figure figcaption{font-style: normal;align-self: center;}.uagb-block-e6f939b3.wp-block-uagb-image--layout-overlay figure img{box-shadow: 0px 0px 0 #00000070;}.uagb-block-e6f939b3.wp-block-uagb-image--layout-overlay .wp-block-uagb-image--layout-overlay__color-wrapper{opacity: 0.2;}.uagb-block-e6f939b3.wp-block-uagb-image--layout-overlay .wp-block-uagb-image--layout-overlay__inner{left: 15px;right: 15px;top: 15px;bottom: 15px;}.uagb-block-e6f939b3.wp-block-uagb-image--layout-overlay .wp-block-uagb-image--layout-overlay__inner .uagb-image-heading{font-style: normal;color: #fff;opacity: 1;}.uagb-block-e6f939b3.wp-block-uagb-image--layout-overlay .wp-block-uagb-image--layout-overlay__inner .uagb-image-heading a{color: #fff;}.uagb-block-e6f939b3.wp-block-uagb-image--layout-overlay .wp-block-uagb-image--layout-overlay__inner .uagb-image-caption{opacity: 0;}.uagb-block-e6f939b3.wp-block-uagb-image--layout-overlay .wp-block-uagb-image__figure:hover .wp-block-uagb-image--layout-overlay__color-wrapper{opacity: 1;}.uagb-block-e6f939b3.wp-block-uagb-image .wp-block-uagb-image--layout-overlay__inner .uagb-image-separator{width: 30%;border-top-width: 2px;border-top-color: #fff;opacity: 0;}.uagb-block-e6f939b3.wp-block-uagb-image .wp-block-uagb-image__figure img{width: px;height: auto;}.uagb-block-e6f939b3.wp-block-uagb-image .wp-block-uagb-image__figure:hover .wp-block-uagb-image--layout-overlay__inner .uagb-image-caption{opacity: 1;}.uagb-block-e6f939b3.wp-block-uagb-image .wp-block-uagb-image__figure:hover .wp-block-uagb-image--layout-overlay__inner .uagb-image-separator{opacity: 1;}.uagb-block-e6f939b3.wp-block-uagb-image--layout-default figure:hover img{box-shadow: 0px 0px 0 #00000070;}.uagb-block-e6f939b3.wp-block-uagb-image--layout-overlay figure:hover img{box-shadow: 0px 0px 0 #00000070;}@media only screen and (max-width: 976px) {.uagb-block-e6f939b3.wp-block-uagb-image .wp-block-uagb-image__figure img{width: px;height: auto;}}@media only screen and (max-width: 767px) {.uagb-block-e6f939b3.wp-block-uagb-image .wp-block-uagb-image__figure img{width: px;height: auto;}}\";s:2:\"js\";s:0:\"\";s:18:\"current_block_list\";a:13:{i:0;s:11:\"core\/search\";i:1;s:10:\"core\/group\";i:2;s:12:\"core\/heading\";i:3;s:17:\"core\/latest-posts\";i:4;s:20:\"core\/latest-comments\";i:5;s:13:\"core\/archives\";i:6;s:15:\"core\/categories\";i:7;s:14:\"core\/paragraph\";i:8;s:10:\"uagb\/image\";i:9;s:11:\"core\/spacer\";i:10;s:30:\"woocommerce\/product-categories\";i:11;s:10:\"core\/image\";i:12;s:14:\"core\/shortcode\";}s:8:\"uag_flag\";b:1;s:11:\"uag_version\";s:10:\"1777329330\";s:6:\"gfonts\";a:0:{}s:10:\"gfonts_url\";s:0:\"\";s:12:\"gfonts_files\";a:0:{}s:14:\"uag_faq_layout\";b:0;}"]},"uagb_featured_image_src":{"full":["https:\/\/www.ferberpainting.com\/wp-content\/uploads\/2025\/05\/Glyphosate-5L-Mockup-.png",2560,2560,false],"thumbnail":["https:\/\/www.ferberpainting.com\/wp-content\/uploads\/2025\/05\/Glyphosate-5L-Mockup--150x150.png",150,150,true],"medium":["https:\/\/www.ferberpainting.com\/wp-content\/uploads\/2025\/05\/Glyphosate-5L-Mockup--300x300.png",300,300,true],"medium_large":["https:\/\/www.ferberpainting.com\/wp-content\/uploads\/2025\/05\/Glyphosate-5L-Mockup--768x768.png",768,768,true],"large":["https:\/\/www.ferberpainting.com\/wp-content\/uploads\/2025\/05\/Glyphosate-5L-Mockup--1024x1024.png",1024,1024,true],"1536x1536":["https:\/\/www.ferberpainting.com\/wp-content\/uploads\/2025\/05\/Glyphosate-5L-Mockup--1536x1536.png",1536,1536,true],"2048x2048":["https:\/\/www.ferberpainting.com\/wp-content\/uploads\/2025\/05\/Glyphosate-5L-Mockup--2048x2048.png",2048,2048,true],"trp-custom-language-flag":["https:\/\/www.ferberpainting.com\/wp-content\/uploads\/2025\/05\/Glyphosate-5L-Mockup--12x12.png",12,12,true],"woocommerce_thumbnail":["https:\/\/www.ferberpainting.com\/wp-content\/uploads\/2025\/05\/Glyphosate-5L-Mockup--300x300.png",300,300,true],"woocommerce_single":["https:\/\/www.ferberpainting.com\/wp-content\/uploads\/2025\/05\/Glyphosate-5L-Mockup--600x600.png",600,600,true],"woocommerce_gallery_thumbnail":["https:\/\/www.ferberpainting.com\/wp-content\/uploads\/2025\/05\/Glyphosate-5L-Mockup--100x100.png",100,100,true]},"uagb_author_info":{"display_name":"admin","author_link":"https:\/\/www.ferberpainting.com\/ch-de\/author\/"},"uagb_comment_info":156,"uagb_excerpt":"Powerful systemic weed control with a high glyphosate concentration. Our glyphosate solution contains 360 g\/L of high-quality active ingredient, delivering strong and reliable systemic action against a broad spectrum of weeds. Once applied, it is absorbed through the leaves and transported throughout the plant, reaching roots and underground structures to ensure complete and long-lasting control.&hellip;","_links":{"self":[{"href":"https:\/\/www.ferberpainting.com\/ch-de\/wp-json\/wp\/v2\/product\/23493","targetHints":{"allow":["GET"]}}],"collection":[{"href":"https:\/\/www.ferberpainting.com\/ch-de\/wp-json\/wp\/v2\/product"}],"about":[{"href":"https:\/\/www.ferberpainting.com\/ch-de\/wp-json\/wp\/v2\/types\/product"}],"replies":[{"embeddable":true,"href":"https:\/\/www.ferberpainting.com\/ch-de\/wp-json\/wp\/v2\/comments?post=23493"}],"version-history":[{"count":10,"href":"https:\/\/www.ferberpainting.com\/ch-de\/wp-json\/wp\/v2\/product\/23493\/revisions"}],"predecessor-version":[{"id":230420,"href":"https:\/\/www.ferberpainting.com\/ch-de\/wp-json\/wp\/v2\/product\/23493\/revisions\/230420"}],"wp:featuredmedia":[{"embeddable":true,"href":"https:\/\/www.ferberpainting.com\/ch-de\/wp-json\/wp\/v2\/media\/169822"}],"wp:attachment":[{"href":"https:\/\/www.ferberpainting.com\/ch-de\/wp-json\/wp\/v2\/media?parent=23493"}],"wp:term":[{"taxonomy":"product_brand","embeddable":true,"href":"https:\/\/www.ferberpainting.com\/ch-de\/wp-json\/wp\/v2\/product_brand?post=23493"},{"taxonomy":"product_cat","embeddable":true,"href":"https:\/\/www.ferberpainting.com\/ch-de\/wp-json\/wp\/v2\/product_cat?post=23493"},{"taxonomy":"product_tag","embeddable":true,"href":"https:\/\/www.ferberpainting.com\/ch-de\/wp-json\/wp\/v2\/product_tag?post=23493"}],"curies":[{"name":"wp","href":"https:\/\/api.w.org\/{rel}","templated":true}]}}