{"id":23449,"date":"2025-05-26T10:24:11","date_gmt":"2025-05-26T08:24:11","guid":{"rendered":"https:\/\/www.ferberpainting.com\/products\/flea-killer\/"},"modified":"2026-02-15T14:10:34","modified_gmt":"2026-02-15T13:10:34","slug":"flea-killer","status":"publish","type":"product","link":"https:\/\/www.ferberpainting.com\/ch-de\/products\/flea-killer\/","title":{"rendered":"Flohmittel"},"content":{"rendered":"<p><img decoding=\"async\" style=\"margin-right: 12px;\" src=\"https:\/\/www.ferberpainting.com\/wp-content\/uploads\/2026\/02\/Check.svg\" alt=\"\" width=\"18\" height=\"15\" \/><strong>Beseitigen Sie Fl\u00f6he schnell und stellen Sie den Komfort in Ihrem Zuhause wieder her.<\/strong> Unser Flohmittel wurde speziell entwickelt, um Fl\u00f6he auf Fu\u00dfb\u00f6den, Teppichen, Liegefl\u00e4chen von Haustieren und Oberfl\u00e4chen im Haushalt wirksam zu beseitigen. Es wirkt schnell, um erwachsene Fl\u00f6he zu beseitigen und den Befall deutlich zu reduzieren, damit Sie wieder ein sauberes, komfortables und sch\u00e4dlingsfreies Wohnumfeld haben.<\/p>\n<p><strong><img decoding=\"async\" style=\"margin-right: 12px;\" src=\"https:\/\/www.ferberpainting.com\/wp-content\/uploads\/2026\/02\/Check.svg\" alt=\"\" width=\"18\" height=\"15\" \/>Die wirksamste Flohbek\u00e4mpfungsl\u00f6sung auf dem Markt.<\/strong> Diese Behandlung wurde mit fortschrittlichen Wirkstoffen entwickelt, die Fl\u00f6he bei Kontakt bek\u00e4mpfen und einen Restschutz auf den behandelten Oberfl\u00e4chen bieten. Es unterbricht den Lebenszyklus von Fl\u00f6hen und reduziert das Risiko eines erneuten Befalls. Im Vergleich zu einfachen Sprays oder tempor\u00e4ren L\u00f6sungen liefert es hervorragende Ergebnisse.<\/p>\n<p><strong><img decoding=\"async\" style=\"margin-right: 12px;\" src=\"https:\/\/www.ferberpainting.com\/wp-content\/uploads\/2026\/02\/Check.svg\" alt=\"\" width=\"18\" height=\"15\" \/>Geld-zur\u00fcck-Garantie f\u00fcr absoluten Seelenfrieden.<\/strong> Wir haben volles Vertrauen in die Wirksamkeit unserer Flohbehandlung. Wenn Sie mit den Ergebnissen nicht zufrieden sind, erstatten wir Ihnen den Kaufpreis zur\u00fcck. Unsere Geld-zur\u00fcck-Garantie stellt sicher, dass Ihre Investition v\u00f6llig risikofrei ist und spiegelt unser Engagement f\u00fcr eine professionelle Sch\u00e4dlingsbek\u00e4mpfung wider.<\/p>\n<p><strong><img decoding=\"async\" style=\"margin-right: 12px;\" src=\"https:\/\/www.ferberpainting.com\/wp-content\/uploads\/2026\/02\/Check.svg\" alt=\"\" width=\"18\" height=\"15\" \/>Das preiswerteste hochwirksame Flohmittel auf dem Markt.<\/strong> Eine wirksame Flohbek\u00e4mpfung muss nicht mit teuren Kammerj\u00e4gerdiensten verbunden sein. Unser Produkt bietet eine leistungsstarke und zuverl\u00e4ssige Leistung zum wettbewerbsf\u00e4higsten Preis auf dem Markt und bietet Hausbesitzern und Immobilienverwaltern ein hervorragendes Preis-Leistungs-Verh\u00e4ltnis.<\/p>\n<p><strong><img decoding=\"async\" style=\"margin-right: 12px;\" src=\"https:\/\/www.ferberpainting.com\/wp-content\/uploads\/2026\/02\/Check.svg\" alt=\"\" width=\"18\" height=\"15\" \/>Schnelle 24-Stunden-Lieferung bei dringendem Befall.<\/strong> Flohbefall kann sich schnell ausbreiten und sowohl f\u00fcr Haustiere als auch f\u00fcr Menschen unangenehme Folgen haben. Deshalb bieten wir eine zuverl\u00e4ssige 24-Stunden-Lieferung an, damit Ihre Behandlung schnell ankommt und Sie sofort handeln k\u00f6nnen.<\/p>\n<p><strong><img decoding=\"async\" style=\"margin-right: 12px;\" src=\"https:\/\/www.ferberpainting.com\/wp-content\/uploads\/2026\/02\/Check.svg\" alt=\"\" width=\"18\" height=\"15\" \/>Deckkraft von bis zu 20 m\u00b2 pro Liter f\u00fcr eine effiziente Behandlung.<\/strong> Ein Liter reicht f\u00fcr bis zu 20 Quadratmeter, was eine genaue Planung und wirtschaftliche Anwendung erm\u00f6glicht. Diese definierte Abdeckung gew\u00e4hrleistet eine gr\u00fcndliche Verteilung und einen wirksamen Schutz der behandelten Fl\u00e4chen.<\/p>\n<p><strong><img decoding=\"async\" style=\"margin-right: 12px;\" src=\"https:\/\/www.ferberpainting.com\/wp-content\/uploads\/2026\/02\/Check.svg\" alt=\"\" width=\"18\" height=\"15\" \/>Wirkt gegen aktive Fl\u00f6he und hilft, die Fortsetzung des Lebenszyklus zu reduzieren.<\/strong> Die Formel eliminiert erwachsene Fl\u00f6he bei Kontakt und hinterl\u00e4sst einen sch\u00fctzenden R\u00fcckstand, der weiterhin auf Oberfl\u00e4chen wirkt und dazu beitr\u00e4gt, die Entwicklung eines neuen Befalls zu reduzieren.<\/p>\n<p><strong><img decoding=\"async\" style=\"margin-right: 12px;\" src=\"https:\/\/www.ferberpainting.com\/wp-content\/uploads\/2026\/02\/Check.svg\" alt=\"\" width=\"18\" height=\"15\" \/>Geeignet f\u00fcr mehrere Innenfl\u00e4chen.<\/strong> Diese Flohbehandlung kann auf Teppichen, Vorlegern, Haustierbetten, Ritzen, Fu\u00dfleisten und Bodenfl\u00e4chen angewendet werden. Es eignet sich f\u00fcr Wohnumgebungen, Wohnungen und leichte Gewerbefl\u00e4chen.<\/p>\n<p><strong><img decoding=\"async\" style=\"margin-right: 12px;\" src=\"https:\/\/www.ferberpainting.com\/wp-content\/uploads\/2026\/02\/Check.svg\" alt=\"\" width=\"18\" height=\"15\" \/>Hilft bei der Verbesserung von Hygiene und Komfort.<\/strong> Durch die Beseitigung von Fl\u00f6hen und die Verringerung des Befallsdrucks tr\u00e4gt diese Behandlung dazu bei, Bisse, Juckreiz und Unannehmlichkeiten f\u00fcr Haustiere und Bewohner zu verhindern. Sie tr\u00e4gt zu einem ges\u00fcnderen Raumklima bei.<\/p>\n<p><strong><img decoding=\"async\" style=\"margin-right: 12px;\" src=\"https:\/\/www.ferberpainting.com\/wp-content\/uploads\/2026\/02\/Check.svg\" alt=\"\" width=\"18\" height=\"15\" \/>Leicht zu handhabendes Spr\u00fchformat f\u00fcr pr\u00e4zisen Auftrag.<\/strong> Die gebrauchsfertige Fl\u00fcssigkeit erm\u00f6glicht eine direkte und kontrollierte Anwendung auf den betroffenen Stellen ohne komplizierte Vorbereitung. Dank ihres benutzerfreundlichen Designs ist sie sowohl f\u00fcr die routinem\u00e4\u00dfige Wartung als auch f\u00fcr die Notfallbehandlung geeignet.<\/p>\n<h2><strong>Anweisungen<\/strong><\/h2>\n<ul>\n<li>Saugen Sie die behandelte Fl\u00e4che vor der Anwendung gr\u00fcndlich ab, um Staub, R\u00fcckst\u00e4nde und Floheier zu entfernen. Entsorgen Sie den Staubsaugerbeutel sofort nach der Reinigung.<\/li>\n<li>Sch\u00fctteln Sie die Flasche vor Gebrauch gut, um eine gleichm\u00e4\u00dfige Verteilung der Wirkstoffe zu gew\u00e4hrleisten.<\/li>\n<li>Gleichm\u00e4\u00dfig auf Teppiche, Vorleger, Ritzen, Fu\u00dfleisten und Schlafpl\u00e4tze f\u00fcr Haustiere auftragen. Vermeiden Sie eine \u00dcbers\u00e4ttigung der Oberfl\u00e4chen.<\/li>\n<li>Beachten Sie die empfohlene Ergiebigkeit von bis zu 20 m\u00b2 pro Liter. Dies entspricht etwa 50 ml pro Quadratmeter, je nach Oberfl\u00e4chenabsorption.<\/li>\n<li>Lassen Sie die behandelten Fl\u00e4chen vollst\u00e4ndig trocknen, bevor Sie Haustiere oder Menschen wieder in den Bereich lassen.<\/li>\n<li>W\u00e4hrend und nach der Anwendung f\u00fcr ausreichende Bel\u00fcftung sorgen.<\/li>\n<li>Bei starkem Befall ist die Behandlung nach 7 bis 14 Tagen zu wiederholen, um den Lebenszyklus der Fl\u00f6he zu unterbrechen.<\/li>\n<li>Waschen Sie die Einstreu f\u00fcr Ihr Haustier separat und behandeln Sie die Liegefl\u00e4chen gr\u00fcndlich, um optimale Ergebnisse zu erzielen.<\/li>\n<li>Spr\u00fchen Sie nicht direkt auf Haustiere, es sei denn, dies wird von einem Tierarzt ausdr\u00fccklich empfohlen.<\/li>\n<li>Lagern Sie das Produkt an einem k\u00fchlen, trockenen Ort, gesch\u00fctzt vor direkter Sonneneinstrahlung, und halten Sie den Beh\u00e4lter nach dem Gebrauch fest verschlossen.<\/li>\n<\/ul>","protected":false},"excerpt":{"rendered":"<p>Eliminate fleas quickly and restore comfort to your home. Our flea treatment is specially formulated to eradicate fleas efficiently from floors, carpets, pet resting areas, and household surfaces. It acts rapidly to eliminate adult fleas and significantly reduce infestation levels, helping you regain a clean, comfortable, and pest-free living environment. The most effective flea control [&hellip;]<\/p>\n","protected":false},"featured_media":25985,"comment_status":"open","ping_status":"closed","template":"","meta":{"_uag_custom_page_level_css":"","site-sidebar-layout":"default","site-content-layout":"","ast-site-content-layout":"default","site-content-style":"default","site-sidebar-style":"default","ast-global-header-display":"","ast-banner-title-visibility":"","ast-main-header-display":"","ast-hfb-above-header-display":"","ast-hfb-below-header-display":"","ast-hfb-mobile-header-display":"","site-post-title":"","ast-breadcrumbs-content":"","ast-featured-img":"","footer-sml-layout":"","ast-disable-related-posts":"","theme-transparent-header-meta":"default","adv-header-id-meta":"","stick-header-meta":"","header-above-stick-meta":"","header-main-stick-meta":"","header-below-stick-meta":"","astra-migrate-meta-layouts":"set","ast-page-background-enabled":"default","ast-page-background-meta":{"desktop":{"background-color":"var(--ast-global-color-4)","background-image":"","background-repeat":"repeat","background-position":"center center","background-size":"auto","background-attachment":"scroll","background-type":"","background-media":"","overlay-type":"","overlay-color":"","overlay-opacity":"","overlay-gradient":""},"tablet":{"background-color":"","background-image":"","background-repeat":"repeat","background-position":"center center","background-size":"auto","background-attachment":"scroll","background-type":"","background-media":"","overlay-type":"","overlay-color":"","overlay-opacity":"","overlay-gradient":""},"mobile":{"background-color":"","background-image":"","background-repeat":"repeat","background-position":"center center","background-size":"auto","background-attachment":"scroll","background-type":"","background-media":"","overlay-type":"","overlay-color":"","overlay-opacity":"","overlay-gradient":""}},"ast-content-background-meta":{"desktop":{"background-color":"var(--ast-global-color-5)","background-image":"","background-repeat":"repeat","background-position":"center center","background-size":"auto","background-attachment":"scroll","background-type":"","background-media":"","overlay-type":"","overlay-color":"","overlay-opacity":"","overlay-gradient":""},"tablet":{"background-color":"var(--ast-global-color-5)","background-image":"","background-repeat":"repeat","background-position":"center center","background-size":"auto","background-attachment":"scroll","background-type":"","background-media":"","overlay-type":"","overlay-color":"","overlay-opacity":"","overlay-gradient":""},"mobile":{"background-color":"var(--ast-global-color-5)","background-image":"","background-repeat":"repeat","background-position":"center center","background-size":"auto","background-attachment":"scroll","background-type":"","background-media":"","overlay-type":"","overlay-color":"","overlay-opacity":"","overlay-gradient":""}}},"product_brand":[],"product_cat":[183],"product_tag":[],"class_list":{"0":"post-23449","1":"product","2":"type-product","3":"status-publish","4":"has-post-thumbnail","6":"product_cat-pest-control","7":"desktop-align-left","8":"tablet-align-left","9":"mobile-align-left","11":"first","12":"instock","13":"sale","14":"shipping-taxable","15":"purchasable","16":"product-type-variable","17":"has-default-attributes"},"spectra_custom_meta":{"_visibility":["visible"],"_shopify_product_id":["7961598853365"],"_s2w_shopify_domain":["ferberpainting.myshopify.com"],"_shopify_variant_id":["43531891343605"],"_sku":[""],"_manage_stock":["no"],"total_sales":["100"],"_tax_status":["taxable"],"_tax_class":[""],"_backorders":["no"],"_sold_individually":["no"],"_virtual":["no"],"_downloadable":["no"],"_download_limit":["-1"],"_download_expiry":["-1"],"_stock":[null],"_stock_status":["instock"],"_wc_average_rating":["5.00"],"_wc_review_count":["49"],"_product_attributes":["a:1:{s:6:\"volume\";a:6:{s:4:\"name\";s:6:\"Volume\";s:5:\"value\";s:30:\"1 liter | 5 liters | 25 liters\";s:8:\"position\";i:1;s:10:\"is_visible\";i:0;s:12:\"is_variation\";i:1;s:11:\"is_taxonomy\";i:0;}}"],"_product_version":["10.5.1"],"_thumbnail_id":["25985"],"_product_image_gallery":["25986,25987"],"wpse_downloadable_file_names":[""],"wpse_downloadable_file_urls":[""],"_edit_last":["1"],"_default_attributes":["a:1:{s:6:\"volume\";s:7:\"1 liter\";}"],"_wc_rating_count":["a:1:{i:5;i:49;}"],"_edit_lock":["1771160904:1"],"merchant-center-availability":["yes"],"merchant-center-category":["512"],"_price":["29.90","129.90","499.90"],"_wp_page_template":["default"],"site-sidebar-layout":["default"],"ast-site-content-layout":["default"],"site-content-style":["default"],"site-sidebar-style":["default"],"theme-transparent-header-meta":["default"],"merchant-center-id":["FK"],"astra-migrate-meta-layouts":["set"],"_uag_css_file_name":["uag-css-23449.css"],"_elementor_page_assets":["a:0:{}"],"_uag_page_assets":["a:9:{s:3:\"css\";s:7133:\".uag-blocks-common-selector{z-index:var(--z-index-desktop) !important}@media(max-width: 976px){.uag-blocks-common-selector{z-index:var(--z-index-tablet) !important}}@media(max-width: 767px){.uag-blocks-common-selector{z-index:var(--z-index-mobile) !important}}.wp-block-uagb-image{display:flex}.wp-block-uagb-image__figure{position:relative;display:flex;flex-direction:column;max-width:100%;height:auto;margin:0}.wp-block-uagb-image__figure img{height:auto;display:flex;max-width:100%;transition:box-shadow .2s ease}.wp-block-uagb-image__figure>a{display:inline-block}.wp-block-uagb-image__figure figcaption{text-align:center;margin-top:.5em;margin-bottom:1em}.wp-block-uagb-image .components-placeholder.block-editor-media-placeholder .components-placeholder__instructions{align-self:center}.wp-block-uagb-image--align-left{text-align:left}.wp-block-uagb-image--align-right{text-align:right}.wp-block-uagb-image--align-center{text-align:center}.wp-block-uagb-image--align-full .wp-block-uagb-image__figure{margin-left:calc(50% - 50vw);margin-right:calc(50% - 50vw);max-width:100vw;width:100vw;height:auto}.wp-block-uagb-image--align-full .wp-block-uagb-image__figure img{height:auto;width:100% !important}.wp-block-uagb-image--align-wide .wp-block-uagb-image__figure img{height:auto;width:100%}.wp-block-uagb-image--layout-overlay__color-wrapper{position:absolute;left:0;top:0;right:0;bottom:0;opacity:.2;background:rgba(0,0,0,.5);transition:opacity .35s ease-in-out}.wp-block-uagb-image--layout-overlay-link{position:absolute;left:0;right:0;bottom:0;top:0}.wp-block-uagb-image--layout-overlay .wp-block-uagb-image__figure:hover .wp-block-uagb-image--layout-overlay__color-wrapper{opacity:1}.wp-block-uagb-image--layout-overlay__inner{position:absolute;left:15px;right:15px;bottom:15px;top:15px;display:flex;align-items:center;justify-content:center;flex-direction:column;border-color:#fff;transition:.35s ease-in-out}.wp-block-uagb-image--layout-overlay__inner.top-left,.wp-block-uagb-image--layout-overlay__inner.top-center,.wp-block-uagb-image--layout-overlay__inner.top-right{justify-content:flex-start}.wp-block-uagb-image--layout-overlay__inner.bottom-left,.wp-block-uagb-image--layout-overlay__inner.bottom-center,.wp-block-uagb-image--layout-overlay__inner.bottom-right{justify-content:flex-end}.wp-block-uagb-image--layout-overlay__inner.top-left,.wp-block-uagb-image--layout-overlay__inner.center-left,.wp-block-uagb-image--layout-overlay__inner.bottom-left{align-items:flex-start}.wp-block-uagb-image--layout-overlay__inner.top-right,.wp-block-uagb-image--layout-overlay__inner.center-right,.wp-block-uagb-image--layout-overlay__inner.bottom-right{align-items:flex-end}.wp-block-uagb-image--layout-overlay__inner .uagb-image-heading{color:#fff;transition:transform .35s,opacity .35s ease-in-out;transform:translate3d(0, 24px, 0);margin:0;line-height:1em}.wp-block-uagb-image--layout-overlay__inner .uagb-image-separator{width:30%;border-top-width:2px;border-top-color:#fff;border-top-style:solid;margin-bottom:10px;opacity:0;transition:transform .4s,opacity .4s ease-in-out;transform:translate3d(0, 30px, 0)}.wp-block-uagb-image--layout-overlay__inner .uagb-image-caption{opacity:0;overflow:visible;color:#fff;transition:transform .45s,opacity .45s ease-in-out;transform:translate3d(0, 35px, 0)}.wp-block-uagb-image--layout-overlay__inner:hover .uagb-image-heading,.wp-block-uagb-image--layout-overlay__inner:hover .uagb-image-separator,.wp-block-uagb-image--layout-overlay__inner:hover .uagb-image-caption{opacity:1;transform:translate3d(0, 0, 0)}.wp-block-uagb-image--effect-zoomin .wp-block-uagb-image__figure img,.wp-block-uagb-image--effect-zoomin .wp-block-uagb-image__figure .wp-block-uagb-image--layout-overlay__color-wrapper{transform:scale(1);transition:transform .35s ease-in-out}.wp-block-uagb-image--effect-zoomin .wp-block-uagb-image__figure:hover img,.wp-block-uagb-image--effect-zoomin .wp-block-uagb-image__figure:hover .wp-block-uagb-image--layout-overlay__color-wrapper{transform:scale(1.05)}.wp-block-uagb-image--effect-slide .wp-block-uagb-image__figure img,.wp-block-uagb-image--effect-slide .wp-block-uagb-image__figure .wp-block-uagb-image--layout-overlay__color-wrapper{width:calc(100% + 40px) !important;max-width:none !important;transform:translate3d(-40px, 0, 0);transition:transform .35s ease-in-out}.wp-block-uagb-image--effect-slide .wp-block-uagb-image__figure:hover img,.wp-block-uagb-image--effect-slide .wp-block-uagb-image__figure:hover .wp-block-uagb-image--layout-overlay__color-wrapper{transform:translate3d(0, 0, 0)}.wp-block-uagb-image--effect-grayscale img{filter:grayscale(0%);transition:.35s ease-in-out}.wp-block-uagb-image--effect-grayscale:hover img{filter:grayscale(100%)}.wp-block-uagb-image--effect-blur img{filter:blur(0);transition:.35s ease-in-out}.wp-block-uagb-image--effect-blur:hover img{filter:blur(3px)}.uagb-block-e6f939b3.wp-block-uagb-image--layout-default figure img{box-shadow: 0px 0px 0 #00000070;}.uagb-block-e6f939b3.wp-block-uagb-image .wp-block-uagb-image__figure figcaption{font-style: normal;align-self: center;}.uagb-block-e6f939b3.wp-block-uagb-image--layout-overlay figure img{box-shadow: 0px 0px 0 #00000070;}.uagb-block-e6f939b3.wp-block-uagb-image--layout-overlay .wp-block-uagb-image--layout-overlay__color-wrapper{opacity: 0.2;}.uagb-block-e6f939b3.wp-block-uagb-image--layout-overlay .wp-block-uagb-image--layout-overlay__inner{left: 15px;right: 15px;top: 15px;bottom: 15px;}.uagb-block-e6f939b3.wp-block-uagb-image--layout-overlay .wp-block-uagb-image--layout-overlay__inner .uagb-image-heading{font-style: normal;color: #fff;opacity: 1;}.uagb-block-e6f939b3.wp-block-uagb-image--layout-overlay .wp-block-uagb-image--layout-overlay__inner .uagb-image-heading a{color: #fff;}.uagb-block-e6f939b3.wp-block-uagb-image--layout-overlay .wp-block-uagb-image--layout-overlay__inner .uagb-image-caption{opacity: 0;}.uagb-block-e6f939b3.wp-block-uagb-image--layout-overlay .wp-block-uagb-image__figure:hover .wp-block-uagb-image--layout-overlay__color-wrapper{opacity: 1;}.uagb-block-e6f939b3.wp-block-uagb-image .wp-block-uagb-image--layout-overlay__inner .uagb-image-separator{width: 30%;border-top-width: 2px;border-top-color: #fff;opacity: 0;}.uagb-block-e6f939b3.wp-block-uagb-image .wp-block-uagb-image__figure img{width: px;height: auto;}.uagb-block-e6f939b3.wp-block-uagb-image .wp-block-uagb-image__figure:hover .wp-block-uagb-image--layout-overlay__inner .uagb-image-caption{opacity: 1;}.uagb-block-e6f939b3.wp-block-uagb-image .wp-block-uagb-image__figure:hover .wp-block-uagb-image--layout-overlay__inner .uagb-image-separator{opacity: 1;}.uagb-block-e6f939b3.wp-block-uagb-image--layout-default figure:hover img{box-shadow: 0px 0px 0 #00000070;}.uagb-block-e6f939b3.wp-block-uagb-image--layout-overlay figure:hover img{box-shadow: 0px 0px 0 #00000070;}@media only screen and (max-width: 976px) {.uagb-block-e6f939b3.wp-block-uagb-image .wp-block-uagb-image__figure img{width: px;height: auto;}}@media only screen and (max-width: 767px) {.uagb-block-e6f939b3.wp-block-uagb-image .wp-block-uagb-image__figure img{width: px;height: auto;}}\";s:2:\"js\";s:0:\"\";s:18:\"current_block_list\";a:13:{i:0;s:11:\"core\/search\";i:1;s:10:\"core\/group\";i:2;s:12:\"core\/heading\";i:3;s:17:\"core\/latest-posts\";i:4;s:20:\"core\/latest-comments\";i:5;s:13:\"core\/archives\";i:6;s:15:\"core\/categories\";i:7;s:14:\"core\/paragraph\";i:8;s:10:\"uagb\/image\";i:9;s:11:\"core\/spacer\";i:10;s:30:\"woocommerce\/product-categories\";i:11;s:10:\"core\/image\";i:12;s:14:\"core\/shortcode\";}s:8:\"uag_flag\";b:1;s:11:\"uag_version\";s:10:\"1777101743\";s:6:\"gfonts\";a:0:{}s:10:\"gfonts_url\";s:0:\"\";s:12:\"gfonts_files\";a:0:{}s:14:\"uag_faq_layout\";b:0;}"]},"uagb_featured_image_src":{"full":["https:\/\/www.ferberpainting.com\/wp-content\/uploads\/2025\/05\/Flea_Treatment_1L.png",2560,2560,false],"thumbnail":["https:\/\/www.ferberpainting.com\/wp-content\/uploads\/2025\/05\/Flea_Treatment_1L-150x150.png",150,150,true],"medium":["https:\/\/www.ferberpainting.com\/wp-content\/uploads\/2025\/05\/Flea_Treatment_1L-300x300.png",300,300,true],"medium_large":["https:\/\/www.ferberpainting.com\/wp-content\/uploads\/2025\/05\/Flea_Treatment_1L-768x768.png",768,768,true],"large":["https:\/\/www.ferberpainting.com\/wp-content\/uploads\/2025\/05\/Flea_Treatment_1L-1024x1024.png",1024,1024,true],"1536x1536":["https:\/\/www.ferberpainting.com\/wp-content\/uploads\/2025\/05\/Flea_Treatment_1L-1536x1536.png",1536,1536,true],"2048x2048":["https:\/\/www.ferberpainting.com\/wp-content\/uploads\/2025\/05\/Flea_Treatment_1L-2048x2048.png",2048,2048,true],"trp-custom-language-flag":["https:\/\/www.ferberpainting.com\/wp-content\/uploads\/2025\/05\/Flea_Treatment_1L-12x12.png",12,12,true],"woocommerce_thumbnail":["https:\/\/www.ferberpainting.com\/wp-content\/uploads\/2025\/05\/Flea_Treatment_1L-300x300.png",300,300,true],"woocommerce_single":["https:\/\/www.ferberpainting.com\/wp-content\/uploads\/2025\/05\/Flea_Treatment_1L-600x600.png",600,600,true],"woocommerce_gallery_thumbnail":["https:\/\/www.ferberpainting.com\/wp-content\/uploads\/2025\/05\/Flea_Treatment_1L-100x100.png",100,100,true]},"uagb_author_info":{"display_name":"admin","author_link":"https:\/\/www.ferberpainting.com\/ch-de\/author\/"},"uagb_comment_info":49,"uagb_excerpt":"Eliminate fleas quickly and restore comfort to your home. Our flea treatment is specially formulated to eradicate fleas efficiently from floors, carpets, pet resting areas, and household surfaces. It acts rapidly to eliminate adult fleas and significantly reduce infestation levels, helping you regain a clean, comfortable, and pest-free living environment. The most effective flea control&hellip;","_links":{"self":[{"href":"https:\/\/www.ferberpainting.com\/ch-de\/wp-json\/wp\/v2\/product\/23449","targetHints":{"allow":["GET"]}}],"collection":[{"href":"https:\/\/www.ferberpainting.com\/ch-de\/wp-json\/wp\/v2\/product"}],"about":[{"href":"https:\/\/www.ferberpainting.com\/ch-de\/wp-json\/wp\/v2\/types\/product"}],"replies":[{"embeddable":true,"href":"https:\/\/www.ferberpainting.com\/ch-de\/wp-json\/wp\/v2\/comments?post=23449"}],"version-history":[{"count":4,"href":"https:\/\/www.ferberpainting.com\/ch-de\/wp-json\/wp\/v2\/product\/23449\/revisions"}],"predecessor-version":[{"id":166158,"href":"https:\/\/www.ferberpainting.com\/ch-de\/wp-json\/wp\/v2\/product\/23449\/revisions\/166158"}],"wp:featuredmedia":[{"embeddable":true,"href":"https:\/\/www.ferberpainting.com\/ch-de\/wp-json\/wp\/v2\/media\/25985"}],"wp:attachment":[{"href":"https:\/\/www.ferberpainting.com\/ch-de\/wp-json\/wp\/v2\/media?parent=23449"}],"wp:term":[{"taxonomy":"product_brand","embeddable":true,"href":"https:\/\/www.ferberpainting.com\/ch-de\/wp-json\/wp\/v2\/product_brand?post=23449"},{"taxonomy":"product_cat","embeddable":true,"href":"https:\/\/www.ferberpainting.com\/ch-de\/wp-json\/wp\/v2\/product_cat?post=23449"},{"taxonomy":"product_tag","embeddable":true,"href":"https:\/\/www.ferberpainting.com\/ch-de\/wp-json\/wp\/v2\/product_tag?post=23449"}],"curies":[{"name":"wp","href":"https:\/\/api.w.org\/{rel}","templated":true}]}}