{"id":23440,"date":"2025-05-26T10:24:07","date_gmt":"2025-05-26T08:24:07","guid":{"rendered":"https:\/\/www.ferberpainting.com\/products\/ficus-fertilizer\/"},"modified":"2026-02-20T08:46:04","modified_gmt":"2026-02-20T07:46:04","slug":"ficus-fertilizer","status":"publish","type":"product","link":"https:\/\/www.ferberpainting.com\/ch-de\/products\/ficus-fertilizer\/","title":{"rendered":"Ficus-D\u00fcnger"},"content":{"rendered":"<p><strong><img decoding=\"async\" style=\"margin-right: 12px;\" src=\"https:\/\/www.ferberpainting.com\/wp-content\/uploads\/2026\/02\/Check.svg\" alt=\"\" width=\"18\" height=\"15\" \/>Ein Volld\u00fcnger f\u00fcr einen gesunden Ficus.<\/strong>\u00a0Dieser Ficus-D\u00fcnger wurde speziell entwickelt, um Ihre Pflanze mit den wesentlichen N\u00e4hrstoffen f\u00fcr ihr Wachstum, ihre Widerstandsf\u00e4higkeit und die Ausstrahlung ihres Laubes zu versorgen. Dank seiner NPK 15-15-15-Zusammensetzung bietet er ein perfektes Gleichgewicht zwischen Stickstoff (N) zur F\u00f6rderung der Blattentwicklung, Phosphor (P) zur St\u00e4rkung des Wurzelsystems und Kalium (K) zur Verbesserung der Widerstandsf\u00e4higkeit gegen Krankheiten und Umweltbelastungen. Es sorgt so f\u00fcr einen robusten Ficus mit dichtem und leuchtendem Laub und f\u00f6rdert seine Anpassung an klimatische Schwankungen.<\/p>\n<p><img decoding=\"async\" style=\"margin-right: 12px;\" src=\"https:\/\/www.ferberpainting.com\/wp-content\/uploads\/2026\/02\/Check.svg\" alt=\"\" width=\"18\" height=\"15\" \/><strong>Geld-zur\u00fcck-Garantie.<\/strong>\u00a0Wir haben volles Vertrauen in die Wirksamkeit unseres Ficus-D\u00fcngers und bieten daher eine Geld-zur\u00fcck-Garantie. Wenn Sie nach der Anwendung gem\u00e4\u00df den Empfehlungen keine signifikante Verbesserung des Wachstums und der Vitalit\u00e4t Ihrer Pflanze feststellen, verpflichten wir uns, Ihnen das Geld bedingungslos zur\u00fcckzuerstatten und einen risikofreien Kauf zu gew\u00e4hrleisten.<\/p>\n<p><img decoding=\"async\" style=\"margin-right: 12px;\" src=\"https:\/\/www.ferberpainting.com\/wp-content\/uploads\/2026\/02\/Check.svg\" alt=\"\" width=\"18\" height=\"15\" \/><strong>Geeignet f\u00fcr alle Ficus-Sorten.<\/strong>\u00a0Dieser D\u00fcnger ist sowohl f\u00fcr Ficus im Innen- als auch im Au\u00dfenbereich geeignet, insbesondere f\u00fcr Ficus Benjamina, Ficus Lyrata, Ficus Elastica (Gummibaum), Ficus Ginseng und Ficus Microcarpa. Es ist auch f\u00fcr Topfpflanzen oder Pflanzen im Freiland geeignet und gew\u00e4hrleistet unabh\u00e4ngig von der Anbaumethode eine optimale N\u00e4hrstoffversorgung.<\/p>\n<p><img decoding=\"async\" style=\"margin-right: 12px;\" src=\"https:\/\/www.ferberpainting.com\/wp-content\/uploads\/2026\/02\/Check.svg\" alt=\"\" width=\"18\" height=\"15\" \/><strong>Wirtschaftlicher Ertrag bei l\u00e4ngerer Befruchtung.<\/strong>\u00a0Dank seiner konzentrierten Fl\u00fcssigformulierung k\u00f6nnen Sie mit einem 5-Liter-Beh\u00e4lter bis zu 1000 Liter D\u00fcngerl\u00f6sung ansetzen und so eine lang anhaltende und wirtschaftliche D\u00fcngung gew\u00e4hrleisten. Mit einer Dosierung von 5 ml pro Liter Wasser erm\u00f6glicht dieses Produkt eine schnelle N\u00e4hrstoffaufnahme und eine lange Nutzungsdauer bei gleichzeitiger Reduzierung des Abfalls.<\/p>\n<p><img decoding=\"async\" style=\"margin-right: 12px;\" src=\"https:\/\/www.ferberpainting.com\/wp-content\/uploads\/2026\/02\/Check.svg\" alt=\"\" width=\"18\" height=\"15\" \/><strong>Ein sicheres und risikofreies D\u00fcngemittel f\u00fcr Pflanzen und die Umwelt.<\/strong>\u00a0Dieser D\u00fcnger wurde ohne aggressive Chemikalien formuliert und schadet weder den Wurzeln noch dem Boden oder der Umwelt. Er ist f\u00fcr Haustiere unbedenklich, wenn er gem\u00e4\u00df den Empfehlungen verwendet wird, und setzt keine giftigen D\u00e4mpfe frei. Er f\u00f6rdert eine sanfte und progressive D\u00fcngung und respektiert so das biologische Gleichgewicht des Bodens.<\/p>\n<p><img decoding=\"async\" style=\"margin-right: 12px;\" src=\"https:\/\/www.ferberpainting.com\/wp-content\/uploads\/2026\/02\/Check.svg\" alt=\"\" width=\"18\" height=\"15\" \/><strong>Einfache Anwendung und vereinfachte Wartung.<\/strong>\u00a0Dieser Fl\u00fcssigd\u00fcnger l\u00e4sst sich direkt im Gie\u00dfwasser verd\u00fcnnen und sorgt so f\u00fcr eine gleichm\u00e4\u00dfige und effektive D\u00fcngung ohne Aufwand. Er kann auch als Blattspray angewendet werden, was eine schnelle N\u00e4hrstoffaufnahme durch die Bl\u00e4tter erm\u00f6glicht und einen sofortigen Revitalisierungseffekt bewirkt.<\/p>\n<p><img decoding=\"async\" style=\"margin-right: 12px;\" src=\"https:\/\/www.ferberpainting.com\/wp-content\/uploads\/2026\/02\/Check.svg\" alt=\"\" width=\"18\" height=\"15\" \/><strong>Langanhaltende Wirkung f\u00fcr kontinuierliches Wachstum.<\/strong>\u00a0Dank seiner allm\u00e4hlichen Verbreitung n\u00e4hrt dieser D\u00fcnger den Ficus im Laufe der Zeit und f\u00f6rdert die harmonische Entwicklung von Bl\u00e4ttern und Wurzeln. Au\u00dferdem stimuliert er die mikrobielle Aktivit\u00e4t im Boden, verbessert die N\u00e4hrstoffaufnahme und die Bel\u00fcftung des Bodens, was zu einer besseren allgemeinen Pflanzengesundheit beitr\u00e4gt.<\/p>\n<p><img decoding=\"async\" style=\"margin-right: 12px;\" src=\"https:\/\/www.ferberpainting.com\/wp-content\/uploads\/2026\/02\/Check.svg\" alt=\"\" width=\"18\" height=\"15\" \/><strong>Sichtbare Ergebnisse schon bei den ersten Anwendungen.<\/strong>\u00a0Innerhalb der ersten Wochen der Anwendung stimuliert dieser D\u00fcnger das Erscheinen neuer Bl\u00e4tter, intensiviert die Laubfarbe und stellt die Vitalit\u00e4t geschw\u00e4chter Ficus-Pflanzen wieder her. Er verhilft der Pflanze zu einem gesunden und \u00fcppigen Aussehen, gleicht N\u00e4hrstoffm\u00e4ngel aus und verbessert ihre Anpassung an Temperatur- und Feuchtigkeitsschwankungen.<\/p>\n<h2><strong>Verwendungsprotokoll<\/strong><\/h2>\n<ul>\n<li><strong>D\u00fcngemittel Verd\u00fcnnung<\/strong> : Mischen Sie 5 ml D\u00fcnger auf 1 Liter Wasser. Die L\u00f6sung vor jeder Anwendung gr\u00fcndlich homogenisieren, um eine optimale Verteilung der N\u00e4hrstoffe zu gew\u00e4hrleisten.<\/li>\n<li><strong>Methode der Anwendung<\/strong> :\n<ul>\n<li><strong>Durch Bew\u00e4sserung <\/strong>: Gie\u00dfen Sie die verd\u00fcnnte L\u00f6sung direkt auf die Basis des Ficus, wobei Sie darauf achten m\u00fcssen, dass das Substrat gleichm\u00e4\u00dfig befeuchtet wird, ohne \u00fcbersch\u00fcssiges Wasser, um eine S\u00e4ttigung zu vermeiden.<\/li>\n<li><strong>Durch Blattspritzen <\/strong>: Spr\u00fchen Sie die L\u00f6sung leicht auf die Bl\u00e4tter und vermeiden Sie nach der Anwendung direkte Sonneneinstrahlung, um Blattverbrennungen zu vermeiden.<\/li>\n<\/ul>\n<\/li>\n<li><strong>H\u00e4ufigkeit der Nutzung <\/strong>: Geben Sie den D\u00fcnger alle 15 Tage w\u00e4hrend der aktiven Wachstumsperiode (Fr\u00fchling-Sommer) und einmal im Monat w\u00e4hrend der Ruheperiode (Herbst-Winter), um ein ausgewogenes Wachstum zu gew\u00e4hrleisten.<\/li>\n<li><strong>Zus\u00e4tzliche Bew\u00e4sserung <\/strong>: Nach jeder D\u00fcngung sollten Sie 48 Stunden warten, bevor Sie erneut gie\u00dfen, um die N\u00e4hrstoffaufnahme der Pflanze zu optimieren.<\/li>\n<li><strong>Vorsichtsma\u00dfnahmen bei der Verwendung <\/strong>: \u00dcberschreiten Sie nicht die empfohlenen Dosierungen, um eine \u00fcberm\u00e4\u00dfige Anreicherung von Mineralsalzen im Boden zu vermeiden, die die Wurzeln sch\u00e4digen k\u00f6nnten. F\u00fcr eine bessere Assimilation nur auf ein leicht feuchtes Substrat auftragen.<\/li>\n<li><strong>Lagerung und Konservierung <\/strong>: Lagern Sie den D\u00fcnger an einem trockenen und temperierten Ort, vor Licht und Feuchtigkeit gesch\u00fctzt. Verschlie\u00dfen Sie den Beh\u00e4lter nach jedem Gebrauch fest, um die Qualit\u00e4t des Produkts zu erhalten und Verdunstung zu vermeiden.<\/li>\n<\/ul>\n<p>Mit diesem Ficus-D\u00fcnger bieten Sie Ihrer Pflanze eine vollst\u00e4ndige und ausgewogene Ern\u00e4hrung, die eine kr\u00e4ftige Entwicklung, ein dichtes Blattwerk und eine bessere Widerstandsf\u00e4higkeit gegen \u00e4u\u00dfere Einfl\u00fcsse f\u00f6rdert. Es ist die ideale L\u00f6sung f\u00fcr strahlende und gesunde Ficus-Pflanzen das ganze Jahr \u00fcber.<\/p>","protected":false},"excerpt":{"rendered":"<p>A complete fertilizer for a healthy ficus.\u00a0This ficus fertilizer is specially designed to provide your plant with the essential nutrients for its growth, resistance, and the radiance of its foliage. Thanks to its\u00a0NPK 15-15-15 composition, it offers a perfect balance between nitrogen (N) to promote leaf development, phosphorus (P) to strengthen the root system, and [&hellip;]<\/p>\n","protected":false},"featured_media":25975,"comment_status":"open","ping_status":"closed","template":"","meta":{"_uag_custom_page_level_css":"","site-sidebar-layout":"default","site-content-layout":"","ast-site-content-layout":"default","site-content-style":"default","site-sidebar-style":"default","ast-global-header-display":"","ast-banner-title-visibility":"","ast-main-header-display":"","ast-hfb-above-header-display":"","ast-hfb-below-header-display":"","ast-hfb-mobile-header-display":"","site-post-title":"","ast-breadcrumbs-content":"","ast-featured-img":"","footer-sml-layout":"","ast-disable-related-posts":"","theme-transparent-header-meta":"default","adv-header-id-meta":"","stick-header-meta":"","header-above-stick-meta":"","header-main-stick-meta":"","header-below-stick-meta":"","astra-migrate-meta-layouts":"set","ast-page-background-enabled":"default","ast-page-background-meta":{"desktop":{"background-color":"var(--ast-global-color-4)","background-image":"","background-repeat":"repeat","background-position":"center center","background-size":"auto","background-attachment":"scroll","background-type":"","background-media":"","overlay-type":"","overlay-color":"","overlay-opacity":"","overlay-gradient":""},"tablet":{"background-color":"","background-image":"","background-repeat":"repeat","background-position":"center center","background-size":"auto","background-attachment":"scroll","background-type":"","background-media":"","overlay-type":"","overlay-color":"","overlay-opacity":"","overlay-gradient":""},"mobile":{"background-color":"","background-image":"","background-repeat":"repeat","background-position":"center center","background-size":"auto","background-attachment":"scroll","background-type":"","background-media":"","overlay-type":"","overlay-color":"","overlay-opacity":"","overlay-gradient":""}},"ast-content-background-meta":{"desktop":{"background-color":"var(--ast-global-color-5)","background-image":"","background-repeat":"repeat","background-position":"center center","background-size":"auto","background-attachment":"scroll","background-type":"","background-media":"","overlay-type":"","overlay-color":"","overlay-opacity":"","overlay-gradient":""},"tablet":{"background-color":"var(--ast-global-color-5)","background-image":"","background-repeat":"repeat","background-position":"center center","background-size":"auto","background-attachment":"scroll","background-type":"","background-media":"","overlay-type":"","overlay-color":"","overlay-opacity":"","overlay-gradient":""},"mobile":{"background-color":"var(--ast-global-color-5)","background-image":"","background-repeat":"repeat","background-position":"center center","background-size":"auto","background-attachment":"scroll","background-type":"","background-media":"","overlay-type":"","overlay-color":"","overlay-opacity":"","overlay-gradient":""}}},"product_brand":[],"product_cat":[178],"product_tag":[],"class_list":{"0":"post-23440","1":"product","2":"type-product","3":"status-publish","4":"has-post-thumbnail","6":"product_cat-fertilizers","7":"desktop-align-left","8":"tablet-align-left","9":"mobile-align-left","11":"first","12":"instock","13":"sale","14":"shipping-taxable","15":"purchasable","16":"product-type-variable","17":"has-default-attributes"},"spectra_custom_meta":{"_visibility":["visible"],"_shopify_product_id":["9062498107637"],"_s2w_shopify_domain":["ferberpainting.myshopify.com"],"_shopify_variant_id":["46489158877429"],"_sku":[""],"_manage_stock":["no"],"total_sales":["14"],"_tax_status":["taxable"],"_tax_class":[""],"_backorders":["no"],"_sold_individually":["no"],"_virtual":["no"],"_downloadable":["no"],"_download_limit":["-1"],"_download_expiry":["-1"],"_stock":[null],"_stock_status":["instock"],"_wc_average_rating":["5.00"],"_wc_review_count":["12"],"_product_attributes":["a:1:{s:6:\"volume\";a:6:{s:4:\"name\";s:6:\"Volume\";s:5:\"value\";s:20:\"5 liters | 25 liters\";s:8:\"position\";i:1;s:10:\"is_visible\";i:0;s:12:\"is_variation\";i:1;s:11:\"is_taxonomy\";i:0;}}"],"_product_version":["10.5.2"],"_thumbnail_id":["25975"],"_product_image_gallery":["25976"],"wpse_downloadable_file_names":[""],"wpse_downloadable_file_urls":[""],"_edit_last":["1"],"_default_attributes":["a:1:{s:6:\"volume\";s:8:\"5 liters\";}"],"_wc_rating_count":["a:1:{i:5;i:12;}"],"_edit_lock":["1771573440:1"],"_price":["29.90","129.90"],"merchant-center-availability":["yes"],"merchant-center-category":["113"],"_wp_page_template":["default"],"site-sidebar-layout":["default"],"ast-site-content-layout":["default"],"site-content-style":["default"],"site-sidebar-style":["default"],"theme-transparent-header-meta":["default"],"astra-migrate-meta-layouts":["set"],"_uag_css_file_name":["uag-css-23440.css"],"_elementor_page_assets":["a:0:{}"],"_uag_page_assets":["a:9:{s:3:\"css\";s:6873:\".wp-block-uagb-image{display:flex}.wp-block-uagb-image__figure{position:relative;display:flex;flex-direction:column;max-width:100%;height:auto;margin:0}.wp-block-uagb-image__figure img{height:auto;display:flex;max-width:100%;transition:box-shadow .2s ease}.wp-block-uagb-image__figure>a{display:inline-block}.wp-block-uagb-image__figure figcaption{text-align:center;margin-top:.5em;margin-bottom:1em}.wp-block-uagb-image .components-placeholder.block-editor-media-placeholder .components-placeholder__instructions{align-self:center}.wp-block-uagb-image--align-left{text-align:left}.wp-block-uagb-image--align-right{text-align:right}.wp-block-uagb-image--align-center{text-align:center}.wp-block-uagb-image--align-full .wp-block-uagb-image__figure{margin-left:calc(50% - 50vw);margin-right:calc(50% - 50vw);max-width:100vw;width:100vw;height:auto}.wp-block-uagb-image--align-full .wp-block-uagb-image__figure img{height:auto;width:100% !important}.wp-block-uagb-image--align-wide .wp-block-uagb-image__figure img{height:auto;width:100%}.wp-block-uagb-image--layout-overlay__color-wrapper{position:absolute;left:0;top:0;right:0;bottom:0;opacity:.2;background:rgba(0,0,0,.5);transition:opacity .35s ease-in-out}.wp-block-uagb-image--layout-overlay-link{position:absolute;left:0;right:0;bottom:0;top:0}.wp-block-uagb-image--layout-overlay .wp-block-uagb-image__figure:hover .wp-block-uagb-image--layout-overlay__color-wrapper{opacity:1}.wp-block-uagb-image--layout-overlay__inner{position:absolute;left:15px;right:15px;bottom:15px;top:15px;display:flex;align-items:center;justify-content:center;flex-direction:column;border-color:#fff;transition:.35s ease-in-out}.wp-block-uagb-image--layout-overlay__inner.top-left,.wp-block-uagb-image--layout-overlay__inner.top-center,.wp-block-uagb-image--layout-overlay__inner.top-right{justify-content:flex-start}.wp-block-uagb-image--layout-overlay__inner.bottom-left,.wp-block-uagb-image--layout-overlay__inner.bottom-center,.wp-block-uagb-image--layout-overlay__inner.bottom-right{justify-content:flex-end}.wp-block-uagb-image--layout-overlay__inner.top-left,.wp-block-uagb-image--layout-overlay__inner.center-left,.wp-block-uagb-image--layout-overlay__inner.bottom-left{align-items:flex-start}.wp-block-uagb-image--layout-overlay__inner.top-right,.wp-block-uagb-image--layout-overlay__inner.center-right,.wp-block-uagb-image--layout-overlay__inner.bottom-right{align-items:flex-end}.wp-block-uagb-image--layout-overlay__inner .uagb-image-heading{color:#fff;transition:transform .35s,opacity .35s ease-in-out;transform:translate3d(0, 24px, 0);margin:0;line-height:1em}.wp-block-uagb-image--layout-overlay__inner .uagb-image-separator{width:30%;border-top-width:2px;border-top-color:#fff;border-top-style:solid;margin-bottom:10px;opacity:0;transition:transform .4s,opacity .4s ease-in-out;transform:translate3d(0, 30px, 0)}.wp-block-uagb-image--layout-overlay__inner .uagb-image-caption{opacity:0;overflow:visible;color:#fff;transition:transform .45s,opacity .45s ease-in-out;transform:translate3d(0, 35px, 0)}.wp-block-uagb-image--layout-overlay__inner:hover .uagb-image-heading,.wp-block-uagb-image--layout-overlay__inner:hover .uagb-image-separator,.wp-block-uagb-image--layout-overlay__inner:hover .uagb-image-caption{opacity:1;transform:translate3d(0, 0, 0)}.wp-block-uagb-image--effect-zoomin .wp-block-uagb-image__figure img,.wp-block-uagb-image--effect-zoomin .wp-block-uagb-image__figure .wp-block-uagb-image--layout-overlay__color-wrapper{transform:scale(1);transition:transform .35s ease-in-out}.wp-block-uagb-image--effect-zoomin .wp-block-uagb-image__figure:hover img,.wp-block-uagb-image--effect-zoomin .wp-block-uagb-image__figure:hover .wp-block-uagb-image--layout-overlay__color-wrapper{transform:scale(1.05)}.wp-block-uagb-image--effect-slide .wp-block-uagb-image__figure img,.wp-block-uagb-image--effect-slide .wp-block-uagb-image__figure .wp-block-uagb-image--layout-overlay__color-wrapper{width:calc(100% + 40px) !important;max-width:none !important;transform:translate3d(-40px, 0, 0);transition:transform .35s ease-in-out}.wp-block-uagb-image--effect-slide .wp-block-uagb-image__figure:hover img,.wp-block-uagb-image--effect-slide .wp-block-uagb-image__figure:hover .wp-block-uagb-image--layout-overlay__color-wrapper{transform:translate3d(0, 0, 0)}.wp-block-uagb-image--effect-grayscale img{filter:grayscale(0%);transition:.35s ease-in-out}.wp-block-uagb-image--effect-grayscale:hover img{filter:grayscale(100%)}.wp-block-uagb-image--effect-blur img{filter:blur(0);transition:.35s ease-in-out}.wp-block-uagb-image--effect-blur:hover img{filter:blur(3px)}.uagb-block-e6f939b3.wp-block-uagb-image--layout-default figure img{box-shadow: 0px 0px 0 #00000070;}.uagb-block-e6f939b3.wp-block-uagb-image .wp-block-uagb-image__figure figcaption{font-style: normal;align-self: center;}.uagb-block-e6f939b3.wp-block-uagb-image--layout-overlay figure img{box-shadow: 0px 0px 0 #00000070;}.uagb-block-e6f939b3.wp-block-uagb-image--layout-overlay .wp-block-uagb-image--layout-overlay__color-wrapper{opacity: 0.2;}.uagb-block-e6f939b3.wp-block-uagb-image--layout-overlay .wp-block-uagb-image--layout-overlay__inner{left: 15px;right: 15px;top: 15px;bottom: 15px;}.uagb-block-e6f939b3.wp-block-uagb-image--layout-overlay .wp-block-uagb-image--layout-overlay__inner .uagb-image-heading{font-style: normal;color: #fff;opacity: 1;}.uagb-block-e6f939b3.wp-block-uagb-image--layout-overlay .wp-block-uagb-image--layout-overlay__inner .uagb-image-heading a{color: #fff;}.uagb-block-e6f939b3.wp-block-uagb-image--layout-overlay .wp-block-uagb-image--layout-overlay__inner .uagb-image-caption{opacity: 0;}.uagb-block-e6f939b3.wp-block-uagb-image--layout-overlay .wp-block-uagb-image__figure:hover .wp-block-uagb-image--layout-overlay__color-wrapper{opacity: 1;}.uagb-block-e6f939b3.wp-block-uagb-image .wp-block-uagb-image--layout-overlay__inner .uagb-image-separator{width: 30%;border-top-width: 2px;border-top-color: #fff;opacity: 0;}.uagb-block-e6f939b3.wp-block-uagb-image .wp-block-uagb-image__figure img{width: px;height: auto;}.uagb-block-e6f939b3.wp-block-uagb-image .wp-block-uagb-image__figure:hover .wp-block-uagb-image--layout-overlay__inner .uagb-image-caption{opacity: 1;}.uagb-block-e6f939b3.wp-block-uagb-image .wp-block-uagb-image__figure:hover .wp-block-uagb-image--layout-overlay__inner .uagb-image-separator{opacity: 1;}.uagb-block-e6f939b3.wp-block-uagb-image--layout-default figure:hover img{box-shadow: 0px 0px 0 #00000070;}.uagb-block-e6f939b3.wp-block-uagb-image--layout-overlay figure:hover img{box-shadow: 0px 0px 0 #00000070;}@media only screen and (max-width: 976px) {.uagb-block-e6f939b3.wp-block-uagb-image .wp-block-uagb-image__figure img{width: px;height: auto;}}@media only screen and (max-width: 767px) {.uagb-block-e6f939b3.wp-block-uagb-image .wp-block-uagb-image__figure img{width: px;height: auto;}}\";s:2:\"js\";s:0:\"\";s:18:\"current_block_list\";a:13:{i:0;s:11:\"core\/search\";i:1;s:10:\"core\/group\";i:2;s:12:\"core\/heading\";i:3;s:17:\"core\/latest-posts\";i:4;s:20:\"core\/latest-comments\";i:5;s:13:\"core\/archives\";i:6;s:15:\"core\/categories\";i:7;s:14:\"core\/paragraph\";i:8;s:10:\"uagb\/image\";i:9;s:11:\"core\/spacer\";i:10;s:30:\"woocommerce\/product-categories\";i:11;s:10:\"core\/image\";i:12;s:14:\"core\/shortcode\";}s:8:\"uag_flag\";b:1;s:11:\"uag_version\";s:10:\"1777037217\";s:6:\"gfonts\";a:0:{}s:10:\"gfonts_url\";s:0:\"\";s:12:\"gfonts_files\";a:0:{}s:14:\"uag_faq_layout\";b:0;}"]},"uagb_featured_image_src":{"full":["https:\/\/www.ferberpainting.com\/wp-content\/uploads\/2025\/05\/FicusFertilizer5L.png",2560,2560,false],"thumbnail":["https:\/\/www.ferberpainting.com\/wp-content\/uploads\/2025\/05\/FicusFertilizer5L-150x150.png",150,150,true],"medium":["https:\/\/www.ferberpainting.com\/wp-content\/uploads\/2025\/05\/FicusFertilizer5L-300x300.png",300,300,true],"medium_large":["https:\/\/www.ferberpainting.com\/wp-content\/uploads\/2025\/05\/FicusFertilizer5L-768x768.png",768,768,true],"large":["https:\/\/www.ferberpainting.com\/wp-content\/uploads\/2025\/05\/FicusFertilizer5L-1024x1024.png",1024,1024,true],"1536x1536":["https:\/\/www.ferberpainting.com\/wp-content\/uploads\/2025\/05\/FicusFertilizer5L-1536x1536.png",1536,1536,true],"2048x2048":["https:\/\/www.ferberpainting.com\/wp-content\/uploads\/2025\/05\/FicusFertilizer5L-2048x2048.png",2048,2048,true],"trp-custom-language-flag":["https:\/\/www.ferberpainting.com\/wp-content\/uploads\/2025\/05\/FicusFertilizer5L-12x12.png",12,12,true],"woocommerce_thumbnail":["https:\/\/www.ferberpainting.com\/wp-content\/uploads\/2025\/05\/FicusFertilizer5L-300x300.png",300,300,true],"woocommerce_single":["https:\/\/www.ferberpainting.com\/wp-content\/uploads\/2025\/05\/FicusFertilizer5L-600x600.png",600,600,true],"woocommerce_gallery_thumbnail":["https:\/\/www.ferberpainting.com\/wp-content\/uploads\/2025\/05\/FicusFertilizer5L-100x100.png",100,100,true]},"uagb_author_info":{"display_name":"admin","author_link":"https:\/\/www.ferberpainting.com\/ch-de\/author\/"},"uagb_comment_info":12,"uagb_excerpt":"A complete fertilizer for a healthy ficus.\u00a0This ficus fertilizer is specially designed to provide your plant with the essential nutrients for its growth, resistance, and the radiance of its foliage. Thanks to its\u00a0NPK 15-15-15 composition, it offers a perfect balance between nitrogen (N) to promote leaf development, phosphorus (P) to strengthen the root system, and&hellip;","_links":{"self":[{"href":"https:\/\/www.ferberpainting.com\/ch-de\/wp-json\/wp\/v2\/product\/23440","targetHints":{"allow":["GET"]}}],"collection":[{"href":"https:\/\/www.ferberpainting.com\/ch-de\/wp-json\/wp\/v2\/product"}],"about":[{"href":"https:\/\/www.ferberpainting.com\/ch-de\/wp-json\/wp\/v2\/types\/product"}],"replies":[{"embeddable":true,"href":"https:\/\/www.ferberpainting.com\/ch-de\/wp-json\/wp\/v2\/comments?post=23440"}],"version-history":[{"count":6,"href":"https:\/\/www.ferberpainting.com\/ch-de\/wp-json\/wp\/v2\/product\/23440\/revisions"}],"predecessor-version":[{"id":170587,"href":"https:\/\/www.ferberpainting.com\/ch-de\/wp-json\/wp\/v2\/product\/23440\/revisions\/170587"}],"wp:featuredmedia":[{"embeddable":true,"href":"https:\/\/www.ferberpainting.com\/ch-de\/wp-json\/wp\/v2\/media\/25975"}],"wp:attachment":[{"href":"https:\/\/www.ferberpainting.com\/ch-de\/wp-json\/wp\/v2\/media?parent=23440"}],"wp:term":[{"taxonomy":"product_brand","embeddable":true,"href":"https:\/\/www.ferberpainting.com\/ch-de\/wp-json\/wp\/v2\/product_brand?post=23440"},{"taxonomy":"product_cat","embeddable":true,"href":"https:\/\/www.ferberpainting.com\/ch-de\/wp-json\/wp\/v2\/product_cat?post=23440"},{"taxonomy":"product_tag","embeddable":true,"href":"https:\/\/www.ferberpainting.com\/ch-de\/wp-json\/wp\/v2\/product_tag?post=23440"}],"curies":[{"name":"wp","href":"https:\/\/api.w.org\/{rel}","templated":true}]}}