{"id":23229,"date":"2025-07-01T13:38:02","date_gmt":"2025-07-01T11:38:02","guid":{"rendered":"https:\/\/www.ferberpainting.com\/?post_type=product&#038;p=23217"},"modified":"2026-02-15T13:58:14","modified_gmt":"2026-02-15T12:58:14","slug":"fabric-and-textile-cleaner","status":"publish","type":"product","link":"https:\/\/www.ferberpainting.com\/ch-de\/products\/fabric-and-textile-cleaner\/","title":{"rendered":"Stoff- und Textilreiniger"},"content":{"rendered":"<p><img decoding=\"async\" style=\"margin-right: 12px;\" src=\"https:\/\/www.ferberpainting.com\/wp-content\/uploads\/2026\/02\/Check.svg\" alt=\"\" width=\"18\" height=\"15\" \/><strong>Optimale Effektivit\u00e4t.<\/strong>\u00a0Dieser Stoff- und Textilreiniger wurde speziell entwickelt, um Flecken, eingebetteten Schmutz und unangenehme Ger\u00fcche auf allen Arten von Stoffen zu entfernen. Seine kraftvolle Formel dringt tief ein, um Staub, Essensreste, Fett und Schwei\u00dfflecken zu entfernen und gleichzeitig die Weichheit und den Glanz der Textilfasern zu bewahren. Es garantiert eine gr\u00fcndliche Reinigung und schont dabei Farbe und Struktur der Textilien.<\/p>\n<p><img decoding=\"async\" style=\"margin-right: 12px;\" src=\"https:\/\/www.ferberpainting.com\/wp-content\/uploads\/2026\/02\/Check.svg\" alt=\"\" width=\"18\" height=\"15\" \/><strong>Geld-zur\u00fcck-Garantie.<\/strong>\u00a0Wir sind von der Wirksamkeit unseres Textilreinigers \u00fcberzeugt. Wenn Sie nach der Anwendung nicht zufrieden sind, haben Sie Anspruch auf eine volle R\u00fcckerstattung. Testen Sie es mit ruhigem Gewissen und schenken Sie Ihren Textilien ein zweites Leben, ohne Risiko.<\/p>\n<p><img decoding=\"async\" style=\"margin-right: 12px;\" src=\"https:\/\/www.ferberpainting.com\/wp-content\/uploads\/2026\/02\/Check.svg\" alt=\"\" width=\"18\" height=\"15\" \/><strong>Au\u00dfergew\u00f6hnliche Vielseitigkeit.<\/strong>\u00a0Dieser Reiniger ist nicht nur f\u00fcr Kleidungsst\u00fccke geeignet! Er ist auch ideal f\u00fcr Stoffsofas, Autositze, Teppiche, Vorh\u00e4nge, Kissen, Matratzen und Wandverkleidungen aus Stoff. Er funktioniert perfekt auf Naturfasern wie Baumwolle und Leinen sowie auf synthetischen Fasern wie Polyester, Mikrofaser und Acryl. Es passt sich an eine Vielzahl von Textiloberfl\u00e4chen an, ohne sie zu besch\u00e4digen.<\/p>\n<p><img decoding=\"async\" style=\"margin-right: 12px;\" src=\"https:\/\/www.ferberpainting.com\/wp-content\/uploads\/2026\/02\/Check.svg\" alt=\"\" width=\"18\" height=\"15\" \/><strong>Wirtschaftliche Leistung.<\/strong>\u00a0Dieser Reiniger ist in einem 5-Liter-Beh\u00e4lter mit einer gebrauchsfertigen Formel verpackt und bietet ein gutes Preis-Leistungs-Verh\u00e4ltnis. Eine kleine Menge reicht aus, um gro\u00dfe Fl\u00e4chen zu reinigen, was eine lang anhaltende und kosteneffiziente Anwendung gew\u00e4hrleistet. Im Durchschnitt reinigt ein Liter bis zu 50 m\u00b2 Textilien, was ihn zu einer idealen L\u00f6sung f\u00fcr private und professionelle Anwendungen macht.<\/p>\n<p><img decoding=\"async\" style=\"margin-right: 12px;\" src=\"https:\/\/www.ferberpainting.com\/wp-content\/uploads\/2026\/02\/Check.svg\" alt=\"\" width=\"18\" height=\"15\" \/><strong>Sicher in der Anwendung.<\/strong>\u00a0Im Gegensatz zu aggressiven chemischen Produkten enth\u00e4lt dieser Reiniger keine giftigen L\u00f6sungsmittel oder gef\u00e4hrlichen Substanzen. Er setzt keine sch\u00e4dlichen D\u00e4mpfe frei und stellt somit kein Risiko f\u00fcr Haushaltsmitglieder, einschlie\u00dflich Kinder und Haustiere, dar. Er ist so konzipiert, dass er die Integrit\u00e4t der Textilfasern respektiert, keine R\u00fcckst\u00e4nde hinterl\u00e4sst und tadellose Sauberkeit gew\u00e4hrleistet.<\/p>\n<p><img decoding=\"async\" style=\"margin-right: 12px;\" src=\"https:\/\/www.ferberpainting.com\/wp-content\/uploads\/2026\/02\/Check.svg\" alt=\"\" width=\"18\" height=\"15\" \/><strong>Einfach zu benutzen.<\/strong>\u00a0Dieses Produkt ist gebrauchsfertig und muss nicht verd\u00fcnnt oder aufwendig vorbereitet werden. Direkt auf das Textil auftragen, einwirken lassen und leicht abwischen, ohne dass \u00fcberm\u00e4\u00dfiges Sp\u00fclen erforderlich ist. Es kann mit einem Tuch, einem Schwamm, einer B\u00fcrste oder einer Spritzextraktionsmaschine verwendet werden. Seine intuitive Anwendung erleichtert die Textilpflege ohne zus\u00e4tzlichen Aufwand.<\/p>\n<p><img decoding=\"async\" style=\"margin-right: 12px;\" src=\"https:\/\/www.ferberpainting.com\/wp-content\/uploads\/2026\/02\/Check.svg\" alt=\"\" width=\"18\" height=\"15\" \/><strong>Langfristige Haltbarkeit.<\/strong>\u00a0Durch die Entfernung von Schmutz bei gleichzeitiger Erhaltung der Faserstruktur tr\u00e4gt dieser Reiniger zur Verl\u00e4ngerung der Lebensdauer Ihrer Textilien bei. Regelm\u00e4\u00dfige Pflege hilft, vorzeitigen Verschlei\u00df, Verschmutzung und Sch\u00e4den durch \u00e4u\u00dfere Einfl\u00fcsse zu verhindern. Ihre Textilien bleiben l\u00e4nger sauber, weich und in perfektem Zustand.<\/p>\n<p><img decoding=\"async\" style=\"margin-right: 12px;\" src=\"https:\/\/www.ferberpainting.com\/wp-content\/uploads\/2026\/02\/Check.svg\" alt=\"\" width=\"18\" height=\"15\" \/><strong>Schnelle Aktion.<\/strong>\u00a0Dank seiner hochreaktiven Formel wirkt dieser Reiniger sofort auf Flecken und Schmutz. In nur wenigen Minuten l\u00f6st er R\u00fcckst\u00e4nde auf und erm\u00f6glicht eine effiziente Reinigung ohne intensives Schrubben. Seine sofortige Wirkung ist perfekt f\u00fcr die t\u00e4gliche Pflege und die Tiefenreinigung von Textilien.<\/p>\n<h2><strong>Gebrauchsanweisung<\/strong><\/h2>\n<ul>\n<li><strong>Vorbereitung <\/strong>: Stellen Sie sicher, dass die zu reinigenden Textilien trocken und frei von Staub oder festen R\u00fcckst\u00e4nden sind, bevor Sie das Produkt auftragen.<\/li>\n<li><strong>Manuelle Anwendung <\/strong>: Geben Sie eine kleine Menge des Reinigers auf ein sauberes Tuch oder einen Schwamm oder tragen Sie ihn direkt auf die Textiloberfl\u00e4che auf.<\/li>\n<li><strong>Reinigung <\/strong>: Tupfen Sie die Stelle sanft ab und f\u00fchren Sie kreisende Bewegungen aus, damit das Produkt in die Fasern eindringen kann. Bei hartn\u00e4ckigeren Flecken lassen Sie das Produkt 5 bis 10 Minuten einwirken, bevor Sie erneut vorsichtig b\u00fcrsten.<\/li>\n<li><strong>Sp\u00fclung und Trocknung <\/strong>: Mit einem sauberen, leicht feuchten Tuch abwischen, um \u00fcbersch\u00fcssiges Produkt zu entfernen. Nat\u00fcrlich an der Luft trocknen lassen.<\/li>\n<li><strong>Verwendung mit Injection-Extractor <\/strong>: F\u00fcllen Sie den Beh\u00e4lter der Maschine mit unverd\u00fcnntem Reiniger. Spr\u00fchen Sie den Reiniger auf die Textiloberfl\u00e4che und saugen Sie ihn sofort ab, um den gel\u00f6sten Schmutz zu entfernen.<\/li>\n<li><strong>H\u00e4ufigkeit der Nutzung <\/strong>: Wenden Sie es bei Bedarf an, um einen bestimmten Fleck zu behandeln, oder f\u00fchren Sie ein- oder zweimal im Monat eine regelm\u00e4\u00dfige Pflege durch, um die Textilien sauber und geruchsfrei zu halten.<\/li>\n<li><strong>Lagerung <\/strong>: Verschlie\u00dfen Sie den Beh\u00e4lter nach jedem Gebrauch fest und bewahren Sie ihn an einem k\u00fchlen, trockenen Ort, vor Licht und extremen Temperaturen gesch\u00fctzt, auf, um seine Wirksamkeit zu erhalten.<\/li>\n<\/ul>\n<p>Mit unserem Stoff- und Textilreiniger bringen Sie Frische, Glanz und Sauberkeit in alle Ihre Innen- und M\u00f6belstoffe - ganz einfach und sicher.<\/p>","protected":false},"excerpt":{"rendered":"<p>Optimal Effectiveness.\u00a0This fabric and textile cleaner is specially formulated to remove stains, embedded dirt, and unpleasant odors on all types of fabrics. Its powerful formula deeply penetrates to dislodge dust, food residues, grease, and perspiration marks, all while preserving the softness and shine of textile fibers. It guarantees thorough cleaning while respecting fabric color and [&hellip;]<\/p>\n","protected":false},"featured_media":119465,"comment_status":"open","ping_status":"closed","template":"","meta":{"_uag_custom_page_level_css":"","site-sidebar-layout":"default","site-content-layout":"","ast-site-content-layout":"default","site-content-style":"default","site-sidebar-style":"default","ast-global-header-display":"","ast-banner-title-visibility":"","ast-main-header-display":"","ast-hfb-above-header-display":"","ast-hfb-below-header-display":"","ast-hfb-mobile-header-display":"","site-post-title":"","ast-breadcrumbs-content":"","ast-featured-img":"","footer-sml-layout":"","ast-disable-related-posts":"","theme-transparent-header-meta":"default","adv-header-id-meta":"","stick-header-meta":"","header-above-stick-meta":"","header-main-stick-meta":"","header-below-stick-meta":"","astra-migrate-meta-layouts":"set","ast-page-background-enabled":"default","ast-page-background-meta":{"desktop":{"background-color":"var(--ast-global-color-4)","background-image":"","background-repeat":"repeat","background-position":"center center","background-size":"auto","background-attachment":"scroll","background-type":"","background-media":"","overlay-type":"","overlay-color":"","overlay-opacity":"","overlay-gradient":""},"tablet":{"background-color":"","background-image":"","background-repeat":"repeat","background-position":"center center","background-size":"auto","background-attachment":"scroll","background-type":"","background-media":"","overlay-type":"","overlay-color":"","overlay-opacity":"","overlay-gradient":""},"mobile":{"background-color":"","background-image":"","background-repeat":"repeat","background-position":"center center","background-size":"auto","background-attachment":"scroll","background-type":"","background-media":"","overlay-type":"","overlay-color":"","overlay-opacity":"","overlay-gradient":""}},"ast-content-background-meta":{"desktop":{"background-color":"var(--ast-global-color-5)","background-image":"","background-repeat":"repeat","background-position":"center center","background-size":"auto","background-attachment":"scroll","background-type":"","background-media":"","overlay-type":"","overlay-color":"","overlay-opacity":"","overlay-gradient":""},"tablet":{"background-color":"var(--ast-global-color-5)","background-image":"","background-repeat":"repeat","background-position":"center center","background-size":"auto","background-attachment":"scroll","background-type":"","background-media":"","overlay-type":"","overlay-color":"","overlay-opacity":"","overlay-gradient":""},"mobile":{"background-color":"var(--ast-global-color-5)","background-image":"","background-repeat":"repeat","background-position":"center center","background-size":"auto","background-attachment":"scroll","background-type":"","background-media":"","overlay-type":"","overlay-color":"","overlay-opacity":"","overlay-gradient":""}}},"product_brand":[],"product_cat":[175],"product_tag":[],"class_list":{"0":"post-23229","1":"product","2":"type-product","3":"status-publish","4":"has-post-thumbnail","6":"product_cat-cleaning-products","7":"desktop-align-left","8":"tablet-align-left","9":"mobile-align-left","11":"first","12":"instock","13":"sale","14":"taxable","15":"shipping-taxable","16":"purchasable","17":"product-type-variable","18":"has-default-attributes"},"spectra_custom_meta":{"_visibility":["visible"],"_shopify_product_id":["9101814366453"],"_s2w_shopify_domain":["ferberpainting.myshopify.com"],"_shopify_variant_id":["46613533163765"],"_sku":[""],"_manage_stock":["no"],"total_sales":["6"],"_tax_status":["taxable"],"_tax_class":[""],"_backorders":["no"],"_sold_individually":["no"],"_virtual":["no"],"_downloadable":["no"],"_download_limit":["-1"],"_download_expiry":["-1"],"_stock":[null],"_stock_status":["instock"],"_wc_average_rating":["5.00"],"_wc_review_count":["13"],"_product_attributes":["a:1:{s:6:\"volume\";a:6:{s:4:\"name\";s:6:\"Volume\";s:5:\"value\";s:20:\"5 liters | 25 liters\";s:8:\"position\";i:1;s:10:\"is_visible\";i:0;s:12:\"is_variation\";i:1;s:11:\"is_taxonomy\";i:0;}}"],"_product_version":["10.5.1"],"wpse_downloadable_file_names":[""],"wpse_downloadable_file_urls":[""],"_edit_last":["1"],"_default_attributes":["a:1:{s:6:\"volume\";s:8:\"5 liters\";}"],"_edit_lock":["1771943899:1"],"merchant-center-availability":["yes"],"merchant-center-category":["8043"],"_wp_page_template":["default"],"_wp_old_date":["2025-05-26"],"_product_image_gallery":["119463,119462"],"site-sidebar-layout":["default"],"ast-site-content-layout":["default"],"site-content-style":["default"],"site-sidebar-style":["default"],"theme-transparent-header-meta":["default"],"_price":["29.90","129.90"],"_wp_old_slug":["fabric-and-upholstery-cleaner"],"_wc_rating_count":["a:1:{i:5;i:13;}"],"_thumbnail_id":["119465"],"astra-migrate-meta-layouts":["set"],"_uag_css_file_name":["uag-css-23229.css"],"_elementor_page_assets":["a:0:{}"],"_uag_page_assets":["a:9:{s:3:\"css\";s:7133:\".uag-blocks-common-selector{z-index:var(--z-index-desktop) !important}@media(max-width: 976px){.uag-blocks-common-selector{z-index:var(--z-index-tablet) !important}}@media(max-width: 767px){.uag-blocks-common-selector{z-index:var(--z-index-mobile) !important}}.wp-block-uagb-image{display:flex}.wp-block-uagb-image__figure{position:relative;display:flex;flex-direction:column;max-width:100%;height:auto;margin:0}.wp-block-uagb-image__figure img{height:auto;display:flex;max-width:100%;transition:box-shadow .2s ease}.wp-block-uagb-image__figure>a{display:inline-block}.wp-block-uagb-image__figure figcaption{text-align:center;margin-top:.5em;margin-bottom:1em}.wp-block-uagb-image .components-placeholder.block-editor-media-placeholder .components-placeholder__instructions{align-self:center}.wp-block-uagb-image--align-left{text-align:left}.wp-block-uagb-image--align-right{text-align:right}.wp-block-uagb-image--align-center{text-align:center}.wp-block-uagb-image--align-full .wp-block-uagb-image__figure{margin-left:calc(50% - 50vw);margin-right:calc(50% - 50vw);max-width:100vw;width:100vw;height:auto}.wp-block-uagb-image--align-full .wp-block-uagb-image__figure img{height:auto;width:100% !important}.wp-block-uagb-image--align-wide .wp-block-uagb-image__figure img{height:auto;width:100%}.wp-block-uagb-image--layout-overlay__color-wrapper{position:absolute;left:0;top:0;right:0;bottom:0;opacity:.2;background:rgba(0,0,0,.5);transition:opacity .35s ease-in-out}.wp-block-uagb-image--layout-overlay-link{position:absolute;left:0;right:0;bottom:0;top:0}.wp-block-uagb-image--layout-overlay .wp-block-uagb-image__figure:hover .wp-block-uagb-image--layout-overlay__color-wrapper{opacity:1}.wp-block-uagb-image--layout-overlay__inner{position:absolute;left:15px;right:15px;bottom:15px;top:15px;display:flex;align-items:center;justify-content:center;flex-direction:column;border-color:#fff;transition:.35s ease-in-out}.wp-block-uagb-image--layout-overlay__inner.top-left,.wp-block-uagb-image--layout-overlay__inner.top-center,.wp-block-uagb-image--layout-overlay__inner.top-right{justify-content:flex-start}.wp-block-uagb-image--layout-overlay__inner.bottom-left,.wp-block-uagb-image--layout-overlay__inner.bottom-center,.wp-block-uagb-image--layout-overlay__inner.bottom-right{justify-content:flex-end}.wp-block-uagb-image--layout-overlay__inner.top-left,.wp-block-uagb-image--layout-overlay__inner.center-left,.wp-block-uagb-image--layout-overlay__inner.bottom-left{align-items:flex-start}.wp-block-uagb-image--layout-overlay__inner.top-right,.wp-block-uagb-image--layout-overlay__inner.center-right,.wp-block-uagb-image--layout-overlay__inner.bottom-right{align-items:flex-end}.wp-block-uagb-image--layout-overlay__inner .uagb-image-heading{color:#fff;transition:transform .35s,opacity .35s ease-in-out;transform:translate3d(0, 24px, 0);margin:0;line-height:1em}.wp-block-uagb-image--layout-overlay__inner .uagb-image-separator{width:30%;border-top-width:2px;border-top-color:#fff;border-top-style:solid;margin-bottom:10px;opacity:0;transition:transform .4s,opacity .4s ease-in-out;transform:translate3d(0, 30px, 0)}.wp-block-uagb-image--layout-overlay__inner .uagb-image-caption{opacity:0;overflow:visible;color:#fff;transition:transform .45s,opacity .45s ease-in-out;transform:translate3d(0, 35px, 0)}.wp-block-uagb-image--layout-overlay__inner:hover .uagb-image-heading,.wp-block-uagb-image--layout-overlay__inner:hover .uagb-image-separator,.wp-block-uagb-image--layout-overlay__inner:hover .uagb-image-caption{opacity:1;transform:translate3d(0, 0, 0)}.wp-block-uagb-image--effect-zoomin .wp-block-uagb-image__figure img,.wp-block-uagb-image--effect-zoomin .wp-block-uagb-image__figure .wp-block-uagb-image--layout-overlay__color-wrapper{transform:scale(1);transition:transform .35s ease-in-out}.wp-block-uagb-image--effect-zoomin .wp-block-uagb-image__figure:hover img,.wp-block-uagb-image--effect-zoomin .wp-block-uagb-image__figure:hover .wp-block-uagb-image--layout-overlay__color-wrapper{transform:scale(1.05)}.wp-block-uagb-image--effect-slide .wp-block-uagb-image__figure img,.wp-block-uagb-image--effect-slide .wp-block-uagb-image__figure .wp-block-uagb-image--layout-overlay__color-wrapper{width:calc(100% + 40px) !important;max-width:none !important;transform:translate3d(-40px, 0, 0);transition:transform .35s ease-in-out}.wp-block-uagb-image--effect-slide .wp-block-uagb-image__figure:hover img,.wp-block-uagb-image--effect-slide .wp-block-uagb-image__figure:hover .wp-block-uagb-image--layout-overlay__color-wrapper{transform:translate3d(0, 0, 0)}.wp-block-uagb-image--effect-grayscale img{filter:grayscale(0%);transition:.35s ease-in-out}.wp-block-uagb-image--effect-grayscale:hover img{filter:grayscale(100%)}.wp-block-uagb-image--effect-blur img{filter:blur(0);transition:.35s ease-in-out}.wp-block-uagb-image--effect-blur:hover img{filter:blur(3px)}.uagb-block-e6f939b3.wp-block-uagb-image--layout-default figure img{box-shadow: 0px 0px 0 #00000070;}.uagb-block-e6f939b3.wp-block-uagb-image .wp-block-uagb-image__figure figcaption{font-style: normal;align-self: center;}.uagb-block-e6f939b3.wp-block-uagb-image--layout-overlay figure img{box-shadow: 0px 0px 0 #00000070;}.uagb-block-e6f939b3.wp-block-uagb-image--layout-overlay .wp-block-uagb-image--layout-overlay__color-wrapper{opacity: 0.2;}.uagb-block-e6f939b3.wp-block-uagb-image--layout-overlay .wp-block-uagb-image--layout-overlay__inner{left: 15px;right: 15px;top: 15px;bottom: 15px;}.uagb-block-e6f939b3.wp-block-uagb-image--layout-overlay .wp-block-uagb-image--layout-overlay__inner .uagb-image-heading{font-style: normal;color: #fff;opacity: 1;}.uagb-block-e6f939b3.wp-block-uagb-image--layout-overlay .wp-block-uagb-image--layout-overlay__inner .uagb-image-heading a{color: #fff;}.uagb-block-e6f939b3.wp-block-uagb-image--layout-overlay .wp-block-uagb-image--layout-overlay__inner .uagb-image-caption{opacity: 0;}.uagb-block-e6f939b3.wp-block-uagb-image--layout-overlay .wp-block-uagb-image__figure:hover .wp-block-uagb-image--layout-overlay__color-wrapper{opacity: 1;}.uagb-block-e6f939b3.wp-block-uagb-image .wp-block-uagb-image--layout-overlay__inner .uagb-image-separator{width: 30%;border-top-width: 2px;border-top-color: #fff;opacity: 0;}.uagb-block-e6f939b3.wp-block-uagb-image .wp-block-uagb-image__figure img{width: px;height: auto;}.uagb-block-e6f939b3.wp-block-uagb-image .wp-block-uagb-image__figure:hover .wp-block-uagb-image--layout-overlay__inner .uagb-image-caption{opacity: 1;}.uagb-block-e6f939b3.wp-block-uagb-image .wp-block-uagb-image__figure:hover .wp-block-uagb-image--layout-overlay__inner .uagb-image-separator{opacity: 1;}.uagb-block-e6f939b3.wp-block-uagb-image--layout-default figure:hover img{box-shadow: 0px 0px 0 #00000070;}.uagb-block-e6f939b3.wp-block-uagb-image--layout-overlay figure:hover img{box-shadow: 0px 0px 0 #00000070;}@media only screen and (max-width: 976px) {.uagb-block-e6f939b3.wp-block-uagb-image .wp-block-uagb-image__figure img{width: px;height: auto;}}@media only screen and (max-width: 767px) {.uagb-block-e6f939b3.wp-block-uagb-image .wp-block-uagb-image__figure img{width: px;height: auto;}}\";s:2:\"js\";s:0:\"\";s:18:\"current_block_list\";a:13:{i:0;s:11:\"core\/search\";i:1;s:10:\"core\/group\";i:2;s:12:\"core\/heading\";i:3;s:17:\"core\/latest-posts\";i:4;s:20:\"core\/latest-comments\";i:5;s:13:\"core\/archives\";i:6;s:15:\"core\/categories\";i:7;s:14:\"core\/paragraph\";i:8;s:10:\"uagb\/image\";i:9;s:11:\"core\/spacer\";i:10;s:30:\"woocommerce\/product-categories\";i:11;s:10:\"core\/image\";i:12;s:14:\"core\/shortcode\";}s:8:\"uag_flag\";b:1;s:11:\"uag_version\";s:10:\"1777214441\";s:6:\"gfonts\";a:0:{}s:10:\"gfonts_url\";s:0:\"\";s:12:\"gfonts_files\";a:0:{}s:14:\"uag_faq_layout\";b:0;}"]},"uagb_featured_image_src":{"full":["https:\/\/www.ferberpainting.com\/wp-content\/uploads\/2025\/07\/Fabric-and-Textile-Cleaner-5L-Mockup-3-1.png",2560,2560,false],"thumbnail":["https:\/\/www.ferberpainting.com\/wp-content\/uploads\/2025\/07\/Fabric-and-Textile-Cleaner-5L-Mockup-3-1-150x150.png",150,150,true],"medium":["https:\/\/www.ferberpainting.com\/wp-content\/uploads\/2025\/07\/Fabric-and-Textile-Cleaner-5L-Mockup-3-1-300x300.png",300,300,true],"medium_large":["https:\/\/www.ferberpainting.com\/wp-content\/uploads\/2025\/07\/Fabric-and-Textile-Cleaner-5L-Mockup-3-1-768x768.png",768,768,true],"large":["https:\/\/www.ferberpainting.com\/wp-content\/uploads\/2025\/07\/Fabric-and-Textile-Cleaner-5L-Mockup-3-1-1024x1024.png",1024,1024,true],"1536x1536":["https:\/\/www.ferberpainting.com\/wp-content\/uploads\/2025\/07\/Fabric-and-Textile-Cleaner-5L-Mockup-3-1-1536x1536.png",1536,1536,true],"2048x2048":["https:\/\/www.ferberpainting.com\/wp-content\/uploads\/2025\/07\/Fabric-and-Textile-Cleaner-5L-Mockup-3-1-2048x2048.png",2048,2048,true],"trp-custom-language-flag":["https:\/\/www.ferberpainting.com\/wp-content\/uploads\/2025\/07\/Fabric-and-Textile-Cleaner-5L-Mockup-3-1-12x12.png",12,12,true],"woocommerce_thumbnail":["https:\/\/www.ferberpainting.com\/wp-content\/uploads\/2025\/07\/Fabric-and-Textile-Cleaner-5L-Mockup-3-1-300x300.png",300,300,true],"woocommerce_single":["https:\/\/www.ferberpainting.com\/wp-content\/uploads\/2025\/07\/Fabric-and-Textile-Cleaner-5L-Mockup-3-1-600x600.png",600,600,true],"woocommerce_gallery_thumbnail":["https:\/\/www.ferberpainting.com\/wp-content\/uploads\/2025\/07\/Fabric-and-Textile-Cleaner-5L-Mockup-3-1-100x100.png",100,100,true]},"uagb_author_info":{"display_name":"admin","author_link":"https:\/\/www.ferberpainting.com\/ch-de\/author\/"},"uagb_comment_info":13,"uagb_excerpt":"Optimal Effectiveness.\u00a0This fabric and textile cleaner is specially formulated to remove stains, embedded dirt, and unpleasant odors on all types of fabrics. Its powerful formula deeply penetrates to dislodge dust, food residues, grease, and perspiration marks, all while preserving the softness and shine of textile fibers. It guarantees thorough cleaning while respecting fabric color and&hellip;","_links":{"self":[{"href":"https:\/\/www.ferberpainting.com\/ch-de\/wp-json\/wp\/v2\/product\/23229","targetHints":{"allow":["GET"]}}],"collection":[{"href":"https:\/\/www.ferberpainting.com\/ch-de\/wp-json\/wp\/v2\/product"}],"about":[{"href":"https:\/\/www.ferberpainting.com\/ch-de\/wp-json\/wp\/v2\/types\/product"}],"replies":[{"embeddable":true,"href":"https:\/\/www.ferberpainting.com\/ch-de\/wp-json\/wp\/v2\/comments?post=23229"}],"version-history":[{"count":7,"href":"https:\/\/www.ferberpainting.com\/ch-de\/wp-json\/wp\/v2\/product\/23229\/revisions"}],"predecessor-version":[{"id":166110,"href":"https:\/\/www.ferberpainting.com\/ch-de\/wp-json\/wp\/v2\/product\/23229\/revisions\/166110"}],"wp:featuredmedia":[{"embeddable":true,"href":"https:\/\/www.ferberpainting.com\/ch-de\/wp-json\/wp\/v2\/media\/119465"}],"wp:attachment":[{"href":"https:\/\/www.ferberpainting.com\/ch-de\/wp-json\/wp\/v2\/media?parent=23229"}],"wp:term":[{"taxonomy":"product_brand","embeddable":true,"href":"https:\/\/www.ferberpainting.com\/ch-de\/wp-json\/wp\/v2\/product_brand?post=23229"},{"taxonomy":"product_cat","embeddable":true,"href":"https:\/\/www.ferberpainting.com\/ch-de\/wp-json\/wp\/v2\/product_cat?post=23229"},{"taxonomy":"product_tag","embeddable":true,"href":"https:\/\/www.ferberpainting.com\/ch-de\/wp-json\/wp\/v2\/product_tag?post=23229"}],"curies":[{"name":"wp","href":"https:\/\/api.w.org\/{rel}","templated":true}]}}