{"id":23208,"date":"2025-05-26T10:23:20","date_gmt":"2025-05-26T08:23:20","guid":{"rendered":"https:\/\/www.ferberpainting.com\/products\/dry-rot-treatment\/"},"modified":"2026-02-15T13:53:39","modified_gmt":"2026-02-15T12:53:39","slug":"dry-rot-treatment","status":"publish","type":"product","link":"https:\/\/www.ferberpainting.com\/ch-de\/products\/dry-rot-treatment\/","title":{"rendered":"Behandlung von Trockenf\u00e4ule"},"content":{"rendered":"<p><strong><img decoding=\"async\" style=\"margin-right: 12px;\" src=\"https:\/\/www.ferberpainting.com\/wp-content\/uploads\/2026\/02\/Check.svg\" alt=\"\" width=\"18\" height=\"15\" \/>Beseitigt den Hausschwamm an der Wurzel und sch\u00fctzt das Holz dauerhaft.<\/strong> Unsere Hausschwamm-Behandlung wurde speziell entwickelt, um den Pilzbefall direkt an der Quelle zu stoppen. Sie dringt tief in das infizierte Holz und die umliegenden Bereiche ein, um die aktiven Sporen zu vernichten und eine weitere Ausbreitung zu verhindern. Es wirkt auf struktureller Ebene, um das Holz zu stabilisieren und seine Integrit\u00e4t wiederherzustellen. So werden Balken, Balken, Rahmen, B\u00f6den und andere Holzelemente vor fortschreitendem Verfall gesch\u00fctzt.<\/p>\n<p><strong><img decoding=\"async\" style=\"margin-right: 12px;\" src=\"https:\/\/www.ferberpainting.com\/wp-content\/uploads\/2026\/02\/Check.svg\" alt=\"\" width=\"18\" height=\"15\" \/>Die wirksamste L\u00f6sung f\u00fcr den Hausschwamm auf dem Markt.<\/strong> Diese mit fortschrittlicher Fungizidtechnologie entwickelte Behandlung dringt in por\u00f6se Holzfasern ein und neutralisiert Trockenf\u00e4ulepilze mit h\u00f6chster Effizienz. Im Gegensatz zu oberfl\u00e4chlichen Produkten wirkt es tief im Untergrund, um einen lang anhaltenden Schutz und eine zuverl\u00e4ssige strukturelle Verst\u00e4rkung zu gew\u00e4hrleisten.<\/p>\n<p><strong><img decoding=\"async\" style=\"margin-right: 12px;\" src=\"https:\/\/www.ferberpainting.com\/wp-content\/uploads\/2026\/02\/Check.svg\" alt=\"\" width=\"18\" height=\"15\" \/>Geld-zur\u00fcck-Garantie f\u00fcr absoluten Seelenfrieden.<\/strong> Wir haben volles Vertrauen in die Leistung unserer Hausschwamm-Behandlung. Wenn Sie mit dem Ergebnis nicht zufrieden sind, erstatten wir Ihnen den Kaufpreis. Unsere Geld-zur\u00fcck-Garantie stellt sicher, dass Ihre Investition v\u00f6llig risikofrei ist und spiegelt unser Engagement f\u00fcr professionelle Wirksamkeit wider.<\/p>\n<p><strong><img decoding=\"async\" style=\"margin-right: 12px;\" src=\"https:\/\/www.ferberpainting.com\/wp-content\/uploads\/2026\/02\/Check.svg\" alt=\"\" width=\"18\" height=\"15\" \/>Die preiswerteste Hochleistungs-Trockenf\u00e4ulebehandlung auf dem Markt.<\/strong> Struktureller Holzschutz muss nicht mit teuren Eingriffen von Bauunternehmen verbunden sein. Unser Produkt bietet erstklassigen Fungizidschutz zum g\u00fcnstigsten Preis auf dem Markt und bietet Hausbesitzern, Immobilienverwaltern und Fachleuten einen au\u00dfergew\u00f6hnlichen Wert.<\/p>\n<p><strong><img decoding=\"async\" style=\"margin-right: 12px;\" src=\"https:\/\/www.ferberpainting.com\/wp-content\/uploads\/2026\/02\/Check.svg\" alt=\"\" width=\"18\" height=\"15\" \/>Schnelle 24-Stunden-Lieferung f\u00fcr dringenden Bautenschutz.<\/strong> Trockenf\u00e4ule kann sich schnell ausbreiten, wenn sie unbehandelt bleibt. Deshalb bieten wir eine zuverl\u00e4ssige 24-Stunden-Lieferung, damit Sie Ihre Behandlung schnell erhalten und sofort handeln k\u00f6nnen, um den Schaden zu begrenzen und eine weitere Verschlechterung zu verhindern.<\/p>\n<p><strong><img decoding=\"async\" style=\"margin-right: 12px;\" src=\"https:\/\/www.ferberpainting.com\/wp-content\/uploads\/2026\/02\/Check.svg\" alt=\"\" width=\"18\" height=\"15\" \/>Deckkraft von bis zu 5 m\u00b2 pro Liter f\u00fcr eine pr\u00e4zise Anwendung.<\/strong> Ein Liter der Behandlung deckt bis zu 5 Quadratmeter ab, was eine genaue Dosierung erm\u00f6glicht und eine ausreichende S\u00e4ttigung des betroffenen Holzes gew\u00e4hrleistet. Diese definierte Deckungsrate garantiert eine optimale Durchdringung und einen langfristigen Schutz.<\/p>\n<p><strong><img decoding=\"async\" style=\"margin-right: 12px;\" src=\"https:\/\/www.ferberpainting.com\/wp-content\/uploads\/2026\/02\/Check.svg\" alt=\"\" width=\"18\" height=\"15\" \/>Tiefes Eindringen f\u00fcr umfassenden Schutz.<\/strong> Die d\u00fcnnfl\u00fcssige Formel erm\u00f6glicht es dem Produkt, in die Holzfasern und das angrenzende Mauerwerk einzudringen und so versteckte Pilzf\u00e4den und Sporen zu bek\u00e4mpfen. Diese Tiefenwirkung verringert das Risiko eines erneuten Befalls und gew\u00e4hrleistet die vollst\u00e4ndige Beseitigung des Befalls.<\/p>\n<p><strong><img decoding=\"async\" style=\"margin-right: 12px;\" src=\"https:\/\/www.ferberpainting.com\/wp-content\/uploads\/2026\/02\/Check.svg\" alt=\"\" width=\"18\" height=\"15\" \/>Verhindert die zuk\u00fcnftige Entwicklung von Pilzen.<\/strong> Die Behandlung beseitigt nicht nur den aktiven Hausschwamm, sondern hinterl\u00e4sst auch Schutzmittel, die ein feindliches Umfeld f\u00fcr k\u00fcnftiges Pilzwachstum schaffen und so dazu beitragen, Holzkonstruktionen vor einem erneuten Befall zu sch\u00fctzen.<\/p>\n<p><strong><img decoding=\"async\" style=\"margin-right: 12px;\" src=\"https:\/\/www.ferberpainting.com\/wp-content\/uploads\/2026\/02\/Check.svg\" alt=\"\" width=\"18\" height=\"15\" \/>Geeignet f\u00fcr strukturelle und dekorative Holzelemente.<\/strong> Diese Behandlung ist ideal f\u00fcr Balken, Dielen, T\u00fcrrahmen, Fensterrahmen, Dachst\u00fchle, Treppen und andere von Hausschwamm befallene Holzteile. Es kann in Wohn- und Gesch\u00e4ftsgeb\u00e4uden sowie in historischen Geb\u00e4uden verwendet werden.<\/p>\n<p><strong><img decoding=\"async\" style=\"margin-right: 12px;\" src=\"https:\/\/www.ferberpainting.com\/wp-content\/uploads\/2026\/02\/Check.svg\" alt=\"\" width=\"18\" height=\"15\" \/>St\u00e4rkt und stabilisiert betroffenes Holz.<\/strong> Indem die Behandlung den Pilzbefall stoppt und die inneren Fasern st\u00e4rkt, tr\u00e4gt sie dazu bei, die verbleibende strukturelle Festigkeit zu erhalten und die Lebensdauer des vorhandenen Holzes zu verl\u00e4ngern, ohne dass es sofort ersetzt werden muss.<\/p>\n<h2><strong>Anweisungen<\/strong><\/h2>\n<ul>\n<li>Ermitteln und beseitigen Sie die Feuchtigkeitsquelle, bevor Sie mit der Behandlung beginnen, denn Trockenf\u00e4ule entwickelt sich unter feuchten Bedingungen. Sorgen Sie f\u00fcr ausreichende Bel\u00fcftung und beseitigen Sie undichte Stellen.<\/li>\n<li>Entfernen Sie stark besch\u00e4digte oder strukturell gef\u00e4hrdete Holzteile, falls erforderlich, vor der Anwendung.<\/li>\n<li>Reinigen Sie die betroffene Stelle, indem Sie losen Schmutz, Staub und sichtbares Pilzwachstum abb\u00fcrsten.<\/li>\n<li>Stellen Sie sicher, dass die Holzoberfl\u00e4che vor der Behandlung so trocken wie m\u00f6glich ist, um eine optimale Absorption zu erm\u00f6glichen.<\/li>\n<li>Sch\u00fctteln oder r\u00fchren Sie das Produkt vor Gebrauch gr\u00fcndlich, um eine gleichm\u00e4\u00dfige Konsistenz zu gew\u00e4hrleisten.<\/li>\n<li>Gro\u00dfz\u00fcgig mit einem Pinsel, einer Rolle oder einem Niederdruckspr\u00fcher auftragen, um das betroffene Holz zu s\u00e4ttigen.<\/li>\n<li>Beachten Sie die empfohlene Ergiebigkeit von bis zu 5 m\u00b2 pro Liter. Dies entspricht etwa 200 ml pro Quadratmeter, um eine ausreichende Penetration zu gew\u00e4hrleisten.<\/li>\n<li>Achten Sie besonders auf Hirnholz, Fugen, Risse und das umgebende Mauerwerk, wo sich Pilzsporen ausbreiten k\u00f6nnen.<\/li>\n<li>Bei stark befallenem Holz k\u00f6nnen mehrere Anstriche erforderlich sein. Lassen Sie die erste Schicht vollst\u00e4ndig einziehen, bevor Sie eine zweite Schicht auftragen.<\/li>\n<li>Bei starkem Befall k\u00f6nnen Bohr- und Injektionsverfahren eingesetzt werden, um das Eindringen in dicke Balken zu verbessern.<\/li>\n<li>Lassen Sie das behandelte Holz vollst\u00e4ndig trocknen, bevor Sie es versiegeln, streichen oder zus\u00e4tzliche Anstriche auftragen.<\/li>\n<li>Sorgen Sie daf\u00fcr, dass die behandelten Bereiche trocken und gut bel\u00fcftet bleiben, um ein erneutes Auftreten zu verhindern.<\/li>\n<li>Reinigen Sie die Werkzeuge sofort nach Gebrauch und lagern Sie das Produkt an einem k\u00fchlen, trockenen Ort, gesch\u00fctzt vor direkter Sonneneinstrahlung und mit dicht verschlossenem Beh\u00e4lter.<\/li>\n<\/ul>","protected":false},"excerpt":{"rendered":"<p>Eliminates dry rot at its source and protect wood permanently. Our dry rot treatment is specially formulated to stop fungal decay directly at the source, penetrating deep into infected wood and surrounding areas to eradicate active spores and prevent further spread. It works at structural level to stabilize timber and restore integrity, helping to protect [&hellip;]<\/p>\n","protected":false},"featured_media":25760,"comment_status":"open","ping_status":"closed","template":"","meta":{"_uag_custom_page_level_css":"","site-sidebar-layout":"default","site-content-layout":"","ast-site-content-layout":"default","site-content-style":"default","site-sidebar-style":"default","ast-global-header-display":"","ast-banner-title-visibility":"","ast-main-header-display":"","ast-hfb-above-header-display":"","ast-hfb-below-header-display":"","ast-hfb-mobile-header-display":"","site-post-title":"","ast-breadcrumbs-content":"","ast-featured-img":"","footer-sml-layout":"","ast-disable-related-posts":"","theme-transparent-header-meta":"default","adv-header-id-meta":"","stick-header-meta":"","header-above-stick-meta":"","header-main-stick-meta":"","header-below-stick-meta":"","astra-migrate-meta-layouts":"set","ast-page-background-enabled":"default","ast-page-background-meta":{"desktop":{"background-color":"var(--ast-global-color-4)","background-image":"","background-repeat":"repeat","background-position":"center center","background-size":"auto","background-attachment":"scroll","background-type":"","background-media":"","overlay-type":"","overlay-color":"","overlay-opacity":"","overlay-gradient":""},"tablet":{"background-color":"","background-image":"","background-repeat":"repeat","background-position":"center center","background-size":"auto","background-attachment":"scroll","background-type":"","background-media":"","overlay-type":"","overlay-color":"","overlay-opacity":"","overlay-gradient":""},"mobile":{"background-color":"","background-image":"","background-repeat":"repeat","background-position":"center center","background-size":"auto","background-attachment":"scroll","background-type":"","background-media":"","overlay-type":"","overlay-color":"","overlay-opacity":"","overlay-gradient":""}},"ast-content-background-meta":{"desktop":{"background-color":"var(--ast-global-color-5)","background-image":"","background-repeat":"repeat","background-position":"center center","background-size":"auto","background-attachment":"scroll","background-type":"","background-media":"","overlay-type":"","overlay-color":"","overlay-opacity":"","overlay-gradient":""},"tablet":{"background-color":"var(--ast-global-color-5)","background-image":"","background-repeat":"repeat","background-position":"center center","background-size":"auto","background-attachment":"scroll","background-type":"","background-media":"","overlay-type":"","overlay-color":"","overlay-opacity":"","overlay-gradient":""},"mobile":{"background-color":"var(--ast-global-color-5)","background-image":"","background-repeat":"repeat","background-position":"center center","background-size":"auto","background-attachment":"scroll","background-type":"","background-media":"","overlay-type":"","overlay-color":"","overlay-opacity":"","overlay-gradient":""}}},"product_brand":[],"product_cat":[175],"product_tag":[],"class_list":{"0":"post-23208","1":"product","2":"type-product","3":"status-publish","4":"has-post-thumbnail","6":"product_cat-cleaning-products","7":"desktop-align-left","8":"tablet-align-left","9":"mobile-align-left","11":"first","12":"instock","13":"sale","14":"shipping-taxable","15":"purchasable","16":"product-type-variable","17":"has-default-attributes"},"spectra_custom_meta":{"_visibility":["visible"],"_shopify_product_id":["7955509182709"],"_s2w_shopify_domain":["ferberpainting.myshopify.com"],"_shopify_variant_id":["43515601846517"],"_sku":[""],"_manage_stock":["no"],"total_sales":["166"],"_tax_status":["taxable"],"_tax_class":[""],"_backorders":["no"],"_sold_individually":["no"],"_virtual":["no"],"_downloadable":["no"],"_download_limit":["-1"],"_download_expiry":["-1"],"_stock":[null],"_stock_status":["instock"],"_wc_average_rating":["4.93"],"_wc_review_count":["57"],"_product_attributes":["a:1:{s:6:\"volume\";a:6:{s:4:\"name\";s:6:\"Volume\";s:5:\"value\";s:20:\"5 liters | 25 liters\";s:8:\"position\";i:1;s:10:\"is_visible\";i:0;s:12:\"is_variation\";i:1;s:11:\"is_taxonomy\";i:0;}}"],"_product_version":["10.5.1"],"_thumbnail_id":["25760"],"_price":["29.90","99.90"],"_product_image_gallery":["25761"],"merchant-center-availability":["yes"],"merchant-center-category":["3103"],"merchant-center-id":["DRT"],"wpse_downloadable_file_names":[""],"wpse_downloadable_file_urls":[""],"_edit_last":["1"],"_default_attributes":["a:1:{s:6:\"volume\";s:8:\"5 liters\";}"],"_wc_rating_count":["a:2:{i:4;i:4;i:5;i:53;}"],"_edit_lock":["1771159929:1"],"_wp_page_template":["default"],"site-sidebar-layout":["default"],"ast-site-content-layout":["default"],"site-content-style":["default"],"site-sidebar-style":["default"],"theme-transparent-header-meta":["default"],"astra-migrate-meta-layouts":["set"],"_uag_css_file_name":["uag-css-23208.css"],"_elementor_page_assets":["a:0:{}"],"_uag_page_assets":["a:9:{s:3:\"css\";s:7133:\".uag-blocks-common-selector{z-index:var(--z-index-desktop) !important}@media(max-width: 976px){.uag-blocks-common-selector{z-index:var(--z-index-tablet) !important}}@media(max-width: 767px){.uag-blocks-common-selector{z-index:var(--z-index-mobile) !important}}.wp-block-uagb-image{display:flex}.wp-block-uagb-image__figure{position:relative;display:flex;flex-direction:column;max-width:100%;height:auto;margin:0}.wp-block-uagb-image__figure img{height:auto;display:flex;max-width:100%;transition:box-shadow .2s ease}.wp-block-uagb-image__figure>a{display:inline-block}.wp-block-uagb-image__figure figcaption{text-align:center;margin-top:.5em;margin-bottom:1em}.wp-block-uagb-image .components-placeholder.block-editor-media-placeholder .components-placeholder__instructions{align-self:center}.wp-block-uagb-image--align-left{text-align:left}.wp-block-uagb-image--align-right{text-align:right}.wp-block-uagb-image--align-center{text-align:center}.wp-block-uagb-image--align-full .wp-block-uagb-image__figure{margin-left:calc(50% - 50vw);margin-right:calc(50% - 50vw);max-width:100vw;width:100vw;height:auto}.wp-block-uagb-image--align-full .wp-block-uagb-image__figure img{height:auto;width:100% !important}.wp-block-uagb-image--align-wide .wp-block-uagb-image__figure img{height:auto;width:100%}.wp-block-uagb-image--layout-overlay__color-wrapper{position:absolute;left:0;top:0;right:0;bottom:0;opacity:.2;background:rgba(0,0,0,.5);transition:opacity .35s ease-in-out}.wp-block-uagb-image--layout-overlay-link{position:absolute;left:0;right:0;bottom:0;top:0}.wp-block-uagb-image--layout-overlay .wp-block-uagb-image__figure:hover .wp-block-uagb-image--layout-overlay__color-wrapper{opacity:1}.wp-block-uagb-image--layout-overlay__inner{position:absolute;left:15px;right:15px;bottom:15px;top:15px;display:flex;align-items:center;justify-content:center;flex-direction:column;border-color:#fff;transition:.35s ease-in-out}.wp-block-uagb-image--layout-overlay__inner.top-left,.wp-block-uagb-image--layout-overlay__inner.top-center,.wp-block-uagb-image--layout-overlay__inner.top-right{justify-content:flex-start}.wp-block-uagb-image--layout-overlay__inner.bottom-left,.wp-block-uagb-image--layout-overlay__inner.bottom-center,.wp-block-uagb-image--layout-overlay__inner.bottom-right{justify-content:flex-end}.wp-block-uagb-image--layout-overlay__inner.top-left,.wp-block-uagb-image--layout-overlay__inner.center-left,.wp-block-uagb-image--layout-overlay__inner.bottom-left{align-items:flex-start}.wp-block-uagb-image--layout-overlay__inner.top-right,.wp-block-uagb-image--layout-overlay__inner.center-right,.wp-block-uagb-image--layout-overlay__inner.bottom-right{align-items:flex-end}.wp-block-uagb-image--layout-overlay__inner .uagb-image-heading{color:#fff;transition:transform .35s,opacity .35s ease-in-out;transform:translate3d(0, 24px, 0);margin:0;line-height:1em}.wp-block-uagb-image--layout-overlay__inner .uagb-image-separator{width:30%;border-top-width:2px;border-top-color:#fff;border-top-style:solid;margin-bottom:10px;opacity:0;transition:transform .4s,opacity .4s ease-in-out;transform:translate3d(0, 30px, 0)}.wp-block-uagb-image--layout-overlay__inner .uagb-image-caption{opacity:0;overflow:visible;color:#fff;transition:transform .45s,opacity .45s ease-in-out;transform:translate3d(0, 35px, 0)}.wp-block-uagb-image--layout-overlay__inner:hover .uagb-image-heading,.wp-block-uagb-image--layout-overlay__inner:hover .uagb-image-separator,.wp-block-uagb-image--layout-overlay__inner:hover .uagb-image-caption{opacity:1;transform:translate3d(0, 0, 0)}.wp-block-uagb-image--effect-zoomin .wp-block-uagb-image__figure img,.wp-block-uagb-image--effect-zoomin .wp-block-uagb-image__figure .wp-block-uagb-image--layout-overlay__color-wrapper{transform:scale(1);transition:transform .35s ease-in-out}.wp-block-uagb-image--effect-zoomin .wp-block-uagb-image__figure:hover img,.wp-block-uagb-image--effect-zoomin .wp-block-uagb-image__figure:hover .wp-block-uagb-image--layout-overlay__color-wrapper{transform:scale(1.05)}.wp-block-uagb-image--effect-slide .wp-block-uagb-image__figure img,.wp-block-uagb-image--effect-slide .wp-block-uagb-image__figure .wp-block-uagb-image--layout-overlay__color-wrapper{width:calc(100% + 40px) !important;max-width:none !important;transform:translate3d(-40px, 0, 0);transition:transform .35s ease-in-out}.wp-block-uagb-image--effect-slide .wp-block-uagb-image__figure:hover img,.wp-block-uagb-image--effect-slide .wp-block-uagb-image__figure:hover .wp-block-uagb-image--layout-overlay__color-wrapper{transform:translate3d(0, 0, 0)}.wp-block-uagb-image--effect-grayscale img{filter:grayscale(0%);transition:.35s ease-in-out}.wp-block-uagb-image--effect-grayscale:hover img{filter:grayscale(100%)}.wp-block-uagb-image--effect-blur img{filter:blur(0);transition:.35s ease-in-out}.wp-block-uagb-image--effect-blur:hover img{filter:blur(3px)}.uagb-block-e6f939b3.wp-block-uagb-image--layout-default figure img{box-shadow: 0px 0px 0 #00000070;}.uagb-block-e6f939b3.wp-block-uagb-image .wp-block-uagb-image__figure figcaption{font-style: normal;align-self: center;}.uagb-block-e6f939b3.wp-block-uagb-image--layout-overlay figure img{box-shadow: 0px 0px 0 #00000070;}.uagb-block-e6f939b3.wp-block-uagb-image--layout-overlay .wp-block-uagb-image--layout-overlay__color-wrapper{opacity: 0.2;}.uagb-block-e6f939b3.wp-block-uagb-image--layout-overlay .wp-block-uagb-image--layout-overlay__inner{left: 15px;right: 15px;top: 15px;bottom: 15px;}.uagb-block-e6f939b3.wp-block-uagb-image--layout-overlay .wp-block-uagb-image--layout-overlay__inner .uagb-image-heading{font-style: normal;color: #fff;opacity: 1;}.uagb-block-e6f939b3.wp-block-uagb-image--layout-overlay .wp-block-uagb-image--layout-overlay__inner .uagb-image-heading a{color: #fff;}.uagb-block-e6f939b3.wp-block-uagb-image--layout-overlay .wp-block-uagb-image--layout-overlay__inner .uagb-image-caption{opacity: 0;}.uagb-block-e6f939b3.wp-block-uagb-image--layout-overlay .wp-block-uagb-image__figure:hover .wp-block-uagb-image--layout-overlay__color-wrapper{opacity: 1;}.uagb-block-e6f939b3.wp-block-uagb-image .wp-block-uagb-image--layout-overlay__inner .uagb-image-separator{width: 30%;border-top-width: 2px;border-top-color: #fff;opacity: 0;}.uagb-block-e6f939b3.wp-block-uagb-image .wp-block-uagb-image__figure img{width: px;height: auto;}.uagb-block-e6f939b3.wp-block-uagb-image .wp-block-uagb-image__figure:hover .wp-block-uagb-image--layout-overlay__inner .uagb-image-caption{opacity: 1;}.uagb-block-e6f939b3.wp-block-uagb-image .wp-block-uagb-image__figure:hover .wp-block-uagb-image--layout-overlay__inner .uagb-image-separator{opacity: 1;}.uagb-block-e6f939b3.wp-block-uagb-image--layout-default figure:hover img{box-shadow: 0px 0px 0 #00000070;}.uagb-block-e6f939b3.wp-block-uagb-image--layout-overlay figure:hover img{box-shadow: 0px 0px 0 #00000070;}@media only screen and (max-width: 976px) {.uagb-block-e6f939b3.wp-block-uagb-image .wp-block-uagb-image__figure img{width: px;height: auto;}}@media only screen and (max-width: 767px) {.uagb-block-e6f939b3.wp-block-uagb-image .wp-block-uagb-image__figure img{width: px;height: auto;}}\";s:2:\"js\";s:0:\"\";s:18:\"current_block_list\";a:13:{i:0;s:11:\"core\/search\";i:1;s:10:\"core\/group\";i:2;s:12:\"core\/heading\";i:3;s:17:\"core\/latest-posts\";i:4;s:20:\"core\/latest-comments\";i:5;s:13:\"core\/archives\";i:6;s:15:\"core\/categories\";i:7;s:14:\"core\/paragraph\";i:8;s:10:\"uagb\/image\";i:9;s:11:\"core\/spacer\";i:10;s:30:\"woocommerce\/product-categories\";i:11;s:10:\"core\/image\";i:12;s:14:\"core\/shortcode\";}s:8:\"uag_flag\";b:1;s:11:\"uag_version\";s:10:\"1777055835\";s:6:\"gfonts\";a:0:{}s:10:\"gfonts_url\";s:0:\"\";s:12:\"gfonts_files\";a:0:{}s:14:\"uag_faq_layout\";b:0;}"]},"uagb_featured_image_src":{"full":["https:\/\/www.ferberpainting.com\/wp-content\/uploads\/2025\/05\/DRYROTTREATEMENT5L.jpg",2560,2560,false],"thumbnail":["https:\/\/www.ferberpainting.com\/wp-content\/uploads\/2025\/05\/DRYROTTREATEMENT5L-150x150.jpg",150,150,true],"medium":["https:\/\/www.ferberpainting.com\/wp-content\/uploads\/2025\/05\/DRYROTTREATEMENT5L-300x300.jpg",300,300,true],"medium_large":["https:\/\/www.ferberpainting.com\/wp-content\/uploads\/2025\/05\/DRYROTTREATEMENT5L-768x768.jpg",768,768,true],"large":["https:\/\/www.ferberpainting.com\/wp-content\/uploads\/2025\/05\/DRYROTTREATEMENT5L-1024x1024.jpg",1024,1024,true],"1536x1536":["https:\/\/www.ferberpainting.com\/wp-content\/uploads\/2025\/05\/DRYROTTREATEMENT5L-1536x1536.jpg",1536,1536,true],"2048x2048":["https:\/\/www.ferberpainting.com\/wp-content\/uploads\/2025\/05\/DRYROTTREATEMENT5L-2048x2048.jpg",2048,2048,true],"trp-custom-language-flag":["https:\/\/www.ferberpainting.com\/wp-content\/uploads\/2025\/05\/DRYROTTREATEMENT5L-12x12.jpg",12,12,true],"woocommerce_thumbnail":["https:\/\/www.ferberpainting.com\/wp-content\/uploads\/2025\/05\/DRYROTTREATEMENT5L-300x300.jpg",300,300,true],"woocommerce_single":["https:\/\/www.ferberpainting.com\/wp-content\/uploads\/2025\/05\/DRYROTTREATEMENT5L-600x600.jpg",600,600,true],"woocommerce_gallery_thumbnail":["https:\/\/www.ferberpainting.com\/wp-content\/uploads\/2025\/05\/DRYROTTREATEMENT5L-100x100.jpg",100,100,true]},"uagb_author_info":{"display_name":"admin","author_link":"https:\/\/www.ferberpainting.com\/ch-de\/author\/"},"uagb_comment_info":57,"uagb_excerpt":"Eliminates dry rot at its source and protect wood permanently. Our dry rot treatment is specially formulated to stop fungal decay directly at the source, penetrating deep into infected wood and surrounding areas to eradicate active spores and prevent further spread. It works at structural level to stabilize timber and restore integrity, helping to protect&hellip;","_links":{"self":[{"href":"https:\/\/www.ferberpainting.com\/ch-de\/wp-json\/wp\/v2\/product\/23208","targetHints":{"allow":["GET"]}}],"collection":[{"href":"https:\/\/www.ferberpainting.com\/ch-de\/wp-json\/wp\/v2\/product"}],"about":[{"href":"https:\/\/www.ferberpainting.com\/ch-de\/wp-json\/wp\/v2\/types\/product"}],"replies":[{"embeddable":true,"href":"https:\/\/www.ferberpainting.com\/ch-de\/wp-json\/wp\/v2\/comments?post=23208"}],"version-history":[{"count":4,"href":"https:\/\/www.ferberpainting.com\/ch-de\/wp-json\/wp\/v2\/product\/23208\/revisions"}],"predecessor-version":[{"id":166104,"href":"https:\/\/www.ferberpainting.com\/ch-de\/wp-json\/wp\/v2\/product\/23208\/revisions\/166104"}],"wp:featuredmedia":[{"embeddable":true,"href":"https:\/\/www.ferberpainting.com\/ch-de\/wp-json\/wp\/v2\/media\/25760"}],"wp:attachment":[{"href":"https:\/\/www.ferberpainting.com\/ch-de\/wp-json\/wp\/v2\/media?parent=23208"}],"wp:term":[{"taxonomy":"product_brand","embeddable":true,"href":"https:\/\/www.ferberpainting.com\/ch-de\/wp-json\/wp\/v2\/product_brand?post=23208"},{"taxonomy":"product_cat","embeddable":true,"href":"https:\/\/www.ferberpainting.com\/ch-de\/wp-json\/wp\/v2\/product_cat?post=23208"},{"taxonomy":"product_tag","embeddable":true,"href":"https:\/\/www.ferberpainting.com\/ch-de\/wp-json\/wp\/v2\/product_tag?post=23208"}],"curies":[{"name":"wp","href":"https:\/\/api.w.org\/{rel}","templated":true}]}}