{"id":23140,"date":"2025-07-01T17:37:04","date_gmt":"2025-07-01T15:37:04","guid":{"rendered":"https:\/\/www.ferberpainting.com\/?post_type=product&#038;p=23136"},"modified":"2026-02-15T13:28:47","modified_gmt":"2026-02-15T12:28:47","slug":"clay-water-repellent","status":"publish","type":"product","link":"https:\/\/www.ferberpainting.com\/ch-de\/products\/clay-water-repellent\/","title":{"rendered":"Impr\u00e4gnierung f\u00fcr Ton"},"content":{"rendered":"<p><img decoding=\"async\" style=\"margin-right: 12px;\" src=\"https:\/\/www.ferberpainting.com\/wp-content\/uploads\/2026\/02\/Check.svg\" alt=\"\" width=\"18\" height=\"15\" \/><strong>Optimaler Feuchtigkeitsschutz.<\/strong>\u00a0Dieses Impr\u00e4gniermittel f\u00fcr Lehm wurde speziell formuliert, um eine wirksame hydrophobe Barriere zu schaffen, die das Eindringen von Wasser und Feuchtigkeit in por\u00f6se Oberfl\u00e4chen verhindert. Es sch\u00fctzt Ton vor dem Eindringen von Wasser, fl\u00fcssigen Flecken und Frostsch\u00e4den. Wenn es auf dekorative oder funktionale Tonobjekte aufgetragen wird, gew\u00e4hrleistet es deren Haltbarkeit und Widerstandsf\u00e4higkeit gegen\u00fcber den Elementen im Freien.<\/p>\n<p><img decoding=\"async\" style=\"margin-right: 12px;\" src=\"https:\/\/www.ferberpainting.com\/wp-content\/uploads\/2026\/02\/Check.svg\" alt=\"\" width=\"18\" height=\"15\" \/><strong>Geld-zur\u00fcck-Garantie.<\/strong>\u00a0Wir haben volles Vertrauen in die Wirksamkeit unseres Ton-Wasserfestigers. Wenn Sie nach dem Gebrauch nicht mit dem Ergebnis zufrieden sind, haben Sie das Recht auf eine vollst\u00e4ndige R\u00fcckerstattung. Sie k\u00f6nnen unser Produkt also risikofrei testen und einen lang anhaltenden Schutz f\u00fcr Ihre Tonkreationen genie\u00dfen.<\/p>\n<p><img decoding=\"async\" style=\"margin-right: 12px;\" src=\"https:\/\/www.ferberpainting.com\/wp-content\/uploads\/2026\/02\/Check.svg\" alt=\"\" width=\"18\" height=\"15\" \/><strong>Au\u00dfergew\u00f6hnliche Vielseitigkeit.<\/strong>\u00a0Dieser Impr\u00e4gnierer ist nicht auf Ton beschr\u00e4nkt! Er ist auch auf anderen por\u00f6sen Materialien wie Terrakotta, Gips, Naturstein und einigen unglasierten Keramiken sehr wirksam. Es ist ideal f\u00fcr die Impr\u00e4gnierung von handgefertigten Objekten, T\u00f6pferwaren, Terrakottafliesen, Skulpturen und sogar W\u00e4nden oder B\u00f6den aus por\u00f6sen Materialien. Seine Vielseitigkeit macht es zu einem Muss f\u00fcr Profis und Heimwerker gleicherma\u00dfen.<\/p>\n<p><img decoding=\"async\" style=\"margin-right: 12px;\" src=\"https:\/\/www.ferberpainting.com\/wp-content\/uploads\/2026\/02\/Check.svg\" alt=\"\" width=\"18\" height=\"15\" \/><strong>Kosteneffiziente Leistung.<\/strong>\u00a0Dank der hohen Konzentration wird nur eine geringe Menge des Produkts ben\u00f6tigt, um eine gro\u00dfe Fl\u00e4che zu impr\u00e4gnieren. Mit einem Liter Impr\u00e4gniermittel k\u00f6nnen etwa 10 bis 15 m\u00b2 behandelt werden, je nach Porosit\u00e4t des Materials. Mit seinem 5-Liter-Format bietet dieses Produkt lang anhaltenden Schutz f\u00fcr viele Objekte und Oberfl\u00e4chen und reduziert sowohl die Wartungskosten als auch die H\u00e4ufigkeit der Anwendung.<\/p>\n<p><img decoding=\"async\" style=\"margin-right: 12px;\" src=\"https:\/\/www.ferberpainting.com\/wp-content\/uploads\/2026\/02\/Check.svg\" alt=\"\" width=\"18\" height=\"15\" \/><strong>Sicher in der Anwendung.<\/strong>\u00a0Im Gegensatz zu herk\u00f6mmlichen Impr\u00e4gniermitteln, die aggressive L\u00f6sungsmittel enthalten, die Oberfl\u00e4chen besch\u00e4digen oder giftige D\u00e4mpfe freisetzen k\u00f6nnen, ist dieses Produkt so formuliert, dass die Anwendungsrisiken minimiert werden. Es ver\u00e4ndert nicht das Aussehen oder die Farbe von Ton, vergilbt nicht mit der Zeit und respektiert die nat\u00fcrlichen Eigenschaften der behandelten Oberfl\u00e4chen. Es wird empfohlen, in einem bel\u00fcfteten Bereich zu arbeiten und Hautkontakt zu vermeiden.<\/p>\n<p><img decoding=\"async\" style=\"margin-right: 12px;\" src=\"https:\/\/www.ferberpainting.com\/wp-content\/uploads\/2026\/02\/Check.svg\" alt=\"\" width=\"18\" height=\"15\" \/><strong>Benutzerfreundlichkeit.<\/strong>\u00a0Dieses Produkt ist gebrauchsfertig und erfordert keine Verd\u00fcnnung oder komplexe Vorbereitung. Es wird direkt mit einem Pinsel, einer Rolle oder einem weichen Tuch auf den sauberen, trockenen Ton aufgetragen. Es dringt tief ein und trocknet schnell, so dass es in einem einzigen Arbeitsgang einen wirksamen Schutz bietet. Die einfache Anwendung macht es f\u00fcr jeden zug\u00e4nglich, egal ob Sie T\u00f6pfer, Kunsthandwerker, Restaurator oder Heimwerker sind.<\/p>\n<p><img decoding=\"async\" style=\"margin-right: 12px;\" src=\"https:\/\/www.ferberpainting.com\/wp-content\/uploads\/2026\/02\/Check.svg\" alt=\"\" width=\"18\" height=\"15\" \/><strong>Verl\u00e4ngerte Haltbarkeit.<\/strong>\u00a0Eine einmalige Anwendung dieses Impr\u00e4gniermittels gew\u00e4hrleistet einen lang anhaltenden Schutz gegen Wasser und Feuchtigkeit. Es st\u00e4rkt die Unversehrtheit von Tonobjekten, indem es ihre Porosit\u00e4t verringert und einen vorzeitigen Verfall verhindert. Seine Best\u00e4ndigkeit gegen Wetter- und Temperaturschwankungen macht es zu einer unverzichtbaren L\u00f6sung f\u00fcr Objekte im Au\u00dfenbereich wie Terrakotta-T\u00f6pfe, Fliesen und Statuen.<\/p>\n<p><img decoding=\"async\" style=\"margin-right: 12px;\" src=\"https:\/\/www.ferberpainting.com\/wp-content\/uploads\/2026\/02\/Check.svg\" alt=\"\" width=\"18\" height=\"15\" \/><strong>Schnelle Aktion.<\/strong>\u00a0Es wirkt sofort nach dem Auftragen. In nur wenigen Minuten dringt es tief ein und bildet eine unsichtbare Barriere, die das Anhaften von Wasser auf der Oberfl\u00e4che verhindert. Es trocknet schnell und erm\u00f6glicht eine schnelle und effiziente Impr\u00e4gnierung der behandelten Gegenst\u00e4nde. Im Gegensatz zu anderen Impr\u00e4gniermitteln, die mehrere Stunden zum Trocknen ben\u00f6tigen, bietet dieses Produkt optimalen Schutz in k\u00fcrzerer Zeit.<\/p>\n<h2><strong>Verwendungsprotokoll<\/strong><\/h2>\n<ul>\n<li><strong>Vorbereitung <\/strong>: Stellen Sie sicher, dass der Ton oder das por\u00f6se Material vor dem Auftragen sauber und vollst\u00e4ndig trocken ist. Entfernen Sie allen Staub, Schmutz oder Fett mit einem trockenen Tuch oder einer weichen B\u00fcrste, um eine optimale Haftung zu gew\u00e4hrleisten.<\/li>\n<li><strong>Anwendung mit Pinsel oder Lappen <\/strong>: Tragen Sie das Produkt mit einer weichen B\u00fcrste oder einem Tuch in kreisenden Bewegungen d\u00fcnn auf, um ein tiefes Eindringen zu erm\u00f6glichen. Achten Sie darauf, den gesamten Gegenstand oder die Oberfl\u00e4che gleichm\u00e4\u00dfig zu bedecken.<\/li>\n<li><strong>Gro\u00dffl\u00e4chige Nutzung <\/strong>: F\u00fcr Fliesen, Terrakotta oder gro\u00dfe Skulpturen eine Rolle oder einen Niederdruckspr\u00fcher f\u00fcr einen schnellen, gleichm\u00e4\u00dfigen Auftrag verwenden. Stellen Sie sicher, dass das Produkt alle Bereiche erreicht, insbesondere Kanten und Reliefs.<\/li>\n<li><strong>Trocknungszeit <\/strong>: Je nach Umgebungsbedingungen 30 Minuten bis 1 Stunde an der Luft trocknen lassen. F\u00fcr maximalen Schutz den Kontakt mit Wasser in den ersten 24 Stunden nach dem Auftragen vermeiden.<\/li>\n<li><strong>Erh\u00f6hter Schutz <\/strong>: Bei sehr por\u00f6sen oder feuchtigkeitsbelasteten Oberfl\u00e4chen tragen Sie eine zweite Schicht auf, nachdem die erste getrocknet ist. Diese zweite Schicht verbessert die Wasserdichtigkeit und Haltbarkeit.<\/li>\n<li><strong>Wirksamkeitspr\u00fcfung <\/strong>: Testen Sie die Impr\u00e4gnierung nach dem Trocknen, indem Sie einige Wassertropfen auf die behandelte Oberfl\u00e4che geben. Wenn das Wasser abperlt und abl\u00e4uft, ist die Impr\u00e4gnierung erfolgreich. Wenn nicht, tragen Sie eine zweite Schicht auf, um den Schutz zu verst\u00e4rken.<\/li>\n<li><strong>H\u00e4ufigkeit der Nutzung <\/strong>: F\u00fcr einen langfristigen Schutz ein- bis zweimal pro Jahr auftragen, je nach Witterungseinfl\u00fcssen und Nutzung. Oberfl\u00e4chen im Au\u00dfenbereich m\u00fcssen aufgrund der direkten Exposition gegen\u00fcber klimatischen Bedingungen m\u00f6glicherweise h\u00e4ufiger gepflegt werden.<\/li>\n<li><strong>Lagerung <\/strong>: Lagern Sie den Kanister an einem k\u00fchlen, trockenen Ort, gesch\u00fctzt vor Hitze und Sonnenlicht. Nach jedem Gebrauch fest verschlie\u00dfen, um Verdunstung zu verhindern und die langfristige Wirksamkeit zu erhalten.<\/li>\n<\/ul>\n<p>Mit unserem Impr\u00e4gniermittel f\u00fcr Ton verleihen Sie Ihren Kreationen einen lang anhaltenden Schutz und eine hervorragende Best\u00e4ndigkeit gegen Feuchtigkeit. Eine ideale L\u00f6sung, um die Sch\u00f6nheit und St\u00e4rke Ihrer Objekte aus Ton, Terrakotta oder Naturstein zu erhalten.<\/p>","protected":false},"excerpt":{"rendered":"<p>Optimal Moisture Protection.\u00a0This clay waterproofer is specially formulated to create an effective hydrophobic barrier that prevents water and moisture from penetrating porous surfaces. It protects clay from water infiltration, liquid stains, and frost damage. When applied to decorative or functional clay objects, it ensures their durability and resistance to outdoor elements. Money-back guarantee.\u00a0We have full [&hellip;]<\/p>\n","protected":false},"featured_media":36508,"comment_status":"open","ping_status":"closed","template":"","meta":{"_uag_custom_page_level_css":"","site-sidebar-layout":"default","site-content-layout":"","ast-site-content-layout":"default","site-content-style":"default","site-sidebar-style":"default","ast-global-header-display":"","ast-banner-title-visibility":"","ast-main-header-display":"","ast-hfb-above-header-display":"","ast-hfb-below-header-display":"","ast-hfb-mobile-header-display":"","site-post-title":"","ast-breadcrumbs-content":"","ast-featured-img":"","footer-sml-layout":"","ast-disable-related-posts":"","theme-transparent-header-meta":"default","adv-header-id-meta":"","stick-header-meta":"","header-above-stick-meta":"","header-main-stick-meta":"","header-below-stick-meta":"","astra-migrate-meta-layouts":"set","ast-page-background-enabled":"default","ast-page-background-meta":{"desktop":{"background-color":"var(--ast-global-color-4)","background-image":"","background-repeat":"repeat","background-position":"center center","background-size":"auto","background-attachment":"scroll","background-type":"","background-media":"","overlay-type":"","overlay-color":"","overlay-opacity":"","overlay-gradient":""},"tablet":{"background-color":"","background-image":"","background-repeat":"repeat","background-position":"center center","background-size":"auto","background-attachment":"scroll","background-type":"","background-media":"","overlay-type":"","overlay-color":"","overlay-opacity":"","overlay-gradient":""},"mobile":{"background-color":"","background-image":"","background-repeat":"repeat","background-position":"center center","background-size":"auto","background-attachment":"scroll","background-type":"","background-media":"","overlay-type":"","overlay-color":"","overlay-opacity":"","overlay-gradient":""}},"ast-content-background-meta":{"desktop":{"background-color":"var(--ast-global-color-5)","background-image":"","background-repeat":"repeat","background-position":"center center","background-size":"auto","background-attachment":"scroll","background-type":"","background-media":"","overlay-type":"","overlay-color":"","overlay-opacity":"","overlay-gradient":""},"tablet":{"background-color":"var(--ast-global-color-5)","background-image":"","background-repeat":"repeat","background-position":"center center","background-size":"auto","background-attachment":"scroll","background-type":"","background-media":"","overlay-type":"","overlay-color":"","overlay-opacity":"","overlay-gradient":""},"mobile":{"background-color":"var(--ast-global-color-5)","background-image":"","background-repeat":"repeat","background-position":"center center","background-size":"auto","background-attachment":"scroll","background-type":"","background-media":"","overlay-type":"","overlay-color":"","overlay-opacity":"","overlay-gradient":""}}},"product_brand":[],"product_cat":[191],"product_tag":[],"class_list":{"0":"post-23140","1":"product","2":"type-product","3":"status-publish","4":"has-post-thumbnail","6":"product_cat-water-repellent","7":"desktop-align-left","8":"tablet-align-left","9":"mobile-align-left","11":"first","12":"instock","13":"sale","14":"shipping-taxable","15":"purchasable","16":"product-type-variable","17":"has-default-attributes"},"spectra_custom_meta":{"_visibility":["visible"],"_shopify_product_id":["9106550259957"],"_s2w_shopify_domain":["ferberpainting.myshopify.com"],"_shopify_variant_id":["46626258321653"],"_sku":[""],"_manage_stock":["no"],"total_sales":["8"],"_tax_status":["taxable"],"_tax_class":[""],"_backorders":["no"],"_sold_individually":["no"],"_virtual":["no"],"_downloadable":["no"],"_download_limit":["-1"],"_download_expiry":["-1"],"_stock":[null],"_stock_status":["instock"],"_wc_average_rating":["5.00"],"_wc_review_count":["18"],"_product_attributes":["a:1:{s:6:\"volume\";a:6:{s:4:\"name\";s:6:\"Volume\";s:5:\"value\";s:20:\"5 liters | 25 liters\";s:8:\"position\";i:1;s:10:\"is_visible\";i:0;s:12:\"is_variation\";i:1;s:11:\"is_taxonomy\";i:0;}}"],"_product_version":["10.5.1"],"wpse_downloadable_file_names":[""],"wpse_downloadable_file_urls":[""],"_edit_last":["1"],"_default_attributes":["a:1:{s:6:\"volume\";s:8:\"5 liters\";}"],"_edit_lock":["1771158388:1"],"_price":["29.90","129.90"],"merchant-center-availability":["yes"],"merchant-center-category":["503744"],"_thumbnail_id":["36508"],"_wp_page_template":["default"],"_wp_old_date":["2025-05-26"],"_product_image_gallery":["36509"],"site-sidebar-layout":["default"],"ast-site-content-layout":["default"],"site-content-style":["default"],"site-sidebar-style":["default"],"theme-transparent-header-meta":["default"],"_wc_rating_count":["a:1:{i:5;i:18;}"],"astra-migrate-meta-layouts":["set"],"_uag_css_file_name":["uag-css-23140.css"],"_elementor_page_assets":["a:0:{}"],"_uag_page_assets":["a:9:{s:3:\"css\";s:6873:\".wp-block-uagb-image{display:flex}.wp-block-uagb-image__figure{position:relative;display:flex;flex-direction:column;max-width:100%;height:auto;margin:0}.wp-block-uagb-image__figure img{height:auto;display:flex;max-width:100%;transition:box-shadow .2s ease}.wp-block-uagb-image__figure>a{display:inline-block}.wp-block-uagb-image__figure figcaption{text-align:center;margin-top:.5em;margin-bottom:1em}.wp-block-uagb-image .components-placeholder.block-editor-media-placeholder .components-placeholder__instructions{align-self:center}.wp-block-uagb-image--align-left{text-align:left}.wp-block-uagb-image--align-right{text-align:right}.wp-block-uagb-image--align-center{text-align:center}.wp-block-uagb-image--align-full .wp-block-uagb-image__figure{margin-left:calc(50% - 50vw);margin-right:calc(50% - 50vw);max-width:100vw;width:100vw;height:auto}.wp-block-uagb-image--align-full .wp-block-uagb-image__figure img{height:auto;width:100% !important}.wp-block-uagb-image--align-wide .wp-block-uagb-image__figure img{height:auto;width:100%}.wp-block-uagb-image--layout-overlay__color-wrapper{position:absolute;left:0;top:0;right:0;bottom:0;opacity:.2;background:rgba(0,0,0,.5);transition:opacity .35s ease-in-out}.wp-block-uagb-image--layout-overlay-link{position:absolute;left:0;right:0;bottom:0;top:0}.wp-block-uagb-image--layout-overlay .wp-block-uagb-image__figure:hover .wp-block-uagb-image--layout-overlay__color-wrapper{opacity:1}.wp-block-uagb-image--layout-overlay__inner{position:absolute;left:15px;right:15px;bottom:15px;top:15px;display:flex;align-items:center;justify-content:center;flex-direction:column;border-color:#fff;transition:.35s ease-in-out}.wp-block-uagb-image--layout-overlay__inner.top-left,.wp-block-uagb-image--layout-overlay__inner.top-center,.wp-block-uagb-image--layout-overlay__inner.top-right{justify-content:flex-start}.wp-block-uagb-image--layout-overlay__inner.bottom-left,.wp-block-uagb-image--layout-overlay__inner.bottom-center,.wp-block-uagb-image--layout-overlay__inner.bottom-right{justify-content:flex-end}.wp-block-uagb-image--layout-overlay__inner.top-left,.wp-block-uagb-image--layout-overlay__inner.center-left,.wp-block-uagb-image--layout-overlay__inner.bottom-left{align-items:flex-start}.wp-block-uagb-image--layout-overlay__inner.top-right,.wp-block-uagb-image--layout-overlay__inner.center-right,.wp-block-uagb-image--layout-overlay__inner.bottom-right{align-items:flex-end}.wp-block-uagb-image--layout-overlay__inner .uagb-image-heading{color:#fff;transition:transform .35s,opacity .35s ease-in-out;transform:translate3d(0, 24px, 0);margin:0;line-height:1em}.wp-block-uagb-image--layout-overlay__inner .uagb-image-separator{width:30%;border-top-width:2px;border-top-color:#fff;border-top-style:solid;margin-bottom:10px;opacity:0;transition:transform .4s,opacity .4s ease-in-out;transform:translate3d(0, 30px, 0)}.wp-block-uagb-image--layout-overlay__inner .uagb-image-caption{opacity:0;overflow:visible;color:#fff;transition:transform .45s,opacity .45s ease-in-out;transform:translate3d(0, 35px, 0)}.wp-block-uagb-image--layout-overlay__inner:hover .uagb-image-heading,.wp-block-uagb-image--layout-overlay__inner:hover .uagb-image-separator,.wp-block-uagb-image--layout-overlay__inner:hover .uagb-image-caption{opacity:1;transform:translate3d(0, 0, 0)}.wp-block-uagb-image--effect-zoomin .wp-block-uagb-image__figure img,.wp-block-uagb-image--effect-zoomin .wp-block-uagb-image__figure .wp-block-uagb-image--layout-overlay__color-wrapper{transform:scale(1);transition:transform .35s ease-in-out}.wp-block-uagb-image--effect-zoomin .wp-block-uagb-image__figure:hover img,.wp-block-uagb-image--effect-zoomin .wp-block-uagb-image__figure:hover .wp-block-uagb-image--layout-overlay__color-wrapper{transform:scale(1.05)}.wp-block-uagb-image--effect-slide .wp-block-uagb-image__figure img,.wp-block-uagb-image--effect-slide .wp-block-uagb-image__figure .wp-block-uagb-image--layout-overlay__color-wrapper{width:calc(100% + 40px) !important;max-width:none !important;transform:translate3d(-40px, 0, 0);transition:transform .35s ease-in-out}.wp-block-uagb-image--effect-slide .wp-block-uagb-image__figure:hover img,.wp-block-uagb-image--effect-slide .wp-block-uagb-image__figure:hover .wp-block-uagb-image--layout-overlay__color-wrapper{transform:translate3d(0, 0, 0)}.wp-block-uagb-image--effect-grayscale img{filter:grayscale(0%);transition:.35s ease-in-out}.wp-block-uagb-image--effect-grayscale:hover img{filter:grayscale(100%)}.wp-block-uagb-image--effect-blur img{filter:blur(0);transition:.35s ease-in-out}.wp-block-uagb-image--effect-blur:hover img{filter:blur(3px)}.uagb-block-e6f939b3.wp-block-uagb-image--layout-default figure img{box-shadow: 0px 0px 0 #00000070;}.uagb-block-e6f939b3.wp-block-uagb-image .wp-block-uagb-image__figure figcaption{font-style: normal;align-self: center;}.uagb-block-e6f939b3.wp-block-uagb-image--layout-overlay figure img{box-shadow: 0px 0px 0 #00000070;}.uagb-block-e6f939b3.wp-block-uagb-image--layout-overlay .wp-block-uagb-image--layout-overlay__color-wrapper{opacity: 0.2;}.uagb-block-e6f939b3.wp-block-uagb-image--layout-overlay .wp-block-uagb-image--layout-overlay__inner{left: 15px;right: 15px;top: 15px;bottom: 15px;}.uagb-block-e6f939b3.wp-block-uagb-image--layout-overlay .wp-block-uagb-image--layout-overlay__inner .uagb-image-heading{font-style: normal;color: #fff;opacity: 1;}.uagb-block-e6f939b3.wp-block-uagb-image--layout-overlay .wp-block-uagb-image--layout-overlay__inner .uagb-image-heading a{color: #fff;}.uagb-block-e6f939b3.wp-block-uagb-image--layout-overlay .wp-block-uagb-image--layout-overlay__inner .uagb-image-caption{opacity: 0;}.uagb-block-e6f939b3.wp-block-uagb-image--layout-overlay .wp-block-uagb-image__figure:hover .wp-block-uagb-image--layout-overlay__color-wrapper{opacity: 1;}.uagb-block-e6f939b3.wp-block-uagb-image .wp-block-uagb-image--layout-overlay__inner .uagb-image-separator{width: 30%;border-top-width: 2px;border-top-color: #fff;opacity: 0;}.uagb-block-e6f939b3.wp-block-uagb-image .wp-block-uagb-image__figure img{width: px;height: auto;}.uagb-block-e6f939b3.wp-block-uagb-image .wp-block-uagb-image__figure:hover .wp-block-uagb-image--layout-overlay__inner .uagb-image-caption{opacity: 1;}.uagb-block-e6f939b3.wp-block-uagb-image .wp-block-uagb-image__figure:hover .wp-block-uagb-image--layout-overlay__inner .uagb-image-separator{opacity: 1;}.uagb-block-e6f939b3.wp-block-uagb-image--layout-default figure:hover img{box-shadow: 0px 0px 0 #00000070;}.uagb-block-e6f939b3.wp-block-uagb-image--layout-overlay figure:hover img{box-shadow: 0px 0px 0 #00000070;}@media only screen and (max-width: 976px) {.uagb-block-e6f939b3.wp-block-uagb-image .wp-block-uagb-image__figure img{width: px;height: auto;}}@media only screen and (max-width: 767px) {.uagb-block-e6f939b3.wp-block-uagb-image .wp-block-uagb-image__figure img{width: px;height: auto;}}\";s:2:\"js\";s:0:\"\";s:18:\"current_block_list\";a:13:{i:0;s:11:\"core\/search\";i:1;s:10:\"core\/group\";i:2;s:12:\"core\/heading\";i:3;s:17:\"core\/latest-posts\";i:4;s:20:\"core\/latest-comments\";i:5;s:13:\"core\/archives\";i:6;s:15:\"core\/categories\";i:7;s:14:\"core\/paragraph\";i:8;s:10:\"uagb\/image\";i:9;s:11:\"core\/spacer\";i:10;s:30:\"woocommerce\/product-categories\";i:11;s:10:\"core\/image\";i:12;s:14:\"core\/shortcode\";}s:8:\"uag_flag\";b:1;s:11:\"uag_version\";s:10:\"1777101418\";s:6:\"gfonts\";a:0:{}s:10:\"gfonts_url\";s:0:\"\";s:12:\"gfonts_files\";a:0:{}s:14:\"uag_faq_layout\";b:0;}"]},"uagb_featured_image_src":{"full":["https:\/\/www.ferberpainting.com\/wp-content\/uploads\/2025\/05\/Clay-Water-Repellent-5L.png",2560,2560,false],"thumbnail":["https:\/\/www.ferberpainting.com\/wp-content\/uploads\/2025\/05\/Clay-Water-Repellent-5L-150x150.png",150,150,true],"medium":["https:\/\/www.ferberpainting.com\/wp-content\/uploads\/2025\/05\/Clay-Water-Repellent-5L-300x300.png",300,300,true],"medium_large":["https:\/\/www.ferberpainting.com\/wp-content\/uploads\/2025\/05\/Clay-Water-Repellent-5L-768x768.png",768,768,true],"large":["https:\/\/www.ferberpainting.com\/wp-content\/uploads\/2025\/05\/Clay-Water-Repellent-5L-1024x1024.png",1024,1024,true],"1536x1536":["https:\/\/www.ferberpainting.com\/wp-content\/uploads\/2025\/05\/Clay-Water-Repellent-5L-1536x1536.png",1536,1536,true],"2048x2048":["https:\/\/www.ferberpainting.com\/wp-content\/uploads\/2025\/05\/Clay-Water-Repellent-5L-2048x2048.png",2048,2048,true],"trp-custom-language-flag":["https:\/\/www.ferberpainting.com\/wp-content\/uploads\/2025\/05\/Clay-Water-Repellent-5L-12x12.png",12,12,true],"woocommerce_thumbnail":["https:\/\/www.ferberpainting.com\/wp-content\/uploads\/2025\/05\/Clay-Water-Repellent-5L-300x300.png",300,300,true],"woocommerce_single":["https:\/\/www.ferberpainting.com\/wp-content\/uploads\/2025\/05\/Clay-Water-Repellent-5L-600x600.png",600,600,true],"woocommerce_gallery_thumbnail":["https:\/\/www.ferberpainting.com\/wp-content\/uploads\/2025\/05\/Clay-Water-Repellent-5L-100x100.png",100,100,true]},"uagb_author_info":{"display_name":"admin","author_link":"https:\/\/www.ferberpainting.com\/ch-de\/author\/"},"uagb_comment_info":18,"uagb_excerpt":"Optimal Moisture Protection.\u00a0This clay waterproofer is specially formulated to create an effective hydrophobic barrier that prevents water and moisture from penetrating porous surfaces. It protects clay from water infiltration, liquid stains, and frost damage. When applied to decorative or functional clay objects, it ensures their durability and resistance to outdoor elements. Money-back guarantee.\u00a0We have full&hellip;","_links":{"self":[{"href":"https:\/\/www.ferberpainting.com\/ch-de\/wp-json\/wp\/v2\/product\/23140","targetHints":{"allow":["GET"]}}],"collection":[{"href":"https:\/\/www.ferberpainting.com\/ch-de\/wp-json\/wp\/v2\/product"}],"about":[{"href":"https:\/\/www.ferberpainting.com\/ch-de\/wp-json\/wp\/v2\/types\/product"}],"replies":[{"embeddable":true,"href":"https:\/\/www.ferberpainting.com\/ch-de\/wp-json\/wp\/v2\/comments?post=23140"}],"version-history":[{"count":5,"href":"https:\/\/www.ferberpainting.com\/ch-de\/wp-json\/wp\/v2\/product\/23140\/revisions"}],"predecessor-version":[{"id":166068,"href":"https:\/\/www.ferberpainting.com\/ch-de\/wp-json\/wp\/v2\/product\/23140\/revisions\/166068"}],"wp:featuredmedia":[{"embeddable":true,"href":"https:\/\/www.ferberpainting.com\/ch-de\/wp-json\/wp\/v2\/media\/36508"}],"wp:attachment":[{"href":"https:\/\/www.ferberpainting.com\/ch-de\/wp-json\/wp\/v2\/media?parent=23140"}],"wp:term":[{"taxonomy":"product_brand","embeddable":true,"href":"https:\/\/www.ferberpainting.com\/ch-de\/wp-json\/wp\/v2\/product_brand?post=23140"},{"taxonomy":"product_cat","embeddable":true,"href":"https:\/\/www.ferberpainting.com\/ch-de\/wp-json\/wp\/v2\/product_cat?post=23140"},{"taxonomy":"product_tag","embeddable":true,"href":"https:\/\/www.ferberpainting.com\/ch-de\/wp-json\/wp\/v2\/product_tag?post=23140"}],"curies":[{"name":"wp","href":"https:\/\/api.w.org\/{rel}","templated":true}]}}