{"id":23136,"date":"2025-07-01T17:25:33","date_gmt":"2025-07-01T15:25:33","guid":{"rendered":"https:\/\/www.ferberpainting.com\/?post_type=product&#038;p=23136"},"modified":"2026-02-15T13:27:20","modified_gmt":"2026-02-15T12:27:20","slug":"chimney-and-fireplace-cleaner","status":"publish","type":"product","link":"https:\/\/www.ferberpainting.com\/ch-de\/products\/chimney-and-fireplace-cleaner\/","title":{"rendered":"Reiniger f\u00fcr Kamin und Kamineinsatz"},"content":{"rendered":"<p><img decoding=\"async\" style=\"margin-right: 12px;\" src=\"https:\/\/www.ferberpainting.com\/wp-content\/uploads\/2026\/02\/Check.svg\" alt=\"\" width=\"18\" height=\"15\" \/><strong>Optimale Wirksamkeit.<\/strong>\u00a0Dieser Kamin- und Ofenglasreiniger wurde speziell entwickelt, um Ru\u00df-, Teer- und Ascheablagerungen, die sich auf dem Glas und den Innenw\u00e4nden Ihres Kamins ansammeln, wirksam zu entfernen. Er wirkt bis in die Tiefe, um die Klarheit des Glases wiederherzustellen, R\u00fcckst\u00e4nde von Ziegeln und Stahl zu entfernen und nach jedem Gebrauch f\u00fcr tadellose Sauberkeit zu sorgen.<\/p>\n<p><img decoding=\"async\" style=\"margin-right: 12px;\" src=\"https:\/\/www.ferberpainting.com\/wp-content\/uploads\/2026\/02\/Check.svg\" alt=\"\" width=\"18\" height=\"15\" \/><strong>Geld-zur\u00fcck-Garantie.<\/strong>\u00a0Wir sind von der Wirksamkeit unseres Reinigers \u00fcberzeugt. Wenn Sie nach der Anwendung nicht zufrieden sind, haben Sie Anspruch auf eine volle R\u00fcckerstattung. Testen Sie unser Produkt in aller Seelenruhe - ohne Risiko.<\/p>\n<p><img decoding=\"async\" style=\"margin-right: 12px;\" src=\"https:\/\/www.ferberpainting.com\/wp-content\/uploads\/2026\/02\/Check.svg\" alt=\"\" width=\"18\" height=\"15\" \/><strong>Au\u00dfergew\u00f6hnliche Vielseitigkeit.<\/strong>\u00a0Dieser Reiniger ist nicht nur f\u00fcr Kaminglas geeignet! Er ist auch f\u00fcr Holz\u00f6fen, offene Kamine, Grills, Gusseisenplatten und Metallroste geeignet. Er ist mit verschiedenen Materialien wie Glas, Stahl, Gusseisen, Schamottesteinen, Beton und Naturstein kompatibel und erm\u00f6glicht eine optimale Reinigung, ohne die Oberfl\u00e4chen zu besch\u00e4digen.<\/p>\n<p><img decoding=\"async\" style=\"margin-right: 12px;\" src=\"https:\/\/www.ferberpainting.com\/wp-content\/uploads\/2026\/02\/Check.svg\" alt=\"\" width=\"18\" height=\"15\" \/><strong>Kosteng\u00fcnstig.<\/strong>\u00a0Dank seines 5-Liter-Beh\u00e4lters und seiner hochkonzentrierten Formel bietet dieser Reiniger eine hervorragende Ergiebigkeit. Eine kleine Menge reicht aus, um gro\u00dfe verschmutzte Oberfl\u00e4chen zu reinigen. Im Durchschnitt kann ein Liter bis zu 50 m\u00b2 Glas- oder Metalloberfl\u00e4chen reinigen, was ihn zu einer wirtschaftlichen und dauerhaften L\u00f6sung macht.<\/p>\n<p><img decoding=\"async\" style=\"margin-right: 12px;\" src=\"https:\/\/www.ferberpainting.com\/wp-content\/uploads\/2026\/02\/Check.svg\" alt=\"\" width=\"18\" height=\"15\" \/><strong>Sicher in der Anwendung.<\/strong>\u00a0Im Gegensatz zu scharfen handels\u00fcblichen Reinigern ist dieses Produkt ohne \u00e4tzende oder gef\u00e4hrliche Substanzen formuliert. Es gibt keine giftigen D\u00e4mpfe ab, hinterl\u00e4sst keine chemischen R\u00fcckst\u00e4nde und stellt bei bestimmungsgem\u00e4\u00dfem Gebrauch kein Gesundheitsrisiko dar. Es kann ohne Gefahr f\u00fcr die Hausbewohner in Innenr\u00e4umen verwendet werden.<\/p>\n<p><img decoding=\"async\" style=\"margin-right: 12px;\" src=\"https:\/\/www.ferberpainting.com\/wp-content\/uploads\/2026\/02\/Check.svg\" alt=\"\" width=\"18\" height=\"15\" \/><strong>Einfach zu bedienen.<\/strong>\u00a0Dieser Reiniger ist gebrauchsfertig und erfordert keine Verd\u00fcnnung oder besondere Vorbereitung. Einfach direkt auf die verschmutzte Oberfl\u00e4che auftragen, einige Augenblicke einwirken lassen und sanft schrubben, um Ru\u00df und Teer zu entfernen. Es ist kein \u00fcberm\u00e4\u00dfiger Kraftaufwand erforderlich, was die Reinigung erheblich erleichtert.<\/p>\n<p><img decoding=\"async\" style=\"margin-right: 12px;\" src=\"https:\/\/www.ferberpainting.com\/wp-content\/uploads\/2026\/02\/Check.svg\" alt=\"\" width=\"18\" height=\"15\" \/><strong>Lang anhaltender Schutz.<\/strong>\u00a0Durch die effektive Reinigung und die Entfernung von Kohlenstoffr\u00fcckst\u00e4nden tr\u00e4gt dieses Produkt zur Verl\u00e4ngerung der Lebensdauer von Heizungsanlagen bei. Es verhindert \u00fcberm\u00e4\u00dfige Ru\u00df- und Teerablagerungen und reduziert die vorzeitige Verschmutzung von Kaminscheiben und Innenw\u00e4nden.<\/p>\n<p><img decoding=\"async\" style=\"margin-right: 12px;\" src=\"https:\/\/www.ferberpainting.com\/wp-content\/uploads\/2026\/02\/Check.svg\" alt=\"\" width=\"18\" height=\"15\" \/><strong>Schnelles Handeln.<\/strong>\u00a0Dank seiner hochreaktiven Formel wirkt dieser Reiniger sofort auf Ru\u00df- und Teerablagerungen. In nur wenigen Sekunden l\u00f6st er Verschmutzungen und erleichtert deren Entfernung, ohne dass ein intensives Schrubben erforderlich ist. Er ist ideal f\u00fcr eine schnelle und effiziente Reinigung und bringt die Oberfl\u00e4chen im Handumdrehen wieder in einen makellosen Zustand.<\/p>\n<h2><strong>Gebrauchsanweisung<\/strong><\/h2>\n<ul>\n<li><strong>Vorbereitung <\/strong>: Achten Sie darauf, dass die zu reinigende Oberfl\u00e4che kalt oder leicht warm ist, um die Effizienz des Produkts zu maximieren, ohne dass es schnell verdunstet.<\/li>\n<li><strong>Anmeldung <\/strong>: Geben Sie eine m\u00e4\u00dfige Menge des Reinigers direkt auf ein weiches Tuch, einen Schwamm oder eine geeignete B\u00fcrste und tragen Sie ihn dann auf die verschmutzte Oberfl\u00e4che auf.<\/li>\n<li><strong>Reinigung <\/strong>: 2 bis 5 Minuten einwirken lassen, damit das Produkt Ru\u00df- und Teerr\u00fcckst\u00e4nde aufl\u00f6st. Mit einem Tuch, Schwamm oder einer nicht scheuernden B\u00fcrste sanft abreiben, um die Ablagerungen zu entfernen.<\/li>\n<li><strong>Sp\u00fclung <\/strong>: Bei Glas- und Metalloberfl\u00e4chen mit einem feuchten Tuch abwischen, um alle Produktreste zu entfernen. Bei por\u00f6sen Oberfl\u00e4chen wie Ziegel oder Stein gegebenenfalls mit klarem Wasser absp\u00fclen.<\/li>\n<li><strong>Trocknung und Veredelung <\/strong>: Mit einem sauberen, trockenen Tuch abwischen, um ein perfektes Finish und optimalen Glanz zu erzielen.<\/li>\n<li><strong>H\u00e4ufigkeit der Nutzung <\/strong>: Nach jedem Feuer verwenden, um \u00fcberm\u00e4\u00dfige Ru\u00dfablagerungen zu vermeiden, oder immer dann, wenn das Glas des Einsatzes undurchsichtig wird, um eine klare Sicht auf die Flammen zu gew\u00e4hrleisten.<\/li>\n<li><strong>Lagerung <\/strong>: Verschlie\u00dfen Sie den Beh\u00e4lter nach jedem Gebrauch wieder gut und lagern Sie ihn an einem k\u00fchlen, trockenen Ort, gesch\u00fctzt vor Licht und extremen Temperaturen, um die volle Wirkung des Produkts zu erhalten.<\/li>\n<\/ul>\n<p>Mit unserem Kamin- und Ofenglasreiniger genie\u00dfen Sie im Handumdrehen makellose Oberfl\u00e4chen und machen das Beste aus Ihrem Kamin - ohne l\u00e4stige Reinigung.<\/p>","protected":false},"excerpt":{"rendered":"<p>Optimal effectiveness.\u00a0This fireplace and stove glass cleaner has been specially formulated to effectively remove soot, tar, and ash deposits that accumulate on the glass and inner walls of your fireplace. It works deep down to restore glass clarity, remove residues from bricks and steel, and ensure impeccable cleanliness after each use. Money-back guarantee.\u00a0We are confident [&hellip;]<\/p>\n","protected":false},"featured_media":36499,"comment_status":"open","ping_status":"closed","template":"","meta":{"_uag_custom_page_level_css":"","site-sidebar-layout":"default","site-content-layout":"","ast-site-content-layout":"default","site-content-style":"default","site-sidebar-style":"default","ast-global-header-display":"","ast-banner-title-visibility":"","ast-main-header-display":"","ast-hfb-above-header-display":"","ast-hfb-below-header-display":"","ast-hfb-mobile-header-display":"","site-post-title":"","ast-breadcrumbs-content":"","ast-featured-img":"","footer-sml-layout":"","ast-disable-related-posts":"","theme-transparent-header-meta":"default","adv-header-id-meta":"","stick-header-meta":"","header-above-stick-meta":"","header-main-stick-meta":"","header-below-stick-meta":"","astra-migrate-meta-layouts":"set","ast-page-background-enabled":"default","ast-page-background-meta":{"desktop":{"background-color":"var(--ast-global-color-4)","background-image":"","background-repeat":"repeat","background-position":"center center","background-size":"auto","background-attachment":"scroll","background-type":"","background-media":"","overlay-type":"","overlay-color":"","overlay-opacity":"","overlay-gradient":""},"tablet":{"background-color":"","background-image":"","background-repeat":"repeat","background-position":"center center","background-size":"auto","background-attachment":"scroll","background-type":"","background-media":"","overlay-type":"","overlay-color":"","overlay-opacity":"","overlay-gradient":""},"mobile":{"background-color":"","background-image":"","background-repeat":"repeat","background-position":"center center","background-size":"auto","background-attachment":"scroll","background-type":"","background-media":"","overlay-type":"","overlay-color":"","overlay-opacity":"","overlay-gradient":""}},"ast-content-background-meta":{"desktop":{"background-color":"var(--ast-global-color-5)","background-image":"","background-repeat":"repeat","background-position":"center center","background-size":"auto","background-attachment":"scroll","background-type":"","background-media":"","overlay-type":"","overlay-color":"","overlay-opacity":"","overlay-gradient":""},"tablet":{"background-color":"var(--ast-global-color-5)","background-image":"","background-repeat":"repeat","background-position":"center center","background-size":"auto","background-attachment":"scroll","background-type":"","background-media":"","overlay-type":"","overlay-color":"","overlay-opacity":"","overlay-gradient":""},"mobile":{"background-color":"var(--ast-global-color-5)","background-image":"","background-repeat":"repeat","background-position":"center center","background-size":"auto","background-attachment":"scroll","background-type":"","background-media":"","overlay-type":"","overlay-color":"","overlay-opacity":"","overlay-gradient":""}}},"product_brand":[],"product_cat":[175],"product_tag":[],"class_list":{"0":"post-23136","1":"product","2":"type-product","3":"status-publish","4":"has-post-thumbnail","6":"product_cat-cleaning-products","7":"desktop-align-left","8":"tablet-align-left","9":"mobile-align-left","11":"first","12":"instock","13":"sale","14":"taxable","15":"shipping-taxable","16":"purchasable","17":"product-type-variable","18":"has-default-attributes"},"spectra_custom_meta":{"_visibility":["visible"],"_shopify_product_id":["9101783400693"],"_s2w_shopify_domain":["ferberpainting.myshopify.com"],"_shopify_variant_id":["46613421588725"],"_sku":[""],"_manage_stock":["no"],"total_sales":["27"],"_tax_status":["taxable"],"_tax_class":[""],"_backorders":["no"],"_sold_individually":["no"],"_virtual":["no"],"_downloadable":["no"],"_download_limit":["-1"],"_download_expiry":["-1"],"_stock":[null],"_stock_status":["instock"],"_wc_average_rating":["5.00"],"_wc_review_count":["11"],"_product_attributes":["a:1:{s:6:\"volume\";a:6:{s:4:\"name\";s:6:\"Volume\";s:5:\"value\";s:20:\"5 liters | 25 liters\";s:8:\"position\";i:1;s:10:\"is_visible\";i:0;s:12:\"is_variation\";i:1;s:11:\"is_taxonomy\";i:0;}}"],"_product_version":["10.5.1"],"wpse_downloadable_file_names":[""],"wpse_downloadable_file_urls":[""],"_edit_last":["1"],"_default_attributes":["a:1:{s:6:\"volume\";s:8:\"5 liters\";}"],"_edit_lock":["1771158306:1"],"_price":["29.90","129.90"],"merchant-center-availability":["yes"],"merchant-center-category":["1479"],"_thumbnail_id":["36499"],"_wp_page_template":["default"],"_wp_old_date":["2025-05-26"],"_product_image_gallery":["36501"],"site-sidebar-layout":["default"],"ast-site-content-layout":["default"],"site-content-style":["default"],"site-sidebar-style":["default"],"theme-transparent-header-meta":["default"],"_wc_rating_count":["a:1:{i:5;i:11;}"],"astra-migrate-meta-layouts":["set"],"_uag_css_file_name":["uag-css-23136.css"],"_elementor_page_assets":["a:0:{}"],"_uag_page_assets":["a:9:{s:3:\"css\";s:7133:\".uag-blocks-common-selector{z-index:var(--z-index-desktop) !important}@media(max-width: 976px){.uag-blocks-common-selector{z-index:var(--z-index-tablet) !important}}@media(max-width: 767px){.uag-blocks-common-selector{z-index:var(--z-index-mobile) !important}}.wp-block-uagb-image{display:flex}.wp-block-uagb-image__figure{position:relative;display:flex;flex-direction:column;max-width:100%;height:auto;margin:0}.wp-block-uagb-image__figure img{height:auto;display:flex;max-width:100%;transition:box-shadow .2s ease}.wp-block-uagb-image__figure>a{display:inline-block}.wp-block-uagb-image__figure figcaption{text-align:center;margin-top:.5em;margin-bottom:1em}.wp-block-uagb-image .components-placeholder.block-editor-media-placeholder .components-placeholder__instructions{align-self:center}.wp-block-uagb-image--align-left{text-align:left}.wp-block-uagb-image--align-right{text-align:right}.wp-block-uagb-image--align-center{text-align:center}.wp-block-uagb-image--align-full .wp-block-uagb-image__figure{margin-left:calc(50% - 50vw);margin-right:calc(50% - 50vw);max-width:100vw;width:100vw;height:auto}.wp-block-uagb-image--align-full .wp-block-uagb-image__figure img{height:auto;width:100% !important}.wp-block-uagb-image--align-wide .wp-block-uagb-image__figure img{height:auto;width:100%}.wp-block-uagb-image--layout-overlay__color-wrapper{position:absolute;left:0;top:0;right:0;bottom:0;opacity:.2;background:rgba(0,0,0,.5);transition:opacity .35s ease-in-out}.wp-block-uagb-image--layout-overlay-link{position:absolute;left:0;right:0;bottom:0;top:0}.wp-block-uagb-image--layout-overlay .wp-block-uagb-image__figure:hover .wp-block-uagb-image--layout-overlay__color-wrapper{opacity:1}.wp-block-uagb-image--layout-overlay__inner{position:absolute;left:15px;right:15px;bottom:15px;top:15px;display:flex;align-items:center;justify-content:center;flex-direction:column;border-color:#fff;transition:.35s ease-in-out}.wp-block-uagb-image--layout-overlay__inner.top-left,.wp-block-uagb-image--layout-overlay__inner.top-center,.wp-block-uagb-image--layout-overlay__inner.top-right{justify-content:flex-start}.wp-block-uagb-image--layout-overlay__inner.bottom-left,.wp-block-uagb-image--layout-overlay__inner.bottom-center,.wp-block-uagb-image--layout-overlay__inner.bottom-right{justify-content:flex-end}.wp-block-uagb-image--layout-overlay__inner.top-left,.wp-block-uagb-image--layout-overlay__inner.center-left,.wp-block-uagb-image--layout-overlay__inner.bottom-left{align-items:flex-start}.wp-block-uagb-image--layout-overlay__inner.top-right,.wp-block-uagb-image--layout-overlay__inner.center-right,.wp-block-uagb-image--layout-overlay__inner.bottom-right{align-items:flex-end}.wp-block-uagb-image--layout-overlay__inner .uagb-image-heading{color:#fff;transition:transform .35s,opacity .35s ease-in-out;transform:translate3d(0, 24px, 0);margin:0;line-height:1em}.wp-block-uagb-image--layout-overlay__inner .uagb-image-separator{width:30%;border-top-width:2px;border-top-color:#fff;border-top-style:solid;margin-bottom:10px;opacity:0;transition:transform .4s,opacity .4s ease-in-out;transform:translate3d(0, 30px, 0)}.wp-block-uagb-image--layout-overlay__inner .uagb-image-caption{opacity:0;overflow:visible;color:#fff;transition:transform .45s,opacity .45s ease-in-out;transform:translate3d(0, 35px, 0)}.wp-block-uagb-image--layout-overlay__inner:hover .uagb-image-heading,.wp-block-uagb-image--layout-overlay__inner:hover .uagb-image-separator,.wp-block-uagb-image--layout-overlay__inner:hover .uagb-image-caption{opacity:1;transform:translate3d(0, 0, 0)}.wp-block-uagb-image--effect-zoomin .wp-block-uagb-image__figure img,.wp-block-uagb-image--effect-zoomin .wp-block-uagb-image__figure .wp-block-uagb-image--layout-overlay__color-wrapper{transform:scale(1);transition:transform .35s ease-in-out}.wp-block-uagb-image--effect-zoomin .wp-block-uagb-image__figure:hover img,.wp-block-uagb-image--effect-zoomin .wp-block-uagb-image__figure:hover .wp-block-uagb-image--layout-overlay__color-wrapper{transform:scale(1.05)}.wp-block-uagb-image--effect-slide .wp-block-uagb-image__figure img,.wp-block-uagb-image--effect-slide .wp-block-uagb-image__figure .wp-block-uagb-image--layout-overlay__color-wrapper{width:calc(100% + 40px) !important;max-width:none !important;transform:translate3d(-40px, 0, 0);transition:transform .35s ease-in-out}.wp-block-uagb-image--effect-slide .wp-block-uagb-image__figure:hover img,.wp-block-uagb-image--effect-slide .wp-block-uagb-image__figure:hover .wp-block-uagb-image--layout-overlay__color-wrapper{transform:translate3d(0, 0, 0)}.wp-block-uagb-image--effect-grayscale img{filter:grayscale(0%);transition:.35s ease-in-out}.wp-block-uagb-image--effect-grayscale:hover img{filter:grayscale(100%)}.wp-block-uagb-image--effect-blur img{filter:blur(0);transition:.35s ease-in-out}.wp-block-uagb-image--effect-blur:hover img{filter:blur(3px)}.uagb-block-e6f939b3.wp-block-uagb-image--layout-default figure img{box-shadow: 0px 0px 0 #00000070;}.uagb-block-e6f939b3.wp-block-uagb-image .wp-block-uagb-image__figure figcaption{font-style: normal;align-self: center;}.uagb-block-e6f939b3.wp-block-uagb-image--layout-overlay figure img{box-shadow: 0px 0px 0 #00000070;}.uagb-block-e6f939b3.wp-block-uagb-image--layout-overlay .wp-block-uagb-image--layout-overlay__color-wrapper{opacity: 0.2;}.uagb-block-e6f939b3.wp-block-uagb-image--layout-overlay .wp-block-uagb-image--layout-overlay__inner{left: 15px;right: 15px;top: 15px;bottom: 15px;}.uagb-block-e6f939b3.wp-block-uagb-image--layout-overlay .wp-block-uagb-image--layout-overlay__inner .uagb-image-heading{font-style: normal;color: #fff;opacity: 1;}.uagb-block-e6f939b3.wp-block-uagb-image--layout-overlay .wp-block-uagb-image--layout-overlay__inner .uagb-image-heading a{color: #fff;}.uagb-block-e6f939b3.wp-block-uagb-image--layout-overlay .wp-block-uagb-image--layout-overlay__inner .uagb-image-caption{opacity: 0;}.uagb-block-e6f939b3.wp-block-uagb-image--layout-overlay .wp-block-uagb-image__figure:hover .wp-block-uagb-image--layout-overlay__color-wrapper{opacity: 1;}.uagb-block-e6f939b3.wp-block-uagb-image .wp-block-uagb-image--layout-overlay__inner .uagb-image-separator{width: 30%;border-top-width: 2px;border-top-color: #fff;opacity: 0;}.uagb-block-e6f939b3.wp-block-uagb-image .wp-block-uagb-image__figure img{width: px;height: auto;}.uagb-block-e6f939b3.wp-block-uagb-image .wp-block-uagb-image__figure:hover .wp-block-uagb-image--layout-overlay__inner .uagb-image-caption{opacity: 1;}.uagb-block-e6f939b3.wp-block-uagb-image .wp-block-uagb-image__figure:hover .wp-block-uagb-image--layout-overlay__inner .uagb-image-separator{opacity: 1;}.uagb-block-e6f939b3.wp-block-uagb-image--layout-default figure:hover img{box-shadow: 0px 0px 0 #00000070;}.uagb-block-e6f939b3.wp-block-uagb-image--layout-overlay figure:hover img{box-shadow: 0px 0px 0 #00000070;}@media only screen and (max-width: 976px) {.uagb-block-e6f939b3.wp-block-uagb-image .wp-block-uagb-image__figure img{width: px;height: auto;}}@media only screen and (max-width: 767px) {.uagb-block-e6f939b3.wp-block-uagb-image .wp-block-uagb-image__figure img{width: px;height: auto;}}\";s:2:\"js\";s:0:\"\";s:18:\"current_block_list\";a:13:{i:0;s:11:\"core\/search\";i:1;s:10:\"core\/group\";i:2;s:12:\"core\/heading\";i:3;s:17:\"core\/latest-posts\";i:4;s:20:\"core\/latest-comments\";i:5;s:13:\"core\/archives\";i:6;s:15:\"core\/categories\";i:7;s:14:\"core\/paragraph\";i:8;s:10:\"uagb\/image\";i:9;s:11:\"core\/spacer\";i:10;s:30:\"woocommerce\/product-categories\";i:11;s:10:\"core\/image\";i:12;s:14:\"core\/shortcode\";}s:8:\"uag_flag\";b:1;s:11:\"uag_version\";s:10:\"1777221818\";s:6:\"gfonts\";a:0:{}s:10:\"gfonts_url\";s:0:\"\";s:12:\"gfonts_files\";a:0:{}s:14:\"uag_faq_layout\";b:0;}"]},"uagb_featured_image_src":{"full":["https:\/\/www.ferberpainting.com\/wp-content\/uploads\/2025\/05\/Chimney-and-Fireplace-Cleaner-5L-Mockup-.png",2560,2560,false],"thumbnail":["https:\/\/www.ferberpainting.com\/wp-content\/uploads\/2025\/05\/Chimney-and-Fireplace-Cleaner-5L-Mockup--150x150.png",150,150,true],"medium":["https:\/\/www.ferberpainting.com\/wp-content\/uploads\/2025\/05\/Chimney-and-Fireplace-Cleaner-5L-Mockup--300x300.png",300,300,true],"medium_large":["https:\/\/www.ferberpainting.com\/wp-content\/uploads\/2025\/05\/Chimney-and-Fireplace-Cleaner-5L-Mockup--768x768.png",768,768,true],"large":["https:\/\/www.ferberpainting.com\/wp-content\/uploads\/2025\/05\/Chimney-and-Fireplace-Cleaner-5L-Mockup--1024x1024.png",1024,1024,true],"1536x1536":["https:\/\/www.ferberpainting.com\/wp-content\/uploads\/2025\/05\/Chimney-and-Fireplace-Cleaner-5L-Mockup--1536x1536.png",1536,1536,true],"2048x2048":["https:\/\/www.ferberpainting.com\/wp-content\/uploads\/2025\/05\/Chimney-and-Fireplace-Cleaner-5L-Mockup--2048x2048.png",2048,2048,true],"trp-custom-language-flag":["https:\/\/www.ferberpainting.com\/wp-content\/uploads\/2025\/05\/Chimney-and-Fireplace-Cleaner-5L-Mockup--12x12.png",12,12,true],"woocommerce_thumbnail":["https:\/\/www.ferberpainting.com\/wp-content\/uploads\/2025\/05\/Chimney-and-Fireplace-Cleaner-5L-Mockup--300x300.png",300,300,true],"woocommerce_single":["https:\/\/www.ferberpainting.com\/wp-content\/uploads\/2025\/05\/Chimney-and-Fireplace-Cleaner-5L-Mockup--600x600.png",600,600,true],"woocommerce_gallery_thumbnail":["https:\/\/www.ferberpainting.com\/wp-content\/uploads\/2025\/05\/Chimney-and-Fireplace-Cleaner-5L-Mockup--100x100.png",100,100,true]},"uagb_author_info":{"display_name":"admin","author_link":"https:\/\/www.ferberpainting.com\/ch-de\/author\/"},"uagb_comment_info":11,"uagb_excerpt":"Optimal effectiveness.\u00a0This fireplace and stove glass cleaner has been specially formulated to effectively remove soot, tar, and ash deposits that accumulate on the glass and inner walls of your fireplace. It works deep down to restore glass clarity, remove residues from bricks and steel, and ensure impeccable cleanliness after each use. Money-back guarantee.\u00a0We are confident&hellip;","_links":{"self":[{"href":"https:\/\/www.ferberpainting.com\/ch-de\/wp-json\/wp\/v2\/product\/23136","targetHints":{"allow":["GET"]}}],"collection":[{"href":"https:\/\/www.ferberpainting.com\/ch-de\/wp-json\/wp\/v2\/product"}],"about":[{"href":"https:\/\/www.ferberpainting.com\/ch-de\/wp-json\/wp\/v2\/types\/product"}],"replies":[{"embeddable":true,"href":"https:\/\/www.ferberpainting.com\/ch-de\/wp-json\/wp\/v2\/comments?post=23136"}],"version-history":[{"count":5,"href":"https:\/\/www.ferberpainting.com\/ch-de\/wp-json\/wp\/v2\/product\/23136\/revisions"}],"predecessor-version":[{"id":166066,"href":"https:\/\/www.ferberpainting.com\/ch-de\/wp-json\/wp\/v2\/product\/23136\/revisions\/166066"}],"wp:featuredmedia":[{"embeddable":true,"href":"https:\/\/www.ferberpainting.com\/ch-de\/wp-json\/wp\/v2\/media\/36499"}],"wp:attachment":[{"href":"https:\/\/www.ferberpainting.com\/ch-de\/wp-json\/wp\/v2\/media?parent=23136"}],"wp:term":[{"taxonomy":"product_brand","embeddable":true,"href":"https:\/\/www.ferberpainting.com\/ch-de\/wp-json\/wp\/v2\/product_brand?post=23136"},{"taxonomy":"product_cat","embeddable":true,"href":"https:\/\/www.ferberpainting.com\/ch-de\/wp-json\/wp\/v2\/product_cat?post=23136"},{"taxonomy":"product_tag","embeddable":true,"href":"https:\/\/www.ferberpainting.com\/ch-de\/wp-json\/wp\/v2\/product_tag?post=23136"}],"curies":[{"name":"wp","href":"https:\/\/api.w.org\/{rel}","templated":true}]}}