{"id":23134,"date":"2025-05-26T10:22:55","date_gmt":"2025-05-26T08:22:55","guid":{"rendered":"https:\/\/www.ferberpainting.com\/products\/cherry-laurel-fertilizer\/"},"modified":"2026-02-15T13:26:08","modified_gmt":"2026-02-15T12:26:08","slug":"cherry-laurel-fertilizer","status":"publish","type":"product","link":"https:\/\/www.ferberpainting.com\/ch-de\/products\/cherry-laurel-fertilizer\/","title":{"rendered":"Kirschlorbeer-D\u00fcnger 25 kg"},"content":{"rendered":"<p><img decoding=\"async\" style=\"margin-right: 12px;\" src=\"https:\/\/www.ferberpainting.com\/wp-content\/uploads\/2026\/02\/Check.svg\" alt=\"\" width=\"18\" height=\"15\" \/><strong>Ein Volld\u00fcnger f\u00fcr gesunden Kirschlorbeer und dichtes Laub.<\/strong>\u00a0Der Kirschlorbeer, auch bekannt als Prunus laurocerasus, ist eine Heckenpflanze, die eine ausgewogene N\u00e4hrstoffversorgung ben\u00f6tigt, um dicht, gr\u00fcn und krankheitsresistent zu bleiben. Es handelt sich um einen Langzeitd\u00fcnger, der mit seiner ausgewogenen NPK-Formel 10-10-10 ein schnelles Wachstum von Bl\u00e4ttern, Zweigen und Wurzeln anregt und so das ganze Jahr \u00fcber f\u00fcr dichtes und gleichm\u00e4\u00dfiges Laub sorgt.<\/p>\n<p><img decoding=\"async\" style=\"margin-right: 12px;\" src=\"https:\/\/www.ferberpainting.com\/wp-content\/uploads\/2026\/02\/Check.svg\" alt=\"\" width=\"18\" height=\"15\" \/><strong>Geld-zur\u00fcck-Garantie.<\/strong>\u00a0Wir glauben fest an die Wirksamkeit unseres Kirschlorbeer-D\u00fcngers, aber wenn Sie nach regelm\u00e4\u00dfiger Anwendung gem\u00e4\u00df den Empfehlungen keine Verbesserung des Wachstums oder der Dichte Ihrer Hecke feststellen, verpflichten wir uns, Ihnen gem\u00e4\u00df unseren Bedingungen den vollen Betrag zu erstatten.<\/p>\n<p><img decoding=\"async\" style=\"margin-right: 12px;\" src=\"https:\/\/www.ferberpainting.com\/wp-content\/uploads\/2026\/02\/Check.svg\" alt=\"\" width=\"18\" height=\"15\" \/><strong>Geeignet f\u00fcr alle Bodenarten und Pflanzbedingungen.<\/strong>\u00a0Ob Ihr Kirschlorbeer in lehmigen, sandigen, kalkhaltigen oder schlammigen B\u00f6den w\u00e4chst, dieser D\u00fcnger ist f\u00fcr eine optimale N\u00e4hrstoffaufnahme konzipiert. Er ist f\u00fcr die Bepflanzung im Freiland und in T\u00f6pfen geeignet und funktioniert in st\u00e4dtischen Umgebungen ebenso gut wie in der Natur.<\/p>\n<p><img decoding=\"async\" style=\"margin-right: 12px;\" src=\"https:\/\/www.ferberpainting.com\/wp-content\/uploads\/2026\/02\/Check.svg\" alt=\"\" width=\"18\" height=\"15\" \/><strong>Hervorragender wirtschaftlicher Ertrag und optimierte Dosierung.<\/strong>\u00a0Dank seiner hohen N\u00e4hrstoffkonzentration kann dieser Festd\u00fcnger mit einem einzigen 25-kg-Sack eine gro\u00dfe Anzahl von Kirschlorbeerb\u00e4umen d\u00fcngen. Die empfohlene Anwendung von 200 g pro Baum gew\u00e4hrleistet ein kontinuierliches und ausgewogenes Wachstum \u00fcber mehrere Monate, ohne dass h\u00e4ufige Eingriffe erforderlich sind.<\/p>\n<p><img decoding=\"async\" style=\"margin-right: 12px;\" src=\"https:\/\/www.ferberpainting.com\/wp-content\/uploads\/2026\/02\/Check.svg\" alt=\"\" width=\"18\" height=\"15\" \/><strong>Sicher f\u00fcr die Umwelt und die biologische Vielfalt.<\/strong>\u00a0Dieser nat\u00fcrliche D\u00fcnger enth\u00e4lt keine aggressiven Chemikalien, Schwermetalle oder umweltsch\u00e4dliche Stoffe. Er respektiert die Mikroorganismen im Boden und f\u00f6rdert ein gesundes \u00f6kologisches Gleichgewicht. Da er kein Risiko von Wurzelverbrennungen birgt, eignet er sich perfekt f\u00fcr den Familiengarten und die Landschaftsgestaltung.<\/p>\n<p><img decoding=\"async\" style=\"margin-right: 12px;\" src=\"https:\/\/www.ferberpainting.com\/wp-content\/uploads\/2026\/02\/Check.svg\" alt=\"\" width=\"18\" height=\"15\" \/><strong>Schnelle und einfache Anwendung, keine aufwendige Vorbereitung.<\/strong>\u00a0Im Gegensatz zu Fl\u00fcssigd\u00fcngern, die gemischt und genau verd\u00fcnnt werden m\u00fcssen, ist dieser feste, granulierte D\u00fcnger sofort einsatzbereit. Verteilen Sie ihn einfach um die Basis der Pflanze und gie\u00dfen Sie leicht, um die Aufnahme zu aktivieren.<\/p>\n<p><img decoding=\"async\" style=\"margin-right: 12px;\" src=\"https:\/\/www.ferberpainting.com\/wp-content\/uploads\/2026\/02\/Check.svg\" alt=\"\" width=\"18\" height=\"15\" \/><strong>Lang anhaltende Wirkung bei minimaler Wartung.<\/strong>\u00a0Dank seiner langsamen Freisetzung n\u00e4hrt dieser D\u00fcnger Ihren Kirschlorbeer \u00fcber mehrere Monate hinweg, reduziert die H\u00e4ufigkeit der Anwendung und sorgt f\u00fcr eine konstante und gleichm\u00e4\u00dfige Entwicklung. Durch die St\u00e4rkung der Wurzeln, St\u00e4mme und Bl\u00e4tter sorgt er das ganze Jahr \u00fcber f\u00fcr eine dichte und \u00e4sthetische Hecke.<\/p>\n<p><img decoding=\"async\" style=\"margin-right: 12px;\" src=\"https:\/\/www.ferberpainting.com\/wp-content\/uploads\/2026\/02\/Check.svg\" alt=\"\" width=\"18\" height=\"15\" \/><strong>Sichtbare Ergebnisse bereits in den ersten Wochen.<\/strong>\u00a0Nach der Ausbringung beginnt der D\u00fcnger bereits in den ersten Wochen, das Wachstum zu stimulieren. Das Laub wird dichter und gl\u00e4nzender, die Pflanze entwickelt neue kr\u00e4ftige Triebe, und ihre Widerstandsf\u00e4higkeit gegen Krankheiten und Sch\u00e4dlinge verbessert sich.<\/p>\n<p><img decoding=\"async\" style=\"margin-right: 12px;\" src=\"https:\/\/www.ferberpainting.com\/wp-content\/uploads\/2026\/02\/Check.svg\" alt=\"\" width=\"18\" height=\"15\" \/><strong>Auch f\u00fcr andere Str\u00e4ucher und Heckenpflanzen geeignet.<\/strong>\u00a0Dieser vielseitige D\u00fcnger eignet sich nicht nur f\u00fcr Kirschlorbeer, sondern auch f\u00fcr andere immergr\u00fcne Heckenstr\u00e4ucher und Zierstr\u00e4ucher wie Photinia, Eleagnus, Liguster oder Eibe. Er ist auch ideal f\u00fcr Blumenbeete oder Formschnitthecken.<\/p>\n<h2><strong>Verwendungsprotokoll<\/strong><\/h2>\n<ul>\n<li><strong>Bewerbungszeitraum<\/strong> : Geben Sie den D\u00fcnger zu Beginn des Fr\u00fchjahrs, um das Wachstum im Fr\u00fchjahr zu stimulieren, und ein zweites Mal im Herbst, um die Pflanze vor dem Winter zu st\u00e4rken.<\/li>\n<li><strong>Methode der Anwendung<\/strong> :\n<ul>\n<li>Verteilen Sie 200 g D\u00fcnger pro Baum oder pro laufendem Meter Hecke, ohne den Stamm direkt zu ber\u00fchren, rund um die Basis.<\/li>\n<li>Harken Sie die Bodenoberfl\u00e4che leicht ein, um die Einarbeitung des Granulats zu erleichtern.<\/li>\n<li>Nach dem Ausbringen gr\u00fcndlich w\u00e4ssern, um die Diffusion der N\u00e4hrstoffe in den Boden zu aktivieren.<\/li>\n<\/ul>\n<\/li>\n<li><strong>H\u00e4ufigkeit der Anwendung<\/strong> :\n<ul>\n<li><strong>Kirschlorbeer (unter 3 Jahren)<\/strong>2 Antr\u00e4ge pro Jahr sind ausreichend, um eine gute Entwicklung zu gew\u00e4hrleisten.<\/li>\n<li><strong>Erwachsene Kirschlorbeer<\/strong>: Eine einmalige j\u00e4hrliche D\u00fcngung im M\u00e4rz-April sorgt f\u00fcr optimale Pflege und kr\u00e4ftiges Wachstum.<\/li>\n<\/ul>\n<\/li>\n<li><strong>Vorsichtsma\u00dfnahmen f\u00fcr die Verwendung<\/strong> :\n<ul>\n<li>Nicht \u00fcberm\u00e4\u00dfig anwenden, da dies zu einer \u00fcberm\u00e4\u00dfigen Belaubung f\u00fchren kann, die die Gesamtstruktur der Pflanze beeintr\u00e4chtigt.<\/li>\n<li>Streuen Sie den D\u00fcnger nicht in voller Sonne oder bei Trockenheit aus, um eine bessere Aufnahme zu gew\u00e4hrleisten.<\/li>\n<li>Nach dem Ausbringen immer w\u00e4ssern, damit sich die N\u00e4hrstoffe schnell und gleichm\u00e4\u00dfig verteilen k\u00f6nnen.<\/li>\n<\/ul>\n<\/li>\n<\/ul>\n<p>Dank dieses Kirschlorbeer-D\u00fcngers k\u00f6nnen Sie sich an einer dichten, \u00fcppigen und widerstandsf\u00e4higen Hecke erfreuen, ohne \u00fcberm\u00e4\u00dfigen Aufwand oder m\u00fchsame Pflege.<\/p>","protected":false},"excerpt":{"rendered":"<p>A complete fertilizer for healthy cherry laurel and dense foliage.\u00a0The cherry laurel, also known as Prunus laurocerasus, is a hedge plant that needs a balanced nutrient supply to stay dense, green, and disease-resistant. This is a slow-release fertilizer, with its balanced NPK 10-10-10 formula, it stimulates rapid growth of leaves, branches and roots, ensuring thick [&hellip;]<\/p>\n","protected":false},"featured_media":25721,"comment_status":"open","ping_status":"closed","template":"","meta":{"_uag_custom_page_level_css":"","site-sidebar-layout":"default","site-content-layout":"","ast-site-content-layout":"default","site-content-style":"default","site-sidebar-style":"default","ast-global-header-display":"","ast-banner-title-visibility":"","ast-main-header-display":"","ast-hfb-above-header-display":"","ast-hfb-below-header-display":"","ast-hfb-mobile-header-display":"","site-post-title":"","ast-breadcrumbs-content":"","ast-featured-img":"","footer-sml-layout":"","ast-disable-related-posts":"","theme-transparent-header-meta":"default","adv-header-id-meta":"","stick-header-meta":"","header-above-stick-meta":"","header-main-stick-meta":"","header-below-stick-meta":"","astra-migrate-meta-layouts":"set","ast-page-background-enabled":"default","ast-page-background-meta":{"desktop":{"background-color":"var(--ast-global-color-4)","background-image":"","background-repeat":"repeat","background-position":"center center","background-size":"auto","background-attachment":"scroll","background-type":"","background-media":"","overlay-type":"","overlay-color":"","overlay-opacity":"","overlay-gradient":""},"tablet":{"background-color":"","background-image":"","background-repeat":"repeat","background-position":"center center","background-size":"auto","background-attachment":"scroll","background-type":"","background-media":"","overlay-type":"","overlay-color":"","overlay-opacity":"","overlay-gradient":""},"mobile":{"background-color":"","background-image":"","background-repeat":"repeat","background-position":"center center","background-size":"auto","background-attachment":"scroll","background-type":"","background-media":"","overlay-type":"","overlay-color":"","overlay-opacity":"","overlay-gradient":""}},"ast-content-background-meta":{"desktop":{"background-color":"var(--ast-global-color-5)","background-image":"","background-repeat":"repeat","background-position":"center center","background-size":"auto","background-attachment":"scroll","background-type":"","background-media":"","overlay-type":"","overlay-color":"","overlay-opacity":"","overlay-gradient":""},"tablet":{"background-color":"var(--ast-global-color-5)","background-image":"","background-repeat":"repeat","background-position":"center center","background-size":"auto","background-attachment":"scroll","background-type":"","background-media":"","overlay-type":"","overlay-color":"","overlay-opacity":"","overlay-gradient":""},"mobile":{"background-color":"var(--ast-global-color-5)","background-image":"","background-repeat":"repeat","background-position":"center center","background-size":"auto","background-attachment":"scroll","background-type":"","background-media":"","overlay-type":"","overlay-color":"","overlay-opacity":"","overlay-gradient":""}}},"product_brand":[],"product_cat":[178],"product_tag":[],"class_list":{"0":"post-23134","1":"product","2":"type-product","3":"status-publish","4":"has-post-thumbnail","6":"product_cat-fertilizers","7":"desktop-align-left","8":"tablet-align-left","9":"mobile-align-left","11":"first","12":"instock","13":"shipping-taxable","14":"purchasable","15":"product-type-simple"},"spectra_custom_meta":{"_visibility":["visible"],"_shopify_product_id":["9073339367669"],"_s2w_shopify_domain":["ferberpainting.myshopify.com"],"_shopify_variant_id":["46524717334773"],"_sku":["FPCHERRYLAURELFERTILIZER25KG"],"_regular_price":["39.90"],"_price":["39.90"],"_sale_price":[""],"_weight":["18.7"],"_thumbnail_id":["25721"],"_global_unique_id":["5056773818095"],"total_sales":["9"],"_tax_status":["taxable"],"_tax_class":[""],"_manage_stock":["no"],"_backorders":["no"],"_sold_individually":["no"],"_virtual":["no"],"_downloadable":["no"],"_download_limit":["-1"],"_download_expiry":["-1"],"_stock":[null],"_stock_status":["instock"],"_wc_average_rating":["5.00"],"_wc_review_count":["25"],"_product_version":["10.5.1"],"_wc_rating_count":["a:1:{i:5;i:25;}"],"_edit_lock":["1771158371:1"],"merchant-center-availability":["yes"],"merchant-center-category":["113"],"_edit_last":["1"],"_wp_page_template":["default"],"site-sidebar-layout":["default"],"ast-site-content-layout":["default"],"site-content-style":["default"],"site-sidebar-style":["default"],"theme-transparent-header-meta":["default"],"astra-migrate-meta-layouts":["set"],"_uag_css_file_name":["uag-css-23134.css"],"_elementor_page_assets":["a:0:{}"],"_uag_page_assets":["a:9:{s:3:\"css\";s:6873:\".wp-block-uagb-image{display:flex}.wp-block-uagb-image__figure{position:relative;display:flex;flex-direction:column;max-width:100%;height:auto;margin:0}.wp-block-uagb-image__figure img{height:auto;display:flex;max-width:100%;transition:box-shadow .2s ease}.wp-block-uagb-image__figure>a{display:inline-block}.wp-block-uagb-image__figure figcaption{text-align:center;margin-top:.5em;margin-bottom:1em}.wp-block-uagb-image .components-placeholder.block-editor-media-placeholder .components-placeholder__instructions{align-self:center}.wp-block-uagb-image--align-left{text-align:left}.wp-block-uagb-image--align-right{text-align:right}.wp-block-uagb-image--align-center{text-align:center}.wp-block-uagb-image--align-full .wp-block-uagb-image__figure{margin-left:calc(50% - 50vw);margin-right:calc(50% - 50vw);max-width:100vw;width:100vw;height:auto}.wp-block-uagb-image--align-full .wp-block-uagb-image__figure img{height:auto;width:100% !important}.wp-block-uagb-image--align-wide .wp-block-uagb-image__figure img{height:auto;width:100%}.wp-block-uagb-image--layout-overlay__color-wrapper{position:absolute;left:0;top:0;right:0;bottom:0;opacity:.2;background:rgba(0,0,0,.5);transition:opacity .35s ease-in-out}.wp-block-uagb-image--layout-overlay-link{position:absolute;left:0;right:0;bottom:0;top:0}.wp-block-uagb-image--layout-overlay .wp-block-uagb-image__figure:hover .wp-block-uagb-image--layout-overlay__color-wrapper{opacity:1}.wp-block-uagb-image--layout-overlay__inner{position:absolute;left:15px;right:15px;bottom:15px;top:15px;display:flex;align-items:center;justify-content:center;flex-direction:column;border-color:#fff;transition:.35s ease-in-out}.wp-block-uagb-image--layout-overlay__inner.top-left,.wp-block-uagb-image--layout-overlay__inner.top-center,.wp-block-uagb-image--layout-overlay__inner.top-right{justify-content:flex-start}.wp-block-uagb-image--layout-overlay__inner.bottom-left,.wp-block-uagb-image--layout-overlay__inner.bottom-center,.wp-block-uagb-image--layout-overlay__inner.bottom-right{justify-content:flex-end}.wp-block-uagb-image--layout-overlay__inner.top-left,.wp-block-uagb-image--layout-overlay__inner.center-left,.wp-block-uagb-image--layout-overlay__inner.bottom-left{align-items:flex-start}.wp-block-uagb-image--layout-overlay__inner.top-right,.wp-block-uagb-image--layout-overlay__inner.center-right,.wp-block-uagb-image--layout-overlay__inner.bottom-right{align-items:flex-end}.wp-block-uagb-image--layout-overlay__inner .uagb-image-heading{color:#fff;transition:transform .35s,opacity .35s ease-in-out;transform:translate3d(0, 24px, 0);margin:0;line-height:1em}.wp-block-uagb-image--layout-overlay__inner .uagb-image-separator{width:30%;border-top-width:2px;border-top-color:#fff;border-top-style:solid;margin-bottom:10px;opacity:0;transition:transform .4s,opacity .4s ease-in-out;transform:translate3d(0, 30px, 0)}.wp-block-uagb-image--layout-overlay__inner .uagb-image-caption{opacity:0;overflow:visible;color:#fff;transition:transform .45s,opacity .45s ease-in-out;transform:translate3d(0, 35px, 0)}.wp-block-uagb-image--layout-overlay__inner:hover .uagb-image-heading,.wp-block-uagb-image--layout-overlay__inner:hover .uagb-image-separator,.wp-block-uagb-image--layout-overlay__inner:hover .uagb-image-caption{opacity:1;transform:translate3d(0, 0, 0)}.wp-block-uagb-image--effect-zoomin .wp-block-uagb-image__figure img,.wp-block-uagb-image--effect-zoomin .wp-block-uagb-image__figure .wp-block-uagb-image--layout-overlay__color-wrapper{transform:scale(1);transition:transform .35s ease-in-out}.wp-block-uagb-image--effect-zoomin .wp-block-uagb-image__figure:hover img,.wp-block-uagb-image--effect-zoomin .wp-block-uagb-image__figure:hover .wp-block-uagb-image--layout-overlay__color-wrapper{transform:scale(1.05)}.wp-block-uagb-image--effect-slide .wp-block-uagb-image__figure img,.wp-block-uagb-image--effect-slide .wp-block-uagb-image__figure .wp-block-uagb-image--layout-overlay__color-wrapper{width:calc(100% + 40px) !important;max-width:none !important;transform:translate3d(-40px, 0, 0);transition:transform .35s ease-in-out}.wp-block-uagb-image--effect-slide .wp-block-uagb-image__figure:hover img,.wp-block-uagb-image--effect-slide .wp-block-uagb-image__figure:hover .wp-block-uagb-image--layout-overlay__color-wrapper{transform:translate3d(0, 0, 0)}.wp-block-uagb-image--effect-grayscale img{filter:grayscale(0%);transition:.35s ease-in-out}.wp-block-uagb-image--effect-grayscale:hover img{filter:grayscale(100%)}.wp-block-uagb-image--effect-blur img{filter:blur(0);transition:.35s ease-in-out}.wp-block-uagb-image--effect-blur:hover img{filter:blur(3px)}.uagb-block-e6f939b3.wp-block-uagb-image--layout-default figure img{box-shadow: 0px 0px 0 #00000070;}.uagb-block-e6f939b3.wp-block-uagb-image .wp-block-uagb-image__figure figcaption{font-style: normal;align-self: center;}.uagb-block-e6f939b3.wp-block-uagb-image--layout-overlay figure img{box-shadow: 0px 0px 0 #00000070;}.uagb-block-e6f939b3.wp-block-uagb-image--layout-overlay .wp-block-uagb-image--layout-overlay__color-wrapper{opacity: 0.2;}.uagb-block-e6f939b3.wp-block-uagb-image--layout-overlay .wp-block-uagb-image--layout-overlay__inner{left: 15px;right: 15px;top: 15px;bottom: 15px;}.uagb-block-e6f939b3.wp-block-uagb-image--layout-overlay .wp-block-uagb-image--layout-overlay__inner .uagb-image-heading{font-style: normal;color: #fff;opacity: 1;}.uagb-block-e6f939b3.wp-block-uagb-image--layout-overlay .wp-block-uagb-image--layout-overlay__inner .uagb-image-heading a{color: #fff;}.uagb-block-e6f939b3.wp-block-uagb-image--layout-overlay .wp-block-uagb-image--layout-overlay__inner .uagb-image-caption{opacity: 0;}.uagb-block-e6f939b3.wp-block-uagb-image--layout-overlay .wp-block-uagb-image__figure:hover .wp-block-uagb-image--layout-overlay__color-wrapper{opacity: 1;}.uagb-block-e6f939b3.wp-block-uagb-image .wp-block-uagb-image--layout-overlay__inner .uagb-image-separator{width: 30%;border-top-width: 2px;border-top-color: #fff;opacity: 0;}.uagb-block-e6f939b3.wp-block-uagb-image .wp-block-uagb-image__figure img{width: px;height: auto;}.uagb-block-e6f939b3.wp-block-uagb-image .wp-block-uagb-image__figure:hover .wp-block-uagb-image--layout-overlay__inner .uagb-image-caption{opacity: 1;}.uagb-block-e6f939b3.wp-block-uagb-image .wp-block-uagb-image__figure:hover .wp-block-uagb-image--layout-overlay__inner .uagb-image-separator{opacity: 1;}.uagb-block-e6f939b3.wp-block-uagb-image--layout-default figure:hover img{box-shadow: 0px 0px 0 #00000070;}.uagb-block-e6f939b3.wp-block-uagb-image--layout-overlay figure:hover img{box-shadow: 0px 0px 0 #00000070;}@media only screen and (max-width: 976px) {.uagb-block-e6f939b3.wp-block-uagb-image .wp-block-uagb-image__figure img{width: px;height: auto;}}@media only screen and (max-width: 767px) {.uagb-block-e6f939b3.wp-block-uagb-image .wp-block-uagb-image__figure img{width: px;height: auto;}}\";s:2:\"js\";s:0:\"\";s:18:\"current_block_list\";a:13:{i:0;s:11:\"core\/search\";i:1;s:10:\"core\/group\";i:2;s:12:\"core\/heading\";i:3;s:17:\"core\/latest-posts\";i:4;s:20:\"core\/latest-comments\";i:5;s:13:\"core\/archives\";i:6;s:15:\"core\/categories\";i:7;s:14:\"core\/paragraph\";i:8;s:10:\"uagb\/image\";i:9;s:11:\"core\/spacer\";i:10;s:30:\"woocommerce\/product-categories\";i:11;s:10:\"core\/image\";i:12;s:14:\"core\/shortcode\";}s:8:\"uag_flag\";b:1;s:11:\"uag_version\";s:10:\"1777166576\";s:6:\"gfonts\";a:0:{}s:10:\"gfonts_url\";s:0:\"\";s:12:\"gfonts_files\";a:0:{}s:14:\"uag_faq_layout\";b:0;}"]},"uagb_featured_image_src":{"full":["https:\/\/www.ferberpainting.com\/wp-content\/uploads\/2025\/05\/CherryLaurelFertilizer.png",2560,2560,false],"thumbnail":["https:\/\/www.ferberpainting.com\/wp-content\/uploads\/2025\/05\/CherryLaurelFertilizer-150x150.png",150,150,true],"medium":["https:\/\/www.ferberpainting.com\/wp-content\/uploads\/2025\/05\/CherryLaurelFertilizer-300x300.png",300,300,true],"medium_large":["https:\/\/www.ferberpainting.com\/wp-content\/uploads\/2025\/05\/CherryLaurelFertilizer-768x768.png",768,768,true],"large":["https:\/\/www.ferberpainting.com\/wp-content\/uploads\/2025\/05\/CherryLaurelFertilizer-1024x1024.png",1024,1024,true],"1536x1536":["https:\/\/www.ferberpainting.com\/wp-content\/uploads\/2025\/05\/CherryLaurelFertilizer-1536x1536.png",1536,1536,true],"2048x2048":["https:\/\/www.ferberpainting.com\/wp-content\/uploads\/2025\/05\/CherryLaurelFertilizer-2048x2048.png",2048,2048,true],"trp-custom-language-flag":["https:\/\/www.ferberpainting.com\/wp-content\/uploads\/2025\/05\/CherryLaurelFertilizer-12x12.png",12,12,true],"woocommerce_thumbnail":["https:\/\/www.ferberpainting.com\/wp-content\/uploads\/2025\/05\/CherryLaurelFertilizer-300x300.png",300,300,true],"woocommerce_single":["https:\/\/www.ferberpainting.com\/wp-content\/uploads\/2025\/05\/CherryLaurelFertilizer-600x600.png",600,600,true],"woocommerce_gallery_thumbnail":["https:\/\/www.ferberpainting.com\/wp-content\/uploads\/2025\/05\/CherryLaurelFertilizer-100x100.png",100,100,true]},"uagb_author_info":{"display_name":"admin","author_link":"https:\/\/www.ferberpainting.com\/ch-de\/author\/"},"uagb_comment_info":25,"uagb_excerpt":"A complete fertilizer for healthy cherry laurel and dense foliage.\u00a0The cherry laurel, also known as Prunus laurocerasus, is a hedge plant that needs a balanced nutrient supply to stay dense, green, and disease-resistant. This is a slow-release fertilizer, with its balanced NPK 10-10-10 formula, it stimulates rapid growth of leaves, branches and roots, ensuring thick&hellip;","_links":{"self":[{"href":"https:\/\/www.ferberpainting.com\/ch-de\/wp-json\/wp\/v2\/product\/23134","targetHints":{"allow":["GET"]}}],"collection":[{"href":"https:\/\/www.ferberpainting.com\/ch-de\/wp-json\/wp\/v2\/product"}],"about":[{"href":"https:\/\/www.ferberpainting.com\/ch-de\/wp-json\/wp\/v2\/types\/product"}],"replies":[{"embeddable":true,"href":"https:\/\/www.ferberpainting.com\/ch-de\/wp-json\/wp\/v2\/comments?post=23134"}],"version-history":[{"count":7,"href":"https:\/\/www.ferberpainting.com\/ch-de\/wp-json\/wp\/v2\/product\/23134\/revisions"}],"predecessor-version":[{"id":164351,"href":"https:\/\/www.ferberpainting.com\/ch-de\/wp-json\/wp\/v2\/product\/23134\/revisions\/164351"}],"wp:featuredmedia":[{"embeddable":true,"href":"https:\/\/www.ferberpainting.com\/ch-de\/wp-json\/wp\/v2\/media\/25721"}],"wp:attachment":[{"href":"https:\/\/www.ferberpainting.com\/ch-de\/wp-json\/wp\/v2\/media?parent=23134"}],"wp:term":[{"taxonomy":"product_brand","embeddable":true,"href":"https:\/\/www.ferberpainting.com\/ch-de\/wp-json\/wp\/v2\/product_brand?post=23134"},{"taxonomy":"product_cat","embeddable":true,"href":"https:\/\/www.ferberpainting.com\/ch-de\/wp-json\/wp\/v2\/product_cat?post=23134"},{"taxonomy":"product_tag","embeddable":true,"href":"https:\/\/www.ferberpainting.com\/ch-de\/wp-json\/wp\/v2\/product_tag?post=23134"}],"curies":[{"name":"wp","href":"https:\/\/api.w.org\/{rel}","templated":true}]}}