{"id":23052,"date":"2025-05-26T10:22:23","date_gmt":"2025-05-26T08:22:23","guid":{"rendered":"https:\/\/www.ferberpainting.com\/products\/amaryllis-fertilizer\/"},"modified":"2026-02-24T18:44:07","modified_gmt":"2026-02-24T17:44:07","slug":"amaryllis-fertilizer","status":"publish","type":"product","link":"https:\/\/www.ferberpainting.com\/ch-de\/products\/amaryllis-fertilizer\/","title":{"rendered":"Amaryllis-D\u00fcnger"},"content":{"rendered":"<p><img decoding=\"async\" style=\"margin-right: 12px;\" src=\"https:\/\/www.ferberpainting.com\/wp-content\/uploads\/2026\/02\/Check.svg\" alt=\"\" width=\"18\" height=\"15\" \/><strong>Ein ausgewogener D\u00fcnger f\u00fcr eine spektakul\u00e4re Bl\u00fcte.<\/strong>\u00a0Dieser Amaryllisd\u00fcnger wurde speziell entwickelt, um das Wachstum und die Bl\u00fcte dieser majest\u00e4tischen Pflanze zu f\u00f6rdern. Dank seiner NPK 15-15-15-Formel bietet er ein perfektes Gleichgewicht zwischen Stickstoff (N), der dichtes und robustes Laub f\u00f6rdert, Phosphor (P), der die Wurzel- und Zwiebelentwicklung stimuliert, und Kalium (K), das die Bl\u00fcte und Krankheitsresistenz st\u00e4rkt. So sorgt es f\u00fcr leuchtende Bl\u00fcten in gro\u00dfen Gr\u00f6\u00dfen und intensiven Farben.<\/p>\n<p><img decoding=\"async\" style=\"margin-right: 12px;\" src=\"https:\/\/www.ferberpainting.com\/wp-content\/uploads\/2026\/02\/Check.svg\" alt=\"\" width=\"18\" height=\"15\" \/><strong>Geld-zur\u00fcck-Garantie.<\/strong>\u00a0Wir haben volles Vertrauen in die Wirksamkeit unseres Amaryllisd\u00fcngers. Deshalb bieten wir eine Geld-zur\u00fcck-Garantie. Wenn Sie nach der Anwendung gem\u00e4\u00df den Empfehlungen keine signifikante Verbesserung des Wachstums und der Bl\u00fcte Ihrer Pflanzen feststellen, verpflichten wir uns, Ihnen das Geld bedingungslos zur\u00fcckzuerstatten, um Ihnen einen v\u00f6llig sorgenfreien Kauf zu garantieren.<\/p>\n<p><img decoding=\"async\" style=\"margin-right: 12px;\" src=\"https:\/\/www.ferberpainting.com\/wp-content\/uploads\/2026\/02\/Check.svg\" alt=\"\" width=\"18\" height=\"15\" \/><strong>Geeignet f\u00fcr alle Amaryllis-Sorten sowie f\u00fcr Innen- und Au\u00dfenzwiebeln.<\/strong>\u00a0Dieser D\u00fcnger eignet sich f\u00fcr rote, rosafarbene, wei\u00dfe und zweifarbige Amaryllis sowie f\u00fcr andere Zwiebeln aus derselben Familie, wie z. B. Hippeastrums. Er ist ideal f\u00fcr Amaryllis, die sowohl in T\u00f6pfen im Haus als auch in offener Erde im Garten angebaut werden, und gew\u00e4hrleistet eine optimale Ern\u00e4hrung f\u00fcr jede Anbaumethode.<\/p>\n<p><img decoding=\"async\" style=\"margin-right: 12px;\" src=\"https:\/\/www.ferberpainting.com\/wp-content\/uploads\/2026\/02\/Check.svg\" alt=\"\" width=\"18\" height=\"15\" \/><strong>Optimierte Wirtschaftlichkeit dank seiner Konzentration.<\/strong>\u00a0Dank seiner konzentrierten Fl\u00fcssigformulierung k\u00f6nnen mit einem 5-Liter-Beh\u00e4lter bis zu 1.000 Liter D\u00fcngerl\u00f6sung hergestellt werden, was eine lang anhaltende und kosteng\u00fcnstige D\u00fcngung gew\u00e4hrleistet. Mit einer Dosierung von 5 ml pro Liter Wasser erm\u00f6glicht dieses Produkt eine schnelle N\u00e4hrstoffaufnahme und eine optimale Nutzung bei gleichzeitiger Begrenzung des Abfalls.<\/p>\n<p><img decoding=\"async\" style=\"margin-right: 12px;\" src=\"https:\/\/www.ferberpainting.com\/wp-content\/uploads\/2026\/02\/Check.svg\" alt=\"\" width=\"18\" height=\"15\" \/><strong>Ein sicherer und ungiftiger D\u00fcnger f\u00fcr den Innen- und Au\u00dfenbereich.<\/strong>\u00a0Dieser D\u00fcnger ist ohne scharfe Chemikalien formuliert und gibt keine giftigen D\u00e4mpfe ab, was ihn ideal f\u00fcr den Einsatz in Innenr\u00e4umen macht. Er beeintr\u00e4chtigt nicht die Luftqualit\u00e4t und ist f\u00fcr Haustiere unbedenklich, wenn er entsprechend den Empfehlungen angewendet wird. Seine sanfte Wirkung respektiert das biologische Gleichgewicht des Bodens und f\u00f6rdert ein gesundes Umfeld f\u00fcr Ihre Pflanzen.<\/p>\n<p><img decoding=\"async\" style=\"margin-right: 12px;\" src=\"https:\/\/www.ferberpainting.com\/wp-content\/uploads\/2026\/02\/Check.svg\" alt=\"\" width=\"18\" height=\"15\" \/><strong>Einfache Anwendung f\u00fcr vereinfachte Wartung.<\/strong>\u00a0Dieser Fl\u00fcssigd\u00fcnger l\u00e4sst sich direkt im Gie\u00dfwasser verd\u00fcnnen und sorgt so f\u00fcr eine gleichm\u00e4\u00dfige und wirksame D\u00fcngung bei minimalem Aufwand. Er kann auch direkt an der Basis der Pflanze oder durch Bespr\u00fchen mit Bl\u00e4ttern ausgebracht werden, was eine schnelle N\u00e4hrstoffaufnahme durch Bl\u00e4tter und Wurzeln erm\u00f6glicht.<\/p>\n<p><img decoding=\"async\" style=\"margin-right: 12px;\" src=\"https:\/\/www.ferberpainting.com\/wp-content\/uploads\/2026\/02\/Check.svg\" alt=\"\" width=\"18\" height=\"15\" \/><strong>Lang anhaltende Wirkung f\u00fcr optimales Wachstum und Bl\u00fcte.<\/strong>\u00a0Dank seiner allm\u00e4hlichen N\u00e4hrstofffreisetzung n\u00e4hrt dieser D\u00fcnger die Amarylliszwiebel im Laufe der Zeit, ohne \u00fcberm\u00e4\u00dfiges Blattwachstum zu verursachen. Er f\u00f6rdert eine \u00fcppigere und l\u00e4nger anhaltende Bl\u00fcte mit gr\u00f6\u00dferen und widerstandsf\u00e4higeren Bl\u00fcten.<\/p>\n<p><img decoding=\"async\" style=\"margin-right: 12px;\" src=\"https:\/\/www.ferberpainting.com\/wp-content\/uploads\/2026\/02\/Check.svg\" alt=\"\" width=\"18\" height=\"15\" \/><strong>Sichtbare Ergebnisse bereits in den ersten Wochen der Anwendung.<\/strong>\u00a0Schon in den ersten Wochen der Anwendung stimuliert dieser D\u00fcnger das Blattwachstum, verst\u00e4rkt die Bl\u00fctenfarbe und sorgt f\u00fcr eine bessere Unterst\u00fctzung der Bl\u00fctenst\u00e4ngel. Au\u00dferdem hilft er der Pflanze, sich auf den n\u00e4chsten Bl\u00fchzyklus im folgenden Jahr vorzubereiten, indem er die Zwiebel nach der Bl\u00fcte st\u00e4rkt und so f\u00fcr kontinuierliche und spektakul\u00e4re Bl\u00fchzyklen sorgt.<\/p>\n<h2><strong>Verwendungsprotokoll<\/strong><\/h2>\n<ul>\n<li><strong>D\u00fcngemittelverd\u00fcnnung <\/strong>: Mischen Sie 5 ml D\u00fcnger auf 1 Liter Wasser. Sch\u00fctteln Sie die L\u00f6sung vor jeder Anwendung gut, um eine gleichm\u00e4\u00dfige Verteilung der N\u00e4hrstoffe zu gew\u00e4hrleisten.<\/li>\n<li><strong>Methode der Anwendung <\/strong>:\n<ul>\n<li><strong>Durch Bew\u00e4sserung <\/strong>: Gie\u00dfen Sie die verd\u00fcnnte L\u00f6sung direkt auf die Basis der Pflanze und stellen Sie sicher, dass das Substrat gleichm\u00e4\u00dfig und ohne \u00fcbersch\u00fcssiges Wasser befeuchtet wird, um eine Feuchtigkeitsansammlung um die Zwiebel zu vermeiden.<\/li>\n<li><strong>Durch Blattspritzen <\/strong>: Spr\u00fchen Sie die L\u00f6sung leicht auf die Bl\u00e4tter, vorzugsweise fr\u00fchmorgens oder sp\u00e4t am Tag, um eine schnelle Verdunstung zu verhindern.<\/li>\n<\/ul>\n<\/li>\n<li><strong>H\u00e4ufigkeit der Nutzung <\/strong>: Tragen Sie den D\u00fcnger alle 15 Tage w\u00e4hrend der Wachstums- und Bl\u00fctezeit (Fr\u00fchjahr-Sommer) und einmal im Monat nach der Bl\u00fcte auf, um die Zwiebel vor der Ruhephase (Herbst-Winter) zu st\u00e4rken.<\/li>\n<li><strong>Zus\u00e4tzliche Bew\u00e4sserung <\/strong>: Warten Sie nach jeder D\u00fcngung 48 Stunden, bevor Sie erneut gie\u00dfen, um die N\u00e4hrstoffaufnahme durch die Pflanze zu optimieren.<\/li>\n<li><strong>Vorsichtsma\u00dfnahmen bei der Verwendung <\/strong>: Den D\u00fcnger nicht \u00fcberdosieren, um eine \u00fcberm\u00e4\u00dfige Anreicherung von Mineralsalzen im Boden zu vermeiden, die die Wurzelentwicklung beeintr\u00e4chtigen k\u00f6nnte. F\u00fcr eine bessere Assimilation immer auf ein leicht feuchtes Substrat ausbringen.<\/li>\n<li><strong>Lagerung und Konservierung <\/strong>: Lagern Sie den D\u00fcnger an einem trockenen, temperierten Ort, vor Licht und Feuchtigkeit gesch\u00fctzt. Verschlie\u00dfen Sie den Beh\u00e4lter nach jedem Gebrauch fest, um die Wirksamkeit des Produkts zu erhalten und eine Verdunstung zu verhindern.<\/li>\n<\/ul>\n<p>Mit diesem Amaryllisd\u00fcnger versorgen Sie Ihre Pflanzen mit einer vollst\u00e4ndigen und ausgewogenen Ern\u00e4hrung, die ein kr\u00e4ftiges Wachstum, eine intensive Bl\u00fcte und eine erh\u00f6hte Widerstandsf\u00e4higkeit gegen Krankheiten und Klimaschwankungen f\u00f6rdert. Es ist die ideale L\u00f6sung f\u00fcr spektakul\u00e4re Amaryllis mit strahlenden und lang anhaltenden Bl\u00fcten, Jahr f\u00fcr Jahr.<\/p>\n<p>&nbsp;<\/p>\n<p>&nbsp;<\/p>","protected":false},"excerpt":{"rendered":"<p>A balanced fertilizer for spectacular blooming.\u00a0This amaryllis fertilizer is specially designed to stimulate the growth and blooming of this majestic plant. Thanks to its NPK 15-15-15 formulation, it provides a perfect balance between nitrogen (N), which promotes dense and robust foliage, phosphorus (P), which stimulates root and bulb development, and potassium (K), which strengthens blooming [&hellip;]<\/p>\n","protected":false},"featured_media":23695,"comment_status":"open","ping_status":"closed","template":"","meta":{"_uag_custom_page_level_css":"","site-sidebar-layout":"default","site-content-layout":"","ast-site-content-layout":"default","site-content-style":"default","site-sidebar-style":"default","ast-global-header-display":"","ast-banner-title-visibility":"","ast-main-header-display":"","ast-hfb-above-header-display":"","ast-hfb-below-header-display":"","ast-hfb-mobile-header-display":"","site-post-title":"","ast-breadcrumbs-content":"","ast-featured-img":"","footer-sml-layout":"","ast-disable-related-posts":"","theme-transparent-header-meta":"default","adv-header-id-meta":"","stick-header-meta":"","header-above-stick-meta":"","header-main-stick-meta":"","header-below-stick-meta":"","astra-migrate-meta-layouts":"set","ast-page-background-enabled":"default","ast-page-background-meta":{"desktop":{"background-color":"var(--ast-global-color-4)","background-image":"","background-repeat":"repeat","background-position":"center center","background-size":"auto","background-attachment":"scroll","background-type":"","background-media":"","overlay-type":"","overlay-color":"","overlay-opacity":"","overlay-gradient":""},"tablet":{"background-color":"","background-image":"","background-repeat":"repeat","background-position":"center center","background-size":"auto","background-attachment":"scroll","background-type":"","background-media":"","overlay-type":"","overlay-color":"","overlay-opacity":"","overlay-gradient":""},"mobile":{"background-color":"","background-image":"","background-repeat":"repeat","background-position":"center center","background-size":"auto","background-attachment":"scroll","background-type":"","background-media":"","overlay-type":"","overlay-color":"","overlay-opacity":"","overlay-gradient":""}},"ast-content-background-meta":{"desktop":{"background-color":"var(--ast-global-color-5)","background-image":"","background-repeat":"repeat","background-position":"center center","background-size":"auto","background-attachment":"scroll","background-type":"","background-media":"","overlay-type":"","overlay-color":"","overlay-opacity":"","overlay-gradient":""},"tablet":{"background-color":"var(--ast-global-color-5)","background-image":"","background-repeat":"repeat","background-position":"center center","background-size":"auto","background-attachment":"scroll","background-type":"","background-media":"","overlay-type":"","overlay-color":"","overlay-opacity":"","overlay-gradient":""},"mobile":{"background-color":"var(--ast-global-color-5)","background-image":"","background-repeat":"repeat","background-position":"center center","background-size":"auto","background-attachment":"scroll","background-type":"","background-media":"","overlay-type":"","overlay-color":"","overlay-opacity":"","overlay-gradient":""}}},"product_brand":[],"product_cat":[178],"product_tag":[],"class_list":{"0":"post-23052","1":"product","2":"type-product","3":"status-publish","4":"has-post-thumbnail","6":"product_cat-fertilizers","7":"desktop-align-left","8":"tablet-align-left","9":"mobile-align-left","11":"first","12":"instock","13":"sale","14":"shipping-taxable","15":"purchasable","16":"product-type-variable","17":"has-default-attributes"},"spectra_custom_meta":{"_visibility":["visible"],"_shopify_product_id":["9062550601973"],"_s2w_shopify_domain":["ferberpainting.myshopify.com"],"_shopify_variant_id":["46489551732981"],"_sku":["FPAMARYLLISFERTILIZER"],"_manage_stock":["no"],"total_sales":["6"],"_tax_status":["taxable"],"_tax_class":[""],"_backorders":["no"],"_sold_individually":["no"],"_virtual":["no"],"_downloadable":["no"],"_download_limit":["-1"],"_download_expiry":["-1"],"_stock":[null],"_stock_status":["instock"],"_wc_average_rating":["4.93"],"_wc_review_count":["15"],"_product_attributes":["a:1:{s:6:\"volume\";a:6:{s:4:\"name\";s:6:\"Volume\";s:5:\"value\";s:20:\"5 liters | 25 liters\";s:8:\"position\";i:0;s:10:\"is_visible\";i:0;s:12:\"is_variation\";i:1;s:11:\"is_taxonomy\";i:0;}}"],"_product_version":["10.5.2"],"_thumbnail_id":["23695"],"_product_image_gallery":["23767"],"wpse_downloadable_file_names":[""],"wpse_downloadable_file_urls":[""],"_edit_last":["1"],"_default_attributes":["a:1:{s:6:\"volume\";s:8:\"5 liters\";}"],"_wc_rating_count":["a:2:{i:4;i:1;i:5;i:14;}"],"_edit_lock":["1771954907:1"],"_price":["29.90","129.90"],"merchant-center-availability":["yes"],"merchant-center-category":["113"],"_wp_page_template":["default"],"site-sidebar-layout":["default"],"ast-site-content-layout":["default"],"site-content-style":["default"],"site-sidebar-style":["default"],"theme-transparent-header-meta":["default"],"astra-migrate-meta-layouts":["set"],"_uag_css_file_name":["uag-css-23052.css"],"_elementor_page_assets":["a:0:{}"],"_uag_page_assets":["a:9:{s:3:\"css\";s:7133:\".uag-blocks-common-selector{z-index:var(--z-index-desktop) !important}@media(max-width: 976px){.uag-blocks-common-selector{z-index:var(--z-index-tablet) !important}}@media(max-width: 767px){.uag-blocks-common-selector{z-index:var(--z-index-mobile) !important}}.wp-block-uagb-image{display:flex}.wp-block-uagb-image__figure{position:relative;display:flex;flex-direction:column;max-width:100%;height:auto;margin:0}.wp-block-uagb-image__figure img{height:auto;display:flex;max-width:100%;transition:box-shadow .2s ease}.wp-block-uagb-image__figure>a{display:inline-block}.wp-block-uagb-image__figure figcaption{text-align:center;margin-top:.5em;margin-bottom:1em}.wp-block-uagb-image .components-placeholder.block-editor-media-placeholder .components-placeholder__instructions{align-self:center}.wp-block-uagb-image--align-left{text-align:left}.wp-block-uagb-image--align-right{text-align:right}.wp-block-uagb-image--align-center{text-align:center}.wp-block-uagb-image--align-full .wp-block-uagb-image__figure{margin-left:calc(50% - 50vw);margin-right:calc(50% - 50vw);max-width:100vw;width:100vw;height:auto}.wp-block-uagb-image--align-full .wp-block-uagb-image__figure img{height:auto;width:100% !important}.wp-block-uagb-image--align-wide .wp-block-uagb-image__figure img{height:auto;width:100%}.wp-block-uagb-image--layout-overlay__color-wrapper{position:absolute;left:0;top:0;right:0;bottom:0;opacity:.2;background:rgba(0,0,0,.5);transition:opacity .35s ease-in-out}.wp-block-uagb-image--layout-overlay-link{position:absolute;left:0;right:0;bottom:0;top:0}.wp-block-uagb-image--layout-overlay .wp-block-uagb-image__figure:hover .wp-block-uagb-image--layout-overlay__color-wrapper{opacity:1}.wp-block-uagb-image--layout-overlay__inner{position:absolute;left:15px;right:15px;bottom:15px;top:15px;display:flex;align-items:center;justify-content:center;flex-direction:column;border-color:#fff;transition:.35s ease-in-out}.wp-block-uagb-image--layout-overlay__inner.top-left,.wp-block-uagb-image--layout-overlay__inner.top-center,.wp-block-uagb-image--layout-overlay__inner.top-right{justify-content:flex-start}.wp-block-uagb-image--layout-overlay__inner.bottom-left,.wp-block-uagb-image--layout-overlay__inner.bottom-center,.wp-block-uagb-image--layout-overlay__inner.bottom-right{justify-content:flex-end}.wp-block-uagb-image--layout-overlay__inner.top-left,.wp-block-uagb-image--layout-overlay__inner.center-left,.wp-block-uagb-image--layout-overlay__inner.bottom-left{align-items:flex-start}.wp-block-uagb-image--layout-overlay__inner.top-right,.wp-block-uagb-image--layout-overlay__inner.center-right,.wp-block-uagb-image--layout-overlay__inner.bottom-right{align-items:flex-end}.wp-block-uagb-image--layout-overlay__inner .uagb-image-heading{color:#fff;transition:transform .35s,opacity .35s ease-in-out;transform:translate3d(0, 24px, 0);margin:0;line-height:1em}.wp-block-uagb-image--layout-overlay__inner .uagb-image-separator{width:30%;border-top-width:2px;border-top-color:#fff;border-top-style:solid;margin-bottom:10px;opacity:0;transition:transform .4s,opacity .4s ease-in-out;transform:translate3d(0, 30px, 0)}.wp-block-uagb-image--layout-overlay__inner .uagb-image-caption{opacity:0;overflow:visible;color:#fff;transition:transform .45s,opacity .45s ease-in-out;transform:translate3d(0, 35px, 0)}.wp-block-uagb-image--layout-overlay__inner:hover .uagb-image-heading,.wp-block-uagb-image--layout-overlay__inner:hover .uagb-image-separator,.wp-block-uagb-image--layout-overlay__inner:hover .uagb-image-caption{opacity:1;transform:translate3d(0, 0, 0)}.wp-block-uagb-image--effect-zoomin .wp-block-uagb-image__figure img,.wp-block-uagb-image--effect-zoomin .wp-block-uagb-image__figure .wp-block-uagb-image--layout-overlay__color-wrapper{transform:scale(1);transition:transform .35s ease-in-out}.wp-block-uagb-image--effect-zoomin .wp-block-uagb-image__figure:hover img,.wp-block-uagb-image--effect-zoomin .wp-block-uagb-image__figure:hover .wp-block-uagb-image--layout-overlay__color-wrapper{transform:scale(1.05)}.wp-block-uagb-image--effect-slide .wp-block-uagb-image__figure img,.wp-block-uagb-image--effect-slide .wp-block-uagb-image__figure .wp-block-uagb-image--layout-overlay__color-wrapper{width:calc(100% + 40px) !important;max-width:none !important;transform:translate3d(-40px, 0, 0);transition:transform .35s ease-in-out}.wp-block-uagb-image--effect-slide .wp-block-uagb-image__figure:hover img,.wp-block-uagb-image--effect-slide .wp-block-uagb-image__figure:hover .wp-block-uagb-image--layout-overlay__color-wrapper{transform:translate3d(0, 0, 0)}.wp-block-uagb-image--effect-grayscale img{filter:grayscale(0%);transition:.35s ease-in-out}.wp-block-uagb-image--effect-grayscale:hover img{filter:grayscale(100%)}.wp-block-uagb-image--effect-blur img{filter:blur(0);transition:.35s ease-in-out}.wp-block-uagb-image--effect-blur:hover img{filter:blur(3px)}.uagb-block-e6f939b3.wp-block-uagb-image--layout-default figure img{box-shadow: 0px 0px 0 #00000070;}.uagb-block-e6f939b3.wp-block-uagb-image .wp-block-uagb-image__figure figcaption{font-style: normal;align-self: center;}.uagb-block-e6f939b3.wp-block-uagb-image--layout-overlay figure img{box-shadow: 0px 0px 0 #00000070;}.uagb-block-e6f939b3.wp-block-uagb-image--layout-overlay .wp-block-uagb-image--layout-overlay__color-wrapper{opacity: 0.2;}.uagb-block-e6f939b3.wp-block-uagb-image--layout-overlay .wp-block-uagb-image--layout-overlay__inner{left: 15px;right: 15px;top: 15px;bottom: 15px;}.uagb-block-e6f939b3.wp-block-uagb-image--layout-overlay .wp-block-uagb-image--layout-overlay__inner .uagb-image-heading{font-style: normal;color: #fff;opacity: 1;}.uagb-block-e6f939b3.wp-block-uagb-image--layout-overlay .wp-block-uagb-image--layout-overlay__inner .uagb-image-heading a{color: #fff;}.uagb-block-e6f939b3.wp-block-uagb-image--layout-overlay .wp-block-uagb-image--layout-overlay__inner .uagb-image-caption{opacity: 0;}.uagb-block-e6f939b3.wp-block-uagb-image--layout-overlay .wp-block-uagb-image__figure:hover .wp-block-uagb-image--layout-overlay__color-wrapper{opacity: 1;}.uagb-block-e6f939b3.wp-block-uagb-image .wp-block-uagb-image--layout-overlay__inner .uagb-image-separator{width: 30%;border-top-width: 2px;border-top-color: #fff;opacity: 0;}.uagb-block-e6f939b3.wp-block-uagb-image .wp-block-uagb-image__figure img{width: px;height: auto;}.uagb-block-e6f939b3.wp-block-uagb-image .wp-block-uagb-image__figure:hover .wp-block-uagb-image--layout-overlay__inner .uagb-image-caption{opacity: 1;}.uagb-block-e6f939b3.wp-block-uagb-image .wp-block-uagb-image__figure:hover .wp-block-uagb-image--layout-overlay__inner .uagb-image-separator{opacity: 1;}.uagb-block-e6f939b3.wp-block-uagb-image--layout-default figure:hover img{box-shadow: 0px 0px 0 #00000070;}.uagb-block-e6f939b3.wp-block-uagb-image--layout-overlay figure:hover img{box-shadow: 0px 0px 0 #00000070;}@media only screen and (max-width: 976px) {.uagb-block-e6f939b3.wp-block-uagb-image .wp-block-uagb-image__figure img{width: px;height: auto;}}@media only screen and (max-width: 767px) {.uagb-block-e6f939b3.wp-block-uagb-image .wp-block-uagb-image__figure img{width: px;height: auto;}}\";s:2:\"js\";s:0:\"\";s:18:\"current_block_list\";a:13:{i:0;s:11:\"core\/search\";i:1;s:10:\"core\/group\";i:2;s:12:\"core\/heading\";i:3;s:17:\"core\/latest-posts\";i:4;s:20:\"core\/latest-comments\";i:5;s:13:\"core\/archives\";i:6;s:15:\"core\/categories\";i:7;s:14:\"core\/paragraph\";i:8;s:10:\"uagb\/image\";i:9;s:11:\"core\/spacer\";i:10;s:30:\"woocommerce\/product-categories\";i:11;s:10:\"core\/image\";i:12;s:14:\"core\/shortcode\";}s:8:\"uag_flag\";b:1;s:11:\"uag_version\";s:10:\"1777175783\";s:6:\"gfonts\";a:0:{}s:10:\"gfonts_url\";s:0:\"\";s:12:\"gfonts_files\";a:0:{}s:14:\"uag_faq_layout\";b:0;}"]},"uagb_featured_image_src":{"full":["https:\/\/www.ferberpainting.com\/wp-content\/uploads\/2025\/05\/AmaryllisFertilizer5L.png",2560,2560,false],"thumbnail":["https:\/\/www.ferberpainting.com\/wp-content\/uploads\/2025\/05\/AmaryllisFertilizer5L-150x150.png",150,150,true],"medium":["https:\/\/www.ferberpainting.com\/wp-content\/uploads\/2025\/05\/AmaryllisFertilizer5L-300x300.png",300,300,true],"medium_large":["https:\/\/www.ferberpainting.com\/wp-content\/uploads\/2025\/05\/AmaryllisFertilizer5L-768x768.png",768,768,true],"large":["https:\/\/www.ferberpainting.com\/wp-content\/uploads\/2025\/05\/AmaryllisFertilizer5L-1024x1024.png",1024,1024,true],"1536x1536":["https:\/\/www.ferberpainting.com\/wp-content\/uploads\/2025\/05\/AmaryllisFertilizer5L-1536x1536.png",1536,1536,true],"2048x2048":["https:\/\/www.ferberpainting.com\/wp-content\/uploads\/2025\/05\/AmaryllisFertilizer5L-2048x2048.png",2048,2048,true],"trp-custom-language-flag":["https:\/\/www.ferberpainting.com\/wp-content\/uploads\/2025\/05\/AmaryllisFertilizer5L-12x12.png",12,12,true],"woocommerce_thumbnail":["https:\/\/www.ferberpainting.com\/wp-content\/uploads\/2025\/05\/AmaryllisFertilizer5L-300x300.png",300,300,true],"woocommerce_single":["https:\/\/www.ferberpainting.com\/wp-content\/uploads\/2025\/05\/AmaryllisFertilizer5L-600x600.png",600,600,true],"woocommerce_gallery_thumbnail":["https:\/\/www.ferberpainting.com\/wp-content\/uploads\/2025\/05\/AmaryllisFertilizer5L-100x100.png",100,100,true]},"uagb_author_info":{"display_name":"admin","author_link":"https:\/\/www.ferberpainting.com\/ch-de\/author\/"},"uagb_comment_info":15,"uagb_excerpt":"A balanced fertilizer for spectacular blooming.\u00a0This amaryllis fertilizer is specially designed to stimulate the growth and blooming of this majestic plant. Thanks to its NPK 15-15-15 formulation, it provides a perfect balance between nitrogen (N), which promotes dense and robust foliage, phosphorus (P), which stimulates root and bulb development, and potassium (K), which strengthens blooming&hellip;","_links":{"self":[{"href":"https:\/\/www.ferberpainting.com\/ch-de\/wp-json\/wp\/v2\/product\/23052","targetHints":{"allow":["GET"]}}],"collection":[{"href":"https:\/\/www.ferberpainting.com\/ch-de\/wp-json\/wp\/v2\/product"}],"about":[{"href":"https:\/\/www.ferberpainting.com\/ch-de\/wp-json\/wp\/v2\/types\/product"}],"replies":[{"embeddable":true,"href":"https:\/\/www.ferberpainting.com\/ch-de\/wp-json\/wp\/v2\/comments?post=23052"}],"version-history":[{"count":9,"href":"https:\/\/www.ferberpainting.com\/ch-de\/wp-json\/wp\/v2\/product\/23052\/revisions"}],"predecessor-version":[{"id":166016,"href":"https:\/\/www.ferberpainting.com\/ch-de\/wp-json\/wp\/v2\/product\/23052\/revisions\/166016"}],"wp:featuredmedia":[{"embeddable":true,"href":"https:\/\/www.ferberpainting.com\/ch-de\/wp-json\/wp\/v2\/media\/23695"}],"wp:attachment":[{"href":"https:\/\/www.ferberpainting.com\/ch-de\/wp-json\/wp\/v2\/media?parent=23052"}],"wp:term":[{"taxonomy":"product_brand","embeddable":true,"href":"https:\/\/www.ferberpainting.com\/ch-de\/wp-json\/wp\/v2\/product_brand?post=23052"},{"taxonomy":"product_cat","embeddable":true,"href":"https:\/\/www.ferberpainting.com\/ch-de\/wp-json\/wp\/v2\/product_cat?post=23052"},{"taxonomy":"product_tag","embeddable":true,"href":"https:\/\/www.ferberpainting.com\/ch-de\/wp-json\/wp\/v2\/product_tag?post=23052"}],"curies":[{"name":"wp","href":"https:\/\/api.w.org\/{rel}","templated":true}]}}