{"id":25678,"date":"2025-06-30T17:12:54","date_gmt":"2025-06-30T15:12:54","guid":{"rendered":"https:\/\/www.ferberpainting.com\/?post_type=product&#038;p=25678"},"modified":"2026-02-18T10:02:57","modified_gmt":"2026-02-18T09:02:57","slug":"wood-stove-chimney-and-fireplace-glass-cleaner","status":"publish","type":"product","link":"https:\/\/www.ferberpainting.com\/ca-fr\/products\/wood-stove-chimney-and-fireplace-glass-cleaner\/","title":{"rendered":"Nettoyant pour vitre d'insert, de po\u00eale \u00e0 bois et de chemin\u00e9e"},"content":{"rendered":"<p><strong><img decoding=\"async\" style=\"margin-right: 12px;\" src=\"https:\/\/www.ferberpainting.com\/wp-content\/uploads\/2026\/02\/Check.svg\" alt=\"\" width=\"18\" height=\"15\" \/>\u00c9limine la suie tenace, les r\u00e9sidus de fum\u00e9e et les taches br\u00fbl\u00e9es avec une grande pr\u00e9cision.<\/strong> Notre nettoyant pour vitres de po\u00eales \u00e0 bois, de chemin\u00e9es et de foyers est sp\u00e9cialement formul\u00e9 pour dissoudre et \u00e9liminer les d\u00e9p\u00f4ts importants de carbone, de suie noire, de goudron et de film de fum\u00e9e qui s'accumulent sur les surfaces vitr\u00e9es \u00e0 haute temp\u00e9rature. Avec le temps, la vitre des chemin\u00e9es et des po\u00eales s'assombrit et se trouble en raison des r\u00e9sidus de combustion. Cette formule de nettoyage avanc\u00e9e p\u00e9n\u00e8tre et d\u00e9compose rapidement les d\u00e9p\u00f4ts durcis, r\u00e9tablissant la clart\u00e9 et vous permettant de profiter \u00e0 nouveau pleinement de la chaleur et de l'ambiance de votre feu.<\/p>\n<p><strong><img decoding=\"async\" style=\"margin-right: 12px;\" src=\"https:\/\/www.ferberpainting.com\/wp-content\/uploads\/2026\/02\/Check.svg\" alt=\"\" width=\"18\" height=\"15\" \/>Nous offrons une garantie de remboursement pour une satisfaction totale.<\/strong> Nous sommes pleinement convaincus de l'efficacit\u00e9 de notre nettoyant pour vitres. Si vous n'\u00eates pas enti\u00e8rement satisfait des r\u00e9sultats, nous vous rembourserons votre achat. Cette garantie de remboursement vous permet de nettoyer la vitre de votre po\u00eale ou de votre chemin\u00e9e en toute tranquillit\u00e9, en sachant que votre investissement est prot\u00e9g\u00e9.<\/p>\n<p><strong><img decoding=\"async\" style=\"margin-right: 12px;\" src=\"https:\/\/www.ferberpainting.com\/wp-content\/uploads\/2026\/02\/Check.svg\" alt=\"\" width=\"18\" height=\"15\" \/>Le nettoyant pour vitres de chemin\u00e9es et de po\u00eales le plus efficace du march\u00e9.<\/strong> Notre formule haute performance est sp\u00e9cialement con\u00e7ue pour les surfaces vitr\u00e9es r\u00e9sistantes \u00e0 la chaleur et expos\u00e9es \u00e0 des produits de combustion intenses. Contrairement aux nettoyants m\u00e9nagers classiques, elle cible la composition chimique de la suie et du goudron, ce qui garantit une dissolution rapide et une \u00e9limination plus facile. Son pouvoir nettoyant est sup\u00e9rieur \u00e0 celui des sprays pour vitres conventionnels, ce qui en fait la solution la plus efficace pour restaurer une visibilit\u00e9 cristalline.<\/p>\n<p><strong><img decoding=\"async\" style=\"margin-right: 12px;\" src=\"https:\/\/www.ferberpainting.com\/wp-content\/uploads\/2026\/02\/Check.svg\" alt=\"\" width=\"18\" height=\"15\" \/>Le nettoyant pour vitres de chemin\u00e9e de qualit\u00e9 professionnelle le moins cher du march\u00e9.<\/strong> Un nettoyage de qualit\u00e9 sup\u00e9rieure ne doit pas n\u00e9cessairement \u00eatre co\u00fbteux. Nous proposons les prix les plus comp\u00e9titifs tout en maintenant des normes de haute qualit\u00e9. En optimisant la production et la logistique, nous fournissons un nettoyant de qualit\u00e9 professionnelle au prix le plus bas par rapport \u00e0 des produits similaires, ce qui garantit un excellent rapport qualit\u00e9-prix pour les particuliers comme pour les professionnels.<\/p>\n<p><strong><img decoding=\"async\" style=\"margin-right: 12px;\" src=\"https:\/\/www.ferberpainting.com\/wp-content\/uploads\/2026\/02\/Check.svg\" alt=\"\" width=\"18\" height=\"15\" \/>Livraison garantie dans les 24 heures pour les besoins de nettoyage imm\u00e9diats.<\/strong> Lorsque la vitre de votre po\u00eale ou de votre chemin\u00e9e est tr\u00e8s sale, un nettoyage rapide permet d'en restaurer l'aspect et le plaisir. C'est pourquoi nous proposons une livraison fiable en 24 heures, garantissant que votre nettoyant arrive rapidement et qu'il est pr\u00eat \u00e0 \u00eatre utilis\u00e9 sans d\u00e9lai.<\/p>\n<p><strong><img decoding=\"async\" style=\"margin-right: 12px;\" src=\"https:\/\/www.ferberpainting.com\/wp-content\/uploads\/2026\/02\/Check.svg\" alt=\"\" width=\"18\" height=\"15\" \/>Formule hautement concentr\u00e9e pour une utilisation \u00e9conomique.<\/strong> Une petite quantit\u00e9 de produit permet de traiter efficacement de grandes surfaces vitr\u00e9es. La formule concentr\u00e9e garantit une utilisation minimale de produit par session de nettoyage, offrant ainsi une excellente rentabilit\u00e9 tout en maintenant une performance de nettoyage puissante.<\/p>\n<p><strong><img decoding=\"async\" style=\"margin-right: 12px;\" src=\"https:\/\/www.ferberpainting.com\/wp-content\/uploads\/2026\/02\/Check.svg\" alt=\"\" width=\"18\" height=\"15\" \/>R\u00e9tablit la transparence totale et am\u00e9liore la visibilit\u00e9 des incendies.<\/strong> En \u00e9liminant les taches sombres et le voile de fum\u00e9e, le nettoyant r\u00e9tablit la transparence naturelle du verre r\u00e9sistant \u00e0 la chaleur. Cela renforce l'attrait visuel de votre chemin\u00e9e ou de votre po\u00eale \u00e0 bois et am\u00e9liore l'atmosph\u00e8re g\u00e9n\u00e9rale de votre espace de vie.<\/p>\n<p><strong><img decoding=\"async\" style=\"margin-right: 12px;\" src=\"https:\/\/www.ferberpainting.com\/wp-content\/uploads\/2026\/02\/Check.svg\" alt=\"\" width=\"18\" height=\"15\" \/>Sans danger pour la c\u00e9ramique r\u00e9sistante \u00e0 la chaleur et le verre tremp\u00e9.<\/strong> La formule est sp\u00e9cialement con\u00e7ue pour \u00eatre utilis\u00e9e sur les inserts de chemin\u00e9e, les portes de po\u00eales \u00e0 bois et les panneaux vitr\u00e9s des chemin\u00e9es. Appliqu\u00e9e selon les instructions, elle nettoie efficacement sans rayer ni endommager la surface vitr\u00e9e.<\/p>\n<p><strong><img decoding=\"async\" style=\"margin-right: 12px;\" src=\"https:\/\/www.ferberpainting.com\/wp-content\/uploads\/2026\/02\/Check.svg\" alt=\"\" width=\"18\" height=\"15\" \/>R\u00e9duit l'accumulation future lorsqu'il est utilis\u00e9 r\u00e9guli\u00e8rement.<\/strong> Un nettoyage de routine avec notre produit permet d'\u00e9viter une accumulation excessive de suie et de goudron. Le maintien d'une vitre propre am\u00e9liore la visibilit\u00e9 de la combustion et simplifie l'entretien.<\/p>\n<p><strong><img decoding=\"async\" style=\"margin-right: 12px;\" src=\"https:\/\/www.ferberpainting.com\/wp-content\/uploads\/2026\/02\/Check.svg\" alt=\"\" width=\"18\" height=\"15\" \/>Application facile et rapide pour les propri\u00e9taires et les professionnels.<\/strong> Con\u00e7u pour \u00eatre pratique, le nettoyant peut \u00eatre vaporis\u00e9 directement sur la vitre et essuy\u00e9 avec un chiffon ou une \u00e9ponge. Sa consistance maniable assure une couverture uniforme et une application contr\u00f4l\u00e9e sans proc\u00e9dures compliqu\u00e9es.<\/p>\n<h2><strong>Instructions<\/strong><\/h2>\n<ul>\n<li>Veillez \u00e0 ce que la vitre du po\u00eale ou de la chemin\u00e9e soit compl\u00e8tement refroidie avant d'appliquer le nettoyant.<\/li>\n<li>Agiter soigneusement le flacon avant utilisation.<\/li>\n<li>Vaporiser le produit uniform\u00e9ment sur la surface vitr\u00e9e souill\u00e9e.<\/li>\n<li>Laisser agir le nettoyant pendant 2 \u00e0 5 minutes, en fonction du niveau d'accumulation de suie et de r\u00e9sidus.<\/li>\n<li>Essuyer la surface avec une \u00e9ponge ou un chiffon humide pour d\u00e9coller et \u00e9liminer les d\u00e9p\u00f4ts dissous.<\/li>\n<li>Pour les d\u00e9p\u00f4ts de carbone tenaces ou \u00e9pais, frottez doucement \u00e0 l'aide d'un tampon ou d'une \u00e9ponge non abrasifs.<\/li>\n<li>Enlever les r\u00e9sidus \u00e0 l'aide d'un chiffon propre et humide.<\/li>\n<li>S\u00e9chez le verre avec un chiffon doux et non pelucheux pour obtenir une finition claire et sans traces.<\/li>\n<li>R\u00e9p\u00e9ter l'op\u00e9ration si n\u00e9cessaire pour les zones tr\u00e8s sales.<\/li>\n<li>\u00c9viter tout contact avec les surfaces peintes ou d\u00e9licates environnantes. Essuyer imm\u00e9diatement en cas de contact accidentel.<\/li>\n<li>Ne pas utiliser sur du verre chaud ou pendant une combustion active.<\/li>\n<li>Nettoyer les outils et les chiffons \u00e0 l'eau apr\u00e8s utilisation.<\/li>\n<li>Conservez le produit bien ferm\u00e9 dans un endroit frais et sec, \u00e0 l'abri de la lumi\u00e8re directe du soleil.<\/li>\n<li>Tenir hors de port\u00e9e des enfants et respecter les mesures de s\u00e9curit\u00e9 habituelles lors de la manipulation et de l'application.<\/li>\n<\/ul>","protected":false},"excerpt":{"rendered":"<p>Removes stubborn soot, smoke residue, and burned-on stains with powerful precision. Our wood stove, chimney and fireplace glass cleaner is specially formulated to dissolve and lift heavy carbon deposits, black soot, tar buildup, and smoke film that accumulate on high-temperature glass surfaces. Over time, fireplace and stove glass becomes darkened and cloudy due to combustion [&hellip;]<\/p>\n","protected":false},"featured_media":35749,"comment_status":"open","ping_status":"closed","template":"","meta":{"_uag_custom_page_level_css":"","site-sidebar-layout":"default","site-content-layout":"","ast-site-content-layout":"default","site-content-style":"default","site-sidebar-style":"default","ast-global-header-display":"","ast-banner-title-visibility":"","ast-main-header-display":"","ast-hfb-above-header-display":"","ast-hfb-below-header-display":"","ast-hfb-mobile-header-display":"","site-post-title":"","ast-breadcrumbs-content":"","ast-featured-img":"","footer-sml-layout":"","ast-disable-related-posts":"","theme-transparent-header-meta":"default","adv-header-id-meta":"","stick-header-meta":"","header-above-stick-meta":"","header-main-stick-meta":"","header-below-stick-meta":"","astra-migrate-meta-layouts":"set","ast-page-background-enabled":"default","ast-page-background-meta":{"desktop":{"background-color":"var(--ast-global-color-4)","background-image":"","background-repeat":"repeat","background-position":"center center","background-size":"auto","background-attachment":"scroll","background-type":"","background-media":"","overlay-type":"","overlay-color":"","overlay-opacity":"","overlay-gradient":""},"tablet":{"background-color":"","background-image":"","background-repeat":"repeat","background-position":"center center","background-size":"auto","background-attachment":"scroll","background-type":"","background-media":"","overlay-type":"","overlay-color":"","overlay-opacity":"","overlay-gradient":""},"mobile":{"background-color":"","background-image":"","background-repeat":"repeat","background-position":"center center","background-size":"auto","background-attachment":"scroll","background-type":"","background-media":"","overlay-type":"","overlay-color":"","overlay-opacity":"","overlay-gradient":""}},"ast-content-background-meta":{"desktop":{"background-color":"var(--ast-global-color-5)","background-image":"","background-repeat":"repeat","background-position":"center center","background-size":"auto","background-attachment":"scroll","background-type":"","background-media":"","overlay-type":"","overlay-color":"","overlay-opacity":"","overlay-gradient":""},"tablet":{"background-color":"var(--ast-global-color-5)","background-image":"","background-repeat":"repeat","background-position":"center center","background-size":"auto","background-attachment":"scroll","background-type":"","background-media":"","overlay-type":"","overlay-color":"","overlay-opacity":"","overlay-gradient":""},"mobile":{"background-color":"var(--ast-global-color-5)","background-image":"","background-repeat":"repeat","background-position":"center center","background-size":"auto","background-attachment":"scroll","background-type":"","background-media":"","overlay-type":"","overlay-color":"","overlay-opacity":"","overlay-gradient":""}}},"product_brand":[],"product_cat":[175],"product_tag":[],"class_list":{"0":"post-25678","1":"product","2":"type-product","3":"status-publish","4":"has-post-thumbnail","6":"product_cat-cleaning-products","7":"desktop-align-left","8":"tablet-align-left","9":"mobile-align-left","11":"first","12":"instock","13":"sale","14":"taxable","15":"shipping-taxable","16":"purchasable","17":"product-type-variable","18":"has-default-attributes"},"spectra_custom_meta":{"_visibility":["visible"],"_shopify_product_id":["9101785235701"],"_s2w_shopify_domain":["ferberpainting.myshopify.com"],"_shopify_variant_id":["46613424242933"],"_sku":[""],"_manage_stock":["no"],"total_sales":["31"],"_tax_status":["taxable"],"_tax_class":[""],"_backorders":["no"],"_sold_individually":["no"],"_virtual":["no"],"_downloadable":["no"],"_download_limit":["-1"],"_download_expiry":["-1"],"_stock":[null],"_stock_status":["instock"],"_wc_average_rating":["5.00"],"_wc_review_count":["12"],"_product_attributes":["a:1:{s:6:\"volume\";a:6:{s:4:\"name\";s:6:\"Volume\";s:5:\"value\";s:20:\"5 liters | 25 liters\";s:8:\"position\";i:1;s:10:\"is_visible\";i:0;s:12:\"is_variation\";i:1;s:11:\"is_taxonomy\";i:0;}}"],"_product_version":["10.5.2"],"wpse_downloadable_file_names":[""],"wpse_downloadable_file_urls":[""],"_edit_last":["1"],"_default_attributes":["a:1:{s:6:\"volume\";s:8:\"5 liters\";}"],"_edit_lock":["1771405238:1"],"merchant-center-availability":["yes"],"merchant-center-category":["1479"],"_thumbnail_id":["35749"],"_wp_page_template":["default"],"_wp_old_date":["2025-05-26"],"site-sidebar-layout":["default"],"ast-site-content-layout":["default"],"site-content-style":["default"],"site-sidebar-style":["default"],"theme-transparent-header-meta":["default"],"_product_image_gallery":["35750"],"_price":["29.90","129.90"],"_wc_rating_count":["a:1:{i:5;i:12;}"],"astra-migrate-meta-layouts":["set"],"_uag_css_file_name":["uag-css-25678.css"],"_elementor_page_assets":["a:0:{}"],"_uag_page_assets":["a:9:{s:3:\"css\";s:6873:\".wp-block-uagb-image{display:flex}.wp-block-uagb-image__figure{position:relative;display:flex;flex-direction:column;max-width:100%;height:auto;margin:0}.wp-block-uagb-image__figure img{height:auto;display:flex;max-width:100%;transition:box-shadow .2s ease}.wp-block-uagb-image__figure>a{display:inline-block}.wp-block-uagb-image__figure figcaption{text-align:center;margin-top:.5em;margin-bottom:1em}.wp-block-uagb-image .components-placeholder.block-editor-media-placeholder .components-placeholder__instructions{align-self:center}.wp-block-uagb-image--align-left{text-align:left}.wp-block-uagb-image--align-right{text-align:right}.wp-block-uagb-image--align-center{text-align:center}.wp-block-uagb-image--align-full .wp-block-uagb-image__figure{margin-left:calc(50% - 50vw);margin-right:calc(50% - 50vw);max-width:100vw;width:100vw;height:auto}.wp-block-uagb-image--align-full .wp-block-uagb-image__figure img{height:auto;width:100% !important}.wp-block-uagb-image--align-wide .wp-block-uagb-image__figure img{height:auto;width:100%}.wp-block-uagb-image--layout-overlay__color-wrapper{position:absolute;left:0;top:0;right:0;bottom:0;opacity:.2;background:rgba(0,0,0,.5);transition:opacity .35s ease-in-out}.wp-block-uagb-image--layout-overlay-link{position:absolute;left:0;right:0;bottom:0;top:0}.wp-block-uagb-image--layout-overlay .wp-block-uagb-image__figure:hover .wp-block-uagb-image--layout-overlay__color-wrapper{opacity:1}.wp-block-uagb-image--layout-overlay__inner{position:absolute;left:15px;right:15px;bottom:15px;top:15px;display:flex;align-items:center;justify-content:center;flex-direction:column;border-color:#fff;transition:.35s ease-in-out}.wp-block-uagb-image--layout-overlay__inner.top-left,.wp-block-uagb-image--layout-overlay__inner.top-center,.wp-block-uagb-image--layout-overlay__inner.top-right{justify-content:flex-start}.wp-block-uagb-image--layout-overlay__inner.bottom-left,.wp-block-uagb-image--layout-overlay__inner.bottom-center,.wp-block-uagb-image--layout-overlay__inner.bottom-right{justify-content:flex-end}.wp-block-uagb-image--layout-overlay__inner.top-left,.wp-block-uagb-image--layout-overlay__inner.center-left,.wp-block-uagb-image--layout-overlay__inner.bottom-left{align-items:flex-start}.wp-block-uagb-image--layout-overlay__inner.top-right,.wp-block-uagb-image--layout-overlay__inner.center-right,.wp-block-uagb-image--layout-overlay__inner.bottom-right{align-items:flex-end}.wp-block-uagb-image--layout-overlay__inner .uagb-image-heading{color:#fff;transition:transform .35s,opacity .35s ease-in-out;transform:translate3d(0, 24px, 0);margin:0;line-height:1em}.wp-block-uagb-image--layout-overlay__inner .uagb-image-separator{width:30%;border-top-width:2px;border-top-color:#fff;border-top-style:solid;margin-bottom:10px;opacity:0;transition:transform .4s,opacity .4s ease-in-out;transform:translate3d(0, 30px, 0)}.wp-block-uagb-image--layout-overlay__inner .uagb-image-caption{opacity:0;overflow:visible;color:#fff;transition:transform .45s,opacity .45s ease-in-out;transform:translate3d(0, 35px, 0)}.wp-block-uagb-image--layout-overlay__inner:hover .uagb-image-heading,.wp-block-uagb-image--layout-overlay__inner:hover .uagb-image-separator,.wp-block-uagb-image--layout-overlay__inner:hover .uagb-image-caption{opacity:1;transform:translate3d(0, 0, 0)}.wp-block-uagb-image--effect-zoomin .wp-block-uagb-image__figure img,.wp-block-uagb-image--effect-zoomin .wp-block-uagb-image__figure .wp-block-uagb-image--layout-overlay__color-wrapper{transform:scale(1);transition:transform .35s ease-in-out}.wp-block-uagb-image--effect-zoomin .wp-block-uagb-image__figure:hover img,.wp-block-uagb-image--effect-zoomin .wp-block-uagb-image__figure:hover .wp-block-uagb-image--layout-overlay__color-wrapper{transform:scale(1.05)}.wp-block-uagb-image--effect-slide .wp-block-uagb-image__figure img,.wp-block-uagb-image--effect-slide .wp-block-uagb-image__figure .wp-block-uagb-image--layout-overlay__color-wrapper{width:calc(100% + 40px) !important;max-width:none !important;transform:translate3d(-40px, 0, 0);transition:transform .35s ease-in-out}.wp-block-uagb-image--effect-slide .wp-block-uagb-image__figure:hover img,.wp-block-uagb-image--effect-slide .wp-block-uagb-image__figure:hover .wp-block-uagb-image--layout-overlay__color-wrapper{transform:translate3d(0, 0, 0)}.wp-block-uagb-image--effect-grayscale img{filter:grayscale(0%);transition:.35s ease-in-out}.wp-block-uagb-image--effect-grayscale:hover img{filter:grayscale(100%)}.wp-block-uagb-image--effect-blur img{filter:blur(0);transition:.35s ease-in-out}.wp-block-uagb-image--effect-blur:hover img{filter:blur(3px)}.uagb-block-e6f939b3.wp-block-uagb-image--layout-default figure img{box-shadow: 0px 0px 0 #00000070;}.uagb-block-e6f939b3.wp-block-uagb-image .wp-block-uagb-image__figure figcaption{font-style: normal;align-self: center;}.uagb-block-e6f939b3.wp-block-uagb-image--layout-overlay figure img{box-shadow: 0px 0px 0 #00000070;}.uagb-block-e6f939b3.wp-block-uagb-image--layout-overlay .wp-block-uagb-image--layout-overlay__color-wrapper{opacity: 0.2;}.uagb-block-e6f939b3.wp-block-uagb-image--layout-overlay .wp-block-uagb-image--layout-overlay__inner{left: 15px;right: 15px;top: 15px;bottom: 15px;}.uagb-block-e6f939b3.wp-block-uagb-image--layout-overlay .wp-block-uagb-image--layout-overlay__inner .uagb-image-heading{font-style: normal;color: #fff;opacity: 1;}.uagb-block-e6f939b3.wp-block-uagb-image--layout-overlay .wp-block-uagb-image--layout-overlay__inner .uagb-image-heading a{color: #fff;}.uagb-block-e6f939b3.wp-block-uagb-image--layout-overlay .wp-block-uagb-image--layout-overlay__inner .uagb-image-caption{opacity: 0;}.uagb-block-e6f939b3.wp-block-uagb-image--layout-overlay .wp-block-uagb-image__figure:hover .wp-block-uagb-image--layout-overlay__color-wrapper{opacity: 1;}.uagb-block-e6f939b3.wp-block-uagb-image .wp-block-uagb-image--layout-overlay__inner .uagb-image-separator{width: 30%;border-top-width: 2px;border-top-color: #fff;opacity: 0;}.uagb-block-e6f939b3.wp-block-uagb-image .wp-block-uagb-image__figure img{width: px;height: auto;}.uagb-block-e6f939b3.wp-block-uagb-image .wp-block-uagb-image__figure:hover .wp-block-uagb-image--layout-overlay__inner .uagb-image-caption{opacity: 1;}.uagb-block-e6f939b3.wp-block-uagb-image .wp-block-uagb-image__figure:hover .wp-block-uagb-image--layout-overlay__inner .uagb-image-separator{opacity: 1;}.uagb-block-e6f939b3.wp-block-uagb-image--layout-default figure:hover img{box-shadow: 0px 0px 0 #00000070;}.uagb-block-e6f939b3.wp-block-uagb-image--layout-overlay figure:hover img{box-shadow: 0px 0px 0 #00000070;}@media only screen and (max-width: 976px) {.uagb-block-e6f939b3.wp-block-uagb-image .wp-block-uagb-image__figure img{width: px;height: auto;}}@media only screen and (max-width: 767px) {.uagb-block-e6f939b3.wp-block-uagb-image .wp-block-uagb-image__figure img{width: px;height: auto;}}\";s:2:\"js\";s:0:\"\";s:18:\"current_block_list\";a:13:{i:0;s:11:\"core\/search\";i:1;s:10:\"core\/group\";i:2;s:12:\"core\/heading\";i:3;s:17:\"core\/latest-posts\";i:4;s:20:\"core\/latest-comments\";i:5;s:13:\"core\/archives\";i:6;s:15:\"core\/categories\";i:7;s:14:\"core\/paragraph\";i:8;s:10:\"uagb\/image\";i:9;s:11:\"core\/spacer\";i:10;s:30:\"woocommerce\/product-categories\";i:11;s:10:\"core\/image\";i:12;s:14:\"core\/shortcode\";}s:8:\"uag_flag\";b:1;s:11:\"uag_version\";s:10:\"1777236317\";s:6:\"gfonts\";a:0:{}s:10:\"gfonts_url\";s:0:\"\";s:12:\"gfonts_files\";a:0:{}s:14:\"uag_faq_layout\";b:0;}"]},"uagb_featured_image_src":{"full":["https:\/\/www.ferberpainting.com\/wp-content\/uploads\/2025\/05\/Wood-Stove-Chimney-and-Fireplace-Glass-Cleaner-5L-Mockup-.png",2560,2560,false],"thumbnail":["https:\/\/www.ferberpainting.com\/wp-content\/uploads\/2025\/05\/Wood-Stove-Chimney-and-Fireplace-Glass-Cleaner-5L-Mockup--150x150.png",150,150,true],"medium":["https:\/\/www.ferberpainting.com\/wp-content\/uploads\/2025\/05\/Wood-Stove-Chimney-and-Fireplace-Glass-Cleaner-5L-Mockup--300x300.png",300,300,true],"medium_large":["https:\/\/www.ferberpainting.com\/wp-content\/uploads\/2025\/05\/Wood-Stove-Chimney-and-Fireplace-Glass-Cleaner-5L-Mockup--768x768.png",768,768,true],"large":["https:\/\/www.ferberpainting.com\/wp-content\/uploads\/2025\/05\/Wood-Stove-Chimney-and-Fireplace-Glass-Cleaner-5L-Mockup--1024x1024.png",1024,1024,true],"1536x1536":["https:\/\/www.ferberpainting.com\/wp-content\/uploads\/2025\/05\/Wood-Stove-Chimney-and-Fireplace-Glass-Cleaner-5L-Mockup--1536x1536.png",1536,1536,true],"2048x2048":["https:\/\/www.ferberpainting.com\/wp-content\/uploads\/2025\/05\/Wood-Stove-Chimney-and-Fireplace-Glass-Cleaner-5L-Mockup--2048x2048.png",2048,2048,true],"trp-custom-language-flag":["https:\/\/www.ferberpainting.com\/wp-content\/uploads\/2025\/05\/Wood-Stove-Chimney-and-Fireplace-Glass-Cleaner-5L-Mockup--12x12.png",12,12,true],"woocommerce_thumbnail":["https:\/\/www.ferberpainting.com\/wp-content\/uploads\/2025\/05\/Wood-Stove-Chimney-and-Fireplace-Glass-Cleaner-5L-Mockup--300x300.png",300,300,true],"woocommerce_single":["https:\/\/www.ferberpainting.com\/wp-content\/uploads\/2025\/05\/Wood-Stove-Chimney-and-Fireplace-Glass-Cleaner-5L-Mockup--600x600.png",600,600,true],"woocommerce_gallery_thumbnail":["https:\/\/www.ferberpainting.com\/wp-content\/uploads\/2025\/05\/Wood-Stove-Chimney-and-Fireplace-Glass-Cleaner-5L-Mockup--100x100.png",100,100,true]},"uagb_author_info":{"display_name":"admin","author_link":"https:\/\/www.ferberpainting.com\/ca-fr\/author\/"},"uagb_comment_info":12,"uagb_excerpt":"Removes stubborn soot, smoke residue, and burned-on stains with powerful precision. Our wood stove, chimney and fireplace glass cleaner is specially formulated to dissolve and lift heavy carbon deposits, black soot, tar buildup, and smoke film that accumulate on high-temperature glass surfaces. Over time, fireplace and stove glass becomes darkened and cloudy due to combustion&hellip;","_links":{"self":[{"href":"https:\/\/www.ferberpainting.com\/ca-fr\/wp-json\/wp\/v2\/product\/25678","targetHints":{"allow":["GET"]}}],"collection":[{"href":"https:\/\/www.ferberpainting.com\/ca-fr\/wp-json\/wp\/v2\/product"}],"about":[{"href":"https:\/\/www.ferberpainting.com\/ca-fr\/wp-json\/wp\/v2\/types\/product"}],"replies":[{"embeddable":true,"href":"https:\/\/www.ferberpainting.com\/ca-fr\/wp-json\/wp\/v2\/comments?post=25678"}],"version-history":[{"count":5,"href":"https:\/\/www.ferberpainting.com\/ca-fr\/wp-json\/wp\/v2\/product\/25678\/revisions"}],"predecessor-version":[{"id":169173,"href":"https:\/\/www.ferberpainting.com\/ca-fr\/wp-json\/wp\/v2\/product\/25678\/revisions\/169173"}],"wp:featuredmedia":[{"embeddable":true,"href":"https:\/\/www.ferberpainting.com\/ca-fr\/wp-json\/wp\/v2\/media\/35749"}],"wp:attachment":[{"href":"https:\/\/www.ferberpainting.com\/ca-fr\/wp-json\/wp\/v2\/media?parent=25678"}],"wp:term":[{"taxonomy":"product_brand","embeddable":true,"href":"https:\/\/www.ferberpainting.com\/ca-fr\/wp-json\/wp\/v2\/product_brand?post=25678"},{"taxonomy":"product_cat","embeddable":true,"href":"https:\/\/www.ferberpainting.com\/ca-fr\/wp-json\/wp\/v2\/product_cat?post=25678"},{"taxonomy":"product_tag","embeddable":true,"href":"https:\/\/www.ferberpainting.com\/ca-fr\/wp-json\/wp\/v2\/product_tag?post=25678"}],"curies":[{"name":"wp","href":"https:\/\/api.w.org\/{rel}","templated":true}]}}