{"id":25608,"date":"2025-06-30T19:05:09","date_gmt":"2025-06-30T17:05:09","guid":{"rendered":"https:\/\/www.ferberpainting.com\/?post_type=product&#038;p=25605"},"modified":"2026-02-16T13:59:27","modified_gmt":"2026-02-16T12:59:27","slug":"tv-computer-and-phone-screen-cleaner","status":"publish","type":"product","link":"https:\/\/www.ferberpainting.com\/ca-fr\/products\/tv-computer-and-phone-screen-cleaner\/","title":{"rendered":"Nettoyant pour \u00e9cran de t\u00e9l\u00e9vision, t\u00e9l\u00e9phone et d'ordinateur"},"content":{"rendered":"<p><strong><img decoding=\"async\" style=\"margin-right: 12px;\" src=\"https:\/\/www.ferberpainting.com\/wp-content\/uploads\/2026\/02\/Check.svg\" alt=\"\" width=\"18\" height=\"15\" \/>Efficacit\u00e9 optimale.<\/strong>\u00a0Ce nettoyant d'\u00e9cran pour t\u00e9l\u00e9viseurs, t\u00e9l\u00e9phones et ordinateurs est sp\u00e9cialement con\u00e7u pour \u00e9liminer efficacement les traces de doigts, la poussi\u00e8re, la graisse et les impuret\u00e9s qui s'accumulent sur les \u00e9crans. Gr\u00e2ce \u00e0 sa formule avanc\u00e9e, il dissout instantan\u00e9ment la salet\u00e9 sans laisser de traces ni de r\u00e9sidus, garantissant ainsi une clart\u00e9 et une luminosit\u00e9 optimales. Il redonne \u00e0 vos \u00e9crans leur \u00e9clat d'origine et am\u00e9liore le confort visuel en \u00e9liminant les interf\u00e9rences caus\u00e9es par la salet\u00e9.<\/p>\n<p><strong><img decoding=\"async\" style=\"margin-right: 12px;\" src=\"https:\/\/www.ferberpainting.com\/wp-content\/uploads\/2026\/02\/Check.svg\" alt=\"\" width=\"18\" height=\"15\" \/>Garantie de remboursement.<\/strong>\u00a0Nous avons pleinement confiance dans l'efficacit\u00e9 de notre nettoyant pour \u00e9cran. Si vous n'\u00eates pas enti\u00e8rement satisfait apr\u00e8s utilisation, vous pouvez pr\u00e9tendre \u00e0 un remboursement int\u00e9gral. Essayez notre produit sans risque et profitez d'un \u00e9cran toujours propre et sans traces, facilement et en toute fiabilit\u00e9.<\/p>\n<p><strong><img decoding=\"async\" style=\"margin-right: 12px;\" src=\"https:\/\/www.ferberpainting.com\/wp-content\/uploads\/2026\/02\/Check.svg\" alt=\"\" width=\"18\" height=\"15\" \/>Une polyvalence exceptionnelle.<\/strong>\u00a0Ce nettoyant ne se limite pas aux t\u00e9l\u00e9viseurs, aux t\u00e9l\u00e9phones ou aux \u00e9crans d'ordinateur ! Il est \u00e9galement id\u00e9al pour les tablettes, les smartwatches, les objectifs d'appareils photo, les lunettes, les tableaux de bord des voitures, les \u00e9crans tactiles des appareils \u00e9lectrom\u00e9nagers et le verre optique. Il fonctionne sur le verre, le plastique, l'acrylique et le polycarbonate, garantissant un nettoyage doux et efficace sans endommager les rev\u00eatements antireflets ou anti-traces de doigts.<\/p>\n<p><strong><img decoding=\"async\" style=\"margin-right: 12px;\" src=\"https:\/\/www.ferberpainting.com\/wp-content\/uploads\/2026\/02\/Check.svg\" alt=\"\" width=\"18\" height=\"15\" \/>Rentable.<\/strong>\u00a0Avec son contenant de 5 litres et sa formule ultra efficace, ce nettoyant offre un excellent rapport qualit\u00e9-prix. Une petite quantit\u00e9 suffit pour nettoyer des dizaines d'\u00e9crans sans gaspillage. En moyenne, un litre permet de nettoyer jusqu'\u00e0 500 \u00e9crans, ce qui en fait une solution durable et \u00e9conomique pour l'entretien des \u00e9crans \u00e0 la maison ou sur le lieu de travail.<\/p>\n<p><strong><img decoding=\"async\" style=\"margin-right: 12px;\" src=\"https:\/\/www.ferberpainting.com\/wp-content\/uploads\/2026\/02\/Check.svg\" alt=\"\" width=\"18\" height=\"15\" \/>Utilisation s\u00fbre.<\/strong>\u00a0Contrairement aux nettoyants \u00e0 base d'alcool ou de solvants, ce produit est compos\u00e9 d'ingr\u00e9dients non corrosifs et non toxiques qui n'endommagent pas les rev\u00eatements. Il n'\u00e9met pas de fum\u00e9es toxiques, n'irrite pas la peau et est sans danger pour les surfaces sensibles. Son pH \u00e9quilibr\u00e9 garantit un nettoyage en douceur qui respecte les mat\u00e9riaux des \u00e9crans, m\u00eame les plus d\u00e9licats.<\/p>\n<p><strong><img decoding=\"async\" style=\"margin-right: 12px;\" src=\"https:\/\/www.ferberpainting.com\/wp-content\/uploads\/2026\/02\/Check.svg\" alt=\"\" width=\"18\" height=\"15\" \/>Facilit\u00e9 d'utilisation.<\/strong> Ce nettoyant est pr\u00eat \u00e0 l'emploi et ne n\u00e9cessite aucune dilution ou installation complexe. Il suffit de l'appliquer sur un chiffon en microfibre et d'essuyer l'\u00e9cran. Aucun rin\u00e7age n'est n\u00e9cessaire, il s\u00e8che rapidement sans laisser de traces, laissant votre \u00e9cran instantan\u00e9ment propre et pr\u00eat \u00e0 l'emploi.<\/p>\n<p><strong><img decoding=\"async\" style=\"margin-right: 12px;\" src=\"https:\/\/www.ferberpainting.com\/wp-content\/uploads\/2026\/02\/Check.svg\" alt=\"\" width=\"18\" height=\"15\" \/>Durabilit\u00e9 accrue.<\/strong>\u00a0En \u00e9liminant r\u00e9guli\u00e8rement la salet\u00e9 et la graisse, ce nettoyant prolonge la dur\u00e9e de vie de vos \u00e9crans. Il pr\u00e9vient les rayures et les dommages caus\u00e9s par l'accumulation de substances collantes. Un entretien r\u00e9gulier permet \u00e0 vos \u00e9crans de rester propres, fonctionnels et d'avoir l'air neuf pendant des ann\u00e9es.<\/p>\n<p><strong><img decoding=\"async\" style=\"margin-right: 12px;\" src=\"https:\/\/www.ferberpainting.com\/wp-content\/uploads\/2026\/02\/Check.svg\" alt=\"\" width=\"18\" height=\"15\" \/>Action rapide.<\/strong>\u00a0Gr\u00e2ce \u00e0 sa formule hautement r\u00e9active, ce nettoyant agit instantan\u00e9ment sur les taches et la salet\u00e9. En quelques secondes, il dissout les impuret\u00e9s et permet de les \u00e9liminer facilement sans frotter. Son s\u00e9chage rapide le rend id\u00e9al pour un entretien rapide et efficace de tous les \u00e9crans.<\/p>\n<h2><strong>Instructions d'utilisation<\/strong><\/h2>\n<ul>\n<li><strong>Pr\u00e9paration <\/strong>: Assurez-vous que l'\u00e9cran est \u00e9teint et qu'il n'y a pas de poussi\u00e8re \u00e9paisse ou de particules qui pourraient le rayer pendant le nettoyage.<\/li>\n<li><strong>Application manuelle <\/strong>: Versez une petite quantit\u00e9 de nettoyant sur un chiffon en microfibres propre. Ne jamais vaporiser directement sur l'\u00e9cran afin d'\u00e9viter toute infiltration de liquide dans les composants \u00e9lectroniques.<\/li>\n<li><strong>Nettoyage <\/strong>: Essuyez d\u00e9licatement l'\u00e9cran avec le chiffon humide en effectuant des mouvements circulaires pour \u00e9liminer les empreintes digitales et la salet\u00e9 sans exercer une pression excessive.<\/li>\n<li><strong>Finition <\/strong>: Essuyez \u00e0 nouveau avec un chiffon en microfibres sec pour garantir un r\u00e9sultat sans traces et sans taches.<\/li>\n<li><strong>Utilisation sur les objectifs d'appareils photo et le verre optique <\/strong>: Appliquer le produit sur un chiffon en microfibre et nettoyer d\u00e9licatement la surface en exer\u00e7ant une l\u00e9g\u00e8re pression pour \u00e9viter d'endommager les rev\u00eatements.<\/li>\n<li><strong>Fr\u00e9quence d'utilisation <\/strong>: Nettoyez les \u00e9crans d\u00e8s l'apparition de taches ou de poussi\u00e8res visibles. Pour un entretien pr\u00e9ventif, nettoyez-les une ou deux fois par semaine afin de maintenir une clart\u00e9 optimale et d'\u00e9viter les accumulations.<\/li>\n<li><strong>Stockage <\/strong>: Refermer herm\u00e9tiquement le r\u00e9cipient apr\u00e8s chaque utilisation et le conserver dans un endroit frais et sec, \u00e0 l'abri de la lumi\u00e8re et des temp\u00e9ratures extr\u00eames, afin de pr\u00e9server l'efficacit\u00e9 du produit \u00e0 long terme.<\/li>\n<\/ul>\n<p>Avec notre nettoyant pour \u00e9cran de t\u00e9l\u00e9vision, de t\u00e9l\u00e9phone et d'ordinateur, profitez chaque jour d'un affichage cristallin tout en prot\u00e9geant vos appareils \u00e9lectroniques. Une solution efficace, rapide et s\u00fbre pour des images parfaites \u00e0 la maison ou au travail.<\/p>","protected":false},"excerpt":{"rendered":"<p>Optimal Effectiveness.\u00a0This screen cleaner for TVs, phones and computers is specially designed to effectively remove fingerprints, dust, grease, and impurities that build up on screens. Thanks to its advanced formula, it instantly dissolves dirt without leaving streaks or residue, ensuring clarity and optimal brightness. It restores your screens\u2019 original shine and enhances visual comfort by [&hellip;]<\/p>\n","protected":false},"featured_media":35835,"comment_status":"open","ping_status":"closed","template":"","meta":{"_uag_custom_page_level_css":"","site-sidebar-layout":"default","site-content-layout":"","ast-site-content-layout":"default","site-content-style":"default","site-sidebar-style":"default","ast-global-header-display":"","ast-banner-title-visibility":"","ast-main-header-display":"","ast-hfb-above-header-display":"","ast-hfb-below-header-display":"","ast-hfb-mobile-header-display":"","site-post-title":"","ast-breadcrumbs-content":"","ast-featured-img":"","footer-sml-layout":"","ast-disable-related-posts":"","theme-transparent-header-meta":"default","adv-header-id-meta":"","stick-header-meta":"","header-above-stick-meta":"","header-main-stick-meta":"","header-below-stick-meta":"","astra-migrate-meta-layouts":"set","ast-page-background-enabled":"default","ast-page-background-meta":{"desktop":{"background-color":"var(--ast-global-color-4)","background-image":"","background-repeat":"repeat","background-position":"center center","background-size":"auto","background-attachment":"scroll","background-type":"","background-media":"","overlay-type":"","overlay-color":"","overlay-opacity":"","overlay-gradient":""},"tablet":{"background-color":"","background-image":"","background-repeat":"repeat","background-position":"center center","background-size":"auto","background-attachment":"scroll","background-type":"","background-media":"","overlay-type":"","overlay-color":"","overlay-opacity":"","overlay-gradient":""},"mobile":{"background-color":"","background-image":"","background-repeat":"repeat","background-position":"center center","background-size":"auto","background-attachment":"scroll","background-type":"","background-media":"","overlay-type":"","overlay-color":"","overlay-opacity":"","overlay-gradient":""}},"ast-content-background-meta":{"desktop":{"background-color":"var(--ast-global-color-5)","background-image":"","background-repeat":"repeat","background-position":"center center","background-size":"auto","background-attachment":"scroll","background-type":"","background-media":"","overlay-type":"","overlay-color":"","overlay-opacity":"","overlay-gradient":""},"tablet":{"background-color":"var(--ast-global-color-5)","background-image":"","background-repeat":"repeat","background-position":"center center","background-size":"auto","background-attachment":"scroll","background-type":"","background-media":"","overlay-type":"","overlay-color":"","overlay-opacity":"","overlay-gradient":""},"mobile":{"background-color":"var(--ast-global-color-5)","background-image":"","background-repeat":"repeat","background-position":"center center","background-size":"auto","background-attachment":"scroll","background-type":"","background-media":"","overlay-type":"","overlay-color":"","overlay-opacity":"","overlay-gradient":""}}},"product_brand":[],"product_cat":[175],"product_tag":[],"class_list":{"0":"post-25608","1":"product","2":"type-product","3":"status-publish","4":"has-post-thumbnail","6":"product_cat-cleaning-products","7":"desktop-align-left","8":"tablet-align-left","9":"mobile-align-left","11":"first","12":"instock","13":"sale","14":"shipping-taxable","15":"purchasable","16":"product-type-variable","17":"has-default-attributes"},"spectra_custom_meta":{"_visibility":["visible"],"_shopify_product_id":["9102390755573"],"_s2w_shopify_domain":["ferberpainting.myshopify.com"],"_shopify_variant_id":["46616188879093"],"_sku":[""],"_manage_stock":["no"],"total_sales":["2"],"_tax_status":["taxable"],"_tax_class":[""],"_backorders":["no"],"_sold_individually":["no"],"_virtual":["no"],"_downloadable":["no"],"_download_limit":["-1"],"_download_expiry":["-1"],"_stock":[null],"_stock_status":["instock"],"_wc_average_rating":["5.00"],"_wc_review_count":["10"],"_product_attributes":["a:1:{s:6:\"volume\";a:6:{s:4:\"name\";s:6:\"Volume\";s:5:\"value\";s:20:\"5 liters | 25 liters\";s:8:\"position\";i:1;s:10:\"is_visible\";i:0;s:12:\"is_variation\";i:1;s:11:\"is_taxonomy\";i:0;}}"],"_product_version":["10.5.1"],"wpse_downloadable_file_names":[""],"wpse_downloadable_file_urls":[""],"_edit_last":["1"],"_edit_lock":["1771246641:1"],"_default_attributes":["a:1:{s:6:\"volume\";s:8:\"5 liters\";}"],"merchant-center-availability":["yes"],"merchant-center-category":["4973"],"_thumbnail_id":["35835"],"_wp_page_template":["default"],"_wp_old_date":["2025-05-26"],"_product_image_gallery":["35836"],"site-sidebar-layout":["default"],"ast-site-content-layout":["default"],"site-content-style":["default"],"site-sidebar-style":["default"],"theme-transparent-header-meta":["default"],"_price":["29.90","129.90"],"_wc_rating_count":["a:1:{i:5;i:10;}"],"astra-migrate-meta-layouts":["set"],"_uag_css_file_name":["uag-css-25608.css"],"_elementor_page_assets":["a:0:{}"]},"uagb_featured_image_src":{"full":["https:\/\/www.ferberpainting.com\/wp-content\/uploads\/2025\/05\/TV-Computer-and-Phone-Screen-Cleaner-5L.png",2560,2560,false],"thumbnail":["https:\/\/www.ferberpainting.com\/wp-content\/uploads\/2025\/05\/TV-Computer-and-Phone-Screen-Cleaner-5L-150x150.png",150,150,true],"medium":["https:\/\/www.ferberpainting.com\/wp-content\/uploads\/2025\/05\/TV-Computer-and-Phone-Screen-Cleaner-5L-300x300.png",300,300,true],"medium_large":["https:\/\/www.ferberpainting.com\/wp-content\/uploads\/2025\/05\/TV-Computer-and-Phone-Screen-Cleaner-5L-768x768.png",768,768,true],"large":["https:\/\/www.ferberpainting.com\/wp-content\/uploads\/2025\/05\/TV-Computer-and-Phone-Screen-Cleaner-5L-1024x1024.png",1024,1024,true],"1536x1536":["https:\/\/www.ferberpainting.com\/wp-content\/uploads\/2025\/05\/TV-Computer-and-Phone-Screen-Cleaner-5L-1536x1536.png",1536,1536,true],"2048x2048":["https:\/\/www.ferberpainting.com\/wp-content\/uploads\/2025\/05\/TV-Computer-and-Phone-Screen-Cleaner-5L-2048x2048.png",2048,2048,true],"trp-custom-language-flag":["https:\/\/www.ferberpainting.com\/wp-content\/uploads\/2025\/05\/TV-Computer-and-Phone-Screen-Cleaner-5L-12x12.png",12,12,true],"woocommerce_thumbnail":["https:\/\/www.ferberpainting.com\/wp-content\/uploads\/2025\/05\/TV-Computer-and-Phone-Screen-Cleaner-5L-300x300.png",300,300,true],"woocommerce_single":["https:\/\/www.ferberpainting.com\/wp-content\/uploads\/2025\/05\/TV-Computer-and-Phone-Screen-Cleaner-5L-600x600.png",600,600,true],"woocommerce_gallery_thumbnail":["https:\/\/www.ferberpainting.com\/wp-content\/uploads\/2025\/05\/TV-Computer-and-Phone-Screen-Cleaner-5L-100x100.png",100,100,true]},"uagb_author_info":{"display_name":"admin","author_link":"https:\/\/www.ferberpainting.com\/ca-fr\/author\/"},"uagb_comment_info":10,"uagb_excerpt":"Optimal Effectiveness.\u00a0This screen cleaner for TVs, phones and computers is specially designed to effectively remove fingerprints, dust, grease, and impurities that build up on screens. Thanks to its advanced formula, it instantly dissolves dirt without leaving streaks or residue, ensuring clarity and optimal brightness. It restores your screens\u2019 original shine and enhances visual comfort by&hellip;","_links":{"self":[{"href":"https:\/\/www.ferberpainting.com\/ca-fr\/wp-json\/wp\/v2\/product\/25608","targetHints":{"allow":["GET"]}}],"collection":[{"href":"https:\/\/www.ferberpainting.com\/ca-fr\/wp-json\/wp\/v2\/product"}],"about":[{"href":"https:\/\/www.ferberpainting.com\/ca-fr\/wp-json\/wp\/v2\/types\/product"}],"replies":[{"embeddable":true,"href":"https:\/\/www.ferberpainting.com\/ca-fr\/wp-json\/wp\/v2\/comments?post=25608"}],"version-history":[{"count":4,"href":"https:\/\/www.ferberpainting.com\/ca-fr\/wp-json\/wp\/v2\/product\/25608\/revisions"}],"predecessor-version":[{"id":167503,"href":"https:\/\/www.ferberpainting.com\/ca-fr\/wp-json\/wp\/v2\/product\/25608\/revisions\/167503"}],"wp:featuredmedia":[{"embeddable":true,"href":"https:\/\/www.ferberpainting.com\/ca-fr\/wp-json\/wp\/v2\/media\/35835"}],"wp:attachment":[{"href":"https:\/\/www.ferberpainting.com\/ca-fr\/wp-json\/wp\/v2\/media?parent=25608"}],"wp:term":[{"taxonomy":"product_brand","embeddable":true,"href":"https:\/\/www.ferberpainting.com\/ca-fr\/wp-json\/wp\/v2\/product_brand?post=25608"},{"taxonomy":"product_cat","embeddable":true,"href":"https:\/\/www.ferberpainting.com\/ca-fr\/wp-json\/wp\/v2\/product_cat?post=25608"},{"taxonomy":"product_tag","embeddable":true,"href":"https:\/\/www.ferberpainting.com\/ca-fr\/wp-json\/wp\/v2\/product_tag?post=25608"}],"curies":[{"name":"wp","href":"https:\/\/api.w.org\/{rel}","templated":true}]}}