{"id":25057,"date":"2025-05-26T10:29:03","date_gmt":"2025-05-26T08:29:03","guid":{"rendered":"https:\/\/www.ferberpainting.com\/products\/roof-defoamer\/"},"modified":"2026-02-16T08:18:54","modified_gmt":"2026-02-16T07:18:54","slug":"roof-defoamer","status":"publish","type":"product","link":"https:\/\/www.ferberpainting.com\/ca-fr\/products\/roof-defoamer\/","title":{"rendered":"Anti-mousse toiture"},"content":{"rendered":"<p><strong><img decoding=\"async\" style=\"margin-right: 12px;\" src=\"https:\/\/www.ferberpainting.com\/wp-content\/uploads\/2026\/02\/Check.svg\" alt=\"\" width=\"18\" height=\"15\" \/>Action anti-mousse puissante pour un nettoyage en profondeur des toits.<\/strong> Notre antimousse pour toitures est sp\u00e9cialement formul\u00e9 pour \u00e9liminer l'accumulation de mousse pendant les op\u00e9rations de nettoyage des toitures, assurant ainsi un traitement en douceur, contr\u00f4l\u00e9 et efficace des surfaces de toiture. Il am\u00e9liore les performances de nettoyage en neutralisant la mousse excessive caus\u00e9e par les d\u00e9tergents, les r\u00e9sidus organiques ou les agents de nettoyage pr\u00e9c\u00e9dents.<\/p>\n<p><strong><img decoding=\"async\" style=\"margin-right: 12px;\" src=\"https:\/\/www.ferberpainting.com\/wp-content\/uploads\/2026\/02\/Check.svg\" alt=\"\" width=\"18\" height=\"15\" \/>Le d\u00e9moussage de toiture le plus efficace du march\u00e9.<\/strong> Con\u00e7u avec une technologie avanc\u00e9e de contr\u00f4le de la mousse, ce produit d\u00e9compose rapidement la mousse de surface, permettant aux solutions de nettoyage d'agir directement sur la mousse, les algues et la salet\u00e9 sans obstruction. Il am\u00e9liore la p\u00e9n\u00e9tration et maximise l'efficacit\u00e9 globale du nettoyage.<\/p>\n<p><strong><img decoding=\"async\" style=\"margin-right: 12px;\" src=\"https:\/\/www.ferberpainting.com\/wp-content\/uploads\/2026\/02\/Check.svg\" alt=\"\" width=\"18\" height=\"15\" \/>Prix imbattable.<\/strong> Nous offrons un d\u00e9moussage de toiture de qualit\u00e9 professionnelle au prix le plus comp\u00e9titif qui soit. Que ce soit pour les entrepreneurs ou les propri\u00e9taires, vous b\u00e9n\u00e9ficiez d'une efficacit\u00e9 sup\u00e9rieure sans co\u00fbt excessif.<\/p>\n<p><strong><img decoding=\"async\" style=\"margin-right: 12px;\" src=\"https:\/\/www.ferberpainting.com\/wp-content\/uploads\/2026\/02\/Check.svg\" alt=\"\" width=\"18\" height=\"15\" \/>Garantie de remboursement pour une confiance totale.<\/strong> Nous nous portons garants des performances de notre d\u00e9mousseur de toiture. Si vous n'\u00eates pas enti\u00e8rement satisfait des r\u00e9sultats, nous vous offrons une garantie de remboursement. Il vous suffit de nous contacter et nous vous rembourserons votre achat.<\/p>\n<p><strong><img decoding=\"async\" style=\"margin-right: 12px;\" src=\"https:\/\/www.ferberpainting.com\/wp-content\/uploads\/2026\/02\/Check.svg\" alt=\"\" width=\"18\" height=\"15\" \/>Livraison rapide en 24 heures pour une maintenance ininterrompue.<\/strong> Nous assurons toujours une livraison en 24 heures afin que vous puissiez r\u00e9aliser vos projets de nettoyage ou de traitement de toiture sans d\u00e9lai.<\/p>\n<p><strong><img decoding=\"async\" style=\"margin-right: 12px;\" src=\"https:\/\/www.ferberpainting.com\/wp-content\/uploads\/2026\/02\/Check.svg\" alt=\"\" width=\"18\" height=\"15\" \/>Excellente couverture jusqu'\u00e0 10 m\u00b2 par litre.<\/strong> Un litre d'antimousse pour toiture traite jusqu'\u00e0 10 m\u00e8tres carr\u00e9s de surface, en fonction du niveau de formation de mousse et de l'intensit\u00e9 du nettoyage. Cette couverture optimis\u00e9e garantit une application efficace et une ma\u00eetrise des co\u00fbts.<\/p>\n<p><strong><img decoding=\"async\" style=\"margin-right: 12px;\" src=\"https:\/\/www.ferberpainting.com\/wp-content\/uploads\/2026\/02\/Check.svg\" alt=\"\" width=\"18\" height=\"15\" \/>Am\u00e9liore les performances de nettoyage des toits.<\/strong> En \u00e9liminant la mousse qui bloque la visibilit\u00e9 et r\u00e9duit le contact avec le produit, l'antimousse permet aux agents de nettoyage de rester en contact direct avec la mousse et les d\u00e9bris, ce qui am\u00e9liore les r\u00e9sultats globaux.<\/p>\n<p><strong><img decoding=\"async\" style=\"margin-right: 12px;\" src=\"https:\/\/www.ferberpainting.com\/wp-content\/uploads\/2026\/02\/Check.svg\" alt=\"\" width=\"18\" height=\"15\" \/>Compatible avec la plupart des solutions de nettoyage de toits.<\/strong> Notre antimousse fonctionne efficacement avec les produits et traitements de nettoyage de toiture courants, am\u00e9liorant leur efficacit\u00e9 sans interf\u00e9rer avec leurs composants actifs.<\/p>\n<p><strong><img decoding=\"async\" style=\"margin-right: 12px;\" src=\"https:\/\/www.ferberpainting.com\/wp-content\/uploads\/2026\/02\/Check.svg\" alt=\"\" width=\"18\" height=\"15\" \/>Convient \u00e0 divers mat\u00e9riaux de couverture.<\/strong> Il peut \u00eatre utilis\u00e9 sur les tuiles en terre cuite, les tuiles en b\u00e9ton, l'ardoise, le fibrociment et d'autres surfaces de toiture compatibles pendant les op\u00e9rations de nettoyage.<\/p>\n<p><strong><img decoding=\"async\" style=\"margin-right: 12px;\" src=\"https:\/\/www.ferberpainting.com\/wp-content\/uploads\/2026\/02\/Check.svg\" alt=\"\" width=\"18\" height=\"15\" \/>Application facile et contr\u00f4l\u00e9e.<\/strong> Le format liquide permet un dosage pr\u00e9cis et une distribution uniforme, ce qui convient aussi bien aux entrepreneurs professionnels qu'aux bricoleurs exp\u00e9riment\u00e9s.<\/p>\n<h2><strong>Instructions<\/strong><\/h2>\n<ul>\n<li>Inspecter le toit et identifier les zones o\u00f9 l'accumulation de mousse est excessive pendant les op\u00e9rations de nettoyage.<\/li>\n<li>Veiller \u00e0 ce que les conditions de travail soient s\u00fbres et porter les \u00e9quipements de protection appropri\u00e9s, notamment des gants, des lunettes de protection et des chaussures antid\u00e9rapantes.<\/li>\n<li>Agiter soigneusement le r\u00e9cipient avant utilisation pour assurer une r\u00e9partition uniforme des ingr\u00e9dients actifs.<\/li>\n<li>Appliquer l'antimousse directement sur les zones affect\u00e9es par la mousse \u00e0 l'aide d'un pulv\u00e9risateur, d'un arrosoir ou d'un pinceau.<\/li>\n<li>Respecter le taux de couverture recommand\u00e9 : 1 litre permet de nettoyer jusqu'\u00e0 10 m\u00b2. Cela correspond \u00e0 environ 100 ml par m\u00e8tre carr\u00e9. En cas de forte accumulation de mousse, une consommation l\u00e9g\u00e8rement sup\u00e9rieure peut \u00eatre n\u00e9cessaire.<\/li>\n<li>R\u00e9partir le produit uniform\u00e9ment sur la surface o\u00f9 se trouve la mousse, en veillant \u00e0 ce qu'il y ait un contact total.<\/li>\n<li>Laissez l'antimousse agir imm\u00e9diatement. La mousse devrait commencer \u00e0 s'effondrer rapidement, am\u00e9liorant la visibilit\u00e9 et permettant aux agents de nettoyage d'agir efficacement.<\/li>\n<li>Poursuivre le nettoyage du toit une fois que la mousse s'est dissip\u00e9e.<\/li>\n<li>Si la mousse persiste dans certaines zones, appliquer un traitement localis\u00e9 suppl\u00e9mentaire sans d\u00e9passer le taux de couverture total recommand\u00e9.<\/li>\n<li>\u00c9viter d'appliquer le produit en cas de forte pluie ou de vent fort afin de garantir une bonne performance.<\/li>\n<li>Ne pas appliquer sur des surfaces s\u00e8ches s'il n'y a pas de mousse, car le produit est sp\u00e9cialement con\u00e7u pour neutraliser la mousse.<\/li>\n<li>Une fois le nettoyage termin\u00e9, laissez le toit s\u00e9cher naturellement.<\/li>\n<li>Nettoyer soigneusement les outils d'application apr\u00e8s utilisation.<\/li>\n<li>Conserver le r\u00e9cipient bien ferm\u00e9 dans un endroit frais et sec, \u00e0 l'abri de la lumi\u00e8re directe du soleil et des temp\u00e9ratures extr\u00eames.<\/li>\n<li>Tenir hors de port\u00e9e des enfants et \u00e9viter tout contact direct avec la peau et les yeux.<\/li>\n<\/ul>\n<p>En respectant la couverture recommand\u00e9e de 10 m\u00b2 par litre et en appliquant le produit uniquement l\u00e0 o\u00f9 la formation de mousse g\u00eane le nettoyage, notre antimousse pour toiture garantit une meilleure efficacit\u00e9 de nettoyage, une meilleure performance du produit et des op\u00e9rations d'entretien de toiture plus s\u00fbres et mieux contr\u00f4l\u00e9es.<\/p>","protected":false},"excerpt":{"rendered":"<p>Powerful anti-foam action for deep roof cleaning. Our roof defoamer is specially formulated to eliminate foam buildup during roof cleaning operations, ensuring smooth, controlled, and efficient treatment of roofing surfaces. It enhances cleaning performance by neutralizing excessive foam caused by detergents, organic residues, or previous cleaning agents. The most effective roof defoamer on the market. [&hellip;]<\/p>\n","protected":false},"featured_media":26916,"comment_status":"open","ping_status":"closed","template":"","meta":{"_uag_custom_page_level_css":"","site-sidebar-layout":"default","site-content-layout":"","ast-site-content-layout":"default","site-content-style":"default","site-sidebar-style":"default","ast-global-header-display":"","ast-banner-title-visibility":"","ast-main-header-display":"","ast-hfb-above-header-display":"","ast-hfb-below-header-display":"","ast-hfb-mobile-header-display":"","site-post-title":"","ast-breadcrumbs-content":"","ast-featured-img":"","footer-sml-layout":"","ast-disable-related-posts":"","theme-transparent-header-meta":"default","adv-header-id-meta":"","stick-header-meta":"","header-above-stick-meta":"","header-main-stick-meta":"","header-below-stick-meta":"","astra-migrate-meta-layouts":"set","ast-page-background-enabled":"default","ast-page-background-meta":{"desktop":{"background-color":"var(--ast-global-color-4)","background-image":"","background-repeat":"repeat","background-position":"center center","background-size":"auto","background-attachment":"scroll","background-type":"","background-media":"","overlay-type":"","overlay-color":"","overlay-opacity":"","overlay-gradient":""},"tablet":{"background-color":"","background-image":"","background-repeat":"repeat","background-position":"center center","background-size":"auto","background-attachment":"scroll","background-type":"","background-media":"","overlay-type":"","overlay-color":"","overlay-opacity":"","overlay-gradient":""},"mobile":{"background-color":"","background-image":"","background-repeat":"repeat","background-position":"center center","background-size":"auto","background-attachment":"scroll","background-type":"","background-media":"","overlay-type":"","overlay-color":"","overlay-opacity":"","overlay-gradient":""}},"ast-content-background-meta":{"desktop":{"background-color":"var(--ast-global-color-5)","background-image":"","background-repeat":"repeat","background-position":"center center","background-size":"auto","background-attachment":"scroll","background-type":"","background-media":"","overlay-type":"","overlay-color":"","overlay-opacity":"","overlay-gradient":""},"tablet":{"background-color":"var(--ast-global-color-5)","background-image":"","background-repeat":"repeat","background-position":"center center","background-size":"auto","background-attachment":"scroll","background-type":"","background-media":"","overlay-type":"","overlay-color":"","overlay-opacity":"","overlay-gradient":""},"mobile":{"background-color":"var(--ast-global-color-5)","background-image":"","background-repeat":"repeat","background-position":"center center","background-size":"auto","background-attachment":"scroll","background-type":"","background-media":"","overlay-type":"","overlay-color":"","overlay-opacity":"","overlay-gradient":""}}},"product_brand":[],"product_cat":[175,187],"product_tag":[],"class_list":{"0":"post-25057","1":"product","2":"type-product","3":"status-publish","4":"has-post-thumbnail","6":"product_cat-cleaning-products","7":"product_cat-roofing","8":"desktop-align-left","9":"tablet-align-left","10":"mobile-align-left","12":"first","13":"instock","14":"sale","15":"shipping-taxable","16":"purchasable","17":"product-type-variable","18":"has-default-attributes"},"spectra_custom_meta":{"_visibility":["visible"],"_shopify_product_id":["8051366068469"],"_s2w_shopify_domain":["ferberpainting.myshopify.com"],"_shopify_variant_id":["43849071231221"],"_manage_stock":["no"],"total_sales":["23"],"_tax_status":["taxable"],"_tax_class":[""],"_backorders":["no"],"_sold_individually":["no"],"_virtual":["no"],"_downloadable":["no"],"_download_limit":["-1"],"_download_expiry":["-1"],"_stock":[null],"_stock_status":["instock"],"_wc_average_rating":["4.97"],"_wc_review_count":["70"],"_product_attributes":["a:1:{s:6:\"volume\";a:6:{s:4:\"name\";s:6:\"Volume\";s:5:\"value\";s:20:\"5 liters | 25 liters\";s:8:\"position\";i:1;s:10:\"is_visible\";i:0;s:12:\"is_variation\";i:1;s:11:\"is_taxonomy\";i:0;}}"],"_product_version":["10.5.1"],"_thumbnail_id":["26916"],"_product_image_gallery":["26917"],"_edit_lock":["1771226196:1"],"_default_attributes":["a:1:{s:6:\"volume\";s:8:\"5 liters\";}"],"merchant-center-availability":["yes"],"merchant-center-category":["123"],"merchant-center-id":["AMT5L"],"_edit_last":["1"],"_wp_page_template":["default"],"site-sidebar-layout":["default"],"ast-site-content-layout":["default"],"site-content-style":["default"],"site-sidebar-style":["default"],"theme-transparent-header-meta":["default"],"_price":["29.90","129.90"],"_wc_rating_count":["a:2:{i:4;i:2;i:5;i:68;}"],"astra-migrate-meta-layouts":["set"],"_uag_css_file_name":["uag-css-25057.css"],"_elementor_page_assets":["a:0:{}"],"_uag_page_assets":["a:9:{s:3:\"css\";s:7133:\".uag-blocks-common-selector{z-index:var(--z-index-desktop) !important}@media(max-width: 976px){.uag-blocks-common-selector{z-index:var(--z-index-tablet) !important}}@media(max-width: 767px){.uag-blocks-common-selector{z-index:var(--z-index-mobile) !important}}.wp-block-uagb-image{display:flex}.wp-block-uagb-image__figure{position:relative;display:flex;flex-direction:column;max-width:100%;height:auto;margin:0}.wp-block-uagb-image__figure img{height:auto;display:flex;max-width:100%;transition:box-shadow .2s ease}.wp-block-uagb-image__figure>a{display:inline-block}.wp-block-uagb-image__figure figcaption{text-align:center;margin-top:.5em;margin-bottom:1em}.wp-block-uagb-image .components-placeholder.block-editor-media-placeholder .components-placeholder__instructions{align-self:center}.wp-block-uagb-image--align-left{text-align:left}.wp-block-uagb-image--align-right{text-align:right}.wp-block-uagb-image--align-center{text-align:center}.wp-block-uagb-image--align-full .wp-block-uagb-image__figure{margin-left:calc(50% - 50vw);margin-right:calc(50% - 50vw);max-width:100vw;width:100vw;height:auto}.wp-block-uagb-image--align-full .wp-block-uagb-image__figure img{height:auto;width:100% !important}.wp-block-uagb-image--align-wide .wp-block-uagb-image__figure img{height:auto;width:100%}.wp-block-uagb-image--layout-overlay__color-wrapper{position:absolute;left:0;top:0;right:0;bottom:0;opacity:.2;background:rgba(0,0,0,.5);transition:opacity .35s ease-in-out}.wp-block-uagb-image--layout-overlay-link{position:absolute;left:0;right:0;bottom:0;top:0}.wp-block-uagb-image--layout-overlay .wp-block-uagb-image__figure:hover .wp-block-uagb-image--layout-overlay__color-wrapper{opacity:1}.wp-block-uagb-image--layout-overlay__inner{position:absolute;left:15px;right:15px;bottom:15px;top:15px;display:flex;align-items:center;justify-content:center;flex-direction:column;border-color:#fff;transition:.35s ease-in-out}.wp-block-uagb-image--layout-overlay__inner.top-left,.wp-block-uagb-image--layout-overlay__inner.top-center,.wp-block-uagb-image--layout-overlay__inner.top-right{justify-content:flex-start}.wp-block-uagb-image--layout-overlay__inner.bottom-left,.wp-block-uagb-image--layout-overlay__inner.bottom-center,.wp-block-uagb-image--layout-overlay__inner.bottom-right{justify-content:flex-end}.wp-block-uagb-image--layout-overlay__inner.top-left,.wp-block-uagb-image--layout-overlay__inner.center-left,.wp-block-uagb-image--layout-overlay__inner.bottom-left{align-items:flex-start}.wp-block-uagb-image--layout-overlay__inner.top-right,.wp-block-uagb-image--layout-overlay__inner.center-right,.wp-block-uagb-image--layout-overlay__inner.bottom-right{align-items:flex-end}.wp-block-uagb-image--layout-overlay__inner .uagb-image-heading{color:#fff;transition:transform .35s,opacity .35s ease-in-out;transform:translate3d(0, 24px, 0);margin:0;line-height:1em}.wp-block-uagb-image--layout-overlay__inner .uagb-image-separator{width:30%;border-top-width:2px;border-top-color:#fff;border-top-style:solid;margin-bottom:10px;opacity:0;transition:transform .4s,opacity .4s ease-in-out;transform:translate3d(0, 30px, 0)}.wp-block-uagb-image--layout-overlay__inner .uagb-image-caption{opacity:0;overflow:visible;color:#fff;transition:transform .45s,opacity .45s ease-in-out;transform:translate3d(0, 35px, 0)}.wp-block-uagb-image--layout-overlay__inner:hover .uagb-image-heading,.wp-block-uagb-image--layout-overlay__inner:hover .uagb-image-separator,.wp-block-uagb-image--layout-overlay__inner:hover .uagb-image-caption{opacity:1;transform:translate3d(0, 0, 0)}.wp-block-uagb-image--effect-zoomin .wp-block-uagb-image__figure img,.wp-block-uagb-image--effect-zoomin .wp-block-uagb-image__figure .wp-block-uagb-image--layout-overlay__color-wrapper{transform:scale(1);transition:transform .35s ease-in-out}.wp-block-uagb-image--effect-zoomin .wp-block-uagb-image__figure:hover img,.wp-block-uagb-image--effect-zoomin .wp-block-uagb-image__figure:hover .wp-block-uagb-image--layout-overlay__color-wrapper{transform:scale(1.05)}.wp-block-uagb-image--effect-slide .wp-block-uagb-image__figure img,.wp-block-uagb-image--effect-slide .wp-block-uagb-image__figure .wp-block-uagb-image--layout-overlay__color-wrapper{width:calc(100% + 40px) !important;max-width:none !important;transform:translate3d(-40px, 0, 0);transition:transform .35s ease-in-out}.wp-block-uagb-image--effect-slide .wp-block-uagb-image__figure:hover img,.wp-block-uagb-image--effect-slide .wp-block-uagb-image__figure:hover .wp-block-uagb-image--layout-overlay__color-wrapper{transform:translate3d(0, 0, 0)}.wp-block-uagb-image--effect-grayscale img{filter:grayscale(0%);transition:.35s ease-in-out}.wp-block-uagb-image--effect-grayscale:hover img{filter:grayscale(100%)}.wp-block-uagb-image--effect-blur img{filter:blur(0);transition:.35s ease-in-out}.wp-block-uagb-image--effect-blur:hover img{filter:blur(3px)}.uagb-block-e6f939b3.wp-block-uagb-image--layout-default figure img{box-shadow: 0px 0px 0 #00000070;}.uagb-block-e6f939b3.wp-block-uagb-image .wp-block-uagb-image__figure figcaption{font-style: normal;align-self: center;}.uagb-block-e6f939b3.wp-block-uagb-image--layout-overlay figure img{box-shadow: 0px 0px 0 #00000070;}.uagb-block-e6f939b3.wp-block-uagb-image--layout-overlay .wp-block-uagb-image--layout-overlay__color-wrapper{opacity: 0.2;}.uagb-block-e6f939b3.wp-block-uagb-image--layout-overlay .wp-block-uagb-image--layout-overlay__inner{left: 15px;right: 15px;top: 15px;bottom: 15px;}.uagb-block-e6f939b3.wp-block-uagb-image--layout-overlay .wp-block-uagb-image--layout-overlay__inner .uagb-image-heading{font-style: normal;color: #fff;opacity: 1;}.uagb-block-e6f939b3.wp-block-uagb-image--layout-overlay .wp-block-uagb-image--layout-overlay__inner .uagb-image-heading a{color: #fff;}.uagb-block-e6f939b3.wp-block-uagb-image--layout-overlay .wp-block-uagb-image--layout-overlay__inner .uagb-image-caption{opacity: 0;}.uagb-block-e6f939b3.wp-block-uagb-image--layout-overlay .wp-block-uagb-image__figure:hover .wp-block-uagb-image--layout-overlay__color-wrapper{opacity: 1;}.uagb-block-e6f939b3.wp-block-uagb-image .wp-block-uagb-image--layout-overlay__inner .uagb-image-separator{width: 30%;border-top-width: 2px;border-top-color: #fff;opacity: 0;}.uagb-block-e6f939b3.wp-block-uagb-image .wp-block-uagb-image__figure img{width: px;height: auto;}.uagb-block-e6f939b3.wp-block-uagb-image .wp-block-uagb-image__figure:hover .wp-block-uagb-image--layout-overlay__inner .uagb-image-caption{opacity: 1;}.uagb-block-e6f939b3.wp-block-uagb-image .wp-block-uagb-image__figure:hover .wp-block-uagb-image--layout-overlay__inner .uagb-image-separator{opacity: 1;}.uagb-block-e6f939b3.wp-block-uagb-image--layout-default figure:hover img{box-shadow: 0px 0px 0 #00000070;}.uagb-block-e6f939b3.wp-block-uagb-image--layout-overlay figure:hover img{box-shadow: 0px 0px 0 #00000070;}@media only screen and (max-width: 976px) {.uagb-block-e6f939b3.wp-block-uagb-image .wp-block-uagb-image__figure img{width: px;height: auto;}}@media only screen and (max-width: 767px) {.uagb-block-e6f939b3.wp-block-uagb-image .wp-block-uagb-image__figure img{width: px;height: auto;}}\";s:2:\"js\";s:0:\"\";s:18:\"current_block_list\";a:13:{i:0;s:11:\"core\/search\";i:1;s:10:\"core\/group\";i:2;s:12:\"core\/heading\";i:3;s:17:\"core\/latest-posts\";i:4;s:20:\"core\/latest-comments\";i:5;s:13:\"core\/archives\";i:6;s:15:\"core\/categories\";i:7;s:14:\"core\/paragraph\";i:8;s:10:\"uagb\/image\";i:9;s:11:\"core\/spacer\";i:10;s:30:\"woocommerce\/product-categories\";i:11;s:10:\"core\/image\";i:12;s:14:\"core\/shortcode\";}s:8:\"uag_flag\";b:1;s:11:\"uag_version\";s:10:\"1777037318\";s:6:\"gfonts\";a:0:{}s:10:\"gfonts_url\";s:0:\"\";s:12:\"gfonts_files\";a:0:{}s:14:\"uag_faq_layout\";b:0;}"]},"uagb_featured_image_src":{"full":["https:\/\/www.ferberpainting.com\/wp-content\/uploads\/2025\/05\/Roof_Defoamer_5L.jpg",2560,2560,false],"thumbnail":["https:\/\/www.ferberpainting.com\/wp-content\/uploads\/2025\/05\/Roof_Defoamer_5L-150x150.jpg",150,150,true],"medium":["https:\/\/www.ferberpainting.com\/wp-content\/uploads\/2025\/05\/Roof_Defoamer_5L-300x300.jpg",300,300,true],"medium_large":["https:\/\/www.ferberpainting.com\/wp-content\/uploads\/2025\/05\/Roof_Defoamer_5L-768x768.jpg",768,768,true],"large":["https:\/\/www.ferberpainting.com\/wp-content\/uploads\/2025\/05\/Roof_Defoamer_5L-1024x1024.jpg",1024,1024,true],"1536x1536":["https:\/\/www.ferberpainting.com\/wp-content\/uploads\/2025\/05\/Roof_Defoamer_5L-1536x1536.jpg",1536,1536,true],"2048x2048":["https:\/\/www.ferberpainting.com\/wp-content\/uploads\/2025\/05\/Roof_Defoamer_5L-2048x2048.jpg",2048,2048,true],"trp-custom-language-flag":["https:\/\/www.ferberpainting.com\/wp-content\/uploads\/2025\/05\/Roof_Defoamer_5L-12x12.jpg",12,12,true],"woocommerce_thumbnail":["https:\/\/www.ferberpainting.com\/wp-content\/uploads\/2025\/05\/Roof_Defoamer_5L-300x300.jpg",300,300,true],"woocommerce_single":["https:\/\/www.ferberpainting.com\/wp-content\/uploads\/2025\/05\/Roof_Defoamer_5L-600x600.jpg",600,600,true],"woocommerce_gallery_thumbnail":["https:\/\/www.ferberpainting.com\/wp-content\/uploads\/2025\/05\/Roof_Defoamer_5L-100x100.jpg",100,100,true]},"uagb_author_info":{"display_name":"admin","author_link":"https:\/\/www.ferberpainting.com\/ca-fr\/author\/"},"uagb_comment_info":70,"uagb_excerpt":"Powerful anti-foam action for deep roof cleaning. Our roof defoamer is specially formulated to eliminate foam buildup during roof cleaning operations, ensuring smooth, controlled, and efficient treatment of roofing surfaces. It enhances cleaning performance by neutralizing excessive foam caused by detergents, organic residues, or previous cleaning agents. The most effective roof defoamer on the market.&hellip;","_links":{"self":[{"href":"https:\/\/www.ferberpainting.com\/ca-fr\/wp-json\/wp\/v2\/product\/25057","targetHints":{"allow":["GET"]}}],"collection":[{"href":"https:\/\/www.ferberpainting.com\/ca-fr\/wp-json\/wp\/v2\/product"}],"about":[{"href":"https:\/\/www.ferberpainting.com\/ca-fr\/wp-json\/wp\/v2\/types\/product"}],"replies":[{"embeddable":true,"href":"https:\/\/www.ferberpainting.com\/ca-fr\/wp-json\/wp\/v2\/comments?post=25057"}],"version-history":[{"count":3,"href":"https:\/\/www.ferberpainting.com\/ca-fr\/wp-json\/wp\/v2\/product\/25057\/revisions"}],"predecessor-version":[{"id":167101,"href":"https:\/\/www.ferberpainting.com\/ca-fr\/wp-json\/wp\/v2\/product\/25057\/revisions\/167101"}],"wp:featuredmedia":[{"embeddable":true,"href":"https:\/\/www.ferberpainting.com\/ca-fr\/wp-json\/wp\/v2\/media\/26916"}],"wp:attachment":[{"href":"https:\/\/www.ferberpainting.com\/ca-fr\/wp-json\/wp\/v2\/media?parent=25057"}],"wp:term":[{"taxonomy":"product_brand","embeddable":true,"href":"https:\/\/www.ferberpainting.com\/ca-fr\/wp-json\/wp\/v2\/product_brand?post=25057"},{"taxonomy":"product_cat","embeddable":true,"href":"https:\/\/www.ferberpainting.com\/ca-fr\/wp-json\/wp\/v2\/product_cat?post=25057"},{"taxonomy":"product_tag","embeddable":true,"href":"https:\/\/www.ferberpainting.com\/ca-fr\/wp-json\/wp\/v2\/product_tag?post=25057"}],"curies":[{"name":"wp","href":"https:\/\/api.w.org\/{rel}","templated":true}]}}