{"id":23787,"date":"2025-05-26T10:25:31","date_gmt":"2025-05-26T08:25:31","guid":{"rendered":"https:\/\/www.ferberpainting.com\/products\/leather-varnish\/"},"modified":"2026-02-15T20:37:27","modified_gmt":"2026-02-15T19:37:27","slug":"leather-varnish","status":"publish","type":"product","link":"https:\/\/www.ferberpainting.com\/ca-fr\/products\/leather-varnish\/","title":{"rendered":"Vernis pour cuir"},"content":{"rendered":"<p><strong><img decoding=\"async\" style=\"margin-right: 12px;\" src=\"https:\/\/www.ferberpainting.com\/wp-content\/uploads\/2026\/02\/Check.svg\" alt=\"\" width=\"18\" height=\"15\" \/>Protection et am\u00e9lioration du cuir.<\/strong>\u00a0Ce vernis pour cuir est sp\u00e9cialement con\u00e7u pour prot\u00e9ger et raviver les surfaces en cuir en leur apportant une finition durable et r\u00e9sistante. Il forme un film protecteur invisible qui pr\u00e9serve l'\u00e9clat du cuir, le prot\u00e8ge contre l'usure, l'humidit\u00e9 et les taches tout en offrant une finition satin\u00e9e ou brillante selon l'application. Convient aux cuirs neufs comme aux cuirs plus anciens \u00e0 r\u00e9nover.<\/p>\n<p><strong><img decoding=\"async\" style=\"margin-right: 12px;\" src=\"https:\/\/www.ferberpainting.com\/wp-content\/uploads\/2026\/02\/Check.svg\" alt=\"\" width=\"18\" height=\"15\" \/>Garantie de remboursement.<\/strong>\u00a0Nous sommes convaincus de l'efficacit\u00e9 de notre vernis pour cuir, c'est pourquoi nous offrons une garantie de remboursement. Si le produit ne r\u00e9pond pas \u00e0 vos attentes apr\u00e8s application selon nos recommandations, vous pouvez demander un remboursement inconditionnel, ce qui vous assure un achat s\u00fbr et sans souci.<\/p>\n<p><strong><img decoding=\"async\" style=\"margin-right: 12px;\" src=\"https:\/\/www.ferberpainting.com\/wp-content\/uploads\/2026\/02\/Check.svg\" alt=\"\" width=\"18\" height=\"15\" \/>Compatible avec diff\u00e9rents types de cuir et de mat\u00e9riaux similaires.<\/strong>\u00a0Ce vernis est id\u00e9al pour le cuir naturel, le cuir synth\u00e9tique, le faux cuir et le vinyle. Il peut \u00eatre utilis\u00e9 sur les chaussures, les sacs, les v\u00eatements, les si\u00e8ges de voiture, les canap\u00e9s, les selles de moto et tout autre article en cuir n\u00e9cessitant une protection suppl\u00e9mentaire et une finition soign\u00e9e.<\/p>\n<p><strong><img decoding=\"async\" style=\"margin-right: 12px;\" src=\"https:\/\/www.ferberpainting.com\/wp-content\/uploads\/2026\/02\/Check.svg\" alt=\"\" width=\"18\" height=\"15\" \/>Efficacit\u00e9 \u00e9conomique et couverture optimis\u00e9e.<\/strong>\u00a0Gr\u00e2ce \u00e0 sa formule concentr\u00e9e, 1 litre de vernis permet de traiter entre 8 et 12 m\u00b2 de cuir, en fonction de l'absorption du mat\u00e9riau et de l'\u00e9paisseur de la couche appliqu\u00e9e. Son haut pouvoir couvrant assure une protection efficace avec une utilisation minimale de produit, ce qui rend chaque application \u00e9conomique et durable.<\/p>\n<p><strong><img decoding=\"async\" style=\"margin-right: 12px;\" src=\"https:\/\/www.ferberpainting.com\/wp-content\/uploads\/2026\/02\/Check.svg\" alt=\"\" width=\"18\" height=\"15\" \/>Un produit s\u00fbr et non toxique.<\/strong>\u00a0Formul\u00e9 sans ingr\u00e9dients agressifs susceptibles d'endommager le cuir, ce vernis n'alt\u00e8re ni la souplesse ni la texture de la mati\u00e8re. Il ne jaunit pas, ne colle pas et ne craque pas, garantissant ainsi un cuir souple et r\u00e9sistant, sans danger pour les utilisateurs.<\/p>\n<p><strong><img decoding=\"async\" style=\"margin-right: 12px;\" src=\"https:\/\/www.ferberpainting.com\/wp-content\/uploads\/2026\/02\/Check.svg\" alt=\"\" width=\"18\" height=\"15\" \/>Application facile pour une finition impeccable.<\/strong>\u00a0Ce vernis est pr\u00eat \u00e0 l'emploi et s'applique simplement \u00e0 l'aide d'un chiffon doux, d'une \u00e9ponge ou d'un tampon applicateur, ce qui garantit une r\u00e9partition uniforme et des r\u00e9sultats professionnels sans n\u00e9cessiter d'outils sp\u00e9cifiques. Il p\u00e9n\u00e8tre efficacement dans les pores du cuir et s\u00e8che sans laisser de traces, offrant une finition lisse et \u00e9l\u00e9gante.<\/p>\n<p><strong><img decoding=\"async\" style=\"margin-right: 12px;\" src=\"https:\/\/www.ferberpainting.com\/wp-content\/uploads\/2026\/02\/Check.svg\" alt=\"\" width=\"18\" height=\"15\" \/>Durabilit\u00e9 et r\u00e9sistance aux agressions ext\u00e9rieures.<\/strong>\u00a0Une fois appliqu\u00e9 et s\u00e9ch\u00e9, ce vernis prot\u00e8ge le cuir contre les frottements, les rayures, l'humidit\u00e9, les taches et la poussi\u00e8re. Il prolonge la dur\u00e9e de vie des articles en cuir en pr\u00e9servant leur aspect et en les rendant plus r\u00e9sistants aux conditions ext\u00e9rieures et \u00e0 un usage intensif.<\/p>\n<p><strong><img decoding=\"async\" style=\"margin-right: 12px;\" src=\"https:\/\/www.ferberpainting.com\/wp-content\/uploads\/2026\/02\/Check.svg\" alt=\"\" width=\"18\" height=\"15\" \/>S\u00e9chage rapide pour une utilisation imm\u00e9diate.<\/strong>\u00a0Gr\u00e2ce \u00e0 sa formule \u00e0 s\u00e9chage rapide, ce vernis s\u00e8che au toucher en 30 \u00e0 60 minutes et atteint une r\u00e9sistance optimale apr\u00e8s 24 heures. Il permet de r\u00e9nover rapidement le cuir sans immobiliser l'objet trait\u00e9 pendant une p\u00e9riode prolong\u00e9e, ce qui est id\u00e9al pour des applications rapides sur des accessoires de tous les jours.<\/p>\n<h2><strong>Protocole d'utilisation<\/strong><\/h2>\n<ul>\n<li><strong>Pr\u00e9paration du cuir <\/strong>: Nettoyez soigneusement la surface avec un chiffon doux pour enlever la poussi\u00e8re et les impuret\u00e9s. Si le cuir est tr\u00e8s sale, utilisez un nettoyant doux sp\u00e9cifique avant d'appliquer le vernis. Laissez-le s\u00e9cher compl\u00e8tement avant de passer \u00e0 l'\u00e9tape suivante.<\/li>\n<li><strong>Dosage recommand\u00e9 <\/strong>: Verser une petite quantit\u00e9 de vernis sur un chiffon, une \u00e9ponge ou un tampon d'application propre. Une quantit\u00e9 mod\u00e9r\u00e9e suffit pour couvrir une grande surface sans exc\u00e8s, \u00e9vitant ainsi les accumulations.<\/li>\n<li><strong>Application du vernis <\/strong>: Tamponner d\u00e9licatement la surface en effectuant des mouvements circulaires pour r\u00e9partir uniform\u00e9ment le produit et \u00e9viter les traces. \u00c9viter de saturer le cuir pour assurer une absorption uniforme et une finition naturelle.<\/li>\n<li><strong>Temps de s\u00e9chage <\/strong>: Laisser s\u00e9cher pendant 30 \u00e0 60 minutes avant de manipuler le cuir. Pour une r\u00e9sistance optimale et une protection renforc\u00e9e, attendre 24 heures avant d'exposer le cuir aux frottements ou \u00e0 l'humidit\u00e9.<\/li>\n<li><strong>Finition et entretien <\/strong>: Une fois le vernis sec, lustrer l\u00e9g\u00e8rement avec un chiffon doux pour rehausser la brillance et homog\u00e9n\u00e9iser la finition. Pour un entretien r\u00e9gulier, un simple coup de chiffon sec suffit \u00e0 raviver l'\u00e9clat du cuir.<\/li>\n<li><strong>Nettoyage des outils <\/strong>: Imm\u00e9diatement apr\u00e8s l'application, nettoyer le chiffon ou l'\u00e9ponge avec un solvant appropri\u00e9 pour \u00e9viter le durcissement et permettre la r\u00e9utilisation dans des applications futures.<\/li>\n<\/ul>","protected":false},"excerpt":{"rendered":"<p>Leather Protection and Enhancement.\u00a0This leather varnish is specially designed to protect and revive leather surfaces by providing a durable and resistant finish. It forms an invisible protective film that preserves the leather&#8217;s shine, protects it against wear, moisture, and stains while offering a satin or glossy finish depending on the application. Suitable for new leather [&hellip;]<\/p>\n","protected":false},"featured_media":26251,"comment_status":"open","ping_status":"closed","template":"","meta":{"_uag_custom_page_level_css":"","site-sidebar-layout":"default","site-content-layout":"","ast-site-content-layout":"default","site-content-style":"default","site-sidebar-style":"default","ast-global-header-display":"","ast-banner-title-visibility":"","ast-main-header-display":"","ast-hfb-above-header-display":"","ast-hfb-below-header-display":"","ast-hfb-mobile-header-display":"","site-post-title":"","ast-breadcrumbs-content":"","ast-featured-img":"","footer-sml-layout":"","ast-disable-related-posts":"","theme-transparent-header-meta":"default","adv-header-id-meta":"","stick-header-meta":"","header-above-stick-meta":"","header-main-stick-meta":"","header-below-stick-meta":"","astra-migrate-meta-layouts":"set","ast-page-background-enabled":"default","ast-page-background-meta":{"desktop":{"background-color":"var(--ast-global-color-4)","background-image":"","background-repeat":"repeat","background-position":"center center","background-size":"auto","background-attachment":"scroll","background-type":"","background-media":"","overlay-type":"","overlay-color":"","overlay-opacity":"","overlay-gradient":""},"tablet":{"background-color":"","background-image":"","background-repeat":"repeat","background-position":"center center","background-size":"auto","background-attachment":"scroll","background-type":"","background-media":"","overlay-type":"","overlay-color":"","overlay-opacity":"","overlay-gradient":""},"mobile":{"background-color":"","background-image":"","background-repeat":"repeat","background-position":"center center","background-size":"auto","background-attachment":"scroll","background-type":"","background-media":"","overlay-type":"","overlay-color":"","overlay-opacity":"","overlay-gradient":""}},"ast-content-background-meta":{"desktop":{"background-color":"var(--ast-global-color-5)","background-image":"","background-repeat":"repeat","background-position":"center center","background-size":"auto","background-attachment":"scroll","background-type":"","background-media":"","overlay-type":"","overlay-color":"","overlay-opacity":"","overlay-gradient":""},"tablet":{"background-color":"var(--ast-global-color-5)","background-image":"","background-repeat":"repeat","background-position":"center center","background-size":"auto","background-attachment":"scroll","background-type":"","background-media":"","overlay-type":"","overlay-color":"","overlay-opacity":"","overlay-gradient":""},"mobile":{"background-color":"var(--ast-global-color-5)","background-image":"","background-repeat":"repeat","background-position":"center center","background-size":"auto","background-attachment":"scroll","background-type":"","background-media":"","overlay-type":"","overlay-color":"","overlay-opacity":"","overlay-gradient":""}}},"product_brand":[],"product_cat":[190],"product_tag":[],"class_list":{"0":"post-23787","1":"product","2":"type-product","3":"status-publish","4":"has-post-thumbnail","6":"product_cat-varnish","7":"desktop-align-left","8":"tablet-align-left","9":"mobile-align-left","11":"first","12":"instock","13":"sale","14":"shipping-taxable","15":"purchasable","16":"product-type-variable","17":"has-default-attributes"},"spectra_custom_meta":{"_visibility":["visible"],"_shopify_product_id":["9060340891893"],"_s2w_shopify_domain":["ferberpainting.myshopify.com"],"_shopify_variant_id":["46483095519477"],"_sku":[""],"_manage_stock":["no"],"total_sales":["24"],"_tax_status":["taxable"],"_tax_class":[""],"_backorders":["no"],"_sold_individually":["no"],"_virtual":["no"],"_downloadable":["no"],"_download_limit":["-1"],"_download_expiry":["-1"],"_stock":[null],"_stock_status":["instock"],"_wc_average_rating":["4.50"],"_wc_review_count":["6"],"_product_attributes":["a:1:{s:6:\"volume\";a:6:{s:4:\"name\";s:6:\"Volume\";s:5:\"value\";s:20:\"5 liters | 25 liters\";s:8:\"position\";i:1;s:10:\"is_visible\";i:0;s:12:\"is_variation\";i:1;s:11:\"is_taxonomy\";i:0;}}"],"_product_version":["10.5.1"],"_thumbnail_id":["26251"],"_product_image_gallery":["26252"],"wpse_downloadable_file_names":[""],"wpse_downloadable_file_urls":[""],"_edit_last":["1"],"_default_attributes":["a:1:{s:6:\"volume\";s:8:\"5 liters\";}"],"_edit_lock":["1771184304:1"],"merchant-center-availability":["yes"],"merchant-center-category":["503738"],"_price":["29.90","129.90"],"_wp_page_template":["default"],"site-sidebar-layout":["default"],"ast-site-content-layout":["default"],"site-content-style":["default"],"site-sidebar-style":["default"],"theme-transparent-header-meta":["default"],"_wc_rating_count":["a:2:{i:4;i:3;i:5;i:3;}"],"astra-migrate-meta-layouts":["set"],"_uag_css_file_name":["uag-css-23787.css"],"_elementor_page_assets":["a:0:{}"],"_uag_page_assets":["a:9:{s:3:\"css\";s:7133:\".uag-blocks-common-selector{z-index:var(--z-index-desktop) !important}@media(max-width: 976px){.uag-blocks-common-selector{z-index:var(--z-index-tablet) !important}}@media(max-width: 767px){.uag-blocks-common-selector{z-index:var(--z-index-mobile) !important}}.wp-block-uagb-image{display:flex}.wp-block-uagb-image__figure{position:relative;display:flex;flex-direction:column;max-width:100%;height:auto;margin:0}.wp-block-uagb-image__figure img{height:auto;display:flex;max-width:100%;transition:box-shadow .2s ease}.wp-block-uagb-image__figure>a{display:inline-block}.wp-block-uagb-image__figure figcaption{text-align:center;margin-top:.5em;margin-bottom:1em}.wp-block-uagb-image .components-placeholder.block-editor-media-placeholder .components-placeholder__instructions{align-self:center}.wp-block-uagb-image--align-left{text-align:left}.wp-block-uagb-image--align-right{text-align:right}.wp-block-uagb-image--align-center{text-align:center}.wp-block-uagb-image--align-full .wp-block-uagb-image__figure{margin-left:calc(50% - 50vw);margin-right:calc(50% - 50vw);max-width:100vw;width:100vw;height:auto}.wp-block-uagb-image--align-full .wp-block-uagb-image__figure img{height:auto;width:100% !important}.wp-block-uagb-image--align-wide .wp-block-uagb-image__figure img{height:auto;width:100%}.wp-block-uagb-image--layout-overlay__color-wrapper{position:absolute;left:0;top:0;right:0;bottom:0;opacity:.2;background:rgba(0,0,0,.5);transition:opacity .35s ease-in-out}.wp-block-uagb-image--layout-overlay-link{position:absolute;left:0;right:0;bottom:0;top:0}.wp-block-uagb-image--layout-overlay .wp-block-uagb-image__figure:hover .wp-block-uagb-image--layout-overlay__color-wrapper{opacity:1}.wp-block-uagb-image--layout-overlay__inner{position:absolute;left:15px;right:15px;bottom:15px;top:15px;display:flex;align-items:center;justify-content:center;flex-direction:column;border-color:#fff;transition:.35s ease-in-out}.wp-block-uagb-image--layout-overlay__inner.top-left,.wp-block-uagb-image--layout-overlay__inner.top-center,.wp-block-uagb-image--layout-overlay__inner.top-right{justify-content:flex-start}.wp-block-uagb-image--layout-overlay__inner.bottom-left,.wp-block-uagb-image--layout-overlay__inner.bottom-center,.wp-block-uagb-image--layout-overlay__inner.bottom-right{justify-content:flex-end}.wp-block-uagb-image--layout-overlay__inner.top-left,.wp-block-uagb-image--layout-overlay__inner.center-left,.wp-block-uagb-image--layout-overlay__inner.bottom-left{align-items:flex-start}.wp-block-uagb-image--layout-overlay__inner.top-right,.wp-block-uagb-image--layout-overlay__inner.center-right,.wp-block-uagb-image--layout-overlay__inner.bottom-right{align-items:flex-end}.wp-block-uagb-image--layout-overlay__inner .uagb-image-heading{color:#fff;transition:transform .35s,opacity .35s ease-in-out;transform:translate3d(0, 24px, 0);margin:0;line-height:1em}.wp-block-uagb-image--layout-overlay__inner .uagb-image-separator{width:30%;border-top-width:2px;border-top-color:#fff;border-top-style:solid;margin-bottom:10px;opacity:0;transition:transform .4s,opacity .4s ease-in-out;transform:translate3d(0, 30px, 0)}.wp-block-uagb-image--layout-overlay__inner .uagb-image-caption{opacity:0;overflow:visible;color:#fff;transition:transform .45s,opacity .45s ease-in-out;transform:translate3d(0, 35px, 0)}.wp-block-uagb-image--layout-overlay__inner:hover .uagb-image-heading,.wp-block-uagb-image--layout-overlay__inner:hover .uagb-image-separator,.wp-block-uagb-image--layout-overlay__inner:hover .uagb-image-caption{opacity:1;transform:translate3d(0, 0, 0)}.wp-block-uagb-image--effect-zoomin .wp-block-uagb-image__figure img,.wp-block-uagb-image--effect-zoomin .wp-block-uagb-image__figure .wp-block-uagb-image--layout-overlay__color-wrapper{transform:scale(1);transition:transform .35s ease-in-out}.wp-block-uagb-image--effect-zoomin .wp-block-uagb-image__figure:hover img,.wp-block-uagb-image--effect-zoomin .wp-block-uagb-image__figure:hover .wp-block-uagb-image--layout-overlay__color-wrapper{transform:scale(1.05)}.wp-block-uagb-image--effect-slide .wp-block-uagb-image__figure img,.wp-block-uagb-image--effect-slide .wp-block-uagb-image__figure .wp-block-uagb-image--layout-overlay__color-wrapper{width:calc(100% + 40px) !important;max-width:none !important;transform:translate3d(-40px, 0, 0);transition:transform .35s ease-in-out}.wp-block-uagb-image--effect-slide .wp-block-uagb-image__figure:hover img,.wp-block-uagb-image--effect-slide .wp-block-uagb-image__figure:hover .wp-block-uagb-image--layout-overlay__color-wrapper{transform:translate3d(0, 0, 0)}.wp-block-uagb-image--effect-grayscale img{filter:grayscale(0%);transition:.35s ease-in-out}.wp-block-uagb-image--effect-grayscale:hover img{filter:grayscale(100%)}.wp-block-uagb-image--effect-blur img{filter:blur(0);transition:.35s ease-in-out}.wp-block-uagb-image--effect-blur:hover img{filter:blur(3px)}.uagb-block-e6f939b3.wp-block-uagb-image--layout-default figure img{box-shadow: 0px 0px 0 #00000070;}.uagb-block-e6f939b3.wp-block-uagb-image .wp-block-uagb-image__figure figcaption{font-style: normal;align-self: center;}.uagb-block-e6f939b3.wp-block-uagb-image--layout-overlay figure img{box-shadow: 0px 0px 0 #00000070;}.uagb-block-e6f939b3.wp-block-uagb-image--layout-overlay .wp-block-uagb-image--layout-overlay__color-wrapper{opacity: 0.2;}.uagb-block-e6f939b3.wp-block-uagb-image--layout-overlay .wp-block-uagb-image--layout-overlay__inner{left: 15px;right: 15px;top: 15px;bottom: 15px;}.uagb-block-e6f939b3.wp-block-uagb-image--layout-overlay .wp-block-uagb-image--layout-overlay__inner .uagb-image-heading{font-style: normal;color: #fff;opacity: 1;}.uagb-block-e6f939b3.wp-block-uagb-image--layout-overlay .wp-block-uagb-image--layout-overlay__inner .uagb-image-heading a{color: #fff;}.uagb-block-e6f939b3.wp-block-uagb-image--layout-overlay .wp-block-uagb-image--layout-overlay__inner .uagb-image-caption{opacity: 0;}.uagb-block-e6f939b3.wp-block-uagb-image--layout-overlay .wp-block-uagb-image__figure:hover .wp-block-uagb-image--layout-overlay__color-wrapper{opacity: 1;}.uagb-block-e6f939b3.wp-block-uagb-image .wp-block-uagb-image--layout-overlay__inner .uagb-image-separator{width: 30%;border-top-width: 2px;border-top-color: #fff;opacity: 0;}.uagb-block-e6f939b3.wp-block-uagb-image .wp-block-uagb-image__figure img{width: px;height: auto;}.uagb-block-e6f939b3.wp-block-uagb-image .wp-block-uagb-image__figure:hover .wp-block-uagb-image--layout-overlay__inner .uagb-image-caption{opacity: 1;}.uagb-block-e6f939b3.wp-block-uagb-image .wp-block-uagb-image__figure:hover .wp-block-uagb-image--layout-overlay__inner .uagb-image-separator{opacity: 1;}.uagb-block-e6f939b3.wp-block-uagb-image--layout-default figure:hover img{box-shadow: 0px 0px 0 #00000070;}.uagb-block-e6f939b3.wp-block-uagb-image--layout-overlay figure:hover img{box-shadow: 0px 0px 0 #00000070;}@media only screen and (max-width: 976px) {.uagb-block-e6f939b3.wp-block-uagb-image .wp-block-uagb-image__figure img{width: px;height: auto;}}@media only screen and (max-width: 767px) {.uagb-block-e6f939b3.wp-block-uagb-image .wp-block-uagb-image__figure img{width: px;height: auto;}}\";s:2:\"js\";s:0:\"\";s:18:\"current_block_list\";a:13:{i:0;s:11:\"core\/search\";i:1;s:10:\"core\/group\";i:2;s:12:\"core\/heading\";i:3;s:17:\"core\/latest-posts\";i:4;s:20:\"core\/latest-comments\";i:5;s:13:\"core\/archives\";i:6;s:15:\"core\/categories\";i:7;s:14:\"core\/paragraph\";i:8;s:10:\"uagb\/image\";i:9;s:11:\"core\/spacer\";i:10;s:30:\"woocommerce\/product-categories\";i:11;s:10:\"core\/image\";i:12;s:14:\"core\/shortcode\";}s:8:\"uag_flag\";b:1;s:11:\"uag_version\";s:10:\"1777088401\";s:6:\"gfonts\";a:0:{}s:10:\"gfonts_url\";s:0:\"\";s:12:\"gfonts_files\";a:0:{}s:14:\"uag_faq_layout\";b:0;}"]},"uagb_featured_image_src":{"full":["https:\/\/www.ferberpainting.com\/wp-content\/uploads\/2025\/05\/LeatherVarnish5L.png",2560,2560,false],"thumbnail":["https:\/\/www.ferberpainting.com\/wp-content\/uploads\/2025\/05\/LeatherVarnish5L-150x150.png",150,150,true],"medium":["https:\/\/www.ferberpainting.com\/wp-content\/uploads\/2025\/05\/LeatherVarnish5L-300x300.png",300,300,true],"medium_large":["https:\/\/www.ferberpainting.com\/wp-content\/uploads\/2025\/05\/LeatherVarnish5L-768x768.png",768,768,true],"large":["https:\/\/www.ferberpainting.com\/wp-content\/uploads\/2025\/05\/LeatherVarnish5L-1024x1024.png",1024,1024,true],"1536x1536":["https:\/\/www.ferberpainting.com\/wp-content\/uploads\/2025\/05\/LeatherVarnish5L-1536x1536.png",1536,1536,true],"2048x2048":["https:\/\/www.ferberpainting.com\/wp-content\/uploads\/2025\/05\/LeatherVarnish5L-2048x2048.png",2048,2048,true],"trp-custom-language-flag":["https:\/\/www.ferberpainting.com\/wp-content\/uploads\/2025\/05\/LeatherVarnish5L-12x12.png",12,12,true],"woocommerce_thumbnail":["https:\/\/www.ferberpainting.com\/wp-content\/uploads\/2025\/05\/LeatherVarnish5L-300x300.png",300,300,true],"woocommerce_single":["https:\/\/www.ferberpainting.com\/wp-content\/uploads\/2025\/05\/LeatherVarnish5L-600x600.png",600,600,true],"woocommerce_gallery_thumbnail":["https:\/\/www.ferberpainting.com\/wp-content\/uploads\/2025\/05\/LeatherVarnish5L-100x100.png",100,100,true]},"uagb_author_info":{"display_name":"admin","author_link":"https:\/\/www.ferberpainting.com\/ca-fr\/author\/"},"uagb_comment_info":6,"uagb_excerpt":"Leather Protection and Enhancement.\u00a0This leather varnish is specially designed to protect and revive leather surfaces by providing a durable and resistant finish. It forms an invisible protective film that preserves the leather&#8217;s shine, protects it against wear, moisture, and stains while offering a satin or glossy finish depending on the application. Suitable for new leather&hellip;","_links":{"self":[{"href":"https:\/\/www.ferberpainting.com\/ca-fr\/wp-json\/wp\/v2\/product\/23787","targetHints":{"allow":["GET"]}}],"collection":[{"href":"https:\/\/www.ferberpainting.com\/ca-fr\/wp-json\/wp\/v2\/product"}],"about":[{"href":"https:\/\/www.ferberpainting.com\/ca-fr\/wp-json\/wp\/v2\/types\/product"}],"replies":[{"embeddable":true,"href":"https:\/\/www.ferberpainting.com\/ca-fr\/wp-json\/wp\/v2\/comments?post=23787"}],"version-history":[{"count":3,"href":"https:\/\/www.ferberpainting.com\/ca-fr\/wp-json\/wp\/v2\/product\/23787\/revisions"}],"predecessor-version":[{"id":166472,"href":"https:\/\/www.ferberpainting.com\/ca-fr\/wp-json\/wp\/v2\/product\/23787\/revisions\/166472"}],"wp:featuredmedia":[{"embeddable":true,"href":"https:\/\/www.ferberpainting.com\/ca-fr\/wp-json\/wp\/v2\/media\/26251"}],"wp:attachment":[{"href":"https:\/\/www.ferberpainting.com\/ca-fr\/wp-json\/wp\/v2\/media?parent=23787"}],"wp:term":[{"taxonomy":"product_brand","embeddable":true,"href":"https:\/\/www.ferberpainting.com\/ca-fr\/wp-json\/wp\/v2\/product_brand?post=23787"},{"taxonomy":"product_cat","embeddable":true,"href":"https:\/\/www.ferberpainting.com\/ca-fr\/wp-json\/wp\/v2\/product_cat?post=23787"},{"taxonomy":"product_tag","embeddable":true,"href":"https:\/\/www.ferberpainting.com\/ca-fr\/wp-json\/wp\/v2\/product_tag?post=23787"}],"curies":[{"name":"wp","href":"https:\/\/api.w.org\/{rel}","templated":true}]}}